{"id":6495,"date":"2016-04-28T04:15:28","date_gmt":"2016-04-28T04:15:28","guid":{"rendered":"http:\/\/www.humanium.org\/de\/?page_id=6495"},"modified":"2025-12-06T06:19:25","modified_gmt":"2025-12-06T06:19:25","slug":"vietnam","status":"publish","type":"page","link":"https:\/\/www.humanium.org\/de\/vietnam\/","title":{"rendered":"Kinder in Vietnam"},"content":{"rendered":"<h1>Kinder in Vietnam<\/h1>\n<h2>Die Verwirklichung der Kinderrechte in Vietnam<\/h2>\n<p style=\"text-align: center;\"><img loading=\"lazy\" decoding=\"async\" class=\"alignnone size-full wp-image-17257\" title=\"Vietnamese girl \u00a9 CONFUSER (flickr)\" src=\"https:\/\/www.humanium.org\/fr\/wp-content\/uploads\/2011\/12\/fillette-confuser-flickr.jpg\" alt=\"\" width=\"167\" height=\"200\" \/> <img loading=\"lazy\" decoding=\"async\" class=\"alignnone wp-image-17258\" title=\"Vietnamese boy \u00a9 Mark Heard (flickr)\" src=\"https:\/\/www.humanium.org\/fr\/wp-content\/uploads\/2011\/12\/garcon-mark-heard-flickr.jpg\" alt=\"\" width=\"138\" height=\"200\" \/><\/p>\n<p>Nach dem Krieg hat Vietnam ein starkes Bev\u00f6lkerungswachstum erfahren. Dieses hat dazu beigetragen den Zugang zu Dienstleistungen f\u00fcr einen Teil der Bev\u00f6lkerung erheblich zu erschweren. Das Land leidet au\u00dferdem unter vielen Naturkatastrophen. Trotz Erdbeben, \u00dcberschwemmungen und Tsunamis hat Vietnam es bisweilen noch immer &#8211; gegen alle Erwartungen &#8211; aus diesen aufeinanderfolgenden Krisen heraus geschafft, die meist nur die Armut verst\u00e4rkten.<\/p>\n<h3>Hauptprobleme, mit denen Kinder in Vietnam konfrontiert sind:<\/h3>\n<p><strong><a href=\"https:\/\/www.humanium.org\/en\/poor-children\/\">Armut<\/a><img loading=\"lazy\" decoding=\"async\" class=\"alignright size-full wp-image-17328\" title=\"The population residing in remote areas and in the mountains live in very precarious conditions. \u00a9 Hanoi Mark (flickr)\" src=\"https:\/\/www.humanium.org\/fr\/wp-content\/uploads\/2011\/12\/pauvrete-hanoi-mark-flickr.jpg\" alt=\"\" width=\"170\" height=\"213\" \/><\/strong><\/p>\n<p>Seit 20 Jahren hat Vietnam beachtliche Fortschritte beim Kampf gegen Armut gemacht. Trotzdem ist das Wachstum noch weit davon entfernt, ausgegrenzte Bev\u00f6lkerungsgruppen, die in abgelegenen Regionen leben, wie den Gebirgen im Norden, den Hochplateaus im Zentrum und rund um das Mekong Delta, zu erreichen.<\/p>\n<p><strong><a href=\"https:\/\/www.humanium.org\/de\/das-recht-auf-gesundheit\/\">Gesundheit<\/a><\/strong><\/p>\n<p>Vietnam erlebt ein starkes Bev\u00f6lkerungswachstum. Die Bed\u00fcrfnisse und <a href=\"https:\/\/www.humanium.org\/de\/das-recht-auf-gesundheit\/\">Gesundheitsdienste<\/a> werden mehr und mehr von der vietnamesischen Bev\u00f6lkerung nachgefragt. Im Jahr 2008 profitierten nur 42% der Bev\u00f6lkerung von einer Abdeckung durch das Gesundheitssystem. Heute k\u00f6nnen alle Kinder unter 6 Jahren kostenlos das Gesundheitssystem nutzen, aber der Zugang bleibt weiterhin sehr ungleich.<\/p>\n<p>Letztendlich wird der vietnamesische <a href=\"https:\/\/www.humanium.org\/de\/das-recht-auf-gesundheit\/\">Gesundheitssektor<\/a> haupts\u00e4chlich durch internationale Organisationen subventioniert.<\/p>\n<p><strong><a href=\"https:\/\/www.humanium.org\/de\/recht-bildung\/\">Bildung<\/a><\/strong><\/p>\n<p><img loading=\"lazy\" decoding=\"async\" class=\"alignright size-full wp-image-17329\" title=\"A high school education is not accessible for many families. \u00a9 Helen Flamme (flickr)\" src=\"https:\/\/www.humanium.org\/fr\/wp-content\/uploads\/2011\/12\/education-helen-flamme-flickr.jpg\" alt=\"\" width=\"180\" height=\"173\" \/>In Vietnam wurden wichtige Fortschritte gemacht, sodass alle Kinder <a href=\"https:\/\/www.humanium.org\/de\/recht-bildung\/\">Zugang zu Bildung<\/a> haben k\u00f6nnen. Die Grundschule ist offiziell kostenlos und erlaubt es mehr als 96% der Kinder zwischen 6 und 11 Jahren Zugang zu Unterricht zu haben.<\/p>\n<p>Trotzdem bleibt die Unterrichtsbesuchsrate in der weiterf\u00fchrenden Schule deutlich niedrig. Die Studiengeb\u00fchren sind sehr viel teurer. Sie werden auf mehr als 960 US Dollar pro Jahr gesch\u00e4tzt, bei dieser <a href=\"https:\/\/www.humanium.org\/de\/recht-bildung\/\">Summe<\/a> ist es unm\u00f6glich f\u00fcr arme Familien, die im Durchschnitt 240 US Dollar verdienen, Zugang zu haben.<\/p>\n<p><strong><a href=\"https:\/\/www.humanium.org\/de\/kinderprostitution\/\">Kinderprostitution<\/a><\/strong>Obwohl Prostitution verboten ist, verbreitet sie sich immer mehr auf den Stra\u00dfen in den gro\u00dfen vietnamesischen St\u00e4dten. Die <a href=\"https:\/\/www.humanium.org\/de\/kinderprostitution\/\">Prostitution von Kindern<\/a> steigt konstant. Heute liegt die Zahl der Kinderprostituierten bei ungef\u00e4hr 40\u00a0000 Kindern. Diese Kinder erhalten im Durchschnitt 10 Dollar pro Leistung.<\/p>\n<p>Diese Kinder arbeiten tags\u00fcber in Lebensmittell\u00e4den oder Restaurants und werden abends von den Besitzern der Einrichtungen als Prostituierte auf die Stra\u00dfe geschickt.<\/p>\n<p>Oft macht die <a href=\"https:\/\/www.humanium.org\/de\/kinderprostitution\/\">Prostitution<\/a> nicht vor den Grenzen des Landes halt. Viele Kinder sind Opfer des <a href=\"https:\/\/www.humanium.org\/de\/kinderhandel\/\">Kinderhandels<\/a> und werden in andere L\u00e4nder geschickt, um dort <a href=\"https:\/\/www.humanium.org\/de\/die-sexuelle-ausbeutung-von-kindern\/\">sexuell ausgebeutet zu werden<\/a>. In Kambodscha zum Beispiel kommt ein Drittel der Kinderprostituierten aus Vietnam.<\/p>\n<p><strong><a href=\"https:\/\/www.humanium.org\/de\/strasenkinder\/\">Stra\u00dfenkinder<\/a><\/strong><\/p>\n<p><img loading=\"lazy\" decoding=\"async\" class=\"alignright size-full wp-image-17330\" title=\"More than 65,000 children roam the streets of the major cities of Vietnam. \u00a9 Haechoo (flickr)\" src=\"https:\/\/www.humanium.org\/fr\/wp-content\/uploads\/2011\/12\/rue-haechoo-flickr.jpg\" alt=\"\" width=\"230\" height=\"153\" \/>Laut Sch\u00e4tzungen irren mehr als 65\u00a0000 Kinder in den gr\u00f6\u00dferen vietnamesischen St\u00e4dten umher, 7600 davon in der Hauptstadt und mehr als 18\u00a0000 in Ho Chi Minh-Stadt.<\/p>\n<p>Dieses Ph\u00e4nomen ist den Beh\u00f6rden bereits aufgefallen, daher versuchen sie bei jedem gro\u00dfen Event das Elend zu verstecken, indem sie die <a href=\"https:\/\/www.humanium.org\/de\/strasenkinder\/\">Stra\u00dfenkinder <\/a>in Sozialzentren verstecken. Viele Inhaftierungskampagnen wurden in den letzten Jahren von den Beh\u00f6rden durchgef\u00fchrt. Viele Kinder mussten dies miterleben und wurden Opfer dieser Inhaftierungen.<\/p>\n<p><strong><a href=\"https:\/\/www.humanium.org\/de\/kinderarbeit-2\/\">Kinderarbeit<\/a><\/strong><\/p>\n<p><img loading=\"lazy\" decoding=\"async\" class=\"alignright size-full wp-image-17331\" title=\"Children carrying rice. \u00a9Jonwick (flickr)\" src=\"https:\/\/www.humanium.org\/fr\/wp-content\/uploads\/2011\/12\/travail-jonwick-flickr.jpg\" alt=\"\" width=\"200\" height=\"221\" \/>Mehr als 16% der Kinder zwischen 5 und 14 Jahren arbeiten. Das Mindestarbeitsalter liegt bei 15 Jahren (18 Jahre f\u00fcr gef\u00e4hrliche Arbeiten), aber es existieren einige Ausnahmen f\u00fcr bestimmte Arbeiten, wie beispielsweise traditionelle Sportarten und k\u00fcnstlerische Aktivit\u00e4ten.<\/p>\n<p>Einige Kinder arbeiten also legal in den traditionellen K\u00fcnstlerd\u00f6rfern, den Saisonunternehmen und in der Gastronomie. Trotzdem sind die <a href=\"https:\/\/www.humanium.org\/de\/kinderarbeit-2\/\">Arbeitsbedingungen<\/a> nicht angepasst (\u00dcberstunden, zunehmend beschwerliche Arbeiten).<\/p>\n<p>Die Mehrheit der Kinder werden eingestellt, um illegale Arbeiten auszuf\u00fchren, wie z. B. <a href=\"https:\/\/www.humanium.org\/de\/kinderprostitution\/\">Prostitution<\/a>, Anwerbung von Kunden, Drogenhandel oder fliegender Handel.<\/p>\n<p><strong><a href=\"https:\/\/www.humanium.org\/de\/staatenlos-und-unsichtbar\/\">Staatenlose und Unsichtbare<\/a><\/strong><\/p>\n<p>In Vietnam werden ca. jedes Jahr 12% der Kinder nicht nach der Geburt erfasst. Manche nicht verheirateten Frauen lassen ihre Kinder aus Scham nicht erfassen. Sie werden f\u00e4lschlicherweise davon \u00fcberzeugt, dass Kinder, die au\u00dferhalb der Ehe geboren werden, nicht erfasst werden k\u00f6nnen.<\/p>\n<p>Weniger als die H\u00e4lfte der Familien lassen ihre Kinder nicht im gesetzlich vorgeschriebenen Zeitraum erfassen. Die vietnamesischen Beh\u00f6rden haben Strafen ausgesetzt und den Zeitraum verl\u00e4ngert, weil sie hoffen, dass dadurch die Anzahl der <a href=\"https:\/\/www.humanium.org\/de\/staatenlos-und-unsichtbar\/\">staatenlosen Kinder<\/a> verringert wird. Daher ist der Zeitraum f\u00fcr die Registrierung auf 1 Monat in den flachen Gebieten und auf 2 Monate in Gebirgen und Hochplateaus festgelegt.<\/p>\n<p><strong>Kinder von Minderheiten<\/strong><\/p>\n<p><img loading=\"lazy\" decoding=\"async\" class=\"alignright size-full wp-image-17332\" title=\"Minority groups still do not have access to certain services. \u00a9 Fran-West (flickr)\" src=\"https:\/\/www.humanium.org\/fr\/wp-content\/uploads\/2011\/12\/minorites-fran.west-flickr.jpg\" alt=\"\" width=\"230\" height=\"153\" \/>Die Minderheiten, die in den Gebirgen unter Bedingungen extremer Armut leben, haben einen eingeschr\u00e4nkten Zugang zu <a href=\"https:\/\/www.humanium.org\/de\/recht-bildung\/\">Bildung<\/a>, einerseits, weil sie weit entfernt von Schulen leben, andererseits, weil der Unterricht in Vietnamesisch abgehalten wird, einer Sprache, die sie nicht beherrschen. Die Eltern kennen oft nicht die Wichtigkeit von <a href=\"https:\/\/www.humanium.org\/de\/recht-bildung\/\">Bildung<\/a> oder <a href=\"https:\/\/www.humanium.org\/de\/das-recht-auf-gesundheit\/\">Gesundheit<\/a>.<\/p>\n","protected":false},"excerpt":{"rendered":"<p>Kinder in Vietnam Die Verwirklichung der Kinderrechte in Vietnam Nach dem Krieg hat Vietnam ein starkes Bev\u00f6lkerungswachstum erfahren. Dieses hat dazu beigetragen den Zugang zu Dienstleistungen f\u00fcr einen Teil der Bev\u00f6lkerung erheblich zu erschweren. Das Land leidet au\u00dferdem unter vielen Naturkatastrophen. Trotz Erdbeben, \u00dcberschwemmungen und Tsunamis hat Vietnam es bisweilen noch immer &#8211; gegen alle [&hellip;]<\/p>\n","protected":false},"author":1,"featured_media":0,"parent":0,"menu_order":0,"comment_status":"closed","ping_status":"closed","template":"","meta":{"footnotes":""},"class_list":["post-6495","page","type-page","status-publish","hentry"],"yoast_head":"<!-- This site is optimized with the Yoast SEO plugin v26.5 - https:\/\/yoast.com\/wordpress\/plugins\/seo\/ -->\n<title>Kinder in Vietnam - Humanium<\/title>\n<meta name=\"description\" content=\"Trotz Erdbeben und Tsunamis hat Vietnam es bisweilen noch immer aus diesen aufeinanderfolgenden Krisen heraus geschafft, die nur die Armut verst\u00e4rkten.\" \/>\n<meta name=\"robots\" content=\"index, follow, max-snippet:-1, max-image-preview:large, max-video-preview:-1\" \/>\n<link rel=\"canonical\" href=\"https:\/\/www.humanium.org\/de\/vietnam\/\" \/>\n<meta property=\"og:locale\" content=\"de_DE\" \/>\n<meta property=\"og:type\" content=\"article\" \/>\n<meta property=\"og:title\" content=\"Kinder in Vietnam - Humanium\" \/>\n<meta property=\"og:description\" content=\"Trotz Erdbeben und Tsunamis hat Vietnam es bisweilen noch immer aus diesen aufeinanderfolgenden Krisen heraus geschafft, die nur die Armut verst\u00e4rkten.\" \/>\n<meta property=\"og:url\" content=\"https:\/\/www.humanium.org\/de\/vietnam\/\" \/>\n<meta property=\"og:site_name\" content=\"Humanium\" \/>\n<meta property=\"article:modified_time\" content=\"2025-12-06T06:19:25+00:00\" \/>\n<meta property=\"og:image\" content=\"https:\/\/www.humanium.org\/de\/wp-content\/uploads\/2023\/12\/shutterstock_794165134-1024x683-1.jpg\" \/>\n\t<meta property=\"og:image:width\" content=\"1024\" \/>\n\t<meta property=\"og:image:height\" content=\"683\" \/>\n\t<meta property=\"og:image:type\" content=\"image\/jpeg\" \/>\n<meta name=\"twitter:card\" content=\"summary_large_image\" \/>\n<meta name=\"twitter:label1\" content=\"Gesch\u00e4tzte Lesezeit\" \/>\n\t<meta name=\"twitter:data1\" content=\"6\u00a0Minuten\" \/>\n<script type=\"application\/ld+json\" class=\"yoast-schema-graph\">{\"@context\":\"https:\/\/schema.org\",\"@graph\":[{\"@type\":\"WebPage\",\"@id\":\"https:\/\/www.humanium.org\/de\/vietnam\/\",\"url\":\"https:\/\/www.humanium.org\/de\/vietnam\/\",\"name\":\"Kinder in Vietnam - Humanium\",\"isPartOf\":{\"@id\":\"https:\/\/www.humanium.org\/de\/#website\"},\"primaryImageOfPage\":{\"@id\":\"https:\/\/www.humanium.org\/de\/vietnam\/#primaryimage\"},\"image\":{\"@id\":\"https:\/\/www.humanium.org\/de\/vietnam\/#primaryimage\"},\"thumbnailUrl\":\"https:\/\/www.humanium.org\/fr\/wp-content\/uploads\/2011\/12\/fillette-confuser-flickr.jpg\",\"datePublished\":\"2016-04-28T04:15:28+00:00\",\"dateModified\":\"2025-12-06T06:19:25+00:00\",\"description\":\"Trotz Erdbeben und Tsunamis hat Vietnam es bisweilen noch immer aus diesen aufeinanderfolgenden Krisen heraus geschafft, die nur die Armut verst\u00e4rkten.\",\"breadcrumb\":{\"@id\":\"https:\/\/www.humanium.org\/de\/vietnam\/#breadcrumb\"},\"inLanguage\":\"de\",\"potentialAction\":[{\"@type\":\"ReadAction\",\"target\":[\"https:\/\/www.humanium.org\/de\/vietnam\/\"]}]},{\"@type\":\"ImageObject\",\"inLanguage\":\"de\",\"@id\":\"https:\/\/www.humanium.org\/de\/vietnam\/#primaryimage\",\"url\":\"https:\/\/www.humanium.org\/fr\/wp-content\/uploads\/2011\/12\/fillette-confuser-flickr.jpg\",\"contentUrl\":\"https:\/\/www.humanium.org\/fr\/wp-content\/uploads\/2011\/12\/fillette-confuser-flickr.jpg\"},{\"@type\":\"BreadcrumbList\",\"@id\":\"https:\/\/www.humanium.org\/de\/vietnam\/#breadcrumb\",\"itemListElement\":[{\"@type\":\"ListItem\",\"position\":1,\"name\":\"Home\",\"item\":\"https:\/\/www.humanium.org\/de\/\"},{\"@type\":\"ListItem\",\"position\":2,\"name\":\"Kinder in Vietnam\"}]},{\"@type\":\"WebSite\",\"@id\":\"https:\/\/www.humanium.org\/de\/#website\",\"url\":\"https:\/\/www.humanium.org\/de\/\",\"name\":\"Humanium\",\"description\":\"Kinder zuerst!\",\"potentialAction\":[{\"@type\":\"SearchAction\",\"target\":{\"@type\":\"EntryPoint\",\"urlTemplate\":\"https:\/\/www.humanium.org\/de\/?s={search_term_string}\"},\"query-input\":{\"@type\":\"PropertyValueSpecification\",\"valueRequired\":true,\"valueName\":\"search_term_string\"}}],\"inLanguage\":\"de\"}]}<\/script>\n<!-- \/ Yoast SEO plugin. -->","yoast_head_json":{"title":"Kinder in Vietnam - Humanium","description":"Trotz Erdbeben und Tsunamis hat Vietnam es bisweilen noch immer aus diesen aufeinanderfolgenden Krisen heraus geschafft, die nur die Armut verst\u00e4rkten.","robots":{"index":"index","follow":"follow","max-snippet":"max-snippet:-1","max-image-preview":"max-image-preview:large","max-video-preview":"max-video-preview:-1"},"canonical":"https:\/\/www.humanium.org\/de\/vietnam\/","og_locale":"de_DE","og_type":"article","og_title":"Kinder in Vietnam - Humanium","og_description":"Trotz Erdbeben und Tsunamis hat Vietnam es bisweilen noch immer aus diesen aufeinanderfolgenden Krisen heraus geschafft, die nur die Armut verst\u00e4rkten.","og_url":"https:\/\/www.humanium.org\/de\/vietnam\/","og_site_name":"Humanium","article_modified_time":"2025-12-06T06:19:25+00:00","og_image":[{"width":1024,"height":683,"url":"https:\/\/www.humanium.org\/de\/wp-content\/uploads\/2023\/12\/shutterstock_794165134-1024x683-1.jpg","type":"image\/jpeg"}],"twitter_card":"summary_large_image","twitter_misc":{"Gesch\u00e4tzte Lesezeit":"6\u00a0Minuten"},"schema":{"@context":"https:\/\/schema.org","@graph":[{"@type":"WebPage","@id":"https:\/\/www.humanium.org\/de\/vietnam\/","url":"https:\/\/www.humanium.org\/de\/vietnam\/","name":"Kinder in Vietnam - Humanium","isPartOf":{"@id":"https:\/\/www.humanium.org\/de\/#website"},"primaryImageOfPage":{"@id":"https:\/\/www.humanium.org\/de\/vietnam\/#primaryimage"},"image":{"@id":"https:\/\/www.humanium.org\/de\/vietnam\/#primaryimage"},"thumbnailUrl":"https:\/\/www.humanium.org\/fr\/wp-content\/uploads\/2011\/12\/fillette-confuser-flickr.jpg","datePublished":"2016-04-28T04:15:28+00:00","dateModified":"2025-12-06T06:19:25+00:00","description":"Trotz Erdbeben und Tsunamis hat Vietnam es bisweilen noch immer aus diesen aufeinanderfolgenden Krisen heraus geschafft, die nur die Armut verst\u00e4rkten.","breadcrumb":{"@id":"https:\/\/www.humanium.org\/de\/vietnam\/#breadcrumb"},"inLanguage":"de","potentialAction":[{"@type":"ReadAction","target":["https:\/\/www.humanium.org\/de\/vietnam\/"]}]},{"@type":"ImageObject","inLanguage":"de","@id":"https:\/\/www.humanium.org\/de\/vietnam\/#primaryimage","url":"https:\/\/www.humanium.org\/fr\/wp-content\/uploads\/2011\/12\/fillette-confuser-flickr.jpg","contentUrl":"https:\/\/www.humanium.org\/fr\/wp-content\/uploads\/2011\/12\/fillette-confuser-flickr.jpg"},{"@type":"BreadcrumbList","@id":"https:\/\/www.humanium.org\/de\/vietnam\/#breadcrumb","itemListElement":[{"@type":"ListItem","position":1,"name":"Home","item":"https:\/\/www.humanium.org\/de\/"},{"@type":"ListItem","position":2,"name":"Kinder in Vietnam"}]},{"@type":"WebSite","@id":"https:\/\/www.humanium.org\/de\/#website","url":"https:\/\/www.humanium.org\/de\/","name":"Humanium","description":"Kinder zuerst!","potentialAction":[{"@type":"SearchAction","target":{"@type":"EntryPoint","urlTemplate":"https:\/\/www.humanium.org\/de\/?s={search_term_string}"},"query-input":{"@type":"PropertyValueSpecification","valueRequired":true,"valueName":"search_term_string"}}],"inLanguage":"de"}]}},"_links":{"self":[{"href":"https:\/\/www.humanium.org\/de\/wp-json\/wp\/v2\/pages\/6495","targetHints":{"allow":["GET"]}}],"collection":[{"href":"https:\/\/www.humanium.org\/de\/wp-json\/wp\/v2\/pages"}],"about":[{"href":"https:\/\/www.humanium.org\/de\/wp-json\/wp\/v2\/types\/page"}],"author":[{"embeddable":true,"href":"https:\/\/www.humanium.org\/de\/wp-json\/wp\/v2\/users\/1"}],"replies":[{"embeddable":true,"href":"https:\/\/www.humanium.org\/de\/wp-json\/wp\/v2\/comments?post=6495"}],"version-history":[{"count":4,"href":"https:\/\/www.humanium.org\/de\/wp-json\/wp\/v2\/pages\/6495\/revisions"}],"predecessor-version":[{"id":20474,"href":"https:\/\/www.humanium.org\/de\/wp-json\/wp\/v2\/pages\/6495\/revisions\/20474"}],"wp:attachment":[{"href":"https:\/\/www.humanium.org\/de\/wp-json\/wp\/v2\/media?parent=6495"}],"curies":[{"name":"wp","href":"https:\/\/api.w.org\/{rel}","templated":true}]}}