{"id":6509,"date":"2016-04-28T17:55:33","date_gmt":"2016-04-28T17:55:33","guid":{"rendered":"http:\/\/www.humanium.org\/de\/?page_id=6509"},"modified":"2025-12-06T06:25:59","modified_gmt":"2025-12-06T06:25:59","slug":"vereinigteskonigreich","status":"publish","type":"page","link":"https:\/\/www.humanium.org\/de\/vereinigteskonigreich\/","title":{"rendered":"Kinder im Vereinigten K\u00f6ngreich"},"content":{"rendered":"<h1>Kinder im Vereinigten K\u00f6nigreich<\/h1>\n<h2>Die Verwirklichung der Kinderrechte im Vereinigten K\u00f6nigreich<\/h2>\n<p style=\"text-align: center;\"><img loading=\"lazy\" decoding=\"async\" class=\"alignnone size-full wp-image-13431\" title=\"M\u00e4dchen im Vereinigten K\u00f6nigreich \u00a9 Ticklemymonkey (flickr)\" src=\"https:\/\/www.humanium.org\/fr\/wp-content\/uploads\/2011\/08\/fillette-ticklemymonkey-flickr.jpg\" alt=\"\" width=\"133\" height=\"200\" \/> <img loading=\"lazy\" decoding=\"async\" class=\"alignnone size-full wp-image-13433\" title=\"Junge im Vereinigten K\u00f6nigreich \u00a9 Publicenergy (flickr)\" src=\"https:\/\/www.humanium.org\/fr\/wp-content\/uploads\/2011\/08\/garcon-publicenergy-flickr.jpg\" alt=\"\" width=\"129\" height=\"200\" \/><\/p>\n<p>Im Vereinigten K\u00f6nigreich, bestehend aus den L\u00e4ndern England, Schottland, Wales und Nordirland, werden Kinderrechte weitestgehend respektiert und eingehalten. Die L\u00e4nder k\u00f6nnen jedoch in einigen Bereichen des Kinderschutzes weitere Fortschritte erzielen, wie z.B. in F\u00e4llen von Gewalttaten gegen\u00fcber Kindern sowie beim Kampf gegen Kinderhandel.<\/p>\n<h3>Hauptprobleme der Kinder im Vereinigten K\u00f6nigreich:<\/h3>\n<p><strong><a href=\"https:\/\/www.humanium.org\/de\/armut\/\">Armut<\/a><\/strong><\/p>\n<p>Mehr als 20% der Jugendlichen unter 18 Jahren im Vereinigten K\u00f6nigreich lebt unterhalb der Armutsgrenze. Diese Situation betrifft im Besonderen jugendliche Zuwanderer und jene, die Minderheitengruppen angeh\u00f6ren.<\/p>\n<p><strong><a href=\"https:\/\/www.humanium.org\/de\/gewalt\/\">Kinderopfer von Gewalt<\/a><\/strong><\/p>\n<p>Im Vereinigten K\u00f6nigreich wird eins von zehn Kindern Opfer von <a href=\"https:\/\/www.humanium.org\/de\/misshandlung\/\">Missbrauch<\/a>. Dabei geschehen unterschiedliche Formen von Missbrauch: physischer, psychologischer oder sexueller. Beispielsweise werden sch\u00e4tzungsweise 5 &#8211; 10% der M\u00e4dchen zu Opfern von <a href=\"https:\/\/www.humanium.org\/de\/die-sexuelle-ausbeutung-von-kindern\/\">sexuellem Missbrauch<\/a>. Im Vergleich dazu werden weniger als 5% der Jungen Opfer von sexuellem Missbrauch.<\/p>\n<p>Emotionale Gewalt, wie Vernachl\u00e4ssigung oder das Nichteinhalten des Kinderschutzes, ist die meist verbreitete Form des Missbrauchs.<\/p>\n<p>Gesundheitspersonal sowie Sozialarbeiterinnen und Sozialarbeiter sind dazu angehalten, sich noch st\u00e4rker daf\u00fcr einzusetzen, Recherche zu betreiben, um Risikofaktoren aufzudecken und L\u00f6sungen f\u00fcr die bestehenden Probleme zu finden.<\/p>\n<p><strong><a href=\"https:\/\/www.humanium.org\/de\/das-recht-auf-gesundheit\/\">Das Recht auf Gesundheit<\/a><\/strong><\/p>\n<p><img loading=\"lazy\" decoding=\"async\" class=\"alignright size-full wp-image-13432\" title=\"Esst\u00f6rungen bei Kindern h\u00e4ufen sich immer mehr \u00a9 Digi Shot (flickr).\" src=\"https:\/\/www.humanium.org\/fr\/wp-content\/uploads\/2011\/08\/sante-digi-shot-no-retouch-flickr.jpg\" alt=\"\" width=\"110\" height=\"200\" \/>Trotz hochwertiger materieller und personeller Ausstattung im Gesundheitswesen in den L\u00e4ndern des Vereinigten K\u00f6nigreichs sind einige Gesundheitsindikatoren noch immer zu hoch. Tats\u00e4chlich sind 6% der Neugeborenen untergewichtig.<\/p>\n<p>Statistiken des Vereinigten K\u00f6nigreichs haben gezeigt, dass Essst\u00f6rungen unter Kindern in beunruhigendem Ma\u00dfe zunehmen. Zum Beispiel leiden bereits 3 von 100,000 Kindern unter 13 Jahren an einer Essst\u00f6rung.<\/p>\n<p>Essst\u00f6rungen manifestieren sich gleicherma\u00dfen sowohl als Magersucht als auch in Form von Adipositas. Experten haben bereits Alarm geschlagen und das Gesundheitswesen und zust\u00e4ndige Beh\u00f6ren dazu aufgefordert, schnellstm\u00f6glich zu reagieren.<\/p>\n<p><strong><a href=\"https:\/\/www.humanium.org\/de\/kinderhandel\/\">Kinderhandel<\/a><\/strong><\/p>\n<p>Das Vereinigte K\u00f6nigreich ist nicht frei von Kinderhandel. Grunds\u00e4tzlich sind es oft junge M\u00e4dchen, die Opfer dieser Gewalttat werden. In ihren Geburtsl\u00e4ndern werden sie von Menschenh\u00e4ndlern angeworben, die ihnen im vereinigten K\u00f6nigreich ein besseres Leben versprechen. Die M\u00e4dchen folgen diesem Ruf, ohne zu wissen, was sie erwartet.<\/p>\n<p>Wenn sie in den L\u00e4ndern des Vereinigten K\u00f6nigreichs ankommen, werden sie als <a href=\"https:\/\/www.humanium.org\/de\/kinderprostitution\/\">Prostituierte<\/a> an sehr viel \u00e4ltere M\u00e4nner verkauft. Diese Situation ist katastrophal und entsetzlich f\u00fcr die jungen M\u00e4dchen. Sie werden von M\u00e4nnern gezwungen, f\u00fcr sie zu arbeiten und f\u00fcrchten jeden Tag, an dem sie gezwungen werden, sexuelle Beziehungen einzugehen und Gewalt ertragen zu m\u00fcssen.<\/p>\n<p><strong><a href=\"https:\/\/www.humanium.org\/de\/genitalverstummelung\/\">Weibliche Genitalverst\u00fcmmelung<\/a><\/strong><\/p>\n<p>Seit der Verabschiedung eines Gesetzes im Jahre 2003 wird Genitalverst\u00fcmmelung offiziell als strafbarer Versto\u00df angesehen, der mit einer Haftstrafe von 14 Jahren geahnded wird.<br \/>\nDie jungen, weiblichen Opfer dieser schmerzvollen Praxis sind oft zwischen sieben und neun Jahre alt. Sehr h\u00e4ufig betrifft Genitalverst\u00fcmmelung Kinder von Einwanderfamilien, insbesondere aus den L\u00e4ndern \u00c4gypten, Eritrea und Ghana.<\/p>\n<p><strong><a href=\"https:\/\/www.humanium.org\/de\/focusdiskriminierung\/\">Diskriminierung von Kindern<\/a><\/strong><\/p>\n<p><img loading=\"lazy\" decoding=\"async\" class=\"size-full wp-image-13435 alignright\" title=\"Diskriminierung von Kindern, die religi\u00f6sen oder ethnischen Minderheiten angeh\u00f6ren, ist noch immer verbreitet \u00a9 Auws (flickr)\" src=\"https:\/\/www.humanium.org\/fr\/wp-content\/uploads\/2011\/08\/discriminations-auws-flickr.jpg\" alt=\"\" width=\"185\" height=\"123\" \/>Kinder ethnischer und religi\u00f6ser Minderheiten sind besonders betroffen von F\u00e4llen von Diskriminierung. Diese Entfremdung zeigt sich nur zu deutlich, wenn es den Menschen nicht m\u00f6glich ist, eine angemessene Bildung zu erlangen und einen st\u00e4ndigen Wohnort zu erhalten.<\/p>\n<p>An anderer Stelle zeigt sich die Intoleranz darin, dass Kinder keine Papiere erhalten. Britische Beh\u00f6rden schrecken nicht davor zur\u00fcck, diese Kinder, die aus ihren Heimatl\u00e4ndern im Vereinigten K\u00f6nigreich ankommen, abzuschieben, ohne Sorge daf\u00fcr zu tragen, was sie danach erwartet.<\/p>\n<p><strong>Umwelt<\/strong><\/p>\n<p>Mit der Menge von 9,4 Tonnen CO2 &#8211; Emissionen pro Kopf und Jahr verzeichnet das Vereinigte K\u00f6nigreich eine der besorgniserregensten Bilanzen hinsichtlich der Verschmutzung unseren Planeten. Dies hat einen starken negativen Einfluss auf das Leben des Kinder und ihre Zukunftsperspektiven. Alle Kinder haben das Recht, in einer sauberen Umgebung zu leben. Das Verenigte K\u00f6nigreich muss sich darum bem\u00fchen, die Bilanz seines \u00f6kologischen Fu\u00dfabdrucks deutlich zu verbessern.<\/p>\n<div id=\"toggle\"><\/div>\n<div id=\"temoignage_box\" style=\"display: none;\">\n<h3>Stories of children<\/h3>\n<p>Be the first one to testify !<em><br \/>\n<\/em><\/p>\n<p style=\"text-align: center;\"><strong>Add a testimony<\/strong><\/p>\n<\/div>\n<div id=\"toggle\"><\/div>\n<div id=\"perception_box\" style=\"display: none;\">\n<h3>Child in the Culture of the Country<\/h3>\n<p style=\"text-align: center;\"><em><strong>&#8222;The best smell is bread, the best savour is salt, the best love that of children.&#8220;<\/strong><\/em><br \/>\n(English saying)<\/p>\n<p><strong>Pancake Day:<\/strong> also called &#8222;Mardi Gras\u201d: this day was once an occasion for Christians to confess their sins. They could then eat all the foods forbidden during Lent. So, after thinking of how to eat eggs, butter, and fat, the Christians make pancakes for this day.<\/p>\n<p>Since then, young and old take advantage of Mardi Gras for eating pancakes. In certain cities of the United Kingdom, pancake-flipping contests are organized for this day.<\/p>\n<p><img loading=\"lazy\" decoding=\"async\" class=\"size-full wp-image-13436 alignright\" title=\"Kinder freuen sich auf die magischen Weihnachtsfeiertage schon Monate vor dem Fest \u00a9 Justin Beckley (flickr)\" src=\"https:\/\/www.humanium.org\/fr\/wp-content\/uploads\/2011\/08\/noel-justin-beckley-flickr.jpg\" alt=\"\" width=\"162\" height=\"167\" \/><strong>Christmas Day<\/strong>: Christmas Day is usually spent with family in the United Kingdom. A few days before, the holiday begins with greeting cards being sent as well as a Christmas tree being put up.<\/p>\n<p>Once Christmas Day arrives, young and old make themselves busy by decorating the house with different plants, such as English holly. In addition, they must prepare a meal together, often composed of mince pies or Christmas cake. Children love Christmas and all the magic that surrounds it, with Santa Claus&#8216; arrival and presents.<\/p>\n<p style=\"text-align: center;\"><strong>Add an information<\/strong><\/p>\n<\/div>\n<p><strong>Das Kind in der Kultur des Landes<\/strong><\/p>\n<p>&#8222;Der sch\u00f6nste Geruch ist der von frischem Brot, der sch\u00f6nste Geschmack ist der von Salz, die sch\u00f6nste Liebe ist die Liebe von Kindern.&#8220;<\/p>\n<p>(Englisches Sprichwort)<\/p>\n<p><strong>Pfannkuchentag:<\/strong> auch &#8222;Mardi Gras\u201d genannt: Dieser Tag galt einst als Anlass f\u00fcr Christen, ihre S\u00fcnden einzugestehen. Sie durften all jene verbotenen Dinge essen, die w\u00e4hrend der Fastenzeit verboten waren. Nachdem sie also immer daran gedacht haben, Eier, Butter und Fett zu sich zu nehmen, konnten die Christen an diesem Tag endlich Pfannkuchen machen.<\/p>\n<p>Seit jener Zeit nutzen Jung und Alt \u201aMardi Gras\u2018 als Gelegenheit, Pfannkuchen zu essen. In einigen Gegenden des Vereinten K\u00f6nigreichs gibt es an diesem Tag Wettbewerbe im Pfannkuchen-Wenden.<\/p>\n<p><strong>Weihnachtstag<\/strong>: Der Weihnachtstag wird traditionell im Vereinigten K\u00f6nigreich mit der Familie gefeiert. Einige Tage zuvor starten die Feiertage damit, dass Weihnachtskarten verschickt werden und der Tannenbaum aufgestellt wird.<\/p>\n<p>Am Weihnachtstag dekorieren Jung und Alt eifrig das gesamte Haus mit verschiedenen Pflanzen, wie zum Beispiel englischen Stechpalmenzweigen. Die Familie bereitet gemeinsam ein Festessen vor, das oft aus Mince Pie (ein s\u00fc\u00dfes Bl\u00e4tter- oder M\u00fcrbeteiggeback, das mit einer Fruchtmischung gef\u00fcllt ist) und Weihnachtskuchen besteht. Die Kinder lieben das Weihnachtsfest und all die Magie, die es verbreitet. Dazu geh\u00f6ren auch die Ankunft des Weihnachtsmannes und die Geschenke, die er verteilt.<\/p>\n<div id=\"toggle\"><\/div>\n<div id=\"cide_box\" style=\"display: none;\">\n<h3>Adhesion to the CRC<\/h3>\n<p><strong>The international <a href=\"https:\/\/www.humanium.org\/en\/convention\/\">Convention on the Rights of the Child<\/a> (CRC) is the first legally binding international instrument of children\u2019s rights protection.<\/strong><\/p>\n<p><strong>Date of signature:<\/strong> April 19th, 1990<br \/>\n<em>The signature shows state&#8217;s intent to examine the treaty on the national level and its willingness to ratify it.<\/em><\/p>\n<p><strong>Date of ratification:<\/strong> December 16th, 1991<br \/>\n<em>The ratification signifies that a State accepts to be legally bound to the clauses of the Convention.<\/em><\/p>\n<p><strong>Declarations and Reservations :<\/strong><\/p>\n<p><em>Declarations:<\/em><\/p>\n<p>&#8222;(a) The United Kingdom interprets the Convention as appli cable only following a live birth.<br \/>\n&#8222;(b) The United Kingdom interprets the references in the Convention to `parents&#8216; to mean only those persons who, as a matter of national law, are treated as parents. \u00a0This includes cases where the law regards a child as having only one parent, for example where a child has been adopted by one person only and in certain cases where a child is conceived other than as a result of sexual intercourse by the woman who gives birth to it and she is treated as the only parent.<\/p>\n<p>&#8222;The United Kingdom reserves the right to extend the Convention at a later date to any territory for whose international relations the Government of the United Kingdom is responsible.&#8220;<\/p>\n<p>&#8222;The United Kingdom refers to the reservation and declarations (a), (b) and (c) which accompanied its instrument of ratification and makes a similar reservation and declarations in respect to each of its dependent territories.<br \/>\nThe United Kingdom, in respect of each of its dependent territories except Hong Kong and Pitcairn, reserves the right to apply article 32 subject to the laws of those territories which treat certain persons under 18 not as children but as `young people&#8216;. In respect of Hong Kong, the United Kingdom reserves the right not to apply article 32 (b) in so far as it might require regulation of the hours of employment ofyoung persons who have attained the age of fifteen years in respect of work in non-industrial establishments.<br \/>\nWhere at any time there is a lack of suitable detention facilities or where the mixing of adults and children is deemed to be mutually beneficial, the United Kingdom, in respect of each of its dependent territories, reserves the right not to apply article 37 (c) in so far as those provisions require children who are detained to be accommodated separately from adults.<br \/>\nThe United Kingdom, in respect of Hong Kong and the Cayman Islands, will seek to apply the Convention to the fullest extent to children seeking asylum in those territories except in so far as conditions and resources make full implementation impracticable. In particular, in relation to article 22, the United Kingdom reserves the right to continue to apply any legislation in those territories governing the detention of children seeking refugee status, the determination of their status and their entry into, stay in and departure from those territories.<br \/>\nThe Government of the United Kingdom reserves the right to extend the Convention at a later date to any other territories for whose international relations the Government of the United Kingdom is responsible.&#8220;<\/p>\n<\/div>\n<p><strong>Beitritt des Landes zum\u00a0\u00dcbereinkommen \u00fcber die Rechte des Kindes<\/strong><strong><u>\u00a0<\/u><\/strong><\/p>\n<p>Die Kinderrechtskonvention ist der erste internationale Gesetzestext, der gesetzlich dazu verpflichtet, die Rechte des Kindes anzuerkennen.<\/p>\n<p>Datum der Unterzeichnung des Vereinten K\u00f6nigreichs: 19. April 1990<\/p>\n<p>Datum der Ratifizierung: 16. Dezember 1991<\/p>\n","protected":false},"excerpt":{"rendered":"<p>Kinder im Vereinigten K\u00f6nigreich Die Verwirklichung der Kinderrechte im Vereinigten K\u00f6nigreich Im Vereinigten K\u00f6nigreich, bestehend aus den L\u00e4ndern England, Schottland, Wales und Nordirland, werden Kinderrechte weitestgehend respektiert und eingehalten. Die L\u00e4nder k\u00f6nnen jedoch in einigen Bereichen des Kinderschutzes weitere Fortschritte erzielen, wie z.B. in F\u00e4llen von Gewalttaten gegen\u00fcber Kindern sowie beim Kampf gegen Kinderhandel. Hauptprobleme [&hellip;]<\/p>\n","protected":false},"author":1,"featured_media":0,"parent":0,"menu_order":0,"comment_status":"closed","ping_status":"closed","template":"","meta":{"footnotes":""},"class_list":["post-6509","page","type-page","status-publish","hentry"],"yoast_head":"<!-- This site is optimized with the Yoast SEO plugin v26.5 - https:\/\/yoast.com\/wordpress\/plugins\/seo\/ -->\n<title>Kinder im Vereinigten K\u00f6ngreich - Humanium<\/title>\n<meta name=\"description\" content=\"Im Vereinigten K\u00f6nigreich werden Kinderrechte respektiert. Die L\u00e4nder k\u00f6nnen jedoch in einigen Bereichen des Kinderschutzes weitere Fortschritte erzielen.\" \/>\n<meta name=\"robots\" content=\"index, follow, max-snippet:-1, max-image-preview:large, max-video-preview:-1\" \/>\n<link rel=\"canonical\" href=\"https:\/\/www.humanium.org\/de\/vereinigteskonigreich\/\" \/>\n<meta property=\"og:locale\" content=\"de_DE\" \/>\n<meta property=\"og:type\" content=\"article\" \/>\n<meta property=\"og:title\" content=\"Kinder im Vereinigten K\u00f6ngreich - Humanium\" \/>\n<meta property=\"og:description\" content=\"Im Vereinigten K\u00f6nigreich werden Kinderrechte respektiert. Die L\u00e4nder k\u00f6nnen jedoch in einigen Bereichen des Kinderschutzes weitere Fortschritte erzielen.\" \/>\n<meta property=\"og:url\" content=\"https:\/\/www.humanium.org\/de\/vereinigteskonigreich\/\" \/>\n<meta property=\"og:site_name\" content=\"Humanium\" \/>\n<meta property=\"article:modified_time\" content=\"2025-12-06T06:25:59+00:00\" \/>\n<meta name=\"twitter:card\" content=\"summary_large_image\" \/>\n<meta name=\"twitter:label1\" content=\"Gesch\u00e4tzte Lesezeit\" \/>\n\t<meta name=\"twitter:data1\" content=\"10\u00a0Minuten\" \/>\n<script type=\"application\/ld+json\" class=\"yoast-schema-graph\">{\"@context\":\"https:\/\/schema.org\",\"@graph\":[{\"@type\":\"WebPage\",\"@id\":\"https:\/\/www.humanium.org\/de\/vereinigteskonigreich\/\",\"url\":\"https:\/\/www.humanium.org\/de\/vereinigteskonigreich\/\",\"name\":\"Kinder im Vereinigten K\u00f6ngreich - Humanium\",\"isPartOf\":{\"@id\":\"https:\/\/www.humanium.org\/de\/#website\"},\"primaryImageOfPage\":{\"@id\":\"https:\/\/www.humanium.org\/de\/vereinigteskonigreich\/#primaryimage\"},\"image\":{\"@id\":\"https:\/\/www.humanium.org\/de\/vereinigteskonigreich\/#primaryimage\"},\"thumbnailUrl\":\"https:\/\/www.humanium.org\/fr\/wp-content\/uploads\/2011\/08\/fillette-ticklemymonkey-flickr.jpg\",\"datePublished\":\"2016-04-28T17:55:33+00:00\",\"dateModified\":\"2025-12-06T06:25:59+00:00\",\"description\":\"Im Vereinigten K\u00f6nigreich werden Kinderrechte respektiert. Die L\u00e4nder k\u00f6nnen jedoch in einigen Bereichen des Kinderschutzes weitere Fortschritte erzielen.\",\"breadcrumb\":{\"@id\":\"https:\/\/www.humanium.org\/de\/vereinigteskonigreich\/#breadcrumb\"},\"inLanguage\":\"de\",\"potentialAction\":[{\"@type\":\"ReadAction\",\"target\":[\"https:\/\/www.humanium.org\/de\/vereinigteskonigreich\/\"]}]},{\"@type\":\"ImageObject\",\"inLanguage\":\"de\",\"@id\":\"https:\/\/www.humanium.org\/de\/vereinigteskonigreich\/#primaryimage\",\"url\":\"https:\/\/www.humanium.org\/fr\/wp-content\/uploads\/2011\/08\/fillette-ticklemymonkey-flickr.jpg\",\"contentUrl\":\"https:\/\/www.humanium.org\/fr\/wp-content\/uploads\/2011\/08\/fillette-ticklemymonkey-flickr.jpg\"},{\"@type\":\"BreadcrumbList\",\"@id\":\"https:\/\/www.humanium.org\/de\/vereinigteskonigreich\/#breadcrumb\",\"itemListElement\":[{\"@type\":\"ListItem\",\"position\":1,\"name\":\"Home\",\"item\":\"https:\/\/www.humanium.org\/de\/\"},{\"@type\":\"ListItem\",\"position\":2,\"name\":\"Kinder im Vereinigten K\u00f6ngreich\"}]},{\"@type\":\"WebSite\",\"@id\":\"https:\/\/www.humanium.org\/de\/#website\",\"url\":\"https:\/\/www.humanium.org\/de\/\",\"name\":\"Humanium\",\"description\":\"Kinder zuerst!\",\"potentialAction\":[{\"@type\":\"SearchAction\",\"target\":{\"@type\":\"EntryPoint\",\"urlTemplate\":\"https:\/\/www.humanium.org\/de\/?s={search_term_string}\"},\"query-input\":{\"@type\":\"PropertyValueSpecification\",\"valueRequired\":true,\"valueName\":\"search_term_string\"}}],\"inLanguage\":\"de\"}]}<\/script>\n<!-- \/ Yoast SEO plugin. -->","yoast_head_json":{"title":"Kinder im Vereinigten K\u00f6ngreich - Humanium","description":"Im Vereinigten K\u00f6nigreich werden Kinderrechte respektiert. Die L\u00e4nder k\u00f6nnen jedoch in einigen Bereichen des Kinderschutzes weitere Fortschritte erzielen.","robots":{"index":"index","follow":"follow","max-snippet":"max-snippet:-1","max-image-preview":"max-image-preview:large","max-video-preview":"max-video-preview:-1"},"canonical":"https:\/\/www.humanium.org\/de\/vereinigteskonigreich\/","og_locale":"de_DE","og_type":"article","og_title":"Kinder im Vereinigten K\u00f6ngreich - Humanium","og_description":"Im Vereinigten K\u00f6nigreich werden Kinderrechte respektiert. Die L\u00e4nder k\u00f6nnen jedoch in einigen Bereichen des Kinderschutzes weitere Fortschritte erzielen.","og_url":"https:\/\/www.humanium.org\/de\/vereinigteskonigreich\/","og_site_name":"Humanium","article_modified_time":"2025-12-06T06:25:59+00:00","twitter_card":"summary_large_image","twitter_misc":{"Gesch\u00e4tzte Lesezeit":"10\u00a0Minuten"},"schema":{"@context":"https:\/\/schema.org","@graph":[{"@type":"WebPage","@id":"https:\/\/www.humanium.org\/de\/vereinigteskonigreich\/","url":"https:\/\/www.humanium.org\/de\/vereinigteskonigreich\/","name":"Kinder im Vereinigten K\u00f6ngreich - Humanium","isPartOf":{"@id":"https:\/\/www.humanium.org\/de\/#website"},"primaryImageOfPage":{"@id":"https:\/\/www.humanium.org\/de\/vereinigteskonigreich\/#primaryimage"},"image":{"@id":"https:\/\/www.humanium.org\/de\/vereinigteskonigreich\/#primaryimage"},"thumbnailUrl":"https:\/\/www.humanium.org\/fr\/wp-content\/uploads\/2011\/08\/fillette-ticklemymonkey-flickr.jpg","datePublished":"2016-04-28T17:55:33+00:00","dateModified":"2025-12-06T06:25:59+00:00","description":"Im Vereinigten K\u00f6nigreich werden Kinderrechte respektiert. Die L\u00e4nder k\u00f6nnen jedoch in einigen Bereichen des Kinderschutzes weitere Fortschritte erzielen.","breadcrumb":{"@id":"https:\/\/www.humanium.org\/de\/vereinigteskonigreich\/#breadcrumb"},"inLanguage":"de","potentialAction":[{"@type":"ReadAction","target":["https:\/\/www.humanium.org\/de\/vereinigteskonigreich\/"]}]},{"@type":"ImageObject","inLanguage":"de","@id":"https:\/\/www.humanium.org\/de\/vereinigteskonigreich\/#primaryimage","url":"https:\/\/www.humanium.org\/fr\/wp-content\/uploads\/2011\/08\/fillette-ticklemymonkey-flickr.jpg","contentUrl":"https:\/\/www.humanium.org\/fr\/wp-content\/uploads\/2011\/08\/fillette-ticklemymonkey-flickr.jpg"},{"@type":"BreadcrumbList","@id":"https:\/\/www.humanium.org\/de\/vereinigteskonigreich\/#breadcrumb","itemListElement":[{"@type":"ListItem","position":1,"name":"Home","item":"https:\/\/www.humanium.org\/de\/"},{"@type":"ListItem","position":2,"name":"Kinder im Vereinigten K\u00f6ngreich"}]},{"@type":"WebSite","@id":"https:\/\/www.humanium.org\/de\/#website","url":"https:\/\/www.humanium.org\/de\/","name":"Humanium","description":"Kinder zuerst!","potentialAction":[{"@type":"SearchAction","target":{"@type":"EntryPoint","urlTemplate":"https:\/\/www.humanium.org\/de\/?s={search_term_string}"},"query-input":{"@type":"PropertyValueSpecification","valueRequired":true,"valueName":"search_term_string"}}],"inLanguage":"de"}]}},"_links":{"self":[{"href":"https:\/\/www.humanium.org\/de\/wp-json\/wp\/v2\/pages\/6509","targetHints":{"allow":["GET"]}}],"collection":[{"href":"https:\/\/www.humanium.org\/de\/wp-json\/wp\/v2\/pages"}],"about":[{"href":"https:\/\/www.humanium.org\/de\/wp-json\/wp\/v2\/types\/page"}],"author":[{"embeddable":true,"href":"https:\/\/www.humanium.org\/de\/wp-json\/wp\/v2\/users\/1"}],"replies":[{"embeddable":true,"href":"https:\/\/www.humanium.org\/de\/wp-json\/wp\/v2\/comments?post=6509"}],"version-history":[{"count":16,"href":"https:\/\/www.humanium.org\/de\/wp-json\/wp\/v2\/pages\/6509\/revisions"}],"predecessor-version":[{"id":20864,"href":"https:\/\/www.humanium.org\/de\/wp-json\/wp\/v2\/pages\/6509\/revisions\/20864"}],"wp:attachment":[{"href":"https:\/\/www.humanium.org\/de\/wp-json\/wp\/v2\/media?parent=6509"}],"curies":[{"name":"wp","href":"https:\/\/api.w.org\/{rel}","templated":true}]}}