{"id":6548,"date":"2016-05-11T12:41:31","date_gmt":"2016-05-11T12:41:31","guid":{"rendered":"http:\/\/www.humanium.org\/de\/?page_id=6548"},"modified":"2025-12-06T06:25:51","modified_gmt":"2025-12-06T06:25:51","slug":"slowakei","status":"publish","type":"page","link":"https:\/\/www.humanium.org\/de\/slowakei\/","title":{"rendered":"Kinder in der Slowakei"},"content":{"rendered":"<h1>Kinder in der Slowakei<\/h1>\n<h2>Die Verwirklichung der\u00a0Kinderrechte in der Slowakei<\/h2>\n<p align=\"center\"><img loading=\"lazy\" decoding=\"async\" class=\"size-full wp-image-8462 alignnone\" title=\"Kleines M\u00e4dchen in der Slowakei\u00a9TonyBracjun-flickr\" src=\"https:\/\/www.humanium.org\/en\/wp-content\/uploads\/2012\/08\/Jeunefilleslovaquie-TonyBracjun-flickr5.jpg\" alt=\"\" width=\"150\" height=\"200\" \/>\u00a0<img loading=\"lazy\" decoding=\"async\" class=\"alignnone size-full wp-image-8465\" title=\"Kleiner Junge in der Slowakei - 23am.com-(flickr)\" src=\"https:\/\/www.humanium.org\/en\/wp-content\/uploads\/2012\/08\/enfant-slovaque-23am.com-flickr1.jpg\" alt=\"\" width=\"133\" height=\"200\" \/><\/p>\n<p>Nachdem die Slowakei sich von der Tschechischen Republik trennte und im Jahr 2004 der Europ\u00e4ischen Union beitrat, hat das Land wahre Schritte in Richtung der Verwirklichung von Kinderrechten getan. Allerdings wurden dabei weitestgehend Minderheiten ignoriert und einige Fortschritte sind immer noch notwendig, um Kinderrechte im Land zu sichern.<\/p>\n<h3>Hauptprobleme der Kinder in der Slowakei:<\/h3>\n<p><strong><a href=\"https:\/\/www.humanium.org\/de\/armut\/\">Armut<\/a><\/strong><\/p>\n<p><img loading=\"lazy\" decoding=\"async\" class=\"alignright wp-image-8466\" title=\"Arme Kinder in der Slowakei \u00a9 theadvocayproject(flickr)\" src=\"https:\/\/www.humanium.org\/en\/wp-content\/uploads\/2012\/08\/enfants-pauvres-slovaquie-theadvocayproject-flickr.jpg\" alt=\"\" width=\"225\" height=\"180\" \/>Der Lebensstandard der Slowaken ist im Allgemeinen hoch. Dennoch sind vor allem die in der Slowakei lebenden Minderheiten stark von Armut betroffen; insbesondere Roma, die in mehr als 600 Gemeinschaften unter sehr schwierigen Bedingungen leben. Die meisten von ihnen haben keinen Strom und sind weder an die Kanalisation angeschlossen, noch haben sie Leitungswasser.<\/p>\n<p>Viele der Roma-Kinder leben daher unter katastrophalen Bedingungen. Der Mangel oder das Fehlen guter <a href=\"https:\/\/www.humanium.org\/de\/recht-nahrung\/\">Ern\u00e4hrung<\/a> beeintr\u00e4chtigt ihre gesunde Entwicklung sehr.<\/p>\n<p><strong><a href=\"https:\/\/www.humanium.org\/de\/gewalt\/\">Misshandlung<\/a><\/strong><\/p>\n<p>In der Slowakei stirbt von 100 000 Kindern unter 15 Jahren 1 Kind an Misshandlung. Dies ist unter den reicheren L\u00e4ndern eine der h\u00f6chsten Quoten. Die Sterblichkeitsrate aufgrund von Gewalt w\u00e4re allerdings doppelt so hoch, wenn man die ungekl\u00e4rten Todesarten dazu z\u00e4hlen w\u00fcrde.<\/p>\n<p>Diese Zahlen erkl\u00e4ren sich durch die Tatsache, dass in manchen Familien Gewalt immer noch als ein Erziehungsmittel angesehen wird, besonders auf dem Land, wo die alten Traditionen noch verbreitet sind.<\/p>\n<p><strong><a href=\"https:\/\/www.humanium.org\/de\/recht-bildung\/\">Bildung<\/a><\/strong><\/p>\n<p>99% der slowakischen Kinder besuchen die Schule. Die meisten Roma-Kinder k\u00f6nnen jedoch nicht auf normale Schulen gehen. Sie besuchen besondere Schulen, die normalerweise f\u00fcr Kinder mit geistiger Behinderung bestimmt sind und sind daher einer beeintr\u00e4chtigenden <a href=\"https:\/\/www.humanium.org\/de\/focusdiskriminierung\/\">Diskriminierung<\/a> ausgesetzt. 80% der Sch\u00fcler an diesen Sonderschulen bestehen aus Roma-Kindern, obwohl sie an keiner Krankheit leiden.<\/p>\n<p>Das Lehrprogramm an diesen Schulen ist sehr vereinfacht. Dadurch werden die Perspektiven und M\u00f6glichkeiten dieser Kinder, zu studieren und eine Arbeit zu finden, sehr eingeschr\u00e4nkt.<br \/>\nDies erkl\u00e4rt auch, dass nur 3 % der Roma-Kinder die Sekundarschule abschlie\u00dfen und nur ein verschwindend kleiner Prozentsatz (0, 3 %) von ihnen ein Hochschulstudium abschlie\u00dft.<br \/>\nAufgrund dieser Situation wird in diesem Land gegen das Grundrecht der Kinder auf Bildung versto\u00dfen.<\/p>\n<p>Zudem w\u00fcrde die slowakische Regierung die Roma-Kinder gern in Internaten unterbringen, obwohl dies gegen das Kindeswohl versto\u00dfen w\u00fcrde, denn die Kinder w\u00fcrden aus dem Kreis ihrer Familie und Gemeinschaft herausgerissen werden.<\/p>\n<p>Im Mai 2008 hat die Slowakei ein neues Gesetz f\u00fcr Schulen verabschiedet, das Diskriminierung und Segregation im Bildungssystem untersagt. Trotzdem hat die Regierung weder die Reichweite des Problems anerkannt, noch Ma\u00dfnahmen zur Verbesserung der Situation unternommen.<\/p>\n<p><strong><a href=\"https:\/\/www.humanium.org\/de\/kinderhandel\/\">Kinderhandel<\/a><\/strong><\/p>\n<p>Die Gesetzgebung der slowakischen Republik untersagt Kinderhandel. Dennoch ge\u00f6hrt die Slowakei zu den Herkunfts- und Transitl\u00e4ndern, und in geringerem Ma\u00dfe, auch zu den Zielorten f\u00fcr Kinder, die Opfer von Menschenhandel sind, insbesondere Opfer von <a href=\"https:\/\/www.humanium.org\/de\/kinderprostitution\/\">Prostitution<\/a> und Zwangsarbeit.<\/p>\n<p>Ein Gro\u00dfteil der gemeldeten Opfer von Kinderhandel in der Slowakei sind minderj\u00e4hrige Roma, die aus isolierten Lagern auf dem Land stammen.<\/p>\n<p><strong><a href=\"https:\/\/www.humanium.org\/de\/kinderarbeit-2\/\">Kinderarbeit<\/a><\/strong><\/p>\n<p>Die Gesetzgebung untersagt Zwangsarbeit von Kindern, und weist darauf hin, dass diese Kinder vor jeglicher Form von Ausbeutung an ihrem Arbeitsplatz gesch\u00fctzt werden m\u00fcssen.<\/p>\n<p>Trotzdem existieren diese Praktiken immer noch und Kinderarbeit, besonders das Betteln, ist in manchen Gemeinschaften ein reelles Problem. H\u00e4ufig sind es Roma-Kinder, die durch den Lebensunterhalt ihrer Familien gezwungen sind zu betteln.<\/p>\n<p><strong><a href=\"https:\/\/www.humanium.org\/de\/das-recht-auf-gesundheit\/\">Gesundheit<\/a><\/strong><\/p>\n<p>Laut der Verfassung haben alle Menschen in der Slowakei das Recht auf eine grundlegende Gesundheitsversorgung und kostenlose Behandlungen.<\/p>\n<p>Minderheitengruppen sind, was die Gesundheitsversorgung angeht, nicht von Diskriminierung betroffen. F\u00fcr Kinder in l\u00e4ndlichen Gebieten oder in Roma-Lagern ist es jedoch manchmal schwierig, Zugang zur Gesundheitsversorgung zu haben, da es f\u00fcr sie keinen kostenlosen Transport gibt.<\/p>\n<p>In der Slowakei herrscht auch \u00c4rztemangel, besonders auf dem Land, weshalb die Kinder keine regelm\u00e4\u00dfige medizinische Betreuung oder Versorgung bei Notf\u00e4llen haben.<\/p>\n<p>Die Kindersterblichkeitsrate liegt bei 9 \u2030 bei den Neugeborenen und bei 10 \u2030 bei Kindern unter 5 Jahren.<\/p>\n","protected":false},"excerpt":{"rendered":"<p>Kinder in der Slowakei Die Verwirklichung der\u00a0Kinderrechte in der Slowakei \u00a0 Nachdem die Slowakei sich von der Tschechischen Republik trennte und im Jahr 2004 der Europ\u00e4ischen Union beitrat, hat das Land wahre Schritte in Richtung der Verwirklichung von Kinderrechten getan. Allerdings wurden dabei weitestgehend Minderheiten ignoriert und einige Fortschritte sind immer noch notwendig, um Kinderrechte [&hellip;]<\/p>\n","protected":false},"author":1,"featured_media":0,"parent":0,"menu_order":0,"comment_status":"closed","ping_status":"closed","template":"","meta":{"footnotes":""},"class_list":["post-6548","page","type-page","status-publish","hentry"],"yoast_head":"<!-- This site is optimized with the Yoast SEO plugin v26.5 - https:\/\/yoast.com\/wordpress\/plugins\/seo\/ -->\n<title>Kinder in der Slowakei - Humanium<\/title>\n<meta name=\"description\" content=\"Das Land hat wahre Schritte in Richtung der Verwirklichung von Kinderrechten getan. Allerdings sind einige Fortschritte immer noch notwendig.\" \/>\n<meta name=\"robots\" content=\"index, follow, max-snippet:-1, max-image-preview:large, max-video-preview:-1\" \/>\n<link rel=\"canonical\" href=\"https:\/\/www.humanium.org\/de\/slowakei\/\" \/>\n<meta property=\"og:locale\" content=\"de_DE\" \/>\n<meta property=\"og:type\" content=\"article\" \/>\n<meta property=\"og:title\" content=\"Kinder in der Slowakei - Humanium\" \/>\n<meta property=\"og:description\" content=\"Das Land hat wahre Schritte in Richtung der Verwirklichung von Kinderrechten getan. Allerdings sind einige Fortschritte immer noch notwendig.\" \/>\n<meta property=\"og:url\" content=\"https:\/\/www.humanium.org\/de\/slowakei\/\" \/>\n<meta property=\"og:site_name\" content=\"Humanium\" \/>\n<meta property=\"article:modified_time\" content=\"2025-12-06T06:25:51+00:00\" \/>\n<meta name=\"twitter:card\" content=\"summary_large_image\" \/>\n<meta name=\"twitter:label1\" content=\"Gesch\u00e4tzte Lesezeit\" \/>\n\t<meta name=\"twitter:data1\" content=\"5\u00a0Minuten\" \/>\n<script type=\"application\/ld+json\" class=\"yoast-schema-graph\">{\"@context\":\"https:\/\/schema.org\",\"@graph\":[{\"@type\":\"WebPage\",\"@id\":\"https:\/\/www.humanium.org\/de\/slowakei\/\",\"url\":\"https:\/\/www.humanium.org\/de\/slowakei\/\",\"name\":\"Kinder in der Slowakei - Humanium\",\"isPartOf\":{\"@id\":\"https:\/\/www.humanium.org\/de\/#website\"},\"primaryImageOfPage\":{\"@id\":\"https:\/\/www.humanium.org\/de\/slowakei\/#primaryimage\"},\"image\":{\"@id\":\"https:\/\/www.humanium.org\/de\/slowakei\/#primaryimage\"},\"thumbnailUrl\":\"https:\/\/www.humanium.org\/en\/wp-content\/uploads\/2012\/08\/Jeunefilleslovaquie-TonyBracjun-flickr5.jpg\",\"datePublished\":\"2016-05-11T12:41:31+00:00\",\"dateModified\":\"2025-12-06T06:25:51+00:00\",\"description\":\"Das Land hat wahre Schritte in Richtung der Verwirklichung von Kinderrechten getan. Allerdings sind einige Fortschritte immer noch notwendig.\",\"breadcrumb\":{\"@id\":\"https:\/\/www.humanium.org\/de\/slowakei\/#breadcrumb\"},\"inLanguage\":\"de\",\"potentialAction\":[{\"@type\":\"ReadAction\",\"target\":[\"https:\/\/www.humanium.org\/de\/slowakei\/\"]}]},{\"@type\":\"ImageObject\",\"inLanguage\":\"de\",\"@id\":\"https:\/\/www.humanium.org\/de\/slowakei\/#primaryimage\",\"url\":\"https:\/\/www.humanium.org\/en\/wp-content\/uploads\/2012\/08\/Jeunefilleslovaquie-TonyBracjun-flickr5.jpg\",\"contentUrl\":\"https:\/\/www.humanium.org\/en\/wp-content\/uploads\/2012\/08\/Jeunefilleslovaquie-TonyBracjun-flickr5.jpg\"},{\"@type\":\"BreadcrumbList\",\"@id\":\"https:\/\/www.humanium.org\/de\/slowakei\/#breadcrumb\",\"itemListElement\":[{\"@type\":\"ListItem\",\"position\":1,\"name\":\"Home\",\"item\":\"https:\/\/www.humanium.org\/de\/\"},{\"@type\":\"ListItem\",\"position\":2,\"name\":\"Kinder in der Slowakei\"}]},{\"@type\":\"WebSite\",\"@id\":\"https:\/\/www.humanium.org\/de\/#website\",\"url\":\"https:\/\/www.humanium.org\/de\/\",\"name\":\"Humanium\",\"description\":\"Kinder zuerst!\",\"potentialAction\":[{\"@type\":\"SearchAction\",\"target\":{\"@type\":\"EntryPoint\",\"urlTemplate\":\"https:\/\/www.humanium.org\/de\/?s={search_term_string}\"},\"query-input\":{\"@type\":\"PropertyValueSpecification\",\"valueRequired\":true,\"valueName\":\"search_term_string\"}}],\"inLanguage\":\"de\"}]}<\/script>\n<!-- \/ Yoast SEO plugin. -->","yoast_head_json":{"title":"Kinder in der Slowakei - Humanium","description":"Das Land hat wahre Schritte in Richtung der Verwirklichung von Kinderrechten getan. Allerdings sind einige Fortschritte immer noch notwendig.","robots":{"index":"index","follow":"follow","max-snippet":"max-snippet:-1","max-image-preview":"max-image-preview:large","max-video-preview":"max-video-preview:-1"},"canonical":"https:\/\/www.humanium.org\/de\/slowakei\/","og_locale":"de_DE","og_type":"article","og_title":"Kinder in der Slowakei - Humanium","og_description":"Das Land hat wahre Schritte in Richtung der Verwirklichung von Kinderrechten getan. Allerdings sind einige Fortschritte immer noch notwendig.","og_url":"https:\/\/www.humanium.org\/de\/slowakei\/","og_site_name":"Humanium","article_modified_time":"2025-12-06T06:25:51+00:00","twitter_card":"summary_large_image","twitter_misc":{"Gesch\u00e4tzte Lesezeit":"5\u00a0Minuten"},"schema":{"@context":"https:\/\/schema.org","@graph":[{"@type":"WebPage","@id":"https:\/\/www.humanium.org\/de\/slowakei\/","url":"https:\/\/www.humanium.org\/de\/slowakei\/","name":"Kinder in der Slowakei - Humanium","isPartOf":{"@id":"https:\/\/www.humanium.org\/de\/#website"},"primaryImageOfPage":{"@id":"https:\/\/www.humanium.org\/de\/slowakei\/#primaryimage"},"image":{"@id":"https:\/\/www.humanium.org\/de\/slowakei\/#primaryimage"},"thumbnailUrl":"https:\/\/www.humanium.org\/en\/wp-content\/uploads\/2012\/08\/Jeunefilleslovaquie-TonyBracjun-flickr5.jpg","datePublished":"2016-05-11T12:41:31+00:00","dateModified":"2025-12-06T06:25:51+00:00","description":"Das Land hat wahre Schritte in Richtung der Verwirklichung von Kinderrechten getan. Allerdings sind einige Fortschritte immer noch notwendig.","breadcrumb":{"@id":"https:\/\/www.humanium.org\/de\/slowakei\/#breadcrumb"},"inLanguage":"de","potentialAction":[{"@type":"ReadAction","target":["https:\/\/www.humanium.org\/de\/slowakei\/"]}]},{"@type":"ImageObject","inLanguage":"de","@id":"https:\/\/www.humanium.org\/de\/slowakei\/#primaryimage","url":"https:\/\/www.humanium.org\/en\/wp-content\/uploads\/2012\/08\/Jeunefilleslovaquie-TonyBracjun-flickr5.jpg","contentUrl":"https:\/\/www.humanium.org\/en\/wp-content\/uploads\/2012\/08\/Jeunefilleslovaquie-TonyBracjun-flickr5.jpg"},{"@type":"BreadcrumbList","@id":"https:\/\/www.humanium.org\/de\/slowakei\/#breadcrumb","itemListElement":[{"@type":"ListItem","position":1,"name":"Home","item":"https:\/\/www.humanium.org\/de\/"},{"@type":"ListItem","position":2,"name":"Kinder in der Slowakei"}]},{"@type":"WebSite","@id":"https:\/\/www.humanium.org\/de\/#website","url":"https:\/\/www.humanium.org\/de\/","name":"Humanium","description":"Kinder zuerst!","potentialAction":[{"@type":"SearchAction","target":{"@type":"EntryPoint","urlTemplate":"https:\/\/www.humanium.org\/de\/?s={search_term_string}"},"query-input":{"@type":"PropertyValueSpecification","valueRequired":true,"valueName":"search_term_string"}}],"inLanguage":"de"}]}},"_links":{"self":[{"href":"https:\/\/www.humanium.org\/de\/wp-json\/wp\/v2\/pages\/6548","targetHints":{"allow":["GET"]}}],"collection":[{"href":"https:\/\/www.humanium.org\/de\/wp-json\/wp\/v2\/pages"}],"about":[{"href":"https:\/\/www.humanium.org\/de\/wp-json\/wp\/v2\/types\/page"}],"author":[{"embeddable":true,"href":"https:\/\/www.humanium.org\/de\/wp-json\/wp\/v2\/users\/1"}],"replies":[{"embeddable":true,"href":"https:\/\/www.humanium.org\/de\/wp-json\/wp\/v2\/comments?post=6548"}],"version-history":[{"count":7,"href":"https:\/\/www.humanium.org\/de\/wp-json\/wp\/v2\/pages\/6548\/revisions"}],"predecessor-version":[{"id":20818,"href":"https:\/\/www.humanium.org\/de\/wp-json\/wp\/v2\/pages\/6548\/revisions\/20818"}],"wp:attachment":[{"href":"https:\/\/www.humanium.org\/de\/wp-json\/wp\/v2\/media?parent=6548"}],"curies":[{"name":"wp","href":"https:\/\/api.w.org\/{rel}","templated":true}]}}