{"id":6555,"date":"2016-05-11T13:17:16","date_gmt":"2016-05-11T13:17:16","guid":{"rendered":"http:\/\/www.humanium.org\/de\/?page_id=6555"},"modified":"2025-12-06T06:25:51","modified_gmt":"2025-12-06T06:25:51","slug":"slowenien","status":"publish","type":"page","link":"https:\/\/www.humanium.org\/de\/slowenien\/","title":{"rendered":"Kinder in Slowenien"},"content":{"rendered":"<h1>Kinder in Slowenien<\/h1>\n<h2>Die Verwirklichung der Kinderrechte in Slowenien<\/h2>\n<p style=\"text-align: center;\"><a href=\"https:\/\/www.humanium.org\/en\/wp-content\/uploads\/2013\/02\/Anja-Horvat-Flickr.jpg\"><img decoding=\"async\" class=\"alignnone wp-image-12762\" title=\"M\u00e4dchen aus Slovenien \u00a9 Anja Horvat \" src=\"https:\/\/www.humanium.org\/en\/wp-content\/uploads\/2013\/02\/Anja-Horvat-Flickr-200x300.jpg\" alt=\"\" height=\"200\" \/><\/a><\/p>\n<p>Die Situation f\u00fcr Kinder in Slowenien ist gr\u00f6\u00dftenteils gut. Seit vielen Jahren hat das Land wichtige Ma\u00dfnahmen getroffen und f\u00fchrt Anstrengungen fort um Menschenrechte, speziell Kinderrechte, zu sch\u00fctzen und zu garantieren. Aber ernsthafte Probleme (Diskriminierung, h\u00e4usliche Gewalt, Menschenhandel\u2026) bleiben bestehen und es bedarf der Aufmerksamkeit der Slowenischen Beh\u00f6rden.<\/p>\n<h3>Hauptprobleme der Kinder in Slowenien:<\/h3>\n<p><a href=\"https:\/\/www.humanium.org\/de\/focusdiskriminierung\/\"><b>Diskriminierung<\/b><\/a><\/p>\n<p><b><\/b>In Slowenien sind einige Gruppen und Minderheiten Opfer von Diskriminierung, speziell die Minderheit der Roma und Nicht-Slowenen aus dem ehemaligen Jugoslawien.<\/p>\n<p>&#8211; <em>Diskriminierung gegen die Roma Gemeinschaft<\/em><br \/>\nSlowenien hat viele Ma\u00dfnahmen getroffen, um die Diskriminierung gegen die Roma zu eliminieren. Zum Beispiel wurde ein nationales Programm zugunsten der Roma von 2010-2015 durchgef\u00fchrt. Trotzdem wird die Roma Gemeinschaft weiterhin ausgegrenzt und ist\u00a0immer noch Opfer von Diskriminierung, besonders in Bezug auf Wohnraum, Gesundheit, Ausbildung und Arbeit. Zudem bleiben die Vorurteile und feindseligen Einstellungen gegen\u00fcber den Roma bestehen, besonders im Bereich der Politik und der Medien. Und das obwohl das slowenische Strafgesetz Rassismus und Hetze kriminalisiert.<\/p>\n<p>&#8211; <em>Die Situation der \u201cGel\u00f6schten\u201d in Slowenien<\/em><br \/>\nIm Februar 1992 wurden mehr als 25000 Menschen vom slowenischen Register der permanenten Wohnbev\u00f6lkerung gel\u00f6scht, vor allem Menschen, die aus dem ehemaligen Jugoslawien kamen und in Slowenien lebten, die aber nach der Unabh\u00e4ngigkeitserkl\u00e4rung nicht die slowenische Staatsb\u00fcrgerschaft angenommen hatten. Im M\u00e4rz 2010 hat Slowenien ein Gesetz angenommen, das den rechtlichen Status dieser Menschen, die die \u201eGel\u00f6schten\u201d genannt werden, regelt. Trotzdem bleibt die Situation nicht-slowenischer ehemaliger Jugoslawen (inklusive Albanern, Bosniern, Mazedonier und Serben) prek\u00e4r in Slowenien. Mehrere Urteile des Slowenischen Verfassungsgerichts und eine Entscheidung des Europ\u00e4ischen Gerichtshofs f\u00fcr Menschenrechte im Juni 2012 besagen weiterhin, dass die derzeitigen Gesetze die Situation der <a href=\"https:\/\/www.humanium.org\/de\/staatenlos-und-unsichtbar\/\">\u201eGel\u00f6schten\u201c<\/a> nicht verbessern. In der Tat bleibt der Status der nicht-slowenischen <a href=\"https:\/\/www.humanium.org\/de\/recht-auf-identitat\/\">Staatsb\u00fcrger<\/a> des ehemaligen Jugoslawiens ungel\u00f6st und sie haben Schwierigkeiten ihre sozialen und \u00f6konomischen Rechte auszu\u00fcben, speziell den Zugang zur Gesundheitsversorgung, Sozialversicherung, Ausbildung und Arbeit.<\/p>\n<p><a href=\"https:\/\/www.humanium.org\/de\/kinderhandel\/\"><b>Menschenhandel von Frauen und Kindern<\/b><\/a><\/p>\n<p><a href=\"https:\/\/www.humanium.org\/en\/wp-content\/uploads\/2013\/02\/Clyde-Bentley-Flickr.jpg\"><img loading=\"lazy\" decoding=\"async\" class=\"size-medium wp-image-12765 alignright\" title=\"Kinder aus Slovenien \u00a9 Clyde Bentley \" src=\"https:\/\/www.humanium.org\/en\/wp-content\/uploads\/2013\/02\/Clyde-Bentley-Flickr-199x300.jpg\" alt=\"\" width=\"199\" height=\"300\" \/><\/a>Slowenien ist ein Ausgangsort, Transitland und Ziel von Menschenhandel. Die meisten Opfer des Menschenhandels sind Frauen und Kinder, die oft nach Westeuropa geschickt werden, speziell nach Italien und Deutschland wo sie zur Prostitution gezwungen werden. Trotz Sloweniens Anstrengungen den Menschenhandel zu verhindern und bestrafen, bleibt das Problem bestehen und es gibt immer noch zahllose Opfer.<\/p>\n<p><a href=\"https:\/\/www.humanium.org\/de\/gewalt\/\"><b>Gewalt<\/b><\/a><\/p>\n<p>In Slowenien ist Gewalt gegen Frauen und Kinder immer noch weit verbreitet. In der ersten H\u00e4lfte von 2011 zum Beispiel, wurden mehr als 1000 F\u00e4lle von h\u00e4uslicher Gewalt und mehr als 350 F\u00e4lle von elterlicher Vernachl\u00e4ssigung und Kindsmisshandlung gemeldet.<\/p>\n<p>Kinder bleiben weiterhin Opfer von Menschenhandel in Slowenien.<\/p>\n<p><a href=\"https:\/\/www.humanium.org\/de\/recht-bildung\/\"><b>Bildung<\/b><\/a><\/p>\n<p><a href=\"https:\/\/www.humanium.org\/en\/wp-content\/uploads\/2013\/02\/Borut-Peterlin-Flickr.jpg\"><img loading=\"lazy\" decoding=\"async\" class=\"size-medium wp-image-12766 alignright\" title=\"Bildung in Slovenien \u00a9 Borut Peterlin \" src=\"https:\/\/www.humanium.org\/en\/wp-content\/uploads\/2013\/02\/Borut-Peterlin-Flickr-199x300.jpg\" alt=\"\" width=\"199\" height=\"300\" \/><\/a>Obwohl die Schulpflicht f\u00fcr Kinder bis 14 Jahre besteht, erreichen viele Kinder aus der Roma Gemeinschaft nicht die Sekundarstufe.<\/p>\n<p><a href=\"https:\/\/www.humanium.org\/de\/armut\/\">Armut<\/a>, Diskriminierung, fehlende Unterst\u00fctzung der Eltern und Familie und auch die Sprachbarriere sind unter anderem Hindernisse zur Schulbildung f\u00fcr Roma Kinder. Die Diskriminierung in den Schulen und die Abwesenheit von wissenschaftlichen Programmen zur Erforschung von Inklusion und Multikulturalit\u00e4t widerstreben dem Recht auf Bildung f\u00fcr Kinder. Zum Beispiel sind die Sprachen die von den Roma gesprochen werden, vollst\u00e4ndig abwesend von den Schulen, im Gegensatz zu anderen Minderheitssprachen im Lande. Die Schwierigkeiten Schulmaterialien zu besorgen, hat mit der extremen Armut, in der die Gemeinschaft oft lebt, zu tun. Kinder sind zum Beispiel oft nicht in der Lage, in den kalten, \u00fcberbelegten Behausungen ihre Hausaufgaben zu machen und haben manchmal keinen Strom.<\/p>\n<p>Die Schwierigkeiten der Roma Kinder in der Bildung haben auch mit dem Mangel an Bildungsmaterialien und der extremen Armut, in der sie leben zu tun.<\/p>\n","protected":false},"excerpt":{"rendered":"<p>Kinder in Slowenien Die Verwirklichung der Kinderrechte in Slowenien Die Situation f\u00fcr Kinder in Slowenien ist gr\u00f6\u00dftenteils gut. Seit vielen Jahren hat das Land wichtige Ma\u00dfnahmen getroffen und f\u00fchrt Anstrengungen fort um Menschenrechte, speziell Kinderrechte, zu sch\u00fctzen und zu garantieren. Aber ernsthafte Probleme (Diskriminierung, h\u00e4usliche Gewalt, Menschenhandel\u2026) bleiben bestehen und es bedarf der Aufmerksamkeit der [&hellip;]<\/p>\n","protected":false},"author":1,"featured_media":0,"parent":0,"menu_order":0,"comment_status":"closed","ping_status":"closed","template":"","meta":{"footnotes":""},"class_list":["post-6555","page","type-page","status-publish","hentry"],"yoast_head":"<!-- This site is optimized with the Yoast SEO plugin v26.5 - https:\/\/yoast.com\/wordpress\/plugins\/seo\/ -->\n<title>Kinder in Slowenien - Humanium<\/title>\n<meta name=\"description\" content=\"Seit vielen Jahren hat Slowenien wichtige Ma\u00dfnahmen getroffen und f\u00fchrt Anstrengungen fort um Menschenrechte, speziell Kinderrechte, zu sch\u00fctzen.\" \/>\n<meta name=\"robots\" content=\"index, follow, max-snippet:-1, max-image-preview:large, max-video-preview:-1\" \/>\n<link rel=\"canonical\" href=\"https:\/\/www.humanium.org\/de\/slowenien\/\" \/>\n<meta property=\"og:locale\" content=\"de_DE\" \/>\n<meta property=\"og:type\" content=\"article\" \/>\n<meta property=\"og:title\" content=\"Kinder in Slowenien - Humanium\" \/>\n<meta property=\"og:description\" content=\"Seit vielen Jahren hat Slowenien wichtige Ma\u00dfnahmen getroffen und f\u00fchrt Anstrengungen fort um Menschenrechte, speziell Kinderrechte, zu sch\u00fctzen.\" \/>\n<meta property=\"og:url\" content=\"https:\/\/www.humanium.org\/de\/slowenien\/\" \/>\n<meta property=\"og:site_name\" content=\"Humanium\" \/>\n<meta property=\"article:modified_time\" content=\"2025-12-06T06:25:51+00:00\" \/>\n<meta name=\"twitter:card\" content=\"summary_large_image\" \/>\n<meta name=\"twitter:label1\" content=\"Gesch\u00e4tzte Lesezeit\" \/>\n\t<meta name=\"twitter:data1\" content=\"4\u00a0Minuten\" \/>\n<script type=\"application\/ld+json\" class=\"yoast-schema-graph\">{\"@context\":\"https:\/\/schema.org\",\"@graph\":[{\"@type\":\"WebPage\",\"@id\":\"https:\/\/www.humanium.org\/de\/slowenien\/\",\"url\":\"https:\/\/www.humanium.org\/de\/slowenien\/\",\"name\":\"Kinder in Slowenien - Humanium\",\"isPartOf\":{\"@id\":\"https:\/\/www.humanium.org\/de\/#website\"},\"primaryImageOfPage\":{\"@id\":\"https:\/\/www.humanium.org\/de\/slowenien\/#primaryimage\"},\"image\":{\"@id\":\"https:\/\/www.humanium.org\/de\/slowenien\/#primaryimage\"},\"thumbnailUrl\":\"https:\/\/www.humanium.org\/en\/wp-content\/uploads\/2013\/02\/Anja-Horvat-Flickr-200x300.jpg\",\"datePublished\":\"2016-05-11T13:17:16+00:00\",\"dateModified\":\"2025-12-06T06:25:51+00:00\",\"description\":\"Seit vielen Jahren hat Slowenien wichtige Ma\u00dfnahmen getroffen und f\u00fchrt Anstrengungen fort um Menschenrechte, speziell Kinderrechte, zu sch\u00fctzen.\",\"breadcrumb\":{\"@id\":\"https:\/\/www.humanium.org\/de\/slowenien\/#breadcrumb\"},\"inLanguage\":\"de\",\"potentialAction\":[{\"@type\":\"ReadAction\",\"target\":[\"https:\/\/www.humanium.org\/de\/slowenien\/\"]}]},{\"@type\":\"ImageObject\",\"inLanguage\":\"de\",\"@id\":\"https:\/\/www.humanium.org\/de\/slowenien\/#primaryimage\",\"url\":\"https:\/\/www.humanium.org\/en\/wp-content\/uploads\/2013\/02\/Anja-Horvat-Flickr-200x300.jpg\",\"contentUrl\":\"https:\/\/www.humanium.org\/en\/wp-content\/uploads\/2013\/02\/Anja-Horvat-Flickr-200x300.jpg\"},{\"@type\":\"BreadcrumbList\",\"@id\":\"https:\/\/www.humanium.org\/de\/slowenien\/#breadcrumb\",\"itemListElement\":[{\"@type\":\"ListItem\",\"position\":1,\"name\":\"Home\",\"item\":\"https:\/\/www.humanium.org\/de\/\"},{\"@type\":\"ListItem\",\"position\":2,\"name\":\"Kinder in Slowenien\"}]},{\"@type\":\"WebSite\",\"@id\":\"https:\/\/www.humanium.org\/de\/#website\",\"url\":\"https:\/\/www.humanium.org\/de\/\",\"name\":\"Humanium\",\"description\":\"Kinder zuerst!\",\"potentialAction\":[{\"@type\":\"SearchAction\",\"target\":{\"@type\":\"EntryPoint\",\"urlTemplate\":\"https:\/\/www.humanium.org\/de\/?s={search_term_string}\"},\"query-input\":{\"@type\":\"PropertyValueSpecification\",\"valueRequired\":true,\"valueName\":\"search_term_string\"}}],\"inLanguage\":\"de\"}]}<\/script>\n<!-- \/ Yoast SEO plugin. -->","yoast_head_json":{"title":"Kinder in Slowenien - Humanium","description":"Seit vielen Jahren hat Slowenien wichtige Ma\u00dfnahmen getroffen und f\u00fchrt Anstrengungen fort um Menschenrechte, speziell Kinderrechte, zu sch\u00fctzen.","robots":{"index":"index","follow":"follow","max-snippet":"max-snippet:-1","max-image-preview":"max-image-preview:large","max-video-preview":"max-video-preview:-1"},"canonical":"https:\/\/www.humanium.org\/de\/slowenien\/","og_locale":"de_DE","og_type":"article","og_title":"Kinder in Slowenien - Humanium","og_description":"Seit vielen Jahren hat Slowenien wichtige Ma\u00dfnahmen getroffen und f\u00fchrt Anstrengungen fort um Menschenrechte, speziell Kinderrechte, zu sch\u00fctzen.","og_url":"https:\/\/www.humanium.org\/de\/slowenien\/","og_site_name":"Humanium","article_modified_time":"2025-12-06T06:25:51+00:00","twitter_card":"summary_large_image","twitter_misc":{"Gesch\u00e4tzte Lesezeit":"4\u00a0Minuten"},"schema":{"@context":"https:\/\/schema.org","@graph":[{"@type":"WebPage","@id":"https:\/\/www.humanium.org\/de\/slowenien\/","url":"https:\/\/www.humanium.org\/de\/slowenien\/","name":"Kinder in Slowenien - Humanium","isPartOf":{"@id":"https:\/\/www.humanium.org\/de\/#website"},"primaryImageOfPage":{"@id":"https:\/\/www.humanium.org\/de\/slowenien\/#primaryimage"},"image":{"@id":"https:\/\/www.humanium.org\/de\/slowenien\/#primaryimage"},"thumbnailUrl":"https:\/\/www.humanium.org\/en\/wp-content\/uploads\/2013\/02\/Anja-Horvat-Flickr-200x300.jpg","datePublished":"2016-05-11T13:17:16+00:00","dateModified":"2025-12-06T06:25:51+00:00","description":"Seit vielen Jahren hat Slowenien wichtige Ma\u00dfnahmen getroffen und f\u00fchrt Anstrengungen fort um Menschenrechte, speziell Kinderrechte, zu sch\u00fctzen.","breadcrumb":{"@id":"https:\/\/www.humanium.org\/de\/slowenien\/#breadcrumb"},"inLanguage":"de","potentialAction":[{"@type":"ReadAction","target":["https:\/\/www.humanium.org\/de\/slowenien\/"]}]},{"@type":"ImageObject","inLanguage":"de","@id":"https:\/\/www.humanium.org\/de\/slowenien\/#primaryimage","url":"https:\/\/www.humanium.org\/en\/wp-content\/uploads\/2013\/02\/Anja-Horvat-Flickr-200x300.jpg","contentUrl":"https:\/\/www.humanium.org\/en\/wp-content\/uploads\/2013\/02\/Anja-Horvat-Flickr-200x300.jpg"},{"@type":"BreadcrumbList","@id":"https:\/\/www.humanium.org\/de\/slowenien\/#breadcrumb","itemListElement":[{"@type":"ListItem","position":1,"name":"Home","item":"https:\/\/www.humanium.org\/de\/"},{"@type":"ListItem","position":2,"name":"Kinder in Slowenien"}]},{"@type":"WebSite","@id":"https:\/\/www.humanium.org\/de\/#website","url":"https:\/\/www.humanium.org\/de\/","name":"Humanium","description":"Kinder zuerst!","potentialAction":[{"@type":"SearchAction","target":{"@type":"EntryPoint","urlTemplate":"https:\/\/www.humanium.org\/de\/?s={search_term_string}"},"query-input":{"@type":"PropertyValueSpecification","valueRequired":true,"valueName":"search_term_string"}}],"inLanguage":"de"}]}},"_links":{"self":[{"href":"https:\/\/www.humanium.org\/de\/wp-json\/wp\/v2\/pages\/6555","targetHints":{"allow":["GET"]}}],"collection":[{"href":"https:\/\/www.humanium.org\/de\/wp-json\/wp\/v2\/pages"}],"about":[{"href":"https:\/\/www.humanium.org\/de\/wp-json\/wp\/v2\/types\/page"}],"author":[{"embeddable":true,"href":"https:\/\/www.humanium.org\/de\/wp-json\/wp\/v2\/users\/1"}],"replies":[{"embeddable":true,"href":"https:\/\/www.humanium.org\/de\/wp-json\/wp\/v2\/comments?post=6555"}],"version-history":[{"count":8,"href":"https:\/\/www.humanium.org\/de\/wp-json\/wp\/v2\/pages\/6555\/revisions"}],"predecessor-version":[{"id":20819,"href":"https:\/\/www.humanium.org\/de\/wp-json\/wp\/v2\/pages\/6555\/revisions\/20819"}],"wp:attachment":[{"href":"https:\/\/www.humanium.org\/de\/wp-json\/wp\/v2\/media?parent=6555"}],"curies":[{"name":"wp","href":"https:\/\/api.w.org\/{rel}","templated":true}]}}