{"id":6570,"date":"2016-05-23T09:26:20","date_gmt":"2016-05-23T09:26:20","guid":{"rendered":"http:\/\/www.humanium.org\/de\/?page_id=6570"},"modified":"2025-12-06T06:25:52","modified_gmt":"2025-12-06T06:25:52","slug":"rumaenien","status":"publish","type":"page","link":"https:\/\/www.humanium.org\/de\/rumaenien\/","title":{"rendered":"Kinder in Rum\u00e4nien"},"content":{"rendered":"<h1>Kinder in Rum\u00e4nien<\/h1>\n<h2>Die Verwirklichung der Kinderrechte in Rum\u00e4nien<\/h2>\n<p style=\"text-align: center;\"><img loading=\"lazy\" decoding=\"async\" class=\"size-full wp-image-5432 alignnone\" title=\"Girl of Romania \u00a9 Pk nd 90 (flickr)\" src=\"https:\/\/www.humanium.org\/en\/wp-content\/uploads\/2011\/12\/fillette-pk-nd-neuf-zero-flickr.jpg\" alt=\"\" width=\"202\" height=\"200\" \/> <img loading=\"lazy\" decoding=\"async\" class=\"alignnone size-full wp-image-5433\" title=\"Boy of romania \u00a9 Pk nd 90 (flickr)\" src=\"https:\/\/www.humanium.org\/en\/wp-content\/uploads\/2011\/12\/garcon-pk-nd-neuf-zero.jpg\" alt=\"\" width=\"198\" height=\"200\" \/><\/p>\n<p>Rum\u00e4nien, das vor kurzem der Europ\u00e4ischen Union beigetreten ist, muss weitere Schritte unternehmen, um die Kinderrechtskonvention vollst\u00e4ndig zu respektieren. Viele Rum\u00e4nen sind gezwungen, in Armut zu leben, ohne dass sie die M\u00f6glichkeit haben, all ihre Rechte in Anspruch zu nehmen.<\/p>\n<h3>Die Hauptprobleme, denen Kinder in Rum\u00e4nien begegnen:<\/h3>\n<p><strong><a href=\"https:\/\/www.humanium.org\/de\/armut\/\">Armut<\/a><\/strong><\/p>\n<p><img loading=\"lazy\" decoding=\"async\" class=\"alignright size-full wp-image-5448\" title=\"Ein Viertel der rum\u00e4nischen Bev\u00f6lkerung lebt unterhalb der Armutsgrenze \u00a9 Laughing tree (flickr)\" src=\"https:\/\/www.humanium.org\/en\/wp-content\/uploads\/2011\/12\/pauvrete-laughing-tree-flickr-noretouch.jpg\" alt=\"\" width=\"185\" height=\"200\" \/>Die wirtschaftliche Lage Rum\u00e4niens ist sehr schlecht. Das erkl\u00e4rt auch, warum ein Viertel der Bev\u00f6lkerung noch immer unterhalb der Armutsgrenze lebt.<\/p>\n<p>Diese von Armut betroffenen Familien sind weit davon entfernt, ihre Grundrechte wahrzunehmen, und haben auch wenig Hoffnung auf Ver\u00e4nderung. Deshalb leben auch die Kinder dieser Familien unter schwierigen Umst\u00e4nden, in denen der Zugang zu medizinischer Versorgung, Bildung, usw. eingeschr\u00e4nkt sind.<\/p>\n<p><strong><a href=\"https:\/\/www.humanium.org\/de\/kinderarbeit-2\/\" target=\"_blank\" rel=\"noopener\">Kinderarbeit<\/a><\/strong><\/p>\n<p>Die Armut in l\u00e4ndlichen Gegenden und D\u00f6rfern zwingt viele Kinder zur Kinderarbeit. Obwohl gesch\u00e4tzt wird, dass in Rum\u00e4nien nur ein Prozent der Kinder arbeitet, ist diese Zahl dennoch besorgniserregend.<\/p>\n<p>Diese Kinder, die mit dem Geld ihre Familien versorgen m\u00fcssen, sind oft gezwungen zu betteln, Autoscheiben zu waschen oder gar als Ziegelbrenner zu arbeiten. Diese T\u00e4tigkeiten sind sch\u00e4dlich f\u00fcr ihre k\u00f6rperliche und geistige Entwicklung.<\/p>\n<p>Diese Kinder, die oft auf der Stra\u00dfe leben, sind auch Opfer von <a href=\"https:\/\/www.humanium.org\/de\/focusdiskriminierung\/\">Diskriminierung<\/a>. Deshalb haben Sie wenig Hoffnung, eine bessere Arbeit zu finden und dieser Falle zu entkommen.<\/p>\n<p><strong><a href=\"https:\/\/www.humanium.org\/de\/das-recht-auf-gesundheit\/\">Das Recht auf medizinische Versorgung<\/a><\/strong><\/p>\n<p><img loading=\"lazy\" decoding=\"async\" class=\"alignright size-full wp-image-5449\" title=\"Der Mangel an Gesundheitspersonal hat negative Auswirkungen f\u00fcr Kinder \u00a9 Kate b dixon (flickr)\" src=\"https:\/\/www.humanium.org\/en\/wp-content\/uploads\/2011\/12\/sante-kate-b-dixon-no-retouch-flickr.jpg\" alt=\"\" width=\"182\" height=\"200\" \/>In Rum\u00e4nien ist von einem gro\u00dfen \u00c4rztemangel betroffen. L\u00e4ndliche Gegenden, die einen gro\u00dfen Teil des Landes ausmachen, sind verarmt. Die niedrigen L\u00f6hne und schlechten Arbeitsbedingungen in diesen Gegenden f\u00fchren dazu, dass \u00c4rzte lieber in den St\u00e4dten oder im Ausland arbeiten.<\/p>\n<p>Diese Situation hat gravierende Folgen f\u00fcr die Gesundheit der Kinder. Um schwangere Frauen k\u00fcmmert man sich beispielsweise nur wenig. Jedes Jahr werden mehr als 10.000 Schwangerschaften nicht \u00e4rztlich begleitet, was die gro\u00dfe Zahl der Kinder erkl\u00e4rt, die mit Untergewicht zur Welt kommen.<\/p>\n<p>Der \u00c4rztemangel und die fehlende Versorgung sorgen auch daf\u00fcr, dass rum\u00e4nische Kinder anf\u00e4llig f\u00fcr viele Krankheiten sind. Das erh\u00f6ht leider auch die Rate der Kinder, die vor dem f\u00fcnften Lebensjahr sterben. Es wird gesch\u00e4tzt, dass 12 Prozent der rum\u00e4nischen Kinder sterben, bevor sie dieses Alter erreicht haben.<\/p>\n<p><strong><a href=\"https:\/\/www.humanium.org\/de\/gewalt\/\">Gewalt gegen\u00fcber Kindern<\/a><\/strong><\/p>\n<p>In Rum\u00e4nien findet man viele Arten einer <a href=\"https:\/\/www.humanium.org\/de\/misshandlung\/\">schlechten Behandlung<\/a> von Kindern. Diese k\u00f6nnen unterschiedliche Formen annehmen: psychologisch, k\u00f6rperlich oder sexuell. Gewalt kann innerhalb der Familie oder durch Beh\u00f6rden ausge\u00fcbt werden und wird in diesem Land als \u201enormal\u201c angesehen. Es wird angenommen, dass Schl\u00e4ge Kinder erziehen k\u00f6nnen.<\/p>\n<p><strong><a href=\"https:\/\/www.humanium.org\/de\/kinderhandel\/\">Kinderhandel<\/a><\/strong><\/p>\n<p><img loading=\"lazy\" decoding=\"async\" class=\"alignright size-full wp-image-5450\" title=\"Gangs in Rum\u00e4nien bedrohen die Freiheit der Kinder \u00a9 Photos de biono (flickr)\" src=\"https:\/\/www.humanium.org\/en\/wp-content\/uploads\/2011\/12\/trafic-photos-de-bio-no-retouch-flickr.jpg\" alt=\"\" width=\"225\" height=\"150\" \/>Kindesentf\u00fchrungen sind in Rum\u00e4nien ein gravierendes Problem. Mafiabanden sind in Rum\u00e4nien sehr aktiv. Sie z\u00f6gern nicht, Kinder zu rekrutieren, und manchmal werden Kinder auch von ihren Eltern gegen Geld \u00fcbergeben. Die Kinder werden meist nach Frankreich geschickt, wo sie unter anderem in Paris Geld aus Parkautomaten stehlen.<\/p>\n<p>Die Kinder und ihre Familien haben Angst, dass diese Gangs ihre Anweisungen mit Gewalt durchsetzen. Kinder sind diesem Trauma ausgesetzt und es ist sehr schwer, diesen Gangs zu entkommen und nach Hause zur\u00fcckzukehren.<\/p>\n<p>Au\u00dferdem werden M\u00e4dchen Opfer eines Kinderhandels, der zur <a href=\"https:\/\/www.humanium.org\/de\/kinderprostitution\/\">Prostitution<\/a> f\u00fchrt. Sie haben meist nur wenig Hoffnung, den Banden zu entkommen, da diese sie missbrauchen. Sie werden psychisch und k\u00f6rperlich traumatisiert, wovon sie sich kaum erholen k\u00f6nnen.<\/p>\n<p><strong><a href=\"https:\/\/www.humanium.org\/de\/focusdiskriminierung\/\" target=\"_blank\" rel=\"noopener\">Diskriminierung<\/a><\/strong><\/p>\n<p>Die Roma-Bev\u00f6lkerung, oft Zigeuner genannt, hat sich in Osteuropa niedergelassen; mehr als drei Millionen von ihnen leben in Rum\u00e4nien. Obwohl sie aus diesem Land stammen, gibt es viele F\u00e4lle von Diskriminierungen gegen sie.<\/p>\n<p>Gemeinsam mit ihren Kindern leben sie oft in extremer Armut. Gesch\u00e4tzte 40 Prozent von ihnen leben unterhalb der Armutsgrenze. Dies hat Auswirkungen auf ihre physische Gesundheit. So ist beispielsweise ihre Lebenserwartung um 15 Jahre geringer als die anderer Rum\u00e4nen.<\/p>\n<p>Au\u00dferdem sind diese Menschen dar\u00fcber hinaus einer scharfen Diskriminierung gegen\u00fcber Kindern und Erwachsenen ausgesetzt. Der Zugang zu Bildung, zu bestimmten Jobs sowie Gesundheits- und Sozialleistungen ist oftmals begrenzt.<\/p>\n<p><strong><a href=\"https:\/\/www.humanium.org\/de\/recht-bildung\/\">Das Recht auf Bildung<\/a><\/strong><\/p>\n<p><img loading=\"lazy\" decoding=\"async\" class=\"alignright size-full wp-image-5451\" title=\"10 Prozent der rum\u00e4nischen Kinder erhalten keine Schulbildung \u00a9350org (flickr)\" src=\"https:\/\/www.humanium.org\/en\/wp-content\/uploads\/2011\/12\/education-troiscentcinquante-org-flickr.jpg\" alt=\"\" width=\"202\" height=\"186\" \/>In Rum\u00e4nien ist Bildung f\u00fcr Kinder im Alter von 6 bis 15 Jahren verpflichtend. Kinder k\u00f6nnen je nach dem Wunsch der Eltern staatliche oder private Schulen besuchen. Aufgrund der schwierigen Wirtschaftslage im Land hat die Regierung die Ausgaben f\u00fcr Bildung reduziert, was zu einem R\u00fcckgang in der Zahl der Lehrer gef\u00fchrt hat. Niedrige Geh\u00e4lter und das geringe Ansehen der Lehrer f\u00fchrt dazu, dass junge Leute keine Lehrer mehr werden wollen.<\/p>\n<p>Mit dem R\u00fcckgang der Schulstrukturen und Lehrer ist auch die Qualit\u00e4t der Bildung gesunken.<\/p>\n<p>Nur etwa 90 Prozent der Kinder genie\u00dfen eine Schulbildung. Kinder aus armen Familien sind von diesem Problem am ehesten betroffen, da ihre Eltern h\u00e4ufig m\u00f6chten, dass sie arbeiten anstatt zu studieren.<\/p>\n<p><strong><a href=\"https:\/\/www.humanium.org\/de\/recht-auf-identitat\/\">Das Recht auf Identit\u00e4t<\/a><\/strong><\/p>\n<p>Die rum\u00e4nische Staatsb\u00fcrgerschaft ist \u00fcbertragbar, solange eines der Elternteile rum\u00e4nische ist. Allerdings werden Kinder in Rum\u00e4nien bei ihrer Geburt nicht immer registriert, sodass sie keine offizielle Identit\u00e4t haben.<\/p>\n<p>Die Eltern der Kinder, die dieser Gefahr am st\u00e4rksten ausgesetzt sind, haben meist selbst keine Ausweisdokumente oder eine Anschrift in Rum\u00e4nien. Ihr eigene Illegalit\u00e4t h\u00e4lt sie davon ab, ihre Kinder bei den Beh\u00f6rden offiziell anzugeben, da sie f\u00fcrchten, von den Beh\u00f6rden in ihre Heimatl\u00e4nder zur\u00fcckgeschickt zu werden.<\/p>\n<p>Die Situation und Entwicklung dieser Kinder sind k\u00f6nnen sehr begrenzt sein, da sie ohne offizielle Identit\u00e4t keinen Zugang zu \u00f6ffentlichen Einrichtungen wie Bildung, Gesundheit, usw. haben.<\/p>\n","protected":false},"excerpt":{"rendered":"<p>Kinder in Rum\u00e4nien Die Verwirklichung der Kinderrechte in Rum\u00e4nien Rum\u00e4nien, das vor kurzem der Europ\u00e4ischen Union beigetreten ist, muss weitere Schritte unternehmen, um die Kinderrechtskonvention vollst\u00e4ndig zu respektieren. Viele Rum\u00e4nen sind gezwungen, in Armut zu leben, ohne dass sie die M\u00f6glichkeit haben, all ihre Rechte in Anspruch zu nehmen. Die Hauptprobleme, denen Kinder in Rum\u00e4nien [&hellip;]<\/p>\n","protected":false},"author":1,"featured_media":0,"parent":0,"menu_order":0,"comment_status":"closed","ping_status":"closed","template":"","meta":{"footnotes":""},"class_list":["post-6570","page","type-page","status-publish","hentry"],"yoast_head":"<!-- This site is optimized with the Yoast SEO plugin v26.5 - https:\/\/yoast.com\/wordpress\/plugins\/seo\/ -->\n<title>Kinder in Rum\u00e4nien - Humanium<\/title>\n<meta name=\"description\" content=\"Rum\u00e4nien, das vor kurzem der Europ\u00e4ischen Union beigetreten ist, muss weitere Schritte unternehmen, um die Kinderrechtskonvention zu respektieren.\" \/>\n<meta name=\"robots\" content=\"index, follow, max-snippet:-1, max-image-preview:large, max-video-preview:-1\" \/>\n<link rel=\"canonical\" href=\"https:\/\/www.humanium.org\/de\/rumaenien\/\" \/>\n<meta property=\"og:locale\" content=\"de_DE\" \/>\n<meta property=\"og:type\" content=\"article\" \/>\n<meta property=\"og:title\" content=\"Kinder in Rum\u00e4nien - Humanium\" \/>\n<meta property=\"og:description\" content=\"Rum\u00e4nien, das vor kurzem der Europ\u00e4ischen Union beigetreten ist, muss weitere Schritte unternehmen, um die Kinderrechtskonvention zu respektieren.\" \/>\n<meta property=\"og:url\" content=\"https:\/\/www.humanium.org\/de\/rumaenien\/\" \/>\n<meta property=\"og:site_name\" content=\"Humanium\" \/>\n<meta property=\"article:modified_time\" content=\"2025-12-06T06:25:52+00:00\" \/>\n<meta name=\"twitter:card\" content=\"summary_large_image\" \/>\n<meta name=\"twitter:label1\" content=\"Gesch\u00e4tzte Lesezeit\" \/>\n\t<meta name=\"twitter:data1\" content=\"6\u00a0Minuten\" \/>\n<script type=\"application\/ld+json\" class=\"yoast-schema-graph\">{\"@context\":\"https:\/\/schema.org\",\"@graph\":[{\"@type\":\"WebPage\",\"@id\":\"https:\/\/www.humanium.org\/de\/rumaenien\/\",\"url\":\"https:\/\/www.humanium.org\/de\/rumaenien\/\",\"name\":\"Kinder in Rum\u00e4nien - Humanium\",\"isPartOf\":{\"@id\":\"https:\/\/www.humanium.org\/de\/#website\"},\"primaryImageOfPage\":{\"@id\":\"https:\/\/www.humanium.org\/de\/rumaenien\/#primaryimage\"},\"image\":{\"@id\":\"https:\/\/www.humanium.org\/de\/rumaenien\/#primaryimage\"},\"thumbnailUrl\":\"https:\/\/www.humanium.org\/en\/wp-content\/uploads\/2011\/12\/fillette-pk-nd-neuf-zero-flickr.jpg\",\"datePublished\":\"2016-05-23T09:26:20+00:00\",\"dateModified\":\"2025-12-06T06:25:52+00:00\",\"description\":\"Rum\u00e4nien, das vor kurzem der Europ\u00e4ischen Union beigetreten ist, muss weitere Schritte unternehmen, um die Kinderrechtskonvention zu respektieren.\",\"breadcrumb\":{\"@id\":\"https:\/\/www.humanium.org\/de\/rumaenien\/#breadcrumb\"},\"inLanguage\":\"de\",\"potentialAction\":[{\"@type\":\"ReadAction\",\"target\":[\"https:\/\/www.humanium.org\/de\/rumaenien\/\"]}]},{\"@type\":\"ImageObject\",\"inLanguage\":\"de\",\"@id\":\"https:\/\/www.humanium.org\/de\/rumaenien\/#primaryimage\",\"url\":\"https:\/\/www.humanium.org\/en\/wp-content\/uploads\/2011\/12\/fillette-pk-nd-neuf-zero-flickr.jpg\",\"contentUrl\":\"https:\/\/www.humanium.org\/en\/wp-content\/uploads\/2011\/12\/fillette-pk-nd-neuf-zero-flickr.jpg\"},{\"@type\":\"BreadcrumbList\",\"@id\":\"https:\/\/www.humanium.org\/de\/rumaenien\/#breadcrumb\",\"itemListElement\":[{\"@type\":\"ListItem\",\"position\":1,\"name\":\"Home\",\"item\":\"https:\/\/www.humanium.org\/de\/\"},{\"@type\":\"ListItem\",\"position\":2,\"name\":\"Kinder in Rum\u00e4nien\"}]},{\"@type\":\"WebSite\",\"@id\":\"https:\/\/www.humanium.org\/de\/#website\",\"url\":\"https:\/\/www.humanium.org\/de\/\",\"name\":\"Humanium\",\"description\":\"Kinder zuerst!\",\"potentialAction\":[{\"@type\":\"SearchAction\",\"target\":{\"@type\":\"EntryPoint\",\"urlTemplate\":\"https:\/\/www.humanium.org\/de\/?s={search_term_string}\"},\"query-input\":{\"@type\":\"PropertyValueSpecification\",\"valueRequired\":true,\"valueName\":\"search_term_string\"}}],\"inLanguage\":\"de\"}]}<\/script>\n<!-- \/ Yoast SEO plugin. -->","yoast_head_json":{"title":"Kinder in Rum\u00e4nien - Humanium","description":"Rum\u00e4nien, das vor kurzem der Europ\u00e4ischen Union beigetreten ist, muss weitere Schritte unternehmen, um die Kinderrechtskonvention zu respektieren.","robots":{"index":"index","follow":"follow","max-snippet":"max-snippet:-1","max-image-preview":"max-image-preview:large","max-video-preview":"max-video-preview:-1"},"canonical":"https:\/\/www.humanium.org\/de\/rumaenien\/","og_locale":"de_DE","og_type":"article","og_title":"Kinder in Rum\u00e4nien - Humanium","og_description":"Rum\u00e4nien, das vor kurzem der Europ\u00e4ischen Union beigetreten ist, muss weitere Schritte unternehmen, um die Kinderrechtskonvention zu respektieren.","og_url":"https:\/\/www.humanium.org\/de\/rumaenien\/","og_site_name":"Humanium","article_modified_time":"2025-12-06T06:25:52+00:00","twitter_card":"summary_large_image","twitter_misc":{"Gesch\u00e4tzte Lesezeit":"6\u00a0Minuten"},"schema":{"@context":"https:\/\/schema.org","@graph":[{"@type":"WebPage","@id":"https:\/\/www.humanium.org\/de\/rumaenien\/","url":"https:\/\/www.humanium.org\/de\/rumaenien\/","name":"Kinder in Rum\u00e4nien - Humanium","isPartOf":{"@id":"https:\/\/www.humanium.org\/de\/#website"},"primaryImageOfPage":{"@id":"https:\/\/www.humanium.org\/de\/rumaenien\/#primaryimage"},"image":{"@id":"https:\/\/www.humanium.org\/de\/rumaenien\/#primaryimage"},"thumbnailUrl":"https:\/\/www.humanium.org\/en\/wp-content\/uploads\/2011\/12\/fillette-pk-nd-neuf-zero-flickr.jpg","datePublished":"2016-05-23T09:26:20+00:00","dateModified":"2025-12-06T06:25:52+00:00","description":"Rum\u00e4nien, das vor kurzem der Europ\u00e4ischen Union beigetreten ist, muss weitere Schritte unternehmen, um die Kinderrechtskonvention zu respektieren.","breadcrumb":{"@id":"https:\/\/www.humanium.org\/de\/rumaenien\/#breadcrumb"},"inLanguage":"de","potentialAction":[{"@type":"ReadAction","target":["https:\/\/www.humanium.org\/de\/rumaenien\/"]}]},{"@type":"ImageObject","inLanguage":"de","@id":"https:\/\/www.humanium.org\/de\/rumaenien\/#primaryimage","url":"https:\/\/www.humanium.org\/en\/wp-content\/uploads\/2011\/12\/fillette-pk-nd-neuf-zero-flickr.jpg","contentUrl":"https:\/\/www.humanium.org\/en\/wp-content\/uploads\/2011\/12\/fillette-pk-nd-neuf-zero-flickr.jpg"},{"@type":"BreadcrumbList","@id":"https:\/\/www.humanium.org\/de\/rumaenien\/#breadcrumb","itemListElement":[{"@type":"ListItem","position":1,"name":"Home","item":"https:\/\/www.humanium.org\/de\/"},{"@type":"ListItem","position":2,"name":"Kinder in Rum\u00e4nien"}]},{"@type":"WebSite","@id":"https:\/\/www.humanium.org\/de\/#website","url":"https:\/\/www.humanium.org\/de\/","name":"Humanium","description":"Kinder zuerst!","potentialAction":[{"@type":"SearchAction","target":{"@type":"EntryPoint","urlTemplate":"https:\/\/www.humanium.org\/de\/?s={search_term_string}"},"query-input":{"@type":"PropertyValueSpecification","valueRequired":true,"valueName":"search_term_string"}}],"inLanguage":"de"}]}},"_links":{"self":[{"href":"https:\/\/www.humanium.org\/de\/wp-json\/wp\/v2\/pages\/6570","targetHints":{"allow":["GET"]}}],"collection":[{"href":"https:\/\/www.humanium.org\/de\/wp-json\/wp\/v2\/pages"}],"about":[{"href":"https:\/\/www.humanium.org\/de\/wp-json\/wp\/v2\/types\/page"}],"author":[{"embeddable":true,"href":"https:\/\/www.humanium.org\/de\/wp-json\/wp\/v2\/users\/1"}],"replies":[{"embeddable":true,"href":"https:\/\/www.humanium.org\/de\/wp-json\/wp\/v2\/comments?post=6570"}],"version-history":[{"count":5,"href":"https:\/\/www.humanium.org\/de\/wp-json\/wp\/v2\/pages\/6570\/revisions"}],"predecessor-version":[{"id":20820,"href":"https:\/\/www.humanium.org\/de\/wp-json\/wp\/v2\/pages\/6570\/revisions\/20820"}],"wp:attachment":[{"href":"https:\/\/www.humanium.org\/de\/wp-json\/wp\/v2\/media?parent=6570"}],"curies":[{"name":"wp","href":"https:\/\/api.w.org\/{rel}","templated":true}]}}