{"id":6591,"date":"2016-05-30T09:38:21","date_gmt":"2016-05-30T09:38:21","guid":{"rendered":"http:\/\/www.humanium.org\/de\/?page_id=6591"},"modified":"2025-12-05T16:52:38","modified_gmt":"2025-12-05T16:52:38","slug":"japan","status":"publish","type":"page","link":"https:\/\/www.humanium.org\/de\/japan\/","title":{"rendered":"Kinder in Japan"},"content":{"rendered":"<h1>Kinder in Japan<\/h1>\n<h2>Die Rechte der Kinder in Stein mei\u00dfeln<\/h2>\n<p style=\"text-align: center;\"><img loading=\"lazy\" decoding=\"async\" class=\"alignnone size-full wp-image-3481\" title=\"Girl of Japan \u00a9 Tolga musato (flickr)\" src=\"https:\/\/www.humanium.org\/en\/wp-content\/uploads\/2011\/09\/japon-fille-tolga-musato-flickr.jpg\" alt=\"\" width=\"150\" height=\"200\" \/> <img loading=\"lazy\" decoding=\"async\" class=\"alignnone size-full wp-image-3482\" title=\"Boy of Japan \u00a9 Usrc (flickr)\" src=\"https:\/\/www.humanium.org\/en\/wp-content\/uploads\/2011\/09\/japon-garcon-usr.c-flick.jpg\" alt=\"\" width=\"300\" height=\"200\" \/><\/p>\n<p style=\"text-align: justify;\">Japan, ein Inselstaat in Ostasien, ist als die drittst\u00e4rkste Wirtschaftsmacht der Welt sehr weit entwickelt, mit einem hohen Lebensstandard und der Hoffnung auf ein langes Leben. Dar\u00fcber hinaus nimmt das Land viele Anstrengungen in Bezug auf die Rechte der Kinder auf sich. Trotz dieses idyllischen Bildes wird der Archipel noch mit einigen Problemen konfrontiert.<\/p>\n<h3>Die Hauptprobleme der Kinder in Japan :<\/h3>\n<p><strong><a href=\"https:\/\/www.humanium.org\/en\/poor-children\/\">Armut<\/a><\/strong><\/p>\n<p style=\"text-align: justify;\">Mehr als 15 % der Japaner leben heute in Armut. Eine erschreckende Zahl, da Japan lange Zeit als egalit\u00e4res Land galt. Die Situation ist noch besorgniserregender in Bezug auf Einelternfamilien, insbesondere alleinerziehende M\u00fctter, die oft mehrere Jobs auf einmal brauchen, um ihre Kinder zu ern\u00e4hren.<\/p>\n<p style=\"text-align: justify;\">Dar\u00fcber hinaus ist die Zunahme an <a href=\"https:\/\/www.humanium.org\/en\/poor-children\/\">armen Kindern<\/a>, die in der Schule von Stipendien profitieren, ein Indikator f\u00fcr die Ausbreitung gro\u00dfer Armut. Kinder, die in Armut geraten, leben in gro\u00dfer Unsicherheit und ihr Zugang zu ihren prim\u00e4ren Rechten wird schnell beeintr\u00e4chtigt.<\/p>\n<p><strong><a href=\"https:\/\/www.humanium.org\/en\/abuse\/\">Kindesmissbrauch<\/a><\/strong><\/p>\n<p style=\"text-align: justify;\"><img loading=\"lazy\" decoding=\"async\" class=\"alignright size-full wp-image-3493\" title=\"Some children live in hell at home \u00a9 Benjamin Krause (flickr)\" src=\"https:\/\/www.humanium.org\/en\/wp-content\/uploads\/2011\/09\/violences-benjaminkrause-flickr.jpg\" alt=\"\" width=\"136\" height=\"200\" \/>Die Anzahl an F\u00e4llen von <a href=\"https:\/\/www.humanium.org\/en\/abuse\/\">Kindesmissbrauch<\/a> hat ein neues Rekordhoch in Japan erreicht. In zwanzig Jahren sind die Zahlen exponentiell angestiegen. 1990 wurden 1.000 F\u00e4lle von Missbrauch (physisch oder sexuell) verzeichnet, verglichen mit 55.000 F\u00e4llen im Jahr 2010.<\/p>\n<p style=\"text-align: justify;\">Diese Kinder, die vernachl\u00e4ssigt, eingeschlossen, unterern\u00e4hrt oder verpr\u00fcgelt werden, sind ein Zeichen daf\u00fcr, dass das japanische System zum Schutz der Kinder am Rande des Zusammenbruchs steht. Um dieses System zu \u201eheilen\u201c, ist es notwendig die japanischen Familien zu informieren und f\u00fcr die Rechte der Kinder zu sensibilisieren.<\/p>\n<p><strong><a href=\"https:\/\/www.humanium.org\/en\/nondiscrimination\/\">Gleichberechtigung<\/a><\/strong><\/p>\n<p style=\"text-align: justify;\">In Japan existiert eine starke <a href=\"https:\/\/www.humanium.org\/en\/nondiscrimination\/\">Diskriminierung<\/a> in Bezug auf die Rechte der Kinder. Diese Diskriminierung kann in zwei Formen vorkommen: Rassen- oder geschlechtsspezifisch.<\/p>\n<p style=\"text-align: justify;\"><em>Geschlechtsspezifische Diskriminierung<\/em>: Es wird allgemein erwartet, dass M\u00e4dchen gute Hausfrauen werden, w\u00e4hrend Jungen hochrangige Berufe haben sollen.<\/p>\n<p style=\"text-align: justify;\"><em>Rassenspezifische Diskriminierung<\/em>: Kinder von nicht-japanischen Eltern leiden regelm\u00e4\u00dfig unter Diskriminierung. In der Tat sind andere Kinder vorsichtig, sie zu akzeptieren. Zudem sind sie der Gegenstand von Spott. Lehrer und Eltern, die damit konfrontiert werden, unternehmen nur selten einen Versuch ihre Kinder auf dieses Rassismus-Problem aufmerksam zu machen. Sie m\u00fcssen ihren Kindern noch den gegenseitigen Respekt und Akzeptanz von Unterschieden beibringen.<\/p>\n<p><strong>Recht auf Bildung<\/strong><\/p>\n<p style=\"text-align: justify;\"><img loading=\"lazy\" decoding=\"async\" class=\"alignright size-full wp-image-3494\" title=\"The course of excellence starts early in Japan \u00a9 Dana Spencer (flickr)\" src=\"https:\/\/www.humanium.org\/en\/wp-content\/uploads\/2011\/09\/education-danaspencer-noretouch-flickr.jpg\" alt=\"\" width=\"267\" height=\"200\" \/>In Japan ist das Hochschulsystem sehr elit\u00e4r. Vom Kindergarten school, an bis zu ihrem Eintritt in die Universit\u00e4t arbeiten die Kinder sehr hart. Selbst einige Kinderg\u00e4rten konkurrieren, um die \u201ebesten\u201c Kinder bei sich aufzunehmen.<\/p>\n<p style=\"text-align: justify;\">Die Konsequenzen aus dieser Praxis sind f\u00fcr die Kinder schrecklich. Tats\u00e4chlich sehen einige Kinder unter dem konstanten Stress mit der \u201ePflicht zur Exzellenz\u201c Selbstmord als einzigen Ausweg. Tragischer Weise gibt es eine lange Liste an Suiziden unter Sch\u00fclern, die dem Druck in der Schule nicht gewachsen waren.<\/p>\n<p><strong><a href=\"https:\/\/www.humanium.org\/en\/sexual-abuse-children\/\">Sexuelle Ausbeutung von Kindern<\/a><\/strong><\/p>\n<p style=\"text-align: justify;\"><img loading=\"lazy\" decoding=\"async\" class=\"alignright size-full wp-image-3495\" title=\"Childhood is an inalienable right \u00a9 Aranmanoth (flickr)\" src=\"https:\/\/www.humanium.org\/en\/wp-content\/uploads\/2011\/09\/exploitation-aranmanoth-flickr.jpg\" alt=\"\" width=\"124\" height=\"200\" \/>Japan ist ein beliebtes Land f\u00fcr <a href=\"https:\/\/www.humanium.org\/en\/child-trafficking\/\">Menschenhandel mit M\u00e4dchen<\/a>im Teenageralter aus Asien, Lateinamerika sowie aus Osteuropa. Ihnen wird glaubhaft gemacht, dass sie, sobald sie in Japan sind, einen guten Job bekommen k\u00f6nnen, aber die Realit\u00e4t sieht ganz anders aus. In Wirklichkeit werden sie schnell<a href=\"https:\/\/www.humanium.org\/en\/child-prostitution\/\"> dazu gezwungen, sich zu prostituieren<\/a>.<\/p>\n<p style=\"text-align: justify;\">Diese M\u00e4dchen werden von den Beh\u00f6rden oft nicht als Opfer von Menschenhandel besch\u00fctzt, sondern sogar wie Kriminelle behandelt, weil sie gegen das Einwanderungsgesetz versto\u00dfen haben. Sie werden ohne jede Art von psychologischer oder materieller Hilfe in ihre Herkunftsl\u00e4nder zur\u00fcckgeschickt. Japan versucht seit einigen Jahren diesen problematischen Umgang mit den jungen M\u00e4dchen zu verbessern, aber es gibt nach wie vor einen gro\u00dfen Mangel an ausreichender Hilfe.<\/p>\n<p><strong>Umwelt<\/strong><\/p>\n<p style=\"text-align: justify;\"><img loading=\"lazy\" decoding=\"async\" class=\"alignright size-full wp-image-3496\" title=\"The ecological imprint of Japan, too high, is harmful for children\u2019s health \u00a9 Paul Rossman (flickr)\" src=\"https:\/\/www.humanium.org\/en\/wp-content\/uploads\/2011\/09\/environment-paulrossman-noretouch-flickr.jpg\" alt=\"\" width=\"267\" height=\"200\" \/>Mit 4,9 Tonnen an CO2-Emissionen pro Einwohner und Jahr, muss Japans Situation im Hinblick auf die Verschmutzung verbessert werden. Dieser letzte Punkt hat einen sch\u00e4dlichen Einfluss auf das Leben der Kinder und ihre Perspektive f\u00fcr die Zukunft.<\/p>\n<p style=\"text-align: justify;\">Ihr Recht zu leben und in einer gesunden Umwelt aufzuwachsen, wird nicht respektiert. Deswegen muss Japan einige Fortschritte bei der Reduzierung seines \u00f6kologischen Fu\u00dfabdrucks machen (Der \u00f6kologische Fu\u00dfabdruck ist die notwendige Fl\u00e4che, die eine Person oder eine Gruppe braucht, um das zu erzeugen, was sie konsumieren und das zu absorbieren, was sie verschwenden).<\/p>\n","protected":false},"excerpt":{"rendered":"<p>Kinder in Japan Die Rechte der Kinder in Stein mei\u00dfeln Japan, ein Inselstaat in Ostasien, ist als die drittst\u00e4rkste Wirtschaftsmacht der Welt sehr weit entwickelt, mit einem hohen Lebensstandard und der Hoffnung auf ein langes Leben. Dar\u00fcber hinaus nimmt das Land viele Anstrengungen in Bezug auf die Rechte der Kinder auf sich. Trotz dieses idyllischen [&hellip;]<\/p>\n","protected":false},"author":1,"featured_media":0,"parent":0,"menu_order":0,"comment_status":"closed","ping_status":"closed","template":"","meta":{"footnotes":""},"class_list":["post-6591","page","type-page","status-publish","hentry"],"yoast_head":"<!-- This site is optimized with the Yoast SEO plugin v26.5 - https:\/\/yoast.com\/wordpress\/plugins\/seo\/ -->\n<title>Kinder in Japan - Humanium<\/title>\n<meta name=\"description\" content=\"Japan nimmt viele Anstrengungen in Bezug auf die Rechte der Kinder auf sich. Trotzdem wird der Archipel noch mit einigen Problemen konfrontiert.\" \/>\n<meta name=\"robots\" content=\"index, follow, max-snippet:-1, max-image-preview:large, max-video-preview:-1\" \/>\n<link rel=\"canonical\" href=\"https:\/\/www.humanium.org\/de\/japan\/\" \/>\n<meta property=\"og:locale\" content=\"de_DE\" \/>\n<meta property=\"og:type\" content=\"article\" \/>\n<meta property=\"og:title\" content=\"Kinder in Japan - Humanium\" \/>\n<meta property=\"og:description\" content=\"Japan nimmt viele Anstrengungen in Bezug auf die Rechte der Kinder auf sich. Trotzdem wird der Archipel noch mit einigen Problemen konfrontiert.\" \/>\n<meta property=\"og:url\" content=\"https:\/\/www.humanium.org\/de\/japan\/\" \/>\n<meta property=\"og:site_name\" content=\"Humanium\" \/>\n<meta property=\"article:modified_time\" content=\"2025-12-05T16:52:38+00:00\" \/>\n<meta name=\"twitter:card\" content=\"summary_large_image\" \/>\n<meta name=\"twitter:label1\" content=\"Gesch\u00e4tzte Lesezeit\" \/>\n\t<meta name=\"twitter:data1\" content=\"5\u00a0Minuten\" \/>\n<script type=\"application\/ld+json\" class=\"yoast-schema-graph\">{\"@context\":\"https:\/\/schema.org\",\"@graph\":[{\"@type\":\"WebPage\",\"@id\":\"https:\/\/www.humanium.org\/de\/japan\/\",\"url\":\"https:\/\/www.humanium.org\/de\/japan\/\",\"name\":\"Kinder in Japan - Humanium\",\"isPartOf\":{\"@id\":\"https:\/\/www.humanium.org\/de\/#website\"},\"primaryImageOfPage\":{\"@id\":\"https:\/\/www.humanium.org\/de\/japan\/#primaryimage\"},\"image\":{\"@id\":\"https:\/\/www.humanium.org\/de\/japan\/#primaryimage\"},\"thumbnailUrl\":\"https:\/\/www.humanium.org\/en\/wp-content\/uploads\/2011\/09\/japon-fille-tolga-musato-flickr.jpg\",\"datePublished\":\"2016-05-30T09:38:21+00:00\",\"dateModified\":\"2025-12-05T16:52:38+00:00\",\"description\":\"Japan nimmt viele Anstrengungen in Bezug auf die Rechte der Kinder auf sich. Trotzdem wird der Archipel noch mit einigen Problemen konfrontiert.\",\"breadcrumb\":{\"@id\":\"https:\/\/www.humanium.org\/de\/japan\/#breadcrumb\"},\"inLanguage\":\"de\",\"potentialAction\":[{\"@type\":\"ReadAction\",\"target\":[\"https:\/\/www.humanium.org\/de\/japan\/\"]}]},{\"@type\":\"ImageObject\",\"inLanguage\":\"de\",\"@id\":\"https:\/\/www.humanium.org\/de\/japan\/#primaryimage\",\"url\":\"https:\/\/www.humanium.org\/en\/wp-content\/uploads\/2011\/09\/japon-fille-tolga-musato-flickr.jpg\",\"contentUrl\":\"https:\/\/www.humanium.org\/en\/wp-content\/uploads\/2011\/09\/japon-fille-tolga-musato-flickr.jpg\"},{\"@type\":\"BreadcrumbList\",\"@id\":\"https:\/\/www.humanium.org\/de\/japan\/#breadcrumb\",\"itemListElement\":[{\"@type\":\"ListItem\",\"position\":1,\"name\":\"Home\",\"item\":\"https:\/\/www.humanium.org\/de\/\"},{\"@type\":\"ListItem\",\"position\":2,\"name\":\"Kinder in Japan\"}]},{\"@type\":\"WebSite\",\"@id\":\"https:\/\/www.humanium.org\/de\/#website\",\"url\":\"https:\/\/www.humanium.org\/de\/\",\"name\":\"Humanium\",\"description\":\"Kinder zuerst!\",\"potentialAction\":[{\"@type\":\"SearchAction\",\"target\":{\"@type\":\"EntryPoint\",\"urlTemplate\":\"https:\/\/www.humanium.org\/de\/?s={search_term_string}\"},\"query-input\":{\"@type\":\"PropertyValueSpecification\",\"valueRequired\":true,\"valueName\":\"search_term_string\"}}],\"inLanguage\":\"de\"}]}<\/script>\n<!-- \/ Yoast SEO plugin. -->","yoast_head_json":{"title":"Kinder in Japan - Humanium","description":"Japan nimmt viele Anstrengungen in Bezug auf die Rechte der Kinder auf sich. Trotzdem wird der Archipel noch mit einigen Problemen konfrontiert.","robots":{"index":"index","follow":"follow","max-snippet":"max-snippet:-1","max-image-preview":"max-image-preview:large","max-video-preview":"max-video-preview:-1"},"canonical":"https:\/\/www.humanium.org\/de\/japan\/","og_locale":"de_DE","og_type":"article","og_title":"Kinder in Japan - Humanium","og_description":"Japan nimmt viele Anstrengungen in Bezug auf die Rechte der Kinder auf sich. Trotzdem wird der Archipel noch mit einigen Problemen konfrontiert.","og_url":"https:\/\/www.humanium.org\/de\/japan\/","og_site_name":"Humanium","article_modified_time":"2025-12-05T16:52:38+00:00","twitter_card":"summary_large_image","twitter_misc":{"Gesch\u00e4tzte Lesezeit":"5\u00a0Minuten"},"schema":{"@context":"https:\/\/schema.org","@graph":[{"@type":"WebPage","@id":"https:\/\/www.humanium.org\/de\/japan\/","url":"https:\/\/www.humanium.org\/de\/japan\/","name":"Kinder in Japan - Humanium","isPartOf":{"@id":"https:\/\/www.humanium.org\/de\/#website"},"primaryImageOfPage":{"@id":"https:\/\/www.humanium.org\/de\/japan\/#primaryimage"},"image":{"@id":"https:\/\/www.humanium.org\/de\/japan\/#primaryimage"},"thumbnailUrl":"https:\/\/www.humanium.org\/en\/wp-content\/uploads\/2011\/09\/japon-fille-tolga-musato-flickr.jpg","datePublished":"2016-05-30T09:38:21+00:00","dateModified":"2025-12-05T16:52:38+00:00","description":"Japan nimmt viele Anstrengungen in Bezug auf die Rechte der Kinder auf sich. Trotzdem wird der Archipel noch mit einigen Problemen konfrontiert.","breadcrumb":{"@id":"https:\/\/www.humanium.org\/de\/japan\/#breadcrumb"},"inLanguage":"de","potentialAction":[{"@type":"ReadAction","target":["https:\/\/www.humanium.org\/de\/japan\/"]}]},{"@type":"ImageObject","inLanguage":"de","@id":"https:\/\/www.humanium.org\/de\/japan\/#primaryimage","url":"https:\/\/www.humanium.org\/en\/wp-content\/uploads\/2011\/09\/japon-fille-tolga-musato-flickr.jpg","contentUrl":"https:\/\/www.humanium.org\/en\/wp-content\/uploads\/2011\/09\/japon-fille-tolga-musato-flickr.jpg"},{"@type":"BreadcrumbList","@id":"https:\/\/www.humanium.org\/de\/japan\/#breadcrumb","itemListElement":[{"@type":"ListItem","position":1,"name":"Home","item":"https:\/\/www.humanium.org\/de\/"},{"@type":"ListItem","position":2,"name":"Kinder in Japan"}]},{"@type":"WebSite","@id":"https:\/\/www.humanium.org\/de\/#website","url":"https:\/\/www.humanium.org\/de\/","name":"Humanium","description":"Kinder zuerst!","potentialAction":[{"@type":"SearchAction","target":{"@type":"EntryPoint","urlTemplate":"https:\/\/www.humanium.org\/de\/?s={search_term_string}"},"query-input":{"@type":"PropertyValueSpecification","valueRequired":true,"valueName":"search_term_string"}}],"inLanguage":"de"}]}},"_links":{"self":[{"href":"https:\/\/www.humanium.org\/de\/wp-json\/wp\/v2\/pages\/6591","targetHints":{"allow":["GET"]}}],"collection":[{"href":"https:\/\/www.humanium.org\/de\/wp-json\/wp\/v2\/pages"}],"about":[{"href":"https:\/\/www.humanium.org\/de\/wp-json\/wp\/v2\/types\/page"}],"author":[{"embeddable":true,"href":"https:\/\/www.humanium.org\/de\/wp-json\/wp\/v2\/users\/1"}],"replies":[{"embeddable":true,"href":"https:\/\/www.humanium.org\/de\/wp-json\/wp\/v2\/comments?post=6591"}],"version-history":[{"count":4,"href":"https:\/\/www.humanium.org\/de\/wp-json\/wp\/v2\/pages\/6591\/revisions"}],"predecessor-version":[{"id":20101,"href":"https:\/\/www.humanium.org\/de\/wp-json\/wp\/v2\/pages\/6591\/revisions\/20101"}],"wp:attachment":[{"href":"https:\/\/www.humanium.org\/de\/wp-json\/wp\/v2\/media?parent=6591"}],"curies":[{"name":"wp","href":"https:\/\/api.w.org\/{rel}","templated":true}]}}