{"id":6597,"date":"2016-05-31T11:42:23","date_gmt":"2016-05-31T11:42:23","guid":{"rendered":"http:\/\/www.humanium.org\/de\/?page_id=6597"},"modified":"2025-12-05T16:51:29","modified_gmt":"2025-12-05T16:51:29","slug":"die-kinder-der-mongolei","status":"publish","type":"page","link":"https:\/\/www.humanium.org\/de\/die-kinder-der-mongolei\/","title":{"rendered":"Die Kinder der Mongolei"},"content":{"rendered":"<h1>Die Kinder der Mongolei<\/h1>\n<h2>Die Durchsetzung von Kinderrechten in der Mongolei<\/h2>\n<p style=\"text-align: center;\"><img loading=\"lazy\" decoding=\"async\" class=\"alignnone size-full wp-image-4184\" title=\"Girl of Mongolia \u00a9 Candice\" src=\"https:\/\/www.humanium.org\/en\/wp-content\/uploads\/2011\/10\/fillette-candice.jpg\" alt=\"\" width=\"138\" height=\"200\" \/> <img loading=\"lazy\" decoding=\"async\" class=\"alignnone size-full wp-image-4186\" title=\"Boy of Mongolia \u00a9 Candice\" src=\"https:\/\/www.humanium.org\/en\/wp-content\/uploads\/2011\/10\/garcon-candice.jpg\" alt=\"\" width=\"127\" height=\"200\" \/><\/p>\n<p style=\"text-align: justify;\">Die Mongolei hat von allen L\u00e4ndern die niedrigste Bev\u00f6lkerungsdichte (1,76\/ km\u00b2), wobei der gr\u00f6\u00dfte Teil der Fl\u00e4che unbebaut und sogar unzureichend kartiert ist. Es ist ein Land, in dem die Kinder im Vergleich zu denen in anderen L\u00e4nder nicht in der schlechtesten Lage sind; dennoch ist die Situation der mongolischen Kinder, die auf der Stra\u00dfe leben, wie auch die Not derer, die ein nomadisches Leben f\u00fchren, ein Grund f\u00fcr wachsende Besorgnis.<\/p>\n<h3>Die Hauptprobleme der mongolischen Kinder:<\/h3>\n<p><strong><a href=\"https:\/\/www.humanium.org\/en\/poor-children\/\">Armut<\/a><\/strong><\/p>\n<p style=\"text-align: justify;\"><img loading=\"lazy\" decoding=\"async\" class=\"alignright size-full wp-image-4191\" title=\"Many Mongolian children suffer from poverty \u00a9 Andrzej-w (flickr)\" src=\"https:\/\/www.humanium.org\/en\/wp-content\/uploads\/2011\/10\/pauvrete-andrzej-w-flickr-notouch.jpg\" alt=\"\" width=\"139\" height=\"209\" \/><a href=\"https:\/\/www.humanium.org\/en\/poor-children\/\" target=\"_blank\" rel=\"noopener\">Armut<\/a> ist weit verbreitet in der Mongolei: 36% der Bev\u00f6lkerung leben unterhalb der Armutsgrenze. Diese problematische Situation wird verst\u00e4rkt durch Besorgnis erregende \u2013und sich ausweitende- Unterschiede zwischen l\u00e4ndlichen und st\u00e4dtischen Gebieten.<\/p>\n<p style=\"text-align: justify;\">Mongolische Kinder leiden direkt unter den verheerenden Folgen des Mangels an Ressourcen: besonders im Hinblick auf<a href=\"https:\/\/www.humanium.org\/en\/fundamental-rights\/health\/\" target=\"_blank\" rel=\"noopener\">die Gesundheit<\/a>, <a href=\"https:\/\/www.humanium.org\/en\/fundamental-rights\/food\/\" target=\"_blank\" rel=\"noopener\">Ern\u00e4hrung<\/a>, Hygiene und Bildung. Die schnell wachsende Bev\u00f6lkerung der Elendsviertel ist die, die am meisten von diesen M\u00e4ngeln betroffen sind.<\/p>\n<p><strong><a href=\"https:\/\/www.humanium.org\/en\/fundamental-rights\/health\/\">Gesundheitliche Probleme<\/a><\/strong><\/p>\n<p style=\"text-align: justify;\">Die Anzahl an<a href=\"https:\/\/www.humanium.org\/en\/fundamental-rights\/health\/\" target=\"_blank\" rel=\"noopener\"> gesundheitlichen <\/a>Problemen, die die mongolischen Jugendlichen beeintr\u00e4chtigen, steigt stetig. Die Hauptprobleme sind Stress, Depressionen, Anomie und die schnell wachsende Sucht nach Tabak und Drogen. St\u00e4dtische Kinder, insbesondere M\u00e4dchen, sind besonders hart getroffen.<\/p>\n<p style=\"text-align: justify;\">Die Mittel zur Pr\u00e4vention, Information und Hilfe f\u00fcr Jugendliche in schwierigen Situationen sind sowohl in st\u00e4dtischen als auch in isolierten l\u00e4ndlichen Gebieten unzureichend. Dies f\u00fchrt dazu, dass das Land eine der h\u00f6chsten Raten von Kinder &#8211; und Erwachsenensuiziden hat.<\/p>\n<p><strong>Bildungsprobleme<\/strong><\/p>\n<p style=\"text-align: justify;\"><img loading=\"lazy\" decoding=\"async\" class=\"alignright size-full wp-image-4192\" title=\"Despite efforts to change the situation, education rights are still subject to numerous restrictions \u00a9 Little (flickr)\" src=\"https:\/\/www.humanium.org\/en\/wp-content\/uploads\/2011\/10\/ecole-little-flickr.jpg\" alt=\"\" width=\"243\" height=\"179\" \/>Die Mongolei hat sich darum bem\u00fcht, die Verbreitung und die Qualit\u00e4t\u00a0der Ausbildung die ihre Kinder erhalten, zu verbessern. Dank dieser Anstrengungen ist die Schulbildung kostenlos und verpflichtend. Allerdings gibt es weiterhin viele Probleme.<\/p>\n<p style=\"text-align: justify;\">Es wurde beobachtet, dass Jungen in Schulen unterrepr\u00e4sentiert sind. Sie brechen ihre Ausbildung bereits fr\u00fch im Leben ab. Eine traditionelle Mentalit\u00e4t sorgt hier daf\u00fcr, dass die Notwendigkeit f\u00fcr Jungen, ihre Ausbildung nach der Jugend fortzuf\u00fchren, heruntergespielt wird. Dies ist besonders endemisch in der nomadischen Bev\u00f6lkerung (30% der Gesamtbev\u00f6lkerung), in der die Jungen die Rolle des Hirten sehr fr\u00fch im Leben \u00fcbernehmen.<\/p>\n<p style=\"text-align: justify;\">Ein weiteres Problem ist, dass k\u00f6rperliche Z\u00fcchtigung in Schulen weiterhin gegenw\u00e4rtig ist. Z\u00fcchtigungen sind immer noch weitgehend akzeptiert und werden von den Lehrern ausgef\u00fchrt, mit der stillschweigenden Zustimmung der Eltern. Die sch\u00e4dlichen physischen und psychischen Folgen lasten schwer auf den Opfern ein ganzes Leben lang.<\/p>\n<p style=\"text-align: justify;\">Trotz bereits umgesetzter und vorgeschlagener Verbesserungen im Bereich der Bildung, hat die geografisch isolierte Bev\u00f6lkerung nicht ausreichend von den Bem\u00fchungen der mongolischen Regierung profitiert. Ein erheblicher Anteil der Kinder, die au\u00dferhalb der St\u00e4dte leben, sind nicht in der Lage von dem Lehrplan ihres st\u00e4dtischen Gegenst\u00fccks zu profitieren.<\/p>\n<p><strong><a href=\"https:\/\/www.humanium.org\/en\/child-labour\/\">Kinderarbeit<\/a><\/strong><\/p>\n<p style=\"text-align: justify;\">Ungef\u00e4hr 18 % der mongolischen Kinder sind wirtschaftlich aktiv. Viele von ihnen brechen fr\u00fch die Schule ab, um Arbeit zu finden und ihre Familien zu unterst\u00fctzen: diese Praxis ist besonders weit verbreitet in nomadischen Gesellschaften, wo es eine kulturelle Norm ist. Ihr Arbeitsumfeld -insbesondere in st\u00e4dtischen Gebieten- gef\u00e4hrdet oft ihre Gesundheit und setzt oft ihr Leben aufs Spiel.<\/p>\n<p style=\"text-align: justify;\">Eine betr\u00e4chtliche Anzahl an Kindern ist im Bergbau und der Landwirtschaft besch\u00e4ftigt. Eine solche niedrige Arbeit ist nicht nur enorm anstrengend f\u00fcr junge, wachsende Kinder, sondern auch sehr riskant. Die Auswirkungen auf ihre k\u00f6rperliche und geistige Gesundheit sind daher zahlreich und b\u00f6sartig. Zum Beispiel, die mongolische, weit verbreitete Goldindustrie stellt schwerwiegende gesundheitliche Probleme f\u00fcr Kinder dar, die den extrem sch\u00e4dlichen Chemikalien im Produktionsprozess ausgesetzt sind.<\/p>\n<p><strong><a href=\"https:\/\/www.humanium.org\/en\/street-children\/\" target=\"_blank\" rel=\"noopener\">Obdachlosigkeit<\/a><\/strong><\/p>\n<p style=\"text-align: justify;\"><img loading=\"lazy\" decoding=\"async\" class=\"alignright size-full wp-image-4193\" title=\"The situation of Mongolia\u2019s street kids remains extremely disturbing \u00a9 Jake Brewer (flickr )\" src=\"https:\/\/www.humanium.org\/en\/wp-content\/uploads\/2011\/10\/rue-jake-brewer-flickr-notouch.jpg\" alt=\"\" width=\"240\" height=\"181\" \/>Die Zahl der Kinder, die auf den Stra\u00dfen der mongolischen St\u00e4dte leben, <a href=\"https:\/\/www.humanium.org\/en\/street-children\/\" target=\"_blank\" rel=\"noopener\">streets<\/a> w\u00e4chst stetig. Die Kinder fliehen vor der Armut und dem Missbrauch ihrer Heimatregionen und tr\u00e4umen von einer Besch\u00e4ftigung und einem besseren Leben in den St\u00e4dten. Leider ist die Realit\u00e4t bei weitem nicht f\u00f6rderlich f\u00fcr die Erf\u00fcllung von selbst ihren bescheidensten Hoffnungen. Der Kampf ums \u00dcberleben ist schwierig, \u00fcbers\u00e4t mit Fallen und h\u00e4ufig sind die Kinder zu einem grimmen Versagen verurteilt. Die Hauptstadt (Ulan-Bator) allein ist die Heimat von erstaunlichen 45% der Bev\u00f6lkerung in dem 2,75 Millionen Land. Die Anzahl der Kinder, die diesem Schicksal ausgesetzt sind, wird auf 400.000, oder 14,5 % der Gesamtbev\u00f6lkerung gesch\u00e4tzt.<\/p>\n<p style=\"text-align: justify;\">Die Lebensbedingungen unter diesen Umst\u00e4nden sind tragisch. Obdachlose Jugendliche k\u00e4mpfen Tag und Nacht darum Nahrung und Unterkunft zu finden. Organisierte Kriminelle profitieren zudem oft von dieser prek\u00e4ren Situation, da unz\u00e4hlige Kinder Opfer des Drogen- und Sex-Handels werden. Kinder, die in den kriminellen Netzen gefangen sind, werden erbarmungslos ausgebeutet. Sie werden sowohl wirtschaftlich<a href=\"https:\/\/www.humanium.org\/en\/sexual-abuse-children\/\" target=\"_blank\" rel=\"noopener\"> als auch sexuell missbraucht<\/a>, und haben Zukunftsaussichten, die einheitlich d\u00fcster, wenn nicht sogar nicht existent sind.<\/p>\n<p><strong><a href=\"https:\/\/www.humanium.org\/en\/disabled-children\/\">Behinderte Kinder<\/a><\/strong><\/p>\n<p style=\"text-align: justify;\">Trotz der j\u00fcngsten Bem\u00fchungen des Landes,<a href=\"https:\/\/www.humanium.org\/en\/disabled-children\/\" target=\"_blank\" rel=\"noopener\">die Bedingungen f\u00fcr viele k\u00f6rperlich und geistig behinderte Kinder zu verbessern,<\/a>,bleibt noch vieles zu tun. Solche Kinder werden von der Gesellschaft ausgegrenzt und ihre Grundrechte werden routinem\u00e4\u00dfig verletzt. Dienstleistungen und Organisationen, die darauf spezialisiert sind Kindern mit Behinderungen zu helfen, sind nur unzureichend vorhanden.<\/p>\n<p style=\"text-align: justify;\">Die Rechte dieser Kinder werden nicht nur nicht gew\u00e4hrleistet, ihr Zugang zu \u00f6ffentlichen Dienstleistungen ist stark eingeschr\u00e4nkt. So ist es zum Beispiel sehr schwierig f\u00fcr sie eine Ausbildung oder eine <a href=\"https:\/\/www.humanium.org\/en\/fundamental-rights\/health\/\" target=\"_blank\" rel=\"noopener\">angemessene medizinische Versorgung zu erhalten:<\/a> Dies macht eine Behinderung umso belastender f\u00fcr die betroffenen Menschen und die Gesellschaft als Ganzes.<\/p>\n<p><strong><a href=\"https:\/\/www.humanium.org\/en\/disabled-children\/\">Probleme der \u00dcbergangsgesellschaft<\/a><\/strong><\/p>\n<p style=\"text-align: justify;\">Die Mongolei ist eine Gesellschaft, die sich in einer schnellen Entwicklung von einem semi-pastoralen zu einem urbanen Lebensstil befindet: Das weite Spektrum an massiv st\u00f6renden Ver\u00e4nderungen, die von sechs Jahrzenten kommunistischer Herrschaft verst\u00e4rkt werden, sind noch nicht in vollem Umfang identifiziert, geschweige denn sind sie in geeigneter Weise angegangen worden. Nat\u00fcrlich sind die prim\u00e4ren Opfer solch katastrophaler Ver\u00e4nderungen die Kinder.<\/p>\n","protected":false},"excerpt":{"rendered":"<p>Die Kinder der Mongolei Die Durchsetzung von Kinderrechten in der Mongolei Die Mongolei hat von allen L\u00e4ndern die niedrigste Bev\u00f6lkerungsdichte (1,76\/ km\u00b2), wobei der gr\u00f6\u00dfte Teil der Fl\u00e4che unbebaut und sogar unzureichend kartiert ist. Es ist ein Land, in dem die Kinder im Vergleich zu denen in anderen L\u00e4nder nicht in der schlechtesten Lage sind; [&hellip;]<\/p>\n","protected":false},"author":1,"featured_media":0,"parent":0,"menu_order":0,"comment_status":"closed","ping_status":"closed","template":"","meta":{"footnotes":""},"class_list":["post-6597","page","type-page","status-publish","hentry"],"yoast_head":"<!-- This site is optimized with the Yoast SEO plugin v26.5 - https:\/\/yoast.com\/wordpress\/plugins\/seo\/ -->\n<title>Die Kinder der Mongolei - Humanium<\/title>\n<meta name=\"description\" content=\"Die Situation der mongolischen Kinder, die auf der Stra\u00dfe leben, und die Not derer, die ein nomadisches Leben f\u00fchren, ist ein Grund f\u00fcr wachsende Besorgnis.\" \/>\n<meta name=\"robots\" content=\"index, follow, max-snippet:-1, max-image-preview:large, max-video-preview:-1\" \/>\n<link rel=\"canonical\" href=\"https:\/\/www.humanium.org\/de\/die-kinder-der-mongolei\/\" \/>\n<meta property=\"og:locale\" content=\"de_DE\" \/>\n<meta property=\"og:type\" content=\"article\" \/>\n<meta property=\"og:title\" content=\"Die Kinder der Mongolei - Humanium\" \/>\n<meta property=\"og:description\" content=\"Die Situation der mongolischen Kinder, die auf der Stra\u00dfe leben, und die Not derer, die ein nomadisches Leben f\u00fchren, ist ein Grund f\u00fcr wachsende Besorgnis.\" \/>\n<meta property=\"og:url\" content=\"https:\/\/www.humanium.org\/de\/die-kinder-der-mongolei\/\" \/>\n<meta property=\"og:site_name\" content=\"Humanium\" \/>\n<meta property=\"article:modified_time\" content=\"2025-12-05T16:51:29+00:00\" \/>\n<meta name=\"twitter:card\" content=\"summary_large_image\" \/>\n<meta name=\"twitter:label1\" content=\"Gesch\u00e4tzte Lesezeit\" \/>\n\t<meta name=\"twitter:data1\" content=\"7\u00a0Minuten\" \/>\n<script type=\"application\/ld+json\" class=\"yoast-schema-graph\">{\"@context\":\"https:\/\/schema.org\",\"@graph\":[{\"@type\":\"WebPage\",\"@id\":\"https:\/\/www.humanium.org\/de\/die-kinder-der-mongolei\/\",\"url\":\"https:\/\/www.humanium.org\/de\/die-kinder-der-mongolei\/\",\"name\":\"Die Kinder der Mongolei - Humanium\",\"isPartOf\":{\"@id\":\"https:\/\/www.humanium.org\/de\/#website\"},\"primaryImageOfPage\":{\"@id\":\"https:\/\/www.humanium.org\/de\/die-kinder-der-mongolei\/#primaryimage\"},\"image\":{\"@id\":\"https:\/\/www.humanium.org\/de\/die-kinder-der-mongolei\/#primaryimage\"},\"thumbnailUrl\":\"https:\/\/www.humanium.org\/en\/wp-content\/uploads\/2011\/10\/fillette-candice.jpg\",\"datePublished\":\"2016-05-31T11:42:23+00:00\",\"dateModified\":\"2025-12-05T16:51:29+00:00\",\"description\":\"Die Situation der mongolischen Kinder, die auf der Stra\u00dfe leben, und die Not derer, die ein nomadisches Leben f\u00fchren, ist ein Grund f\u00fcr wachsende Besorgnis.\",\"breadcrumb\":{\"@id\":\"https:\/\/www.humanium.org\/de\/die-kinder-der-mongolei\/#breadcrumb\"},\"inLanguage\":\"de\",\"potentialAction\":[{\"@type\":\"ReadAction\",\"target\":[\"https:\/\/www.humanium.org\/de\/die-kinder-der-mongolei\/\"]}]},{\"@type\":\"ImageObject\",\"inLanguage\":\"de\",\"@id\":\"https:\/\/www.humanium.org\/de\/die-kinder-der-mongolei\/#primaryimage\",\"url\":\"https:\/\/www.humanium.org\/en\/wp-content\/uploads\/2011\/10\/fillette-candice.jpg\",\"contentUrl\":\"https:\/\/www.humanium.org\/en\/wp-content\/uploads\/2011\/10\/fillette-candice.jpg\"},{\"@type\":\"BreadcrumbList\",\"@id\":\"https:\/\/www.humanium.org\/de\/die-kinder-der-mongolei\/#breadcrumb\",\"itemListElement\":[{\"@type\":\"ListItem\",\"position\":1,\"name\":\"Home\",\"item\":\"https:\/\/www.humanium.org\/de\/\"},{\"@type\":\"ListItem\",\"position\":2,\"name\":\"Die Kinder der Mongolei\"}]},{\"@type\":\"WebSite\",\"@id\":\"https:\/\/www.humanium.org\/de\/#website\",\"url\":\"https:\/\/www.humanium.org\/de\/\",\"name\":\"Humanium\",\"description\":\"Kinder zuerst!\",\"potentialAction\":[{\"@type\":\"SearchAction\",\"target\":{\"@type\":\"EntryPoint\",\"urlTemplate\":\"https:\/\/www.humanium.org\/de\/?s={search_term_string}\"},\"query-input\":{\"@type\":\"PropertyValueSpecification\",\"valueRequired\":true,\"valueName\":\"search_term_string\"}}],\"inLanguage\":\"de\"}]}<\/script>\n<!-- \/ Yoast SEO plugin. -->","yoast_head_json":{"title":"Die Kinder der Mongolei - Humanium","description":"Die Situation der mongolischen Kinder, die auf der Stra\u00dfe leben, und die Not derer, die ein nomadisches Leben f\u00fchren, ist ein Grund f\u00fcr wachsende Besorgnis.","robots":{"index":"index","follow":"follow","max-snippet":"max-snippet:-1","max-image-preview":"max-image-preview:large","max-video-preview":"max-video-preview:-1"},"canonical":"https:\/\/www.humanium.org\/de\/die-kinder-der-mongolei\/","og_locale":"de_DE","og_type":"article","og_title":"Die Kinder der Mongolei - Humanium","og_description":"Die Situation der mongolischen Kinder, die auf der Stra\u00dfe leben, und die Not derer, die ein nomadisches Leben f\u00fchren, ist ein Grund f\u00fcr wachsende Besorgnis.","og_url":"https:\/\/www.humanium.org\/de\/die-kinder-der-mongolei\/","og_site_name":"Humanium","article_modified_time":"2025-12-05T16:51:29+00:00","twitter_card":"summary_large_image","twitter_misc":{"Gesch\u00e4tzte Lesezeit":"7\u00a0Minuten"},"schema":{"@context":"https:\/\/schema.org","@graph":[{"@type":"WebPage","@id":"https:\/\/www.humanium.org\/de\/die-kinder-der-mongolei\/","url":"https:\/\/www.humanium.org\/de\/die-kinder-der-mongolei\/","name":"Die Kinder der Mongolei - Humanium","isPartOf":{"@id":"https:\/\/www.humanium.org\/de\/#website"},"primaryImageOfPage":{"@id":"https:\/\/www.humanium.org\/de\/die-kinder-der-mongolei\/#primaryimage"},"image":{"@id":"https:\/\/www.humanium.org\/de\/die-kinder-der-mongolei\/#primaryimage"},"thumbnailUrl":"https:\/\/www.humanium.org\/en\/wp-content\/uploads\/2011\/10\/fillette-candice.jpg","datePublished":"2016-05-31T11:42:23+00:00","dateModified":"2025-12-05T16:51:29+00:00","description":"Die Situation der mongolischen Kinder, die auf der Stra\u00dfe leben, und die Not derer, die ein nomadisches Leben f\u00fchren, ist ein Grund f\u00fcr wachsende Besorgnis.","breadcrumb":{"@id":"https:\/\/www.humanium.org\/de\/die-kinder-der-mongolei\/#breadcrumb"},"inLanguage":"de","potentialAction":[{"@type":"ReadAction","target":["https:\/\/www.humanium.org\/de\/die-kinder-der-mongolei\/"]}]},{"@type":"ImageObject","inLanguage":"de","@id":"https:\/\/www.humanium.org\/de\/die-kinder-der-mongolei\/#primaryimage","url":"https:\/\/www.humanium.org\/en\/wp-content\/uploads\/2011\/10\/fillette-candice.jpg","contentUrl":"https:\/\/www.humanium.org\/en\/wp-content\/uploads\/2011\/10\/fillette-candice.jpg"},{"@type":"BreadcrumbList","@id":"https:\/\/www.humanium.org\/de\/die-kinder-der-mongolei\/#breadcrumb","itemListElement":[{"@type":"ListItem","position":1,"name":"Home","item":"https:\/\/www.humanium.org\/de\/"},{"@type":"ListItem","position":2,"name":"Die Kinder der Mongolei"}]},{"@type":"WebSite","@id":"https:\/\/www.humanium.org\/de\/#website","url":"https:\/\/www.humanium.org\/de\/","name":"Humanium","description":"Kinder zuerst!","potentialAction":[{"@type":"SearchAction","target":{"@type":"EntryPoint","urlTemplate":"https:\/\/www.humanium.org\/de\/?s={search_term_string}"},"query-input":{"@type":"PropertyValueSpecification","valueRequired":true,"valueName":"search_term_string"}}],"inLanguage":"de"}]}},"_links":{"self":[{"href":"https:\/\/www.humanium.org\/de\/wp-json\/wp\/v2\/pages\/6597","targetHints":{"allow":["GET"]}}],"collection":[{"href":"https:\/\/www.humanium.org\/de\/wp-json\/wp\/v2\/pages"}],"about":[{"href":"https:\/\/www.humanium.org\/de\/wp-json\/wp\/v2\/types\/page"}],"author":[{"embeddable":true,"href":"https:\/\/www.humanium.org\/de\/wp-json\/wp\/v2\/users\/1"}],"replies":[{"embeddable":true,"href":"https:\/\/www.humanium.org\/de\/wp-json\/wp\/v2\/comments?post=6597"}],"version-history":[{"count":6,"href":"https:\/\/www.humanium.org\/de\/wp-json\/wp\/v2\/pages\/6597\/revisions"}],"predecessor-version":[{"id":20093,"href":"https:\/\/www.humanium.org\/de\/wp-json\/wp\/v2\/pages\/6597\/revisions\/20093"}],"wp:attachment":[{"href":"https:\/\/www.humanium.org\/de\/wp-json\/wp\/v2\/media?parent=6597"}],"curies":[{"name":"wp","href":"https:\/\/api.w.org\/{rel}","templated":true}]}}