{"id":6614,"date":"2016-06-01T11:24:27","date_gmt":"2016-06-01T11:24:27","guid":{"rendered":"http:\/\/www.humanium.org\/de\/?page_id=6614"},"modified":"2025-12-05T16:52:17","modified_gmt":"2025-12-05T16:52:17","slug":"kasachstan","status":"publish","type":"page","link":"https:\/\/www.humanium.org\/de\/kasachstan\/","title":{"rendered":"Die Kinder von  Kasachstan"},"content":{"rendered":"<h1>Die Kinder von Kasachstan<\/h1>\n<h2>Die Umsetzung der Kinderrechte in Kasachstan<\/h2>\n<p style=\"text-align: center;\"><img loading=\"lazy\" decoding=\"async\" class=\"alignnone size-full wp-image-24983\" title=\"Young Kazak girl \u00a9 Rodeomilano (Flickr)\" src=\"https:\/\/www.humanium.org\/fr\/wp-content\/uploads\/2012\/11\/rodeomilano-Flickr-200W.jpg\" alt=\"\" width=\"253\" height=\"200\" \/> <img loading=\"lazy\" decoding=\"async\" class=\"alignnone size-full wp-image-24984\" title=\"Young Kazak boy \u00a9 Dan.. (Flickr)\" src=\"https:\/\/www.humanium.org\/fr\/wp-content\/uploads\/2012\/11\/Dan-Flickr.jpg\" alt=\"\" width=\"152\" height=\"200\" \/><\/p>\n<p>Kasachstans Wirtschaft hat in den letzten Jahren gro\u00dfe Fortschritte gemacht und dazu beigetragen, die Armut zu senken und die Entwicklung sozialer Programme f\u00fcr Kinder zu f\u00f6rdern. Angesichts der globalen Finanzkrise steigt jedoch die Verwundbarkeit von Kindern erneut an.<\/p>\n<h3>Die gr\u00f6\u00dften Probleme kasachischer Kinder sind:<\/h3>\n<p><a href=\"https:\/\/www.humanium.org\/en\/violence\/\"><strong>Gewalt<\/strong><\/a><\/p>\n<p><img loading=\"lazy\" decoding=\"async\" class=\"alignright size-full wp-image-24985\" style=\"line-height: 24px;\" title=\"\u00a9 Taylor Dawn Fortune (Flickr)\" src=\"https:\/\/www.humanium.org\/fr\/wp-content\/uploads\/2012\/11\/Taylor-Dawn-Fortune-Flickr-web.jpg\" alt=\"\" width=\"300\" height=\"200\" \/>\u00a0Die Ma\u00dfnahmen gegen Misshandlung und <a href=\"https:\/\/www.humanium.org\/en\/focus\/abuse\/\">sexuellen Missbrauch<\/a> sind nach wie vor unzureichend und leiden unter der mangelnden Beachtung. K\u00f6rperliche Bestrafungen werden in Pflegeheimen, Milit\u00e4rakademien und Arbeitspl\u00e4tzen toleriert. Schulen sind die einzigen Orte, an denen K\u00f6rperstrafen verboten sind.<\/p>\n<p>Obwohl Misshandlungen seltener werden, kommen sie in Internaten, Pflegeheimen, Gef\u00e4ngnissen und Jugendstrafanstalten weiterhin regelm\u00e4\u00dfig vor.<\/p>\n<p>Dar\u00fcber hinaus haben Kinder, die Opfer solcher Gewalt werden, keinen einfachen Zugang zu angemessenen Beschwerdemechanismen.<\/p>\n<p><a href=\"https:\/\/www.humanium.org\/en\/focus\/disabled-children\/\"><strong>Kinder mit Behinderungen<\/strong><\/a><\/p>\n<p>Die Lage behinderter Kinder in Kasachstan hat sich durch die Bereitstellung erh\u00f6hter Mittel durch den Staat und die erweiterte Ausbildung von Fachpersonal, insbesondere in Kommunikationszentren, verbessert.<\/p>\n<p>Nichtsdestotrotz werden zahlreiche Kinder mit Behinderungen automatisch in schlecht ausgestatteten Internaten platziert. Nur ein Drittel aller 153.000 Kinder mit Behinderungen im Land hat Zugang zu speziellen Unterrichtsprogrammen.<\/p>\n<p>Dar\u00fcber hinaus gibt es kaum ein Bewusstsein f\u00fcr die besonderen Entwicklungs- und Kommunikationstechniken, die gegen\u00fcber Kindern mit Behinderungen angewendet werden k\u00f6nnen. Die allgemeine Informationslage in diesem Bereich und besondere Ma\u00dfnahmen zur Unterst\u00fctzung betroffener Eltern lassen ebenfalls zu w\u00fcnschen \u00fcbrig.<\/p>\n<p><a href=\"https:\/\/www.humanium.org\/en\/fundamental-rights\/health\/\"><strong>Gesundheitswesen<\/strong><\/a><\/p>\n<p><img loading=\"lazy\" decoding=\"async\" class=\"size-medium wp-image-12397 alignright\" title=\"Kids \u00a9 Maxim Zolotukhin World Bank\" src=\"https:\/\/www.humanium.org\/en\/wp-content\/uploads\/2012\/12\/maxim-zolotukhin-world-bank-300x198.jpg\" alt=\"\" width=\"300\" height=\"198\" \/>Der Staat hat \u00f6ffentliche Gesundheitsprogramme eingerichtet, um die Lebensbedingungen von Babys und Kindern zu verbessern. Trotz dieser Bem\u00fchungen bleiben die Programme jedoch gr\u00f6\u00dftenteils schwer zug\u00e4nglich und befinden sich in l\u00e4ndlichen Gegenden auf einem sehr mittelm\u00e4\u00dfigen Niveau. Diese Programme weisen au\u00dferdem eine h\u00f6here S\u00e4uglingssterblichkeit auf.<\/p>\n<p>Parallel zur F\u00f6rderung einer gesunden Lebensweise sind Jugendliche weiterhin Opfer von Drogen-, Alkohol- und Tabakmissbrauch. Es gibt bedauerlicherweise auch keine Strukturen, um junge schwangere Frauen zu unterst\u00fctzen.<\/p>\n<p><a href=\"https:\/\/www.humanium.org\/en\/focus\/children-and-aids\/\"><strong>HIV\/Aids<\/strong><\/a><\/p>\n<p>Die Zahl an HIV\/Aids-Infektionen ist weiterhin relativ niedrig, erh\u00f6ht sich aber mit alarmierender Geschwindigkeit. Hauptursachen sind die \u00dcbertragung durch HIV-positive M\u00fctter auf ihre Kinder sowie intraven\u00f6ser Drogenkonsum, vor allem aufgrund der hohen Menge an Heroin, die im Land umgeschlagen wird.<\/p>\n<p><strong>Erziehung und Hobbies<\/strong><\/p>\n<p><img decoding=\"async\" class=\" wp-image-12400 alignright\" style=\"line-height: 24px;\" title=\"International Day of the Child at Kostanay, Kazakhstan in 2006 \u00a9 Nurgeldy (Flickr)\" src=\"https:\/\/www.humanium.org\/en\/wp-content\/uploads\/2012\/12\/Kostanay-kazakhstan-nurgeldy-flickr-212x300.jpg\" alt=\"\" height=\"250\" \/>Die Unterrichtsqualit\u00e4t steigt durch eine erh\u00f6hte staatliche F\u00f6rderung und die Ausweitung des obligatorischen Schulunterrichts.<\/p>\n<p>Kostenfreier Schulunterricht bleibt allerdings weiterhin die Ausnahme, und die Qualit\u00e4t der Ausbildung unterscheidet sich zwischen den verschiedenen Regionen.<\/p>\n<p>Kostenfreier Schulunterricht bleibt allerdings weiterhin die Ausnahme, und die Qualit\u00e4t der Ausbildung unterscheidet sich zwischen den verschiedenen Regionen.<\/p>\n<p><strong><a href=\"https:\/\/www.humanium.org\/en\/displaced-children\/\">Fl\u00fcchtlings-<\/a> und <a href=\"https:\/\/www.humanium.org\/en\/focus\/orphans\/\">Waisenkinder<\/a><\/strong><\/p>\n<p>Fl\u00fcchtlingskinder leben oft unter extrem gef\u00e4hrdeten Bedingungen und erhalten keine besondere Unterst\u00fctzung. Ihr Zugang zu Gesundheitsversorgung und Schulunterricht ist schlecht, und die Kinder sind selten offiziell registriert.<\/p>\n<p>Zahlreiche Kinder werden au\u00dferdem von ihren Familien aufgegeben oder vernachl\u00e4ssigt, da die Familien sie oft nicht versorgen k\u00f6nnen oder es kein Personal und keine Organisationen zu ihrer Unterst\u00fctzung gibt. Die Zust\u00e4nde in staatlichen Heimen sind schwierig, und Fl\u00fcchtlingskinder werden nicht immer von straff\u00e4llig gewordenen Kindern getrennt.<\/p>\n<p><a href=\"https:\/\/www.humanium.org\/en\/focus\/street-children\/\"><strong>Stra\u00dfenkinder<\/strong><\/a><\/p>\n<p>Es leben immer noch zu viele Kinder auf der Stra\u00dfe, vor allem in Gro\u00dfst\u00e4dten. Sie sind oft wirtschaftlicher oder sexueller Ausbeutung ausgesetzt, vor der sie nicht gesch\u00fctzt werden.<\/p>\n<p><a href=\"https:\/\/www.humanium.org\/en\/focus\/child-labour\/\"><strong>Kinderarbeit<\/strong><\/a><\/p>\n<p><strong style=\"color: #ff4b33; line-height: 24px;\"><a style=\"color: #ff4b33; line-height: 24px;\" href=\"https:\/\/www.humanium.org\/en\/focus\/child-labour\/\"><img decoding=\"async\" class=\" wp-image-12403 alignright\" title=\"Tien Shan mountains \u00a9 Anguskirk (Flickr)\" src=\"https:\/\/www.humanium.org\/en\/wp-content\/uploads\/2012\/12\/Tien-Shan-mountains-Anguskirk-Flickr-300x225.jpg\" alt=\"\" height=\"150\" \/><\/a><\/strong>Die Gesetzgebung zur Arbeit von Kindern sch\u00fctzt diese vor den schlimmsten Arbeitsbedingungen.<\/p>\n<p>Aufgrund mangelnder offizieller \u00dcberpr\u00fcfungen oder Durchsetzung der Gesetze stellen Kinder jedoch weiterhin einen gro\u00dfen Teil der Arbeitskr\u00e4fte in der Tabak- und Baumwollindustrie und werden oft als Hausdiener eingesetzt.<\/p>\n<p><strong><a href=\"https:\/\/www.humanium.org\/en\/focus\/sexual-abuse-children\/\">Sexuelle Ausbeutung<\/a>, <a href=\"https:\/\/www.humanium.org\/en\/focus\/child-prostitution\/\">Prostitution<\/a> und <a href=\"https:\/\/www.humanium.org\/en\/focus\/child-trafficking\/\">Menschenhandel<\/a><\/strong><\/p>\n<p>Viele Kinder in prek\u00e4ren Lebunsumst\u00e4nden verdingen sich als Sexarbeiter, oft ab einem sehr jungen Alter. Sie sind daher schwerer und traumatisierender Arbeit ausgesetzt. Dazu kommt, dass gesetzliche Eingriffe auf diesem Gebiet selten stattfinden und die \u00f6ffentliche Aufmerksamkeit gering ist.<\/p>\n<p>Kinderhandel bleibt trotz Aufkl\u00e4rungskampagnen und dem Erlass von Gesetzen speziell zu seinem Verbot weiterhin ein Problem. Die F\u00fcrsorge f\u00fcr betroffene Kinder ist unzureichend, und Kinder aus anderen L\u00e4ndern werden selten in ihre Heimat zur\u00fcckgebracht.<\/p>\n<p><a href=\"https:\/\/www.humanium.org\/en\/justice-of-children\/\"><strong>Justizwesen<\/strong><\/a><\/p>\n<p>Das Justizsystem im Hinblick auf Minderj\u00e4hrige wird zurzeit reformiert, aber der Fortschritt ist langsam. In jedem Fall fehlt es an Richtern und spezialisierten Gerichten f\u00fcr Kinder. Die Haftbedingungen sind sehr schlecht, aber Inhaftierung wird gegen\u00fcber Erziehungsprogrammen bevorzugt, die den Kontakt mit der Familie des Kindes aufrechterhalten w\u00fcrde.<\/p>\n<p><a href=\"https:\/\/www.humanium.org\/en\/focus\/nondiscrimination\/\">Antidiskriminierung<\/a><\/p>\n<p>Obwohl es gr\u00f6\u00dfere Anstrengungen zur Bek\u00e4mpfung von Diskriminierung gab, werden Begriffe wie \u201ebehindert\u201c und \u201euneheliches Kind\u201c weiterhin regelm\u00e4\u00dfig in der Gesetzgebung und offiziellen Dokumenten verwendet.<\/p>\n<p><strong>Wohl des Kindes<\/strong><\/p>\n<p>Der Grundsatz des Wohls des Kindes wird in Gesetzgebungsverfahren nicht immer ber\u00fccksichtigt, ebenso wenig in anderen Projekten, Programmen oder Diensten, die Kinder direkt oder indirekt betreffen. Dieses Problem ist insbesondere f\u00fcr die verwundbarsten Kinder vorherrschend. Die Meinung des Kindes wird selten ber\u00fccksichtigt, und es gibt wenig \u00f6ffentliche Aufmerksamkeit hinsichtlich des Fortbestehens traditioneller, aber sch\u00e4dlicher kultureller Br\u00e4uche.<\/p>\n","protected":false},"excerpt":{"rendered":"<p>Die Kinder von Kasachstan Die Umsetzung der Kinderrechte in Kasachstan Kasachstans Wirtschaft hat in den letzten Jahren gro\u00dfe Fortschritte gemacht und dazu beigetragen, die Armut zu senken und die Entwicklung sozialer Programme f\u00fcr Kinder zu f\u00f6rdern. Angesichts der globalen Finanzkrise steigt jedoch die Verwundbarkeit von Kindern erneut an. Die gr\u00f6\u00dften Probleme kasachischer Kinder sind: Gewalt [&hellip;]<\/p>\n","protected":false},"author":1,"featured_media":0,"parent":0,"menu_order":0,"comment_status":"closed","ping_status":"closed","template":"","meta":{"footnotes":""},"class_list":["post-6614","page","type-page","status-publish","hentry"],"yoast_head":"<!-- This site is optimized with the Yoast SEO plugin v26.5 - https:\/\/yoast.com\/wordpress\/plugins\/seo\/ -->\n<title>Die Kinder von Kasachstan - Humanium<\/title>\n<meta name=\"description\" content=\"Kasachstans Wirtschaft hat in den letzten Jahren gro\u00dfe Fortschritte gemacht. Angesichts steigt jedoch die Verwundbarkeit von Kindern erneut an.\" \/>\n<meta name=\"robots\" content=\"index, follow, max-snippet:-1, max-image-preview:large, max-video-preview:-1\" \/>\n<link rel=\"canonical\" href=\"https:\/\/www.humanium.org\/de\/kasachstan\/\" \/>\n<meta property=\"og:locale\" content=\"de_DE\" \/>\n<meta property=\"og:type\" content=\"article\" \/>\n<meta property=\"og:title\" content=\"Die Kinder von Kasachstan - Humanium\" \/>\n<meta property=\"og:description\" content=\"Kasachstans Wirtschaft hat in den letzten Jahren gro\u00dfe Fortschritte gemacht. Angesichts steigt jedoch die Verwundbarkeit von Kindern erneut an.\" \/>\n<meta property=\"og:url\" content=\"https:\/\/www.humanium.org\/de\/kasachstan\/\" \/>\n<meta property=\"og:site_name\" content=\"Humanium\" \/>\n<meta property=\"article:modified_time\" content=\"2025-12-05T16:52:17+00:00\" \/>\n<meta name=\"twitter:card\" content=\"summary_large_image\" \/>\n<meta name=\"twitter:label1\" content=\"Gesch\u00e4tzte Lesezeit\" \/>\n\t<meta name=\"twitter:data1\" content=\"6\u00a0Minuten\" \/>\n<script type=\"application\/ld+json\" class=\"yoast-schema-graph\">{\"@context\":\"https:\/\/schema.org\",\"@graph\":[{\"@type\":\"WebPage\",\"@id\":\"https:\/\/www.humanium.org\/de\/kasachstan\/\",\"url\":\"https:\/\/www.humanium.org\/de\/kasachstan\/\",\"name\":\"Die Kinder von Kasachstan - Humanium\",\"isPartOf\":{\"@id\":\"https:\/\/www.humanium.org\/de\/#website\"},\"primaryImageOfPage\":{\"@id\":\"https:\/\/www.humanium.org\/de\/kasachstan\/#primaryimage\"},\"image\":{\"@id\":\"https:\/\/www.humanium.org\/de\/kasachstan\/#primaryimage\"},\"thumbnailUrl\":\"https:\/\/www.humanium.org\/fr\/wp-content\/uploads\/2012\/11\/rodeomilano-Flickr-200W.jpg\",\"datePublished\":\"2016-06-01T11:24:27+00:00\",\"dateModified\":\"2025-12-05T16:52:17+00:00\",\"description\":\"Kasachstans Wirtschaft hat in den letzten Jahren gro\u00dfe Fortschritte gemacht. Angesichts steigt jedoch die Verwundbarkeit von Kindern erneut an.\",\"breadcrumb\":{\"@id\":\"https:\/\/www.humanium.org\/de\/kasachstan\/#breadcrumb\"},\"inLanguage\":\"de\",\"potentialAction\":[{\"@type\":\"ReadAction\",\"target\":[\"https:\/\/www.humanium.org\/de\/kasachstan\/\"]}]},{\"@type\":\"ImageObject\",\"inLanguage\":\"de\",\"@id\":\"https:\/\/www.humanium.org\/de\/kasachstan\/#primaryimage\",\"url\":\"https:\/\/www.humanium.org\/fr\/wp-content\/uploads\/2012\/11\/rodeomilano-Flickr-200W.jpg\",\"contentUrl\":\"https:\/\/www.humanium.org\/fr\/wp-content\/uploads\/2012\/11\/rodeomilano-Flickr-200W.jpg\"},{\"@type\":\"BreadcrumbList\",\"@id\":\"https:\/\/www.humanium.org\/de\/kasachstan\/#breadcrumb\",\"itemListElement\":[{\"@type\":\"ListItem\",\"position\":1,\"name\":\"Home\",\"item\":\"https:\/\/www.humanium.org\/de\/\"},{\"@type\":\"ListItem\",\"position\":2,\"name\":\"Die Kinder von Kasachstan\"}]},{\"@type\":\"WebSite\",\"@id\":\"https:\/\/www.humanium.org\/de\/#website\",\"url\":\"https:\/\/www.humanium.org\/de\/\",\"name\":\"Humanium\",\"description\":\"Kinder zuerst!\",\"potentialAction\":[{\"@type\":\"SearchAction\",\"target\":{\"@type\":\"EntryPoint\",\"urlTemplate\":\"https:\/\/www.humanium.org\/de\/?s={search_term_string}\"},\"query-input\":{\"@type\":\"PropertyValueSpecification\",\"valueRequired\":true,\"valueName\":\"search_term_string\"}}],\"inLanguage\":\"de\"}]}<\/script>\n<!-- \/ Yoast SEO plugin. -->","yoast_head_json":{"title":"Die Kinder von Kasachstan - Humanium","description":"Kasachstans Wirtschaft hat in den letzten Jahren gro\u00dfe Fortschritte gemacht. Angesichts steigt jedoch die Verwundbarkeit von Kindern erneut an.","robots":{"index":"index","follow":"follow","max-snippet":"max-snippet:-1","max-image-preview":"max-image-preview:large","max-video-preview":"max-video-preview:-1"},"canonical":"https:\/\/www.humanium.org\/de\/kasachstan\/","og_locale":"de_DE","og_type":"article","og_title":"Die Kinder von Kasachstan - Humanium","og_description":"Kasachstans Wirtschaft hat in den letzten Jahren gro\u00dfe Fortschritte gemacht. Angesichts steigt jedoch die Verwundbarkeit von Kindern erneut an.","og_url":"https:\/\/www.humanium.org\/de\/kasachstan\/","og_site_name":"Humanium","article_modified_time":"2025-12-05T16:52:17+00:00","twitter_card":"summary_large_image","twitter_misc":{"Gesch\u00e4tzte Lesezeit":"6\u00a0Minuten"},"schema":{"@context":"https:\/\/schema.org","@graph":[{"@type":"WebPage","@id":"https:\/\/www.humanium.org\/de\/kasachstan\/","url":"https:\/\/www.humanium.org\/de\/kasachstan\/","name":"Die Kinder von Kasachstan - Humanium","isPartOf":{"@id":"https:\/\/www.humanium.org\/de\/#website"},"primaryImageOfPage":{"@id":"https:\/\/www.humanium.org\/de\/kasachstan\/#primaryimage"},"image":{"@id":"https:\/\/www.humanium.org\/de\/kasachstan\/#primaryimage"},"thumbnailUrl":"https:\/\/www.humanium.org\/fr\/wp-content\/uploads\/2012\/11\/rodeomilano-Flickr-200W.jpg","datePublished":"2016-06-01T11:24:27+00:00","dateModified":"2025-12-05T16:52:17+00:00","description":"Kasachstans Wirtschaft hat in den letzten Jahren gro\u00dfe Fortschritte gemacht. Angesichts steigt jedoch die Verwundbarkeit von Kindern erneut an.","breadcrumb":{"@id":"https:\/\/www.humanium.org\/de\/kasachstan\/#breadcrumb"},"inLanguage":"de","potentialAction":[{"@type":"ReadAction","target":["https:\/\/www.humanium.org\/de\/kasachstan\/"]}]},{"@type":"ImageObject","inLanguage":"de","@id":"https:\/\/www.humanium.org\/de\/kasachstan\/#primaryimage","url":"https:\/\/www.humanium.org\/fr\/wp-content\/uploads\/2012\/11\/rodeomilano-Flickr-200W.jpg","contentUrl":"https:\/\/www.humanium.org\/fr\/wp-content\/uploads\/2012\/11\/rodeomilano-Flickr-200W.jpg"},{"@type":"BreadcrumbList","@id":"https:\/\/www.humanium.org\/de\/kasachstan\/#breadcrumb","itemListElement":[{"@type":"ListItem","position":1,"name":"Home","item":"https:\/\/www.humanium.org\/de\/"},{"@type":"ListItem","position":2,"name":"Die Kinder von Kasachstan"}]},{"@type":"WebSite","@id":"https:\/\/www.humanium.org\/de\/#website","url":"https:\/\/www.humanium.org\/de\/","name":"Humanium","description":"Kinder zuerst!","potentialAction":[{"@type":"SearchAction","target":{"@type":"EntryPoint","urlTemplate":"https:\/\/www.humanium.org\/de\/?s={search_term_string}"},"query-input":{"@type":"PropertyValueSpecification","valueRequired":true,"valueName":"search_term_string"}}],"inLanguage":"de"}]}},"_links":{"self":[{"href":"https:\/\/www.humanium.org\/de\/wp-json\/wp\/v2\/pages\/6614","targetHints":{"allow":["GET"]}}],"collection":[{"href":"https:\/\/www.humanium.org\/de\/wp-json\/wp\/v2\/pages"}],"about":[{"href":"https:\/\/www.humanium.org\/de\/wp-json\/wp\/v2\/types\/page"}],"author":[{"embeddable":true,"href":"https:\/\/www.humanium.org\/de\/wp-json\/wp\/v2\/users\/1"}],"replies":[{"embeddable":true,"href":"https:\/\/www.humanium.org\/de\/wp-json\/wp\/v2\/comments?post=6614"}],"version-history":[{"count":4,"href":"https:\/\/www.humanium.org\/de\/wp-json\/wp\/v2\/pages\/6614\/revisions"}],"predecessor-version":[{"id":20099,"href":"https:\/\/www.humanium.org\/de\/wp-json\/wp\/v2\/pages\/6614\/revisions\/20099"}],"wp:attachment":[{"href":"https:\/\/www.humanium.org\/de\/wp-json\/wp\/v2\/media?parent=6614"}],"curies":[{"name":"wp","href":"https:\/\/api.w.org\/{rel}","templated":true}]}}