{"id":6623,"date":"2016-06-02T15:34:30","date_gmt":"2016-06-02T15:34:30","guid":{"rendered":"http:\/\/www.humanium.org\/de\/?page_id=6623"},"modified":"2025-12-06T06:26:00","modified_gmt":"2025-12-06T06:26:00","slug":"polen","status":"publish","type":"page","link":"https:\/\/www.humanium.org\/de\/polen\/","title":{"rendered":"Kinder in Polen"},"content":{"rendered":"<h1>Kinder in Polen<\/h1>\n<h2>Die Verwirklichung der Kinderrechte in Polen<\/h2>\n<p>Die Situation der Rechte des Kindes in Polen ist relativ zufriedenstellend. Allerdings muss das Land noch st\u00e4rker gegen einige Verletzungen der Prinzipien der Konvention der Rechte des Kindes vorgehen.<\/p>\n<h3>Hauptprobleme, mit denen die Kinder in Polen konfrontiert sind:<\/h3>\n<p><strong><a href=\"https:\/\/www.humanium.org\/de\/armut\/\">Armut<\/a><\/strong><\/p>\n<p><img loading=\"lazy\" decoding=\"async\" class=\"alignright size-medium wp-image-2705\" title=\"Viele Kinder in Polen leiden unter Armut \u00a9 Tomquah (Flickr)\" src=\"https:\/\/www.humanium.org\/en\/wp-content\/uploads\/2011\/08\/pologne-groupe-tomquah-flickr-300x193.jpg\" alt=\"\" width=\"168\" height=\"109\" \/>In Polen leidet ungef\u00e4hr jedes vierte Kind an Armut. Nur wenige Staatshilfen sind vorgesehen, um die Familien finanziell zu unterst\u00fctzen, besonders im Falle einer neuen Geburt.<\/p>\n<p>Die in Polen existierende Armut wird zus\u00e4tzlich stark von der\u00a0vorherrschenden\u00a0Arbeitslosigkeit, die sehr verbreitet bleibt im Land, beeinflusst.<\/p>\n<p>So ist die Kinderarmut eine der gr\u00f6\u00dften in Europa. Sie betrifft vor allem Alleinerziehende und gro\u00dfe Familien.<\/p>\n<p><strong><a href=\"https:\/\/www.humanium.org\/de\/recht-nahrung\/\">Fehlern\u00e4hrung<\/a><\/strong><\/p>\n<p>W\u00e4hrend in einigen entlegenen Regionen des Landes die Kinder von den \u00e4rmsten Familien an Unterern\u00e4hrung leiden, trifft das entgegengesetzte Problem der \u00dcberern\u00e4hrung viele andere junge Polen. \u00dcbergewicht hat n\u00e4mlich in den letzten Jahrzehnten stark zugenommen in Polen. Heute werden beinahe 20% der Polen als klinisch \u00fcbergewichtig bezeichnet.<\/p>\n<p>Dieses Problem, das haupts\u00e4chlich von einer schlechten und\/oder exzessiven Ern\u00e4hrung verursacht wird, tritt\u00a0bei Kindern besonders h\u00e4ufig auf und ist sehr beunruhigend. Ihre Gesundheit, die noch verletzlicher ist als bei Erwachsenen, leidet stark darunter. So kommt es zu zahlreichen negativen Effekten, die manchmal sehr gef\u00e4hrliche Ausma\u00dfe f\u00fcr das \u00dcberleben der Kinder annehmen k\u00f6nnen.<\/p>\n<p><strong><a href=\"https:\/\/www.humanium.org\/de\/diskriminierung\/\">Nichtdiskriminierung<\/a><\/strong><\/p>\n<p>In Polen spielt die Diskriminierung basierend auf Rasse, Geschlecht und sexueller Identit\u00e4t eine wichtige Rolle.<\/p>\n<p>Die von der Diskriminierung am st\u00e4rksten Betroffenen sind im Allgemeinen die Roma und Ausl\u00e4nder. Bez\u00fcglich der Roma hat Polen versucht Programme ins Leben zu rufen, um deren Situation zu verbessern.<\/p>\n<p>Dennoch wird diese Gemeinschaft noch nicht ganz akzeptiert. Die soziale Ausgliederung, der sie zum Opfer f\u00e4llt, f\u00fchrt zu\u00a0zahlreichen, manchmal gewaltt\u00e4tigen und gef\u00e4hrlichen, rassistischen Vorf\u00e4llen\u00a0besonders gegen\u00fcber\u00a0Kindern.<\/p>\n<p><a href=\"https:\/\/www.humanium.org\/de\/lgbtq-kinder\/\">Homosexuelle Jugendliche<\/a> sind auch Opfer offenkundiger Diskriminierung, sowohl unter der zivilen Bev\u00f6lkerung als auch von einigen \u00f6ffentlichen Beh\u00f6rden. So werden regelm\u00e4\u00dfig viele Gesetze vorgeschlagen, die verbieten sollen, dass Informationen \u00fcber Homosexualit\u00e4t in Schulen weitergegeben werden k\u00f6nnen, oder die sogar verbieten sollen, dass homosexuelle Lehrkr\u00e4fte unterrichten.<\/p>\n<p>Zum Gl\u00fcck wurde keines dieser Gesetze verabschiedet. Allerdings sind diese Vorschl\u00e4ge der traurige Spiegel vieler polnischer Mentalit\u00e4ten, die noch immer nicht alle sexuellen Orientierungen akzeptieren.<\/p>\n<p><strong><a href=\"https:\/\/www.humanium.org\/de\/die-sexuelle-ausbeutung-von-kindern\/\">Sexuelle Ausbeutung<\/a><\/strong><\/p>\n<p>In Polen ist die sexuelle Ausbeutung eines der Hauptprobleme bez\u00fcglich der Rechte des Kindes.<\/p>\n<p>Die Pr\u00e4ventivma\u00dfnahmen, sowie die Aufkl\u00e4rung \u00fcber dieses Thema, sind unzureichend in diesem Land, das von dem Problem sehr betroffen ist. Au\u00dferdem werden zu wenig Mittel freigesetzt, um die Gr\u00fcnde und die Urspr\u00fcnge dieser sexuellen Ausbeutungen zu finden. Dennoch bleibt Polen eines der gr\u00f6\u00dften Ziele f\u00fcr Sextourismus.<\/p>\n<p><strong>Umwelt<\/strong><\/p>\n<p>Bei einer CO2-Emission von 8,3 Tonnen pro Einwohner \/ Jahr, hat der negative \u00f6kologische Fu\u00dfabdruck dieses Landes auch eine sch\u00e4dliche Wirkung auf das Leben der Kinder und ihre Zukunftsperspektiven, was ihnen so ihr Recht nimmt, in einem gesunden Umfeld zu leben und aufzuwachen.<\/p>\n<p><strong><a href=\"https:\/\/www.humanium.org\/de\/recht-freiheit\/\">Meinungs- und Redefreiheit<\/a><\/strong><\/p>\n<p>Die Meinung der Kinder wird in Polen zu oft ignoriert. Die Bev\u00f6lkerung h\u00e4ngt stark an traditionellen Gedanken, bei denen die elterliche Gewalt an erster Stelle steht, so dass den Vorstellungen der Kinder kein Interesse gewidmet wird. Demzufolge werden die Kinder praktisch nie geh\u00f6rt, auch nicht, wenn sie der Hauptgrund f\u00fcr die Diskussion sind. Die entsprechende Gesetzgebung und die Programme beachten nicht die Meinungen der Kinder und sind deswegen wenig an deren Bed\u00fcrfnisse angepasst.<\/p>\n","protected":false},"excerpt":{"rendered":"<p>Kinder in Polen Die Verwirklichung der Kinderrechte in Polen Die Situation der Rechte des Kindes in Polen ist relativ zufriedenstellend. Allerdings muss das Land noch st\u00e4rker gegen einige Verletzungen der Prinzipien der Konvention der Rechte des Kindes vorgehen. Hauptprobleme, mit denen die Kinder in Polen konfrontiert sind: Armut In Polen leidet ungef\u00e4hr jedes vierte Kind [&hellip;]<\/p>\n","protected":false},"author":1,"featured_media":0,"parent":0,"menu_order":0,"comment_status":"closed","ping_status":"closed","template":"","meta":{"footnotes":""},"class_list":["post-6623","page","type-page","status-publish","hentry"],"yoast_head":"<!-- This site is optimized with the Yoast SEO plugin v26.5 - https:\/\/yoast.com\/wordpress\/plugins\/seo\/ -->\n<title>Kinder in Polen - Humanium<\/title>\n<meta name=\"description\" content=\"Die Situation der Rechte des Kindes in Polen ist relativ zufriedenstellend. Allerdings muss das Land noch st\u00e4rker gegen einige Verletzungen vorgehen.\" \/>\n<meta name=\"robots\" content=\"index, follow, max-snippet:-1, max-image-preview:large, max-video-preview:-1\" \/>\n<link rel=\"canonical\" href=\"https:\/\/www.humanium.org\/de\/polen\/\" \/>\n<meta property=\"og:locale\" content=\"de_DE\" \/>\n<meta property=\"og:type\" content=\"article\" \/>\n<meta property=\"og:title\" content=\"Kinder in Polen - Humanium\" \/>\n<meta property=\"og:description\" content=\"Die Situation der Rechte des Kindes in Polen ist relativ zufriedenstellend. Allerdings muss das Land noch st\u00e4rker gegen einige Verletzungen vorgehen.\" \/>\n<meta property=\"og:url\" content=\"https:\/\/www.humanium.org\/de\/polen\/\" \/>\n<meta property=\"og:site_name\" content=\"Humanium\" \/>\n<meta property=\"article:modified_time\" content=\"2025-12-06T06:26:00+00:00\" \/>\n<meta name=\"twitter:card\" content=\"summary_large_image\" \/>\n<meta name=\"twitter:label1\" content=\"Gesch\u00e4tzte Lesezeit\" \/>\n\t<meta name=\"twitter:data1\" content=\"4\u00a0Minuten\" \/>\n<script type=\"application\/ld+json\" class=\"yoast-schema-graph\">{\"@context\":\"https:\/\/schema.org\",\"@graph\":[{\"@type\":\"WebPage\",\"@id\":\"https:\/\/www.humanium.org\/de\/polen\/\",\"url\":\"https:\/\/www.humanium.org\/de\/polen\/\",\"name\":\"Kinder in Polen - Humanium\",\"isPartOf\":{\"@id\":\"https:\/\/www.humanium.org\/de\/#website\"},\"primaryImageOfPage\":{\"@id\":\"https:\/\/www.humanium.org\/de\/polen\/#primaryimage\"},\"image\":{\"@id\":\"https:\/\/www.humanium.org\/de\/polen\/#primaryimage\"},\"thumbnailUrl\":\"https:\/\/www.humanium.org\/en\/wp-content\/uploads\/2011\/08\/pologne-groupe-tomquah-flickr-300x193.jpg\",\"datePublished\":\"2016-06-02T15:34:30+00:00\",\"dateModified\":\"2025-12-06T06:26:00+00:00\",\"description\":\"Die Situation der Rechte des Kindes in Polen ist relativ zufriedenstellend. Allerdings muss das Land noch st\u00e4rker gegen einige Verletzungen vorgehen.\",\"breadcrumb\":{\"@id\":\"https:\/\/www.humanium.org\/de\/polen\/#breadcrumb\"},\"inLanguage\":\"de\",\"potentialAction\":[{\"@type\":\"ReadAction\",\"target\":[\"https:\/\/www.humanium.org\/de\/polen\/\"]}]},{\"@type\":\"ImageObject\",\"inLanguage\":\"de\",\"@id\":\"https:\/\/www.humanium.org\/de\/polen\/#primaryimage\",\"url\":\"https:\/\/www.humanium.org\/en\/wp-content\/uploads\/2011\/08\/pologne-groupe-tomquah-flickr-300x193.jpg\",\"contentUrl\":\"https:\/\/www.humanium.org\/en\/wp-content\/uploads\/2011\/08\/pologne-groupe-tomquah-flickr-300x193.jpg\"},{\"@type\":\"BreadcrumbList\",\"@id\":\"https:\/\/www.humanium.org\/de\/polen\/#breadcrumb\",\"itemListElement\":[{\"@type\":\"ListItem\",\"position\":1,\"name\":\"Home\",\"item\":\"https:\/\/www.humanium.org\/de\/\"},{\"@type\":\"ListItem\",\"position\":2,\"name\":\"Kinder in Polen\"}]},{\"@type\":\"WebSite\",\"@id\":\"https:\/\/www.humanium.org\/de\/#website\",\"url\":\"https:\/\/www.humanium.org\/de\/\",\"name\":\"Humanium\",\"description\":\"Kinder zuerst!\",\"potentialAction\":[{\"@type\":\"SearchAction\",\"target\":{\"@type\":\"EntryPoint\",\"urlTemplate\":\"https:\/\/www.humanium.org\/de\/?s={search_term_string}\"},\"query-input\":{\"@type\":\"PropertyValueSpecification\",\"valueRequired\":true,\"valueName\":\"search_term_string\"}}],\"inLanguage\":\"de\"}]}<\/script>\n<!-- \/ Yoast SEO plugin. -->","yoast_head_json":{"title":"Kinder in Polen - Humanium","description":"Die Situation der Rechte des Kindes in Polen ist relativ zufriedenstellend. Allerdings muss das Land noch st\u00e4rker gegen einige Verletzungen vorgehen.","robots":{"index":"index","follow":"follow","max-snippet":"max-snippet:-1","max-image-preview":"max-image-preview:large","max-video-preview":"max-video-preview:-1"},"canonical":"https:\/\/www.humanium.org\/de\/polen\/","og_locale":"de_DE","og_type":"article","og_title":"Kinder in Polen - Humanium","og_description":"Die Situation der Rechte des Kindes in Polen ist relativ zufriedenstellend. Allerdings muss das Land noch st\u00e4rker gegen einige Verletzungen vorgehen.","og_url":"https:\/\/www.humanium.org\/de\/polen\/","og_site_name":"Humanium","article_modified_time":"2025-12-06T06:26:00+00:00","twitter_card":"summary_large_image","twitter_misc":{"Gesch\u00e4tzte Lesezeit":"4\u00a0Minuten"},"schema":{"@context":"https:\/\/schema.org","@graph":[{"@type":"WebPage","@id":"https:\/\/www.humanium.org\/de\/polen\/","url":"https:\/\/www.humanium.org\/de\/polen\/","name":"Kinder in Polen - Humanium","isPartOf":{"@id":"https:\/\/www.humanium.org\/de\/#website"},"primaryImageOfPage":{"@id":"https:\/\/www.humanium.org\/de\/polen\/#primaryimage"},"image":{"@id":"https:\/\/www.humanium.org\/de\/polen\/#primaryimage"},"thumbnailUrl":"https:\/\/www.humanium.org\/en\/wp-content\/uploads\/2011\/08\/pologne-groupe-tomquah-flickr-300x193.jpg","datePublished":"2016-06-02T15:34:30+00:00","dateModified":"2025-12-06T06:26:00+00:00","description":"Die Situation der Rechte des Kindes in Polen ist relativ zufriedenstellend. Allerdings muss das Land noch st\u00e4rker gegen einige Verletzungen vorgehen.","breadcrumb":{"@id":"https:\/\/www.humanium.org\/de\/polen\/#breadcrumb"},"inLanguage":"de","potentialAction":[{"@type":"ReadAction","target":["https:\/\/www.humanium.org\/de\/polen\/"]}]},{"@type":"ImageObject","inLanguage":"de","@id":"https:\/\/www.humanium.org\/de\/polen\/#primaryimage","url":"https:\/\/www.humanium.org\/en\/wp-content\/uploads\/2011\/08\/pologne-groupe-tomquah-flickr-300x193.jpg","contentUrl":"https:\/\/www.humanium.org\/en\/wp-content\/uploads\/2011\/08\/pologne-groupe-tomquah-flickr-300x193.jpg"},{"@type":"BreadcrumbList","@id":"https:\/\/www.humanium.org\/de\/polen\/#breadcrumb","itemListElement":[{"@type":"ListItem","position":1,"name":"Home","item":"https:\/\/www.humanium.org\/de\/"},{"@type":"ListItem","position":2,"name":"Kinder in Polen"}]},{"@type":"WebSite","@id":"https:\/\/www.humanium.org\/de\/#website","url":"https:\/\/www.humanium.org\/de\/","name":"Humanium","description":"Kinder zuerst!","potentialAction":[{"@type":"SearchAction","target":{"@type":"EntryPoint","urlTemplate":"https:\/\/www.humanium.org\/de\/?s={search_term_string}"},"query-input":{"@type":"PropertyValueSpecification","valueRequired":true,"valueName":"search_term_string"}}],"inLanguage":"de"}]}},"_links":{"self":[{"href":"https:\/\/www.humanium.org\/de\/wp-json\/wp\/v2\/pages\/6623","targetHints":{"allow":["GET"]}}],"collection":[{"href":"https:\/\/www.humanium.org\/de\/wp-json\/wp\/v2\/pages"}],"about":[{"href":"https:\/\/www.humanium.org\/de\/wp-json\/wp\/v2\/types\/page"}],"author":[{"embeddable":true,"href":"https:\/\/www.humanium.org\/de\/wp-json\/wp\/v2\/users\/1"}],"replies":[{"embeddable":true,"href":"https:\/\/www.humanium.org\/de\/wp-json\/wp\/v2\/comments?post=6623"}],"version-history":[{"count":7,"href":"https:\/\/www.humanium.org\/de\/wp-json\/wp\/v2\/pages\/6623\/revisions"}],"predecessor-version":[{"id":20870,"href":"https:\/\/www.humanium.org\/de\/wp-json\/wp\/v2\/pages\/6623\/revisions\/20870"}],"wp:attachment":[{"href":"https:\/\/www.humanium.org\/de\/wp-json\/wp\/v2\/media?parent=6623"}],"curies":[{"name":"wp","href":"https:\/\/api.w.org\/{rel}","templated":true}]}}