{"id":6627,"date":"2016-06-02T16:11:45","date_gmt":"2016-06-02T16:11:45","guid":{"rendered":"http:\/\/www.humanium.org\/de\/?page_id=6627"},"modified":"2025-12-06T06:25:52","modified_gmt":"2025-12-06T06:25:52","slug":"portugal","status":"publish","type":"page","link":"https:\/\/www.humanium.org\/de\/portugal\/","title":{"rendered":"Kinder in Portugal"},"content":{"rendered":"<h1>Kinder in Portugal<\/h1>\n<h2>Die Verwirklichung der Kinderrechte in Portugal<\/h2>\n<p style=\"text-align: center;\"><img loading=\"lazy\" decoding=\"async\" class=\"alignnone size-full wp-image-22065\" title=\"Junges M\u00e4dchen aus Portugal \u00a9 Blazouf (Flickr)\" src=\"https:\/\/www.humanium.org\/fr\/wp-content\/uploads\/2012\/07\/jeune-fille-blazouf.jpg\" alt=\"\" width=\"224\" height=\"200\" \/>\u00a0<img loading=\"lazy\" decoding=\"async\" class=\"alignnome size-full wp-image-21724\" title=\"Portugiesischer Junge \u00a9 Marionzetta (Flickr)\" src=\"https:\/\/www.humanium.org\/fr\/wp-content\/uploads\/2012\/07\/jeune-garcon-marionzetta.jpg\" alt=\"\" width=\"150\" height=\"200\" \/><\/p>\n<p>Die Ratifizierung der Internationalen Kinderrechtskonvention durch Portugal hat den Kindern mehr Aufmerksamkeit beschert. Au\u00dferdem wurden nennenswerte Ressourcen f\u00fcr Bildung, Gesundheit und soziale Absicherung von Kindern und Jugendlichen bereitgestellt. Dennoch ist die Anzahl an Menschen, die in Armut leben, beunruhigend. Diese Situation wurde j\u00fcngst durch die Wirtschaftskrise verschlimmert und hat die Lebensbedingungen f\u00fcr viele Kinder zum Negativen ver\u00e4ndert.<\/p>\n<h3>Hauptprobleme, mit denen Kinder in Portugal konfrontiert sind:<\/h3>\n<p><a href=\"https:\/\/www.humanium.org\/de\/armut\/\"><strong>Armut<\/strong><\/a><\/p>\n<p><a href=\"https:\/\/www.humanium.org\/en\/portugal\/\"><img loading=\"lazy\" decoding=\"async\" class=\"alignright wp-image-22068\" title=\"Arme Kinder in Portugal \u00a9 Frproart (Flickr)\" src=\"https:\/\/www.humanium.org\/fr\/wp-content\/uploads\/2012\/07\/enfants-portugal-frproart1.jpg\" alt=\"\" width=\"224\" height=\"160\" \/><\/a>Auf europ\u00e4ischer Ebene ist Portugal eines der acht L\u00e4nder mit der h\u00f6chsten Armut bei Kindern. Seit 2009 ist die Armut in Portugal unaufh\u00f6rlich gestiegen. 20% der Kinder &#8211; das ist eines von f\u00fcnf &#8211; lebt unterhalb der Armutsschwelle. Meist haben die Eltern dieser Kinder keinen Beruf oder sind arbeitslos.<\/p>\n<p>Unter diesen Familien hat ein gewisser Anteil keine Bleibe und lebt in den <a href=\"https:\/\/www.humanium.org\/de\/strasenkinder\/\">Elendsvierteln oder in den Stra\u00dfen<\/a> von Lissabon und Porto. 3 von 10 Kindern sind notleidend, so erhalten viele Kinder z. B. keine 3 Mahlzeiten pro Tag.<\/p>\n<p><strong>Gesundheit<\/strong><\/p>\n<p>Portugal hat den h\u00f6chsten Anteil von <a href=\"https:\/\/www.humanium.org\/de\/kinder-und-aids\/\">HIV-Infizierten<\/a> in Westeuropa. Trotz der Kampagnen zur Vorbeugung heben Untersuchungen den geringen Einsatz von Pr\u00e4servativen bei Jugendlichen hervor.<\/p>\n<p><a href=\"https:\/\/www.humanium.org\/de\/ausbeutung\/\"><strong>Misshandlung<\/strong><\/a><\/p>\n<p>Portugal ist eines der drei L\u00e4nder mit den meisten F\u00e4llen von Kindstod als Folge von Misshandlung. 90% der misshandelten Kinder sind Opfer von h\u00e4uslicher Gewalt. Dies kann gravierende Konsequenzen f\u00fcr die k\u00f6rperliche oder seelische Entwicklung der Kinder haben.<\/p>\n<p><a href=\"https:\/\/www.humanium.org\/de\/kinderarbeit-2\/\"><strong>Kinderarbeit<\/strong><\/a><\/p>\n<p><img loading=\"lazy\" decoding=\"async\" class=\"alignright wp-image-22069\" title=\"Kinderarbeit ist immer noch gegenw\u00e4rtig \u00a9 Marcdonn (Flickr)\" src=\"https:\/\/www.humanium.org\/fr\/wp-content\/uploads\/2012\/07\/enfants-travail-marcdonn.jpg\" alt=\"\" width=\"240\" height=\"160\" \/>Trotz einer Kampagne zur Ausrottung von Kinderarbeit ist dieses Ph\u00e4nomen immer noch vorhanden, jedoch nach offiziellen Angaben im R\u00fcckgang begriffen. Dieser R\u00fcckgang wurde jedoch bezweifelt, da die offiziellen Ergebnisse nicht ausreichend best\u00e4tigt werden konnten.<\/p>\n<p>W\u00e4hrend das Gesetz Kinderarbeit verbietet, betteln Kinder der Roma, die j\u00fcnger als 16 Jahre sind, in den Stra\u00dfen. Au\u00dferdem sind Kinder im Norden Portugals mehr betroffen als im S\u00fcden. Sie arbeiten haupts\u00e4chlich in der Textil- und Schuhindustrie und auf dem Bau. Kinder in der Schuhindustrie verdienen weniger als einen Euro die Stunde. Sie unterliegen dem Risiko der Ausschulung und der mangelnden Qualifikation. Als eine Folge der Krise gibt es sehr viele Kinder, die die Schule verlassen, um zu arbeiten und ihre Familie zu unterst\u00fctzen.<\/p>\n<p><a href=\"https:\/\/www.humanium.org\/de\/focusdiskriminierung\/\"><strong>Das Recht auf Nicht-Diskriminierung<\/strong><\/a><\/p>\n<p>Obwohl Portugal die Internationale Konvention zur Beseitigung jeglicher Form von Rassendiskriminierung ratifiziert hat, wird die Gemeinschaft der Roma diskriminiert, vor allem im Hinblick auf Wohnen, Gesundheit und Bildung. Portugal hat Programme ins Leben gerufen, um Roma, die unter prek\u00e4ren Bedingungen leben, umzusiedeln. Aber ihre Unterbringung in Gegenden, die von den urbanen Zentren entfernt sind, zieht Mobilit\u00e4tsprobleme nach sich. Diese beeinflussen den Zugang zur Basisversorgung, die f\u00fcr die Kinder notwendig ist. Au\u00dferdem zeigen Untersuchungen, dass die Einschulung bei Kindern aus Roma-Familien niedriger ist als bei anderen.<\/p>\n<p><a href=\"https:\/\/www.humanium.org\/de\/kinderhandel\/\"><strong>Kinderhandel<\/strong><\/a><\/p>\n<p>Zahlreiche Kinder aus Brasilien, den osteurop\u00e4ischen Staaten und aus Afrika werden nach Portugal verfrachtet. Sie werden in der Hotellerie und als Hausangestellte eingesetzt und leben in der Prostitution. Diese Kinder werden meist misshandelt und sexuell missbraucht.<\/p>\n<p><a href=\"https:\/\/www.humanium.org\/de\/die-sexuelle-ausbeutung-von-kindern\/\"><strong>Sexuelle Ausbeutung von Kindern<\/strong><\/a><\/p>\n<p><img loading=\"lazy\" decoding=\"async\" class=\"alignright wp-image-22070\" title=\"Kinderhandel zur sexuellen Ausbeutung ist nennenswert in Portugal \u00a9 Hugo brth (Flickr)\" src=\"https:\/\/www.humanium.org\/fr\/wp-content\/uploads\/2012\/07\/exploitationenfant.jpg\" alt=\"\" width=\"230\" height=\"160\" \/>Auf Grund von Gesetzesl\u00fccken ist der Kinderhandel zum Zwecke sexueller Ausbeutung in Portugal immer noch bedeutsam. Junge M\u00e4dchen sind besonders betroffen und dies umso mehr, wenn sie aus armen Familien stammen.<\/p>\n<p><strong>Umwelt<\/strong><\/p>\n<p>Portugal ist mit seinem Co2 Aussto\u00df von 5,7 Tonnen pro Einwohner und Jahr keinesfalls eine Referenz in Sachen Umwelt. Erwachsene und Kinder m\u00fcssen in einer gesunden Umgebung leben k\u00f6nnen, aber Portugal hat &#8211; genau wie viele andere L\u00e4nder &#8211; keinen Plan f\u00fcr die Gesundheit seiner Bev\u00f6lkerung und deren Kinder.<\/p>\n","protected":false},"excerpt":{"rendered":"<p>Kinder in Portugal Die Verwirklichung der Kinderrechte in Portugal \u00a0 Die Ratifizierung der Internationalen Kinderrechtskonvention durch Portugal hat den Kindern mehr Aufmerksamkeit beschert. Au\u00dferdem wurden nennenswerte Ressourcen f\u00fcr Bildung, Gesundheit und soziale Absicherung von Kindern und Jugendlichen bereitgestellt. Dennoch ist die Anzahl an Menschen, die in Armut leben, beunruhigend. Diese Situation wurde j\u00fcngst durch die [&hellip;]<\/p>\n","protected":false},"author":1,"featured_media":0,"parent":0,"menu_order":0,"comment_status":"closed","ping_status":"closed","template":"","meta":{"footnotes":""},"class_list":["post-6627","page","type-page","status-publish","hentry"],"yoast_head":"<!-- This site is optimized with the Yoast SEO plugin v26.5 - https:\/\/yoast.com\/wordpress\/plugins\/seo\/ -->\n<title>Kinder in Portugal - Humanium<\/title>\n<meta name=\"description\" content=\"Die Anzahl an Menschen in Portugal, die in Armut leben, ist beunruhigend. Diese Situation wurde j\u00fcngst durch die Wirtschaftskrise verschlimmert.\" \/>\n<meta name=\"robots\" content=\"index, follow, max-snippet:-1, max-image-preview:large, max-video-preview:-1\" \/>\n<link rel=\"canonical\" href=\"https:\/\/www.humanium.org\/de\/portugal\/\" \/>\n<meta property=\"og:locale\" content=\"de_DE\" \/>\n<meta property=\"og:type\" content=\"article\" \/>\n<meta property=\"og:title\" content=\"Kinder in Portugal - Humanium\" \/>\n<meta property=\"og:description\" content=\"Die Anzahl an Menschen in Portugal, die in Armut leben, ist beunruhigend. Diese Situation wurde j\u00fcngst durch die Wirtschaftskrise verschlimmert.\" \/>\n<meta property=\"og:url\" content=\"https:\/\/www.humanium.org\/de\/portugal\/\" \/>\n<meta property=\"og:site_name\" content=\"Humanium\" \/>\n<meta property=\"article:modified_time\" content=\"2025-12-06T06:25:52+00:00\" \/>\n<meta name=\"twitter:card\" content=\"summary_large_image\" \/>\n<meta name=\"twitter:label1\" content=\"Gesch\u00e4tzte Lesezeit\" \/>\n\t<meta name=\"twitter:data1\" content=\"5\u00a0Minuten\" \/>\n<script type=\"application\/ld+json\" class=\"yoast-schema-graph\">{\"@context\":\"https:\/\/schema.org\",\"@graph\":[{\"@type\":\"WebPage\",\"@id\":\"https:\/\/www.humanium.org\/de\/portugal\/\",\"url\":\"https:\/\/www.humanium.org\/de\/portugal\/\",\"name\":\"Kinder in Portugal - Humanium\",\"isPartOf\":{\"@id\":\"https:\/\/www.humanium.org\/de\/#website\"},\"primaryImageOfPage\":{\"@id\":\"https:\/\/www.humanium.org\/de\/portugal\/#primaryimage\"},\"image\":{\"@id\":\"https:\/\/www.humanium.org\/de\/portugal\/#primaryimage\"},\"thumbnailUrl\":\"https:\/\/www.humanium.org\/fr\/wp-content\/uploads\/2012\/07\/jeune-fille-blazouf.jpg\",\"datePublished\":\"2016-06-02T16:11:45+00:00\",\"dateModified\":\"2025-12-06T06:25:52+00:00\",\"description\":\"Die Anzahl an Menschen in Portugal, die in Armut leben, ist beunruhigend. Diese Situation wurde j\u00fcngst durch die Wirtschaftskrise verschlimmert.\",\"breadcrumb\":{\"@id\":\"https:\/\/www.humanium.org\/de\/portugal\/#breadcrumb\"},\"inLanguage\":\"de\",\"potentialAction\":[{\"@type\":\"ReadAction\",\"target\":[\"https:\/\/www.humanium.org\/de\/portugal\/\"]}]},{\"@type\":\"ImageObject\",\"inLanguage\":\"de\",\"@id\":\"https:\/\/www.humanium.org\/de\/portugal\/#primaryimage\",\"url\":\"https:\/\/www.humanium.org\/fr\/wp-content\/uploads\/2012\/07\/jeune-fille-blazouf.jpg\",\"contentUrl\":\"https:\/\/www.humanium.org\/fr\/wp-content\/uploads\/2012\/07\/jeune-fille-blazouf.jpg\"},{\"@type\":\"BreadcrumbList\",\"@id\":\"https:\/\/www.humanium.org\/de\/portugal\/#breadcrumb\",\"itemListElement\":[{\"@type\":\"ListItem\",\"position\":1,\"name\":\"Home\",\"item\":\"https:\/\/www.humanium.org\/de\/\"},{\"@type\":\"ListItem\",\"position\":2,\"name\":\"Kinder in Portugal\"}]},{\"@type\":\"WebSite\",\"@id\":\"https:\/\/www.humanium.org\/de\/#website\",\"url\":\"https:\/\/www.humanium.org\/de\/\",\"name\":\"Humanium\",\"description\":\"Kinder zuerst!\",\"potentialAction\":[{\"@type\":\"SearchAction\",\"target\":{\"@type\":\"EntryPoint\",\"urlTemplate\":\"https:\/\/www.humanium.org\/de\/?s={search_term_string}\"},\"query-input\":{\"@type\":\"PropertyValueSpecification\",\"valueRequired\":true,\"valueName\":\"search_term_string\"}}],\"inLanguage\":\"de\"}]}<\/script>\n<!-- \/ Yoast SEO plugin. -->","yoast_head_json":{"title":"Kinder in Portugal - Humanium","description":"Die Anzahl an Menschen in Portugal, die in Armut leben, ist beunruhigend. Diese Situation wurde j\u00fcngst durch die Wirtschaftskrise verschlimmert.","robots":{"index":"index","follow":"follow","max-snippet":"max-snippet:-1","max-image-preview":"max-image-preview:large","max-video-preview":"max-video-preview:-1"},"canonical":"https:\/\/www.humanium.org\/de\/portugal\/","og_locale":"de_DE","og_type":"article","og_title":"Kinder in Portugal - Humanium","og_description":"Die Anzahl an Menschen in Portugal, die in Armut leben, ist beunruhigend. Diese Situation wurde j\u00fcngst durch die Wirtschaftskrise verschlimmert.","og_url":"https:\/\/www.humanium.org\/de\/portugal\/","og_site_name":"Humanium","article_modified_time":"2025-12-06T06:25:52+00:00","twitter_card":"summary_large_image","twitter_misc":{"Gesch\u00e4tzte Lesezeit":"5\u00a0Minuten"},"schema":{"@context":"https:\/\/schema.org","@graph":[{"@type":"WebPage","@id":"https:\/\/www.humanium.org\/de\/portugal\/","url":"https:\/\/www.humanium.org\/de\/portugal\/","name":"Kinder in Portugal - Humanium","isPartOf":{"@id":"https:\/\/www.humanium.org\/de\/#website"},"primaryImageOfPage":{"@id":"https:\/\/www.humanium.org\/de\/portugal\/#primaryimage"},"image":{"@id":"https:\/\/www.humanium.org\/de\/portugal\/#primaryimage"},"thumbnailUrl":"https:\/\/www.humanium.org\/fr\/wp-content\/uploads\/2012\/07\/jeune-fille-blazouf.jpg","datePublished":"2016-06-02T16:11:45+00:00","dateModified":"2025-12-06T06:25:52+00:00","description":"Die Anzahl an Menschen in Portugal, die in Armut leben, ist beunruhigend. Diese Situation wurde j\u00fcngst durch die Wirtschaftskrise verschlimmert.","breadcrumb":{"@id":"https:\/\/www.humanium.org\/de\/portugal\/#breadcrumb"},"inLanguage":"de","potentialAction":[{"@type":"ReadAction","target":["https:\/\/www.humanium.org\/de\/portugal\/"]}]},{"@type":"ImageObject","inLanguage":"de","@id":"https:\/\/www.humanium.org\/de\/portugal\/#primaryimage","url":"https:\/\/www.humanium.org\/fr\/wp-content\/uploads\/2012\/07\/jeune-fille-blazouf.jpg","contentUrl":"https:\/\/www.humanium.org\/fr\/wp-content\/uploads\/2012\/07\/jeune-fille-blazouf.jpg"},{"@type":"BreadcrumbList","@id":"https:\/\/www.humanium.org\/de\/portugal\/#breadcrumb","itemListElement":[{"@type":"ListItem","position":1,"name":"Home","item":"https:\/\/www.humanium.org\/de\/"},{"@type":"ListItem","position":2,"name":"Kinder in Portugal"}]},{"@type":"WebSite","@id":"https:\/\/www.humanium.org\/de\/#website","url":"https:\/\/www.humanium.org\/de\/","name":"Humanium","description":"Kinder zuerst!","potentialAction":[{"@type":"SearchAction","target":{"@type":"EntryPoint","urlTemplate":"https:\/\/www.humanium.org\/de\/?s={search_term_string}"},"query-input":{"@type":"PropertyValueSpecification","valueRequired":true,"valueName":"search_term_string"}}],"inLanguage":"de"}]}},"_links":{"self":[{"href":"https:\/\/www.humanium.org\/de\/wp-json\/wp\/v2\/pages\/6627","targetHints":{"allow":["GET"]}}],"collection":[{"href":"https:\/\/www.humanium.org\/de\/wp-json\/wp\/v2\/pages"}],"about":[{"href":"https:\/\/www.humanium.org\/de\/wp-json\/wp\/v2\/types\/page"}],"author":[{"embeddable":true,"href":"https:\/\/www.humanium.org\/de\/wp-json\/wp\/v2\/users\/1"}],"replies":[{"embeddable":true,"href":"https:\/\/www.humanium.org\/de\/wp-json\/wp\/v2\/comments?post=6627"}],"version-history":[{"count":5,"href":"https:\/\/www.humanium.org\/de\/wp-json\/wp\/v2\/pages\/6627\/revisions"}],"predecessor-version":[{"id":20822,"href":"https:\/\/www.humanium.org\/de\/wp-json\/wp\/v2\/pages\/6627\/revisions\/20822"}],"wp:attachment":[{"href":"https:\/\/www.humanium.org\/de\/wp-json\/wp\/v2\/media?parent=6627"}],"curies":[{"name":"wp","href":"https:\/\/api.w.org\/{rel}","templated":true}]}}