{"id":6634,"date":"2016-06-07T15:59:32","date_gmt":"2016-06-07T15:59:32","guid":{"rendered":"http:\/\/www.humanium.org\/de\/?page_id=6634"},"modified":"2025-12-06T06:19:26","modified_gmt":"2025-12-06T06:19:26","slug":"griechenland","status":"publish","type":"page","link":"https:\/\/www.humanium.org\/de\/griechenland\/","title":{"rendered":"Kinder in Griechenland"},"content":{"rendered":"<h1>Kinder in Griechenland<\/h1>\n<h2>Die Verwirklichung der Kinderrechte in Griechenland<\/h2>\n<p style=\"text-align: center;\"><img loading=\"lazy\" decoding=\"async\" class=\"alignnone wp-image-6851\" title=\"Kleines M\u00e4dchen aus Griechenland \u00a9 Greekadman\" src=\"https:\/\/www.humanium.org\/en\/wp-content\/uploads\/2012\/04\/fillette-grecque-\u00a9-greekadman.jpg\" alt=\"\" width=\"170\" height=\"150\" \/> <img loading=\"lazy\" decoding=\"async\" class=\"alignnone wp-image-6852\" title=\"Kleiner Junge aus Griechenland \u00a9 Greekadman\" src=\"https:\/\/www.humanium.org\/en\/wp-content\/uploads\/2012\/04\/garcon-grec\u00a9greekadman-e1334821808930.jpg\" alt=\"\" width=\"150\" height=\"150\" \/><\/p>\n<p>Seitdem sich Griechenland in der Krise befindet, leiden die Griechen, insbesondere die Kinder, an der Verschlechterung der Lebensumst\u00e4nde. Aufgrund der wachsenden Armut sehen sie sich mit immer mehr Schwierigkeiten, wie beispielsweise Verwahrlosung, konfrontiert. Die Kinder von Minderheiten sind nicht nur Opfer von Diskriminierung, sondern auch von Menschenhandel mit dem Ziel der kommerziellen oder sexuellen Ausbeutung. F\u00fcr ein Land, das zur Europ\u00e4ischen Union (EU) geh\u00f6rt, ist die Lage der Kinder Griechenlands besorgniserregend.<\/p>\n<h3>Hauptprobleme, mit denen Kinder in Griechenland konfrontiert werden:<\/h3>\n<p><strong><a title=\"Poor children\" href=\"https:\/\/www.humanium.org\/de\/armut\/\">Armut<\/a><\/strong><\/p>\n<p><img loading=\"lazy\" decoding=\"async\" class=\"alignright wp-image-6854\" title=\"In Griechenland, manche Familien k\u00f6nnen sich kein Spielzeug f\u00fcr ihre Kinder leisten \u00a9 Greekadman\" src=\"https:\/\/www.humanium.org\/en\/wp-content\/uploads\/2012\/04\/pauvrete-\u00a9-greekadman-e1334821966730.jpg\" alt=\"\" width=\"165\" height=\"163\" \/>Griechenlands Finanzkrise wird mehr und mehr zu einer gesellschaftlichen Krise, resultierend in der steigenden Armutsrate des Landes.<\/p>\n<p>Im Vergleich zu anderen EU-L\u00e4ndern ist die Anzahl der in Armut lebenden Kinder hoch. 2007 lebten 9,7 % der Kinder zwischen 0 und 17 Jahren in Haushalten mit einem Einkommen von 40 % unter dem Durchschnitt.<\/p>\n<p>Au\u00dferdem leben 19,7 % der Kinder Griechenlands in Haushalten ohne die M\u00f6glichkeit, f\u00fcr lebensnotwendige Bed\u00fcrfnisse aufzukommen.<\/p>\n<p>Eine Studie aus dem Jahre 2008 zeigt auf, dass die Armut, der Kinder ausgesetzt sind, haupts\u00e4chlich von arbeitslosen Eltern, einer mangelhaften Schulbildung und dem Aufwachsen in kinderreichen Familien herr\u00fchrt.<\/p>\n<p><a title=\"Education\" href=\"https:\/\/www.humanium.org\/de\/recht-bildung\/\"><strong>Das Recht auf Bildung<\/strong><\/a><\/p>\n<p>In Griechenland ist das \u00f6ffentliche Schulwesen von der Grundschule bis zum Universit\u00e4tsabschluss kostenlos und im Alter von 6 bis 15 Jahren verpflichtend.<\/p>\n<p><img loading=\"lazy\" decoding=\"async\" class=\"alignright wp-image-6855\" title=\"In Griechenland sind die Schulen f\u00fcr Kinder im Alter von 6 bis 15 Jahre verpflichtend \u00a9 Teacherdudesbbq\" src=\"https:\/\/www.humanium.org\/en\/wp-content\/uploads\/2012\/04\/education-\u00a9-teacherdudesbbq.jpg\" alt=\"\" width=\"160\" height=\"157\" \/>Aufgrund zahlreicher ethnischer Minderheiten wurden sogenannte \u201einterkulturelle Schulen\u201c f\u00fcr Kinder aus binationalen Ehen, Minderheiten und von Einwanderern gegr\u00fcndet. Das Ziel dieser Schulen ist die Sensibilisierung der Sch\u00fcler f\u00fcr ihre eigenen Kulturen und Werte und sie mit den Traditionen aller in Griechenland ans\u00e4ssigen ethnokulturellen Gruppen bekannt zu machen.<br \/>\nMan m\u00f6chte Einwandererkindern die <a href=\"https:\/\/www.humanium.org\/de\/immigranten-bildungssystem-deutschland\/\">Integration<\/a> erleichtern und dabei gleichzeitig die Sprache und Kultur ihrer Eltern bewahren. Leider scheint in der Realit\u00e4t die Aufgabe dieser Schulen eher im Lehren der griechischen Sprache und Kultur zu liegen.<\/p>\n<p><a title=\"health\" href=\"https:\/\/www.humanium.org\/de\/das-recht-auf-gesundheit\/\"><strong>Das Recht auf Gesundheit<\/strong><\/a><\/p>\n<p>Das Recht auf Gesundheitsversorgung gilt f\u00fcr all jene, die rechtm\u00e4\u00dfig in Griechenland leben. Menschen, die nach Griechenland eingewandert sind, haben also Zugang zum Gesundheitswesen, sobald sie den Beweis erbringen, dass sie legal im Land leben.<\/p>\n<p><img loading=\"lazy\" decoding=\"async\" class=\"alignright size-full wp-image-6856\" title=\"Der Zugang zur Gesundheitsversorgung wird immer schwieriger\u00a9 Greekadman\" src=\"https:\/\/www.humanium.org\/en\/wp-content\/uploads\/2012\/04\/sante-\u00a9-greekadman.jpg\" alt=\"\" width=\"166\" height=\"134\" \/>Doch der Gesundheitssektor ist besonders stark von der Krise betroffen. F\u00fcr jede Sprechstunde im \u00f6ffentlichen Krankenhaus m\u00fcssen die Patienten eine Pauschale von 5 \u20ac zahlen. Es kommt oft vor, dass \u00c4rzte ihre Patienten darum bitten, ihr eigenes Verbandszeug, Nadeln und Bandagen zu kaufen, da die Vorr\u00e4te der Krankenh\u00e4user ersch\u00f6pft sind.<br \/>\nLaut \u201e\u00c4rzte der Welt\u201c verschlechtert sich die Lage immer weiter. Die Organisation verteilt an manche Kinder bereits angereicherte Lebensmittel, denn die \u00e4rmsten Familien k\u00f6nnen die Versorgung nicht mehr leisten. Die Menschen wenden sich sogar direkt an die Zentrale der NGO um kostenlose Kontrolluntersuchungen wahrzunehmen und es wird f\u00fcr die Organisation immer schwieriger, die Situation zu meistern.<\/p>\n<p><a title=\"Children with AIDs\" href=\"https:\/\/www.humanium.org\/de\/kinder-und-aids\/\"><strong>HIV\/AIDS<\/strong><\/a><\/p>\n<p>Laut dem Griechischen Zentrum f\u00fcr Gesundheitskontrolle und Pr\u00e4vention (vom Gesundheitsministerium finanzierte Organisation des Gesundheitswesens), ist die Zahl der mit HIV\/AIDS infizierten Kinder niedrig. Doch wurden F\u00e4lle der Ansteckung von Kindern durch ihre M\u00fctter diagnostiziert und zwar insbesondere aufgrund von landesweiten Defiziten bei der Untersuchung von schwangeren Frauen.<\/p>\n<p>Ab jetzt werden schwangere Frauen systematisch auf AIDS getestet, um der Ansteckung von Kindern durch ihre M\u00fctter vorzubeugen.<\/p>\n<p><a title=\"Abuse\" href=\"https:\/\/www.humanium.org\/de\/gewalt\/\"><strong>Kinder als Opfer von Gewalt<\/strong><\/a><\/p>\n<h4><a href=\"https:\/\/www.humanium.org\/de\/misshandlung\/\">Misshandlung<\/a><\/h4>\n<p><img loading=\"lazy\" decoding=\"async\" class=\"alignright size-full wp-image-6857\" title=\" Die Zahl der misshandelten Kinder ist viel zu hoch \u00a9 Southworthsailor\" src=\"https:\/\/www.humanium.org\/en\/wp-content\/uploads\/2012\/04\/maltraitance-\u00a9-southworthsailor.jpg\" alt=\"\" width=\"122\" height=\"163\" \/>In Griechenland gibt es keinerlei nationale Statistiken \u00fcber Kindesmisshandlung, insbesondere weil die Beh\u00f6rden solche F\u00e4lle nicht melden m\u00fcssen.<\/p>\n<p>Die griechische Gesetzgebung verbietet jedoch die Misshandlung von Kindern sowohl in der Schule als auch zuhause. Dies h\u00e4lt dennoch rund 60 % der griechischen Eltern nicht davon ab, ihre Kinder k\u00f6rperlich zu z\u00fcchtigen. Dabei erlegt die Gesetzgebung Eltern eine Strafe auf, die k\u00f6rperliche Gewalt als Erziehungsma\u00dfnahme anwenden, mit dem Verweis darauf, dass dies gegen die elterliche F\u00fcrsorgepflicht verst\u00f6\u00dft.<\/p>\n<p>Zur Verbesserung der Situation wurden Pr\u00e4ventionsprogramme sowie Programme f\u00fcr Kinder, die zu Missbrauchsopfern wurden, ins Leben gerufen.<\/p>\n<h4><a title=\"Sexual Abuse\" href=\"https:\/\/www.humanium.org\/de\/die-sexuelle-ausbeutung-von-kindern\/\">sexuelle Gewalt<\/a><\/h4>\n<p>In Griechenland werden eiinige Kinder auch zu Opfern sexueller Gewalt, manchmal sogar innerhalb der eigenen Familie. Die Situation ist umso alarmierender, als Griechenland k\u00fcrzlich beschlossen hat, P\u00e4dophilie als Behinderung anzusehen.<\/p>\n<p><a title=\"Child Labour\" href=\"https:\/\/www.humanium.org\/de\/kinderarbeit-2\/\"><strong>Kinderarbeit<\/strong><\/a><\/p>\n<p>Ganz allgemein verbietet die griechische Verfassung Kinderarbeit. In Griechenland betr\u00e4gt das Mindestarbeitsalter 15 Jahre, kann aber auf 12 Jahre herabgesetzt werden, wenn es sich um Arbeit innerhalb von Familienunternehmen handelt.<\/p>\n<p>Zahlreiche Kinder sind dazu gezwungen, arbeiten zu gehen, um zum Erhalt des Lebensunterhalts ihrer Familien beizutragen. Einige Eltern schicken ihre Kinder sogar zum Betteln auf die Stra\u00dfe. Leider werden in Griechenland diese Praktiken nicht bestraft. Dennoch hat Griechenland die \u201eBeseitigung der schlimmsten Formen der Kinderarbeit\u201c-Konvention ratifiziert.<\/p>\n<p>Sowohl die Regierung als auch zahlreiche NGOs glauben, dass ein Gro\u00dfteil der auf der Stra\u00dfe bettelnden Kinder Roma oder albanische Immigranten sind, die Opfer des Menschenhandels wurden.<\/p>\n<p><a title=\"trafficking\" href=\"https:\/\/www.humanium.org\/de\/kinderhandel\/\"><img loading=\"lazy\" decoding=\"async\" class=\"alignright size-full wp-image-6858\" title=\"Kinderhandel ist weitverbreitet in Griechenland. Vor allem Kinder von Minderheiten leiden besonders unter diesem Problem. \u00a9-xamogelo\" src=\"https:\/\/www.humanium.org\/en\/wp-content\/uploads\/2012\/04\/trafic-enfants-\u00a9-xamogelo.jpg\" alt=\"\" width=\"138\" height=\"152\" \/><strong>Kinderhandel<\/strong><\/a><\/p>\n<p>Griechenland ist zu einem Durchgangs- und Aufenthaltsland f\u00fcr zahlreiche Migranten geworden, was zur Zunahme des Menschenhandels jeglicher Art, wie auch der Prostitution und der Kinderpornographie f\u00fchrte.<\/p>\n<h4>Kinderhandel zu kommerziellen Zwecken<\/h4>\n<p>In Griechenland fielen die meisten auf der Stra\u00dfe lebenden Kinder dem Menschenhandel zum Opfer. Viele von ihnen stammen aus der Roma-Gemeinschaft oder aus Albanien. Sie gehen nicht zur Schule, sondern verbringen den Tag auf der Stra\u00dfe, in den Restaurants und den Hotels mit Betteln, Stehlen, dem Waschen von Windschutzscheiben oder dem Verkauf von Schnickschnack in der Hoffnung, Geld zu verdienen, das sie dann an die Personen weitergeben, die sie nach Griechenland geschleust haben.<\/p>\n<p>Die Schleuser haben schnell festgestellt, dass der Import von Kindern einfach und profitabel ist. Seither ist der Kinderhandel zu kommerziellen Zwecken angewachsen.<\/p>\n<p>Schlimmer noch, manche Eltern sind dazu bereit, ihre Kinder zu verkaufen oder gegen ein monatliches Gehalt an H\u00e4ndler zu verleihen.<\/p>\n<h4>Kinderhandel zur sexuellen Ausbeutung<\/h4>\n<p>Zahlreiche junge M\u00e4dchen werden Opfer von Kinderhandel zur sexuellen Ausbeutung. Es kommt h\u00e4ufig vor, dass junge illegale Immigrantinnen gezwungen werden, als Prostituierte zu arbeiten, unter der Androhung bei Weigerung angezeigt und abgeschoben zu werden.<\/p>\n<p><a title=\"Displaced children\" href=\"https:\/\/www.humanium.org\/de\/vertriebene-kinder\/\"><strong>Heimatvertriebene Kinder<\/strong><\/a><\/p>\n<p>Aufgrund seiner geographischen Lage bietet sich Griechenland als Migrationsland an. Daher kommen j\u00e4hrlich zahlreiche Einwanderer, darunter auch Kinder, die zumeist auf der Suche nach einem besseren Leben aus ihren L\u00e4ndern geflohen sind.<\/p>\n<h4>Unbegleitete Minderj\u00e4hrige<\/h4>\n<p>In Griechenland findet man eine gro\u00dfe Anzahl an unbegleiteten Minderj\u00e4hrigen aus L\u00e4ndern wie Albanien, Bulgarien, Rum\u00e4nien, Kasachstan etc.<\/p>\n<h4><a href=\"https:\/\/www.humanium.org\/de\/was-ist-gerechtigkeit\/\">Inhaftierte Kinder<\/a><\/h4>\n<p><img loading=\"lazy\" decoding=\"async\" class=\"alignright size-full wp-image-6859\" title=\"Eine Vielzahl von Kindern wird unter ungesunden Bedingungen festgehalten in Griechenland \u00a9 Greekadman\" src=\"https:\/\/www.humanium.org\/en\/wp-content\/uploads\/2012\/04\/abandon-\u00a9-greekadman.jpg\" alt=\"\" width=\"169\" height=\"160\" \/>Es kommt h\u00e4ufig vor, dass unbegleitete Kinder unter menschenunw\u00fcrdigen Bedingungen inhaftiert werden. In Griechenland sind die Auffanglager \u00fcberf\u00fcllt und Frauen und Kinder werden mit M\u00e4nnern zusammen in zu kleine Zellen einquartiert. Die hygienischen Bedingungen sind ebenfalls beklagenswert und stellen teilweise schon eine Gesundheitsgef\u00e4hrdung der Gefangenen dar.<\/p>\n<p>Im Dezember 2010 befanden sich laut \u201eHuman Rights Watch\u201c 120 unbegleitete Migrantenkinder unter den 450 Menschen im Auffanglager von Fylakio-Kyprinou. Sie hatten bereits Wochen oder sogar Monate in diesem Zentrum verbracht und waren zusammen mit Erwachsenen eingesperrt, mit denen sie sich auch ihre Matratzen teilen mussten.<\/p>\n<p>Trotz der Tatsache, dass Griechenland Minderj\u00e4hrige nur in letzter Instanz einsperren darf und diese vielmehr besch\u00fctzen muss, werden zu viele Kinder unter erschreckenden Bedingungen ihrer Freiheit beraubt. Und dies obwohl die griechischen Beh\u00f6rden dazu angehalten sind, jegliche Person auf ihrem Staatsgebiet menschenw\u00fcrdig zu behandeln, unabh\u00e4ngig davon, ob diese ein Bleiberecht in Griechenland hat oder nicht.<\/p>\n<p><a title=\"Orphan\" href=\"https:\/\/www.humanium.org\/de\/waisenkinder\/\"><strong>Ausgesetzte Kinder<\/strong><\/a><\/p>\n<p>Aufgrund der im Land herrschenden Krise haben sich in den vergangenen Monaten die F\u00e4lle ausgesetzter Kinder vervielfacht.<br \/>\nViele Eltern haben ihre Arbeitsstelle verloren und sind nicht mehr in der Lage, finanziell f\u00fcr ihre Kinder aufzukommen. Manche Eltern bringen ihre Kinder zur Schule, um sie dann von dort nicht mehr abzuholen. Andere begleiten die Kinder zu Aufnahmeeinrichtungen, die urspr\u00fcnglich f\u00fcr misshandelte Minderj\u00e4hrige vorgesehen waren.<br \/>\nHeutzutage kommt ungef\u00e4hr die H\u00e4lfte der Aufnahmeantr\u00e4ge von sehr armen Eltern, die lieber ihre Kinder in solche Einrichtungen geben, als sie Not leiden zu sehen.<\/p>\n<p><strong>Kinder von ethnischen Minderheiten<\/strong><\/p>\n<p><img loading=\"lazy\" decoding=\"async\" class=\"alignright size-full wp-image-6860\" title=\"Kinder von Minderheiten werden h\u00e4ufig diskriminiert \u00a9 Chrisjohnbeckett\" src=\"https:\/\/www.humanium.org\/en\/wp-content\/uploads\/2012\/04\/minorites-\u00a9-chrisjohnbeckett.jpg\" alt=\"\" width=\"176\" height=\"158\" \/>In Griechenland leben zahlreiche ethnische Minderheiten: T\u00fcrken (einschlie\u00dflich T\u00fcrken, Pomaken, Roma), Bulgaren, Armenier, Albaner (einschlie\u00dflich Arvaniten und Albanoi) und Mazedonier.\u00a0Kinder aus ethnischen Minderheiten sind sehr oft Opfer von Diskriminierung. In Griechenland sehen sich Roma einer Vielzahl von Schwierigkeiten ausgesetzt, sei es beim Zugang zu Wohnungen, Arbeitspl\u00e4tzen, dem \u00f6ffentlichen Dienst oder zu Bildung.<\/p>\n<p>Au\u00dferdem ist die Weitergabe von Informationen bez\u00fcglich der Gesundheit oder aber der Empf\u00e4ngnisverh\u00fctung f\u00fcr Kinder von Minderheiten oft kompliziert. Deren Eltern haben auch Probleme, wenn es darum geht, ihre Kinder im Geburtenregister eintragen zu lassen. Daher kommt es, dass sie meist keine Geburtsurkunden besitzen.<\/p>\n","protected":false},"excerpt":{"rendered":"<p>Kinder in Griechenland Die Verwirklichung der Kinderrechte in Griechenland Seitdem sich Griechenland in der Krise befindet, leiden die Griechen, insbesondere die Kinder, an der Verschlechterung der Lebensumst\u00e4nde. Aufgrund der wachsenden Armut sehen sie sich mit immer mehr Schwierigkeiten, wie beispielsweise Verwahrlosung, konfrontiert. Die Kinder von Minderheiten sind nicht nur Opfer von Diskriminierung, sondern auch von [&hellip;]<\/p>\n","protected":false},"author":1,"featured_media":0,"parent":0,"menu_order":0,"comment_status":"closed","ping_status":"closed","template":"","meta":{"footnotes":""},"class_list":["post-6634","page","type-page","status-publish","hentry"],"yoast_head":"<!-- This site is optimized with the Yoast SEO plugin v26.5 - https:\/\/yoast.com\/wordpress\/plugins\/seo\/ -->\n<title>Kinder in Griechenland - Humanium<\/title>\n<meta name=\"description\" content=\"Seitdem sich Griechenland in der Krise befindet, leiden die Griechen, insbesondere die Kinder, an der Verschlechterung der Lebensumst\u00e4nde.\" \/>\n<meta name=\"robots\" content=\"index, follow, max-snippet:-1, max-image-preview:large, max-video-preview:-1\" \/>\n<link rel=\"canonical\" href=\"https:\/\/www.humanium.org\/de\/griechenland\/\" \/>\n<meta property=\"og:locale\" content=\"de_DE\" \/>\n<meta property=\"og:type\" content=\"article\" \/>\n<meta property=\"og:title\" content=\"Kinder in Griechenland - Humanium\" \/>\n<meta property=\"og:description\" content=\"Seitdem sich Griechenland in der Krise befindet, leiden die Griechen, insbesondere die Kinder, an der Verschlechterung der Lebensumst\u00e4nde.\" \/>\n<meta property=\"og:url\" content=\"https:\/\/www.humanium.org\/de\/griechenland\/\" \/>\n<meta property=\"og:site_name\" content=\"Humanium\" \/>\n<meta property=\"article:modified_time\" content=\"2025-12-06T06:19:26+00:00\" \/>\n<meta name=\"twitter:card\" content=\"summary_large_image\" \/>\n<meta name=\"twitter:label1\" content=\"Gesch\u00e4tzte Lesezeit\" \/>\n\t<meta name=\"twitter:data1\" content=\"10\u00a0Minuten\" \/>\n<script type=\"application\/ld+json\" class=\"yoast-schema-graph\">{\"@context\":\"https:\/\/schema.org\",\"@graph\":[{\"@type\":\"WebPage\",\"@id\":\"https:\/\/www.humanium.org\/de\/griechenland\/\",\"url\":\"https:\/\/www.humanium.org\/de\/griechenland\/\",\"name\":\"Kinder in Griechenland - Humanium\",\"isPartOf\":{\"@id\":\"https:\/\/www.humanium.org\/de\/#website\"},\"datePublished\":\"2016-06-07T15:59:32+00:00\",\"dateModified\":\"2025-12-06T06:19:26+00:00\",\"description\":\"Seitdem sich Griechenland in der Krise befindet, leiden die Griechen, insbesondere die Kinder, an der Verschlechterung der Lebensumst\u00e4nde.\",\"breadcrumb\":{\"@id\":\"https:\/\/www.humanium.org\/de\/griechenland\/#breadcrumb\"},\"inLanguage\":\"de\",\"potentialAction\":[{\"@type\":\"ReadAction\",\"target\":[\"https:\/\/www.humanium.org\/de\/griechenland\/\"]}]},{\"@type\":\"BreadcrumbList\",\"@id\":\"https:\/\/www.humanium.org\/de\/griechenland\/#breadcrumb\",\"itemListElement\":[{\"@type\":\"ListItem\",\"position\":1,\"name\":\"Home\",\"item\":\"https:\/\/www.humanium.org\/de\/\"},{\"@type\":\"ListItem\",\"position\":2,\"name\":\"Kinder in Griechenland\"}]},{\"@type\":\"WebSite\",\"@id\":\"https:\/\/www.humanium.org\/de\/#website\",\"url\":\"https:\/\/www.humanium.org\/de\/\",\"name\":\"Humanium\",\"description\":\"Kinder zuerst!\",\"potentialAction\":[{\"@type\":\"SearchAction\",\"target\":{\"@type\":\"EntryPoint\",\"urlTemplate\":\"https:\/\/www.humanium.org\/de\/?s={search_term_string}\"},\"query-input\":{\"@type\":\"PropertyValueSpecification\",\"valueRequired\":true,\"valueName\":\"search_term_string\"}}],\"inLanguage\":\"de\"}]}<\/script>\n<!-- \/ Yoast SEO plugin. -->","yoast_head_json":{"title":"Kinder in Griechenland - Humanium","description":"Seitdem sich Griechenland in der Krise befindet, leiden die Griechen, insbesondere die Kinder, an der Verschlechterung der Lebensumst\u00e4nde.","robots":{"index":"index","follow":"follow","max-snippet":"max-snippet:-1","max-image-preview":"max-image-preview:large","max-video-preview":"max-video-preview:-1"},"canonical":"https:\/\/www.humanium.org\/de\/griechenland\/","og_locale":"de_DE","og_type":"article","og_title":"Kinder in Griechenland - Humanium","og_description":"Seitdem sich Griechenland in der Krise befindet, leiden die Griechen, insbesondere die Kinder, an der Verschlechterung der Lebensumst\u00e4nde.","og_url":"https:\/\/www.humanium.org\/de\/griechenland\/","og_site_name":"Humanium","article_modified_time":"2025-12-06T06:19:26+00:00","twitter_card":"summary_large_image","twitter_misc":{"Gesch\u00e4tzte Lesezeit":"10\u00a0Minuten"},"schema":{"@context":"https:\/\/schema.org","@graph":[{"@type":"WebPage","@id":"https:\/\/www.humanium.org\/de\/griechenland\/","url":"https:\/\/www.humanium.org\/de\/griechenland\/","name":"Kinder in Griechenland - Humanium","isPartOf":{"@id":"https:\/\/www.humanium.org\/de\/#website"},"datePublished":"2016-06-07T15:59:32+00:00","dateModified":"2025-12-06T06:19:26+00:00","description":"Seitdem sich Griechenland in der Krise befindet, leiden die Griechen, insbesondere die Kinder, an der Verschlechterung der Lebensumst\u00e4nde.","breadcrumb":{"@id":"https:\/\/www.humanium.org\/de\/griechenland\/#breadcrumb"},"inLanguage":"de","potentialAction":[{"@type":"ReadAction","target":["https:\/\/www.humanium.org\/de\/griechenland\/"]}]},{"@type":"BreadcrumbList","@id":"https:\/\/www.humanium.org\/de\/griechenland\/#breadcrumb","itemListElement":[{"@type":"ListItem","position":1,"name":"Home","item":"https:\/\/www.humanium.org\/de\/"},{"@type":"ListItem","position":2,"name":"Kinder in Griechenland"}]},{"@type":"WebSite","@id":"https:\/\/www.humanium.org\/de\/#website","url":"https:\/\/www.humanium.org\/de\/","name":"Humanium","description":"Kinder zuerst!","potentialAction":[{"@type":"SearchAction","target":{"@type":"EntryPoint","urlTemplate":"https:\/\/www.humanium.org\/de\/?s={search_term_string}"},"query-input":{"@type":"PropertyValueSpecification","valueRequired":true,"valueName":"search_term_string"}}],"inLanguage":"de"}]}},"_links":{"self":[{"href":"https:\/\/www.humanium.org\/de\/wp-json\/wp\/v2\/pages\/6634","targetHints":{"allow":["GET"]}}],"collection":[{"href":"https:\/\/www.humanium.org\/de\/wp-json\/wp\/v2\/pages"}],"about":[{"href":"https:\/\/www.humanium.org\/de\/wp-json\/wp\/v2\/types\/page"}],"author":[{"embeddable":true,"href":"https:\/\/www.humanium.org\/de\/wp-json\/wp\/v2\/users\/1"}],"replies":[{"embeddable":true,"href":"https:\/\/www.humanium.org\/de\/wp-json\/wp\/v2\/comments?post=6634"}],"version-history":[{"count":4,"href":"https:\/\/www.humanium.org\/de\/wp-json\/wp\/v2\/pages\/6634\/revisions"}],"predecessor-version":[{"id":20481,"href":"https:\/\/www.humanium.org\/de\/wp-json\/wp\/v2\/pages\/6634\/revisions\/20481"}],"wp:attachment":[{"href":"https:\/\/www.humanium.org\/de\/wp-json\/wp\/v2\/media?parent=6634"}],"curies":[{"name":"wp","href":"https:\/\/api.w.org\/{rel}","templated":true}]}}