{"id":6649,"date":"2016-06-15T12:59:28","date_gmt":"2016-06-15T12:59:28","guid":{"rendered":"http:\/\/www.humanium.org\/de\/?page_id=6649"},"modified":"2025-12-05T17:03:14","modified_gmt":"2025-12-05T17:03:14","slug":"luxemburg","status":"publish","type":"page","link":"https:\/\/www.humanium.org\/de\/luxemburg\/","title":{"rendered":"Kinder in Luxemburg"},"content":{"rendered":"<h1>Kinder in Luxemburg<\/h1>\n<h2>Die Verwirklichung der Kinderrechte in Luxemburg<\/h2>\n<p style=\"text-align: center;\"><img loading=\"lazy\" decoding=\"async\" class=\"alignnone size-full wp-image-12861\" title=\"junges M\u00e4dchen\" src=\"https:\/\/www.humanium.org\/en\/wp-content\/uploads\/2013\/02\/jeune-fille-allfr-trois-d.jpg\" alt=\"\" width=\"138\" height=\"200\" \/><img loading=\"lazy\" decoding=\"async\" class=\"alignnone size-full wp-image-12862\" title=\"junger Junge \u00a9 gwenael-piaser\" src=\"https:\/\/www.humanium.org\/en\/wp-content\/uploads\/2013\/02\/jeune-garcon-gwenael-piaser.jpg\" alt=\"\" width=\"234\" height=\"200\" \/><\/p>\n<p>In Luxemburg stellen Kinder ein Viertel der Gesamtbev\u00f6lkerung dar. Das Land hat die Internationale Kinderrechtskonvention ratifiziert und die meisten Kinder haben keine Probleme. Aber in bestimmten Bereichen im Zusammenhang mit Minderj\u00e4hrigen m\u00fcssen noch Anstrengungen unternommen werden.<\/p>\n<h3>Die gr\u00f6\u00dften Probleme der Kinder in Luxemburg:<\/h3>\n<p><a href=\"https:\/\/www.humanium.org\/de\/isolation-und-entwurzelung\/\"><strong>Migrantenkinder <\/strong><\/a><strong>und <a href=\"https:\/\/www.humanium.org\/de\/recht-bildung\/\">Bildung<\/a><\/strong><\/p>\n<p>Luxemburg legt gro\u00dfen Wert darauf, zur F\u00f6rderung des sozialen Zusammenhalts die Kinder von Migrantenfamilien in das Schulsystem zu integrieren. F\u00fcr alle Kinder ab dem Alter von vier Jahren besteht Schulpflicht. Dies macht es m\u00f6glich, dass Migrantenkinder schon im jungen Alter diese Bildungsm\u00f6glichkeit nutzen k\u00f6nnen und Luxemburgisch lernen.<\/p>\n<p>In Luxemburg gibt es drei offizielle Sprachen: Luxemburgisch, Franz\u00f6sisch und Deutsch. Alle drei Sprachen werden in der Schule gelehrt. Ausl\u00e4ndische Kinder, die schon \u00e4lter sind, wenn sie nach Luxemburg kommen, haben nicht die erforderlichen Sprachkenntnisse. Deshalb kommen sie beim Unterricht in einer ihrem Alter entsprechenden Schulklasse nicht mit. Trotz der zur <a href=\"https:\/\/www.humanium.org\/de\/immigranten-bildungssystem-deutschland\/\">Integration<\/a> dieser jungen Ausl\u00e4nder unternommenen Anstrengungen kann die Tatsache, dass drei Sprachen gelernt werden m\u00fcssen, zum Scheitern der Migrantenkinder beitragen.<\/p>\n<p><a href=\"https:\/\/www.humanium.org\/de\/was-ist-gerechtigkeit\/\"><strong>Das Jugendstrafsystem<\/strong><\/a><\/p>\n<p>Eines der Hauptmerkmale der erfolgreichen gerichtlichen Intervention bez\u00fcglich Minderj\u00e4hriger ist die Schnelligkeit der justiziellen Ma\u00dfnahmen. Junge Leute haben eine andere Zeitwahrnehmung als Erwachsene. Und wenn es zu lange dauert, bis das Justizsystem auf die begangene Straftat reagiert, verstehen junge Leute den Zusammenhang zwischen ihren Handlungen und der sp\u00e4ter verh\u00e4ngten Strafe weniger gut. Was Minderj\u00e4hrige betrifft, sind die langen Verz\u00f6gerungen auf der gerichtlichen Ebene, die nicht im Interesse der Kinder liegen, eines der schwerwiegendsten Probleme mit dem luxemburgischen Justizsystem.<\/p>\n<p><a href=\"https:\/\/www.humanium.org\/de\/misshandlung\/\"><strong>Misshandlung<\/strong><\/a><\/p>\n<p>Die Anzahl der in Luxemburg gemeldeten F\u00e4lle von Misshandlung steigt. Im Jahre 2009 untersuchte ALEM (Aktion gegen Kindesmisshandlung Luxemburg) 184 F\u00e4lle von Gewalt gegen Kinder; in 2008 waren es 163. Diese Zunahme liegt wahrscheinlich an der verst\u00e4rkten \u00f6ffentlichen Wahrnehmung der Struktur, die wiederum zu einer steigenden Anzahl von Meldungen f\u00fchrte.<\/p>\n<p><a href=\"https:\/\/www.humanium.org\/de\/waisenkinder\/\"><strong>Heim- und Pflegekinder<\/strong><\/a><\/p>\n<p>In 2011 waren 1143 Kinder in Heimen, Einrichtungen oder Pflegefamilien in Luxemburg oder im Ausland untergebracht, womit Luxemburg einen der weltweit h\u00f6chsten Anteile an in Obhut genommenen Kindern aufweist. Seit 2005 stiegen die Anzahl der Antr\u00e4ge auf Inobhutnahme von Heranwachsenden. Eine derartige Vorgehensweise kann infrage gestellt werden, da diese Entscheidungen gef\u00e4llt werden, ohne den betroffenen Familien vorher Hilfe zu leisten oder anzubieten.<\/p>\n<p><a href=\"https:\/\/www.humanium.org\/de\/selbstmord\/\"><strong>Jugendsuizid<\/strong><\/a><\/p>\n<p>Es ist sehr schwierig, an verl\u00e4ssliche Zahlen der Suizid- oder Suizidversuchsraten zu kommen. Dieses Problem scheint teilwiese mit der genauen Definition von Suizid zusammenzuh\u00e4ngen. Zum Beispiel wird ein Kind, das nach einem Selbstt\u00f6tungsversuch nur ambulant versorgt und nicht ins Krankenhaus eingewiesen wird, von den Suizidstatistiken nicht erfasst. Es wird jedoch gesch\u00e4tzt, dass j\u00e4hrlich 700 Menschen Selbstt\u00f6tungsversuche unternehmen und Heranwachsende ein bedeutender Teil davon sind.<\/p>\n<p><strong>Umwelt<\/strong><\/p>\n<p>Die hohen CO2-Emissionen in Luxemburg bleiben f\u00fcr das Wohlergehen der Kinder nicht ohne Folgen. Diese Luftverschmutzung kann Gesundheitsprobleme wie z. B. Atmungsbeschwerden verursachen. Auch hat die Regierung bei den Ma\u00dfnahmen zur Verringerung der Umweltbelastung die Auswirkungen auf Kinder nicht in Erw\u00e4gung gezogen.<\/p>\n","protected":false},"excerpt":{"rendered":"<p>Kinder in Luxemburg Die Verwirklichung der Kinderrechte in Luxemburg In Luxemburg stellen Kinder ein Viertel der Gesamtbev\u00f6lkerung dar. Das Land hat die Internationale Kinderrechtskonvention ratifiziert und die meisten Kinder haben keine Probleme. Aber in bestimmten Bereichen im Zusammenhang mit Minderj\u00e4hrigen m\u00fcssen noch Anstrengungen unternommen werden. Die gr\u00f6\u00dften Probleme der Kinder in Luxemburg: Migrantenkinder und Bildung [&hellip;]<\/p>\n","protected":false},"author":1,"featured_media":0,"parent":0,"menu_order":0,"comment_status":"closed","ping_status":"closed","template":"","meta":{"footnotes":""},"class_list":["post-6649","page","type-page","status-publish","hentry"],"yoast_head":"<!-- This site is optimized with the Yoast SEO plugin v26.5 - https:\/\/yoast.com\/wordpress\/plugins\/seo\/ -->\n<title>Kinder in Luxemburg - Humanium<\/title>\n<meta name=\"description\" content=\"Die meisten Kinder in Luxemburg haben keine Probleme. In bestimmten Bereichen im Zusammenhang mit Minderj\u00e4hrigen m\u00fcssen Anstrengungen unternommen werden.\" \/>\n<meta name=\"robots\" content=\"index, follow, max-snippet:-1, max-image-preview:large, max-video-preview:-1\" \/>\n<link rel=\"canonical\" href=\"https:\/\/www.humanium.org\/de\/luxemburg\/\" \/>\n<meta property=\"og:locale\" content=\"de_DE\" \/>\n<meta property=\"og:type\" content=\"article\" \/>\n<meta property=\"og:title\" content=\"Kinder in Luxemburg - Humanium\" \/>\n<meta property=\"og:description\" content=\"Die meisten Kinder in Luxemburg haben keine Probleme. In bestimmten Bereichen im Zusammenhang mit Minderj\u00e4hrigen m\u00fcssen Anstrengungen unternommen werden.\" \/>\n<meta property=\"og:url\" content=\"https:\/\/www.humanium.org\/de\/luxemburg\/\" \/>\n<meta property=\"og:site_name\" content=\"Humanium\" \/>\n<meta property=\"article:modified_time\" content=\"2025-12-05T17:03:14+00:00\" \/>\n<meta property=\"og:image\" content=\"https:\/\/www.humanium.org\/de\/wp-content\/uploads\/2020\/05\/shutterstock_1410367316-scaled.jpg\" \/>\n\t<meta property=\"og:image:width\" content=\"2560\" \/>\n\t<meta property=\"og:image:height\" content=\"1707\" \/>\n\t<meta property=\"og:image:type\" content=\"image\/jpeg\" \/>\n<meta name=\"twitter:card\" content=\"summary_large_image\" \/>\n<meta name=\"twitter:label1\" content=\"Gesch\u00e4tzte Lesezeit\" \/>\n\t<meta name=\"twitter:data1\" content=\"4\u00a0Minuten\" \/>\n<script type=\"application\/ld+json\" class=\"yoast-schema-graph\">{\"@context\":\"https:\/\/schema.org\",\"@graph\":[{\"@type\":\"WebPage\",\"@id\":\"https:\/\/www.humanium.org\/de\/luxemburg\/\",\"url\":\"https:\/\/www.humanium.org\/de\/luxemburg\/\",\"name\":\"Kinder in Luxemburg - Humanium\",\"isPartOf\":{\"@id\":\"https:\/\/www.humanium.org\/de\/#website\"},\"primaryImageOfPage\":{\"@id\":\"https:\/\/www.humanium.org\/de\/luxemburg\/#primaryimage\"},\"image\":{\"@id\":\"https:\/\/www.humanium.org\/de\/luxemburg\/#primaryimage\"},\"thumbnailUrl\":\"https:\/\/www.humanium.org\/en\/wp-content\/uploads\/2013\/02\/jeune-fille-allfr-trois-d.jpg\",\"datePublished\":\"2016-06-15T12:59:28+00:00\",\"dateModified\":\"2025-12-05T17:03:14+00:00\",\"description\":\"Die meisten Kinder in Luxemburg haben keine Probleme. In bestimmten Bereichen im Zusammenhang mit Minderj\u00e4hrigen m\u00fcssen Anstrengungen unternommen werden.\",\"breadcrumb\":{\"@id\":\"https:\/\/www.humanium.org\/de\/luxemburg\/#breadcrumb\"},\"inLanguage\":\"de\",\"potentialAction\":[{\"@type\":\"ReadAction\",\"target\":[\"https:\/\/www.humanium.org\/de\/luxemburg\/\"]}]},{\"@type\":\"ImageObject\",\"inLanguage\":\"de\",\"@id\":\"https:\/\/www.humanium.org\/de\/luxemburg\/#primaryimage\",\"url\":\"https:\/\/www.humanium.org\/en\/wp-content\/uploads\/2013\/02\/jeune-fille-allfr-trois-d.jpg\",\"contentUrl\":\"https:\/\/www.humanium.org\/en\/wp-content\/uploads\/2013\/02\/jeune-fille-allfr-trois-d.jpg\"},{\"@type\":\"BreadcrumbList\",\"@id\":\"https:\/\/www.humanium.org\/de\/luxemburg\/#breadcrumb\",\"itemListElement\":[{\"@type\":\"ListItem\",\"position\":1,\"name\":\"Home\",\"item\":\"https:\/\/www.humanium.org\/de\/\"},{\"@type\":\"ListItem\",\"position\":2,\"name\":\"Kinder in Luxemburg\"}]},{\"@type\":\"WebSite\",\"@id\":\"https:\/\/www.humanium.org\/de\/#website\",\"url\":\"https:\/\/www.humanium.org\/de\/\",\"name\":\"Humanium\",\"description\":\"Kinder zuerst!\",\"potentialAction\":[{\"@type\":\"SearchAction\",\"target\":{\"@type\":\"EntryPoint\",\"urlTemplate\":\"https:\/\/www.humanium.org\/de\/?s={search_term_string}\"},\"query-input\":{\"@type\":\"PropertyValueSpecification\",\"valueRequired\":true,\"valueName\":\"search_term_string\"}}],\"inLanguage\":\"de\"}]}<\/script>\n<!-- \/ Yoast SEO plugin. -->","yoast_head_json":{"title":"Kinder in Luxemburg - Humanium","description":"Die meisten Kinder in Luxemburg haben keine Probleme. In bestimmten Bereichen im Zusammenhang mit Minderj\u00e4hrigen m\u00fcssen Anstrengungen unternommen werden.","robots":{"index":"index","follow":"follow","max-snippet":"max-snippet:-1","max-image-preview":"max-image-preview:large","max-video-preview":"max-video-preview:-1"},"canonical":"https:\/\/www.humanium.org\/de\/luxemburg\/","og_locale":"de_DE","og_type":"article","og_title":"Kinder in Luxemburg - Humanium","og_description":"Die meisten Kinder in Luxemburg haben keine Probleme. In bestimmten Bereichen im Zusammenhang mit Minderj\u00e4hrigen m\u00fcssen Anstrengungen unternommen werden.","og_url":"https:\/\/www.humanium.org\/de\/luxemburg\/","og_site_name":"Humanium","article_modified_time":"2025-12-05T17:03:14+00:00","og_image":[{"width":2560,"height":1707,"url":"https:\/\/www.humanium.org\/de\/wp-content\/uploads\/2020\/05\/shutterstock_1410367316-scaled.jpg","type":"image\/jpeg"}],"twitter_card":"summary_large_image","twitter_misc":{"Gesch\u00e4tzte Lesezeit":"4\u00a0Minuten"},"schema":{"@context":"https:\/\/schema.org","@graph":[{"@type":"WebPage","@id":"https:\/\/www.humanium.org\/de\/luxemburg\/","url":"https:\/\/www.humanium.org\/de\/luxemburg\/","name":"Kinder in Luxemburg - Humanium","isPartOf":{"@id":"https:\/\/www.humanium.org\/de\/#website"},"primaryImageOfPage":{"@id":"https:\/\/www.humanium.org\/de\/luxemburg\/#primaryimage"},"image":{"@id":"https:\/\/www.humanium.org\/de\/luxemburg\/#primaryimage"},"thumbnailUrl":"https:\/\/www.humanium.org\/en\/wp-content\/uploads\/2013\/02\/jeune-fille-allfr-trois-d.jpg","datePublished":"2016-06-15T12:59:28+00:00","dateModified":"2025-12-05T17:03:14+00:00","description":"Die meisten Kinder in Luxemburg haben keine Probleme. In bestimmten Bereichen im Zusammenhang mit Minderj\u00e4hrigen m\u00fcssen Anstrengungen unternommen werden.","breadcrumb":{"@id":"https:\/\/www.humanium.org\/de\/luxemburg\/#breadcrumb"},"inLanguage":"de","potentialAction":[{"@type":"ReadAction","target":["https:\/\/www.humanium.org\/de\/luxemburg\/"]}]},{"@type":"ImageObject","inLanguage":"de","@id":"https:\/\/www.humanium.org\/de\/luxemburg\/#primaryimage","url":"https:\/\/www.humanium.org\/en\/wp-content\/uploads\/2013\/02\/jeune-fille-allfr-trois-d.jpg","contentUrl":"https:\/\/www.humanium.org\/en\/wp-content\/uploads\/2013\/02\/jeune-fille-allfr-trois-d.jpg"},{"@type":"BreadcrumbList","@id":"https:\/\/www.humanium.org\/de\/luxemburg\/#breadcrumb","itemListElement":[{"@type":"ListItem","position":1,"name":"Home","item":"https:\/\/www.humanium.org\/de\/"},{"@type":"ListItem","position":2,"name":"Kinder in Luxemburg"}]},{"@type":"WebSite","@id":"https:\/\/www.humanium.org\/de\/#website","url":"https:\/\/www.humanium.org\/de\/","name":"Humanium","description":"Kinder zuerst!","potentialAction":[{"@type":"SearchAction","target":{"@type":"EntryPoint","urlTemplate":"https:\/\/www.humanium.org\/de\/?s={search_term_string}"},"query-input":{"@type":"PropertyValueSpecification","valueRequired":true,"valueName":"search_term_string"}}],"inLanguage":"de"}]}},"_links":{"self":[{"href":"https:\/\/www.humanium.org\/de\/wp-json\/wp\/v2\/pages\/6649","targetHints":{"allow":["GET"]}}],"collection":[{"href":"https:\/\/www.humanium.org\/de\/wp-json\/wp\/v2\/pages"}],"about":[{"href":"https:\/\/www.humanium.org\/de\/wp-json\/wp\/v2\/types\/page"}],"author":[{"embeddable":true,"href":"https:\/\/www.humanium.org\/de\/wp-json\/wp\/v2\/users\/1"}],"replies":[{"embeddable":true,"href":"https:\/\/www.humanium.org\/de\/wp-json\/wp\/v2\/comments?post=6649"}],"version-history":[{"count":3,"href":"https:\/\/www.humanium.org\/de\/wp-json\/wp\/v2\/pages\/6649\/revisions"}],"predecessor-version":[{"id":20141,"href":"https:\/\/www.humanium.org\/de\/wp-json\/wp\/v2\/pages\/6649\/revisions\/20141"}],"wp:attachment":[{"href":"https:\/\/www.humanium.org\/de\/wp-json\/wp\/v2\/media?parent=6649"}],"curies":[{"name":"wp","href":"https:\/\/api.w.org\/{rel}","templated":true}]}}