{"id":6657,"date":"2016-06-15T13:49:18","date_gmt":"2016-06-15T13:49:18","guid":{"rendered":"http:\/\/www.humanium.org\/de\/?page_id=6657"},"modified":"2025-12-05T17:13:19","modified_gmt":"2025-12-05T17:13:19","slug":"malta","status":"publish","type":"page","link":"https:\/\/www.humanium.org\/de\/malta\/","title":{"rendered":"Kinder auf Malta"},"content":{"rendered":"<h1>Kinder auf Malta<\/h1>\n<h2>Die Verwirklichung der Kinderrechte auf Malta<\/h2>\n<p style=\"text-align: center;\"><img loading=\"lazy\" decoding=\"async\" class=\"alignnone wp-image-13058\" title=\"Maltesisches M\u00e4dchen \u00a9 Bethune Carmichael\" src=\"https:\/\/www.humanium.org\/en\/wp-content\/uploads\/2013\/04\/0-fillette-Bethune-Carmichael-getty-image.jpg\" alt=\"\" width=\"138\" height=\"200\" \/>\u00a0<img loading=\"lazy\" decoding=\"async\" class=\"alignnone wp-image-13059\" title=\"Maltesischer Junge \u00a9 Tricia Schumacher\" src=\"https:\/\/www.humanium.org\/en\/wp-content\/uploads\/2013\/04\/0-garcon-Tricia-Schumacher-getty-image.jpg\" alt=\"\" width=\"171\" height=\"200\" \/><\/p>\n<p>Die Situation von Kindern auf Malta ist vergleichsweise gut. Es gibt kaum gr\u00f6\u00dfere Probleme und Kinderrechte werden im Allgemeinen respektiert. Es m\u00fcssen allerdings noch weitere Anstrengungen unternommen werden, vor allem im Hinblick auf die Behandlung und Misshandlung von Migranten.<\/p>\n<h3>Haupts\u00e4chliche Probleme von Kindern auf Malta:<\/h3>\n<p><a href=\"https:\/\/www.humanium.org\/de\/was-ist-gerechtigkeit\/\"><strong>Gesetzlicher Schutz von Kindern<\/strong><\/a><\/p>\n<p><img loading=\"lazy\" decoding=\"async\" class=\"alignright size-full wp-image-13060\" title=\"Die Gesetzgebung des Landes sieht kein ausdr\u00fcckliches Verbot der Zwangsrekrutierung von Minderj\u00e4hrigen vor \u00a9 Peter Grima\" src=\"https:\/\/www.humanium.org\/en\/wp-content\/uploads\/2013\/04\/1-conflit-armes-Peter-Grima-Flickr.jpg\" alt=\"\" width=\"245\" height=\"214\" \/>Malta hat die meisten internationalen Abkommen unterzeichnet, darunter das <a href=\"https:\/\/www.humanium.org\/de\/konvention\/\">UN-Kinderrechtsabkommen<\/a> und dessen beiden optionalen Protokolle. Allerdings wurden bislang nicht alle Bestandteile des Abkommens in die inl\u00e4ndische Gesetzgebung eingearbeitet, was deren korrekte Anwendung verhindert. Kinderrechte sind daher nicht vollst\u00e4ndig durch die maltesischen Gesetze gesch\u00fctzt.<\/p>\n<p>Obwohl Malta das optionale Protokoll zur Beteiligung von Kindern in bewaffneten Konflikten unterzeichnet hat, sieht die Gesetzgebung des Landes kein ausdr\u00fcckliches Verbot der Zwangsrekrutierung von Minderj\u00e4hrigen vor.<\/p>\n<p>Das maltesische Recht enth\u00e4lt keine Vorkehrungen f\u00fcr die Verfolgung von ausl\u00e4ndischen Staatsb\u00fcrgern, die Kinder unter 15 Jahre in <a href=\"https:\/\/www.humanium.org\/de\/kinder-in-kriegen\/\">bewaffnete Konflikte<\/a> involviert haben, obwohl dies nach internationaler Gesetzgebung ein Kriegsverbrechen darstellt. Solche Verbrecher k\u00f6nnen sich deshalb auf Malta aufhalten, ohne strafrechtlich verfolgt zu werden.<\/p>\n<p><a href=\"https:\/\/www.humanium.org\/de\/isolation-und-entwurzelung\/\"><strong>Fl\u00fcchtlingskinder<\/strong><\/a><\/p>\n<p><img loading=\"lazy\" decoding=\"async\" class=\"alignright size-full wp-image-13061\" title=\"Einige isolierte minderj\u00e4hrige Migranten werden unter unangemessenen Bedingungen festgehalten \u00a9 Timmy Gambin \" src=\"https:\/\/www.humanium.org\/en\/wp-content\/uploads\/2013\/04\/2-detention-migrany-Timmy-Gambin-getty-image.jpg\" alt=\"\" width=\"300\" height=\"194\" \/>Grunds\u00e4tzlich ist die Inhaftierung von Kindern sowohl unter maltesischer als auch internationaler Gesetzgebung verboten. Allerdings werden die Kinder von Migranten und Asylsuchenden sowie deren Familien normalerweise in \u201eoffene Zentren\u201c gebracht, in denen sie eine gr\u00f6\u00dfere Bewegungsfreiheit als in traditionellen Auffanglagern haben.<\/p>\n<p>Es gibt jedoch ein Problem: die meisten Kinder ohne Begleitung, darunter auch Jugendliche aus L\u00e4ndern, die von bewaffneten Konflikten betroffen sind, werden zusammen mit Erwachsenen untergebracht, bis ihr Alter offiziell festgestellt wurde. Dieser Vorgang zieht sich oft lang hin und kann bis zu f\u00fcnf Jahre dauern. In dieser Zeit sind die Kinder dem Risiko von Gewalt und Ausnutzung ausgesetzt.<\/p>\n<p>Dar\u00fcber hinaus geben viele junge Migranten ihren Status als Minderj\u00e4hrige nicht an, entweder aus Angst oder weil sie nicht dar\u00fcber informiert sind, welche Vorteile ihnen entsprechend zustehen w\u00fcrden.<\/p>\n<p><a href=\"https:\/\/www.humanium.org\/de\/minderjahrigenrecht\/\"><strong>Gerechtigkeit f\u00fcr Kinder<\/strong><\/a><\/p>\n<p><img loading=\"lazy\" decoding=\"async\" class=\"alignright size-full wp-image-13062\" title=\"Einige Kinder werden f\u00fcr ihr Alter zu strikt verurteilt \u00a9 Mark Horn \" src=\"https:\/\/www.humanium.org\/en\/wp-content\/uploads\/2013\/04\/3-Justice-limite-basse-Mark-Horn-Getty-image.jpg\" alt=\"\" width=\"173\" height=\"214\" \/>Die Strafm\u00fcndigkeit liegt bei 9 Jahren und damit deutlich unterhalb der 15 Jahre, die nach internationaler Gesetzgebung empfohlen werden. Dies kann dazu f\u00fchren, dass Kinder sehr strikt verurteilt werden, obwohl sie sich ihrer Aktionen und deren Konsequenzen nicht voll bewusst sind.<\/p>\n<p>Zus\u00e4tzlich greift das Kinderstrafrecht nicht bei jungen Menschen im Alter von 16 bis 18 Jahre, so dass diese wie Erwachsene verurteilt werden.<\/p>\n<p>Und schlie\u00dflich k\u00f6nnen Verbrechen hinsichtlich des<a href=\"https:\/\/www.humanium.org\/de\/die-sexuelle-ausbeutung-von-kindern\/\"> sexuellen Missbrauchs<\/a> von Kindern nur bis zehn Jahre nach der Tat verfolgt werden; die T\u00e4ter k\u00f6nnen nicht verurteilt werden, wenn die Opfer das Verbrechen nicht vor Ablauf dieser Frist anzeigen. Diese Tatsache schw\u00e4cht den Abschreckungseffekt der Bestrafung und bringt die Opfer um Reparationen, da diese sich aufgrund von Angst und ihres jungen Alters nicht zu widersprechen trauen.<\/p>\n<p><a href=\"https:\/\/www.humanium.org\/de\/recht-auf-identitat\/\"><strong>Das Recht auf eine eigene Identit\u00e4t<\/strong><\/a><\/p>\n<p>Das Zivilgesetz von Malta unterscheidet zwischen \u201clegitimen\u201d und \u201cillegitimen\u201d Kindern. Uneheliche Kinder von maltesischen V\u00e4tern und ausl\u00e4ndischen M\u00fcttern haben daher oft gro\u00dfe Schwierigkeiten, eine maltesische Staatsb\u00fcrgerschaft zu erhalten, vor allem, wenn die Eltern nicht zusammenleben.<\/p>\n<p><a href=\"https:\/\/www.humanium.org\/de\/misshandlung\/\"><strong>Kindesmisshandlung<\/strong><\/a><\/p>\n<p><img loading=\"lazy\" decoding=\"async\" class=\"alignright size-full wp-image-13064\" title=\"Der Mangel an Information verhindert, dass Kinder angemessen vor Misshandlung gesch\u00fctzt werden \u00a9 Compton &amp; Wright\" src=\"https:\/\/www.humanium.org\/en\/wp-content\/uploads\/2013\/04\/5-maltraitance-Compton-Wright-flickr.jpg\" alt=\"\" width=\"300\" height=\"211\" \/>Obwohl die Regierung einige Ma\u00dfnahmen in dieser Hinsicht ergriffen hat, ist die Informationslage in Bezug auf Kindesmisshandlung und sexuelle Ausbeutung von Kindern immer noch zu gering. Dieser Mangel an Information hindert die Regierung daran, Kinder angemessen vor Misshandlung zu sch\u00fctzen, vor allem weil die gesellschaftliche Aufmerksamkeit f\u00fcr die Konsequenzen von Misshandlung (einschlie\u00dflich sexuellen Missbrauchs) zu w\u00fcnschen \u00fcbrig l\u00e4sst.<\/p>\n<p>Die Gesetzgebung enth\u00e4lt dar\u00fcber hinaus kein vollst\u00e4ndiges Verbot von K\u00f6rperstrafen. \u201cAngemessene Z\u00fcchtigung\u201d in der Familie, in Schulen und in Inhaftierungsanstalten ist immer noch erlaubt.<\/p>\n<p><a href=\"https:\/\/www.humanium.org\/de\/kinderarbeit-2\/\"><strong>Kinderarbeit<\/strong><\/a><\/p>\n<p>Es ist auf Malta gesetzlich verboten, Kinder unter 15 Jahren gewerblich zu besch\u00e4ftigen. Die \u00dcberwachung der tats\u00e4chlichen Situation durch die Regierung ist jedoch mangelhaft. Berichte deuten dar\u00fcber hinaus darauf hin, dass viele Kinder bereits in j\u00fcngerem Alter in Familienbetrieben und in der Tourismusbranche (K\u00fcchenhilfen, Verk\u00e4ufer, etc.) besch\u00e4ftigt werden. Gl\u00fccklicherweise sind diese T\u00e4tigkeiten normalerweise nicht gesundheitssch\u00e4dlich und werden w\u00e4hrend der Sommerferien ausge\u00fcbt.<\/p>\n<p><a href=\"https:\/\/www.humanium.org\/de\/das-recht-auf-gesundheit\/\"><strong>Das Recht auf Gesundheit<\/strong><\/a><\/p>\n<p>Der Zugang zu Aufkl\u00e4rung und Beratung \u00fcber Verh\u00fctung f\u00fcr Jugendliche ist unzureichend und die Zahl von Schwangerschaften bei Minderj\u00e4hrigen hoch (20 Schwangerschaften pro 1000 M\u00e4dchen im Alter zwischen 15 und 19 Jahren). Dies ist besonders besorgniserregend, da Abtreibung unter allen Umst\u00e4nden illegal ist, selbst aus medizinischen Gr\u00fcnden (Gesundheitsrisiko f\u00fcr die Mutter) oder nach Vergewaltigungen. Fr\u00fche Schwangerschaften beeintr\u00e4chtigen die Gesundheit und besonders die Ausbildung von M\u00e4dchen, die oft vorzeitig von der Schule abgehen.<\/p>\n<p>Dar\u00fcber hinaus hat der UN-Ausschuss f\u00fcr die Rechte des Kindes Besorgnis \u00fcber geistige Gesundheit, \u00fcberm\u00e4\u00dfiges K\u00f6rpergewicht und regelm\u00e4\u00dfigen Alkoholkonsum unter Jugendlichen zum Ausdruck gebracht. Gesundheitspolitik und Informationskampagnen f\u00fcr Jugendliche sind nicht hinreichend auf deren Alter zugeschnitten.<\/p>\n<p><a href=\"https:\/\/www.humanium.org\/de\/focusdiskriminierung\/\"><strong>Diskriminierung<\/strong><\/a><\/p>\n<p>Trotz einer nationalen Richtlinie f\u00fcr spezialisierte Erziehung werden Kinder mit Behinderungen oft marginalisiert und k\u00f6nnen daher nur schwer in die Gesellschaft eingegliedert werden.<\/p>\n<p><strong>Umwelt<\/strong><\/p>\n<p>Mit einer Emissionsrate von 6 Tonnen CO2 pro Einwohner ist Malta weit davon entfernt, ein \u00f6kologisch sauberes Land zu sein. Die Auswirkungen dieser Tatsache sind unmittelbar und haben einen negativen Einfluss auf das Leben von Kindern und deren Zukunft. Das Recht des Kindes, in einer gesunden Umgebung zu leben und aufzuwachsen, wird nicht ber\u00fccksichtigt.<\/p>\n","protected":false},"excerpt":{"rendered":"<p>Kinder auf Malta Die Verwirklichung der Kinderrechte auf Malta \u00a0 Die Situation von Kindern auf Malta ist vergleichsweise gut. Es gibt kaum gr\u00f6\u00dfere Probleme und Kinderrechte werden im Allgemeinen respektiert. Es m\u00fcssen allerdings noch weitere Anstrengungen unternommen werden, vor allem im Hinblick auf die Behandlung und Misshandlung von Migranten. Haupts\u00e4chliche Probleme von Kindern auf Malta: [&hellip;]<\/p>\n","protected":false},"author":1,"featured_media":0,"parent":0,"menu_order":0,"comment_status":"closed","ping_status":"closed","template":"","meta":{"footnotes":""},"class_list":["post-6657","page","type-page","status-publish","hentry"],"yoast_head":"<!-- This site is optimized with the Yoast SEO plugin v26.5 - https:\/\/yoast.com\/wordpress\/plugins\/seo\/ -->\n<title>Kinder auf Malta - Humanium<\/title>\n<meta name=\"description\" content=\"Die Situation von Kindern auf Malta ist vergleichsweise gut. Es m\u00fcssen allerdings noch weitere Anstrengungen unternommen werden.\" \/>\n<meta name=\"robots\" content=\"index, follow, max-snippet:-1, max-image-preview:large, max-video-preview:-1\" \/>\n<link rel=\"canonical\" href=\"https:\/\/www.humanium.org\/de\/malta\/\" \/>\n<meta property=\"og:locale\" content=\"de_DE\" \/>\n<meta property=\"og:type\" content=\"article\" \/>\n<meta property=\"og:title\" content=\"Kinder auf Malta - Humanium\" \/>\n<meta property=\"og:description\" content=\"Die Situation von Kindern auf Malta ist vergleichsweise gut. Es m\u00fcssen allerdings noch weitere Anstrengungen unternommen werden.\" \/>\n<meta property=\"og:url\" content=\"https:\/\/www.humanium.org\/de\/malta\/\" \/>\n<meta property=\"og:site_name\" content=\"Humanium\" \/>\n<meta property=\"article:modified_time\" content=\"2025-12-05T17:13:19+00:00\" \/>\n<meta name=\"twitter:card\" content=\"summary_large_image\" \/>\n<meta name=\"twitter:label1\" content=\"Gesch\u00e4tzte Lesezeit\" \/>\n\t<meta name=\"twitter:data1\" content=\"7\u00a0Minuten\" \/>\n<script type=\"application\/ld+json\" class=\"yoast-schema-graph\">{\"@context\":\"https:\/\/schema.org\",\"@graph\":[{\"@type\":\"WebPage\",\"@id\":\"https:\/\/www.humanium.org\/de\/malta\/\",\"url\":\"https:\/\/www.humanium.org\/de\/malta\/\",\"name\":\"Kinder auf Malta - Humanium\",\"isPartOf\":{\"@id\":\"https:\/\/www.humanium.org\/de\/#website\"},\"primaryImageOfPage\":{\"@id\":\"https:\/\/www.humanium.org\/de\/malta\/#primaryimage\"},\"image\":{\"@id\":\"https:\/\/www.humanium.org\/de\/malta\/#primaryimage\"},\"thumbnailUrl\":\"https:\/\/www.humanium.org\/en\/wp-content\/uploads\/2013\/04\/0-fillette-Bethune-Carmichael-getty-image.jpg\",\"datePublished\":\"2016-06-15T13:49:18+00:00\",\"dateModified\":\"2025-12-05T17:13:19+00:00\",\"description\":\"Die Situation von Kindern auf Malta ist vergleichsweise gut. Es m\u00fcssen allerdings noch weitere Anstrengungen unternommen werden.\",\"breadcrumb\":{\"@id\":\"https:\/\/www.humanium.org\/de\/malta\/#breadcrumb\"},\"inLanguage\":\"de\",\"potentialAction\":[{\"@type\":\"ReadAction\",\"target\":[\"https:\/\/www.humanium.org\/de\/malta\/\"]}]},{\"@type\":\"ImageObject\",\"inLanguage\":\"de\",\"@id\":\"https:\/\/www.humanium.org\/de\/malta\/#primaryimage\",\"url\":\"https:\/\/www.humanium.org\/en\/wp-content\/uploads\/2013\/04\/0-fillette-Bethune-Carmichael-getty-image.jpg\",\"contentUrl\":\"https:\/\/www.humanium.org\/en\/wp-content\/uploads\/2013\/04\/0-fillette-Bethune-Carmichael-getty-image.jpg\"},{\"@type\":\"BreadcrumbList\",\"@id\":\"https:\/\/www.humanium.org\/de\/malta\/#breadcrumb\",\"itemListElement\":[{\"@type\":\"ListItem\",\"position\":1,\"name\":\"Home\",\"item\":\"https:\/\/www.humanium.org\/de\/\"},{\"@type\":\"ListItem\",\"position\":2,\"name\":\"Kinder auf Malta\"}]},{\"@type\":\"WebSite\",\"@id\":\"https:\/\/www.humanium.org\/de\/#website\",\"url\":\"https:\/\/www.humanium.org\/de\/\",\"name\":\"Humanium\",\"description\":\"Kinder zuerst!\",\"potentialAction\":[{\"@type\":\"SearchAction\",\"target\":{\"@type\":\"EntryPoint\",\"urlTemplate\":\"https:\/\/www.humanium.org\/de\/?s={search_term_string}\"},\"query-input\":{\"@type\":\"PropertyValueSpecification\",\"valueRequired\":true,\"valueName\":\"search_term_string\"}}],\"inLanguage\":\"de\"}]}<\/script>\n<!-- \/ Yoast SEO plugin. -->","yoast_head_json":{"title":"Kinder auf Malta - Humanium","description":"Die Situation von Kindern auf Malta ist vergleichsweise gut. Es m\u00fcssen allerdings noch weitere Anstrengungen unternommen werden.","robots":{"index":"index","follow":"follow","max-snippet":"max-snippet:-1","max-image-preview":"max-image-preview:large","max-video-preview":"max-video-preview:-1"},"canonical":"https:\/\/www.humanium.org\/de\/malta\/","og_locale":"de_DE","og_type":"article","og_title":"Kinder auf Malta - Humanium","og_description":"Die Situation von Kindern auf Malta ist vergleichsweise gut. Es m\u00fcssen allerdings noch weitere Anstrengungen unternommen werden.","og_url":"https:\/\/www.humanium.org\/de\/malta\/","og_site_name":"Humanium","article_modified_time":"2025-12-05T17:13:19+00:00","twitter_card":"summary_large_image","twitter_misc":{"Gesch\u00e4tzte Lesezeit":"7\u00a0Minuten"},"schema":{"@context":"https:\/\/schema.org","@graph":[{"@type":"WebPage","@id":"https:\/\/www.humanium.org\/de\/malta\/","url":"https:\/\/www.humanium.org\/de\/malta\/","name":"Kinder auf Malta - Humanium","isPartOf":{"@id":"https:\/\/www.humanium.org\/de\/#website"},"primaryImageOfPage":{"@id":"https:\/\/www.humanium.org\/de\/malta\/#primaryimage"},"image":{"@id":"https:\/\/www.humanium.org\/de\/malta\/#primaryimage"},"thumbnailUrl":"https:\/\/www.humanium.org\/en\/wp-content\/uploads\/2013\/04\/0-fillette-Bethune-Carmichael-getty-image.jpg","datePublished":"2016-06-15T13:49:18+00:00","dateModified":"2025-12-05T17:13:19+00:00","description":"Die Situation von Kindern auf Malta ist vergleichsweise gut. Es m\u00fcssen allerdings noch weitere Anstrengungen unternommen werden.","breadcrumb":{"@id":"https:\/\/www.humanium.org\/de\/malta\/#breadcrumb"},"inLanguage":"de","potentialAction":[{"@type":"ReadAction","target":["https:\/\/www.humanium.org\/de\/malta\/"]}]},{"@type":"ImageObject","inLanguage":"de","@id":"https:\/\/www.humanium.org\/de\/malta\/#primaryimage","url":"https:\/\/www.humanium.org\/en\/wp-content\/uploads\/2013\/04\/0-fillette-Bethune-Carmichael-getty-image.jpg","contentUrl":"https:\/\/www.humanium.org\/en\/wp-content\/uploads\/2013\/04\/0-fillette-Bethune-Carmichael-getty-image.jpg"},{"@type":"BreadcrumbList","@id":"https:\/\/www.humanium.org\/de\/malta\/#breadcrumb","itemListElement":[{"@type":"ListItem","position":1,"name":"Home","item":"https:\/\/www.humanium.org\/de\/"},{"@type":"ListItem","position":2,"name":"Kinder auf Malta"}]},{"@type":"WebSite","@id":"https:\/\/www.humanium.org\/de\/#website","url":"https:\/\/www.humanium.org\/de\/","name":"Humanium","description":"Kinder zuerst!","potentialAction":[{"@type":"SearchAction","target":{"@type":"EntryPoint","urlTemplate":"https:\/\/www.humanium.org\/de\/?s={search_term_string}"},"query-input":{"@type":"PropertyValueSpecification","valueRequired":true,"valueName":"search_term_string"}}],"inLanguage":"de"}]}},"_links":{"self":[{"href":"https:\/\/www.humanium.org\/de\/wp-json\/wp\/v2\/pages\/6657","targetHints":{"allow":["GET"]}}],"collection":[{"href":"https:\/\/www.humanium.org\/de\/wp-json\/wp\/v2\/pages"}],"about":[{"href":"https:\/\/www.humanium.org\/de\/wp-json\/wp\/v2\/types\/page"}],"author":[{"embeddable":true,"href":"https:\/\/www.humanium.org\/de\/wp-json\/wp\/v2\/users\/1"}],"replies":[{"embeddable":true,"href":"https:\/\/www.humanium.org\/de\/wp-json\/wp\/v2\/comments?post=6657"}],"version-history":[{"count":3,"href":"https:\/\/www.humanium.org\/de\/wp-json\/wp\/v2\/pages\/6657\/revisions"}],"predecessor-version":[{"id":20189,"href":"https:\/\/www.humanium.org\/de\/wp-json\/wp\/v2\/pages\/6657\/revisions\/20189"}],"wp:attachment":[{"href":"https:\/\/www.humanium.org\/de\/wp-json\/wp\/v2\/media?parent=6657"}],"curies":[{"name":"wp","href":"https:\/\/api.w.org\/{rel}","templated":true}]}}