{"id":6660,"date":"2016-06-17T17:50:48","date_gmt":"2016-06-17T17:50:48","guid":{"rendered":"http:\/\/www.humanium.org\/de\/?page_id=6660"},"modified":"2025-12-05T16:51:52","modified_gmt":"2025-12-05T16:51:52","slug":"laos","status":"publish","type":"page","link":"https:\/\/www.humanium.org\/de\/laos\/","title":{"rendered":"Die Kinder von Laos"},"content":{"rendered":"<h1>Die Kinder von Laos<\/h1>\n<h2>Die Durchsetzung der Kinderrechte in Laos<\/h2>\n<p><img loading=\"lazy\" decoding=\"async\" class=\"alignnone wp-image-4655\" title=\"Girl of Laos \u00a9 Elrentaplats (flickr)\" src=\"https:\/\/www.humanium.org\/en\/wp-content\/uploads\/2011\/10\/fillette-elrentaplats-flickr.jpg\" alt=\"\" width=\"239\" height=\"163\" \/> <img loading=\"lazy\" decoding=\"async\" class=\"alignnone size-full wp-image-4654\" title=\"Boy of Laos \u00a9 Jolidbetter (flickr)\" src=\"https:\/\/www.humanium.org\/en\/wp-content\/uploads\/2011\/10\/garcon-jolidbetter-flickr.jpg\" alt=\"\" width=\"248\" height=\"166\" \/><\/p>\n<p style=\"text-align: justify;\">Laos liegt im Herzen Asiens und muss sich in den letzten Jahren dem Problem einer rasant wachsenden Bev\u00f6lkerung stellen. Diese Entwicklung hat die Zahl der Kinder, die in Armut leben, nicht im Geringsten verringert.<\/p>\n<h3>Hauptprobleme der Kinder in Laos:<\/h3>\n<p><strong><a href=\"https:\/\/www.humanium.org\/en\/poor-children\/\">Armut<\/a><\/strong><\/p>\n<p style=\"text-align: justify;\"><img loading=\"lazy\" decoding=\"async\" class=\"alignright size-full wp-image-4656\" title=\"Poverty forces some children to wander the streets all day long. \u00a9S Fornino (flickr)\" src=\"https:\/\/www.humanium.org\/en\/wp-content\/uploads\/2011\/10\/pauvrete-s-fornino-flickr.jpg\" alt=\"\" width=\"143\" height=\"216\" \/>Mehr als die H\u00e4lfte der Bev\u00f6lkerung von Laos lebt unter der <a href=\"https:\/\/www.humanium.org\/en\/poor-children\/\">Armutsgrenze<\/a>. Armut hat schwere Auswirkungen auf die Situation der Kinderrechte dort.<\/p>\n<p style=\"text-align: justify;\">Jungen Laoten, die in Armut leben, wird oft eine Vielzahl ihrer Rechte vorenthalten. Durch diese <a href=\"https:\/\/www.humanium.org\/en\/nondiscrimination\/\">Diskriminierung<\/a> k\u00f6nnen sie manche ihrer Rechte nicht in Anspruch nehmen, zum Beispiel das Recht auf Gesundheit oder auch auf Bildung.<\/p>\n<p><strong><a href=\"https:\/\/www.humanium.org\/en\/fundamental-rights\/health\/\">Gesundheit<\/a><\/strong><\/p>\n<p style=\"text-align: justify;\">Die <a href=\"https:\/\/www.humanium.org\/en\/infant-mortality\/\">Kindersterblichkeitsrate<\/a> ist erh\u00f6ht und 6 \u2030 der laotischen Kinder sterben vor ihrem 5. Lebensjahr. Dieser katastrophale Zustand ist das Resultat fehlender <a href=\"https:\/\/www.humanium.org\/en\/fundamental-rights\/health\/\">Hygiene, Personal, Sanit\u00e4tsmaterial und Medizin.<\/a><\/p>\n<p style=\"text-align: justify;\">Diese Schw\u00e4chen erh\u00f6hen das Verbreitungsrisiko von Epidemien. Daher steht Laos noch immer vor dem Problem mit Krankheiten wie Polio oder Tetanus. Impfkampagnen wurden an entlegenen Orten durchgef\u00fchrt, um diese Epidemien zu beenden.<\/p>\n<p style=\"text-align: justify;\">Laos ist keiner starken Pr\u00e4valenz des<a href=\"https:\/\/www.humanium.org\/en\/children-and-aids\/\">AIDS-Virus <\/a>ausgesetzt. Allerdings kann es durch die geographische Lage schnell zu Problemen mit Kontamination kommen. Man sollte auch nicht vergessen, dass in der Tat<a href=\"https:\/\/www.humanium.org\/en\/child-prostitution\/\"> Sex-Tourismus<\/a> in dieser Region sehr pr\u00e4sent ist und daher das, <em><a href=\"https:\/\/www.humanium.org\/en\/children-and-aids\/\">AIDS-Virus<\/a> <\/em>AIDS-Virus sich sehr schnell ausbreiten kann.<\/p>\n<p><strong>Bildung<\/strong><\/p>\n<p style=\"text-align: justify;\">In diesem Bereich sind noch gro\u00dfe Anstrengungen notwendig, damit jedes laotische Kind zur Schule gehen kann. Heute ist dies nicht der Fall: Tats\u00e4chlich k\u00f6nnen nur etwa 20% der Kinder von ihrem Recht auf Bildung Gebrauch machen, was eine Verletzung des <a href=\"https:\/\/www.humanium.org\/en\/convention\/\">Internationalenonvention \u00dcbereinkommens \u00fcber die Rechte des Kindes<\/a> darstellt.<\/p>\n<p style=\"text-align: justify;\">Die meisten Kinder, die nicht eingeschult wurden, leben in abgelegenen D\u00f6rfern, in denen auch eine andere ethnische Sprache gesprochen wir, beispielsweise Akha. Die offizielle Sprache im Bildungssektor ist Lao.<\/p>\n<p style=\"text-align: justify;\">Diese Sprachbarriere ist auch eine Form der <a href=\"https:\/\/www.humanium.org\/en\/nondiscrimination\/\">Diskriminierung<\/a> gegen diese Kinder, die deshalb nicht zur Schule gehen k\u00f6nnen. Um diese Situation zu beheben, hat die Regierung \u2013 zumindest in einigen Schulen \u2013 die Bildung verbessern k\u00f6nnen, in dem bilinguale Lehrer eingestellt wurden.<\/p>\n<p style=\"text-align: justify;\">Die\u00a0<a href=\"https:\/\/www.humanium.org\/en\/poor-children\/\">Armut<\/a> ist ein weiterer Grund, weshalb manche Kinder nicht ihr Recht auf Bildung nicht genie\u00dfen k\u00f6nnen, da die Schulgeb\u00fchren zu hoch f\u00fcr manche Familien sein k\u00f6nnen, wodurch die Kinder nicht eingeschult werden.<\/p>\n<p><strong><a href=\"https:\/\/www.humanium.org\/en\/abuse\/\">Gewalt gegen Kinder <\/a><\/strong><\/p>\n<p style=\"text-align: justify;\"><img loading=\"lazy\" decoding=\"async\" class=\"alignright size-full wp-image-4657\" title=\"Children, victims of violence, find themselves living alone on the streets. \u00a9Miguel Navaza (flickr)\" src=\"https:\/\/www.humanium.org\/en\/wp-content\/uploads\/2011\/10\/violence-niguel-navaza-flickr.jpg\" alt=\"\" width=\"188\" height=\"166\" \/>Viele Kinder in Laos sind Opfer von physischer und sexueller Gewalt oder Misshandlung.<br \/>\nMisshandlungen kommen vor allem innerhalb der Familie vor und k\u00f6nnen schwerwiegende Folgen f\u00fcr die Kinder haben. Eine aktuelle Studie hat gezeigt, dass fast die H\u00e4lfte der <a href=\"https:\/\/www.humanium.org\/en\/street-children\/\">Stra\u00dfenkinder<\/a> in Laos ihr Zuhause verlassen hat, weil sie dort <a href=\"https:\/\/www.humanium.org\/en\/abuse\/\">Gewalt<\/a> ausgesetzt waren.<\/p>\n<p>Die Gewalt findet auch noch auf einer anderen Ebene statt:\u00a0<a href=\"https:\/\/www.humanium.org\/en\/sexual-abuse-children\/\">Sex-Tourismus<\/a>\u00a0Viele Kinder werden an thail\u00e4ndischen oder chinesischen Zuh\u00e4ltern gekauft, um den dortigen Markt zu \u201ebeliefern\u201c.<\/p>\n<p style=\"text-align: justify;\">Oftmals werden die Kinder in Bordellen eingesperrt oder f\u00fcr <a href=\"https:\/\/www.humanium.org\/en\/sexual-abuse-children\/\">Kinderpornographie missbraucht<\/a>. Sie leben also in gesundheitsgef\u00e4hrdenden Umgebungen mit wenig Wasser und wenig Nahrung und sind oft Opfern von Gewalt durch ihre Zuh\u00e4lter.<\/p>\n<p style=\"text-align: justify;\">F\u00fcr die jungen M\u00e4dchen ist es sehr schwer, diesem Zustand zu entfliehen, vor allem aus Angst vor den Konsequenzen. Deshalb wenden sich viele von ihnen Drogen zu, um diesem Elend zu entkommen.<\/p>\n<p style=\"text-align: justify;\">Die Regierung von Laos muss weitere Anstrengungen unternehmen, um diese Kinder vor physischer und psychologischer Gewalt zu sch\u00fctzen.<\/p>\n<p><strong><a href=\"https:\/\/www.humanium.org\/en\/child-labour\/\">Kinderarbeit<\/a><\/strong><\/p>\n<p style=\"text-align: justify;\"><img loading=\"lazy\" decoding=\"async\" class=\"alignright size-medium wp-image-4658\" title=\"Young Laotian boy forced to fish to feed himself Flydime (flickr)\" src=\"https:\/\/www.humanium.org\/en\/wp-content\/uploads\/2011\/10\/travail-enfant-flydime-flickr-300x293.jpg\" alt=\"\" width=\"212\" height=\"208\" \/><a href=\"https:\/\/www.humanium.org\/en\/child-labour\/\">Kinderarbeit<\/a>\u00a0ist noch heute ein gro\u00dfes Problem in Laos: 10% der Kinder dort m\u00fcssen arbeiten.<\/p>\n<p style=\"text-align: justify;\">Kinder, die nicht zur Schule gehen sind gezwungen zu arbeiten um die Bed\u00fcrfnisse der Familie zu stillen. Haupts\u00e4chlich arbeiten sie in der Landwirtschaft, bei der Fischerei oder in Fabriken.<\/p>\n<p>Da diese Kinder meist unter sehr schlechten Bedingungen arbeiten, sind sie sehr anf\u00e4llig f\u00fcr Krankheiten. Einige von ihnen wenden sich, nur um dieser Art von Arbeit zu entfliehen, den Bars und der <a href=\"https:\/\/www.humanium.org\/en\/sexual-abuse-children\/\">Prostitution<\/a> zu.<\/p>\n<p><strong><a href=\"https:\/\/www.humanium.org\/en\/orphans\/\">Waisenkinder<\/a><\/strong><\/p>\n<p style=\"text-align: justify;\"><a href=\"https:\/\/www.humanium.org\/en\/children-and-aids\/\"><img loading=\"lazy\" decoding=\"async\" class=\"alignright size-medium wp-image-4659\" title=\"Many Laotian children are Aids orphans. \u00a9 lorna87 (flickr)\" src=\"https:\/\/www.humanium.org\/en\/wp-content\/uploads\/2011\/10\/orphelin-lorna87-flickr-189x300.jpg\" alt=\"\" width=\"138\" height=\"220\" \/>HIV<\/a> und die <a href=\"https:\/\/www.humanium.org\/en\/poor-children\/\">Armut<\/a> die in Laos sehr pr\u00e4sent sind, haben die Situation der Waisenkinder erschwert. Dadurch w\u00e4chst die Zahl der Waisenkinder noch weiter.<\/p>\n<p style=\"text-align: justify;\">Es gibt nur wenige Strukturen, um ein <a href=\"https:\/\/www.humanium.org\/en\/orphans\/\">Waisenkind<\/a>\u00a0unterzubringen. Vernachl\u00e4ssigt und dazu gezwungen, sich um sich selbst zu k\u00fcmmern, m\u00fcssen sie <a href=\"https:\/\/www.humanium.org\/en\/poor-children\/\">wiederum in Armut<\/a> und gef\u00e4hrlichen Situationen leben.<\/p>\n<p style=\"text-align: justify;\">Die Lebensbedingungen auf <a href=\"https:\/\/www.humanium.org\/en\/street-children\/\">der Stra\u00dfe<\/a> sind sehr gef\u00e4hrlich: Jeden Tag m\u00fcssen sie etwas zu <a href=\"https:\/\/www.humanium.org\/en\/fundamental-rights\/food\/\">essen<\/a> und <a href=\"https:\/\/www.humanium.org\/en\/fundamental-rights\/water\/\">zu trinken<\/a>\u00a0finden, um zu \u00fcberleben.<\/p>\n<p><strong><a href=\"https:\/\/www.humanium.org\/en\/fundamental-rights\/identity\/\">Recht auf Identit\u00e4t<\/a><\/strong><\/p>\n<p style=\"text-align: justify;\">Fast 30 % <a href=\"https:\/\/www.humanium.org\/en\/world\/right-to-identity\/\"> der Geburten werden offiziell nicht bei den laotischen Beh\u00f6rden registriert<\/a>. Dies verursacht f\u00fcr diese Kinder gro\u00dfe Schwierigkeiten, weil sie ihre Rechte nicht wahrnehmen k\u00f6nnen. In den Augen der Gesellschaft sind sie <a href=\"https:\/\/www.humanium.org\/en\/stateless-invisible\/\">unsichtbar<\/a>.<\/p>\n","protected":false},"excerpt":{"rendered":"<p>Die Kinder von Laos Die Durchsetzung der Kinderrechte in Laos Laos liegt im Herzen Asiens und muss sich in den letzten Jahren dem Problem einer rasant wachsenden Bev\u00f6lkerung stellen. Diese Entwicklung hat die Zahl der Kinder, die in Armut leben, nicht im Geringsten verringert. Hauptprobleme der Kinder in Laos: Armut Mehr als die H\u00e4lfte der [&hellip;]<\/p>\n","protected":false},"author":1,"featured_media":0,"parent":0,"menu_order":0,"comment_status":"closed","ping_status":"closed","template":"","meta":{"footnotes":""},"class_list":["post-6660","page","type-page","status-publish","hentry"],"yoast_head":"<!-- This site is optimized with the Yoast SEO plugin v26.5 - https:\/\/yoast.com\/wordpress\/plugins\/seo\/ -->\n<title>Die Kinder von Laos - Humanium<\/title>\n<meta name=\"description\" content=\"Laos muss sich in den letzten Jahren dem Problem einer rasant wachsenden Bev\u00f6lkerung stellen. Die Zahl der Kinder, die in Armut leben, ist sehr hoch.\" \/>\n<meta name=\"robots\" content=\"index, follow, max-snippet:-1, max-image-preview:large, max-video-preview:-1\" \/>\n<link rel=\"canonical\" href=\"https:\/\/www.humanium.org\/de\/laos\/\" \/>\n<meta property=\"og:locale\" content=\"de_DE\" \/>\n<meta property=\"og:type\" content=\"article\" \/>\n<meta property=\"og:title\" content=\"Die Kinder von Laos - Humanium\" \/>\n<meta property=\"og:description\" content=\"Laos muss sich in den letzten Jahren dem Problem einer rasant wachsenden Bev\u00f6lkerung stellen. Die Zahl der Kinder, die in Armut leben, ist sehr hoch.\" \/>\n<meta property=\"og:url\" content=\"https:\/\/www.humanium.org\/de\/laos\/\" \/>\n<meta property=\"og:site_name\" content=\"Humanium\" \/>\n<meta property=\"article:modified_time\" content=\"2025-12-05T16:51:52+00:00\" \/>\n<meta name=\"twitter:card\" content=\"summary_large_image\" \/>\n<meta name=\"twitter:label1\" content=\"Gesch\u00e4tzte Lesezeit\" \/>\n\t<meta name=\"twitter:data1\" content=\"6\u00a0Minuten\" \/>\n<script type=\"application\/ld+json\" class=\"yoast-schema-graph\">{\"@context\":\"https:\/\/schema.org\",\"@graph\":[{\"@type\":\"WebPage\",\"@id\":\"https:\/\/www.humanium.org\/de\/laos\/\",\"url\":\"https:\/\/www.humanium.org\/de\/laos\/\",\"name\":\"Die Kinder von Laos - Humanium\",\"isPartOf\":{\"@id\":\"https:\/\/www.humanium.org\/de\/#website\"},\"primaryImageOfPage\":{\"@id\":\"https:\/\/www.humanium.org\/de\/laos\/#primaryimage\"},\"image\":{\"@id\":\"https:\/\/www.humanium.org\/de\/laos\/#primaryimage\"},\"thumbnailUrl\":\"https:\/\/www.humanium.org\/en\/wp-content\/uploads\/2011\/10\/fillette-elrentaplats-flickr.jpg\",\"datePublished\":\"2016-06-17T17:50:48+00:00\",\"dateModified\":\"2025-12-05T16:51:52+00:00\",\"description\":\"Laos muss sich in den letzten Jahren dem Problem einer rasant wachsenden Bev\u00f6lkerung stellen. Die Zahl der Kinder, die in Armut leben, ist sehr hoch.\",\"breadcrumb\":{\"@id\":\"https:\/\/www.humanium.org\/de\/laos\/#breadcrumb\"},\"inLanguage\":\"de\",\"potentialAction\":[{\"@type\":\"ReadAction\",\"target\":[\"https:\/\/www.humanium.org\/de\/laos\/\"]}]},{\"@type\":\"ImageObject\",\"inLanguage\":\"de\",\"@id\":\"https:\/\/www.humanium.org\/de\/laos\/#primaryimage\",\"url\":\"https:\/\/www.humanium.org\/en\/wp-content\/uploads\/2011\/10\/fillette-elrentaplats-flickr.jpg\",\"contentUrl\":\"https:\/\/www.humanium.org\/en\/wp-content\/uploads\/2011\/10\/fillette-elrentaplats-flickr.jpg\"},{\"@type\":\"BreadcrumbList\",\"@id\":\"https:\/\/www.humanium.org\/de\/laos\/#breadcrumb\",\"itemListElement\":[{\"@type\":\"ListItem\",\"position\":1,\"name\":\"Home\",\"item\":\"https:\/\/www.humanium.org\/de\/\"},{\"@type\":\"ListItem\",\"position\":2,\"name\":\"Die Kinder von Laos\"}]},{\"@type\":\"WebSite\",\"@id\":\"https:\/\/www.humanium.org\/de\/#website\",\"url\":\"https:\/\/www.humanium.org\/de\/\",\"name\":\"Humanium\",\"description\":\"Kinder zuerst!\",\"potentialAction\":[{\"@type\":\"SearchAction\",\"target\":{\"@type\":\"EntryPoint\",\"urlTemplate\":\"https:\/\/www.humanium.org\/de\/?s={search_term_string}\"},\"query-input\":{\"@type\":\"PropertyValueSpecification\",\"valueRequired\":true,\"valueName\":\"search_term_string\"}}],\"inLanguage\":\"de\"}]}<\/script>\n<!-- \/ Yoast SEO plugin. -->","yoast_head_json":{"title":"Die Kinder von Laos - Humanium","description":"Laos muss sich in den letzten Jahren dem Problem einer rasant wachsenden Bev\u00f6lkerung stellen. Die Zahl der Kinder, die in Armut leben, ist sehr hoch.","robots":{"index":"index","follow":"follow","max-snippet":"max-snippet:-1","max-image-preview":"max-image-preview:large","max-video-preview":"max-video-preview:-1"},"canonical":"https:\/\/www.humanium.org\/de\/laos\/","og_locale":"de_DE","og_type":"article","og_title":"Die Kinder von Laos - Humanium","og_description":"Laos muss sich in den letzten Jahren dem Problem einer rasant wachsenden Bev\u00f6lkerung stellen. Die Zahl der Kinder, die in Armut leben, ist sehr hoch.","og_url":"https:\/\/www.humanium.org\/de\/laos\/","og_site_name":"Humanium","article_modified_time":"2025-12-05T16:51:52+00:00","twitter_card":"summary_large_image","twitter_misc":{"Gesch\u00e4tzte Lesezeit":"6\u00a0Minuten"},"schema":{"@context":"https:\/\/schema.org","@graph":[{"@type":"WebPage","@id":"https:\/\/www.humanium.org\/de\/laos\/","url":"https:\/\/www.humanium.org\/de\/laos\/","name":"Die Kinder von Laos - Humanium","isPartOf":{"@id":"https:\/\/www.humanium.org\/de\/#website"},"primaryImageOfPage":{"@id":"https:\/\/www.humanium.org\/de\/laos\/#primaryimage"},"image":{"@id":"https:\/\/www.humanium.org\/de\/laos\/#primaryimage"},"thumbnailUrl":"https:\/\/www.humanium.org\/en\/wp-content\/uploads\/2011\/10\/fillette-elrentaplats-flickr.jpg","datePublished":"2016-06-17T17:50:48+00:00","dateModified":"2025-12-05T16:51:52+00:00","description":"Laos muss sich in den letzten Jahren dem Problem einer rasant wachsenden Bev\u00f6lkerung stellen. Die Zahl der Kinder, die in Armut leben, ist sehr hoch.","breadcrumb":{"@id":"https:\/\/www.humanium.org\/de\/laos\/#breadcrumb"},"inLanguage":"de","potentialAction":[{"@type":"ReadAction","target":["https:\/\/www.humanium.org\/de\/laos\/"]}]},{"@type":"ImageObject","inLanguage":"de","@id":"https:\/\/www.humanium.org\/de\/laos\/#primaryimage","url":"https:\/\/www.humanium.org\/en\/wp-content\/uploads\/2011\/10\/fillette-elrentaplats-flickr.jpg","contentUrl":"https:\/\/www.humanium.org\/en\/wp-content\/uploads\/2011\/10\/fillette-elrentaplats-flickr.jpg"},{"@type":"BreadcrumbList","@id":"https:\/\/www.humanium.org\/de\/laos\/#breadcrumb","itemListElement":[{"@type":"ListItem","position":1,"name":"Home","item":"https:\/\/www.humanium.org\/de\/"},{"@type":"ListItem","position":2,"name":"Die Kinder von Laos"}]},{"@type":"WebSite","@id":"https:\/\/www.humanium.org\/de\/#website","url":"https:\/\/www.humanium.org\/de\/","name":"Humanium","description":"Kinder zuerst!","potentialAction":[{"@type":"SearchAction","target":{"@type":"EntryPoint","urlTemplate":"https:\/\/www.humanium.org\/de\/?s={search_term_string}"},"query-input":{"@type":"PropertyValueSpecification","valueRequired":true,"valueName":"search_term_string"}}],"inLanguage":"de"}]}},"_links":{"self":[{"href":"https:\/\/www.humanium.org\/de\/wp-json\/wp\/v2\/pages\/6660","targetHints":{"allow":["GET"]}}],"collection":[{"href":"https:\/\/www.humanium.org\/de\/wp-json\/wp\/v2\/pages"}],"about":[{"href":"https:\/\/www.humanium.org\/de\/wp-json\/wp\/v2\/types\/page"}],"author":[{"embeddable":true,"href":"https:\/\/www.humanium.org\/de\/wp-json\/wp\/v2\/users\/1"}],"replies":[{"embeddable":true,"href":"https:\/\/www.humanium.org\/de\/wp-json\/wp\/v2\/comments?post=6660"}],"version-history":[{"count":4,"href":"https:\/\/www.humanium.org\/de\/wp-json\/wp\/v2\/pages\/6660\/revisions"}],"predecessor-version":[{"id":20096,"href":"https:\/\/www.humanium.org\/de\/wp-json\/wp\/v2\/pages\/6660\/revisions\/20096"}],"wp:attachment":[{"href":"https:\/\/www.humanium.org\/de\/wp-json\/wp\/v2\/media?parent=6660"}],"curies":[{"name":"wp","href":"https:\/\/api.w.org\/{rel}","templated":true}]}}