{"id":6665,"date":"2016-06-17T08:49:39","date_gmt":"2016-06-17T08:49:39","guid":{"rendered":"http:\/\/www.humanium.org\/de\/?page_id=6665"},"modified":"2025-12-05T17:12:47","modified_gmt":"2025-12-05T17:12:47","slug":"niederlande","status":"publish","type":"page","link":"https:\/\/www.humanium.org\/de\/niederlande\/","title":{"rendered":"Kinder in den Niederlanden"},"content":{"rendered":"<h1>Kinder in den Niederlanden<\/h1>\n<h2>Die Verwirklichung der Kinderrechte in den Niederlanden<\/h2>\n<p style=\"text-align: center;\"><img loading=\"lazy\" decoding=\"async\" class=\"alignnone wp-image-11858\" title=\"Niederl\u00e4ndisches M\u00e4dchen \u00a9 Nabok (Flickr)\" src=\"https:\/\/www.humanium.org\/fr\/wp-content\/uploads\/2011\/07\/fillette-pbas-nabok-flickr.jpg\" alt=\"\" width=\"170\" height=\"200\" \/> <img loading=\"lazy\" decoding=\"async\" class=\"alignnone size-full wp-image-11859\" title=\"Niederl\u00e4ndischer Junge \u00a9 Bogers (Flickr)\" src=\"https:\/\/www.humanium.org\/fr\/wp-content\/uploads\/2011\/07\/garcon-pbas-bogers-flickr.jpg\" alt=\"\" width=\"216\" height=\"200\" \/><\/p>\n<p>Die Niederlande geh\u00f6ren zu den L\u00e4ndern der Erde, in denen Kinder am besten gesch\u00fctzt werden. Die Situation der Kinderrechte ist in den Niederlanden fast optimal, die meisten der in der Kinderrechtskonvention verankerten Prinzipien werden gut eingehalten. Trotzdem gibt es einige negative Punkte zu erw\u00e4hnen.<\/p>\n<h3>Hauptprobleme, mit denen Kinder in den Niederlanden zu k\u00e4mpfen haben:<\/h3>\n<p><strong><a href=\"https:\/\/www.humanium.org\/de\/armut\/\">Armut<\/a><\/strong><\/p>\n<p>Obwohl die Niederlande zu den reichsten L\u00e4ndern der Welt z\u00e4hlen, leben 10 % der niederl\u00e4ndischen Bev\u00f6lkerung unterhalb der Armutsgrenze. Der Reichtum des Landes verteilt sich nicht gleichm\u00e4\u00dfig auf die Bev\u00f6lkerung. Manche Kinder leiden unter der Armut ihrer Familien. Der <a href=\"https:\/\/www.humanium.org\/de\/recht-bildung\/\">Zugang zu Bildung<\/a> und <a href=\"https:\/\/www.humanium.org\/de\/das-recht-auf-gesundheit\/\">Gesundheitsversorgung<\/a> h\u00e4ngt f\u00fcr Kinder von der finanziellen Situationen ihrer Eltern ab und wird durch diese eingeschr\u00e4nkt.<\/p>\n<p><strong><a href=\"https:\/\/www.humanium.org\/de\/misshandlung\/\">Kindesmisshandlung<\/a><\/strong><\/p>\n<p><img loading=\"lazy\" decoding=\"async\" class=\" wp-image-11885 alignright\" title=\"Manche Kinder in den Niederlanden leiden noch unter Misshandlungen, v. a. auf den Antillen. \u00a9 Charles Fred (Flickr)\" src=\"https:\/\/www.humanium.org\/fr\/wp-content\/uploads\/2011\/07\/violence-pbas-charles-fred-flickr.jpg\" alt=\"\" width=\"95\" height=\"143\" \/>Auf den Niederl\u00e4ndischen Antillen sind k\u00f6rperliche Strafen noch sehr verbreitet. <a href=\"https:\/\/www.humanium.org\/de\/gewalt\/\">Gewalt<\/a> gegen\u00fcber Kindern sind sowohl in der Familie als auch in der Schule \u00fcblich.<\/p>\n<p>Vom<a href=\"https:\/\/www.humanium.org\/de\/was-ist-gerechtigkeit\/\"> Gesetz <\/a>werden diese Bestrafungen nicht immer verboten, und selbst wenn sie nicht erlaubt sind, wird zu wenig daf\u00fcr getan, um Verbote f\u00fcr k\u00f6rperliche Strafen durchzusetzen. So kommt es insbesondere auf den Niederl\u00e4ndischen Antillen zu Misshandlungen, die viel zu selten verurteilt werden.<\/p>\n<p><strong><a href=\"https:\/\/www.humanium.org\/de\/isolation-und-entwurzelung\/\">Fl\u00fcchtlingskinder<\/a><\/strong><\/p>\n<p>Die Situation von Asylbewerbern, Fl\u00fcchtlingen und Migranten, die in den Niederlanden leben m\u00f6chten, gibt Anlass zur Sorge. Die Verfahren, denen sich diese Personen unterziehen m\u00fcssen, gew\u00e4hrleisten keine komplette Analyse ihrer Situation.<\/p>\n<p>Daher halten sich mehrere tausend Personen, darunter auch <a href=\"https:\/\/www.humanium.org\/de\/kinder-im-justizsystem\/\">Minderj\u00e4hrige<\/a>, illegal in den Niederlanden auf. Wenn sie vom Staat aufgegriffen werden, hat dies eine Unterbringung in Gef\u00e4ngnissen zur Folge, in denen auf ihre spezielle Geschichte keine R\u00fccksicht genommen wird. Selbst stark schutzbed\u00fcrftige Personen, wie Kinder und Opfer von Ungerechtigkeiten im Ursprungsland, werden oft \u00fcber sehr lange Zeitr\u00e4ume in Haft genommen.<\/p>\n<p>Die Rechte von unbegleiteten Minderj\u00e4hrigen sind nicht in ihrer Gesamtheit gew\u00e4hrleistet.<\/p>\n<p><strong><a href=\"https:\/\/www.humanium.org\/de\/focusdiskriminierung\/\"><br \/>\nDiskriminierung<\/a><\/strong><\/p>\n<p><img loading=\"lazy\" decoding=\"async\" class=\"alignright wp-image-11886\" title=\"F\u00e4lle von Diskriminierung gibt es in den Niederlanden noch h\u00e4ufig. \u00a9 350.org (Flickr)\" src=\"https:\/\/www.humanium.org\/fr\/wp-content\/uploads\/2011\/07\/pbas-discrimination-troiscentcinquantepointorg-flickr.jpg\" alt=\"\" width=\"203\" height=\"135\" \/>Der Menschenrechtskommissar des Europarates hat erkl\u00e4rt, er sei wegen der \u201eTendenzen zu Rassismus, Antisemitismus und anderen Formen der Intoleranz\u201c in den Niederlanden beunruhigt.<\/p>\n<p>Immer noch werden in den Niederlanden Menschen wegen ihrer Rasse, ihres Geschlechts, ihrer Abstammung und v. a. wegen ihrer Religionszugeh\u00f6rigkeit diskriminiert. Muslimische Kinder, Asylbewerber und Fl\u00fcchtlinge leiden betr\u00e4chtlich unter dem in der Gesellschaft vorherrschenden Rassismus.<\/p>\n<p>Trotz gro\u00dfer Fortschritte in dem Bereich muss das Land Ma\u00dfnahmen zur Vorbeugung und zur Sensibilisierung verst\u00e4rken, um Diskriminierungen komplett zu verhindern.<\/p>\n<p><a href=\"https:\/\/www.humanium.org\/de\/kinder-mit-behinderung\/\"><strong>Kin<\/strong><strong>der\u00a0mit Behinderung<\/strong><\/a><\/p>\n<p>Die Niederlande garantieren Kindern mit Behinderung nicht die komplette Umsetzung der in der Internationalen Kinderrechtskonvention verankerten Rechte. In der Tat werden Kinder mit Behinderung regelm\u00e4\u00dfig mit Bedingungen konfrontiert, die sie daran hindern, Ihre Rechte v\u00f6llig frei wahrzunehmen. Hierzu z\u00e4hlen insbesondere Einschr\u00e4nkungen, die den Zugang zu Bildung &#8211; und ganz allgemein &#8211; zu \u00f6ffentlichen Dienstleistungen betreffen.<\/p>\n<p>Die Integration behinderter Kinder in die niederl\u00e4ndische Gesellschaft erweist sich folglich als schwierig und m\u00fchsam.<\/p>\n<p><strong>Umwelt<\/strong><\/p>\n<p><img loading=\"lazy\" decoding=\"async\" class=\"size-full wp-image-11889 alignright\" title=\"Kinder haben das Recht, in einer gesunden Umgebung aufzuwachsen. \u00a9 Pingu 1963\" src=\"https:\/\/www.humanium.org\/fr\/wp-content\/uploads\/2011\/07\/environment-p-bas-pingu-milneufcentsoixantetrois-flickr-notouch2.jpg\" alt=\"\" width=\"194\" height=\"145\" \/>Mit 10.3 Tonnen CO2-Emissionen pro Einwohner und Jahr m\u00fcssen die Niederlande im Umweltschutz noch Fortschritte machen. Der Schadstoffaussto\u00df wirkt sich nicht nur auf die Umwelt, sondern auch auf das Leben der Kinder und ihre Zukunftsperspektiven aus. Ihr Recht, in einer gesunden Umgebung zu leben und aufzuwachsen, wird nicht vollst\u00e4ndig respektiert.<\/p>\n","protected":false},"excerpt":{"rendered":"<p>Kinder in den Niederlanden Die Verwirklichung der Kinderrechte in den Niederlanden Die Niederlande geh\u00f6ren zu den L\u00e4ndern der Erde, in denen Kinder am besten gesch\u00fctzt werden. Die Situation der Kinderrechte ist in den Niederlanden fast optimal, die meisten der in der Kinderrechtskonvention verankerten Prinzipien werden gut eingehalten. Trotzdem gibt es einige negative Punkte zu erw\u00e4hnen. [&hellip;]<\/p>\n","protected":false},"author":1,"featured_media":0,"parent":0,"menu_order":0,"comment_status":"closed","ping_status":"closed","template":"","meta":{"footnotes":""},"class_list":["post-6665","page","type-page","status-publish","hentry"],"yoast_head":"<!-- This site is optimized with the Yoast SEO plugin v26.5 - https:\/\/yoast.com\/wordpress\/plugins\/seo\/ -->\n<title>Kinder in den Niederlanden - Humanium<\/title>\n<meta name=\"description\" content=\"Die Situation der Kinderrechte ist in den Niederlanden optimal, die meisten der in der Kinderrechtskonvention verankerten Prinzipien werden gut eingehalten.\" \/>\n<meta name=\"robots\" content=\"index, follow, max-snippet:-1, max-image-preview:large, max-video-preview:-1\" \/>\n<link rel=\"canonical\" href=\"https:\/\/www.humanium.org\/de\/niederlande\/\" \/>\n<meta property=\"og:locale\" content=\"de_DE\" \/>\n<meta property=\"og:type\" content=\"article\" \/>\n<meta property=\"og:title\" content=\"Kinder in den Niederlanden - Humanium\" \/>\n<meta property=\"og:description\" content=\"Die Situation der Kinderrechte ist in den Niederlanden optimal, die meisten der in der Kinderrechtskonvention verankerten Prinzipien werden gut eingehalten.\" \/>\n<meta property=\"og:url\" content=\"https:\/\/www.humanium.org\/de\/niederlande\/\" \/>\n<meta property=\"og:site_name\" content=\"Humanium\" \/>\n<meta property=\"article:modified_time\" content=\"2025-12-05T17:12:47+00:00\" \/>\n<meta name=\"twitter:card\" content=\"summary_large_image\" \/>\n<meta name=\"twitter:label1\" content=\"Gesch\u00e4tzte Lesezeit\" \/>\n\t<meta name=\"twitter:data1\" content=\"4\u00a0Minuten\" \/>\n<script type=\"application\/ld+json\" class=\"yoast-schema-graph\">{\"@context\":\"https:\/\/schema.org\",\"@graph\":[{\"@type\":\"WebPage\",\"@id\":\"https:\/\/www.humanium.org\/de\/niederlande\/\",\"url\":\"https:\/\/www.humanium.org\/de\/niederlande\/\",\"name\":\"Kinder in den Niederlanden - Humanium\",\"isPartOf\":{\"@id\":\"https:\/\/www.humanium.org\/de\/#website\"},\"primaryImageOfPage\":{\"@id\":\"https:\/\/www.humanium.org\/de\/niederlande\/#primaryimage\"},\"image\":{\"@id\":\"https:\/\/www.humanium.org\/de\/niederlande\/#primaryimage\"},\"thumbnailUrl\":\"https:\/\/www.humanium.org\/fr\/wp-content\/uploads\/2011\/07\/fillette-pbas-nabok-flickr.jpg\",\"datePublished\":\"2016-06-17T08:49:39+00:00\",\"dateModified\":\"2025-12-05T17:12:47+00:00\",\"description\":\"Die Situation der Kinderrechte ist in den Niederlanden optimal, die meisten der in der Kinderrechtskonvention verankerten Prinzipien werden gut eingehalten.\",\"breadcrumb\":{\"@id\":\"https:\/\/www.humanium.org\/de\/niederlande\/#breadcrumb\"},\"inLanguage\":\"de\",\"potentialAction\":[{\"@type\":\"ReadAction\",\"target\":[\"https:\/\/www.humanium.org\/de\/niederlande\/\"]}]},{\"@type\":\"ImageObject\",\"inLanguage\":\"de\",\"@id\":\"https:\/\/www.humanium.org\/de\/niederlande\/#primaryimage\",\"url\":\"https:\/\/www.humanium.org\/fr\/wp-content\/uploads\/2011\/07\/fillette-pbas-nabok-flickr.jpg\",\"contentUrl\":\"https:\/\/www.humanium.org\/fr\/wp-content\/uploads\/2011\/07\/fillette-pbas-nabok-flickr.jpg\"},{\"@type\":\"BreadcrumbList\",\"@id\":\"https:\/\/www.humanium.org\/de\/niederlande\/#breadcrumb\",\"itemListElement\":[{\"@type\":\"ListItem\",\"position\":1,\"name\":\"Home\",\"item\":\"https:\/\/www.humanium.org\/de\/\"},{\"@type\":\"ListItem\",\"position\":2,\"name\":\"Kinder in den Niederlanden\"}]},{\"@type\":\"WebSite\",\"@id\":\"https:\/\/www.humanium.org\/de\/#website\",\"url\":\"https:\/\/www.humanium.org\/de\/\",\"name\":\"Humanium\",\"description\":\"Kinder zuerst!\",\"potentialAction\":[{\"@type\":\"SearchAction\",\"target\":{\"@type\":\"EntryPoint\",\"urlTemplate\":\"https:\/\/www.humanium.org\/de\/?s={search_term_string}\"},\"query-input\":{\"@type\":\"PropertyValueSpecification\",\"valueRequired\":true,\"valueName\":\"search_term_string\"}}],\"inLanguage\":\"de\"}]}<\/script>\n<!-- \/ Yoast SEO plugin. -->","yoast_head_json":{"title":"Kinder in den Niederlanden - Humanium","description":"Die Situation der Kinderrechte ist in den Niederlanden optimal, die meisten der in der Kinderrechtskonvention verankerten Prinzipien werden gut eingehalten.","robots":{"index":"index","follow":"follow","max-snippet":"max-snippet:-1","max-image-preview":"max-image-preview:large","max-video-preview":"max-video-preview:-1"},"canonical":"https:\/\/www.humanium.org\/de\/niederlande\/","og_locale":"de_DE","og_type":"article","og_title":"Kinder in den Niederlanden - Humanium","og_description":"Die Situation der Kinderrechte ist in den Niederlanden optimal, die meisten der in der Kinderrechtskonvention verankerten Prinzipien werden gut eingehalten.","og_url":"https:\/\/www.humanium.org\/de\/niederlande\/","og_site_name":"Humanium","article_modified_time":"2025-12-05T17:12:47+00:00","twitter_card":"summary_large_image","twitter_misc":{"Gesch\u00e4tzte Lesezeit":"4\u00a0Minuten"},"schema":{"@context":"https:\/\/schema.org","@graph":[{"@type":"WebPage","@id":"https:\/\/www.humanium.org\/de\/niederlande\/","url":"https:\/\/www.humanium.org\/de\/niederlande\/","name":"Kinder in den Niederlanden - Humanium","isPartOf":{"@id":"https:\/\/www.humanium.org\/de\/#website"},"primaryImageOfPage":{"@id":"https:\/\/www.humanium.org\/de\/niederlande\/#primaryimage"},"image":{"@id":"https:\/\/www.humanium.org\/de\/niederlande\/#primaryimage"},"thumbnailUrl":"https:\/\/www.humanium.org\/fr\/wp-content\/uploads\/2011\/07\/fillette-pbas-nabok-flickr.jpg","datePublished":"2016-06-17T08:49:39+00:00","dateModified":"2025-12-05T17:12:47+00:00","description":"Die Situation der Kinderrechte ist in den Niederlanden optimal, die meisten der in der Kinderrechtskonvention verankerten Prinzipien werden gut eingehalten.","breadcrumb":{"@id":"https:\/\/www.humanium.org\/de\/niederlande\/#breadcrumb"},"inLanguage":"de","potentialAction":[{"@type":"ReadAction","target":["https:\/\/www.humanium.org\/de\/niederlande\/"]}]},{"@type":"ImageObject","inLanguage":"de","@id":"https:\/\/www.humanium.org\/de\/niederlande\/#primaryimage","url":"https:\/\/www.humanium.org\/fr\/wp-content\/uploads\/2011\/07\/fillette-pbas-nabok-flickr.jpg","contentUrl":"https:\/\/www.humanium.org\/fr\/wp-content\/uploads\/2011\/07\/fillette-pbas-nabok-flickr.jpg"},{"@type":"BreadcrumbList","@id":"https:\/\/www.humanium.org\/de\/niederlande\/#breadcrumb","itemListElement":[{"@type":"ListItem","position":1,"name":"Home","item":"https:\/\/www.humanium.org\/de\/"},{"@type":"ListItem","position":2,"name":"Kinder in den Niederlanden"}]},{"@type":"WebSite","@id":"https:\/\/www.humanium.org\/de\/#website","url":"https:\/\/www.humanium.org\/de\/","name":"Humanium","description":"Kinder zuerst!","potentialAction":[{"@type":"SearchAction","target":{"@type":"EntryPoint","urlTemplate":"https:\/\/www.humanium.org\/de\/?s={search_term_string}"},"query-input":{"@type":"PropertyValueSpecification","valueRequired":true,"valueName":"search_term_string"}}],"inLanguage":"de"}]}},"_links":{"self":[{"href":"https:\/\/www.humanium.org\/de\/wp-json\/wp\/v2\/pages\/6665","targetHints":{"allow":["GET"]}}],"collection":[{"href":"https:\/\/www.humanium.org\/de\/wp-json\/wp\/v2\/pages"}],"about":[{"href":"https:\/\/www.humanium.org\/de\/wp-json\/wp\/v2\/types\/page"}],"author":[{"embeddable":true,"href":"https:\/\/www.humanium.org\/de\/wp-json\/wp\/v2\/users\/1"}],"replies":[{"embeddable":true,"href":"https:\/\/www.humanium.org\/de\/wp-json\/wp\/v2\/comments?post=6665"}],"version-history":[{"count":3,"href":"https:\/\/www.humanium.org\/de\/wp-json\/wp\/v2\/pages\/6665\/revisions"}],"predecessor-version":[{"id":20185,"href":"https:\/\/www.humanium.org\/de\/wp-json\/wp\/v2\/pages\/6665\/revisions\/20185"}],"wp:attachment":[{"href":"https:\/\/www.humanium.org\/de\/wp-json\/wp\/v2\/media?parent=6665"}],"curies":[{"name":"wp","href":"https:\/\/api.w.org\/{rel}","templated":true}]}}