{"id":6669,"date":"2016-06-17T09:30:48","date_gmt":"2016-06-17T09:30:48","guid":{"rendered":"http:\/\/www.humanium.org\/de\/?page_id=6669"},"modified":"2025-12-06T06:25:50","modified_gmt":"2025-12-06T06:25:50","slug":"irland","status":"publish","type":"page","link":"https:\/\/www.humanium.org\/de\/irland\/","title":{"rendered":"Kinder in Irland"},"content":{"rendered":"<h1>Kinder in Irland<\/h1>\n<h2>Die Verwirklichung der Kinderrechte in Irland<\/h2>\n<p style=\"text-align: center;\"><img loading=\"lazy\" decoding=\"async\" title=\"Kleines irisches M\u00e4dchen \u00a9 adwritter (flickr)\" src=\"https:\/\/www.humanium.org\/fr\/wp-content\/uploads\/2012\/09\/adwritter.jpg\" alt=\"\" width=\"195\" height=\"200\" \/>\u00a0<img loading=\"lazy\" decoding=\"async\" title=\"Kleiner irischer Junge \u00a9 jOSE-m.-vASQUEZ (flickr)\" src=\"https:\/\/www.humanium.org\/fr\/wp-content\/uploads\/2012\/09\/jOSE-m.-vASQUEZ.jpg\" alt=\"\" width=\"178\" height=\"200\" \/><\/p>\n<p>Im Gro\u00dfen und Ganzen haben Kinder in Irland eine angenehme Lebensqualit\u00e4t. Aber um die Vorgaben des internationalen \u00dcbereinkommens \u00fcber die Rechte des Kindes besser einzuhalten, muss Irland sich st\u00e4rker bem\u00fchen, das scheinbar stimmlose Segment seiner Bev\u00f6lkerung zu sch\u00fctzen. Die Beachtung gewisser Prinzipien wie Nichtdiskriminierung und das Verbot von Gewalt gegen Kinder w\u00e4re ein gro\u00dfer Schritt, die irische Gesellschaft als Ganzes zu verbessern, insbesondere in diesem schwierigen Wirtschaftsklima.<\/p>\n<h3>Hauptprobleme, mit denen die Kinder in Irland konfrontiert sind:<\/h3>\n<p><a href=\"https:\/\/www.humanium.org\/de\/armut\/\"><strong>Armut<\/strong><\/a><\/p>\n<p>Zahlungen der Sozialhilfe f\u00fcr die \u00e4rmsten Haushalte gen\u00fcgen nicht und die am st\u00e4rksten benachteiligten Kinder leiden darunter. Haushalte von Alleinerziehenden sind besonders betroffen und die j\u00fcngste Finanzkrise hat dieses Defizit aufgrund steigender Arbeitslosigkeit und mehr noch durch staatliche Haushaltsrestriktionen intensiviert.<\/p>\n<p><strong><strong><a href=\"https:\/\/www.humanium.org\/fr\/wp-content\/uploads\/2012\/09\/tim-ellis.jpg\"><img loading=\"lazy\" decoding=\"async\" class=\"alignright\" title=\"Armut betrifft zu viele Kinder in Irland \u00a9 tim-ellis (Flickr)\" src=\"https:\/\/www.humanium.org\/fr\/wp-content\/uploads\/2012\/09\/tim-ellis-199x300.jpg\" alt=\"\" width=\"159\" height=\"240\" \/><\/a><\/strong><\/strong><strong><a href=\"https:\/\/www.humanium.org\/de\/focusdiskriminierung\/\">Diskriminierung<\/a><\/strong><\/p>\n<p>Man kann F\u00e4lle von Diskriminierung gegen Roma, Nomadenv\u00f6lker und\u00a0<a href=\"https:\/\/www.humanium.org\/de\/kinder-mit-behinderung\/\">Kinder mit Behinderung<\/a>\u00a0feststellen, vor allem was den Zugang zu Schulen, Unterbringung und medizinische Grundversorgung angeht. Es ist nicht ungew\u00f6hnlich, dass rassistische Haltungen und Begriffe von Lehrern und anderen Kindern der Prim\u00e4r- und Sekundarstufe verwendet werden. Irlands Bem\u00fchungen, ausl\u00e4ndische Kinder zu integrieren und an die irische Kultur zu gew\u00f6hnen sind unzureichend und deren Ausschluss erschwert die gesellschaftlichen Beziehungen als Ganzes.<\/p>\n<p><strong>Schutz von Kindern<\/strong><\/p>\n<p>Ein Bericht, der viel durch die Medien ging, ver\u00f6ffentlichte F\u00e4lle von <a href=\"https:\/\/www.humanium.org\/de\/ausbeutung\/\">Missbrauch<\/a> von mehr als 2000 irischen Kindern, die zwischen 1936 und 2000 von der Regierung in katholischen Einrichtungen untergebracht wurden. Es wurde berichtet, dass Beschwerden oft nicht aufgenommen wurden, noch dass Untersuchungen folgten: Stattdessen wurden Missbrauchsvorw\u00fcrfe pauschal ignoriert. <img loading=\"lazy\" decoding=\"async\" class=\"alignright\" title=\"Gewalt genauso wie Folter, ver\u00fcbt \u00fcber Jahre hinweg \u00a9 southworth-sailor (Flickr)\" src=\"https:\/\/www.humanium.org\/fr\/wp-content\/uploads\/2012\/09\/southworth-sailor-225x300.jpg\" alt=\"\" width=\"225\" height=\"300\" \/><\/p>\n<p>Ein anderer Bericht offenbarte hunderte F\u00e4lle von <a href=\"https:\/\/www.humanium.org\/de\/die-sexuelle-ausbeutung-von-kindern\/\">sexuellem Missbrauch<\/a> und<a href=\"https:\/\/www.humanium.org\/de\/misshandlung\/\"> Misshandlungen <\/a>durch Priester zwischen 1975 und 2004. Und einmal mehr wurden diese Missbrauchsf\u00e4lle von kirchlichen und staatlichen Einrichtungen gedeckt. Die Kinder wurden nicht gesch\u00fctzt und einige starben, ohne dass die Schuldigen zur Rechenschaft gezogen wurden.<\/p>\n<p>Diese Ereignisse spiegeln die klaffenden L\u00fccken im System wider, wenn es um den Schutz und die Unterbringung von Kindern geht. In diesen zwei F\u00e4llen wurden Folter und eklatanter Missbrauch von Kindern sowohl von der Bev\u00f6lkerung als auch auf verschiedenen Regierungsebenen gedeckt.<\/p>\n<p>2010 wurde ein Referendum abgehalten, dass die Einf\u00fchrung eines neuen Artikels \u00fcber Kinderrechte in die Verfassung betraf. Das Ziel war, diese Arten von Kindesmissbrauch ans Licht zu bringen. Der Gesetzentwurf jedoch wurde, wie alle Richtlinien, die den Schutz von Kindern in Irland bezwecken, verschoben. Ohne solch eine Gesetzgebung wird Gewalt gegen Kinder in Irland weiter schwelen und das ist eine nicht hinnehmbare Folge.<\/p>\n<p><a href=\"https:\/\/www.humanium.org\/de\/misshandlung\/\"><strong>H\u00e4uslicher Missbrauch<\/strong><\/a><\/p>\n<p>K\u00f6rperliche Z\u00fcchtigung ist innerhalb der Familie nicht ausdr\u00fccklich verboten. Das Fehlen an Sensibilit\u00e4t der Bev\u00f6lkerung f\u00fcr gewaltfreie Erziehung und Disziplin und f\u00fcr die sch\u00e4dlichen Auswirkungen k\u00f6rperlicher Z\u00fcchtigung ist bedauerlich. Weiterhin ist es eine Schande, dass Irland keine Haltung gegen die Verst\u00fcmmelung weiblicher Geschlechtsteile einnimmt, die innerhalb seiner Landesgrenzen stattfindet.<\/p>\n<p><a href=\"https:\/\/www.humanium.org\/de\/was-ist-gerechtigkeit\/\"><strong>Jugendarrest<\/strong><\/a><\/p>\n<p>Bestimmte Ma\u00dfnahmen, wie der Gewahrsam in einer gesicherten Einrichtung, werden immer noch zu oft angewendet, obwohl sie nur als letztes Mittel eingesetzt werden sollten. Das Fehlen an Alternativen zur Haft von Kindern ist eklatant. Au\u00dferdem sind nicht alle inhaftierten Kinder von Erwachsenen getrennt. Zum Beispiel bringen einige Jugendanstalten f\u00fcr Jugendliche zwischen 18 und 21 Jahren auch Minderj\u00e4hrige zwischen 16 und 17 Jahren darin unter. Weil diese Anstalten oft den Organisationen, die Kinderrechte sch\u00fctzen, den Zugang verweigern, erschwert das unsere M\u00f6glichkeiten, diese R\u00e4umlichkeiten zu besichtigen, die Haftbedingungen f\u00fcr irische Jugendliche unter die Lupe zu nehmen und die Probleme zu beheben.<\/p>\n<p><strong>Kindeswohl<\/strong><\/p>\n<p><strong><img loading=\"lazy\" decoding=\"async\" class=\"alignright\" title=\"Minderheiten werden in Bezug auf medizinische Behandlung und Ausbildung diskriminiert \u00a9 pixieclipx (Flickr)\" src=\"https:\/\/www.humanium.org\/fr\/wp-content\/uploads\/2012\/09\/pixieclipx-300x223.jpg\" alt=\"\" width=\"243\" height=\"181\" \/><\/strong>In Irland werden die Meinungen von Kindern und der Begriff des Kindeswohls noch immer nicht ausreichend w\u00e4hrend der Gesetzgebungsverfahren und beh\u00f6rdlichen und gerichtlichen Entscheidungen ber\u00fccksichtigt.<\/p>\n<p>Auf die gleiche Weise hat der Katholizismus, der in Irland sehr pr\u00e4sent ist, einen gro\u00dfen Einfluss auf das <a href=\"https:\/\/www.humanium.org\/de\/recht-bildung\/\">Bildung<\/a>ssystem. Kinder, die nicht katholisch sind, k\u00f6nnen keine Ausbildung eines anderen Glaubens oder sogar eine s\u00e4kulare Ausbildung w\u00e4hlen.<\/p>\n<p><a href=\"https:\/\/www.humanium.org\/en\/fundamental-rights\/health\/\"><strong>Gesundheit<\/strong><\/a><\/p>\n<p>Die am schutzbed\u00fcrftigsten Kinder, haupts\u00e4chlich <a href=\"https:\/\/www.humanium.org\/de\/isolation-und-entwurzelung\/\">Fl\u00fcchtlinge<\/a>, haben am meisten Probleme, medizinische Versorgung zu bekommen. Die Pflege von Kindern, die an psychischen Krankheiten leiden, ist ebenso desolat, weil Strukturen und Leistungen, die an ihre Bed\u00fcrfnisse und an die ihrer Familien angepasst sind, fehlen. Zum Beispiel werden Kinder, die Opfer psychischen Missbrauchs geworden sind, oft wie Erwachsene behandelt, obwohl sie eigentlich eine spezielle Behandlung brauchen w\u00fcrden, die auf ihre Altersgruppe ausgerichtet ist. Infrastruktur und Sozialleistungen, um Waisenkindern in der irischen Gesellschaft zu helfen, fehlen v\u00f6llig.<\/p>\n<p><strong>Jugendliche<\/strong><\/p>\n<p><strong><strong><a href=\"https:\/\/www.humanium.org\/fr\/wp-content\/uploads\/2012\/09\/bunchofpants.jpg\"><img loading=\"lazy\" decoding=\"async\" class=\"alignright\" title=\"Alkohol ist Gift f\u00fcr Jugendliche \u00a9 bunchofpants (Flickr)\" src=\"https:\/\/www.humanium.org\/fr\/wp-content\/uploads\/2012\/09\/bunchofpants-300x225.jpg\" alt=\"\" width=\"192\" height=\"144\" \/><\/a><\/strong><\/strong>Irische Jugendliche konsumieren sehr viel Alkohol und das Fehlen von Aufkl\u00e4rungskampagnen, die die sch\u00e4dliche Wirkung dieser Substanz auf die Gesundheit hervorheben, ist ersch\u00fctternd. Au\u00dferdem ist die Selbstmordrate von Jungen wirklich hoch und scheint mit dem Konsum von Alkohol zusammenzuh\u00e4ngen.<\/p>\n<p>Den Jugendlichen fehlt au\u00dferdem der Sexualkundeunterricht. Dieses Fehlen an Information bleibt nicht ohne Konsequenzen f\u00fcr die Gesundheit. Das Risiko an sexuell \u00fcbertragbaren Krankheiten ist h\u00f6her. Au\u00dferdem sind junge M\u00e4dchen, die sich f\u00fcr einen Schwangerschaftsabbruch entscheiden, aufgrund des Abtreibungsverbotes gezwungen, das Kind im Geheimen und unter gef\u00e4hrlichen Bedingungen abzutreiben.<\/p>\n","protected":false},"excerpt":{"rendered":"<p>Kinder in Irland Die Verwirklichung der Kinderrechte in Irland \u00a0 Im Gro\u00dfen und Ganzen haben Kinder in Irland eine angenehme Lebensqualit\u00e4t. Aber um die Vorgaben des internationalen \u00dcbereinkommens \u00fcber die Rechte des Kindes besser einzuhalten, muss Irland sich st\u00e4rker bem\u00fchen, das scheinbar stimmlose Segment seiner Bev\u00f6lkerung zu sch\u00fctzen. Die Beachtung gewisser Prinzipien wie Nichtdiskriminierung und [&hellip;]<\/p>\n","protected":false},"author":1,"featured_media":0,"parent":0,"menu_order":0,"comment_status":"closed","ping_status":"closed","template":"","meta":{"footnotes":""},"class_list":["post-6669","page","type-page","status-publish","hentry"],"yoast_head":"<!-- This site is optimized with the Yoast SEO plugin v26.5 - https:\/\/yoast.com\/wordpress\/plugins\/seo\/ -->\n<title>Kinder in Irland - Humanium<\/title>\n<meta name=\"description\" content=\"Kinder haben in Irland eine angenehme Lebensqualit\u00e4t. Aber Irland muss sich st\u00e4rker bem\u00fchen, das scheinbar stimmlose Segment seiner Bev\u00f6lkerung zu sch\u00fctzen.\" \/>\n<meta name=\"robots\" content=\"index, follow, max-snippet:-1, max-image-preview:large, max-video-preview:-1\" \/>\n<link rel=\"canonical\" href=\"https:\/\/www.humanium.org\/de\/irland\/\" \/>\n<meta property=\"og:locale\" content=\"de_DE\" \/>\n<meta property=\"og:type\" content=\"article\" \/>\n<meta property=\"og:title\" content=\"Kinder in Irland - Humanium\" \/>\n<meta property=\"og:description\" content=\"Kinder haben in Irland eine angenehme Lebensqualit\u00e4t. Aber Irland muss sich st\u00e4rker bem\u00fchen, das scheinbar stimmlose Segment seiner Bev\u00f6lkerung zu sch\u00fctzen.\" \/>\n<meta property=\"og:url\" content=\"https:\/\/www.humanium.org\/de\/irland\/\" \/>\n<meta property=\"og:site_name\" content=\"Humanium\" \/>\n<meta property=\"article:modified_time\" content=\"2025-12-06T06:25:50+00:00\" \/>\n<meta property=\"og:image\" content=\"https:\/\/www.humanium.org\/fr\/wp-content\/uploads\/2012\/09\/adwritter.jpg\" \/>\n<meta name=\"twitter:card\" content=\"summary_large_image\" \/>\n<meta name=\"twitter:label1\" content=\"Gesch\u00e4tzte Lesezeit\" \/>\n\t<meta name=\"twitter:data1\" content=\"6\u00a0Minuten\" \/>\n<script type=\"application\/ld+json\" class=\"yoast-schema-graph\">{\"@context\":\"https:\/\/schema.org\",\"@graph\":[{\"@type\":\"WebPage\",\"@id\":\"https:\/\/www.humanium.org\/de\/irland\/\",\"url\":\"https:\/\/www.humanium.org\/de\/irland\/\",\"name\":\"Kinder in Irland - Humanium\",\"isPartOf\":{\"@id\":\"https:\/\/www.humanium.org\/de\/#website\"},\"primaryImageOfPage\":{\"@id\":\"https:\/\/www.humanium.org\/de\/irland\/#primaryimage\"},\"image\":{\"@id\":\"https:\/\/www.humanium.org\/de\/irland\/#primaryimage\"},\"thumbnailUrl\":\"https:\/\/www.humanium.org\/fr\/wp-content\/uploads\/2012\/09\/adwritter.jpg\",\"datePublished\":\"2016-06-17T09:30:48+00:00\",\"dateModified\":\"2025-12-06T06:25:50+00:00\",\"description\":\"Kinder haben in Irland eine angenehme Lebensqualit\u00e4t. Aber Irland muss sich st\u00e4rker bem\u00fchen, das scheinbar stimmlose Segment seiner Bev\u00f6lkerung zu sch\u00fctzen.\",\"breadcrumb\":{\"@id\":\"https:\/\/www.humanium.org\/de\/irland\/#breadcrumb\"},\"inLanguage\":\"de\",\"potentialAction\":[{\"@type\":\"ReadAction\",\"target\":[\"https:\/\/www.humanium.org\/de\/irland\/\"]}]},{\"@type\":\"ImageObject\",\"inLanguage\":\"de\",\"@id\":\"https:\/\/www.humanium.org\/de\/irland\/#primaryimage\",\"url\":\"https:\/\/www.humanium.org\/fr\/wp-content\/uploads\/2012\/09\/adwritter.jpg\",\"contentUrl\":\"https:\/\/www.humanium.org\/fr\/wp-content\/uploads\/2012\/09\/adwritter.jpg\"},{\"@type\":\"BreadcrumbList\",\"@id\":\"https:\/\/www.humanium.org\/de\/irland\/#breadcrumb\",\"itemListElement\":[{\"@type\":\"ListItem\",\"position\":1,\"name\":\"Home\",\"item\":\"https:\/\/www.humanium.org\/de\/\"},{\"@type\":\"ListItem\",\"position\":2,\"name\":\"Kinder in Irland\"}]},{\"@type\":\"WebSite\",\"@id\":\"https:\/\/www.humanium.org\/de\/#website\",\"url\":\"https:\/\/www.humanium.org\/de\/\",\"name\":\"Humanium\",\"description\":\"Kinder zuerst!\",\"potentialAction\":[{\"@type\":\"SearchAction\",\"target\":{\"@type\":\"EntryPoint\",\"urlTemplate\":\"https:\/\/www.humanium.org\/de\/?s={search_term_string}\"},\"query-input\":{\"@type\":\"PropertyValueSpecification\",\"valueRequired\":true,\"valueName\":\"search_term_string\"}}],\"inLanguage\":\"de\"}]}<\/script>\n<!-- \/ Yoast SEO plugin. -->","yoast_head_json":{"title":"Kinder in Irland - Humanium","description":"Kinder haben in Irland eine angenehme Lebensqualit\u00e4t. Aber Irland muss sich st\u00e4rker bem\u00fchen, das scheinbar stimmlose Segment seiner Bev\u00f6lkerung zu sch\u00fctzen.","robots":{"index":"index","follow":"follow","max-snippet":"max-snippet:-1","max-image-preview":"max-image-preview:large","max-video-preview":"max-video-preview:-1"},"canonical":"https:\/\/www.humanium.org\/de\/irland\/","og_locale":"de_DE","og_type":"article","og_title":"Kinder in Irland - Humanium","og_description":"Kinder haben in Irland eine angenehme Lebensqualit\u00e4t. Aber Irland muss sich st\u00e4rker bem\u00fchen, das scheinbar stimmlose Segment seiner Bev\u00f6lkerung zu sch\u00fctzen.","og_url":"https:\/\/www.humanium.org\/de\/irland\/","og_site_name":"Humanium","article_modified_time":"2025-12-06T06:25:50+00:00","og_image":[{"url":"https:\/\/www.humanium.org\/fr\/wp-content\/uploads\/2012\/09\/adwritter.jpg","type":"","width":"","height":""}],"twitter_card":"summary_large_image","twitter_misc":{"Gesch\u00e4tzte Lesezeit":"6\u00a0Minuten"},"schema":{"@context":"https:\/\/schema.org","@graph":[{"@type":"WebPage","@id":"https:\/\/www.humanium.org\/de\/irland\/","url":"https:\/\/www.humanium.org\/de\/irland\/","name":"Kinder in Irland - Humanium","isPartOf":{"@id":"https:\/\/www.humanium.org\/de\/#website"},"primaryImageOfPage":{"@id":"https:\/\/www.humanium.org\/de\/irland\/#primaryimage"},"image":{"@id":"https:\/\/www.humanium.org\/de\/irland\/#primaryimage"},"thumbnailUrl":"https:\/\/www.humanium.org\/fr\/wp-content\/uploads\/2012\/09\/adwritter.jpg","datePublished":"2016-06-17T09:30:48+00:00","dateModified":"2025-12-06T06:25:50+00:00","description":"Kinder haben in Irland eine angenehme Lebensqualit\u00e4t. Aber Irland muss sich st\u00e4rker bem\u00fchen, das scheinbar stimmlose Segment seiner Bev\u00f6lkerung zu sch\u00fctzen.","breadcrumb":{"@id":"https:\/\/www.humanium.org\/de\/irland\/#breadcrumb"},"inLanguage":"de","potentialAction":[{"@type":"ReadAction","target":["https:\/\/www.humanium.org\/de\/irland\/"]}]},{"@type":"ImageObject","inLanguage":"de","@id":"https:\/\/www.humanium.org\/de\/irland\/#primaryimage","url":"https:\/\/www.humanium.org\/fr\/wp-content\/uploads\/2012\/09\/adwritter.jpg","contentUrl":"https:\/\/www.humanium.org\/fr\/wp-content\/uploads\/2012\/09\/adwritter.jpg"},{"@type":"BreadcrumbList","@id":"https:\/\/www.humanium.org\/de\/irland\/#breadcrumb","itemListElement":[{"@type":"ListItem","position":1,"name":"Home","item":"https:\/\/www.humanium.org\/de\/"},{"@type":"ListItem","position":2,"name":"Kinder in Irland"}]},{"@type":"WebSite","@id":"https:\/\/www.humanium.org\/de\/#website","url":"https:\/\/www.humanium.org\/de\/","name":"Humanium","description":"Kinder zuerst!","potentialAction":[{"@type":"SearchAction","target":{"@type":"EntryPoint","urlTemplate":"https:\/\/www.humanium.org\/de\/?s={search_term_string}"},"query-input":{"@type":"PropertyValueSpecification","valueRequired":true,"valueName":"search_term_string"}}],"inLanguage":"de"}]}},"_links":{"self":[{"href":"https:\/\/www.humanium.org\/de\/wp-json\/wp\/v2\/pages\/6669","targetHints":{"allow":["GET"]}}],"collection":[{"href":"https:\/\/www.humanium.org\/de\/wp-json\/wp\/v2\/pages"}],"about":[{"href":"https:\/\/www.humanium.org\/de\/wp-json\/wp\/v2\/types\/page"}],"author":[{"embeddable":true,"href":"https:\/\/www.humanium.org\/de\/wp-json\/wp\/v2\/users\/1"}],"replies":[{"embeddable":true,"href":"https:\/\/www.humanium.org\/de\/wp-json\/wp\/v2\/comments?post=6669"}],"version-history":[{"count":4,"href":"https:\/\/www.humanium.org\/de\/wp-json\/wp\/v2\/pages\/6669\/revisions"}],"predecessor-version":[{"id":20810,"href":"https:\/\/www.humanium.org\/de\/wp-json\/wp\/v2\/pages\/6669\/revisions\/20810"}],"wp:attachment":[{"href":"https:\/\/www.humanium.org\/de\/wp-json\/wp\/v2\/media?parent=6669"}],"curies":[{"name":"wp","href":"https:\/\/api.w.org\/{rel}","templated":true}]}}