{"id":6685,"date":"2016-06-20T09:16:43","date_gmt":"2016-06-20T09:16:43","guid":{"rendered":"http:\/\/www.humanium.org\/de\/?page_id=6685"},"modified":"2025-12-05T16:51:38","modified_gmt":"2025-12-05T16:51:38","slug":"die-kinder-von-mikronesien","status":"publish","type":"page","link":"https:\/\/www.humanium.org\/de\/die-kinder-von-mikronesien\/","title":{"rendered":"Die Kinder von Mikronesien"},"content":{"rendered":"<h1>Die Kinder von Mikronesien<\/h1>\n<h2>Der Kampf um Kinderrechte in Mikronesien<\/h2>\n<p style=\"text-align: center;\"><img loading=\"lazy\" decoding=\"async\" class=\"alignnone size-full wp-image-15823\" src=\"https:\/\/www.humanium.org\/de\/wp-content\/uploads\/2022\/06\/Untitled-200-\u00d7-200-px.png\" alt=\"\" width=\"200\" height=\"200\" srcset=\"https:\/\/www.humanium.org\/de\/wp-content\/uploads\/2022\/06\/Untitled-200-\u00d7-200-px.png 200w, https:\/\/www.humanium.org\/de\/wp-content\/uploads\/2022\/06\/Untitled-200-\u00d7-200-px-150x150.png 150w\" sizes=\"auto, (max-width: 200px) 100vw, 200px\" \/> <img loading=\"lazy\" decoding=\"async\" class=\"alignnone size-full wp-image-15824\" src=\"https:\/\/www.humanium.org\/de\/wp-content\/uploads\/2022\/06\/Untitled-200-\u00d7-200-px-1.png\" alt=\"\" width=\"200\" height=\"200\" srcset=\"https:\/\/www.humanium.org\/de\/wp-content\/uploads\/2022\/06\/Untitled-200-\u00d7-200-px-1.png 200w, https:\/\/www.humanium.org\/de\/wp-content\/uploads\/2022\/06\/Untitled-200-\u00d7-200-px-1-150x150.png 150w\" sizes=\"auto, (max-width: 200px) 100vw, 200px\" \/><\/p>\n<p>Die F\u00f6derierten Staaten von Mikronesien (Yap, Chuuk, Pohnpei und Kosrae) stehen vielen sozialen Herausforderungen gegen\u00fcber. Die Verteilung der Bev\u00f6lkerung auf eine Vielzahl kleiner Inseln mit einer Gesamtfl\u00e4che von etwa 1.600.000 km\u00b2 erschwert dem Staat die Bereitstellung eines effektiven Gesundheits- und Bildungssystems. Trotz Bem\u00fchungen von beh\u00f6rdlicher Seite die Situation vor allem f\u00fcr die Kinder zu verbessern, werden Kinderrechte weiterhin offenkundig missachtet.<\/p>\n<h3>Hauptprobleme der Kinder in Mikronesien:<\/h3>\n<p><strong>Bildung<\/strong><\/p>\n<p><img loading=\"lazy\" decoding=\"async\" class=\"size-medium wp-image-15828 alignright\" src=\"https:\/\/www.humanium.org\/de\/wp-content\/uploads\/2022\/06\/shutterstock_1363415453-300x225.jpg\" alt=\"\" width=\"300\" height=\"225\" srcset=\"https:\/\/www.humanium.org\/de\/wp-content\/uploads\/2022\/06\/shutterstock_1363415453-300x225.jpg 300w, https:\/\/www.humanium.org\/de\/wp-content\/uploads\/2022\/06\/shutterstock_1363415453-1024x768.jpg 1024w, https:\/\/www.humanium.org\/de\/wp-content\/uploads\/2022\/06\/shutterstock_1363415453-768x576.jpg 768w, https:\/\/www.humanium.org\/de\/wp-content\/uploads\/2022\/06\/shutterstock_1363415453-1536x1152.jpg 1536w, https:\/\/www.humanium.org\/de\/wp-content\/uploads\/2022\/06\/shutterstock_1363415453-2048x1536.jpg 2048w, https:\/\/www.humanium.org\/de\/wp-content\/uploads\/2022\/06\/shutterstock_1363415453-830x623.jpg 830w, https:\/\/www.humanium.org\/de\/wp-content\/uploads\/2022\/06\/shutterstock_1363415453-230x173.jpg 230w, https:\/\/www.humanium.org\/de\/wp-content\/uploads\/2022\/06\/shutterstock_1363415453-350x263.jpg 350w, https:\/\/www.humanium.org\/de\/wp-content\/uploads\/2022\/06\/shutterstock_1363415453-480x360.jpg 480w\" sizes=\"auto, (max-width: 300px) 100vw, 300px\" \/><\/p>\n<p>In Mikronesien besteht eine Schulpflicht f\u00fcr Kinder ab 6 Jahren, jedoch haben nicht alle Kinder die Chance auf eine Schulbildung und das Bildungssystem Mikronesiens leidet unter einem erheblichen Mangel an qualifizierten Lehrkr\u00e4ften. Dem Gesetz zufolge d\u00fcrfen Sch\u00fcler und Sch\u00fclerinnen au\u00dferdem bereits mit 14 Jahren oder nach Abschluss der 8. Klasse die Schule verlassen.<\/p>\n<p><a href=\"https:\/\/www.humanium.org\/en\/violence\/\"><strong>Missbrauch<\/strong><\/a><\/p>\n<p><em>H\u00e4usliche Gewalt<\/em><\/p>\n<p>Trotz eines Verbotes von Kindesmissbrauch in Mikronesien, gestattet das Grundgesetz Eltern die \u201eBestrafung\u201c ihrer Kinder. H\u00e4usliche Gewalt ist daher weit verbreitet und nur wenige F\u00e4lle werden den Beh\u00f6rden gemeldet.<\/p>\n<p><em>Sexueller Missbrauch<\/em><\/p>\n<p>In Mikronesien werden F\u00e4lle sexueller Gewalt gegen Kinder nur selten gemeldet und bleiben so weitgehend unbeachtet. Sexuelle Gewalt ist mit einem Stigma behaftet und wird vor allem innerhalb der Familie totgeschwiegen, da die Ehre der Familie oder sogar der Gemeinde in diesen F\u00e4llen \u00fcber das Recht des Kindes gestellt wird.<\/p>\n<p><a href=\"https:\/\/www.humanium.org\/en\/child-labour\/\"><strong>Kinderarbeit<\/strong><\/a><\/p>\n<p>In Mikronesien existieren keine Rechtsvorschriften, die ein Mindestalter f\u00fcr berufliche T\u00e4tigkeit angeben. Dementsprechend gehen sehr viele Kinder einer Besch\u00e4ftigung nach. Aufzeichnungen aus dem Jahr 2000 zeigen, dass rund 3.000 Kinder zu diesem Zeitpunkt arbeiteten, indem sie vorrangig ihre Familien in der Landwirtschaft unterst\u00fctzten.<\/p>\n<p><strong>Rechtliche H\u00fcrden beim <a href=\"https:\/\/www.humanium.org\/en\/fundamental-rights\/protection\/\">Schutz<\/a> der Menschenrechte<\/strong><\/p>\n<p><img loading=\"lazy\" decoding=\"async\" class=\"size-medium wp-image-15827 alignright\" src=\"https:\/\/www.humanium.org\/de\/wp-content\/uploads\/2022\/06\/shutterstock_1966443634-300x200.jpg\" alt=\"\" width=\"300\" height=\"200\" srcset=\"https:\/\/www.humanium.org\/de\/wp-content\/uploads\/2022\/06\/shutterstock_1966443634-300x200.jpg 300w, https:\/\/www.humanium.org\/de\/wp-content\/uploads\/2022\/06\/shutterstock_1966443634-1024x683.jpg 1024w, https:\/\/www.humanium.org\/de\/wp-content\/uploads\/2022\/06\/shutterstock_1966443634-768x512.jpg 768w, https:\/\/www.humanium.org\/de\/wp-content\/uploads\/2022\/06\/shutterstock_1966443634-1536x1024.jpg 1536w, https:\/\/www.humanium.org\/de\/wp-content\/uploads\/2022\/06\/shutterstock_1966443634-2048x1365.jpg 2048w, https:\/\/www.humanium.org\/de\/wp-content\/uploads\/2022\/06\/shutterstock_1966443634-830x553.jpg 830w, https:\/\/www.humanium.org\/de\/wp-content\/uploads\/2022\/06\/shutterstock_1966443634-230x153.jpg 230w, https:\/\/www.humanium.org\/de\/wp-content\/uploads\/2022\/06\/shutterstock_1966443634-350x233.jpg 350w, https:\/\/www.humanium.org\/de\/wp-content\/uploads\/2022\/06\/shutterstock_1966443634-480x320.jpg 480w, https:\/\/www.humanium.org\/de\/wp-content\/uploads\/2022\/06\/shutterstock_1966443634-272x182.jpg 272w\" sizes=\"auto, (max-width: 300px) 100vw, 300px\" \/><\/p>\n<p>Mikronesien hat einige internationale Konventionen zur F\u00f6rderung und zum Schutz der Menschenrechte bisher nicht ratifiziert. Besonders zu erw\u00e4hnen sind hier der Internationale Pakt \u00fcber B\u00fcrgerliche und Politische Rechte sowie der Internationale Pakt \u00fcber Wirtschaftliche, Soziale und Kulturelle Rechte.<\/p>\n<p>Weiterhin ist Mikronesien bisher dem \u00dcbereinkommen zur Beseitigung jeder Form von Diskriminierung von Frauen und dem \u00dcbereinkommen \u00fcber die Zivilrechtlichen Aspekte Internationaler Kindesentf\u00fchrung nicht beigetreten. Nicht zuletzt fehlt au\u00dferdem die Ratifizierung der UN-Kinderrechtskonvention.<\/p>\n<p><strong>Umwelt<\/strong><\/p>\n<p><img loading=\"lazy\" decoding=\"async\" class=\"size-medium wp-image-15826 alignright\" src=\"https:\/\/www.humanium.org\/de\/wp-content\/uploads\/2022\/06\/shutterstock_1363311296-300x225.jpg\" alt=\"\" width=\"300\" height=\"225\" srcset=\"https:\/\/www.humanium.org\/de\/wp-content\/uploads\/2022\/06\/shutterstock_1363311296-300x225.jpg 300w, https:\/\/www.humanium.org\/de\/wp-content\/uploads\/2022\/06\/shutterstock_1363311296-1024x768.jpg 1024w, https:\/\/www.humanium.org\/de\/wp-content\/uploads\/2022\/06\/shutterstock_1363311296-768x576.jpg 768w, https:\/\/www.humanium.org\/de\/wp-content\/uploads\/2022\/06\/shutterstock_1363311296-1536x1152.jpg 1536w, https:\/\/www.humanium.org\/de\/wp-content\/uploads\/2022\/06\/shutterstock_1363311296-2048x1536.jpg 2048w, https:\/\/www.humanium.org\/de\/wp-content\/uploads\/2022\/06\/shutterstock_1363311296-830x623.jpg 830w, https:\/\/www.humanium.org\/de\/wp-content\/uploads\/2022\/06\/shutterstock_1363311296-230x173.jpg 230w, https:\/\/www.humanium.org\/de\/wp-content\/uploads\/2022\/06\/shutterstock_1363311296-350x263.jpg 350w, https:\/\/www.humanium.org\/de\/wp-content\/uploads\/2022\/06\/shutterstock_1363311296-480x360.jpg 480w\" sizes=\"auto, (max-width: 300px) 100vw, 300px\" \/><\/p>\n<p>Als pazifische Inselgruppe ist Mikronesien unmittelbar von den Folgen globaler Erw\u00e4rmung betroffen. Der steigende Meeresspiegel, Flutwellen und Erdbeben sind nur einige der Probleme mit denen die Inselbewohner zu k\u00e4mpfen haben \u2012 die Zukunft der kommenden Generationen ist daher zunehmend ungewiss. Emanuel Mori, der ehemalige Pr\u00e4sident der F\u00f6derierten Staaten von Mikronesien, wies die internationale Gemeinschaft wiederholt darauf hin, dass \u201edas Land [\u2026] im Meer zu versinken [drohe], wenn nichts gegen den Vormarsch der globalen Erw\u00e4rmung unternommen w\u00fcrde\u201c.<\/p>\n","protected":false},"excerpt":{"rendered":"<p>Die Kinder von Mikronesien Der Kampf um Kinderrechte in Mikronesien Die F\u00f6derierten Staaten von Mikronesien (Yap, Chuuk, Pohnpei und Kosrae) stehen vielen sozialen Herausforderungen gegen\u00fcber. Die Verteilung der Bev\u00f6lkerung auf eine Vielzahl kleiner Inseln mit einer Gesamtfl\u00e4che von etwa 1.600.000 km\u00b2 erschwert dem Staat die Bereitstellung eines effektiven Gesundheits- und Bildungssystems. Trotz Bem\u00fchungen von beh\u00f6rdlicher [&hellip;]<\/p>\n","protected":false},"author":1,"featured_media":0,"parent":0,"menu_order":0,"comment_status":"closed","ping_status":"closed","template":"","meta":{"footnotes":""},"class_list":["post-6685","page","type-page","status-publish","hentry"],"yoast_head":"<!-- This site is optimized with the Yoast SEO plugin v26.5 - https:\/\/yoast.com\/wordpress\/plugins\/seo\/ -->\n<title>Die Kinder von Mikronesien - Humanium<\/title>\n<meta name=\"description\" content=\"Trotz Bem\u00fchungen von beh\u00f6rdlicher Seite die Situation f\u00fcr die Kinder zu verbessern, werden Kinderrechte in Mikronesien weiterhin offenkundig missachtet.\" \/>\n<meta name=\"robots\" content=\"index, follow, max-snippet:-1, max-image-preview:large, max-video-preview:-1\" \/>\n<link rel=\"canonical\" href=\"https:\/\/www.humanium.org\/de\/die-kinder-von-mikronesien\/\" \/>\n<meta property=\"og:locale\" content=\"de_DE\" \/>\n<meta property=\"og:type\" content=\"article\" \/>\n<meta property=\"og:title\" content=\"Die Kinder von Mikronesien - Humanium\" \/>\n<meta property=\"og:description\" content=\"Trotz Bem\u00fchungen von beh\u00f6rdlicher Seite die Situation f\u00fcr die Kinder zu verbessern, werden Kinderrechte in Mikronesien weiterhin offenkundig missachtet.\" \/>\n<meta property=\"og:url\" content=\"https:\/\/www.humanium.org\/de\/die-kinder-von-mikronesien\/\" \/>\n<meta property=\"og:site_name\" content=\"Humanium\" \/>\n<meta property=\"article:modified_time\" content=\"2025-12-05T16:51:38+00:00\" \/>\n<meta property=\"og:image\" content=\"https:\/\/www.humanium.org\/de\/wp-content\/uploads\/2022\/06\/shutterstock_1363415453-300x225.jpg\" \/>\n<meta name=\"twitter:card\" content=\"summary_large_image\" \/>\n<meta name=\"twitter:label1\" content=\"Gesch\u00e4tzte Lesezeit\" \/>\n\t<meta name=\"twitter:data1\" content=\"4\u00a0Minuten\" \/>\n<script type=\"application\/ld+json\" class=\"yoast-schema-graph\">{\"@context\":\"https:\/\/schema.org\",\"@graph\":[{\"@type\":\"WebPage\",\"@id\":\"https:\/\/www.humanium.org\/de\/die-kinder-von-mikronesien\/\",\"url\":\"https:\/\/www.humanium.org\/de\/die-kinder-von-mikronesien\/\",\"name\":\"Die Kinder von Mikronesien - Humanium\",\"isPartOf\":{\"@id\":\"https:\/\/www.humanium.org\/de\/#website\"},\"primaryImageOfPage\":{\"@id\":\"https:\/\/www.humanium.org\/de\/die-kinder-von-mikronesien\/#primaryimage\"},\"image\":{\"@id\":\"https:\/\/www.humanium.org\/de\/die-kinder-von-mikronesien\/#primaryimage\"},\"thumbnailUrl\":\"https:\/\/www.humanium.org\/de\/wp-content\/uploads\/2022\/06\/shutterstock_1363415453-300x225.jpg\",\"datePublished\":\"2016-06-20T09:16:43+00:00\",\"dateModified\":\"2025-12-05T16:51:38+00:00\",\"description\":\"Trotz Bem\u00fchungen von beh\u00f6rdlicher Seite die Situation f\u00fcr die Kinder zu verbessern, werden Kinderrechte in Mikronesien weiterhin offenkundig missachtet.\",\"breadcrumb\":{\"@id\":\"https:\/\/www.humanium.org\/de\/die-kinder-von-mikronesien\/#breadcrumb\"},\"inLanguage\":\"de\",\"potentialAction\":[{\"@type\":\"ReadAction\",\"target\":[\"https:\/\/www.humanium.org\/de\/die-kinder-von-mikronesien\/\"]}]},{\"@type\":\"ImageObject\",\"inLanguage\":\"de\",\"@id\":\"https:\/\/www.humanium.org\/de\/die-kinder-von-mikronesien\/#primaryimage\",\"url\":\"https:\/\/www.humanium.org\/de\/wp-content\/uploads\/2022\/06\/shutterstock_1363415453-scaled.jpg\",\"contentUrl\":\"https:\/\/www.humanium.org\/de\/wp-content\/uploads\/2022\/06\/shutterstock_1363415453-scaled.jpg\",\"width\":2560,\"height\":1920},{\"@type\":\"BreadcrumbList\",\"@id\":\"https:\/\/www.humanium.org\/de\/die-kinder-von-mikronesien\/#breadcrumb\",\"itemListElement\":[{\"@type\":\"ListItem\",\"position\":1,\"name\":\"Home\",\"item\":\"https:\/\/www.humanium.org\/de\/\"},{\"@type\":\"ListItem\",\"position\":2,\"name\":\"Die Kinder von Mikronesien\"}]},{\"@type\":\"WebSite\",\"@id\":\"https:\/\/www.humanium.org\/de\/#website\",\"url\":\"https:\/\/www.humanium.org\/de\/\",\"name\":\"Humanium\",\"description\":\"Kinder zuerst!\",\"potentialAction\":[{\"@type\":\"SearchAction\",\"target\":{\"@type\":\"EntryPoint\",\"urlTemplate\":\"https:\/\/www.humanium.org\/de\/?s={search_term_string}\"},\"query-input\":{\"@type\":\"PropertyValueSpecification\",\"valueRequired\":true,\"valueName\":\"search_term_string\"}}],\"inLanguage\":\"de\"}]}<\/script>\n<!-- \/ Yoast SEO plugin. -->","yoast_head_json":{"title":"Die Kinder von Mikronesien - Humanium","description":"Trotz Bem\u00fchungen von beh\u00f6rdlicher Seite die Situation f\u00fcr die Kinder zu verbessern, werden Kinderrechte in Mikronesien weiterhin offenkundig missachtet.","robots":{"index":"index","follow":"follow","max-snippet":"max-snippet:-1","max-image-preview":"max-image-preview:large","max-video-preview":"max-video-preview:-1"},"canonical":"https:\/\/www.humanium.org\/de\/die-kinder-von-mikronesien\/","og_locale":"de_DE","og_type":"article","og_title":"Die Kinder von Mikronesien - Humanium","og_description":"Trotz Bem\u00fchungen von beh\u00f6rdlicher Seite die Situation f\u00fcr die Kinder zu verbessern, werden Kinderrechte in Mikronesien weiterhin offenkundig missachtet.","og_url":"https:\/\/www.humanium.org\/de\/die-kinder-von-mikronesien\/","og_site_name":"Humanium","article_modified_time":"2025-12-05T16:51:38+00:00","og_image":[{"url":"https:\/\/www.humanium.org\/de\/wp-content\/uploads\/2022\/06\/shutterstock_1363415453-300x225.jpg","type":"","width":"","height":""}],"twitter_card":"summary_large_image","twitter_misc":{"Gesch\u00e4tzte Lesezeit":"4\u00a0Minuten"},"schema":{"@context":"https:\/\/schema.org","@graph":[{"@type":"WebPage","@id":"https:\/\/www.humanium.org\/de\/die-kinder-von-mikronesien\/","url":"https:\/\/www.humanium.org\/de\/die-kinder-von-mikronesien\/","name":"Die Kinder von Mikronesien - Humanium","isPartOf":{"@id":"https:\/\/www.humanium.org\/de\/#website"},"primaryImageOfPage":{"@id":"https:\/\/www.humanium.org\/de\/die-kinder-von-mikronesien\/#primaryimage"},"image":{"@id":"https:\/\/www.humanium.org\/de\/die-kinder-von-mikronesien\/#primaryimage"},"thumbnailUrl":"https:\/\/www.humanium.org\/de\/wp-content\/uploads\/2022\/06\/shutterstock_1363415453-300x225.jpg","datePublished":"2016-06-20T09:16:43+00:00","dateModified":"2025-12-05T16:51:38+00:00","description":"Trotz Bem\u00fchungen von beh\u00f6rdlicher Seite die Situation f\u00fcr die Kinder zu verbessern, werden Kinderrechte in Mikronesien weiterhin offenkundig missachtet.","breadcrumb":{"@id":"https:\/\/www.humanium.org\/de\/die-kinder-von-mikronesien\/#breadcrumb"},"inLanguage":"de","potentialAction":[{"@type":"ReadAction","target":["https:\/\/www.humanium.org\/de\/die-kinder-von-mikronesien\/"]}]},{"@type":"ImageObject","inLanguage":"de","@id":"https:\/\/www.humanium.org\/de\/die-kinder-von-mikronesien\/#primaryimage","url":"https:\/\/www.humanium.org\/de\/wp-content\/uploads\/2022\/06\/shutterstock_1363415453-scaled.jpg","contentUrl":"https:\/\/www.humanium.org\/de\/wp-content\/uploads\/2022\/06\/shutterstock_1363415453-scaled.jpg","width":2560,"height":1920},{"@type":"BreadcrumbList","@id":"https:\/\/www.humanium.org\/de\/die-kinder-von-mikronesien\/#breadcrumb","itemListElement":[{"@type":"ListItem","position":1,"name":"Home","item":"https:\/\/www.humanium.org\/de\/"},{"@type":"ListItem","position":2,"name":"Die Kinder von Mikronesien"}]},{"@type":"WebSite","@id":"https:\/\/www.humanium.org\/de\/#website","url":"https:\/\/www.humanium.org\/de\/","name":"Humanium","description":"Kinder zuerst!","potentialAction":[{"@type":"SearchAction","target":{"@type":"EntryPoint","urlTemplate":"https:\/\/www.humanium.org\/de\/?s={search_term_string}"},"query-input":{"@type":"PropertyValueSpecification","valueRequired":true,"valueName":"search_term_string"}}],"inLanguage":"de"}]}},"_links":{"self":[{"href":"https:\/\/www.humanium.org\/de\/wp-json\/wp\/v2\/pages\/6685","targetHints":{"allow":["GET"]}}],"collection":[{"href":"https:\/\/www.humanium.org\/de\/wp-json\/wp\/v2\/pages"}],"about":[{"href":"https:\/\/www.humanium.org\/de\/wp-json\/wp\/v2\/types\/page"}],"author":[{"embeddable":true,"href":"https:\/\/www.humanium.org\/de\/wp-json\/wp\/v2\/users\/1"}],"replies":[{"embeddable":true,"href":"https:\/\/www.humanium.org\/de\/wp-json\/wp\/v2\/comments?post=6685"}],"version-history":[{"count":5,"href":"https:\/\/www.humanium.org\/de\/wp-json\/wp\/v2\/pages\/6685\/revisions"}],"predecessor-version":[{"id":20094,"href":"https:\/\/www.humanium.org\/de\/wp-json\/wp\/v2\/pages\/6685\/revisions\/20094"}],"wp:attachment":[{"href":"https:\/\/www.humanium.org\/de\/wp-json\/wp\/v2\/media?parent=6685"}],"curies":[{"name":"wp","href":"https:\/\/api.w.org\/{rel}","templated":true}]}}