{"id":6697,"date":"2016-06-27T15:53:50","date_gmt":"2016-06-27T15:53:50","guid":{"rendered":"http:\/\/www.humanium.org\/de\/?page_id=6697"},"modified":"2025-12-06T06:26:00","modified_gmt":"2025-12-06T06:26:00","slug":"litauen","status":"publish","type":"page","link":"https:\/\/www.humanium.org\/de\/litauen\/","title":{"rendered":"Die Kinder Litauens"},"content":{"rendered":"<h1>Kinder in Litauen<\/h1>\n<h2>Die Verwirklichung der Kinderrechte in Litauen<\/h2>\n<p>Seit der Unabh\u00e4ngigkeit ist das Kindeswohl eines der Hauptziele Litauens. Dadurch ist die heutige Situation im Allgemeinen gut, obwohl bestimmte Rechte nur teilweise gew\u00e4hrleistet sind.<\/p>\n<h3>Die Hauptprobleme, denen Kinder in Litauen begegnen:<\/h3>\n<p><strong><a href=\"https:\/\/www.humanium.org\/de\/armut\/\">Armut<\/a><\/strong><\/p>\n<p>Laut den offiziellen Zahlen ist Armut kein gro\u00dfes Problem in Litauen. Allerdings muss die unterste soziale Schicht f\u00fcr einen h\u00f6heren Lebensstandard zahlreiche Kompromisse eingehen. Durch diese Kompromisse ist die Situation einiger Kinder stark beeintr\u00e4chtigt.<\/p>\n<p>Das Recht eines Kindes, in einem gesunden und stabilen famili\u00e4ren Umfeld zu leben, wird dadurch zum Teil vernachl\u00e4ssigt: Beide Elternteile arbeiten weiterhin hart und haben wenig Zeit f\u00fcr ihre Kinder. Die Zahl der berufst\u00e4tigen Frauen mit Kindern unter sechs Jahren ist sehr viel h\u00f6her als im europ\u00e4ischen Durchschnitt.<\/p>\n<p>Doch litauische Kinder begegnen auch Problemen, die durch Armut entstehen: Im Jahr 2008 stieg die Armutsquote bei Kindern auf 22,8 % und war bei Alleinerziehenden und Gro\u00dffamilien sogar noch h\u00f6her. Eine gr\u00f6\u00dfere Unterst\u00fctzung dieser Familien hat in Litauen keine Priorit\u00e4t. Dadurch werden, wenn Litauen finanzielle Schwierigkeiten erlebt, Unterst\u00fctzungen f\u00fcr Familien wie etwa Familienzusch\u00fcsse verringert: Im Jahr 2010 zum Beispiel wurden Familienzulagen wegen der Finanzkrise um 10 % gesenkt.<\/p>\n<p>Die finanzielle Belastung durch ein Kind ist in Litauen so hoch, dass sie viele Frauen abschreckt, so dass die Geburtenrate des Landes ausgesprochen niedrig ist (im Durchschnitt 1,47 Kinder pro Frau).<\/p>\n<p><strong><a href=\"https:\/\/www.humanium.org\/de\/recht-bildung\/\">Das Recht auf Bildung<\/a><\/strong><\/p>\n<p>Mit etwa 8 % aller Kinder ohne Schulbildung ist das Kinderrecht auf Bildung in Litauen nicht vollst\u00e4ndig gew\u00e4hrleistet. Dieses Problem betrifft vor allem junge M\u00e4dchen.<\/p>\n<p>Es muss jedoch festgehalten werden, dass Litauen seit seiner Unabh\u00e4ngigkeit gro\u00dfe Fortschritte bei der Bildung erzielt hat. Tats\u00e4chlich haben die baltischen Staaten Bildung an die Spitze ihrer Reformen und Bem\u00fchungen um Fortschritt gestellt. Die Ergebnisse dieser Politik zeigen sich an grundlegenden und gut publizierten Verbesserungen des Zugangs der Kinder zu Bildung.<\/p>\n<p><strong><a href=\"https:\/\/www.humanium.org\/de\/das-recht-auf-schutz\/\">Schutzanspruch<\/a><\/strong><\/p>\n<p>Kinder sollten sowohl innerhalb als auch au\u00dferhalb ihres famili\u00e4ren Umfeldes Schutz finden. In Litauen wird der Schutzanspruch von Kindern missachtet, da es an Pr\u00e4vention und Fachkenntnissen \u00fcber Notf\u00e4lle bei Kindern und \u00fcber Rettungsma\u00dfnahmen mangelt.<\/p>\n<p>Au\u00dferdem hat Litauen eine relative hohe verletzungsbedingte Todesrate (Verbrennungen, Vergiftungen, Ertrinken, Autounf\u00e4lle usw.). Daher muss das Land Fortschritte in der Pr\u00e4vention und Sicherheit von Kindern erzielen, um das Recht auf Schutz f\u00fcr Kinder vollst\u00e4ndig zu gew\u00e4hrleisten.<\/p>\n<p><strong><a href=\"https:\/\/www.humanium.org\/de\/kinder-mit-behinderung\/\">Kinder mit Behinderung<\/a><\/strong><\/p>\n<p>Die Akzeptanz und Integration behinderter Kinder war in den L\u00e4ndern der ehemaligen Sowjetunion nur schwer zu erreichen. Bis heute erhalten behinderte Kinder in Litauen nicht all die Unterst\u00fctzungen, die sie brauchen.<\/p>\n<p>Vor allem die Anlaufstellen f\u00fcr junge Menschen, die an psychischen St\u00f6rungen leiden, sind veraltet. Es mangelt an qualifizierten Arbeitskr\u00e4ften und die Geb\u00e4ude sind sehr alt.<\/p>\n<p>Au\u00dferdem werden behinderte Menschen nicht als die angesehen, die sie sind, sondern stattdessen als Belastung f\u00fcr ihre Familien. Deshalb sieht das litauische Recht keine Vorkehrungen f\u00fcr die soziale Integration dieser Menschen vor und sie sind dazu verurteilt, isoliert und in den Augen der Gesellschaft unsichtbar zu bleiben. In diesem Punkt muss sich die Mentalit\u00e4t der Menschen in Litauen ver\u00e4ndern. Sie m\u00fcssen akzeptieren, dass behinderte Menschen ein integraler Bestandteil der Gesellschaft sind und als solcher das Recht haben, darin eine Rolle zu spielen.<\/p>\n<p><strong><a href=\"https:\/\/www.humanium.org\/de\/die-sexuelle-ausbeutung-von-kindern\/\">Sexuelle Ausbeutung<\/a><\/strong><\/p>\n<p>Leider sind die L\u00e4nder Osteuropas f\u00fcr einen leichten Zugang zur Prostitution bekannt. Obwohl eine solide und strenge Gesetzgebung existiert, ist Litauen weiterhin ein Brennpunkt f\u00fcr den Sextourismus.<\/p>\n<p>Viele Kinder sind in diesen Netzwerken t\u00e4tig, so dass in Litauen mehr als 20 % der Prostituierten minderj\u00e4hrig sind \u2013 manche nicht \u00e4lter als 11 Jahre. Andere Kinder werden sogar f\u00fcr die Herstellung pornografischer Videos missbraucht.<\/p>\n","protected":false},"excerpt":{"rendered":"<p>Kinder in Litauen Die Verwirklichung der Kinderrechte in Litauen Seit der Unabh\u00e4ngigkeit ist das Kindeswohl eines der Hauptziele Litauens. Dadurch ist die heutige Situation im Allgemeinen gut, obwohl bestimmte Rechte nur teilweise gew\u00e4hrleistet sind. Die Hauptprobleme, denen Kinder in Litauen begegnen: Armut Laut den offiziellen Zahlen ist Armut kein gro\u00dfes Problem in Litauen. Allerdings muss [&hellip;]<\/p>\n","protected":false},"author":1,"featured_media":0,"parent":0,"menu_order":0,"comment_status":"closed","ping_status":"closed","template":"","meta":{"footnotes":""},"class_list":["post-6697","page","type-page","status-publish","hentry"],"yoast_head":"<!-- This site is optimized with the Yoast SEO plugin v26.5 - https:\/\/yoast.com\/wordpress\/plugins\/seo\/ -->\n<title>Die Kinder Litauens - Humanium<\/title>\n<meta name=\"description\" content=\"Seit der Unabh\u00e4ngigkeit ist das Kindeswohl eines der Hauptziele Litauens. Die Situation ist gut, obwohl bestimmte Rechte nur teilweise gew\u00e4hrleistet sind.\" \/>\n<meta name=\"robots\" content=\"index, follow, max-snippet:-1, max-image-preview:large, max-video-preview:-1\" \/>\n<link rel=\"canonical\" href=\"https:\/\/www.humanium.org\/de\/litauen\/\" \/>\n<meta property=\"og:locale\" content=\"de_DE\" \/>\n<meta property=\"og:type\" content=\"article\" \/>\n<meta property=\"og:title\" content=\"Die Kinder Litauens - Humanium\" \/>\n<meta property=\"og:description\" content=\"Seit der Unabh\u00e4ngigkeit ist das Kindeswohl eines der Hauptziele Litauens. Die Situation ist gut, obwohl bestimmte Rechte nur teilweise gew\u00e4hrleistet sind.\" \/>\n<meta property=\"og:url\" content=\"https:\/\/www.humanium.org\/de\/litauen\/\" \/>\n<meta property=\"og:site_name\" content=\"Humanium\" \/>\n<meta property=\"article:modified_time\" content=\"2025-12-06T06:26:00+00:00\" \/>\n<meta name=\"twitter:card\" content=\"summary_large_image\" \/>\n<meta name=\"twitter:label1\" content=\"Gesch\u00e4tzte Lesezeit\" \/>\n\t<meta name=\"twitter:data1\" content=\"4\u00a0Minuten\" \/>\n<script type=\"application\/ld+json\" class=\"yoast-schema-graph\">{\"@context\":\"https:\/\/schema.org\",\"@graph\":[{\"@type\":\"WebPage\",\"@id\":\"https:\/\/www.humanium.org\/de\/litauen\/\",\"url\":\"https:\/\/www.humanium.org\/de\/litauen\/\",\"name\":\"Die Kinder Litauens - Humanium\",\"isPartOf\":{\"@id\":\"https:\/\/www.humanium.org\/de\/#website\"},\"datePublished\":\"2016-06-27T15:53:50+00:00\",\"dateModified\":\"2025-12-06T06:26:00+00:00\",\"description\":\"Seit der Unabh\u00e4ngigkeit ist das Kindeswohl eines der Hauptziele Litauens. Die Situation ist gut, obwohl bestimmte Rechte nur teilweise gew\u00e4hrleistet sind.\",\"breadcrumb\":{\"@id\":\"https:\/\/www.humanium.org\/de\/litauen\/#breadcrumb\"},\"inLanguage\":\"de\",\"potentialAction\":[{\"@type\":\"ReadAction\",\"target\":[\"https:\/\/www.humanium.org\/de\/litauen\/\"]}]},{\"@type\":\"BreadcrumbList\",\"@id\":\"https:\/\/www.humanium.org\/de\/litauen\/#breadcrumb\",\"itemListElement\":[{\"@type\":\"ListItem\",\"position\":1,\"name\":\"Home\",\"item\":\"https:\/\/www.humanium.org\/de\/\"},{\"@type\":\"ListItem\",\"position\":2,\"name\":\"Die Kinder Litauens\"}]},{\"@type\":\"WebSite\",\"@id\":\"https:\/\/www.humanium.org\/de\/#website\",\"url\":\"https:\/\/www.humanium.org\/de\/\",\"name\":\"Humanium\",\"description\":\"Kinder zuerst!\",\"potentialAction\":[{\"@type\":\"SearchAction\",\"target\":{\"@type\":\"EntryPoint\",\"urlTemplate\":\"https:\/\/www.humanium.org\/de\/?s={search_term_string}\"},\"query-input\":{\"@type\":\"PropertyValueSpecification\",\"valueRequired\":true,\"valueName\":\"search_term_string\"}}],\"inLanguage\":\"de\"}]}<\/script>\n<!-- \/ Yoast SEO plugin. -->","yoast_head_json":{"title":"Die Kinder Litauens - Humanium","description":"Seit der Unabh\u00e4ngigkeit ist das Kindeswohl eines der Hauptziele Litauens. Die Situation ist gut, obwohl bestimmte Rechte nur teilweise gew\u00e4hrleistet sind.","robots":{"index":"index","follow":"follow","max-snippet":"max-snippet:-1","max-image-preview":"max-image-preview:large","max-video-preview":"max-video-preview:-1"},"canonical":"https:\/\/www.humanium.org\/de\/litauen\/","og_locale":"de_DE","og_type":"article","og_title":"Die Kinder Litauens - Humanium","og_description":"Seit der Unabh\u00e4ngigkeit ist das Kindeswohl eines der Hauptziele Litauens. Die Situation ist gut, obwohl bestimmte Rechte nur teilweise gew\u00e4hrleistet sind.","og_url":"https:\/\/www.humanium.org\/de\/litauen\/","og_site_name":"Humanium","article_modified_time":"2025-12-06T06:26:00+00:00","twitter_card":"summary_large_image","twitter_misc":{"Gesch\u00e4tzte Lesezeit":"4\u00a0Minuten"},"schema":{"@context":"https:\/\/schema.org","@graph":[{"@type":"WebPage","@id":"https:\/\/www.humanium.org\/de\/litauen\/","url":"https:\/\/www.humanium.org\/de\/litauen\/","name":"Die Kinder Litauens - Humanium","isPartOf":{"@id":"https:\/\/www.humanium.org\/de\/#website"},"datePublished":"2016-06-27T15:53:50+00:00","dateModified":"2025-12-06T06:26:00+00:00","description":"Seit der Unabh\u00e4ngigkeit ist das Kindeswohl eines der Hauptziele Litauens. Die Situation ist gut, obwohl bestimmte Rechte nur teilweise gew\u00e4hrleistet sind.","breadcrumb":{"@id":"https:\/\/www.humanium.org\/de\/litauen\/#breadcrumb"},"inLanguage":"de","potentialAction":[{"@type":"ReadAction","target":["https:\/\/www.humanium.org\/de\/litauen\/"]}]},{"@type":"BreadcrumbList","@id":"https:\/\/www.humanium.org\/de\/litauen\/#breadcrumb","itemListElement":[{"@type":"ListItem","position":1,"name":"Home","item":"https:\/\/www.humanium.org\/de\/"},{"@type":"ListItem","position":2,"name":"Die Kinder Litauens"}]},{"@type":"WebSite","@id":"https:\/\/www.humanium.org\/de\/#website","url":"https:\/\/www.humanium.org\/de\/","name":"Humanium","description":"Kinder zuerst!","potentialAction":[{"@type":"SearchAction","target":{"@type":"EntryPoint","urlTemplate":"https:\/\/www.humanium.org\/de\/?s={search_term_string}"},"query-input":{"@type":"PropertyValueSpecification","valueRequired":true,"valueName":"search_term_string"}}],"inLanguage":"de"}]}},"_links":{"self":[{"href":"https:\/\/www.humanium.org\/de\/wp-json\/wp\/v2\/pages\/6697","targetHints":{"allow":["GET"]}}],"collection":[{"href":"https:\/\/www.humanium.org\/de\/wp-json\/wp\/v2\/pages"}],"about":[{"href":"https:\/\/www.humanium.org\/de\/wp-json\/wp\/v2\/types\/page"}],"author":[{"embeddable":true,"href":"https:\/\/www.humanium.org\/de\/wp-json\/wp\/v2\/users\/1"}],"replies":[{"embeddable":true,"href":"https:\/\/www.humanium.org\/de\/wp-json\/wp\/v2\/comments?post=6697"}],"version-history":[{"count":6,"href":"https:\/\/www.humanium.org\/de\/wp-json\/wp\/v2\/pages\/6697\/revisions"}],"predecessor-version":[{"id":20873,"href":"https:\/\/www.humanium.org\/de\/wp-json\/wp\/v2\/pages\/6697\/revisions\/20873"}],"wp:attachment":[{"href":"https:\/\/www.humanium.org\/de\/wp-json\/wp\/v2\/media?parent=6697"}],"curies":[{"name":"wp","href":"https:\/\/api.w.org\/{rel}","templated":true}]}}