{"id":6710,"date":"2016-06-28T17:28:20","date_gmt":"2016-06-28T17:28:20","guid":{"rendered":"http:\/\/www.humanium.org\/de\/?page_id=6710"},"modified":"2025-12-06T06:25:49","modified_gmt":"2025-12-06T06:25:49","slug":"monaco","status":"publish","type":"page","link":"https:\/\/www.humanium.org\/de\/monaco\/","title":{"rendered":"Kinder in Monaco"},"content":{"rendered":"<h1>Kinder in Monaco<\/h1>\n<h2>Die Verwirklichung der Kinderrechte in\u00a0Monaco<\/h2>\n<p style=\"text-align: center;\"><img loading=\"lazy\" decoding=\"async\" class=\"alignnone wp-image-12980\" title=\"Alexandra de Hanovre \u00a9 Abaca\" src=\"https:\/\/www.humanium.org\/en\/wp-content\/uploads\/2013\/03\/alexandra-de-hanovre-233x300.jpg\" alt=\"\" width=\"170\" height=\"200\" \/>\u00a0 \u00a0 \u00a0\u00a0<img loading=\"lazy\" decoding=\"async\" class=\"alignnone wp-image-12982\" title=\"Junge in Monaco \u00a9 Kashmut (flickr)\" src=\"https:\/\/www.humanium.org\/en\/wp-content\/uploads\/2013\/03\/jeune-garcon-225x300.jpg\" alt=\"\" width=\"170\" height=\"200\" \/><\/p>\n<p>Obwohl Monaco der zweitkleinste Staat der Welt ist, wei\u00dft er eines der h\u00f6chsten Bruttoinlandsprodukte pro Kopf auf. Die hoch entwickelte Wirtschaft und hervorragende Infrastruktur bieten sehr gute Gesundheits- und Bildungseinrichtungen, mit jedem Vorteil, den man von einer entwickelten und stabilen Gesellschaft erwarten kann. Durch die extrem dichte Besiedelung in der Stadt haben alle Kinder sicheren Zugang zur prim\u00e4ren Gesundheitsversorgung und Bildung. Ein niedriges Bev\u00f6lkerungswachstum und insbesondere auch eine niedrigere Geburtenrate als der EU Durchschnitt, erkl\u00e4ren die geringe Anzahl an Kindern in Monaco und dass nur 12,1% der Bev\u00f6lkerung unter 14 Jahre und 2% unter 5 Jahren sind.<br \/>\nTrotz der Bem\u00fchungen des Landes die Lebensbedingungen f\u00fcr Kinder in der ganzen Welt zu verbessern, hat Monaco f\u00fcr die monegassischen Kinder nur minimal die spezifischen Konventionen und Gesetze eingehalten, die die Rechte von Kindern sch\u00fctzen sollen.<\/p>\n<h3>Hauptprobleme, mit denen Kinder in Monaco konfrontiert sind:<\/h3>\n<p><a href=\"https:\/\/www.humanium.org\/de\/das-recht-auf-gesundheit\/\"><strong>Das Recht auf Gesundheit<\/strong><\/a><\/p>\n<p>Mit 4% im Jahr 2010, ist die Sterblichkeitsrate bei Kindern unter 5 Jahren sehr gering. Dar\u00fcber hinaus haben 100% der Kinder Zugang zu Trinkwasser, und 99% der Kinder sind gegen die wichtigsten Krankheiten geimpft.<\/p>\n<p><img loading=\"lazy\" decoding=\"async\" class=\"alignright wp-image-12981\" title=\"Jugendliche in Monaco \u00a9 Bill Liao (flickr)\" src=\"https:\/\/www.humanium.org\/en\/wp-content\/uploads\/2013\/03\/Bill-Liao-flickr-150x150.jpg\" alt=\"\" width=\"200\" height=\"200\" \/>Therapeutische Abtreibung wurde im Jahr 2009 legalisiert, kann aber nur im Falle von schweren gesundheitlichen Problemen f\u00fcr die Mutter oder den F\u00f6tus verwendet werden. So eine medizinische Entscheidung ist auch in F\u00e4llen von Vergewaltigung sanktioniert worden. Abtreibung f\u00fcr normale F\u00e4lle unerw\u00fcnschter Schwangerschaft bleibt verboten.<\/p>\n<p>Es gibt ein Drogenproblem bei Jugendlichen in Monaco. Laut UNICEF unternimmt der Staat nicht gen\u00fcgend Vorsichtsma\u00dfnahmen dieses Problem zu beheben.<\/p>\n<p><a href=\"https:\/\/www.humanium.org\/de\/recht-bildung\/\"><strong>Das Recht auf Bildung<\/strong><\/a><\/p>\n<p><img loading=\"lazy\" decoding=\"async\" class=\"alignright wp-image-12978\" title=\"Weihnachten in Monaco mit Prince Albert \u00a9 BestImage\" src=\"https:\/\/www.humanium.org\/en\/wp-content\/uploads\/2013\/03\/Christmas-in-monaco-with-Prince-AlbertBestImage.jpg\" alt=\"\" width=\"270\" height=\"200\" \/>Bildung in Monaco ist von h\u00f6chster Qualit\u00e4t und f\u00fcr alle garantiert. Grundschulen, Mittelschulen, Gymnasien und Universit\u00e4ten sind alle gut ausgestattet und strenge Unterrichtsstandards werden konsequent durchgesetzt.<br \/>\nDer Zugang zu modernster Technologie ist hoch entwickelt. Zudem haben 80 von 100 Personen Zugriff auf das Internet.<br \/>\nNach Angaben von UNICEF, sind die einzigen zwei Probleme in Monaco bez\u00fcglich der Bildung, die unzureichende Unterrichtung der Achtung der Menschenrechte und die Tatsache, dass Monaco das \u00dcbereinkommen gegen die Diskriminierung nicht in der Schule aufrecht erh\u00e4lt.<\/p>\n<p><a href=\"https:\/\/www.humanium.org\/de\/gewalt\/\"><strong>Gewalt gegen Kinder<\/strong><\/a><\/p>\n<p>K\u00f6rperliche Z\u00fcchtigung von Kindern und h\u00e4usliche Gewalt sind in Monaco nicht speziell verboten.<br \/>\nDas Komitee der Vereinten Nationen hat Monaco daher ermutigt, dass das Land Gesetze entwickelt, die die Rechte der Frauen, Kinder und Behinderten vor allem im Hinblick auf physische Gewalt sch\u00fctzt.<\/p>\n<p>Monaco hat das UN-Protokoll gegen den Verkauf von Kindern nicht ratifiziert.<\/p>\n<p>Trotz der Tatsache, dass kein einziger Fall von Folter durch eine staatliche oder nichtstaatliche Organisation bekannt ist, ist die Definition von Folter nicht speziell eingeschlossen in der monegassischen Gesetzgebung.<\/p>\n<p><strong>Kindersoldaten<\/strong><\/p>\n<p>Die B\u00fcrger m\u00fcssen mindestens 21 Jahre alt sein, um der Prinzengarde oder der Rettungsmannschaft beizutreten, die die einzigen milit\u00e4rischen Kr\u00e4fte im Land sind. Monaco nimmt Teil am Kampf gegen die Rekrutierung von Kindern in bewaffneten Konflikten auf der ganzen Welt. Es besteht jedoch kein spezifisches Gesetz, das die Rekrutierung von Kindersoldaten in fremde bewaffnete Konflikte von monegassischen Staatsangeh\u00f6rigen verbietet.<\/p>\n<p><strong><a href=\"https:\/\/www.humanium.org\/de\/recht-auf-identitat\/\">Das Recht auf Identit\u00e4t<\/a><\/strong><\/p>\n<p>Seit 2005 wird die monegassische Nationalit\u00e4t von der Mutter an die Kinder weitergegeben. Doch die Kinder von Frauen, die durch Heirat eingeb\u00fcrgert wurden, k\u00f6nnen die monegassische Nationalit\u00e4t verlieren, sollten ihre Eltern sich scheiden lassen.<\/p>\n<p>Dar\u00fcber hinaus gibt es weder eine unabh\u00e4ngige nationale Institution, die die Achtung der Menschenrechte in Monaco garantiert, noch eine Organisation, die die Gleichstellung der Geschlechter f\u00f6rdert.<\/p>\n<p>Schlie\u00dflich gibt es kein Gesetz, das die Rechte von Lesben, Schwulen, Bisexuellen oder Transsexuellen sch\u00fctzt.<\/p>\n","protected":false},"excerpt":{"rendered":"<p>Kinder in Monaco Die Verwirklichung der Kinderrechte in\u00a0Monaco \u00a0 \u00a0 \u00a0\u00a0 Obwohl Monaco der zweitkleinste Staat der Welt ist, wei\u00dft er eines der h\u00f6chsten Bruttoinlandsprodukte pro Kopf auf. Die hoch entwickelte Wirtschaft und hervorragende Infrastruktur bieten sehr gute Gesundheits- und Bildungseinrichtungen, mit jedem Vorteil, den man von einer entwickelten und stabilen Gesellschaft erwarten kann. Durch [&hellip;]<\/p>\n","protected":false},"author":1,"featured_media":0,"parent":0,"menu_order":0,"comment_status":"closed","ping_status":"closed","template":"","meta":{"footnotes":""},"class_list":["post-6710","page","type-page","status-publish","hentry"],"yoast_head":"<!-- This site is optimized with the Yoast SEO plugin v26.5 - https:\/\/yoast.com\/wordpress\/plugins\/seo\/ -->\n<title>Kinder in Monaco - Humanium<\/title>\n<meta name=\"description\" content=\"Monaco hat f\u00fcr die monegassischen Kinder nur minimal die spezifischen Konventionen eingehalten, die die Rechte von Kindern sch\u00fctzen sollen.\" \/>\n<meta name=\"robots\" content=\"index, follow, max-snippet:-1, max-image-preview:large, max-video-preview:-1\" \/>\n<link rel=\"canonical\" href=\"https:\/\/www.humanium.org\/de\/monaco\/\" \/>\n<meta property=\"og:locale\" content=\"de_DE\" \/>\n<meta property=\"og:type\" content=\"article\" \/>\n<meta property=\"og:title\" content=\"Kinder in Monaco - Humanium\" \/>\n<meta property=\"og:description\" content=\"Monaco hat f\u00fcr die monegassischen Kinder nur minimal die spezifischen Konventionen eingehalten, die die Rechte von Kindern sch\u00fctzen sollen.\" \/>\n<meta property=\"og:url\" content=\"https:\/\/www.humanium.org\/de\/monaco\/\" \/>\n<meta property=\"og:site_name\" content=\"Humanium\" \/>\n<meta property=\"article:modified_time\" content=\"2025-12-06T06:25:49+00:00\" \/>\n<meta name=\"twitter:card\" content=\"summary_large_image\" \/>\n<meta name=\"twitter:label1\" content=\"Gesch\u00e4tzte Lesezeit\" \/>\n\t<meta name=\"twitter:data1\" content=\"4\u00a0Minuten\" \/>\n<script type=\"application\/ld+json\" class=\"yoast-schema-graph\">{\"@context\":\"https:\/\/schema.org\",\"@graph\":[{\"@type\":\"WebPage\",\"@id\":\"https:\/\/www.humanium.org\/de\/monaco\/\",\"url\":\"https:\/\/www.humanium.org\/de\/monaco\/\",\"name\":\"Kinder in Monaco - Humanium\",\"isPartOf\":{\"@id\":\"https:\/\/www.humanium.org\/de\/#website\"},\"primaryImageOfPage\":{\"@id\":\"https:\/\/www.humanium.org\/de\/monaco\/#primaryimage\"},\"image\":{\"@id\":\"https:\/\/www.humanium.org\/de\/monaco\/#primaryimage\"},\"thumbnailUrl\":\"https:\/\/www.humanium.org\/en\/wp-content\/uploads\/2013\/03\/alexandra-de-hanovre-233x300.jpg\",\"datePublished\":\"2016-06-28T17:28:20+00:00\",\"dateModified\":\"2025-12-06T06:25:49+00:00\",\"description\":\"Monaco hat f\u00fcr die monegassischen Kinder nur minimal die spezifischen Konventionen eingehalten, die die Rechte von Kindern sch\u00fctzen sollen.\",\"breadcrumb\":{\"@id\":\"https:\/\/www.humanium.org\/de\/monaco\/#breadcrumb\"},\"inLanguage\":\"de\",\"potentialAction\":[{\"@type\":\"ReadAction\",\"target\":[\"https:\/\/www.humanium.org\/de\/monaco\/\"]}]},{\"@type\":\"ImageObject\",\"inLanguage\":\"de\",\"@id\":\"https:\/\/www.humanium.org\/de\/monaco\/#primaryimage\",\"url\":\"https:\/\/www.humanium.org\/en\/wp-content\/uploads\/2013\/03\/alexandra-de-hanovre-233x300.jpg\",\"contentUrl\":\"https:\/\/www.humanium.org\/en\/wp-content\/uploads\/2013\/03\/alexandra-de-hanovre-233x300.jpg\"},{\"@type\":\"BreadcrumbList\",\"@id\":\"https:\/\/www.humanium.org\/de\/monaco\/#breadcrumb\",\"itemListElement\":[{\"@type\":\"ListItem\",\"position\":1,\"name\":\"Home\",\"item\":\"https:\/\/www.humanium.org\/de\/\"},{\"@type\":\"ListItem\",\"position\":2,\"name\":\"Kinder in Monaco\"}]},{\"@type\":\"WebSite\",\"@id\":\"https:\/\/www.humanium.org\/de\/#website\",\"url\":\"https:\/\/www.humanium.org\/de\/\",\"name\":\"Humanium\",\"description\":\"Kinder zuerst!\",\"potentialAction\":[{\"@type\":\"SearchAction\",\"target\":{\"@type\":\"EntryPoint\",\"urlTemplate\":\"https:\/\/www.humanium.org\/de\/?s={search_term_string}\"},\"query-input\":{\"@type\":\"PropertyValueSpecification\",\"valueRequired\":true,\"valueName\":\"search_term_string\"}}],\"inLanguage\":\"de\"}]}<\/script>\n<!-- \/ Yoast SEO plugin. -->","yoast_head_json":{"title":"Kinder in Monaco - Humanium","description":"Monaco hat f\u00fcr die monegassischen Kinder nur minimal die spezifischen Konventionen eingehalten, die die Rechte von Kindern sch\u00fctzen sollen.","robots":{"index":"index","follow":"follow","max-snippet":"max-snippet:-1","max-image-preview":"max-image-preview:large","max-video-preview":"max-video-preview:-1"},"canonical":"https:\/\/www.humanium.org\/de\/monaco\/","og_locale":"de_DE","og_type":"article","og_title":"Kinder in Monaco - Humanium","og_description":"Monaco hat f\u00fcr die monegassischen Kinder nur minimal die spezifischen Konventionen eingehalten, die die Rechte von Kindern sch\u00fctzen sollen.","og_url":"https:\/\/www.humanium.org\/de\/monaco\/","og_site_name":"Humanium","article_modified_time":"2025-12-06T06:25:49+00:00","twitter_card":"summary_large_image","twitter_misc":{"Gesch\u00e4tzte Lesezeit":"4\u00a0Minuten"},"schema":{"@context":"https:\/\/schema.org","@graph":[{"@type":"WebPage","@id":"https:\/\/www.humanium.org\/de\/monaco\/","url":"https:\/\/www.humanium.org\/de\/monaco\/","name":"Kinder in Monaco - Humanium","isPartOf":{"@id":"https:\/\/www.humanium.org\/de\/#website"},"primaryImageOfPage":{"@id":"https:\/\/www.humanium.org\/de\/monaco\/#primaryimage"},"image":{"@id":"https:\/\/www.humanium.org\/de\/monaco\/#primaryimage"},"thumbnailUrl":"https:\/\/www.humanium.org\/en\/wp-content\/uploads\/2013\/03\/alexandra-de-hanovre-233x300.jpg","datePublished":"2016-06-28T17:28:20+00:00","dateModified":"2025-12-06T06:25:49+00:00","description":"Monaco hat f\u00fcr die monegassischen Kinder nur minimal die spezifischen Konventionen eingehalten, die die Rechte von Kindern sch\u00fctzen sollen.","breadcrumb":{"@id":"https:\/\/www.humanium.org\/de\/monaco\/#breadcrumb"},"inLanguage":"de","potentialAction":[{"@type":"ReadAction","target":["https:\/\/www.humanium.org\/de\/monaco\/"]}]},{"@type":"ImageObject","inLanguage":"de","@id":"https:\/\/www.humanium.org\/de\/monaco\/#primaryimage","url":"https:\/\/www.humanium.org\/en\/wp-content\/uploads\/2013\/03\/alexandra-de-hanovre-233x300.jpg","contentUrl":"https:\/\/www.humanium.org\/en\/wp-content\/uploads\/2013\/03\/alexandra-de-hanovre-233x300.jpg"},{"@type":"BreadcrumbList","@id":"https:\/\/www.humanium.org\/de\/monaco\/#breadcrumb","itemListElement":[{"@type":"ListItem","position":1,"name":"Home","item":"https:\/\/www.humanium.org\/de\/"},{"@type":"ListItem","position":2,"name":"Kinder in Monaco"}]},{"@type":"WebSite","@id":"https:\/\/www.humanium.org\/de\/#website","url":"https:\/\/www.humanium.org\/de\/","name":"Humanium","description":"Kinder zuerst!","potentialAction":[{"@type":"SearchAction","target":{"@type":"EntryPoint","urlTemplate":"https:\/\/www.humanium.org\/de\/?s={search_term_string}"},"query-input":{"@type":"PropertyValueSpecification","valueRequired":true,"valueName":"search_term_string"}}],"inLanguage":"de"}]}},"_links":{"self":[{"href":"https:\/\/www.humanium.org\/de\/wp-json\/wp\/v2\/pages\/6710","targetHints":{"allow":["GET"]}}],"collection":[{"href":"https:\/\/www.humanium.org\/de\/wp-json\/wp\/v2\/pages"}],"about":[{"href":"https:\/\/www.humanium.org\/de\/wp-json\/wp\/v2\/types\/page"}],"author":[{"embeddable":true,"href":"https:\/\/www.humanium.org\/de\/wp-json\/wp\/v2\/users\/1"}],"replies":[{"embeddable":true,"href":"https:\/\/www.humanium.org\/de\/wp-json\/wp\/v2\/comments?post=6710"}],"version-history":[{"count":4,"href":"https:\/\/www.humanium.org\/de\/wp-json\/wp\/v2\/pages\/6710\/revisions"}],"predecessor-version":[{"id":20803,"href":"https:\/\/www.humanium.org\/de\/wp-json\/wp\/v2\/pages\/6710\/revisions\/20803"}],"wp:attachment":[{"href":"https:\/\/www.humanium.org\/de\/wp-json\/wp\/v2\/media?parent=6710"}],"curies":[{"name":"wp","href":"https:\/\/api.w.org\/{rel}","templated":true}]}}