{"id":6823,"date":"2016-07-01T09:43:22","date_gmt":"2016-07-01T09:43:22","guid":{"rendered":"http:\/\/www.humanium.org\/de\/?page_id=6823"},"modified":"2025-12-06T06:19:26","modified_gmt":"2025-12-06T06:19:26","slug":"schweden","status":"publish","type":"page","link":"https:\/\/www.humanium.org\/de\/schweden\/","title":{"rendered":"Kinder in Schweden"},"content":{"rendered":"<h1>Kinder in Schweden<\/h1>\n<h2>Die Verwirklichung der Kinderrechte in Schweden<\/h2>\n<p style=\"text-align: center;\"><img loading=\"lazy\" decoding=\"async\" class=\"alignnone size-full wp-image-8588\" title=\"Junges schwedisches M\u00e4dchen \u00a9 Muskva (flickr)\" src=\"https:\/\/www.humanium.org\/en\/wp-content\/uploads\/2012\/08\/portrait-fille-muskva-flickr.jpg\" alt=\"\" width=\"200\" height=\"200\" \/> <img loading=\"lazy\" decoding=\"async\" class=\"alignnone size-full wp-image-8589\" title=\"Junger schwedischer Junge \u00a9 Runintherain (flickr)\" src=\"https:\/\/www.humanium.org\/en\/wp-content\/uploads\/2012\/08\/portrait-gars-runintherain.jpg\" alt=\"\" width=\"133\" height=\"200\" \/><\/p>\n<p>Besucher in Schweden sind oft der Meinung, Schweden sei ein Paradies f\u00fcr Kinder. Und obwohl Kinderrechte in diesem Land respektiert werden, muss auch hier noch vieles getan werden. Vor Allem in Bereichen wie Gewalt gegen Kinder und der Aufnahme von Immigranten.<\/p>\n<h3>Hauptprobleme, mit denen Kinder in Schweden konfrontiert sind:<\/h3>\n<p><strong>Fehlende einheitliche Umsetzung der Rechte<\/strong><\/p>\n<p><img loading=\"lazy\" decoding=\"async\" class=\"alignright size-full wp-image-8590\" title=\"Nicht alle Kinder in Schweden sind auf gleiche Weise besch\u00fctzt \u00a9 Upplandsmuseet (flickr)\" src=\"https:\/\/www.humanium.org\/en\/wp-content\/uploads\/2012\/08\/application-des-droits-upplandsmuseet-flickr.jpg\" alt=\"\" width=\"200\" height=\"125\" \/>Was man Schweden haupts\u00e4chlich vorwirft, ist, dass die Kinderrechte in dem Land nicht einheitlich umgesetzt werden. Tats\u00e4chlich gibt es gro\u00dfe Unterschiede zwischen verschiedenen Regionen und Gemeinden, weil diese bei Angelegenheiten, die Kinder betreffen, sehr autonom agieren k\u00f6nnen. Das f\u00fchrt dazu, dass manche junge Menschen weniger<a href=\"https:\/\/www.humanium.org\/de\/das-recht-auf-schutz\/\"> besch\u00fctzt <\/a>werden als andere, nur weil sie in Gegenden wohnen, wo man ihrem Wohlbefinden und ihren spezifischen Bed\u00fcrfnissen nicht so viel Beachtung schenkt.<\/p>\n<p><a href=\"https:\/\/www.humanium.org\/de\/isolation-und-entwurzelung\/\"><strong>Migrantenkinder<\/strong><\/a><\/p>\n<p>Schweden hat die \u201eInternationale Konvention zum Schutz der Rechte aller Wanderarbeitnehmer und ihrer Familienangeh\u00f6rigen\u201c nicht unterschrieben. Illegale Einwanderer und Asylsuchende werden immer h\u00e4ufiger zur\u00fcck in ihre Heimat geschickt, ohne auch nur die m\u00f6glichen Risiken von Folter oder Verfolgung, denen sie wieder ausgesetzt werden, zu untersuchen.<\/p>\n<p><img loading=\"lazy\" decoding=\"async\" class=\"alignright size-full wp-image-8591\" title=\"Die Bed\u00fcrfnisse von Migrantenkindern werden nicht immer ordentlich ber\u00fccksichtigt. \u00a9 Tricia Wang (flickr)\" src=\"https:\/\/www.humanium.org\/en\/wp-content\/uploads\/2012\/08\/migrants-Tricia-Wang-flickr.jpg\" alt=\"\" width=\"200\" height=\"150\" \/>Das Schicksal von Einwanderungskindern oder jungen Asylsuchenden liegt in den H\u00e4nden der Sozialarbeiter in den Gemeinden, die aber die Bed\u00fcrfnisse der Kinder nicht immer ausreichend beachten. Eine beunruhigende Anzahl junger Asylanten ohne Begleitung ist aus den Aufnahmezentren in Schweden verschwunden. Die Migrantenkinder sind also besonders gef\u00e4hrdet, Opfer von Missbrauch und Ausbeutung zu werden.<\/p>\n<p>Kinder ohne Aufenthaltsgenehmigung k\u00f6nnen nur die medizinischen Notaufnahmen nutzen und haben nur selten die Chance zu studieren. Dies behindert nat\u00fcrlich ihre Entwicklung und Integration.<\/p>\n<p>Auch Anfragen einer Familienzusammenf\u00fchrung gleichen oft einem Hindernislauf und sind nur selten erfolgreich, nicht mal bei Migranten, deren Fl\u00fcchtlingsstatus bereits anerkannt wurde. Das bedeutet, dass Kinder von ihren Eltern getrennt und oft unter gef\u00e4hrlichen Umst\u00e4nden leben, unter denen ihre Rechte nicht gew\u00fcrdigt werden.<\/p>\n<p><a href=\"https:\/\/www.humanium.org\/de\/recht-auf-identitat\/\"><strong>Das Recht auf Identit\u00e4t<\/strong><\/a><\/p>\n<p>Die schwedische Staatsb\u00fcrgerschaft erh\u00e4lt man durch das Blutrecht (Abstammung). Um also automatisch Schwede zu werden, muss mindestens ein Elternteil Schwede sein. Kinder von staatenlosen Eltern sind somit selbst staatenlos, bis ihre Eltern in Schweden eingeb\u00fcrgert sind \u2013 es sei denn, sie erhalten eine uneingeschr\u00e4nkte Aufenthaltsgenehmigung.<\/p>\n<p>Durch die fehlende Identit\u00e4t sind die Kinder in den Augen der Gesellschaft praktisch \u201eunsichtbar\u201c und werden so h\u00e4ufig diskriminiert und ausgeschlossen. Sie k\u00f6nnen nicht alle Dienstleistungen in Anspruch nehmen oder unter den sch\u00fctzenden Status von Minderheiten gestellt werden.<\/p>\n<p><a href=\"https:\/\/www.humanium.org\/de\/focusdiskriminierung\/\"><strong>Diskriminierung<\/strong><\/a><\/p>\n<p><img loading=\"lazy\" decoding=\"async\" class=\"alignright size-full wp-image-8592\" title=\"Kinder aus Roma-Familien werden oft Opfer von Mobbing an Schulen. \u00a9 Runintherain (flickr)\" src=\"https:\/\/www.humanium.org\/en\/wp-content\/uploads\/2012\/08\/education-runintherain-flickr.jpg\" alt=\"\" width=\"200\" height=\"133\" \/>Seit dem Jahr 2000 steigt die Immigration stetig an. Seitdem ist auch Fremdenhass, Rassismus und Diskriminierung gegen Fl\u00fcchtlingskinder, Asylsuchende und Kinder aus Fl\u00fcchtlingsfamilien gestiegen. Auch Kinder von Minderheiten sind davon betroffen. So werden zum Beispiel Kinder aus Roma-Familien oft Opfer von Mobbing an der Schule. Taten mit antisemitischen und islamfeindlichen Hintergr\u00fcnden sind ebenfalls bereits registriert worden.<\/p>\n<p><a href=\"https:\/\/www.humanium.org\/de\/kinder-mit-behinderung\/\">Kindern mit Behinderung<\/a> bleiben ebenfalls oft bestimmte Dienstleistungen und Unterk\u00fcnfte verwehrt, was ihre soziale Integration behindert und sie in ihren Rechten stark einschr\u00e4nkt. Wegen fehlender Statistiken ist die genaue Zahl solcher Kinder nicht bekannt.<\/p>\n<p><a href=\"https:\/\/www.humanium.org\/de\/recht-bildung\/\"><strong>Bildung<\/strong><\/a><\/p>\n<p>Lehrer in Schweden d\u00fcrfen ihren Sch\u00fclern das Tragen von Schleiern in der Schule in manchen Situationen verbieten, zum Beispiel in praktischen Unterrichtsstunden oder bei Debatten. Diese Entscheidung wurde kritisiert. Lehrer haben dadurch die Macht \u00fcber das fundamentale Recht auf Bildung im eigenen Ermessen zu entscheiden.<\/p>\n<p><a href=\"https:\/\/www.humanium.org\/de\/das-recht-auf-gesundheit\/\"><strong>Gesundheit<\/strong><\/a><\/p>\n<p>Schwedische Kinder und Teenager leiden immer h\u00e4ufiger unter Fettleibigkeit. Eine Studie von 2011, die erste Studie dieser Art in Schweden, ergab, dass 17 % der Kinder im Alter von 7 bis 9 \u00fcbergewichtig und 3 % fettleibig sind. Solche Gewichtsprobleme sind die Ursache verschiedener gesundheitlicher Beschwerden wie Herz-, Lungen- oder Gelenkprobleme.<\/p>\n<p><img loading=\"lazy\" decoding=\"async\" class=\"alignright size-full wp-image-8593\" title=\"Die Anzahl junger Menschen, die sich selbst schaden, steigt stetig. \u00a9 Quinnums (flickr)\" src=\"https:\/\/www.humanium.org\/en\/wp-content\/uploads\/2012\/08\/enfants-auto-destructeurs-quinnums-flickr.jpg\" alt=\"\" width=\"200\" height=\"133\" \/>Auch die Anzahl von Kindern mit psychischen Problemen nimmt zu. \u00dcberm\u00e4\u00dfiger Alkohol- und Drogenkonsum, Selbstmordversuche und andere Arten von sich selbst schadendem Verhalten nehmen zu und gef\u00e4hrden die Gesundheit junger Menschen. Organisationen sind derzeit nicht in der Lage, mit der Drogensucht von Teenagern richtig umzugehen. Statistiken hierzu gibt es kaum.<\/p>\n<p><a href=\"https:\/\/www.humanium.org\/de\/was-ist-gerechtigkeit\/\"><strong>Die Justiz und Minderj\u00e4hrige<\/strong><\/a><\/p>\n<p>Isolation ist auch heute noch eine zul\u00e4ssige und angewandte Form der Bestrafung in Jugendstrafanstalten. Das Kind kommt in eine Einzelzelle und der Kontakt zu anderen Menschen wird stark eingeschr\u00e4nkt, was jedoch zu ernsthaften psychologischen Problemen f\u00fchren kann.<\/p>\n<p><a href=\"https:\/\/www.humanium.org\/de\/ausbeutung\/\"><strong>Missbrauch<\/strong><\/a><\/p>\n<p><img loading=\"lazy\" decoding=\"async\" class=\"alignright size-full wp-image-8594\" title=\"Missbrauchsf\u00e4lle, Vernachl\u00e4ssigungen und andere Formen von Gewalt gegen Kinder sind beunruhigend \u00a9 Heinrock (flickr)\" src=\"https:\/\/www.humanium.org\/en\/wp-content\/uploads\/2012\/08\/violence-Heinrock-flickr.jpg\" alt=\"\" width=\"200\" height=\"150\" \/>Trotz des Verbotes, Kinder zu schlagen, gibt es eine beunruhigende Anzahl von Missbrauchsf\u00e4llen, Vernachl\u00e4ssigungen und andere Formen von Gewalt gegen Kinder. Eine Studie von 2008 hat gezeigt, dass bis zu einer halben Million Kinder gef\u00e4hrdet sind, da sie mit einem Elternteil leben, das gewaltt\u00e4tig, alkohol- oder drogenabh\u00e4ngig ist, oder an einer psychischen St\u00f6rung leidet.<\/p>\n<p>Es hat bereits gesetzliche und vorbeugende Ma\u00dfnahmen gegeben aber es gibt noch eine Menge zu tun. H\u00e4usliche Gewalt ist nach dem Strafgesetzbuch noch keine Straftat.<\/p>\n<p><a href=\"https:\/\/www.humanium.org\/de\/isolation-und-entwurzelung\/\"><strong>Isolierte Kinder<\/strong><\/a><\/p>\n<p>Jedes Jahr werden viele Kinder aus ihren Familien gerissen und in Aufnahmelager gesteckt. Andere laufen weg oder m\u00fcssen ihr Zuhause verlassen. In jedem dieser F\u00e4lle sind die Kinder nicht mehr unter der elterlichen Obhut, geraten in gef\u00e4hrliche Situationen und riskieren weitere Verletzungen ihrer Rechte. Dies ist alles sehr beunruhigend, denn die Kontrollen und Folgema\u00dfnahmen der Einrichtungen sind nicht sehr effizient und ohne elterlichen Schutz gibt es kein Beschwerdeverfahren.<\/p>\n<p><a href=\"https:\/\/www.humanium.org\/de\/ausbeutung\/\"><strong>Ausbeutung von Kindern<\/strong><\/a><\/p>\n<p>Die Ausbeutung von Kindern ist in Schweden verboten. Dennoch hat der Ausschuss f\u00fcr die Rechte des Kindes 2010 Bedenken \u00fcber das Ausma\u00df von Kinderhandel f\u00fcr sexuelle und wirtschaftliche Ausbeutung ge\u00e4u\u00dfert. Illegale schutzlose Migrantenkinder sind besonders gef\u00e4hrdet. Hunderte junger M\u00e4dchen aus Rum\u00e4nien, Nigeria, Albanien, u.a. werden jedes Jahr zur Prostitution nach Schweden geschickt. Eine genaue Zahl betroffener Kinder ist jedoch nicht bekannt, da es hierzu keine Studien gibt.<\/p>\n<p><strong>Umwelt<\/strong><\/p>\n<p>Schweden ist weit davon entfernt, ein sauberes Land zu sein. Pro Einwohner werden 5,3 Tonnen CO2 ausgesto\u00dfen. Das hat nachteilige Auswirkungen auf das Leben von Kindern und ihren Zukunftsaussichten. Das Recht, in einer sauberen Umgebung aufzuwachsen, ist somit nicht gegeben.<\/p>\n","protected":false},"excerpt":{"rendered":"<p>Kinder in Schweden Die Verwirklichung der Kinderrechte in Schweden Besucher in Schweden sind oft der Meinung, Schweden sei ein Paradies f\u00fcr Kinder. Und obwohl Kinderrechte in diesem Land respektiert werden, muss auch hier noch vieles getan werden. Vor Allem in Bereichen wie Gewalt gegen Kinder und der Aufnahme von Immigranten. Hauptprobleme, mit denen Kinder in [&hellip;]<\/p>\n","protected":false},"author":1,"featured_media":0,"parent":0,"menu_order":0,"comment_status":"closed","ping_status":"closed","template":"","meta":{"footnotes":""},"class_list":["post-6823","page","type-page","status-publish","hentry"],"yoast_head":"<!-- This site is optimized with the Yoast SEO plugin v26.5 - https:\/\/yoast.com\/wordpress\/plugins\/seo\/ -->\n<title>Kinder in Schweden - Humanium<\/title>\n<meta name=\"description\" content=\"Viele denken dass Schweden ein Paradies f\u00fcr Kinder ist. Und obwohl Kinderrechte in diesem Land respektiert werden, muss auch hier noch vieles getan werden.\" \/>\n<meta name=\"robots\" content=\"index, follow, max-snippet:-1, max-image-preview:large, max-video-preview:-1\" \/>\n<link rel=\"canonical\" href=\"https:\/\/www.humanium.org\/de\/schweden\/\" \/>\n<meta property=\"og:locale\" content=\"de_DE\" \/>\n<meta property=\"og:type\" content=\"article\" \/>\n<meta property=\"og:title\" content=\"Kinder in Schweden - Humanium\" \/>\n<meta property=\"og:description\" content=\"Viele denken dass Schweden ein Paradies f\u00fcr Kinder ist. Und obwohl Kinderrechte in diesem Land respektiert werden, muss auch hier noch vieles getan werden.\" \/>\n<meta property=\"og:url\" content=\"https:\/\/www.humanium.org\/de\/schweden\/\" \/>\n<meta property=\"og:site_name\" content=\"Humanium\" \/>\n<meta property=\"article:modified_time\" content=\"2025-12-06T06:19:26+00:00\" \/>\n<meta name=\"twitter:card\" content=\"summary_large_image\" \/>\n<meta name=\"twitter:label1\" content=\"Gesch\u00e4tzte Lesezeit\" \/>\n\t<meta name=\"twitter:data1\" content=\"7\u00a0Minuten\" \/>\n<script type=\"application\/ld+json\" class=\"yoast-schema-graph\">{\"@context\":\"https:\/\/schema.org\",\"@graph\":[{\"@type\":\"WebPage\",\"@id\":\"https:\/\/www.humanium.org\/de\/schweden\/\",\"url\":\"https:\/\/www.humanium.org\/de\/schweden\/\",\"name\":\"Kinder in Schweden - Humanium\",\"isPartOf\":{\"@id\":\"https:\/\/www.humanium.org\/de\/#website\"},\"primaryImageOfPage\":{\"@id\":\"https:\/\/www.humanium.org\/de\/schweden\/#primaryimage\"},\"image\":{\"@id\":\"https:\/\/www.humanium.org\/de\/schweden\/#primaryimage\"},\"thumbnailUrl\":\"https:\/\/www.humanium.org\/en\/wp-content\/uploads\/2012\/08\/portrait-fille-muskva-flickr.jpg\",\"datePublished\":\"2016-07-01T09:43:22+00:00\",\"dateModified\":\"2025-12-06T06:19:26+00:00\",\"description\":\"Viele denken dass Schweden ein Paradies f\u00fcr Kinder ist. Und obwohl Kinderrechte in diesem Land respektiert werden, muss auch hier noch vieles getan werden.\",\"breadcrumb\":{\"@id\":\"https:\/\/www.humanium.org\/de\/schweden\/#breadcrumb\"},\"inLanguage\":\"de\",\"potentialAction\":[{\"@type\":\"ReadAction\",\"target\":[\"https:\/\/www.humanium.org\/de\/schweden\/\"]}]},{\"@type\":\"ImageObject\",\"inLanguage\":\"de\",\"@id\":\"https:\/\/www.humanium.org\/de\/schweden\/#primaryimage\",\"url\":\"https:\/\/www.humanium.org\/en\/wp-content\/uploads\/2012\/08\/portrait-fille-muskva-flickr.jpg\",\"contentUrl\":\"https:\/\/www.humanium.org\/en\/wp-content\/uploads\/2012\/08\/portrait-fille-muskva-flickr.jpg\"},{\"@type\":\"BreadcrumbList\",\"@id\":\"https:\/\/www.humanium.org\/de\/schweden\/#breadcrumb\",\"itemListElement\":[{\"@type\":\"ListItem\",\"position\":1,\"name\":\"Home\",\"item\":\"https:\/\/www.humanium.org\/de\/\"},{\"@type\":\"ListItem\",\"position\":2,\"name\":\"Kinder in Schweden\"}]},{\"@type\":\"WebSite\",\"@id\":\"https:\/\/www.humanium.org\/de\/#website\",\"url\":\"https:\/\/www.humanium.org\/de\/\",\"name\":\"Humanium\",\"description\":\"Kinder zuerst!\",\"potentialAction\":[{\"@type\":\"SearchAction\",\"target\":{\"@type\":\"EntryPoint\",\"urlTemplate\":\"https:\/\/www.humanium.org\/de\/?s={search_term_string}\"},\"query-input\":{\"@type\":\"PropertyValueSpecification\",\"valueRequired\":true,\"valueName\":\"search_term_string\"}}],\"inLanguage\":\"de\"}]}<\/script>\n<!-- \/ Yoast SEO plugin. -->","yoast_head_json":{"title":"Kinder in Schweden - Humanium","description":"Viele denken dass Schweden ein Paradies f\u00fcr Kinder ist. Und obwohl Kinderrechte in diesem Land respektiert werden, muss auch hier noch vieles getan werden.","robots":{"index":"index","follow":"follow","max-snippet":"max-snippet:-1","max-image-preview":"max-image-preview:large","max-video-preview":"max-video-preview:-1"},"canonical":"https:\/\/www.humanium.org\/de\/schweden\/","og_locale":"de_DE","og_type":"article","og_title":"Kinder in Schweden - Humanium","og_description":"Viele denken dass Schweden ein Paradies f\u00fcr Kinder ist. Und obwohl Kinderrechte in diesem Land respektiert werden, muss auch hier noch vieles getan werden.","og_url":"https:\/\/www.humanium.org\/de\/schweden\/","og_site_name":"Humanium","article_modified_time":"2025-12-06T06:19:26+00:00","twitter_card":"summary_large_image","twitter_misc":{"Gesch\u00e4tzte Lesezeit":"7\u00a0Minuten"},"schema":{"@context":"https:\/\/schema.org","@graph":[{"@type":"WebPage","@id":"https:\/\/www.humanium.org\/de\/schweden\/","url":"https:\/\/www.humanium.org\/de\/schweden\/","name":"Kinder in Schweden - Humanium","isPartOf":{"@id":"https:\/\/www.humanium.org\/de\/#website"},"primaryImageOfPage":{"@id":"https:\/\/www.humanium.org\/de\/schweden\/#primaryimage"},"image":{"@id":"https:\/\/www.humanium.org\/de\/schweden\/#primaryimage"},"thumbnailUrl":"https:\/\/www.humanium.org\/en\/wp-content\/uploads\/2012\/08\/portrait-fille-muskva-flickr.jpg","datePublished":"2016-07-01T09:43:22+00:00","dateModified":"2025-12-06T06:19:26+00:00","description":"Viele denken dass Schweden ein Paradies f\u00fcr Kinder ist. Und obwohl Kinderrechte in diesem Land respektiert werden, muss auch hier noch vieles getan werden.","breadcrumb":{"@id":"https:\/\/www.humanium.org\/de\/schweden\/#breadcrumb"},"inLanguage":"de","potentialAction":[{"@type":"ReadAction","target":["https:\/\/www.humanium.org\/de\/schweden\/"]}]},{"@type":"ImageObject","inLanguage":"de","@id":"https:\/\/www.humanium.org\/de\/schweden\/#primaryimage","url":"https:\/\/www.humanium.org\/en\/wp-content\/uploads\/2012\/08\/portrait-fille-muskva-flickr.jpg","contentUrl":"https:\/\/www.humanium.org\/en\/wp-content\/uploads\/2012\/08\/portrait-fille-muskva-flickr.jpg"},{"@type":"BreadcrumbList","@id":"https:\/\/www.humanium.org\/de\/schweden\/#breadcrumb","itemListElement":[{"@type":"ListItem","position":1,"name":"Home","item":"https:\/\/www.humanium.org\/de\/"},{"@type":"ListItem","position":2,"name":"Kinder in Schweden"}]},{"@type":"WebSite","@id":"https:\/\/www.humanium.org\/de\/#website","url":"https:\/\/www.humanium.org\/de\/","name":"Humanium","description":"Kinder zuerst!","potentialAction":[{"@type":"SearchAction","target":{"@type":"EntryPoint","urlTemplate":"https:\/\/www.humanium.org\/de\/?s={search_term_string}"},"query-input":{"@type":"PropertyValueSpecification","valueRequired":true,"valueName":"search_term_string"}}],"inLanguage":"de"}]}},"_links":{"self":[{"href":"https:\/\/www.humanium.org\/de\/wp-json\/wp\/v2\/pages\/6823","targetHints":{"allow":["GET"]}}],"collection":[{"href":"https:\/\/www.humanium.org\/de\/wp-json\/wp\/v2\/pages"}],"about":[{"href":"https:\/\/www.humanium.org\/de\/wp-json\/wp\/v2\/types\/page"}],"author":[{"embeddable":true,"href":"https:\/\/www.humanium.org\/de\/wp-json\/wp\/v2\/users\/1"}],"replies":[{"embeddable":true,"href":"https:\/\/www.humanium.org\/de\/wp-json\/wp\/v2\/comments?post=6823"}],"version-history":[{"count":4,"href":"https:\/\/www.humanium.org\/de\/wp-json\/wp\/v2\/pages\/6823\/revisions"}],"predecessor-version":[{"id":20482,"href":"https:\/\/www.humanium.org\/de\/wp-json\/wp\/v2\/pages\/6823\/revisions\/20482"}],"wp:attachment":[{"href":"https:\/\/www.humanium.org\/de\/wp-json\/wp\/v2\/media?parent=6823"}],"curies":[{"name":"wp","href":"https:\/\/api.w.org\/{rel}","templated":true}]}}