{"id":6826,"date":"2016-07-01T10:11:10","date_gmt":"2016-07-01T10:11:10","guid":{"rendered":"http:\/\/www.humanium.org\/de\/?page_id=6826"},"modified":"2025-12-06T06:19:26","modified_gmt":"2025-12-06T06:19:26","slug":"norwegen","status":"publish","type":"page","link":"https:\/\/www.humanium.org\/de\/norwegen\/","title":{"rendered":"Kinder in Norwegen"},"content":{"rendered":"<h1>Kinder in Norwegen<\/h1>\n<h2>Die Verwirklichung der Kinderrechte in Norwegen<\/h2>\n<p>Norwegen hat sich zur Implementierung der Kinderrechtskonvention verpflichtet. Der erste Vertreter f\u00fcr Kinderfragen, allgemein als Ombudsmann bekannt, hat sein Amt in Norwegen angetreten. Obwohl das Land eine starke Unterst\u00fctzung seiner Kinder bewiesen hat, werden Kinderrechte immer noch verletzt.<\/p>\n<h3>Hauptprobleme der Kinder in Norwegen:<\/h3>\n<p><strong>Kinder aus Minderheiten<\/strong><\/p>\n<p><strong><img loading=\"lazy\" decoding=\"async\" class=\"alignright wp-image-24729\" title=\"Behandlung von unbegleiteten Minderj\u00e4hrigen stimmt nicht immer mit den Standards \u00fcberein \u00a9 zenein\" src=\"https:\/\/www.humanium.org\/fr\/wp-content\/uploads\/2012\/09\/petit-garcon-zenein-300x200.jpg\" alt=\"\" width=\"300\" height=\"200\" \/><\/strong>Norwegens Bev\u00f6lkerung z\u00e4hlt, sowie viele andere L\u00e4nder auch, einige Minderheiten. Viele dieser Minderheiten, unter anderem die Kvenen, die von finnischen Fischern abstammen, die S\u00e1mi, auch als Lappen bekannt, die Juden und Roma, erfahren oft Diskriminierung. Obwohl Inklusion eines der Grundpfeiler Norwegens ist, f\u00fchlen sich Kinder aus Minderheiten immer noch stigmatisiert und sind Gefahren und h\u00e4ufiger Gewalt ausgesetzt als andere Kinder. Viele der Roma-Kinder leben in Armut und es wird ihnen h\u00e4ufig der Zutritt zu verschiedenen Orten verweigert. Die Regierung versucht durch Antidiskriminierungsgesetze, einen Gleichheitsbeauftragten und der F\u00f6rderung von Gleichbehandlung diesem Problem entgegenzusteuern.<\/p>\n<p><a href=\"https:\/\/www.humanium.org\/de\/isolation-und-entwurzelung\/\"><strong>Unbegleitete Minderj\u00e4hrige<\/strong><\/a><\/p>\n<p><strong><img loading=\"lazy\" decoding=\"async\" class=\"alignright wp-image-24731\" title=\"Kinder mit Migrationshintergrund werden immer noch trotz der allgemeinen Lebensqualit\u00e4t der Kinder misshandelt \u00a9 pink sherbert photography\" src=\"https:\/\/www.humanium.org\/fr\/wp-content\/uploads\/2012\/09\/enfant-pink-sherbert-photography.jpg\" alt=\"\" width=\"129\" height=\"185\" \/><\/strong>Laut einem Bericht von Amnesty International entsprechen die Bedingungen in Einrichtungen f\u00fcr unbegleitete Minderj\u00e4hrige nicht den Menschenrechtsstandards. Ein weiteres Ph\u00e4nomen, das Sorgen erregt, ist das Verschwinden mancher Minderj\u00e4hriger, die in Norwegen ankommen. Dabei stellt die Zuweisung eines Vormunds f\u00fcr jeden unbegleiteten Minderj\u00e4hrigen einen positiven Aspekt dar.<\/p>\n<p><a href=\"https:\/\/www.humanium.org\/de\/was-ist-gerechtigkeit\/\"><strong>Minderj\u00e4hrige und das Justizsystem<\/strong><\/a><\/p>\n<p>In Norwegen k\u00f6nnen Kinder ab dem Alter von 15 Jahren f\u00fcr ihre Straftaten zur Verantwortung gezogen werden. Dabei k\u00f6nnen sie in besonderen Jugendeinrichtungen zwischen 4 Wochen und 12 Monaten inhaftiert werden. Doch in geschlossener Haft befinden sich nur wenige Kinder, da es in Norwegen vorgezogen wird, Ma\u00dfnahmen in einem offenen Umfeld, im besten Interesse des Kindes, umzusetzen.<\/p>\n<p>Was das Justizsystem betrifft, sind keine bestimmten Strukturen f\u00fcr Minderj\u00e4hrige vorgesehen. So stehen Kinder ab 15 Jahren schon vor denselben Gerichten wie die f\u00fcr Erwachsene.<\/p>\n<p><a href=\"https:\/\/www.humanium.org\/de\/das-recht-auf-gesundheit\/\"><strong>Gesundheit<\/strong><\/a><\/p>\n<p>Ein landesweites Programm im Bereich psychischer Gesundheit hat die Versorgung zum psychischen Gleichgewicht norwegischer Kinder verbessert. Dennoch sind die Wartelisten f\u00fcr die Behandlung von Kindern noch zu lange.<\/p>\n<p>Was die k\u00f6rperliche Gesundheit betrifft, stellte eine Studie 2010 fest, dass 19% der norwegischen Kinder im Alter von 8 und 9 Jahren \u00fcbergewichtig oder fettleibig seien.<\/p>\n<p>Angesichts des Gesundheitsrisikos, das \u00dcbergewicht f\u00fcr Kinder darstellt, hat Norwegen eine aktive Rolle bez\u00fcglich des Problems eingenommen und versucht, Jugendliche \u00fcber die Bedeutung von k\u00f6rperlicher Aktivit\u00e4t aufzukl\u00e4ren, sowie den Verbrauch von Lebensmittel mit einem hohen Fett-, Zucker- oder Salzgehalt zu mindern.<\/p>\n<p><a href=\"https:\/\/www.humanium.org\/de\/ausbeutung\/\"><strong>Misshandlung<\/strong><\/a><\/p>\n<p>Jegliche Art k\u00f6rperlicher Gewalt von Erwachsenen gegen Kinder kann strafrechtlich verfolgt werden. Dennoch ergab eine Studie, dass vermutlich 5-10% aller Kinder sexuelle Bel\u00e4stigung oder k\u00f6rperliche Gewalt erfahren haben. Unter den Hauptfolgen solcher Misshandlung befinden sich der R\u00fcckzug in sich selbst, Vertrauensverlust und die Entwicklung von psychologischen Problemen.<\/p>\n<p><strong>Umwelt<\/strong><\/p>\n<p>In Norwegen sterben j\u00e4hrlich zwischen 500 und 2000 Menschen aufgrund von Luftverschmutzung, die besonders gef\u00e4hrdete Menschen gesundheitlich schadet. Haupts\u00e4chlich sind davon Kinder und \u00e4ltere Menschen betroffen. So entsteht durch den Stra\u00dfenverkehr, im Zusammenhang mit einer hohen Verwendung von Spikereifen Feinstaub, der zu Atmungs- oder Herz-Kreislauf-Erkrankungen oder gar zum Tod f\u00fchren kann.<\/p>\n","protected":false},"excerpt":{"rendered":"<p>Kinder in Norwegen Die Verwirklichung der Kinderrechte in Norwegen Norwegen hat sich zur Implementierung der Kinderrechtskonvention verpflichtet. Der erste Vertreter f\u00fcr Kinderfragen, allgemein als Ombudsmann bekannt, hat sein Amt in Norwegen angetreten. Obwohl das Land eine starke Unterst\u00fctzung seiner Kinder bewiesen hat, werden Kinderrechte immer noch verletzt. Hauptprobleme der Kinder in Norwegen: Kinder aus Minderheiten [&hellip;]<\/p>\n","protected":false},"author":1,"featured_media":0,"parent":0,"menu_order":0,"comment_status":"closed","ping_status":"closed","template":"","meta":{"footnotes":""},"class_list":["post-6826","page","type-page","status-publish","hentry"],"yoast_head":"<!-- This site is optimized with the Yoast SEO plugin v26.5 - https:\/\/yoast.com\/wordpress\/plugins\/seo\/ -->\n<title>Kinder in Norwegen - Humanium<\/title>\n<meta name=\"description\" content=\"Norwegen hat sich zur Implementierung der Kinderrechtskonvention verpflichtet. Obwohl Norwegen Unterst\u00fctzung bewiesen hat, werden Kinderrechte verletzt.\" \/>\n<meta name=\"robots\" content=\"index, follow, max-snippet:-1, max-image-preview:large, max-video-preview:-1\" \/>\n<link rel=\"canonical\" href=\"https:\/\/www.humanium.org\/de\/norwegen\/\" \/>\n<meta property=\"og:locale\" content=\"de_DE\" \/>\n<meta property=\"og:type\" content=\"article\" \/>\n<meta property=\"og:title\" content=\"Kinder in Norwegen - Humanium\" \/>\n<meta property=\"og:description\" content=\"Norwegen hat sich zur Implementierung der Kinderrechtskonvention verpflichtet. Obwohl Norwegen Unterst\u00fctzung bewiesen hat, werden Kinderrechte verletzt.\" \/>\n<meta property=\"og:url\" content=\"https:\/\/www.humanium.org\/de\/norwegen\/\" \/>\n<meta property=\"og:site_name\" content=\"Humanium\" \/>\n<meta property=\"article:modified_time\" content=\"2025-12-06T06:19:26+00:00\" \/>\n<meta name=\"twitter:card\" content=\"summary_large_image\" \/>\n<meta name=\"twitter:label1\" content=\"Gesch\u00e4tzte Lesezeit\" \/>\n\t<meta name=\"twitter:data1\" content=\"4\u00a0Minuten\" \/>\n<script type=\"application\/ld+json\" class=\"yoast-schema-graph\">{\"@context\":\"https:\/\/schema.org\",\"@graph\":[{\"@type\":\"WebPage\",\"@id\":\"https:\/\/www.humanium.org\/de\/norwegen\/\",\"url\":\"https:\/\/www.humanium.org\/de\/norwegen\/\",\"name\":\"Kinder in Norwegen - Humanium\",\"isPartOf\":{\"@id\":\"https:\/\/www.humanium.org\/de\/#website\"},\"primaryImageOfPage\":{\"@id\":\"https:\/\/www.humanium.org\/de\/norwegen\/#primaryimage\"},\"image\":{\"@id\":\"https:\/\/www.humanium.org\/de\/norwegen\/#primaryimage\"},\"thumbnailUrl\":\"https:\/\/www.humanium.org\/fr\/wp-content\/uploads\/2012\/09\/petit-garcon-zenein-300x200.jpg\",\"datePublished\":\"2016-07-01T10:11:10+00:00\",\"dateModified\":\"2025-12-06T06:19:26+00:00\",\"description\":\"Norwegen hat sich zur Implementierung der Kinderrechtskonvention verpflichtet. Obwohl Norwegen Unterst\u00fctzung bewiesen hat, werden Kinderrechte verletzt.\",\"breadcrumb\":{\"@id\":\"https:\/\/www.humanium.org\/de\/norwegen\/#breadcrumb\"},\"inLanguage\":\"de\",\"potentialAction\":[{\"@type\":\"ReadAction\",\"target\":[\"https:\/\/www.humanium.org\/de\/norwegen\/\"]}]},{\"@type\":\"ImageObject\",\"inLanguage\":\"de\",\"@id\":\"https:\/\/www.humanium.org\/de\/norwegen\/#primaryimage\",\"url\":\"https:\/\/www.humanium.org\/fr\/wp-content\/uploads\/2012\/09\/petit-garcon-zenein-300x200.jpg\",\"contentUrl\":\"https:\/\/www.humanium.org\/fr\/wp-content\/uploads\/2012\/09\/petit-garcon-zenein-300x200.jpg\"},{\"@type\":\"BreadcrumbList\",\"@id\":\"https:\/\/www.humanium.org\/de\/norwegen\/#breadcrumb\",\"itemListElement\":[{\"@type\":\"ListItem\",\"position\":1,\"name\":\"Home\",\"item\":\"https:\/\/www.humanium.org\/de\/\"},{\"@type\":\"ListItem\",\"position\":2,\"name\":\"Kinder in Norwegen\"}]},{\"@type\":\"WebSite\",\"@id\":\"https:\/\/www.humanium.org\/de\/#website\",\"url\":\"https:\/\/www.humanium.org\/de\/\",\"name\":\"Humanium\",\"description\":\"Kinder zuerst!\",\"potentialAction\":[{\"@type\":\"SearchAction\",\"target\":{\"@type\":\"EntryPoint\",\"urlTemplate\":\"https:\/\/www.humanium.org\/de\/?s={search_term_string}\"},\"query-input\":{\"@type\":\"PropertyValueSpecification\",\"valueRequired\":true,\"valueName\":\"search_term_string\"}}],\"inLanguage\":\"de\"}]}<\/script>\n<!-- \/ Yoast SEO plugin. -->","yoast_head_json":{"title":"Kinder in Norwegen - Humanium","description":"Norwegen hat sich zur Implementierung der Kinderrechtskonvention verpflichtet. Obwohl Norwegen Unterst\u00fctzung bewiesen hat, werden Kinderrechte verletzt.","robots":{"index":"index","follow":"follow","max-snippet":"max-snippet:-1","max-image-preview":"max-image-preview:large","max-video-preview":"max-video-preview:-1"},"canonical":"https:\/\/www.humanium.org\/de\/norwegen\/","og_locale":"de_DE","og_type":"article","og_title":"Kinder in Norwegen - Humanium","og_description":"Norwegen hat sich zur Implementierung der Kinderrechtskonvention verpflichtet. Obwohl Norwegen Unterst\u00fctzung bewiesen hat, werden Kinderrechte verletzt.","og_url":"https:\/\/www.humanium.org\/de\/norwegen\/","og_site_name":"Humanium","article_modified_time":"2025-12-06T06:19:26+00:00","twitter_card":"summary_large_image","twitter_misc":{"Gesch\u00e4tzte Lesezeit":"4\u00a0Minuten"},"schema":{"@context":"https:\/\/schema.org","@graph":[{"@type":"WebPage","@id":"https:\/\/www.humanium.org\/de\/norwegen\/","url":"https:\/\/www.humanium.org\/de\/norwegen\/","name":"Kinder in Norwegen - Humanium","isPartOf":{"@id":"https:\/\/www.humanium.org\/de\/#website"},"primaryImageOfPage":{"@id":"https:\/\/www.humanium.org\/de\/norwegen\/#primaryimage"},"image":{"@id":"https:\/\/www.humanium.org\/de\/norwegen\/#primaryimage"},"thumbnailUrl":"https:\/\/www.humanium.org\/fr\/wp-content\/uploads\/2012\/09\/petit-garcon-zenein-300x200.jpg","datePublished":"2016-07-01T10:11:10+00:00","dateModified":"2025-12-06T06:19:26+00:00","description":"Norwegen hat sich zur Implementierung der Kinderrechtskonvention verpflichtet. Obwohl Norwegen Unterst\u00fctzung bewiesen hat, werden Kinderrechte verletzt.","breadcrumb":{"@id":"https:\/\/www.humanium.org\/de\/norwegen\/#breadcrumb"},"inLanguage":"de","potentialAction":[{"@type":"ReadAction","target":["https:\/\/www.humanium.org\/de\/norwegen\/"]}]},{"@type":"ImageObject","inLanguage":"de","@id":"https:\/\/www.humanium.org\/de\/norwegen\/#primaryimage","url":"https:\/\/www.humanium.org\/fr\/wp-content\/uploads\/2012\/09\/petit-garcon-zenein-300x200.jpg","contentUrl":"https:\/\/www.humanium.org\/fr\/wp-content\/uploads\/2012\/09\/petit-garcon-zenein-300x200.jpg"},{"@type":"BreadcrumbList","@id":"https:\/\/www.humanium.org\/de\/norwegen\/#breadcrumb","itemListElement":[{"@type":"ListItem","position":1,"name":"Home","item":"https:\/\/www.humanium.org\/de\/"},{"@type":"ListItem","position":2,"name":"Kinder in Norwegen"}]},{"@type":"WebSite","@id":"https:\/\/www.humanium.org\/de\/#website","url":"https:\/\/www.humanium.org\/de\/","name":"Humanium","description":"Kinder zuerst!","potentialAction":[{"@type":"SearchAction","target":{"@type":"EntryPoint","urlTemplate":"https:\/\/www.humanium.org\/de\/?s={search_term_string}"},"query-input":{"@type":"PropertyValueSpecification","valueRequired":true,"valueName":"search_term_string"}}],"inLanguage":"de"}]}},"_links":{"self":[{"href":"https:\/\/www.humanium.org\/de\/wp-json\/wp\/v2\/pages\/6826","targetHints":{"allow":["GET"]}}],"collection":[{"href":"https:\/\/www.humanium.org\/de\/wp-json\/wp\/v2\/pages"}],"about":[{"href":"https:\/\/www.humanium.org\/de\/wp-json\/wp\/v2\/types\/page"}],"author":[{"embeddable":true,"href":"https:\/\/www.humanium.org\/de\/wp-json\/wp\/v2\/users\/1"}],"replies":[{"embeddable":true,"href":"https:\/\/www.humanium.org\/de\/wp-json\/wp\/v2\/comments?post=6826"}],"version-history":[{"count":8,"href":"https:\/\/www.humanium.org\/de\/wp-json\/wp\/v2\/pages\/6826\/revisions"}],"predecessor-version":[{"id":20483,"href":"https:\/\/www.humanium.org\/de\/wp-json\/wp\/v2\/pages\/6826\/revisions\/20483"}],"wp:attachment":[{"href":"https:\/\/www.humanium.org\/de\/wp-json\/wp\/v2\/media?parent=6826"}],"curies":[{"name":"wp","href":"https:\/\/api.w.org\/{rel}","templated":true}]}}