{"id":6878,"date":"2016-07-09T13:44:11","date_gmt":"2016-07-09T13:44:11","guid":{"rendered":"http:\/\/www.humanium.org\/de\/?page_id=6878"},"modified":"2025-12-06T06:19:27","modified_gmt":"2025-12-06T06:19:27","slug":"bhutan","status":"publish","type":"page","link":"https:\/\/www.humanium.org\/de\/bhutan\/","title":{"rendered":"Kinder in Bhutan"},"content":{"rendered":"<h1>Kinder in Bhutan<\/h1>\n<h2>Die Verwirklichung der Kinderrechte in Bhutan<\/h2>\n<p style=\"text-align: center;\"><img loading=\"lazy\" decoding=\"async\" class=\"alignnone size-full wp-image-3371\" title=\"M\u00e4dchen aus Bhutan \u00a9 Babasteve (Flickr)\" src=\"https:\/\/www.humanium.org\/en\/wp-content\/uploads\/2011\/09\/bhoutan-fillette-babasteve-flickr.jpg\" alt=\"\" width=\"148\" height=\"200\" \/> <img loading=\"lazy\" decoding=\"async\" class=\"alignnone size-full wp-image-3382\" title=\"Junge aus Bhutan \u00a9 Babasteve (Flickr)\" src=\"https:\/\/www.humanium.org\/en\/wp-content\/uploads\/2011\/09\/garcon-enfant-bhoutan-babasteve-flickr.jpg\" alt=\"\" width=\"142\" height=\"200\" \/><\/p>\n<p>Als kleiner Staat zwischen zwei voll entwickelten M\u00e4chten (Indien und China) pr\u00e4sentiert sich Bhutan auf internationaler Ebene sehr zur\u00fcckhaltend. Und trotz seines gro\u00dfen Fortschritts muss dieses Land noch einiges an Arbeit leisten, damit Kinderrechte voll anerkannt und umgesetzt werden k\u00f6nnen.<\/p>\n<h3>Hauptprobleme der Kinder in Bhutan:<\/h3>\n<p><a href=\"https:\/\/www.humanium.org\/de\/armut\/\"><strong>Armut<\/strong><\/a><\/p>\n<p><img loading=\"lazy\" decoding=\"async\" class=\"alignright size-full wp-image-3375\" title=\"Die wirtschaftliche Situation Bhutan\u2019s beeinflusst das Leben vieler Kinder. \u00a9 Amanderson II (Flickr)\" src=\"https:\/\/www.humanium.org\/en\/wp-content\/uploads\/2011\/09\/pauvrete-bhoutan-amandersondeux-flickr.jpg\" alt=\"\" width=\"219\" height=\"165\" \/>Fast ein Viertel der Bev\u00f6lkerung von Bhutan lebt unterhalb der Armutsgrenze. Au\u00dferdem ist das Bruttonationaleinkommen (BNE) extrem niedrig. Obwohl noch nicht \u00f6ffentlich best\u00e4tigt, wird angekommen, dass es 10 mal niedriger ist als das von Portugal.<\/p>\n<p>Viele Kinder leiden unter den Konsequenzen dieser Armut \u2013 besonders im Gesundheitsbereich, Bildung und Arbeit. Dabei sind Kinder in l\u00e4ndlichen Gebieten st\u00e4rker betroffen als Kinder in der Stadt.<\/p>\n<p><strong><a href=\"https:\/\/www.humanium.org\/de\/focusdiskriminierung\/\">Diskriminierung<\/a><\/strong><\/p>\n<p>Kinder mit Behinderung: Trotz der bisherigen Bem\u00fchungen des Landes ist die Situation von Kindern mit Behinderung prek\u00e4r. Sie stehen noch immer am Rande der Gesellschaft und genie\u00dfen nicht die ihnen zustehenden Rechte. Angebote spezialisierter Hilfsorganisationen sind unzureichend. Dar\u00fcber hinaus werden ihre Rechte nicht gesch\u00fctzt und Zugang zu \u00f6ffentlichen Diensten ist erschwert. Diese Kinder haben Schwierigkeiten in Bezug auf Bildung, medizinischer Versorgung, etc.<\/p>\n<p><strong><a href=\"https:\/\/www.humanium.org\/de\/isolation-und-entwurzelung\/\">Migrantenkinder<\/a><\/strong><\/p>\n<p>Die bhutanische Nationalit\u00e4t ist schwierig zu erlangen, da beide Elternteile bhutanischer Nationalit\u00e4t sein m\u00fcssen. Deswegen leben in Bhutan viele Kinder, die nicht dieser Nationalit\u00e4t angeh\u00f6ren. Manche von ihnen sind staatenlos. Das bedeutet, dass sie gro\u00dfe Schwierigkeiten haben ihre Rechte durchzusetzen. Au\u00dferdem werden Migrantenkinder von Bhutanern diskriminiert. Sie sehen sich mit Hindernissen konfrontiert, welche ihnen die Nutzung der \u00f6ffentlichen Dienste erschweren. Daher sind ihre Recht auf Bildung, Gesundheitsversorgung und Staatsangeh\u00f6rigkeit nicht gesichert.<\/p>\n<p><strong><a href=\"https:\/\/www.humanium.org\/de\/recht-bildung\/\">Das Recht auf Bildung<\/a><\/strong><\/p>\n<p><img loading=\"lazy\" decoding=\"async\" class=\"alignright size-full wp-image-3376\" title=\"Das Recht der Kinder auf Bildung kann in Bhutan nur schwer umgesetzt werden. \u00a9 Laihiu (Flickr)\" src=\"https:\/\/www.humanium.org\/en\/wp-content\/uploads\/2011\/09\/education-bhoutan-laihiu-flickr.jpg\" alt=\"\" width=\"175\" height=\"157\" \/>In Bhutan geht durchschnittlich mehr als eins von zehn Kindern nicht zur Schule. Daher sollte der Zugang vereinfacht werden, insbesondere die Grundschulbildung betreffend.<br \/>\nLeider sind die zus\u00e4tzlichen Kosten noch immer zu hoch, was auch durch nicht-institutionelle Bildung verst\u00e4rkt\u00a0wird. Einige Eltern k\u00f6nnen die Finanzierung der Ausbildung ihrer Kinder nicht garantieren.<\/p>\n<p>Zudem besteht keine Schulpflicht. Die \u00e4rmsten Familien schicken ihre Kinder f\u00fcr ein Einkommen lieber arbeiten anstatt zur Schule, was ihnen finanziell keine Vorteile bringen w\u00fcrde.<\/p>\n<p><strong><a href=\"https:\/\/www.humanium.org\/de\/kinder-und-aids\/\">AIDS<\/a><\/strong><\/p>\n<p>Die Anzahl der HIV-Infizierten in Bhutan nimmt zu. Pr\u00e4ventionsma\u00dfnahmen und Aufkl\u00e4rung sind unzureichend. Deswegen ist die \u00dcbertragungsrate auf Kinder, deren M\u00fctter nicht aufgekl\u00e4rt sind, sehr hoch.<\/p>\n<p>Zudem werden oftmals keine vorbeugenden Verh\u00fctungsmethoden angewendet. Das f\u00fchrt zur Ausbreitung von HIV und unerw\u00fcnschten Schwangerschaften bei jungen M\u00e4dchen.<\/p>\n<p><a href=\"https:\/\/www.humanium.org\/de\/kinderarbeit-2\/\"><strong>Kinderarbeit<\/strong><\/a><\/p>\n<p><img loading=\"lazy\" decoding=\"async\" class=\"alignright size-full wp-image-3377\" title=\"Viele bhutanische Kinder m\u00fcssen unter sehr schweren Bedingungen arbeiten. \u00a9 Joseph A Ferris Tropis (Flickr)\" src=\"https:\/\/www.humanium.org\/en\/wp-content\/uploads\/2011\/09\/travail-bhoutan-joseph-a-ferris-tropis-flickr.jpg\" alt=\"\" width=\"221\" height=\"165\" \/><\/p>\n<p>Obwohl das gesetzliche Arbeitsalter bei 18 Jahren liegt, muss fast eins von f\u00fcnf Kindern arbeiten, um seine Familie zu unterst\u00fctzen. Dabei begegnen sie schwierigen Arbeitsbedingungen auf dem Feld oder in Werkst\u00e4tten.<\/p>\n<p>Das Ausma\u00df sexueller Ausbeutung von Kindern ist ebenso sehr besorgniserregend in diesem Land, wo sexuelle M\u00fcndigkeit keiner Altersbegrenzung unterliegt. Deswegen ist Kinderprostitution sehr schwer auszumerzen.<\/p>\n<p><strong>Kinder von Minderheiten<\/strong><\/p>\n<p>Bhutan hat das Anliegen, f\u00fcr die Wahrung und Einhaltung der Rechte von Minderheiten, gesch\u00fctzt durch die Kinderrechtskonvention, zu sorgen. Tats\u00e4chlich aber werden Minderheiten wie z.B. Nepalesen als eine sehr pr\u00e4sente Bev\u00f6lkerungsgruppe, in diesem Land nicht ausreichend gesch\u00fctzt.<br \/>\nAu\u00dferdem sind die Kinder Opfer von Diskrimierung. Ihre Rechte auf Aus\u00fcbung und Wahrung ihrer Sitten, Religionen und sprachlichen Traditionen werden andauernd verletzt. Sie sind nicht angemessen in die restliche Gesellschaft integriert und haben nicht den gleichen Zugang zu \u00f6ffentlichen Diensten.<\/p>\n<p><a href=\"https:\/\/www.humanium.org\/de\/gewalt\/\"><strong>Gewalt gegen Kinder<\/strong><\/a><\/p>\n<p><img loading=\"lazy\" decoding=\"async\" class=\"alignright size-medium wp-image-3378\" title=\"Einige bhutanische Kl\u00f6ster sind Orte von Kindesmisshandlungen. \u00a9 Crazyegg 95 (Flickr)\" src=\"https:\/\/www.humanium.org\/en\/wp-content\/uploads\/2011\/09\/violence-bhoutan-crazyeggquatrevinquinze-flickr-notouche-300x199.jpg\" alt=\"\" width=\"215\" height=\"143\" \/>K\u00f6rperliche Bestrafung ist nicht ausdr\u00fccklich verboten in Bhutan. Daher sind viele Kinder Opfer von schlechter Behandlung sowohl zu Hause als auch in der Schule. Der Ausschuss f\u00fcr die Rechte des Kindes hat folglich Sorge \u00fcber die Gesetzeslage in Bhutan ge\u00e4u\u00dfert, die den Schutz von Kindern gem\u00e4\u00df der Konvention \u00fcber die Rechte des Kindes nicht garantieren kann. So gibt es z.B. Kl\u00f6ster, in denen junge M\u00f6nche k\u00f6rperliche Bestrafung erleiden.<\/p>\n<p>Dementsprechend ist Misshandlung von Kindern im Familienumfeld viel zu h\u00e4ufig. Au\u00dferdem kann keine Unterst\u00fctzung und Aufsicht dieser Kinder garantiert werden.<\/p>\n","protected":false},"excerpt":{"rendered":"<p>Kinder in Bhutan Die Verwirklichung der Kinderrechte in Bhutan Als kleiner Staat zwischen zwei voll entwickelten M\u00e4chten (Indien und China) pr\u00e4sentiert sich Bhutan auf internationaler Ebene sehr zur\u00fcckhaltend. Und trotz seines gro\u00dfen Fortschritts muss dieses Land noch einiges an Arbeit leisten, damit Kinderrechte voll anerkannt und umgesetzt werden k\u00f6nnen. Hauptprobleme der Kinder in Bhutan: Armut [&hellip;]<\/p>\n","protected":false},"author":1,"featured_media":0,"parent":0,"menu_order":0,"comment_status":"closed","ping_status":"closed","template":"","meta":{"footnotes":""},"class_list":["post-6878","page","type-page","status-publish","hentry"],"yoast_head":"<!-- This site is optimized with the Yoast SEO plugin v26.5 - https:\/\/yoast.com\/wordpress\/plugins\/seo\/ -->\n<title>Kinder in Bhutan - Humanium<\/title>\n<meta name=\"description\" content=\"Trotz seines gro\u00dfen Fortschritts muss dieses Land noch einiges an Arbeit leisten, damit Kinderrechte voll anerkannt und umgesetzt werden k\u00f6nnen.\" \/>\n<meta name=\"robots\" content=\"index, follow, max-snippet:-1, max-image-preview:large, max-video-preview:-1\" \/>\n<link rel=\"canonical\" href=\"https:\/\/www.humanium.org\/de\/bhutan\/\" \/>\n<meta property=\"og:locale\" content=\"de_DE\" \/>\n<meta property=\"og:type\" content=\"article\" \/>\n<meta property=\"og:title\" content=\"Kinder in Bhutan - Humanium\" \/>\n<meta property=\"og:description\" content=\"Trotz seines gro\u00dfen Fortschritts muss dieses Land noch einiges an Arbeit leisten, damit Kinderrechte voll anerkannt und umgesetzt werden k\u00f6nnen.\" \/>\n<meta property=\"og:url\" content=\"https:\/\/www.humanium.org\/de\/bhutan\/\" \/>\n<meta property=\"og:site_name\" content=\"Humanium\" \/>\n<meta property=\"article:modified_time\" content=\"2025-12-06T06:19:27+00:00\" \/>\n<meta name=\"twitter:card\" content=\"summary_large_image\" \/>\n<meta name=\"twitter:label1\" content=\"Gesch\u00e4tzte Lesezeit\" \/>\n\t<meta name=\"twitter:data1\" content=\"5\u00a0Minuten\" \/>\n<script type=\"application\/ld+json\" class=\"yoast-schema-graph\">{\"@context\":\"https:\/\/schema.org\",\"@graph\":[{\"@type\":\"WebPage\",\"@id\":\"https:\/\/www.humanium.org\/de\/bhutan\/\",\"url\":\"https:\/\/www.humanium.org\/de\/bhutan\/\",\"name\":\"Kinder in Bhutan - Humanium\",\"isPartOf\":{\"@id\":\"https:\/\/www.humanium.org\/de\/#website\"},\"primaryImageOfPage\":{\"@id\":\"https:\/\/www.humanium.org\/de\/bhutan\/#primaryimage\"},\"image\":{\"@id\":\"https:\/\/www.humanium.org\/de\/bhutan\/#primaryimage\"},\"thumbnailUrl\":\"https:\/\/www.humanium.org\/en\/wp-content\/uploads\/2011\/09\/bhoutan-fillette-babasteve-flickr.jpg\",\"datePublished\":\"2016-07-09T13:44:11+00:00\",\"dateModified\":\"2025-12-06T06:19:27+00:00\",\"description\":\"Trotz seines gro\u00dfen Fortschritts muss dieses Land noch einiges an Arbeit leisten, damit Kinderrechte voll anerkannt und umgesetzt werden k\u00f6nnen.\",\"breadcrumb\":{\"@id\":\"https:\/\/www.humanium.org\/de\/bhutan\/#breadcrumb\"},\"inLanguage\":\"de\",\"potentialAction\":[{\"@type\":\"ReadAction\",\"target\":[\"https:\/\/www.humanium.org\/de\/bhutan\/\"]}]},{\"@type\":\"ImageObject\",\"inLanguage\":\"de\",\"@id\":\"https:\/\/www.humanium.org\/de\/bhutan\/#primaryimage\",\"url\":\"https:\/\/www.humanium.org\/en\/wp-content\/uploads\/2011\/09\/bhoutan-fillette-babasteve-flickr.jpg\",\"contentUrl\":\"https:\/\/www.humanium.org\/en\/wp-content\/uploads\/2011\/09\/bhoutan-fillette-babasteve-flickr.jpg\"},{\"@type\":\"BreadcrumbList\",\"@id\":\"https:\/\/www.humanium.org\/de\/bhutan\/#breadcrumb\",\"itemListElement\":[{\"@type\":\"ListItem\",\"position\":1,\"name\":\"Home\",\"item\":\"https:\/\/www.humanium.org\/de\/\"},{\"@type\":\"ListItem\",\"position\":2,\"name\":\"Kinder in Bhutan\"}]},{\"@type\":\"WebSite\",\"@id\":\"https:\/\/www.humanium.org\/de\/#website\",\"url\":\"https:\/\/www.humanium.org\/de\/\",\"name\":\"Humanium\",\"description\":\"Kinder zuerst!\",\"potentialAction\":[{\"@type\":\"SearchAction\",\"target\":{\"@type\":\"EntryPoint\",\"urlTemplate\":\"https:\/\/www.humanium.org\/de\/?s={search_term_string}\"},\"query-input\":{\"@type\":\"PropertyValueSpecification\",\"valueRequired\":true,\"valueName\":\"search_term_string\"}}],\"inLanguage\":\"de\"}]}<\/script>\n<!-- \/ Yoast SEO plugin. -->","yoast_head_json":{"title":"Kinder in Bhutan - Humanium","description":"Trotz seines gro\u00dfen Fortschritts muss dieses Land noch einiges an Arbeit leisten, damit Kinderrechte voll anerkannt und umgesetzt werden k\u00f6nnen.","robots":{"index":"index","follow":"follow","max-snippet":"max-snippet:-1","max-image-preview":"max-image-preview:large","max-video-preview":"max-video-preview:-1"},"canonical":"https:\/\/www.humanium.org\/de\/bhutan\/","og_locale":"de_DE","og_type":"article","og_title":"Kinder in Bhutan - Humanium","og_description":"Trotz seines gro\u00dfen Fortschritts muss dieses Land noch einiges an Arbeit leisten, damit Kinderrechte voll anerkannt und umgesetzt werden k\u00f6nnen.","og_url":"https:\/\/www.humanium.org\/de\/bhutan\/","og_site_name":"Humanium","article_modified_time":"2025-12-06T06:19:27+00:00","twitter_card":"summary_large_image","twitter_misc":{"Gesch\u00e4tzte Lesezeit":"5\u00a0Minuten"},"schema":{"@context":"https:\/\/schema.org","@graph":[{"@type":"WebPage","@id":"https:\/\/www.humanium.org\/de\/bhutan\/","url":"https:\/\/www.humanium.org\/de\/bhutan\/","name":"Kinder in Bhutan - Humanium","isPartOf":{"@id":"https:\/\/www.humanium.org\/de\/#website"},"primaryImageOfPage":{"@id":"https:\/\/www.humanium.org\/de\/bhutan\/#primaryimage"},"image":{"@id":"https:\/\/www.humanium.org\/de\/bhutan\/#primaryimage"},"thumbnailUrl":"https:\/\/www.humanium.org\/en\/wp-content\/uploads\/2011\/09\/bhoutan-fillette-babasteve-flickr.jpg","datePublished":"2016-07-09T13:44:11+00:00","dateModified":"2025-12-06T06:19:27+00:00","description":"Trotz seines gro\u00dfen Fortschritts muss dieses Land noch einiges an Arbeit leisten, damit Kinderrechte voll anerkannt und umgesetzt werden k\u00f6nnen.","breadcrumb":{"@id":"https:\/\/www.humanium.org\/de\/bhutan\/#breadcrumb"},"inLanguage":"de","potentialAction":[{"@type":"ReadAction","target":["https:\/\/www.humanium.org\/de\/bhutan\/"]}]},{"@type":"ImageObject","inLanguage":"de","@id":"https:\/\/www.humanium.org\/de\/bhutan\/#primaryimage","url":"https:\/\/www.humanium.org\/en\/wp-content\/uploads\/2011\/09\/bhoutan-fillette-babasteve-flickr.jpg","contentUrl":"https:\/\/www.humanium.org\/en\/wp-content\/uploads\/2011\/09\/bhoutan-fillette-babasteve-flickr.jpg"},{"@type":"BreadcrumbList","@id":"https:\/\/www.humanium.org\/de\/bhutan\/#breadcrumb","itemListElement":[{"@type":"ListItem","position":1,"name":"Home","item":"https:\/\/www.humanium.org\/de\/"},{"@type":"ListItem","position":2,"name":"Kinder in Bhutan"}]},{"@type":"WebSite","@id":"https:\/\/www.humanium.org\/de\/#website","url":"https:\/\/www.humanium.org\/de\/","name":"Humanium","description":"Kinder zuerst!","potentialAction":[{"@type":"SearchAction","target":{"@type":"EntryPoint","urlTemplate":"https:\/\/www.humanium.org\/de\/?s={search_term_string}"},"query-input":{"@type":"PropertyValueSpecification","valueRequired":true,"valueName":"search_term_string"}}],"inLanguage":"de"}]}},"_links":{"self":[{"href":"https:\/\/www.humanium.org\/de\/wp-json\/wp\/v2\/pages\/6878","targetHints":{"allow":["GET"]}}],"collection":[{"href":"https:\/\/www.humanium.org\/de\/wp-json\/wp\/v2\/pages"}],"about":[{"href":"https:\/\/www.humanium.org\/de\/wp-json\/wp\/v2\/types\/page"}],"author":[{"embeddable":true,"href":"https:\/\/www.humanium.org\/de\/wp-json\/wp\/v2\/users\/1"}],"replies":[{"embeddable":true,"href":"https:\/\/www.humanium.org\/de\/wp-json\/wp\/v2\/comments?post=6878"}],"version-history":[{"count":4,"href":"https:\/\/www.humanium.org\/de\/wp-json\/wp\/v2\/pages\/6878\/revisions"}],"predecessor-version":[{"id":20487,"href":"https:\/\/www.humanium.org\/de\/wp-json\/wp\/v2\/pages\/6878\/revisions\/20487"}],"wp:attachment":[{"href":"https:\/\/www.humanium.org\/de\/wp-json\/wp\/v2\/media?parent=6878"}],"curies":[{"name":"wp","href":"https:\/\/api.w.org\/{rel}","templated":true}]}}