{"id":6885,"date":"2016-07-12T10:07:19","date_gmt":"2016-07-12T10:07:19","guid":{"rendered":"http:\/\/www.humanium.org\/de\/?page_id=6885"},"modified":"2025-12-05T16:58:17","modified_gmt":"2025-12-05T16:58:17","slug":"sri-lanka","status":"publish","type":"page","link":"https:\/\/www.humanium.org\/de\/sri-lanka\/","title":{"rendered":"Kinder in Sri Lanka"},"content":{"rendered":"<h1>Kinder in Sri Lanka<\/h1>\n<h2>Einsatz f\u00fcr Kinderrechte in Sri Lanka<\/h2>\n<p style=\"text-align: center;\"><img loading=\"lazy\" decoding=\"async\" class=\"alignnone size-full wp-image-3274\" title=\"Girl from Sri Lanka \u00a9 Mydaas (Flickr)\" src=\"https:\/\/www.humanium.org\/en\/wp-content\/uploads\/2011\/09\/fillette-mydaas-flickr1.jpg\" alt=\"\" width=\"142\" height=\"200\" \/> <img loading=\"lazy\" decoding=\"async\" class=\"alignnone size-full wp-image-3275\" title=\"Boy from Sri Lanka \u00a9 Alles Schlumpf (Flickr)\" src=\"https:\/\/www.humanium.org\/en\/wp-content\/uploads\/2011\/09\/garcon-alles-schlumpf-flickr.jpg\" alt=\"\" width=\"176\" height=\"200\" \/><\/p>\n<p style=\"text-align: justify;\">Zeichnet man eine Bilanz \u00fcber die Lage in Sri Lanka f\u00fcr den Zeitraum von Ende des 20. Jahrhunderts bis 2009, so f\u00e4llt diese dramatisch aus: Durch den bewaffneten Konflikt kamen fast 100.000 Menschen ums Leben und drei Mal so viele mussten ihre Heimat verlassen. Ein Tsunami forderte zus\u00e4tzlich 30.000 Opfer. Die Kinder in Sri Lanka mussten einiges erleidenn und beginnen gerade erst wieder, die Augen f\u00fcr einen Blick auf die Zukunft zu \u00f6ffnen.<\/p>\n<h3>Die gr\u00f6\u00dften Herausforderungen f\u00fcr Kinder in Sri Lanka sind:<\/h3>\n<p><strong><a href=\"https:\/\/www.humanium.org\/en\/poor-children\/\">Armut<\/a><\/strong><\/p>\n<p style=\"text-align: justify;\">Etwa ein Viertel der sri-lankischen Bev\u00f6lkerung lebt unterhalb der <a href=\"https:\/\/www.humanium.org\/en\/poor-children\/\">Armutsgrenze<\/a>. Diese prek\u00e4re finanzielle Situation ist ohne Zweifel eine der Folgen des bewaffneten Konflikts, der die letzten Jahrzehnte \u00fcber angehalten hat. Der Krieg lastete finanziell schwer auf den Familien, von denen sich viele ohne Dach \u00fcber dem Kopf und ohne Nahrung durchschlagen mussten. Schritt f\u00fcr Schritt hat sich die Situation wieder verbessert, f\u00fcr einige ist es aber immer noch nicht leicht. Am st\u00e4rksten leiden die Kinder unter der Katastrophe, und die wirtschaftlichen Umst\u00e4nde f\u00fchren immer wieder zu Einschr\u00e4nkungen ihrer Rechte.<\/p>\n<p><strong><a href=\"https:\/\/www.humanium.org\/en\/fundamental-rights\/health\/\">Gesundheit<\/a><\/strong><\/p>\n<p style=\"text-align: justify;\"><img loading=\"lazy\" decoding=\"async\" class=\"alignright size-full wp-image-3276\" title=\"Health services must be improved in order to ensure that all Sri Lankan children receive the attention they need. \u00a9 World Bank Photo Collection (Flickr)\" src=\"https:\/\/www.humanium.org\/en\/wp-content\/uploads\/2011\/09\/sante-world-bank-photo-collection-flickr-notouch.jpg\" alt=\"\" width=\"278\" height=\"185\" \/> Auch wenn sich die <a href=\"https:\/\/www.humanium.org\/en\/fundamental-rights\/health\/\">medizinische Versorgung<\/a> in Sri Lanka in der letzten Zeit deutlich verbessert hat, bleibt sie sehr ausbauf\u00e4hig. Vor allem in l\u00e4ndlichen Gegenden besteht ein Mangel, sodass auch Kinder nicht immer ausreichend versorgt sind.<\/p>\n<p style=\"text-align: justify;\">Der lange B\u00fcrgerkrieg wirkte sich auch auf die <a href=\"https:\/\/www.humanium.org\/en\/fundamental-rights\/health\/\">Gesundheitsstandards<\/a> aus. Dies wird sowohl auf materieller als auch auf hygienischer und menschlicher Ebene sichtbar.<br \/>\nBesonders beunruhigend ist, dass 17% der Neugeborenen in Sri Lanka an einer Mangelern\u00e4hrung leiden.<\/p>\n<p><strong>Kinder als Opfer des Konflikts<\/strong><\/p>\n<p style=\"text-align: justify;\">Die blutigen K\u00e4mpfe, die in den vergangenen Jahrzehnten in Sri Lanka w\u00fcteten, machten auch vor den Kindern nicht Halt. Bis heute wirkt sich der Krieg in vielen Bereichen auf ihr Leben aus. Tausende Menschen verschwanden beispielsweise in den tragischen Kriegsjahren. Kinder blieben oft allein v\u00f6llig aus sich selbst gestellt, zur\u00fcck. Diese Waisen leben unter schwierigen Bedingungen. Einige von ihnen hatten zwar Gl\u00fcck und haben ihre Familien wiederfinden k\u00f6nnen, die meisten aber sind alleine zur\u00fcckgeblieben, haben kein Zuhause und erhalten keinerlei Unterst\u00fctzung.<\/p>\n<p style=\"text-align: justify;\">Selbst Kinder verschwanden w\u00e4hrend des Krieges, konnten jedoch selbst durch andauernde Suchma\u00dfnahmen nicht aufgefunden werden. Niemand kann genau sagen, was mit diesen Kindern geschehen ist. Andere wurden Hunderte Kilometer von ihrem Geburtsort verschleppt. Diese Kinder r\u00fccken nun immer mehr in den Blick, allerdings bekommen trotz allem nicht alle von ihnen konkrete Unterst\u00fctzung, um in ihre Heimat zur\u00fcckkehren zu k\u00f6nnen.<\/p>\n<p><strong><a href=\"https:\/\/www.humanium.org\/en\/nondiscrimination\/\">Diskriminierung<\/a><\/strong><\/p>\n<p style=\"text-align: justify;\"><img loading=\"lazy\" decoding=\"async\" class=\"alignright size-full wp-image-3277\" title=\"Although much more rare than in the past, discrimination remains a problem in Sri Lanka. \u00a9 Traveller 9 (Flickr)\" src=\"https:\/\/www.humanium.org\/en\/wp-content\/uploads\/2011\/09\/discrimination-travellerneuf-flickr.jpg\" alt=\"\" width=\"278\" height=\"185\" \/>Die Geschichte Sri Lankas nahm in den 70er-Jahren eine tragische Wendung. Ursache waren <a href=\"https:\/\/www.humanium.org\/en\/nondiscrimination\/\">Diskriminierung<\/a> und Rassismus. Zwar hat sich die Situation inzwischen deutlich gebessert, dennoch besteht Diskriminierung in bestimmten F\u00e4llen leider fort. Diese F\u00e4lle sind zwar seltener geworden und zudem nicht mehr so offensichtlich wie zuvor, allerdings ist und bleibt Diskriminierung Realit\u00e4t in dem Inselstaat.<\/p>\n<p style=\"text-align: justify;\">Kinder leiden oftmals als Erste unter <a href=\"https:\/\/www.humanium.org\/en\/nondiscrimination\/\">Diskriminierung<\/a>. Die Rechte von Kindern, die bestimmten Gruppen, wie z.B. den Veddas, Muslimen oder tamilen, angeh\u00f6ren, erhalten oftmals nicht den die notwenige Beachtung. Either sie ihre Br\u00e4uche, Religion und Traditionen ausleben wollen, wird das in den Augen bestimmter Gesellschaftsgruppen als Akt der Feindseeligkeit und als mangelnde Integrationsbereitschaft gesehen. Eine ganze Reihe rechtlicher Prinzipien, wie sie in dem <a href=\"https:\/\/www.humanium.org\/en\/convention\/\">internationalen \u00dcbereinkommen \u00fcber die Rechte des Kindes<\/a> festgehalten sind, werden so mit F\u00fc\u00dfen getreten.<\/p>\n<p><strong><a href=\"https:\/\/www.humanium.org\/en\/child-soldier\/\">Kindersoldaten<\/a><\/strong><\/p>\n<p style=\"text-align: justify;\">Die Zwangsrekrutierung von Kindern durch die Truppen \u2013 sowohl die der Singhalesischen (staatlichen) Armee als auch die der Rebellen \u2013 war w\u00e4hrend des Konflikts keine Seltenheit. Es kam sogar vor, dass Br\u00fcder jeweils von der gegnerischen Seite rekrutiert wurden und im Konflikt dann gegeneinander k\u00e4mpfen mussten.<\/p>\n<p style=\"text-align: justify;\">Offiziell wurde der Konflikt 2009 beigelegt, das Problem der <a href=\"https:\/\/www.humanium.org\/en\/child-soldier\/\">Kindersoldaten<\/a> h\u00e4lt jedoch noch an. Auch wenn sie nun nicht mehr zum K\u00e4mpfen gezwungen werden, hallen die Erlebnisse, die sie w\u00e4hrend ihrer Kindheit in den Armen bewaffneter Gruppen gemacht haben, auf vielfache Weise nach. Sie mussten Gewalt, Folter und die Grausamkeiten des Krieges miterleben. Ihr Gesundheitszustand und ihre moralische Entwicklung sind desastr\u00f6s, ihre Wiedereingliederung in die Gesellschaft gestaltet sich sehr schwierig.<\/p>\n<p><strong>\u00a0Bildung<\/strong><\/p>\n<p style=\"text-align: justify;\"><img loading=\"lazy\" decoding=\"async\" class=\"alignright size-full wp-image-3278\" title=\"Long years of war have damaged school services. \u00a9 Valentine F.\" src=\"https:\/\/www.humanium.org\/en\/wp-content\/uploads\/2011\/09\/education-valentine.jpg\" alt=\"\" width=\"275\" height=\"200\" \/>30 Jahre Krieg haben in Sri Lanka starke Spuren im Bildungssystemhinterlassen. Einerseits sind Bildungseinrichtungen durch die Gewalttaten stark in Mitleidenschaft gezogen worden (zerst\u00f6rte Geb\u00e4ude, geschlossene Schulen, Pl\u00fcnderungen\u2026). Auf der anderen Seite sind die Kinder selbst mit ihrer Schulbildung weit in R\u00fcckstand geraten.<\/p>\n<p style=\"text-align: justify;\">Dank gro\u00dfer Anstrengungen kann heute einiges wieder wettgemacht werden. Doch das Schulsystem wird noch viele Bem\u00fchungen brauchen, bis eine Situation hergestellt ist, in der alle sri-lankischen Kinder ihr Recht auf Bildung wieder vollst\u00e4ndig in Anspruch nehmen k\u00f6nnen.<\/p>\n<p><strong><a href=\"https:\/\/www.humanium.org\/en\/child-labour\/\">Kinderarbeit<\/a><\/strong><\/p>\n<p style=\"text-align: justify;\">Sch\u00e4tzungen zufolge arbeitet in Sri Lanka jedes achte Kind. Dieser bedauernswerte Zustand ist ein Resultat der weitverbreiteten Armut, die die Familien dazu zwingt, ihre <a href=\"https:\/\/www.humanium.org\/en\/child-labour\/\">Kinder arbeiten<\/a>zu schicken. Nur so kommt genug Geld zusammen, um die Bed\u00fcrfnisse aller zu decken. Oft sieht man daher sri-lankische Kinder und Jugendliche auf Teeplantagen oder als Hausangestellte bei wohlhabendsten Familien arbeiten.<\/p>\n<p style=\"text-align: justify;\">Andere Kinder fallen auch Kriminellen zum Opfer und werden von ihnen gezwungen, noch schlimmere Arbeiten zu verrichten. Sexuelle Ausbeutung ist neben anderem ein sehr besorgniserregendes Problem in diesem Land. Viele Minderj\u00e4hrige lassen sich prostituieren, weil sie unter dem schlechten Einfluss von Ganoven stehen, die in gro\u00dfe illegale Gesch\u00e4fte verwickelt sind.<\/p>\n<p><strong>\u00a0<a href=\"https:\/\/www.humanium.org\/en\/child-marriage\/\">Kinderheirat<\/a><\/strong><\/p>\n<p style=\"text-align: justify;\"><img loading=\"lazy\" decoding=\"async\" class=\"alignright size-full wp-image-3279\" title=\"12 % of Sri Lankan girls are married before their eighteenth birthday. \u00a9 Aidan Jones (Flickr)\" src=\"https:\/\/www.humanium.org\/en\/wp-content\/uploads\/2011\/09\/mariage-aidan-jones-flickr.jpg\" alt=\"\" width=\"142\" height=\"191\" \/>Die Zahl der <a href=\"https:\/\/www.humanium.org\/en\/child-marriage\/\">Kinderheiraten<\/a>ist in den letzten Jahren stark zur\u00fcckgegangen. Besorgniserregend bleibt jedoch die Tatsache, dass Sch\u00e4tzungen zufolge bis heute 12 % der jungen M\u00e4dchen vor ihrem 18. Geburtstag verheiratet werden. Eine Hochzeit in so jungen Jahren hat oft schwerwiegende Folgen f\u00fcr die Kinder, die die Tragweite dieser Entscheidung noch gar nicht \u00fcberblicken k\u00f6nnen.<\/p>\n<p style=\"text-align: justify;\">Auch k\u00f6nnen sich die Kinder ihren zuk\u00fcnftigen Partner nicht immer selbst aussuchen. In l\u00e4ndlichen Gegenden beispielsweise bestimmen das Kastensystem und die Brautgabe in gro\u00dfem Ma\u00dfe diese Verbindungen. Hinzukommt, dass die Tradition es verlangt, dass der Mann immer f\u00fcnf bis sechs Jahre \u00e4lter sein muss als seine Braut.<\/p>\n","protected":false},"excerpt":{"rendered":"<p>Kinder in Sri Lanka Einsatz f\u00fcr Kinderrechte in Sri Lanka Zeichnet man eine Bilanz \u00fcber die Lage in Sri Lanka f\u00fcr den Zeitraum von Ende des 20. Jahrhunderts bis 2009, so f\u00e4llt diese dramatisch aus: Durch den bewaffneten Konflikt kamen fast 100.000 Menschen ums Leben und drei Mal so viele mussten ihre Heimat verlassen. Ein [&hellip;]<\/p>\n","protected":false},"author":1,"featured_media":0,"parent":0,"menu_order":0,"comment_status":"closed","ping_status":"closed","template":"","meta":{"footnotes":""},"class_list":["post-6885","page","type-page","status-publish","hentry"],"yoast_head":"<!-- This site is optimized with the Yoast SEO plugin v26.5 - https:\/\/yoast.com\/wordpress\/plugins\/seo\/ -->\n<title>Kinder in Sri Lanka - Humanium<\/title>\n<meta name=\"description\" content=\"Die Kinder in Sri Lanka mussten einiges erleidenn und beginnen gerade erst wieder, die Augen f\u00fcr einen Blick auf die Zukunft zu \u00f6ffnen.\" \/>\n<meta name=\"robots\" content=\"index, follow, max-snippet:-1, max-image-preview:large, max-video-preview:-1\" \/>\n<link rel=\"canonical\" href=\"https:\/\/www.humanium.org\/de\/sri-lanka\/\" \/>\n<meta property=\"og:locale\" content=\"de_DE\" \/>\n<meta property=\"og:type\" content=\"article\" \/>\n<meta property=\"og:title\" content=\"Kinder in Sri Lanka - Humanium\" \/>\n<meta property=\"og:description\" content=\"Die Kinder in Sri Lanka mussten einiges erleidenn und beginnen gerade erst wieder, die Augen f\u00fcr einen Blick auf die Zukunft zu \u00f6ffnen.\" \/>\n<meta property=\"og:url\" content=\"https:\/\/www.humanium.org\/de\/sri-lanka\/\" \/>\n<meta property=\"og:site_name\" content=\"Humanium\" \/>\n<meta property=\"article:modified_time\" content=\"2025-12-05T16:58:17+00:00\" \/>\n<meta name=\"twitter:card\" content=\"summary_large_image\" \/>\n<meta name=\"twitter:label1\" content=\"Gesch\u00e4tzte Lesezeit\" \/>\n\t<meta name=\"twitter:data1\" content=\"7\u00a0Minuten\" \/>\n<script type=\"application\/ld+json\" class=\"yoast-schema-graph\">{\"@context\":\"https:\/\/schema.org\",\"@graph\":[{\"@type\":\"WebPage\",\"@id\":\"https:\/\/www.humanium.org\/de\/sri-lanka\/\",\"url\":\"https:\/\/www.humanium.org\/de\/sri-lanka\/\",\"name\":\"Kinder in Sri Lanka - Humanium\",\"isPartOf\":{\"@id\":\"https:\/\/www.humanium.org\/de\/#website\"},\"primaryImageOfPage\":{\"@id\":\"https:\/\/www.humanium.org\/de\/sri-lanka\/#primaryimage\"},\"image\":{\"@id\":\"https:\/\/www.humanium.org\/de\/sri-lanka\/#primaryimage\"},\"thumbnailUrl\":\"https:\/\/www.humanium.org\/en\/wp-content\/uploads\/2011\/09\/fillette-mydaas-flickr1.jpg\",\"datePublished\":\"2016-07-12T10:07:19+00:00\",\"dateModified\":\"2025-12-05T16:58:17+00:00\",\"description\":\"Die Kinder in Sri Lanka mussten einiges erleidenn und beginnen gerade erst wieder, die Augen f\u00fcr einen Blick auf die Zukunft zu \u00f6ffnen.\",\"breadcrumb\":{\"@id\":\"https:\/\/www.humanium.org\/de\/sri-lanka\/#breadcrumb\"},\"inLanguage\":\"de\",\"potentialAction\":[{\"@type\":\"ReadAction\",\"target\":[\"https:\/\/www.humanium.org\/de\/sri-lanka\/\"]}]},{\"@type\":\"ImageObject\",\"inLanguage\":\"de\",\"@id\":\"https:\/\/www.humanium.org\/de\/sri-lanka\/#primaryimage\",\"url\":\"https:\/\/www.humanium.org\/en\/wp-content\/uploads\/2011\/09\/fillette-mydaas-flickr1.jpg\",\"contentUrl\":\"https:\/\/www.humanium.org\/en\/wp-content\/uploads\/2011\/09\/fillette-mydaas-flickr1.jpg\"},{\"@type\":\"BreadcrumbList\",\"@id\":\"https:\/\/www.humanium.org\/de\/sri-lanka\/#breadcrumb\",\"itemListElement\":[{\"@type\":\"ListItem\",\"position\":1,\"name\":\"Home\",\"item\":\"https:\/\/www.humanium.org\/de\/\"},{\"@type\":\"ListItem\",\"position\":2,\"name\":\"Kinder in Sri Lanka\"}]},{\"@type\":\"WebSite\",\"@id\":\"https:\/\/www.humanium.org\/de\/#website\",\"url\":\"https:\/\/www.humanium.org\/de\/\",\"name\":\"Humanium\",\"description\":\"Kinder zuerst!\",\"potentialAction\":[{\"@type\":\"SearchAction\",\"target\":{\"@type\":\"EntryPoint\",\"urlTemplate\":\"https:\/\/www.humanium.org\/de\/?s={search_term_string}\"},\"query-input\":{\"@type\":\"PropertyValueSpecification\",\"valueRequired\":true,\"valueName\":\"search_term_string\"}}],\"inLanguage\":\"de\"}]}<\/script>\n<!-- \/ Yoast SEO plugin. -->","yoast_head_json":{"title":"Kinder in Sri Lanka - Humanium","description":"Die Kinder in Sri Lanka mussten einiges erleidenn und beginnen gerade erst wieder, die Augen f\u00fcr einen Blick auf die Zukunft zu \u00f6ffnen.","robots":{"index":"index","follow":"follow","max-snippet":"max-snippet:-1","max-image-preview":"max-image-preview:large","max-video-preview":"max-video-preview:-1"},"canonical":"https:\/\/www.humanium.org\/de\/sri-lanka\/","og_locale":"de_DE","og_type":"article","og_title":"Kinder in Sri Lanka - Humanium","og_description":"Die Kinder in Sri Lanka mussten einiges erleidenn und beginnen gerade erst wieder, die Augen f\u00fcr einen Blick auf die Zukunft zu \u00f6ffnen.","og_url":"https:\/\/www.humanium.org\/de\/sri-lanka\/","og_site_name":"Humanium","article_modified_time":"2025-12-05T16:58:17+00:00","twitter_card":"summary_large_image","twitter_misc":{"Gesch\u00e4tzte Lesezeit":"7\u00a0Minuten"},"schema":{"@context":"https:\/\/schema.org","@graph":[{"@type":"WebPage","@id":"https:\/\/www.humanium.org\/de\/sri-lanka\/","url":"https:\/\/www.humanium.org\/de\/sri-lanka\/","name":"Kinder in Sri Lanka - Humanium","isPartOf":{"@id":"https:\/\/www.humanium.org\/de\/#website"},"primaryImageOfPage":{"@id":"https:\/\/www.humanium.org\/de\/sri-lanka\/#primaryimage"},"image":{"@id":"https:\/\/www.humanium.org\/de\/sri-lanka\/#primaryimage"},"thumbnailUrl":"https:\/\/www.humanium.org\/en\/wp-content\/uploads\/2011\/09\/fillette-mydaas-flickr1.jpg","datePublished":"2016-07-12T10:07:19+00:00","dateModified":"2025-12-05T16:58:17+00:00","description":"Die Kinder in Sri Lanka mussten einiges erleidenn und beginnen gerade erst wieder, die Augen f\u00fcr einen Blick auf die Zukunft zu \u00f6ffnen.","breadcrumb":{"@id":"https:\/\/www.humanium.org\/de\/sri-lanka\/#breadcrumb"},"inLanguage":"de","potentialAction":[{"@type":"ReadAction","target":["https:\/\/www.humanium.org\/de\/sri-lanka\/"]}]},{"@type":"ImageObject","inLanguage":"de","@id":"https:\/\/www.humanium.org\/de\/sri-lanka\/#primaryimage","url":"https:\/\/www.humanium.org\/en\/wp-content\/uploads\/2011\/09\/fillette-mydaas-flickr1.jpg","contentUrl":"https:\/\/www.humanium.org\/en\/wp-content\/uploads\/2011\/09\/fillette-mydaas-flickr1.jpg"},{"@type":"BreadcrumbList","@id":"https:\/\/www.humanium.org\/de\/sri-lanka\/#breadcrumb","itemListElement":[{"@type":"ListItem","position":1,"name":"Home","item":"https:\/\/www.humanium.org\/de\/"},{"@type":"ListItem","position":2,"name":"Kinder in Sri Lanka"}]},{"@type":"WebSite","@id":"https:\/\/www.humanium.org\/de\/#website","url":"https:\/\/www.humanium.org\/de\/","name":"Humanium","description":"Kinder zuerst!","potentialAction":[{"@type":"SearchAction","target":{"@type":"EntryPoint","urlTemplate":"https:\/\/www.humanium.org\/de\/?s={search_term_string}"},"query-input":{"@type":"PropertyValueSpecification","valueRequired":true,"valueName":"search_term_string"}}],"inLanguage":"de"}]}},"_links":{"self":[{"href":"https:\/\/www.humanium.org\/de\/wp-json\/wp\/v2\/pages\/6885","targetHints":{"allow":["GET"]}}],"collection":[{"href":"https:\/\/www.humanium.org\/de\/wp-json\/wp\/v2\/pages"}],"about":[{"href":"https:\/\/www.humanium.org\/de\/wp-json\/wp\/v2\/types\/page"}],"author":[{"embeddable":true,"href":"https:\/\/www.humanium.org\/de\/wp-json\/wp\/v2\/users\/1"}],"replies":[{"embeddable":true,"href":"https:\/\/www.humanium.org\/de\/wp-json\/wp\/v2\/comments?post=6885"}],"version-history":[{"count":5,"href":"https:\/\/www.humanium.org\/de\/wp-json\/wp\/v2\/pages\/6885\/revisions"}],"predecessor-version":[{"id":20126,"href":"https:\/\/www.humanium.org\/de\/wp-json\/wp\/v2\/pages\/6885\/revisions\/20126"}],"wp:attachment":[{"href":"https:\/\/www.humanium.org\/de\/wp-json\/wp\/v2\/media?parent=6885"}],"curies":[{"name":"wp","href":"https:\/\/api.w.org\/{rel}","templated":true}]}}