{"id":6898,"date":"2016-07-12T16:41:37","date_gmt":"2016-07-12T16:41:37","guid":{"rendered":"http:\/\/www.humanium.org\/de\/?page_id=6898"},"modified":"2025-12-05T16:59:05","modified_gmt":"2025-12-05T16:59:05","slug":"kinder-in-papua-neuguinea","status":"publish","type":"page","link":"https:\/\/www.humanium.org\/de\/kinder-in-papua-neuguinea\/","title":{"rendered":"Kinder in Papua-Neuguinea"},"content":{"rendered":"<h1>Kinder in Papua-Neuguinea<\/h1>\n<h2>Die Verwirklichung von Kinderrechten in Papua-Neuguinea<\/h2>\n<p align=\"center\"><img loading=\"lazy\" decoding=\"async\" class=\"size-full wp-image-8713 alignnone\" title=\"Little girl from Papua New Guinea \u00a9 appnie2009 (flickr)\" src=\"https:\/\/www.humanium.org\/en\/wp-content\/uploads\/2012\/08\/papua-girl-appie2009-flickr.jpg\" alt=\"\" width=\"130\" height=\"200\" \/>\u00a0<img loading=\"lazy\" decoding=\"async\" class=\"alignnone size-full wp-image-8714\" title=\"Little boy from Papua New Guinea \u00a9 Radio Nederland Wereldomroep (flickr)\" src=\"https:\/\/www.humanium.org\/en\/wp-content\/uploads\/2012\/08\/image-garcon-Radio-Nederland.Wereldomroep-flickr.jpg\" alt=\"\" width=\"133\" height=\"200\" \/><\/p>\n<p style=\"text-align: justify;\">Kinder in Papua-Neuguinea befinden sich in einer sehr schwierigen Situation. Trotz gewisser Verbesserungen, besonders im Justiz- und Bildungswesen, gibt es noch gro\u00dfe L\u00fccken in Bezug auf den Schutz von Kinderrechten. Kinder sind die haupts\u00e4chlichen Opfer von Misshandlung, Ausbeutung und dem Versagen des Gesundheitssystems.<\/p>\n<h3>Hauptprobleme von Kindern in Papua-Neuguinea:<\/h3>\n<p><a href=\"https:\/\/www.humanium.org\/en\/poor-children\/\"><strong>Armut<\/strong><\/a><\/p>\n<p style=\"text-align: justify;\"><img loading=\"lazy\" decoding=\"async\" class=\"alignright wp-image-8715\" title=\"Many children do not have proper access to drinking water. \u00a9 eGuide Travel (flickr)\" src=\"https:\/\/www.humanium.org\/en\/wp-content\/uploads\/2012\/08\/image-eau-eGuide-Travel-flickr.jpg\" alt=\"\" width=\"221\" height=\"146\" \/>Da 37 % der Bev\u00f6lkerung unterhalb der internationalen Armutsgrenze (USD 1,25\/Tag) leben, mangelt es vielen Kindern in Papua-Neuguinea an Zugang zu <a href=\"https:\/\/www.humanium.org\/en\/fundamental-rights\/water\/\">Trinkwasser<\/a> und angemessener <a href=\"https:\/\/www.humanium.org\/en\/fundamental-rights\/food\/\">Ern\u00e4hrung<\/a>. 28 % der Kinder sind mittel bis schwerwiegend unterern\u00e4hrt und 43 % leiden an Wachstumsst\u00f6rungen. Armut ist au\u00dferdem eine der Hauptursachen f\u00fcr Menschenhandel, Ausbeutung, Kinderarbeit und fehlende Schulbildung im Land.<\/p>\n<p><a href=\"https:\/\/www.humanium.org\/en\/abuse\/\"><strong>Misshandlung<\/strong><\/a><\/p>\n<p style=\"text-align: justify;\"><a href=\"https:\/\/www.humanium.org\/en\/abuse\/\">K\u00f6rperliche Bestrafung<\/a> als Erziehungsmethode ist gesetzlich nicht verboten. Eltern und (Haus-)Lehrer greifen oft auf Gewalt zur\u00fcck, um ihre Kinder zu disziplinieren. Diese Kinder sind im t\u00e4glichen Leben, zu Hause und in der Schule au\u00dferdem oft Opfer von Vernachl\u00e4ssigung und Misshandlung, insbesondere <a href=\"https:\/\/www.humanium.org\/en\/sexual-abuse-children\/\">sexueller<\/a>.<\/p>\n<p style=\"text-align: justify;\"><img loading=\"lazy\" decoding=\"async\" class=\"alignright wp-image-8716\" title=\"Violence towards women and girls is considered \u201cnormal\u201d by many. \u00a9 eGuide Travel (flickr)\" src=\"https:\/\/www.humanium.org\/en\/wp-content\/uploads\/2012\/08\/image-maltraitance-femme-et-fillette-eGuide-Travel-flickr.jpg\" alt=\"\" width=\"221\" height=\"146\" \/>K\u00f6rperliche Gewalt <a href=\"https:\/\/www.humanium.org\/en\/abuse\/\">violence<\/a> gegen Frauen und M\u00e4dchen ist allgegenw\u00e4rtig und wird von einem gro\u00dfen Teil der Bev\u00f6lkerung sogar als \u201enormal\u201d angesehen. Dementsprechend ist mehr als die H\u00e4lfte der weiblichen Bev\u00f6lkerung bereits einmal von einem Mann angegriffen worden. Viele, auch unter jungen Paaren, sind schon von ihrem Partner geschlagen worden. Es besteht auch ein sehr hohes Risiko, au\u00dferhalb des eigenen Hauses angegriffen zu werden. Mangelnde <a href=\"https:\/\/www.humanium.org\/en\/justice-of-children\/\">Strafverfolgung<\/a> ermutigt die Kriminellen. Dies wird dar\u00fcber hinaus noch verst\u00e4rkt, weil die f\u00fcr ihre Brutalit\u00e4t notorischen Ordnungskr\u00e4fte selbst zahlreiche Gewaltakte, auch sexueller Art, gegen junge Frauen begangen haben.<\/p>\n<p><strong>Kinderhexen<\/strong><\/p>\n<p style=\"text-align: justify;\">Es werden barbarische Folterungen und Morde an als Hexen bezichtigten Menschen berichtet, oftmals an jungen Frauen und M\u00e4dchen. Im Jahr 2010 gab es um die f\u00fcnfzig Mordf\u00e4lle in den Provinzen des \u00f6stlichen Hochlands und Chimbu. Das deutet darauf hin, dass die Zahl der Opfer ansteigt, w\u00e4hrend die Regierung nichts unternimmt, um diese Morde zu verhindern oder die T\u00e4ter zu bestrafen.<\/p>\n<p><a href=\"https:\/\/www.humanium.org\/en\/fundamental-rights\/health\/\"><strong>Gesundheit<\/strong><\/a><\/p>\n<p style=\"text-align: justify;\"><img loading=\"lazy\" decoding=\"async\" class=\"alignright size-full wp-image-8717\" title=\"1 out of 21 children does not live past the age of 5. \u00a9 Cuso International (flickr)\" src=\"https:\/\/www.humanium.org\/en\/wp-content\/uploads\/2012\/08\/image-clinique-mere-enfant-cuso-international-flickr.jpg\" alt=\"\" width=\"208\" height=\"141\" \/>Die Kapazit\u00e4ten des <a href=\"https:\/\/www.humanium.org\/en\/fundamental-rights\/health\/\">Gesundheitssystems<\/a>-sowie die grundlegende Gesundheitserziehung sind unzureichend. Das von der Regierung vor einigen Jahren eingerichtete System der freien Gesundheitsversorgung ist aufgegeben worden, da die zugewiesenen Gelder viel zu gering waren und die Infrastruktur am Zerfall ist. Epidemien von Denguefieber, Malaria und Hepatitis A sind nicht selten und werden durch die ung\u00fcnstigen Klima- und Umweltbedingungen noch gef\u00f6rdert. Die M\u00fctter- und <a href=\"https:\/\/www.humanium.org\/en\/infant-mortality\/\">Kindersterblichkeitsraten<\/a> sind sehr hoch, besonders in l\u00e4ndlichen Regionen. Eins von 21 Kindern erreicht nicht das Alter von 5 Jahren.<\/p>\n<p style=\"text-align: justify;\">Das Land h\u00e4lt auch den traurigen Rekord der h\u00f6chsten <a href=\"https:\/\/www.humanium.org\/en\/children-and-aids\/\">HIV\/AIDS-Infektionsrate <\/a> in der Region. Mehr als 1 % der Bev\u00f6lkerung sind nach WHO-Berichten infiziert. Schlechter Zugang zu Tests, Behandlungen und Vorbeugungsmethoden f\u00f6rdern die \u00dcbertragung der Krankheit, ebenso wie die Schikane von erkrankten Personen oder solchen, die Verh\u00fctungsmittel besitzen.<\/p>\n<p style=\"text-align: justify;\">Frauen sind Infektionen mehr ausgesetzt, weil sie zum Ziel sexueller Aggression werden und es Ungleichheiten bei der Behandlung gibt. Sie stellen 60 % der Erkrankten und die Infektionsrate unter M\u00e4dchen im Alter von 15-19 Jahren ist die h\u00f6chste des Landes, viermal so hoch wie die von M\u00e4nnern im selben Alter.<\/p>\n<p style=\"text-align: justify;\">Zus\u00e4tzlich sch\u00e4tzen die Vereinten Nationen, dass im Jahr 2009 5.610 Kinder aufgrund von\u00a0<a href=\"https:\/\/www.humanium.org\/en\/children-and-aids\/\">HIV\/AIDS<\/a> zu <a href=\"https:\/\/www.humanium.org\/en\/orphans\/\">Waisen<\/a> wurden und dass sich 3.000 Kinder infizierten.<\/p>\n<p><strong>Unterricht <\/strong><\/p>\n<p style=\"text-align: justify;\"><img loading=\"lazy\" decoding=\"async\" class=\"alignright wp-image-8718\" title=\"Many children do not or have little access to education. \u00a9 SurfaceWarriors (flickr)\" src=\"https:\/\/www.humanium.org\/en\/wp-content\/uploads\/2012\/08\/image-ecole-SurfaceWarriors-flickr.jpg\" alt=\"\" width=\"227\" height=\"162\" \/>Schulunterricht ist nicht obligatorisch und nur f\u00fcr die ersten beiden Jahre der Prim\u00e4rschule kostenlos. Aufgrund von Geldmangel oder komplexer Familiensituationen haben viele Kinder wenig oder gar keinen Zugang dazu. Manche von ihnen besuchen die Schule sehr sp\u00e4t, was oft zu schulischem Misserfolg f\u00fchrt. Als Folge davon sind mehr als 30 % der 15 bis 24-j\u00e4hrigen Analphabeten.<\/p>\n<p style=\"text-align: justify;\">Kinder in l\u00e4ndlichen Regionen leiden h\u00e4ufiger unter einem Mangel an Schulunterricht. Weniger als 50 % von ihnen besuchen eine Schule, und nur die H\u00e4lfte schlie\u00dft die Prim\u00e4rschule ab. F\u00fcr M\u00e4dchen ist es noch unwahrscheinlicher, eine vollst\u00e4ndige Schulbildung zu erhalten, insbesondere auch, weil sie in der Schule oder auf dem Schulweg zu Opfern <a href=\"https:\/\/www.humanium.org\/en\/sexual-abuse-children\/\">sexuellen Missbrauchs<\/a>\u00a0werden.<\/p>\n<p><a href=\"https:\/\/www.humanium.org\/en\/child-marriage\/\"><strong>Kinderehen<\/strong><\/a><\/p>\n<p style=\"text-align: justify;\">Das gesetzliche Mindestalter f\u00fcr eine <a href=\"https:\/\/www.humanium.org\/en\/child-marriage\/\">Eheschlie\u00dfung<\/a> ist 16 Jahre f\u00fcr M\u00e4dchen und 18 Jahre f\u00fcr Jungen, aber es kann mit Zustimmung der Eltern und des Gerichts auf 14 bzw. 16 herabgesetzt werden. In l\u00e4ndlichen Gemeinden, in denen traditionelle Eheschlie\u00dfungen praktiziert werden, ist es allerdings nicht selten, dass Kinder noch fr\u00fcher heiraten, manchmal bereits mit 12 Jahren.<\/p>\n<p style=\"text-align: justify;\">Diese\u00a0<a href=\"https:\/\/www.humanium.org\/en\/child-marriage\/\">verfr\u00fchten Ehen<\/a> haben besonders schwerwiegende Folgen f\u00fcr die M\u00e4dchen, von denen 15 % im Alter zwischen 15 und 19 Jahren bereits verheiratet oder verlobt sind. Ihre Gesundheit und schulische Ausbildung ist somit gef\u00e4hrdet. Die Praxis eines \u201eBrautpreises\u201d (eine Form der Mitgift), Polygamie und Zwangsverheiratung sind Ursachen von Gewalt und Diskriminierung. Junge M\u00e4dchen werden au\u00dferdem oft zur Begleichung von famili\u00e4ren Schulden verheiratet und damit ausgebeutet.<\/p>\n<p><a href=\"https:\/\/www.humanium.org\/en\/child-trafficking\/\"><strong>Kinderhandel und Ausbeutung<\/strong><\/a><\/p>\n<p style=\"text-align: justify;\">Obwohl es das Abkommen \u00fcber die schlimmsten Formen <a href=\"https:\/\/www.humanium.org\/en\/child-labour\/\">Kinderarbeit<\/a>, unterzeichnet hat, hat Papua-Neuguinea nur unzureichende Ma\u00dfnahmen ergriffen, um Kinder vor <a href=\"https:\/\/www.humanium.org\/en\/child-trafficking\/\">Kinderhandel<\/a>\u00a0zu besch\u00fctzen. Nur <a href=\"https:\/\/www.humanium.org\/en\/sexual-abuse-children\/\">sexuelle Ausbeutung<\/a> wird durch das Abkommen untersagt und auch nur f\u00fcr M\u00e4dchen. Kinderhandel zum Zwecke der Ausbeutung als Arbeitskr\u00e4fte ist damit nicht illegal. In allen F\u00e4llen werden die Menschenh\u00e4ndler selten verfolgt und noch seltener bestraft.<\/p>\n<p style=\"text-align: justify;\"><img loading=\"lazy\" decoding=\"async\" class=\"alignright wp-image-8719\" title=\"Sexual and economic exploitation of children is widespread. \u00a9 eGuide Travel (flickr)\" src=\"https:\/\/www.humanium.org\/en\/wp-content\/uploads\/2012\/08\/image-exploitation-eGuide-Travel-flickr.jpg\" alt=\"\" width=\"218\" height=\"144\" \/><a href=\"https:\/\/www.humanium.org\/en\/child-labour\/\">Die Ausbeutung von Kindern<\/a>, auch f\u00fcr gef\u00e4hrliche Arbeit, ist sehr verbreitet. Es sind nur wenige Ma\u00dfnahmen ergriffen worden, um diesem Ph\u00e4nomen entgegenzuwirken und die Opfer zu sch\u00fctzen. Daher ist die <a href=\"https:\/\/www.humanium.org\/en\/child-prostitution\/\">Prostitution<\/a> junger M\u00e4dchen, manchmal ab dem Alter von 10 Jahren, eine verbreitete \u00f6konomische \u00dcberlebensstrategie geworden, obwohl das Gesetz schwere Strafen f\u00fcr F\u00e4lle von <a href=\"https:\/\/www.humanium.org\/en\/sexual-abuse-children\/\">sexuellen Beziehungen zu Minderj\u00e4hrigen<\/a>\u00a0vorsieht und Kinderpornographie verbietet.<\/p>\n<p style=\"text-align: justify;\">Nicht selten nehmen die Eltern selbst an der Ausbeutung ihrer Kinder teil, indem sie sie wie Diener oder <a href=\"https:\/\/www.humanium.org\/en\/child-prostitution\/\">Prostituierte<\/a>\u00a0vermieten, wenn sie nicht selbst f\u00fcr sie sorgen k\u00f6nnen. Eine h\u00e4ufige Praxis besteht darin, eines seiner Kinder informell von einem reicheren Familienmitglied oder einer wohlhabenderen Familie \u201eadoptieren\u201c zu lassen, oftmals als Begleichung einer Schuld. Dieses Kind findet sich dann in sklaven\u00e4hnlichen Bedingungen wieder, in denen es stundenlang ohne Pause, Freizeit, Versorgung oder schulische Ausbildung arbeiten muss.<\/p>\n<p style=\"text-align: justify;\"><a href=\"https:\/\/www.humanium.org\/en\/street-children\/\"><strong>Stra\u00dfenkinder<br \/>\n<\/strong><\/a><br \/>\nH\u00e4usliche Gewalt, der Zusammenbruch der Familie, die Arbeitslosigkeit der Eltern, Landflucht und Druck von Freunden sind die Hauptgr\u00fcnde, aus denen Kinder auf der<a href=\"https:\/\/www.humanium.org\/en\/street-children\/\"> Stra\u00dfe leben und\/oder arbeiten.<\/a><\/p>\n<p style=\"text-align: justify;\"><a href=\"https:\/\/www.humanium.org\/en\/street-children\/\">Stra\u00dfenkinder<\/a>\u00a0sind heute auf den Stra\u00dfen der Hauptstadt und um die Baustellen von Bergleuten und Waldarbeitern herum zahlreich zu sehen, wo sie Zigaretten, CDs und Lebensmittel verkaufen, obwohl die <a href=\"https:\/\/www.humanium.org\/en\/child-labour\/\">Arbeit<\/a>\u00a0von Minderj\u00e4hrigen unter 16 Jahren gesetzlich verboten ist (au\u00dfer unter gewissen Umst\u00e4nden und wenn es ihren Schulunterricht nicht st\u00f6rt). Die Mehrheit dieser Kinder hat nie eine\u00a0Schule\u00a0besucht oder diese sehr fr\u00fch abgebrochen. Die Regierung arbeitet an der nationalen Bek\u00e4mpfung dieses Ph\u00e4nomens, aber bislang sind noch keine konkreten Ma\u00dfnahmen ergriffen worden.<\/p>\n<p><a href=\"https:\/\/www.humanium.org\/en\/justice-of-children\/\"><strong><br \/>\nGerechtigkeit<\/strong><\/a><\/p>\n<p style=\"text-align: justify;\">Armut, Landflucht und der Zusammenbruch der Familieneinheit sind f\u00fcr die wachsende Zahl von Gesetzes\u00fcbertretungen durch Minderj\u00e4hrige verantwortlich. Diese begehen 10 % aller Verbrechen in der Hauptstadt. Nicht weniger als 40 % der Jugendlichen, insbesondere Jungen zwischen 14 und 18 Jahren, befinden sich\u00a0<a href=\"https:\/\/www.humanium.org\/en\/children-in-justice-system\/\">im Konflikt mit dem Gesetz<\/a>.<\/p>\n<p style=\"text-align: justify;\">Das\u00a0<a href=\"https:\/\/www.humanium.org\/en\/justice-of-children\/\">Justizsystem<\/a> wurde vor kurzem durch den Erlass eines Gesetzes in Bezug auf Ordnungswidrigkeiten und Sexualverbrechen gegen Minderj\u00e4hrige verst\u00e4rkt, au\u00dferdem auch durch ein weiteres in Bezug auf den Schutz der Kindheit (Lukautim Pikinini). Die Entwicklung ist jedoch langsam und vieles muss noch getan werden. Das <a href=\"https:\/\/www.humanium.org\/en\/juvenile-law\/\">Strafm\u00fcndigkeitsalter<\/a> liegt nach wie vor bei 7 Jahren, was als Grenze viel zu niedrig ist.<\/p>\n<p style=\"text-align: justify;\">Die Mehrheit der Jugendlichen wird f\u00fcr Kleinkriminalit\u00e4t verurteilt und ihrer fundamentalen Rechte beraubt, insbesondere\u00a0<a href=\"https:\/\/www.humanium.org\/en\/fundamental-rights\/health\/\">des Zugangs zu medizinischer Versorgung<\/a>. Viele werden von der Polizei, die f\u00fcr ihren Machtmissbrauch besonders gegen\u00fcber Straft\u00e4tern, Prostituierten oder homosexuellen Minderj\u00e4hrigen bekannt ist, gewaltsam <a href=\"https:\/\/www.humanium.org\/en\/abuse\/\">misshandelt<\/a>.<\/p>\n<p style=\"text-align: justify;\">Seit der Einrichtung von <a href=\"https:\/\/www.humanium.org\/en\/juvenile-law\/\">Jugendgerichten<\/a>, sind minderj\u00e4hrige Straft\u00e4ter vom traditionellen Justizsystem getrennt worden. Trotzdem werden <a href=\"https:\/\/www.humanium.org\/en\/detained-children\/\">erhaftete Jugendliche<\/a> immer noch viel zu oft in Gef\u00e4ngnissen mit Erwachsenen inhaftiert, in denen sie einem hohen Risiko von Angriffen ausgesetzt sind. Die Verwahrungsbedingungen sind gleicherma\u00dfen ungeeignet f\u00fcr Kinder, insbesondere in Bezug auf Hygiene und Gesundheitsversorgung.<\/p>\n<p><strong>Zwangsenteignungen<\/strong><\/p>\n<p style=\"text-align: justify;\"><img loading=\"lazy\" decoding=\"async\" class=\"alignright wp-image-8720\" title=\"Certain unscrupulous natural-resource exploitation companies do not hesitate to employ force to dislodge communities . \u00a9 CIFOR (flickr)\" src=\"https:\/\/www.humanium.org\/en\/wp-content\/uploads\/2012\/08\/image-expropriation-CIFOR-flickr.jpg\" alt=\"\" width=\"180\" height=\"135\" \/>Gewisse skrupellose rohstoffausbeutende Konzerne z\u00f6gern nicht, die in ihren Abbaugebieten lebenden Gemeinschaften gewaltsam zu enteignen, ohne daf\u00fcr irgendeine finanzielle Kompensation anzubieten. Die Zerst\u00f6rung von D\u00f6rfern, Massenvergewaltigungen und andere Menschenrechtsverletzungen wurden berichtet. Da es an einer Regulierung durch die Regierung mangelt, haben die Brutalit\u00e4t dieser Zwangsenteignungen sowie die daraus folgende Entwurzelung und Mittellosigkeit gravierende Folgen f\u00fcr Kinder.<\/p>\n<p><a href=\"https:\/\/www.humanium.org\/en\/nondiscrimination\/\"><strong>Diskriminierung<\/strong><\/a><\/p>\n<p style=\"text-align: justify;\">Soziale <a href=\"https:\/\/www.humanium.org\/en\/nondiscrimination\/\"> Diskriminierung<\/a> gegen\u00fcber M\u00e4dchen und bestimmten Gruppen verwundbarer Kinder h\u00e4lt an. Dies ist beispielsweise bei behindert oder unehelich geborenen Kindern der Fall. Dar\u00fcber hinaus enth\u00e4lt die Verfassung des Landes kein Verbot von Diskriminierung aufgrund von <a href=\"https:\/\/www.humanium.org\/en\/disabled-children\/\">Behinderungen<\/a>.<\/p>\n<p>M\u00e4dchen und Frauen, vor allem in l\u00e4ndlichen und isolierten Gemeinschaften, sind besondere von bestimmten diskriminierenden Praktiken in Bezug auf Eheschlie\u00dfung, deren Aufhebung sowie Beziehungen innerhalb der Familie, speziell was Erbfragen angeht, betroffen.<\/p>\n","protected":false},"excerpt":{"rendered":"<p>Kinder in Papua-Neuguinea Die Verwirklichung von Kinderrechten in Papua-Neuguinea \u00a0 Kinder in Papua-Neuguinea befinden sich in einer sehr schwierigen Situation. Trotz gewisser Verbesserungen, besonders im Justiz- und Bildungswesen, gibt es noch gro\u00dfe L\u00fccken in Bezug auf den Schutz von Kinderrechten. Kinder sind die haupts\u00e4chlichen Opfer von Misshandlung, Ausbeutung und dem Versagen des Gesundheitssystems. Hauptprobleme von [&hellip;]<\/p>\n","protected":false},"author":1,"featured_media":0,"parent":0,"menu_order":0,"comment_status":"closed","ping_status":"closed","template":"","meta":{"footnotes":""},"class_list":["post-6898","page","type-page","status-publish","hentry"],"yoast_head":"<!-- This site is optimized with the Yoast SEO plugin v26.5 - https:\/\/yoast.com\/wordpress\/plugins\/seo\/ -->\n<title>Kinder in Papua-Neuguinea - Humanium<\/title>\n<meta name=\"description\" content=\"Trotz gewisser Verbesserungen, besonders im Justiz- und Bildungswesen in Papua-Neuguinea, gibt es gro\u00dfe L\u00fccken in Bezug auf den Schutz von Kinderrechten.\" \/>\n<meta name=\"robots\" content=\"index, follow, max-snippet:-1, max-image-preview:large, max-video-preview:-1\" \/>\n<link rel=\"canonical\" href=\"https:\/\/www.humanium.org\/de\/kinder-in-papua-neuguinea\/\" \/>\n<meta property=\"og:locale\" content=\"de_DE\" \/>\n<meta property=\"og:type\" content=\"article\" \/>\n<meta property=\"og:title\" content=\"Kinder in Papua-Neuguinea - Humanium\" \/>\n<meta property=\"og:description\" content=\"Trotz gewisser Verbesserungen, besonders im Justiz- und Bildungswesen in Papua-Neuguinea, gibt es gro\u00dfe L\u00fccken in Bezug auf den Schutz von Kinderrechten.\" \/>\n<meta property=\"og:url\" content=\"https:\/\/www.humanium.org\/de\/kinder-in-papua-neuguinea\/\" \/>\n<meta property=\"og:site_name\" content=\"Humanium\" \/>\n<meta property=\"article:modified_time\" content=\"2025-12-05T16:59:05+00:00\" \/>\n<meta name=\"twitter:card\" content=\"summary_large_image\" \/>\n<meta name=\"twitter:label1\" content=\"Gesch\u00e4tzte Lesezeit\" \/>\n\t<meta name=\"twitter:data1\" content=\"10\u00a0Minuten\" \/>\n<script type=\"application\/ld+json\" class=\"yoast-schema-graph\">{\"@context\":\"https:\/\/schema.org\",\"@graph\":[{\"@type\":\"WebPage\",\"@id\":\"https:\/\/www.humanium.org\/de\/kinder-in-papua-neuguinea\/\",\"url\":\"https:\/\/www.humanium.org\/de\/kinder-in-papua-neuguinea\/\",\"name\":\"Kinder in Papua-Neuguinea - Humanium\",\"isPartOf\":{\"@id\":\"https:\/\/www.humanium.org\/de\/#website\"},\"primaryImageOfPage\":{\"@id\":\"https:\/\/www.humanium.org\/de\/kinder-in-papua-neuguinea\/#primaryimage\"},\"image\":{\"@id\":\"https:\/\/www.humanium.org\/de\/kinder-in-papua-neuguinea\/#primaryimage\"},\"thumbnailUrl\":\"https:\/\/www.humanium.org\/en\/wp-content\/uploads\/2012\/08\/papua-girl-appie2009-flickr.jpg\",\"datePublished\":\"2016-07-12T16:41:37+00:00\",\"dateModified\":\"2025-12-05T16:59:05+00:00\",\"description\":\"Trotz gewisser Verbesserungen, besonders im Justiz- und Bildungswesen in Papua-Neuguinea, gibt es gro\u00dfe L\u00fccken in Bezug auf den Schutz von Kinderrechten.\",\"breadcrumb\":{\"@id\":\"https:\/\/www.humanium.org\/de\/kinder-in-papua-neuguinea\/#breadcrumb\"},\"inLanguage\":\"de\",\"potentialAction\":[{\"@type\":\"ReadAction\",\"target\":[\"https:\/\/www.humanium.org\/de\/kinder-in-papua-neuguinea\/\"]}]},{\"@type\":\"ImageObject\",\"inLanguage\":\"de\",\"@id\":\"https:\/\/www.humanium.org\/de\/kinder-in-papua-neuguinea\/#primaryimage\",\"url\":\"https:\/\/www.humanium.org\/en\/wp-content\/uploads\/2012\/08\/papua-girl-appie2009-flickr.jpg\",\"contentUrl\":\"https:\/\/www.humanium.org\/en\/wp-content\/uploads\/2012\/08\/papua-girl-appie2009-flickr.jpg\"},{\"@type\":\"BreadcrumbList\",\"@id\":\"https:\/\/www.humanium.org\/de\/kinder-in-papua-neuguinea\/#breadcrumb\",\"itemListElement\":[{\"@type\":\"ListItem\",\"position\":1,\"name\":\"Home\",\"item\":\"https:\/\/www.humanium.org\/de\/\"},{\"@type\":\"ListItem\",\"position\":2,\"name\":\"Kinder in Papua-Neuguinea\"}]},{\"@type\":\"WebSite\",\"@id\":\"https:\/\/www.humanium.org\/de\/#website\",\"url\":\"https:\/\/www.humanium.org\/de\/\",\"name\":\"Humanium\",\"description\":\"Kinder zuerst!\",\"potentialAction\":[{\"@type\":\"SearchAction\",\"target\":{\"@type\":\"EntryPoint\",\"urlTemplate\":\"https:\/\/www.humanium.org\/de\/?s={search_term_string}\"},\"query-input\":{\"@type\":\"PropertyValueSpecification\",\"valueRequired\":true,\"valueName\":\"search_term_string\"}}],\"inLanguage\":\"de\"}]}<\/script>\n<!-- \/ Yoast SEO plugin. -->","yoast_head_json":{"title":"Kinder in Papua-Neuguinea - Humanium","description":"Trotz gewisser Verbesserungen, besonders im Justiz- und Bildungswesen in Papua-Neuguinea, gibt es gro\u00dfe L\u00fccken in Bezug auf den Schutz von Kinderrechten.","robots":{"index":"index","follow":"follow","max-snippet":"max-snippet:-1","max-image-preview":"max-image-preview:large","max-video-preview":"max-video-preview:-1"},"canonical":"https:\/\/www.humanium.org\/de\/kinder-in-papua-neuguinea\/","og_locale":"de_DE","og_type":"article","og_title":"Kinder in Papua-Neuguinea - Humanium","og_description":"Trotz gewisser Verbesserungen, besonders im Justiz- und Bildungswesen in Papua-Neuguinea, gibt es gro\u00dfe L\u00fccken in Bezug auf den Schutz von Kinderrechten.","og_url":"https:\/\/www.humanium.org\/de\/kinder-in-papua-neuguinea\/","og_site_name":"Humanium","article_modified_time":"2025-12-05T16:59:05+00:00","twitter_card":"summary_large_image","twitter_misc":{"Gesch\u00e4tzte Lesezeit":"10\u00a0Minuten"},"schema":{"@context":"https:\/\/schema.org","@graph":[{"@type":"WebPage","@id":"https:\/\/www.humanium.org\/de\/kinder-in-papua-neuguinea\/","url":"https:\/\/www.humanium.org\/de\/kinder-in-papua-neuguinea\/","name":"Kinder in Papua-Neuguinea - Humanium","isPartOf":{"@id":"https:\/\/www.humanium.org\/de\/#website"},"primaryImageOfPage":{"@id":"https:\/\/www.humanium.org\/de\/kinder-in-papua-neuguinea\/#primaryimage"},"image":{"@id":"https:\/\/www.humanium.org\/de\/kinder-in-papua-neuguinea\/#primaryimage"},"thumbnailUrl":"https:\/\/www.humanium.org\/en\/wp-content\/uploads\/2012\/08\/papua-girl-appie2009-flickr.jpg","datePublished":"2016-07-12T16:41:37+00:00","dateModified":"2025-12-05T16:59:05+00:00","description":"Trotz gewisser Verbesserungen, besonders im Justiz- und Bildungswesen in Papua-Neuguinea, gibt es gro\u00dfe L\u00fccken in Bezug auf den Schutz von Kinderrechten.","breadcrumb":{"@id":"https:\/\/www.humanium.org\/de\/kinder-in-papua-neuguinea\/#breadcrumb"},"inLanguage":"de","potentialAction":[{"@type":"ReadAction","target":["https:\/\/www.humanium.org\/de\/kinder-in-papua-neuguinea\/"]}]},{"@type":"ImageObject","inLanguage":"de","@id":"https:\/\/www.humanium.org\/de\/kinder-in-papua-neuguinea\/#primaryimage","url":"https:\/\/www.humanium.org\/en\/wp-content\/uploads\/2012\/08\/papua-girl-appie2009-flickr.jpg","contentUrl":"https:\/\/www.humanium.org\/en\/wp-content\/uploads\/2012\/08\/papua-girl-appie2009-flickr.jpg"},{"@type":"BreadcrumbList","@id":"https:\/\/www.humanium.org\/de\/kinder-in-papua-neuguinea\/#breadcrumb","itemListElement":[{"@type":"ListItem","position":1,"name":"Home","item":"https:\/\/www.humanium.org\/de\/"},{"@type":"ListItem","position":2,"name":"Kinder in Papua-Neuguinea"}]},{"@type":"WebSite","@id":"https:\/\/www.humanium.org\/de\/#website","url":"https:\/\/www.humanium.org\/de\/","name":"Humanium","description":"Kinder zuerst!","potentialAction":[{"@type":"SearchAction","target":{"@type":"EntryPoint","urlTemplate":"https:\/\/www.humanium.org\/de\/?s={search_term_string}"},"query-input":{"@type":"PropertyValueSpecification","valueRequired":true,"valueName":"search_term_string"}}],"inLanguage":"de"}]}},"_links":{"self":[{"href":"https:\/\/www.humanium.org\/de\/wp-json\/wp\/v2\/pages\/6898","targetHints":{"allow":["GET"]}}],"collection":[{"href":"https:\/\/www.humanium.org\/de\/wp-json\/wp\/v2\/pages"}],"about":[{"href":"https:\/\/www.humanium.org\/de\/wp-json\/wp\/v2\/types\/page"}],"author":[{"embeddable":true,"href":"https:\/\/www.humanium.org\/de\/wp-json\/wp\/v2\/users\/1"}],"replies":[{"embeddable":true,"href":"https:\/\/www.humanium.org\/de\/wp-json\/wp\/v2\/comments?post=6898"}],"version-history":[{"count":5,"href":"https:\/\/www.humanium.org\/de\/wp-json\/wp\/v2\/pages\/6898\/revisions"}],"predecessor-version":[{"id":20131,"href":"https:\/\/www.humanium.org\/de\/wp-json\/wp\/v2\/pages\/6898\/revisions\/20131"}],"wp:attachment":[{"href":"https:\/\/www.humanium.org\/de\/wp-json\/wp\/v2\/media?parent=6898"}],"curies":[{"name":"wp","href":"https:\/\/api.w.org\/{rel}","templated":true}]}}