{"id":6909,"date":"2016-07-13T14:26:06","date_gmt":"2016-07-13T14:26:06","guid":{"rendered":"http:\/\/www.humanium.org\/de\/?page_id=6909"},"modified":"2025-12-06T06:25:54","modified_gmt":"2025-12-06T06:25:54","slug":"turkmenistan","status":"publish","type":"page","link":"https:\/\/www.humanium.org\/de\/turkmenistan\/","title":{"rendered":"Die Kinder in Turkmenistan"},"content":{"rendered":"<h1>Die Kinder in Turkmenistan<\/h1>\n<h2>Kinderrechte in Turkmenistan durchsetzen<\/h2>\n<p style=\"text-align: center;\"><img loading=\"lazy\" decoding=\"async\" class=\"alignnone size-thumbnail wp-image-18671\" title=\"Turkmen girl \u00a9 Nathan Groth (flickr)\" src=\"https:\/\/www.humanium.org\/fr\/wp-content\/uploads\/2012\/02\/fillette-turkmene-\u00a9-nathan-groth-flickr-150x150.jpg\" alt=\"\" width=\"150\" height=\"150\" \/> <img loading=\"lazy\" decoding=\"async\" class=\"alignnone size-thumbnail wp-image-18672\" title=\"Turkmen boy \u00a9 Nathan Groth (flickr)\" src=\"https:\/\/www.humanium.org\/fr\/wp-content\/uploads\/2012\/02\/garcon-turkmene-\u00a9-nathan-groth-flickr-150x150.jpg\" alt=\"\" width=\"150\" height=\"150\" \/><\/p>\n<p style=\"text-align: justify;\">Turkmenistan ist eines der L\u00e4nder weltweit, in denen Menschen den meisten Einschr\u00e4nkungen unterworfen sind. Seit dem Fall der USSR 1991 hat sich Turkmenistan zu einer strikten Diktatur entwickelt. Der fr\u00fchere Pr\u00e4sident Niyazov f\u00fchrte das Land bis zu seinem Tod. Als er 1985 die Macht erlangte, nannte er sich selbst \u201eTurkmenbashi\u201c (Vater der Turkmenen) und ernannte sich selbst zum Pr\u00e4sident auf Lebenszeit. Er kreierte, auf Kosten des Landes, einen Kult um sich bei dem er sich von seinen Anh\u00e4ngern anbeten lie\u00df und nahm den B\u00fcrgern Turkmenistans fast alle Rechte und Freiheiten. Deshalb birgt der Status der Kinderrechte nach wie vor Anlass zur Sorge.<\/p>\n<h3>Die Hauptprobleme mit denen Kinder in Turkmenistan konfrontiert sind:<\/h3>\n<p><strong><a href=\"https:\/\/www.humanium.org\/en\/poor-children\/\">Armut<\/a><\/strong><\/p>\n<p style=\"text-align: justify;\"><img loading=\"lazy\" decoding=\"async\" class=\"alignright wp-image-18688\" title=\"This golden statue is carved in the likeness of the former Turkmen President Niyazov. \u00a9 Nathan Groth (flickr)\" src=\"https:\/\/www.humanium.org\/fr\/wp-content\/uploads\/2012\/02\/statue-\u00a9-nathan-groth-flickr3-150x150.jpg\" alt=\"\" width=\"140\" height=\"140\" \/>50% der Bev\u00f6lkerung Turkmenistans lebt unterhalb der<a href=\"https:\/\/www.humanium.org\/en\/poor-children\/\"> Armutsgrenze<\/a>.\u00a0 Die Wirtschaft Turkmenistans h\u00e4ngt in gro\u00dfem Ma\u00df vom Abbau nat\u00fcrlicher Gase (das 5. gr\u00f6\u00dfte Vorkommen in der Welt) und dem Bohren nach \u00d6l ab. Turkmenistan ist weltweit der zehntgr\u00f6\u00dfte Produzent von Baumwolle.<br \/>\nEs ist jedoch klar, dass von den Vorteilen, die durch diese T\u00e4tigkeiten gewonnen werden, die breite Masse der Bev\u00f6lkerung nicht profitiert. Die h\u00f6chsten Regierungsbeamten haben ein Monopol in diesen Industrien.<\/p>\n<p><strong>Bildung<\/strong><\/p>\n<h4>Die Neugestaltung des Bildungssystems<\/h4>\n<p style=\"text-align: justify;\">Der Bildungsgrad der turkmenischen Bev\u00f6lkerung ist in wesentlichem Ma\u00dfe gesunken seitdem Turkmenistan seine Unabh\u00e4ngigkeit erkl\u00e4rt hat.<\/p>\n<p style=\"text-align: justify;\">Bildung ist f\u00fcr Kinder grunds\u00e4tzlich kostenlos. Trotzdem haben Kinder in abgelegenen Gegenden oft keinen Zugang zum Schulsystem.<\/p>\n<p style=\"text-align: justify;\">Auch wenn das turkmenische Bildungssystem einige Aspekte des sowjetischen Systems teilt, hat die gegenw\u00e4rtige Regierung entschieden, einige \u00c4nderungen einzuf\u00fchren, damit die Kinder ein h\u00f6heres Bildungslevel erreichen k\u00f6nnen. Der Lehrplan in Grundschulen und weiterf\u00fchrenden Schulen wurde nach dem Vorbild westlicher Bildungsmodelle neu gegliedert. Das lateinische Alphabet wurde wieder eingef\u00fchrt, sodass nicht nur das arabische Alphabet gelehrt wird. Die Klassen werden in Turkmenisch, Russisch und Englisch unterrichtet.<\/p>\n<p style=\"text-align: justify;\">Die Regierung hofft, dass diese \u00c4nderungen dazu f\u00fchren werden, dass es gut ausgebildete Arbeiter in Turkmenistan gibt und das Land die M\u00f6glichkeit hat, ein globaler Akteur zu werden.<\/p>\n<h4>Die Ruhnama<\/h4>\n<p style=\"text-align: justify;\"><img loading=\"lazy\" decoding=\"async\" class=\"alignright wp-image-18673\" title=\"The Ruhnama, a holy book which became the primary text for the Turkmen education system \u00a9 Nathan Groth (flickr)\" src=\"https:\/\/www.humanium.org\/fr\/wp-content\/uploads\/2012\/02\/ruhnama-\u00a9-nathan-groth-flickr-150x150.jpg\" alt=\"\" width=\"127\" height=\"127\" \/>Als Teil der Neustrukturierung des Bildungssystemssetzte der fr\u00fchere Pr\u00e4sident Saparmurat Niyazov, der 2006 starb, das Buch, dass \u201eRuhnama\u201c genannt wird, als einziges verpflichtendes akademisches Buch ein. Der Pr\u00e4sident sagte, dass dieses Buch \u201ein seinem Herzen geboren wurde durch den Willen des Allm\u00e4chtigen\u201c. Er verf\u00fcgte, dass alle Turkmenen den Prinzipien des Buchs wortw\u00f6rtlich folgen m\u00fcssen. Auch zwang er die turkmenischen Imame dem Buch den gleichen Status wie dem Koran, der Bibel und der Thora zu verleihen.<\/p>\n<p style=\"text-align: justify;\">Die Ruhnama wurde der Hauptgegenstand des turkmenischen Bildungssystems.\u00a0 Sch\u00fcler der Mittelstufe bis hin zu Studenten der Universit\u00e4ten mussten Passagen aus dem Buch auswendig lernen.<\/p>\n<p style=\"text-align: justify;\">Die Etablierung der Ruhnama als Grundstein des turkmenischen Bildungssystems hat das System so sehr verzerrt, dass Experten gro\u00dfe Bedenken dar\u00fcber haben, inwieweit die Qualit\u00e4t der Bildung und auch die Zukunft der turkmenischen Nation gelitten haben. Das gegenw\u00e4rtige System hat im Grunde eine Generation geschaffen, deren Wissen auf die Biographie des Pr\u00e4sidenten Niyazov beschr\u00e4nkt ist.<\/p>\n<p><strong><a href=\"https:\/\/www.humanium.org\/en\/child-labour\/\">Kinderarbeit<\/a><\/strong><\/p>\n<p style=\"text-align: justify;\"><img loading=\"lazy\" decoding=\"async\" class=\"alignright wp-image-18686\" title=\"Fabric market in Turkmenistan \u00a9 Nathan Groth (flickr)\" src=\"https:\/\/www.humanium.org\/fr\/wp-content\/uploads\/2012\/02\/market-\u00a9-nathan-groth-flickr-150x150.jpg\" alt=\"\" width=\"119\" height=\"119\" \/>Die International Crisis Group ver\u00f6ffentlichte 2005 einen Bericht, der die Auswirkungen offenlegte, die die Baumwollindustrie auf die Rechte der Kinder hat. Der Report zeigt die extrem strikten <a href=\"https:\/\/www.humanium.org\/en\/child-labour\/\">Arbeitsbedingungen<\/a> der Kinder in den Baumwollfeldern auf.<\/p>\n<p style=\"text-align: justify;\">Schulen in l\u00e4ndlichen Gegenden schlie\u00dfen jedes Jahr w\u00e4hrend der Erntesaison (September bis Dezember).\u00a0 Sch\u00fcler und alle anderen Kinder werden <a href=\"https:\/\/www.humanium.org\/en\/child-labour\/\">gezwungen ohne Bezahlung in den Baumwollfeldern zu arbeiten.<\/a><\/p>\n<p style=\"text-align: justify;\"><strong>Ethnische Minderheiten<\/strong><\/p>\n<p style=\"text-align: justify;\">85% der Bev\u00f6lkerung in Turkmenistan sind Turkmenen. Der Rest sind ethnische Minderheiten: Usbeken, Kasachen, Armenier, Ukrainer, Tataren und Aserbaidschaner. Die Regierung von Pr\u00e4sident Niyazovs f\u00fchrte die Regelung der \u201eTurkmenisation\u201c ein, die die Rechte der Minderheiten einschr\u00e4nkte.<\/p>\n<p style=\"text-align: justify;\">Der fr\u00fchere Pr\u00e4sident wollte die historischen Verbindungen mit der ehemaligen UdSSR trennen und seinem Land ein \u201eturkmenisches Gesicht\u201c geben. Um das zu erreichen verf\u00fcgte er, dass Turkmenisch die offizielle Sprache des Landes ist, auch wenn die es Verfassung vorschreibt, dass alle Sprachen der fr\u00fcheren UdSSR den gleichen Stellenwert haben sollen.<\/p>\n<p style=\"text-align: justify;\"><img loading=\"lazy\" decoding=\"async\" class=\"alignright wp-image-18680\" title=\"The former Turkmen president wanted to create a country with a \u201cTurkmen face\u201d and left little room for minorities. \u00a9 A Birdie (flickr)\" src=\"https:\/\/www.humanium.org\/fr\/wp-content\/uploads\/2012\/02\/president-turkmene-\u00a9-a-birdie-flickr2-150x150.jpg\" alt=\"\" width=\"122\" height=\"122\" \/>Kinder aus Minderheiten, m\u00fcssen, wie auch die Erwachsenen, Turkmenisch lernen und ziehen die Sprache oft ihrer eigenen Muttersprache vor. Die meisten Schulen, die in den Sprachen ethnischer Minderheiten  unterrichteten, haben geschlossen. Es liegt an den Eltern ihren Kindern diese Sprachen beizubringen.<\/p>\n<p style=\"text-align: justify;\">Die Behandlung der ethnischen Minderheiten ist sogar noch schlimmer. Sie werden als B\u00fcrger zweiter Klasse angesehen und sind sozial Ausgesto\u00dfene. Auch werden sie immerzu <a href=\"https:\/\/www.humanium.org\/en\/nondiscrimination\/\">diskriminiert<\/a> against. Sie haben keinen Zugang zu Bildung in derselben Qualit\u00e4t wie die Turkmenen, wodurch ihre Chancen, an einer Universit\u00e4t angenommen zu werden, sehr gering sind. Dadurch werden sie von der Arbeit in vielen Industrien ausgeschlossen.<\/p>\n<p style=\"text-align: justify;\"><strong><a href=\"https:\/\/www.humanium.org\/en\/nondiscrimination\/\">Religi\u00f6se Diskriminierung<\/a><\/strong><\/p>\n<p style=\"text-align: justify;\">89% der Bev\u00f6lkerung in Turkmenistan sind Muslime. Religi\u00f6se Minderheiten werden von der Regierung nicht offiziell anerkannt. Amnesty International berichtet, das viele ethnische Turkmenen, die sich zu anderen Glaubensrichtungen als der offiziellen Religion bekennen, gezwungen wurden, ins Exil zu gehen oder gegen ihren Willen in eine andere Region des Landes transportiert wurden, wo sie von der Polizei misshandelt oder gefoltert wurden.<\/p>\n<p style=\"text-align: justify;\"><strong><a href=\"https:\/\/www.humanium.org\/en\/child-marriage\/\">Kinderehen<\/a><\/strong><\/p>\n<p style=\"text-align: justify;\">Arrangierte <a href=\"https:\/\/www.humanium.org\/en\/child-marriage\/\">Kinderehen<\/a> sind in Turkmenistan allgegenw\u00e4rtig, weil diese Ehen gute Verbindungen zwischen zwei Familien garantieren. Der Vater bekommt eine Mitgift aus Geld, Kamelen oder Schafen. Manchmal verheiraten die V\u00e4ter ihre T\u00f6chter ihrem Alter nach.<\/p>\n<p style=\"text-align: justify;\">Sobald sie verheiratet sind, geh\u00f6ren die jungen M\u00e4dchen vollkommen zu ihrer neuen Familie und es wird von ihnen erwartet, innerhalb des ersten Ehejahres schwanger zu werden.<\/p>\n<p style=\"text-align: justify;\">Diese <a href=\"https:\/\/www.humanium.org\/en\/child-marriage\/\">erzwungenen<\/a> Ehen sind aus zwei Gr\u00fcnden klare Verletzungen der Kinderrechte: Erstens, weil die Kinder meistens noch nicht das Alter erreicht haben, um legal heiraten zu k\u00f6nnen; und zweitens, weil diese Praxis den Kindern die Freiheit nimmt, eigene Entscheidungen \u00fcber ihre Zukunft zu treffen.<\/p>\n<p style=\"text-align: justify;\">Ungl\u00fccklicherweise sind <a href=\"https:\/\/www.humanium.org\/en\/child-marriage\/\">arrangierte Ehen<\/a>\u00a0in Turkmenistan, wie in vielen anderen L\u00e4ndern, tief in den Traditionen des Landes verankert und diese sind nur schwer zu \u00fcberwinden.<\/p>\n<p style=\"text-align: justify;\"><strong><a href=\"https:\/\/www.humanium.org\/en\/fundamental-rights\/health\/\">Gesundheitsf\u00fcrsorge<\/a><\/strong><\/p>\n<p style=\"text-align: justify;\"><img loading=\"lazy\" decoding=\"async\" class=\"alignright wp-image-18681\" title=\"The inefficiency of the health care system affects children the most. \u00a9 Knoxville Museum of Art (flickr)\" src=\"https:\/\/www.humanium.org\/fr\/wp-content\/uploads\/2012\/02\/enfant-turkmene-\u00a9-knoxville-museum-of-art-flickr-150x150.jpg\" alt=\"\" width=\"168\" height=\"168\" \/>Obwohl das turkmenische\u00a0<a href=\"https:\/\/www.humanium.org\/en\/fundamental-rights\/health\/\">Gesundheitssystem<\/a> theoretisch freien Zugang zur Gesundheitsf\u00fcrsorge f\u00fcr alle B\u00fcrger zur Verf\u00fcgung stellt, ist es in der Praxis nicht ganz so effektiv.<br \/>\nDie Ineffizienz des Systems betrifft vor allem Kinder. Die hohe <a href=\"https:\/\/www.humanium.org\/en\/infant-mortality\/\">Kindersterblichkeitsrate<\/a> (53\u2030) ist zum Gro\u00dfteil in\u00a0<a href=\"https:\/\/www.humanium.org\/en\/fundamental-rights\/food\/\">Unterern\u00e4hrung<\/a>\u00a0einem schlechten Gesundheitssystem, <a href=\"https:\/\/www.humanium.org\/en\/abuse\/\">h\u00e4uslicher Gewalt<\/a>, und einem Mangel an Hygiene begr\u00fcndet.<\/p>\n<p style=\"text-align: justify;\">Die vorhandenen \u00c4rzte haben gr\u00f6\u00dftenteils schlechte Qualifikationen und wenig Zugang zu grundlegenden Medikamenten, ganz zu schweigen von ad\u00e4quater medizinischer Ausr\u00fcstung. Die medizinische Infrastruktur ist ziemlich fehlerhaft und zeigt die M\u00e4ngel des <a href=\"https:\/\/www.humanium.org\/en\/fundamental-rights\/health\/\">Gesundheitssystems<\/a> auf. \u00a0Zudem haben Menschen in l\u00e4ndlichen Gegenden noch nicht einmal Zugang zu dieser limitierten Gesundheitsf\u00fcrsorge.<\/p>\n<p style=\"text-align: justify;\">Wegen der schlechten Qualit\u00e4t des Gesundheitssystems wenden sich viele Turkmenen der traditionellen Medizin, wie Kr\u00e4uterbehandlungen und Gebeten, zu.<\/p>\n<p style=\"text-align: justify;\"><strong><a href=\"https:\/\/www.humanium.org\/en\/child-prostitution\/\">Prostitution<\/a><\/strong><\/p>\n<p style=\"text-align: justify;\">Eine wachsende Anzahl an jungen M\u00e4dchen in Turkmenistan <a href=\"https:\/\/www.humanium.org\/en\/child-prostitution\/\">prostituieren<\/a> sich, um f\u00fcr sich selbst sorgen zu k\u00f6nnen. Es ist weit verbreitet, dass Schulm\u00e4dchen ihre Dienste M\u00e4nnern auf der Stra\u00dfe anbieten, sowohl in urbanen Gegenden als auch in baumwollproduzierenden Regionen.<\/p>\n<p style=\"text-align: justify;\">Manche Familien gehen soweit, in ihrem Zuhause ein Bordell aufzubauen und bieten die Dienste ihrer eigenen T\u00f6chter an.<\/p>\n","protected":false},"excerpt":{"rendered":"<p>Die Kinder in Turkmenistan Kinderrechte in Turkmenistan durchsetzen Turkmenistan ist eines der L\u00e4nder weltweit, in denen Menschen den meisten Einschr\u00e4nkungen unterworfen sind. Seit dem Fall der USSR 1991 hat sich Turkmenistan zu einer strikten Diktatur entwickelt. Der fr\u00fchere Pr\u00e4sident Niyazov f\u00fchrte das Land bis zu seinem Tod. Als er 1985 die Macht erlangte, nannte er [&hellip;]<\/p>\n","protected":false},"author":1,"featured_media":0,"parent":0,"menu_order":0,"comment_status":"closed","ping_status":"closed","template":"","meta":{"footnotes":""},"class_list":["post-6909","page","type-page","status-publish","hentry"],"yoast_head":"<!-- This site is optimized with the Yoast SEO plugin v26.5 - https:\/\/yoast.com\/wordpress\/plugins\/seo\/ -->\n<title>Die Kinder in Turkmenistan - Humanium<\/title>\n<meta name=\"description\" content=\"Turkmenistan ist eines der L\u00e4nder, in denen Menschen den meisten Einschr\u00e4nkungen unterworfen sind. Der Status der Kinderrechte birgt vor Anlass zur Sorge.\" \/>\n<meta name=\"robots\" content=\"index, follow, max-snippet:-1, max-image-preview:large, max-video-preview:-1\" \/>\n<link rel=\"canonical\" href=\"https:\/\/www.humanium.org\/de\/turkmenistan\/\" \/>\n<meta property=\"og:locale\" content=\"de_DE\" \/>\n<meta property=\"og:type\" content=\"article\" \/>\n<meta property=\"og:title\" content=\"Die Kinder in Turkmenistan - Humanium\" \/>\n<meta property=\"og:description\" content=\"Turkmenistan ist eines der L\u00e4nder, in denen Menschen den meisten Einschr\u00e4nkungen unterworfen sind. Der Status der Kinderrechte birgt vor Anlass zur Sorge.\" \/>\n<meta property=\"og:url\" content=\"https:\/\/www.humanium.org\/de\/turkmenistan\/\" \/>\n<meta property=\"og:site_name\" content=\"Humanium\" \/>\n<meta property=\"article:modified_time\" content=\"2025-12-06T06:25:54+00:00\" \/>\n<meta name=\"twitter:card\" content=\"summary_large_image\" \/>\n<meta name=\"twitter:label1\" content=\"Gesch\u00e4tzte Lesezeit\" \/>\n\t<meta name=\"twitter:data1\" content=\"8\u00a0Minuten\" \/>\n<script type=\"application\/ld+json\" class=\"yoast-schema-graph\">{\"@context\":\"https:\/\/schema.org\",\"@graph\":[{\"@type\":\"WebPage\",\"@id\":\"https:\/\/www.humanium.org\/de\/turkmenistan\/\",\"url\":\"https:\/\/www.humanium.org\/de\/turkmenistan\/\",\"name\":\"Die Kinder in Turkmenistan - Humanium\",\"isPartOf\":{\"@id\":\"https:\/\/www.humanium.org\/de\/#website\"},\"datePublished\":\"2016-07-13T14:26:06+00:00\",\"dateModified\":\"2025-12-06T06:25:54+00:00\",\"description\":\"Turkmenistan ist eines der L\u00e4nder, in denen Menschen den meisten Einschr\u00e4nkungen unterworfen sind. Der Status der Kinderrechte birgt vor Anlass zur Sorge.\",\"breadcrumb\":{\"@id\":\"https:\/\/www.humanium.org\/de\/turkmenistan\/#breadcrumb\"},\"inLanguage\":\"de\",\"potentialAction\":[{\"@type\":\"ReadAction\",\"target\":[\"https:\/\/www.humanium.org\/de\/turkmenistan\/\"]}]},{\"@type\":\"BreadcrumbList\",\"@id\":\"https:\/\/www.humanium.org\/de\/turkmenistan\/#breadcrumb\",\"itemListElement\":[{\"@type\":\"ListItem\",\"position\":1,\"name\":\"Home\",\"item\":\"https:\/\/www.humanium.org\/de\/\"},{\"@type\":\"ListItem\",\"position\":2,\"name\":\"Die Kinder in Turkmenistan\"}]},{\"@type\":\"WebSite\",\"@id\":\"https:\/\/www.humanium.org\/de\/#website\",\"url\":\"https:\/\/www.humanium.org\/de\/\",\"name\":\"Humanium\",\"description\":\"Kinder zuerst!\",\"potentialAction\":[{\"@type\":\"SearchAction\",\"target\":{\"@type\":\"EntryPoint\",\"urlTemplate\":\"https:\/\/www.humanium.org\/de\/?s={search_term_string}\"},\"query-input\":{\"@type\":\"PropertyValueSpecification\",\"valueRequired\":true,\"valueName\":\"search_term_string\"}}],\"inLanguage\":\"de\"}]}<\/script>\n<!-- \/ Yoast SEO plugin. -->","yoast_head_json":{"title":"Die Kinder in Turkmenistan - Humanium","description":"Turkmenistan ist eines der L\u00e4nder, in denen Menschen den meisten Einschr\u00e4nkungen unterworfen sind. Der Status der Kinderrechte birgt vor Anlass zur Sorge.","robots":{"index":"index","follow":"follow","max-snippet":"max-snippet:-1","max-image-preview":"max-image-preview:large","max-video-preview":"max-video-preview:-1"},"canonical":"https:\/\/www.humanium.org\/de\/turkmenistan\/","og_locale":"de_DE","og_type":"article","og_title":"Die Kinder in Turkmenistan - Humanium","og_description":"Turkmenistan ist eines der L\u00e4nder, in denen Menschen den meisten Einschr\u00e4nkungen unterworfen sind. Der Status der Kinderrechte birgt vor Anlass zur Sorge.","og_url":"https:\/\/www.humanium.org\/de\/turkmenistan\/","og_site_name":"Humanium","article_modified_time":"2025-12-06T06:25:54+00:00","twitter_card":"summary_large_image","twitter_misc":{"Gesch\u00e4tzte Lesezeit":"8\u00a0Minuten"},"schema":{"@context":"https:\/\/schema.org","@graph":[{"@type":"WebPage","@id":"https:\/\/www.humanium.org\/de\/turkmenistan\/","url":"https:\/\/www.humanium.org\/de\/turkmenistan\/","name":"Die Kinder in Turkmenistan - Humanium","isPartOf":{"@id":"https:\/\/www.humanium.org\/de\/#website"},"datePublished":"2016-07-13T14:26:06+00:00","dateModified":"2025-12-06T06:25:54+00:00","description":"Turkmenistan ist eines der L\u00e4nder, in denen Menschen den meisten Einschr\u00e4nkungen unterworfen sind. Der Status der Kinderrechte birgt vor Anlass zur Sorge.","breadcrumb":{"@id":"https:\/\/www.humanium.org\/de\/turkmenistan\/#breadcrumb"},"inLanguage":"de","potentialAction":[{"@type":"ReadAction","target":["https:\/\/www.humanium.org\/de\/turkmenistan\/"]}]},{"@type":"BreadcrumbList","@id":"https:\/\/www.humanium.org\/de\/turkmenistan\/#breadcrumb","itemListElement":[{"@type":"ListItem","position":1,"name":"Home","item":"https:\/\/www.humanium.org\/de\/"},{"@type":"ListItem","position":2,"name":"Die Kinder in Turkmenistan"}]},{"@type":"WebSite","@id":"https:\/\/www.humanium.org\/de\/#website","url":"https:\/\/www.humanium.org\/de\/","name":"Humanium","description":"Kinder zuerst!","potentialAction":[{"@type":"SearchAction","target":{"@type":"EntryPoint","urlTemplate":"https:\/\/www.humanium.org\/de\/?s={search_term_string}"},"query-input":{"@type":"PropertyValueSpecification","valueRequired":true,"valueName":"search_term_string"}}],"inLanguage":"de"}]}},"_links":{"self":[{"href":"https:\/\/www.humanium.org\/de\/wp-json\/wp\/v2\/pages\/6909","targetHints":{"allow":["GET"]}}],"collection":[{"href":"https:\/\/www.humanium.org\/de\/wp-json\/wp\/v2\/pages"}],"about":[{"href":"https:\/\/www.humanium.org\/de\/wp-json\/wp\/v2\/types\/page"}],"author":[{"embeddable":true,"href":"https:\/\/www.humanium.org\/de\/wp-json\/wp\/v2\/users\/1"}],"replies":[{"embeddable":true,"href":"https:\/\/www.humanium.org\/de\/wp-json\/wp\/v2\/comments?post=6909"}],"version-history":[{"count":5,"href":"https:\/\/www.humanium.org\/de\/wp-json\/wp\/v2\/pages\/6909\/revisions"}],"predecessor-version":[{"id":20834,"href":"https:\/\/www.humanium.org\/de\/wp-json\/wp\/v2\/pages\/6909\/revisions\/20834"}],"wp:attachment":[{"href":"https:\/\/www.humanium.org\/de\/wp-json\/wp\/v2\/media?parent=6909"}],"curies":[{"name":"wp","href":"https:\/\/api.w.org\/{rel}","templated":true}]}}