{"id":6930,"date":"2016-07-15T16:54:41","date_gmt":"2016-07-15T16:54:41","guid":{"rendered":"http:\/\/www.humanium.org\/de\/?page_id=6930"},"modified":"2025-12-05T17:18:20","modified_gmt":"2025-12-05T17:18:20","slug":"bahrain","status":"publish","type":"page","link":"https:\/\/www.humanium.org\/de\/bahrain\/","title":{"rendered":"Die Kinder von Bahrain"},"content":{"rendered":"<h1>Kinder in Bahrain<\/h1>\n<h2>Einsatz f\u00fcr die Rechte der Kinder in Bahrain<\/h2>\n<p style=\"text-align: center;\"><img loading=\"lazy\" decoding=\"async\" class=\"alignnone size-full wp-image-3110\" title=\"Girl from Bahrain \u00a9 Wacky Tom (Flickr)\" src=\"https:\/\/www.humanium.org\/en\/wp-content\/uploads\/2011\/09\/bahrein-girl-wacky-tom-flickr.jpg\" alt=\"\" width=\"233\" height=\"200\" \/> <img loading=\"lazy\" decoding=\"async\" class=\"alignnone size-full wp-image-3112\" title=\"Boy from Bahrain \u00a9 Yonis (Flickr)\" src=\"https:\/\/www.humanium.org\/en\/wp-content\/uploads\/2011\/09\/bahrein-garcon-yonis-flickr.jpg\" alt=\"\" width=\"142\" height=\"200\" \/><\/p>\n<p>Das K\u00f6nigreich Bahrain liegt im Persischen Golf und besteht aus vierzig Inseln. Hinsichtlich der Rechte der Kinder gibt es in dem Land noch viel zu tun. Das Recht auf freie Meinungs\u00e4u\u00dferung, das Recht auf eine Identit\u00e4t und der Schutz vor Diskriminierung sind nicht immer gew\u00e4hrleistet. Aus diesen Gr\u00fcnden ist das Ausschuss f\u00fcr die Rechte der Kinder besorgt \u00fcber die Situation der bahrainischen Kinder und hat dem Land daher nahegelegt, Ma\u00dfnahmen zu ergreifen, damit sich die Lebensbedingungen f\u00fcr die Kinder verbessern.<\/p>\n<h3>Die wesentlichen Herausforderungen f\u00fcr die Kinder in Bahrain:<\/h3>\n<p><strong><a href=\"https:\/\/www.humanium.org\/en\/fundamental-rights\/identity\/\">Recht auf eine Identit\u00e4t<br \/>\n<\/a><\/strong><\/p>\n<p><img loading=\"lazy\" decoding=\"async\" class=\"alignright size-medium wp-image-3113\" title=\"In Bahrain kann nur ein Mann mit bahrainischer Staatsangeh\u00f6rigkeit diese an seine Kinder weitergeben. \u00a9 Rotary Club of Adliya (Flickr)\" src=\"https:\/\/www.humanium.org\/en\/wp-content\/uploads\/2011\/09\/bahrein-identite-rotary-club-adliya-flickr-180x300.jpg\" alt=\"\" width=\"122\" height=\"204\" \/>In Bahrain kann nur ein Mann mit bahrainischer Staatsangeh\u00f6rigkeit diese an seine Kinder weitergeben. Ausl\u00e4ndische Frauen, egal ob ledig oder verheiratet, k\u00f6nnen das hingegen nicht.<\/p>\n<p>Dazu muss man wissen, dass 71% der Bev\u00f6lkerung M\u00e4nner sind, die nicht aus Bahrain stammen. Eine gro\u00dfe Mehrheit der Kinder hat zwar eine bahrainische Mutter, aber trotzdem nicht die Staatsangeh\u00f6rigkeit des Landes. Der K\u00f6nig hat sich allerdings daf\u00fcr stark daf\u00fcr eingesetzt, dass das entsprechende Gesetz ge\u00e4ndert werden soll, sodass auch Kinder bahrainischer Frauen, die mit ausl\u00e4ndischen M\u00e4nnern verheiratet sind, die bahrainische Staatsangeh\u00f6rigkeit erhalten k\u00f6nnen.<\/p>\n<p><strong><a href=\"https:\/\/www.humanium.org\/en\/nondiscrimination\/\">Recht auf Schutz vor Diskriminierung<\/a><\/strong><\/p>\n<p>Uneheliche Kinder werden nach wie vor diskriminiert. Da die Feststellung der Abstammung eine sogenannte legitime Beziehung voraussetzt, werden Kinder, die au\u00dferehelich geboren werden, oft nicht offiziell anerkannt. Die Elternschaft kann allerdings anerkannt werden, wenn ein Vaterschaftstest oder entsprechende Zeugenaussagen (zweier Zeugen) vorliegen.<\/p>\n<p>Setzen Eltern ihre Kinder aus, ist es f\u00fcr die Kinder unm\u00f6glich, ihre Herkunft sp\u00e4ter zur\u00fcckzuverfolgen. Im Gesetz ist vorgesehen, dass sie einen beliebigen Namen erhalten, fiktive Namen der Eltern, die muslimische Religion und die bahrainische Staatsangeh\u00f6rigkeit.<\/p>\n<p><strong>Recht auf Bildung<\/strong><\/p>\n<p><img loading=\"lazy\" decoding=\"async\" class=\"alignright size-medium wp-image-3114\" title=\"In Bahrain besteht erst seit Kurzem Schulpflicht, die mit sechs Jahren beginnt. \u00a9 United States Marine Corps Official Page (Flickr)\" src=\"https:\/\/www.humanium.org\/en\/wp-content\/uploads\/2011\/09\/bahrein-education-united-states-marine-corps-official-page-flickr-300x297.jpg\" alt=\"\" width=\"193\" height=\"192\" \/>In Bahrain besteht erst seit Kurzem Schulpflicht, die mit sechs Jahren beginnt. Erziehungsberechtigte, die ihre Kinder nicht zur Schule schicken, droht ein Bu\u00dfgeld. Kinderg\u00e4rten oder Vorschulen werden nur von privaten Einrichtungen angeboten.<\/p>\n<p>Bahrain hat sich in den letzten Jahren sehr bem\u00fcht, Programme zu entwickeln, um ein gutes Bildungsniveau zu gew\u00e4hrleisten. Beispielsweise wurden die Zahl der Sch\u00fcler pro Klasse und die Analphabetenrate gesenkt, und deutlich weniger Sch\u00fcler brechen die Schule ab oder m\u00fcssen eine Klasse wiederholen.<\/p>\n<p>Trotz dieser Erfolge muss Bahrain aber weiter Fortschritte machen. Berufsorientierung spielt in den Schulen praktisch keine Rolle und Sch\u00fcler bekommen keinerlei Informationen zu Studium oder Arbeitsleben. Au\u00dferdem ist der Ausbildungssektor noch deutlich ausbauf\u00e4hig.<\/p>\n<p><strong><a href=\"https:\/\/www.humanium.org\/en\/fundamental-rights\/freedom\/\">Meinungs- und Redefreiheit<\/a><\/strong><\/p>\n<p><img loading=\"lazy\" decoding=\"async\" class=\"alignright size-medium wp-image-3115\" title=\"In Bahrain k\u00f6nnen Kinder ihre Meinung nur selten \u00e4u\u00dfern und werden auch an Entscheidungen zu Hause, in der Schule etc. Wacky \u00a9 Tom (Flickr) \" src=\"https:\/\/www.humanium.org\/en\/wp-content\/uploads\/2011\/09\/bahrein-expression-wacky-tom-flickr-200x300.jpg\" alt=\"\" width=\"133\" height=\"200\" \/>In Bahrain k\u00f6nnen Kinder ihre Meinung nur selten \u00e4u\u00dfern und werden auch an Entscheidungen zu Hause, in der Schule etc. meist nicht beteiligt. Sie werden kaum angeh\u00f6rt, wobei die in der Tradition verwurzelten Verhaltensweisen Kinder davon abbringen ihre Meinung zu \u00e4ussern. Auch in Rechts- oder Verwaltungsvorg\u00e4ngen werden Kinder und Jugendliche nur selten befragt.<\/p>\n<p>Entscheidungen die Kinder betreffen, werden deshalb immer von Erwachsenen getroffen. Bahrainische Kinder haben keinerlei Mitspracherecht bei Entscheidungen, die unmittelbare Auswirkungen f\u00fcr sie haben. In diesem Bereich muss daher noch viel getan werden.<\/p>\n<p>Die Beh\u00f6rden geben sich au\u00dferdem viele Bem\u00fchungen, Kinder von der Teilnahme an \u00f6ffentlichen Kundgebungen abzuhalten. Einige Kinder, die dennoch zu Demonstrationen gingen, werden oft von der Polizei schwer misshandelt.<\/p>\n<p><strong>Kinder im Rechtssystem<\/strong><\/p>\n<p>Im Laufe des Jahres 2010 wurden etwa siebzig Kinder von Sicherheitskr\u00e4ften festgenommen. Einige von ihnen kamen 2011 wieder frei, die gro\u00dfe Mehrheit aber sitzt bis heute in Gef\u00e4ngnissen in Bahrain. Der Vorwurf: Teilnahme an Demonstrationen. Ihre Eltern d\u00fcrfen sie in der Regel nicht besuchen.<\/p>\n<p>Diese Kinder sind oft zusammen mit Erwachsenen in den Justizvollzuganstalten inhaftiert. Der Regierung zufolge soll der Freiheitsentzug bei Minderj\u00e4hrigen aber nur das letzte Mittel sein. Wenn Kinder und Jugendliche in Konflikt mit dem Gesetz kommen, stehen verschiedene Ma\u00dfnahmen zur Verf\u00fcgung: spezialisierte Kliniken, sowie \u00f6ffentliche oder private soziale Einrichtungen.<\/p>\n<p><strong><a href=\"https:\/\/www.humanium.org\/en\/fundamental-rights\/protection\/\">Recht auf Schutz vor Folter und Gewaltanwendung<\/a><\/strong><\/p>\n<p>In einigen schiitischen St\u00e4dten in Bahrain sind Kinder auf offener Stra\u00dfe von bewaffneten Milizsoldaten in Zivilkleidung entf\u00fchrt worden. Diese Kinder erfuhren eine brutale Behandlung: Folter, k\u00f6rperliche Misshandlungen, Versto\u00df gegen das Recht am eigenen Bild (Nacktbilder), sexuelle Bel\u00e4stigungen etc. Ziel dieser Misshandlungen war es, die schiitischen Militanten davon abzubringen, Demonstrationen oder Proteste abzuhalten.<\/p>\n<p>Die Familien der betroffenen Kinder erstatten zwar Anzeige, allerdings gibt es keine konkrete Handhabe, um die Verantwortlichen zu verurteilen. Bahrain muss diesen Missstand daher unbedingt angehen um den Schutz der Kinder in den schiitischen D\u00f6rfer gew\u00e4hrleisten.<\/p>\n","protected":false},"excerpt":{"rendered":"<p>Kinder in Bahrain Einsatz f\u00fcr die Rechte der Kinder in Bahrain Das K\u00f6nigreich Bahrain liegt im Persischen Golf und besteht aus vierzig Inseln. Hinsichtlich der Rechte der Kinder gibt es in dem Land noch viel zu tun. Das Recht auf freie Meinungs\u00e4u\u00dferung, das Recht auf eine Identit\u00e4t und der Schutz vor Diskriminierung sind nicht immer [&hellip;]<\/p>\n","protected":false},"author":1,"featured_media":0,"parent":0,"menu_order":0,"comment_status":"closed","ping_status":"closed","template":"","meta":{"footnotes":""},"class_list":["post-6930","page","type-page","status-publish","hentry"],"yoast_head":"<!-- This site is optimized with the Yoast SEO plugin v26.5 - https:\/\/yoast.com\/wordpress\/plugins\/seo\/ -->\n<title>Die Kinder von Bahrain - Humanium<\/title>\n<meta name=\"description\" content=\"In diesem Land, das Recht auf freie Meinungs\u00e4u\u00dferung, das Recht auf eine Identit\u00e4t und der Schutz vor Diskriminierung sind nicht immer gew\u00e4hrleistet.\" \/>\n<meta name=\"robots\" content=\"index, follow, max-snippet:-1, max-image-preview:large, max-video-preview:-1\" \/>\n<link rel=\"canonical\" href=\"https:\/\/www.humanium.org\/de\/bahrain\/\" \/>\n<meta property=\"og:locale\" content=\"de_DE\" \/>\n<meta property=\"og:type\" content=\"article\" \/>\n<meta property=\"og:title\" content=\"Die Kinder von Bahrain - Humanium\" \/>\n<meta property=\"og:description\" content=\"In diesem Land, das Recht auf freie Meinungs\u00e4u\u00dferung, das Recht auf eine Identit\u00e4t und der Schutz vor Diskriminierung sind nicht immer gew\u00e4hrleistet.\" \/>\n<meta property=\"og:url\" content=\"https:\/\/www.humanium.org\/de\/bahrain\/\" \/>\n<meta property=\"og:site_name\" content=\"Humanium\" \/>\n<meta property=\"article:modified_time\" content=\"2025-12-05T17:18:20+00:00\" \/>\n<meta name=\"twitter:card\" content=\"summary_large_image\" \/>\n<meta name=\"twitter:label1\" content=\"Gesch\u00e4tzte Lesezeit\" \/>\n\t<meta name=\"twitter:data1\" content=\"5\u00a0Minuten\" \/>\n<script type=\"application\/ld+json\" class=\"yoast-schema-graph\">{\"@context\":\"https:\/\/schema.org\",\"@graph\":[{\"@type\":\"WebPage\",\"@id\":\"https:\/\/www.humanium.org\/de\/bahrain\/\",\"url\":\"https:\/\/www.humanium.org\/de\/bahrain\/\",\"name\":\"Die Kinder von Bahrain - Humanium\",\"isPartOf\":{\"@id\":\"https:\/\/www.humanium.org\/de\/#website\"},\"primaryImageOfPage\":{\"@id\":\"https:\/\/www.humanium.org\/de\/bahrain\/#primaryimage\"},\"image\":{\"@id\":\"https:\/\/www.humanium.org\/de\/bahrain\/#primaryimage\"},\"thumbnailUrl\":\"https:\/\/www.humanium.org\/en\/wp-content\/uploads\/2011\/09\/bahrein-girl-wacky-tom-flickr.jpg\",\"datePublished\":\"2016-07-15T16:54:41+00:00\",\"dateModified\":\"2025-12-05T17:18:20+00:00\",\"description\":\"In diesem Land, das Recht auf freie Meinungs\u00e4u\u00dferung, das Recht auf eine Identit\u00e4t und der Schutz vor Diskriminierung sind nicht immer gew\u00e4hrleistet.\",\"breadcrumb\":{\"@id\":\"https:\/\/www.humanium.org\/de\/bahrain\/#breadcrumb\"},\"inLanguage\":\"de\",\"potentialAction\":[{\"@type\":\"ReadAction\",\"target\":[\"https:\/\/www.humanium.org\/de\/bahrain\/\"]}]},{\"@type\":\"ImageObject\",\"inLanguage\":\"de\",\"@id\":\"https:\/\/www.humanium.org\/de\/bahrain\/#primaryimage\",\"url\":\"https:\/\/www.humanium.org\/en\/wp-content\/uploads\/2011\/09\/bahrein-girl-wacky-tom-flickr.jpg\",\"contentUrl\":\"https:\/\/www.humanium.org\/en\/wp-content\/uploads\/2011\/09\/bahrein-girl-wacky-tom-flickr.jpg\"},{\"@type\":\"BreadcrumbList\",\"@id\":\"https:\/\/www.humanium.org\/de\/bahrain\/#breadcrumb\",\"itemListElement\":[{\"@type\":\"ListItem\",\"position\":1,\"name\":\"Home\",\"item\":\"https:\/\/www.humanium.org\/de\/\"},{\"@type\":\"ListItem\",\"position\":2,\"name\":\"Die Kinder von Bahrain\"}]},{\"@type\":\"WebSite\",\"@id\":\"https:\/\/www.humanium.org\/de\/#website\",\"url\":\"https:\/\/www.humanium.org\/de\/\",\"name\":\"Humanium\",\"description\":\"Kinder zuerst!\",\"potentialAction\":[{\"@type\":\"SearchAction\",\"target\":{\"@type\":\"EntryPoint\",\"urlTemplate\":\"https:\/\/www.humanium.org\/de\/?s={search_term_string}\"},\"query-input\":{\"@type\":\"PropertyValueSpecification\",\"valueRequired\":true,\"valueName\":\"search_term_string\"}}],\"inLanguage\":\"de\"}]}<\/script>\n<!-- \/ Yoast SEO plugin. -->","yoast_head_json":{"title":"Die Kinder von Bahrain - Humanium","description":"In diesem Land, das Recht auf freie Meinungs\u00e4u\u00dferung, das Recht auf eine Identit\u00e4t und der Schutz vor Diskriminierung sind nicht immer gew\u00e4hrleistet.","robots":{"index":"index","follow":"follow","max-snippet":"max-snippet:-1","max-image-preview":"max-image-preview:large","max-video-preview":"max-video-preview:-1"},"canonical":"https:\/\/www.humanium.org\/de\/bahrain\/","og_locale":"de_DE","og_type":"article","og_title":"Die Kinder von Bahrain - Humanium","og_description":"In diesem Land, das Recht auf freie Meinungs\u00e4u\u00dferung, das Recht auf eine Identit\u00e4t und der Schutz vor Diskriminierung sind nicht immer gew\u00e4hrleistet.","og_url":"https:\/\/www.humanium.org\/de\/bahrain\/","og_site_name":"Humanium","article_modified_time":"2025-12-05T17:18:20+00:00","twitter_card":"summary_large_image","twitter_misc":{"Gesch\u00e4tzte Lesezeit":"5\u00a0Minuten"},"schema":{"@context":"https:\/\/schema.org","@graph":[{"@type":"WebPage","@id":"https:\/\/www.humanium.org\/de\/bahrain\/","url":"https:\/\/www.humanium.org\/de\/bahrain\/","name":"Die Kinder von Bahrain - Humanium","isPartOf":{"@id":"https:\/\/www.humanium.org\/de\/#website"},"primaryImageOfPage":{"@id":"https:\/\/www.humanium.org\/de\/bahrain\/#primaryimage"},"image":{"@id":"https:\/\/www.humanium.org\/de\/bahrain\/#primaryimage"},"thumbnailUrl":"https:\/\/www.humanium.org\/en\/wp-content\/uploads\/2011\/09\/bahrein-girl-wacky-tom-flickr.jpg","datePublished":"2016-07-15T16:54:41+00:00","dateModified":"2025-12-05T17:18:20+00:00","description":"In diesem Land, das Recht auf freie Meinungs\u00e4u\u00dferung, das Recht auf eine Identit\u00e4t und der Schutz vor Diskriminierung sind nicht immer gew\u00e4hrleistet.","breadcrumb":{"@id":"https:\/\/www.humanium.org\/de\/bahrain\/#breadcrumb"},"inLanguage":"de","potentialAction":[{"@type":"ReadAction","target":["https:\/\/www.humanium.org\/de\/bahrain\/"]}]},{"@type":"ImageObject","inLanguage":"de","@id":"https:\/\/www.humanium.org\/de\/bahrain\/#primaryimage","url":"https:\/\/www.humanium.org\/en\/wp-content\/uploads\/2011\/09\/bahrein-girl-wacky-tom-flickr.jpg","contentUrl":"https:\/\/www.humanium.org\/en\/wp-content\/uploads\/2011\/09\/bahrein-girl-wacky-tom-flickr.jpg"},{"@type":"BreadcrumbList","@id":"https:\/\/www.humanium.org\/de\/bahrain\/#breadcrumb","itemListElement":[{"@type":"ListItem","position":1,"name":"Home","item":"https:\/\/www.humanium.org\/de\/"},{"@type":"ListItem","position":2,"name":"Die Kinder von Bahrain"}]},{"@type":"WebSite","@id":"https:\/\/www.humanium.org\/de\/#website","url":"https:\/\/www.humanium.org\/de\/","name":"Humanium","description":"Kinder zuerst!","potentialAction":[{"@type":"SearchAction","target":{"@type":"EntryPoint","urlTemplate":"https:\/\/www.humanium.org\/de\/?s={search_term_string}"},"query-input":{"@type":"PropertyValueSpecification","valueRequired":true,"valueName":"search_term_string"}}],"inLanguage":"de"}]}},"_links":{"self":[{"href":"https:\/\/www.humanium.org\/de\/wp-json\/wp\/v2\/pages\/6930","targetHints":{"allow":["GET"]}}],"collection":[{"href":"https:\/\/www.humanium.org\/de\/wp-json\/wp\/v2\/pages"}],"about":[{"href":"https:\/\/www.humanium.org\/de\/wp-json\/wp\/v2\/types\/page"}],"author":[{"embeddable":true,"href":"https:\/\/www.humanium.org\/de\/wp-json\/wp\/v2\/users\/1"}],"replies":[{"embeddable":true,"href":"https:\/\/www.humanium.org\/de\/wp-json\/wp\/v2\/comments?post=6930"}],"version-history":[{"count":4,"href":"https:\/\/www.humanium.org\/de\/wp-json\/wp\/v2\/pages\/6930\/revisions"}],"predecessor-version":[{"id":20209,"href":"https:\/\/www.humanium.org\/de\/wp-json\/wp\/v2\/pages\/6930\/revisions\/20209"}],"wp:attachment":[{"href":"https:\/\/www.humanium.org\/de\/wp-json\/wp\/v2\/media?parent=6930"}],"curies":[{"name":"wp","href":"https:\/\/api.w.org\/{rel}","templated":true}]}}