{"id":6946,"date":"2016-07-20T11:42:55","date_gmt":"2016-07-20T11:42:55","guid":{"rendered":"http:\/\/www.humanium.org\/de\/?page_id=6946"},"modified":"2025-12-06T06:26:00","modified_gmt":"2025-12-06T06:26:00","slug":"kinder-in-bangladesch","status":"publish","type":"page","link":"https:\/\/www.humanium.org\/de\/kinder-in-bangladesch\/","title":{"rendered":"Kinder in Bangladesch"},"content":{"rendered":"<h1>Kinder in Bangladesch<\/h1>\n<h2>Einsatz f\u00fcr die Kinderrechte in Bangladesch<\/h2>\n<p>Bangladesch hat das <a href=\"https:\/\/www.humanium.org\/fr\/convention\/\">Internationale \u00dcbereinkommen \u00fcber die Rechte des Kindes <\/a>(Kinderrechtskonvention) im August 1990 ratifiziert und sich damit verpflichtet, die Rechte der bangladeschischen Kinder zu respektieren, zu verteidigen und ihre Umsetzung zu f\u00f6rdern. Doch trotz dieses Versprechens steht das Land vor gro\u00dfen Problemen (ineffiziente Versorgungsstellen, unpassende politische Ma\u00dfnahmen, etc.), die dazu f\u00fchren, dass Kinder momentan nicht in den vollen Genuss ihrer Rechte kommen.<\/p>\n<h3>Gr\u00f6\u00dfte Herausforderungen f\u00fcr Kinder in Bangladesch:<\/h3>\n<p><strong><a href=\"https:\/\/www.humanium.org\/en\/poor-children\/\">Armut<\/a><\/strong><\/p>\n<p>Mehr als 60 Millionen Kinder leben in Bangladesch (das sind fast f\u00fcnfmal so viele wie in Deutschland); die H\u00e4lfte von ihnen w\u00e4chst in bitterer <a href=\"https:\/\/www.humanium.org\/en\/poor-children\/\">Armut<\/a> auf.<\/p>\n<p>Der Grund f\u00fcr die <a href=\"https:\/\/www.humanium.org\/en\/poor-children\/\">Armut<\/a>, von der die gro\u00dfe Mehrheit der jungen Bangladescher betroffen ist, liegt in der hohen Arbeitslosigkeit und hat teils dramatische Konsequenzen f\u00fcr das Leben der Kinder: Viele k\u00f6nnen sich nicht gesund ern\u00e4hren, haben keinen Zugang zu Bildung, und medizinischer Versorgung Dabei sind gen\u00fcgend finanzielle Mittel vorhanden, um das Problem der Armut zu l\u00f6sen.<\/p>\n<p><strong><a href=\"https:\/\/www.humanium.org\/en\/fundamental-rights\/health\/\">Recht auf Gesundheit<\/a><\/strong><\/p>\n<p>Die Zahl der mangelern\u00e4hrten Kinder in Bangladesch bleibt besorgniserregend. Mangelern\u00e4hrung ist meist ein Problem in armen Familien, denen die Mittel f\u00fcr ausreichende Nahrung fehlen. Hinzu kommen extreme Wetterbedingungen (\u00dcberschwemmungen, Naturkatastrophen, etc.), die einige Familien in l\u00e4ndlichen Gegenden getroffen haben, wodurch nun ihre Versorgung mit ausreichend <a href=\"https:\/\/www.humanium.org\/en\/fundamental-rights\/food\/\">Nahrungsmitteln<\/a> nicht mehr sichergestellt ist.<\/p>\n<p>Auch Krankheiten, die durch Erreger im Wasser ausgel\u00f6st werden, bleiben ein ernstzunehmendes Problem. Es gibt nur selten Zugang zu trinkbarem Wasser, und auch sanit\u00e4re Anlagen sind unzureichend. Deshalb leiden Kinder in Bangladesch oft unter Durchf\u00e4llen. Au\u00dferdem waschen sich viele Eltern nicht die H\u00e4nde, sodass sich Bakterien noch st\u00e4rker verbreiten.<\/p>\n<p>Impfungen werden bei der gro\u00dfen Mehrheit der Kinder zwischen ein und zwei Jahren durchgef\u00fchrt. Allerdings gibt es in l\u00e4ndlichen Regionen keine fl\u00e4chendeckende medizinische Versorgung, sodass Familien dort ihre Kinder nicht mehr impfen lassen.<\/p>\n<p><strong><a href=\"https:\/\/www.humanium.org\/en\/infant-mortality\/\">Kindersterblichkeit<\/a><\/strong><\/p>\n<p>Auch wenn die\u00a0<a href=\"https:\/\/www.humanium.org\/en\/infant-mortality\/\">die Sterblichkeitsrate<\/a> f\u00fcr Kinder unter f\u00fcnf Jahren deutlich zur\u00fcckgegangen ist, bleibt sie auf einem besorgniserregenden Niveau.<\/p>\n<p>Viele M\u00fctter wissen nicht, an wen sie sich wenden k\u00f6nnen, wenn sie Unterst\u00fctzung brauchen. Auch gibt es in dem Land nur sehr wenige Kinder\u00e4rzte und anderes Fachpersonal. Hinzu kommt, dass junge Frauen praktisch keine Informationen zur Geburt erhalten. Sehr oft wissen sie beispielsweise nicht, dass sie ihr Kind gleich nach der Geburt stillen sollten und dass sie es warm halten m\u00fcssen.<\/p>\n<p>Diese Probleme k\u00f6nnten ganz leicht behoben werden, wenn lokale Beh\u00f6rden <a href=\"https:\/\/www.humanium.org\/en\/fundamental-rights\/health\/\">Gesundheitsdienste<\/a> entwickeln und mehr Krankenhauspersonal schulen w\u00fcrden.<\/p>\n<p><strong><a href=\"https:\/\/www.humanium.org\/en\/fundamental-rights\/identity\/\">Recht auf Identit\u00e4t<\/a><\/strong><\/p>\n<p>In Bangladesch melden Eltern die Geburt eines Kindes nur selten den Beh\u00f6rden. Ohne Geburtsurkunde kann das Kind sein Recht auf eine Identit\u00e4t aber nicht aus\u00fcben. Es wird nicht als vollwertiges Mitglied der Gesellschaft anerkannt und kann seine Rechte nicht geltend machen. Diese Kinder bleiben somit unsichtbar f\u00fcr die Augen der Gesellschaft.<\/p>\n<p>Kinder, die nicht gemeldet sind, bekommen au\u00dferdem keinen Schutz vor Ausbeutung wie Zwangsarbeit, Prostitution, early marriage, Kinderheirat, Menschenhandel, etc.<\/p>\n<p>Deshalb ist es so wichtig, dass die bangladeschische Regierung ein System aufbaut, in dem Geburten automatisch registriert und Geburtsurkunden ausgestellt werden.<\/p>\n<p><strong><a href=\"https:\/\/www.humanium.org\/en\/world\/right-to-education\/\">Recht auf Bildung<\/a><\/strong><\/p>\n<p>In Bangladesh, ist Bildung kostenlos und f\u00fcr Kinder zwischen sechs und zehn Jahren besteht Schulpflichtt. Kinder, die arbeiten, behinderte Kinder, oder Kinder der Ureinwohner, etc. k\u00f6nnen allerdings nur selten zur Schule gehen. Sie k\u00f6nnen ihr Recht auf Bildung nicht einfordern.<\/p>\n<p>Gleiches gilt f\u00fcr Kinder aus armen Gesellschaftsschichten (insbesondere Jungen), die die Schule oft abbrechen m\u00fcssen, um ihre Familien finanziell zu unterst\u00fctzen.<\/p>\n<p>Die Qualit\u00e4tsstandards im Bildungssystem\u00a0sind nicht sehr hoch, denn ein Drittel der Lehrer hat keinen Fachabschluss. Au\u00dferdem ist die Infrastruktur veraltet: Getrennte sanit\u00e4re Einrichtungen f\u00fcr Jungen und M\u00e4dchen fehlen, Bel\u00fcftung und Licht reichen nicht aus oder sind nicht vorhanden, etc.<\/p>\n<p>Weitverbreitet sind auch Misshandlungen von Kindern im Schulumfeld. Studien haben gezeigt, dass Kinder von ihren Lehrern k\u00f6rperlich misshandelt und M\u00e4dchen in der Schule oder auf dem Weg dorthin h\u00e4ufig Opfer sexueller Bel\u00e4stigungen wurden.<\/p>\n<p><strong><a href=\"https:\/\/www.humanium.org\/en\/abuse\/\">Missbrauch<\/a><\/strong><\/p>\n<p>Kinder in Bangladesch erfahren sowohl in \u00f6ffentlichen als auch privaten Einrichtungen, aber auch in der Familie, verschiedene Formen von <a href=\"https:\/\/www.humanium.org\/en\/abuse\/\">Gewalt und Vernachl\u00e4ssigung<\/a>. In der Schule <a href=\"https:\/\/www.humanium.org\/en\/abuse\/\">misshandeln<\/a> Lehrer ihre Sch\u00fcler beispielsweise oft. Auch die Polizei greift h\u00e4ufig hart durch \u2013 auch gegen\u00fcber jugendlichen Straft\u00e4tern.<\/p>\n<p>K\u00f6rperliche Gewalt als Strafe und Herabw\u00fcrdigungen sind in Bangladesch an der Tagesordnung, denn sie sind sowohl gesetzlich als auch gesellschaftlich akzeptiert.<\/p>\n<p><strong><a href=\"https:\/\/www.humanium.org\/en\/child-marriage\/\">Kinderheirat<\/a><\/strong><\/p>\n<p> Kinderheirat ist in Bangladesch zwar illegal, aber immer noch weitverbreitet. Ein Drittel der bangladeschischen M\u00e4dchen wird verheiratet, bevor es 15 Jahre alt ist.<\/p>\n<p>Der Tradition nach zahlt die Familie der Braut der Familie des Br\u00e4utigams eine bestimmte Summe Geld. Manchmal werden auch noch nach der Hochzeit Raten gezahlt. Die Gefahr dabei ist, dass dem jungen M\u00e4dchen bei Zahlungsausf\u00e4llen Misshandlungen drohen.<\/p>\n<p><a href=\"https:\/\/www.humanium.org\/en\/child-marriage\/\">Kinderheiraten<\/a> haben negative Folgen f\u00fcr die Gesundheit, die Entwicklung und die volle Aus\u00fcbung von Rechten. Heiraten M\u00e4dchen schon im jungen Alter, verlieren sie den sozialen Anschluss, weil sie ihre Ausbildung aufgeben.Auch fr\u00fche Schwangerschaften sind wahrscheinlich, was wiederum schwerwiegende Folgen f\u00fcr die <a href=\"https:\/\/www.humanium.org\/en\/fundamental-rights\/health\/\">Gesundheit<\/a> der M\u00e4dchen und ihrer Babys haben kann.<\/p>\n<p>Deshalb ist es wichtig, dass Gesetze und Informationskampagnen auf den Weg gebracht werden, damit die Regierung in Bangladesch diese traditionelle, aber sch\u00e4dliche Praxis unterbinden kann. Gleichzeitig m\u00fcssen die gesellschaftlichen Gruppen \u00fcber die Gefahren der Br\u00e4uche informiert werden.<\/p>\n<p><strong><a href=\"https:\/\/www.humanium.org\/en\/child-labour\/\">Kinderarbeit<\/a><\/strong><\/p>\n<p>Wegen der extremen <a href=\"https:\/\/www.humanium.org\/en\/poor-children\/\">Armut<\/a>, haben viele Familien keine andere Wahl, als ihre Kinder zur Arbeit zu schicken. Meist werden Kinder im Baugewerbe, f\u00fcr das Recyceln von Batterien, im Verkehrswesen, in Autowerkst\u00e4tten oder Tabakfabriken besch\u00e4ftigt.<\/p>\n<p>Diese Kinder bekommen keine Bildung und wachsen daher unter harten Bedingungen auf. Sie m\u00fcssen oft lange Arbeitszeiten bei geringem Lohn und ohne Essen etc. hinnehmen. Hinzu kommen die Risiken, die mit Prostitution, Diskriminierung, und\u00a0Misshandlungen, etc, einhergehe.<\/p>\n<p>Ein weiteres Problem in Bangladesch ist das der &#8222;Boy-Jockeys&#8220;. Bangladeschische Jungen werden in den Nahen Osten geschickt, wo sie in Kamelrennen als Jockeys eingesetzt werden. Oft bekommen sie nur wenig zu essen, damit sie nicht zunehmen. Au\u00dferdem werden sie oft Opfer physischer und <a href=\"https:\/\/www.humanium.org\/en\/sexual-abuse-children\/\">sexueller Gewalt<\/a>.<\/p>\n<p><strong>Minderj\u00e4hrige im Rechtssystem<\/strong><\/p>\n<p>In Bangladesch werden junge Straft\u00e4ter w\u00e4hrend der Untersuchungshaft oft misshandelt. Und auch wenn es spezielle Jungendgerichte gibt, werden Kinder h\u00e4ufig von normalen Gerichten verurteilt. Ebenso sind zwar Jugendvollzugsanstalten entstanden, trotzdem werden Kinder oft mit Erwachsenen zusammen inhaftiert.<\/p>\n<p>Verh\u00e4ngte Strafen k\u00f6nnen in Bangladesch sehr hoch ausfallen. Es gibt F\u00e4lle von Kindern unter 15 Jahren, die lebenslang ins Gef\u00e4ngnis mussten, und andere, die noch keine 18 waren, wurden zum Tode verurteilt<\/p>\n<p>Der Ausschuss f\u00fcr die Rechte des Kindes zeigt sich sehr besorgt \u00fcber die verh\u00e4ngten Strafma\u00dfe und hat die Regierung aufgefordert, die Todesstrafe und lebenslange Haftstrafen f\u00fcr Jugendliche zu verbieten, das Alter f\u00fcr Strafm\u00fcndigkeit auf zw\u00f6lf Jahre anzuheben und den Umgang mit Minderj\u00e4hrigen im Rechtssystem an die Bestimmungen des <a href=\"https:\/\/www.humanium.org\/fr\/convention\/\">Internationalen \u00dcbereinkommens \u00fcber die Rechte der Kinder<\/a> anzupassen.<\/p>\n<p><strong>Kinderhandel<\/strong><\/p>\n<p>Kinder aus armen Gesellschaftsschichten in Bangladesch werden oft von ihren Eltern verkauft. Die Eltern glauben, dass sie mit hohem Einkommen und besseren Lebensbedingungen etc. rechnen k\u00f6nnen, wenn die Kinder im Ausland leben. Die Realit\u00e4t sieht leider ganz anders aus: Die Kinder werden ausgebeutet, und besonders die M\u00e4dchen m\u00fcssen erst als Hausangestellte arbeiten, dann als Prostituierte.<\/p>\n<p>Die Kinder, die an Menschenh\u00e4ndler geraten, <a href=\"https:\/\/www.humanium.org\/en\/street-children\/\">leben und arbeiten oftmals auf der Stra\u00dfe<\/a>.<\/p>\n<p><strong><a href=\"https:\/\/www.humanium.org\/en\/fundamental-rights\/freedom\/\">Meinungsfreiheit<br \/>\n<\/a><\/strong><br \/>\nIn Bangladesch k\u00f6nnen Kinder ihre Meinung nur selten \u00e4u\u00dfern, und in Entscheidungen zu Hause, in der Schule etc. werden sie kaum mit eingebunden. Bei Rechts- und Verwaltungsvorg\u00e4ngen werden sie ebenfalls nur selten angeh\u00f6rt. Das hei\u00dft, auf Entscheidungen, die sie selbst betreffen, k\u00f6nnen sie praktisch keinen Einfluss nehmen. Ihre Teilhabe muss deshalb gef\u00f6rdert werden.<\/p>\n","protected":false},"excerpt":{"rendered":"<p>Kinder in Bangladesch Einsatz f\u00fcr die Kinderrechte in Bangladesch Bangladesch hat das Internationale \u00dcbereinkommen \u00fcber die Rechte des Kindes (Kinderrechtskonvention) im August 1990 ratifiziert und sich damit verpflichtet, die Rechte der bangladeschischen Kinder zu respektieren, zu verteidigen und ihre Umsetzung zu f\u00f6rdern. Doch trotz dieses Versprechens steht das Land vor gro\u00dfen Problemen (ineffiziente Versorgungsstellen, unpassende [&hellip;]<\/p>\n","protected":false},"author":1,"featured_media":0,"parent":0,"menu_order":0,"comment_status":"closed","ping_status":"closed","template":"","meta":{"footnotes":""},"class_list":["post-6946","page","type-page","status-publish","hentry"],"yoast_head":"<!-- This site is optimized with the Yoast SEO plugin v26.5 - https:\/\/yoast.com\/wordpress\/plugins\/seo\/ -->\n<title>Kinder in Bangladesch - Humanium<\/title>\n<meta name=\"description\" content=\"Das Land vor steht gro\u00dfen Problemen die dazu f\u00fchren, dass Kinder momentan nicht in den vollen Genuss ihrer Rechte kommen.\" \/>\n<meta name=\"robots\" content=\"index, follow, max-snippet:-1, max-image-preview:large, max-video-preview:-1\" \/>\n<link rel=\"canonical\" href=\"https:\/\/www.humanium.org\/de\/kinder-in-bangladesch\/\" \/>\n<meta property=\"og:locale\" content=\"de_DE\" \/>\n<meta property=\"og:type\" content=\"article\" \/>\n<meta property=\"og:title\" content=\"Kinder in Bangladesch - Humanium\" \/>\n<meta property=\"og:description\" content=\"Das Land vor steht gro\u00dfen Problemen die dazu f\u00fchren, dass Kinder momentan nicht in den vollen Genuss ihrer Rechte kommen.\" \/>\n<meta property=\"og:url\" content=\"https:\/\/www.humanium.org\/de\/kinder-in-bangladesch\/\" \/>\n<meta property=\"og:site_name\" content=\"Humanium\" \/>\n<meta property=\"article:modified_time\" content=\"2025-12-06T06:26:00+00:00\" \/>\n<meta name=\"twitter:card\" content=\"summary_large_image\" \/>\n<meta name=\"twitter:label1\" content=\"Gesch\u00e4tzte Lesezeit\" \/>\n\t<meta name=\"twitter:data1\" content=\"8\u00a0Minuten\" \/>\n<script type=\"application\/ld+json\" class=\"yoast-schema-graph\">{\"@context\":\"https:\/\/schema.org\",\"@graph\":[{\"@type\":\"WebPage\",\"@id\":\"https:\/\/www.humanium.org\/de\/kinder-in-bangladesch\/\",\"url\":\"https:\/\/www.humanium.org\/de\/kinder-in-bangladesch\/\",\"name\":\"Kinder in Bangladesch - Humanium\",\"isPartOf\":{\"@id\":\"https:\/\/www.humanium.org\/de\/#website\"},\"datePublished\":\"2016-07-20T11:42:55+00:00\",\"dateModified\":\"2025-12-06T06:26:00+00:00\",\"description\":\"Das Land vor steht gro\u00dfen Problemen die dazu f\u00fchren, dass Kinder momentan nicht in den vollen Genuss ihrer Rechte kommen.\",\"breadcrumb\":{\"@id\":\"https:\/\/www.humanium.org\/de\/kinder-in-bangladesch\/#breadcrumb\"},\"inLanguage\":\"de\",\"potentialAction\":[{\"@type\":\"ReadAction\",\"target\":[\"https:\/\/www.humanium.org\/de\/kinder-in-bangladesch\/\"]}]},{\"@type\":\"BreadcrumbList\",\"@id\":\"https:\/\/www.humanium.org\/de\/kinder-in-bangladesch\/#breadcrumb\",\"itemListElement\":[{\"@type\":\"ListItem\",\"position\":1,\"name\":\"Home\",\"item\":\"https:\/\/www.humanium.org\/de\/\"},{\"@type\":\"ListItem\",\"position\":2,\"name\":\"Kinder in Bangladesch\"}]},{\"@type\":\"WebSite\",\"@id\":\"https:\/\/www.humanium.org\/de\/#website\",\"url\":\"https:\/\/www.humanium.org\/de\/\",\"name\":\"Humanium\",\"description\":\"Kinder zuerst!\",\"potentialAction\":[{\"@type\":\"SearchAction\",\"target\":{\"@type\":\"EntryPoint\",\"urlTemplate\":\"https:\/\/www.humanium.org\/de\/?s={search_term_string}\"},\"query-input\":{\"@type\":\"PropertyValueSpecification\",\"valueRequired\":true,\"valueName\":\"search_term_string\"}}],\"inLanguage\":\"de\"}]}<\/script>\n<!-- \/ Yoast SEO plugin. -->","yoast_head_json":{"title":"Kinder in Bangladesch - Humanium","description":"Das Land vor steht gro\u00dfen Problemen die dazu f\u00fchren, dass Kinder momentan nicht in den vollen Genuss ihrer Rechte kommen.","robots":{"index":"index","follow":"follow","max-snippet":"max-snippet:-1","max-image-preview":"max-image-preview:large","max-video-preview":"max-video-preview:-1"},"canonical":"https:\/\/www.humanium.org\/de\/kinder-in-bangladesch\/","og_locale":"de_DE","og_type":"article","og_title":"Kinder in Bangladesch - Humanium","og_description":"Das Land vor steht gro\u00dfen Problemen die dazu f\u00fchren, dass Kinder momentan nicht in den vollen Genuss ihrer Rechte kommen.","og_url":"https:\/\/www.humanium.org\/de\/kinder-in-bangladesch\/","og_site_name":"Humanium","article_modified_time":"2025-12-06T06:26:00+00:00","twitter_card":"summary_large_image","twitter_misc":{"Gesch\u00e4tzte Lesezeit":"8\u00a0Minuten"},"schema":{"@context":"https:\/\/schema.org","@graph":[{"@type":"WebPage","@id":"https:\/\/www.humanium.org\/de\/kinder-in-bangladesch\/","url":"https:\/\/www.humanium.org\/de\/kinder-in-bangladesch\/","name":"Kinder in Bangladesch - Humanium","isPartOf":{"@id":"https:\/\/www.humanium.org\/de\/#website"},"datePublished":"2016-07-20T11:42:55+00:00","dateModified":"2025-12-06T06:26:00+00:00","description":"Das Land vor steht gro\u00dfen Problemen die dazu f\u00fchren, dass Kinder momentan nicht in den vollen Genuss ihrer Rechte kommen.","breadcrumb":{"@id":"https:\/\/www.humanium.org\/de\/kinder-in-bangladesch\/#breadcrumb"},"inLanguage":"de","potentialAction":[{"@type":"ReadAction","target":["https:\/\/www.humanium.org\/de\/kinder-in-bangladesch\/"]}]},{"@type":"BreadcrumbList","@id":"https:\/\/www.humanium.org\/de\/kinder-in-bangladesch\/#breadcrumb","itemListElement":[{"@type":"ListItem","position":1,"name":"Home","item":"https:\/\/www.humanium.org\/de\/"},{"@type":"ListItem","position":2,"name":"Kinder in Bangladesch"}]},{"@type":"WebSite","@id":"https:\/\/www.humanium.org\/de\/#website","url":"https:\/\/www.humanium.org\/de\/","name":"Humanium","description":"Kinder zuerst!","potentialAction":[{"@type":"SearchAction","target":{"@type":"EntryPoint","urlTemplate":"https:\/\/www.humanium.org\/de\/?s={search_term_string}"},"query-input":{"@type":"PropertyValueSpecification","valueRequired":true,"valueName":"search_term_string"}}],"inLanguage":"de"}]}},"_links":{"self":[{"href":"https:\/\/www.humanium.org\/de\/wp-json\/wp\/v2\/pages\/6946","targetHints":{"allow":["GET"]}}],"collection":[{"href":"https:\/\/www.humanium.org\/de\/wp-json\/wp\/v2\/pages"}],"about":[{"href":"https:\/\/www.humanium.org\/de\/wp-json\/wp\/v2\/types\/page"}],"author":[{"embeddable":true,"href":"https:\/\/www.humanium.org\/de\/wp-json\/wp\/v2\/users\/1"}],"replies":[{"embeddable":true,"href":"https:\/\/www.humanium.org\/de\/wp-json\/wp\/v2\/comments?post=6946"}],"version-history":[{"count":19,"href":"https:\/\/www.humanium.org\/de\/wp-json\/wp\/v2\/pages\/6946\/revisions"}],"predecessor-version":[{"id":20879,"href":"https:\/\/www.humanium.org\/de\/wp-json\/wp\/v2\/pages\/6946\/revisions\/20879"}],"wp:attachment":[{"href":"https:\/\/www.humanium.org\/de\/wp-json\/wp\/v2\/media?parent=6946"}],"curies":[{"name":"wp","href":"https:\/\/api.w.org\/{rel}","templated":true}]}}