{"id":6967,"date":"2016-07-22T12:09:51","date_gmt":"2016-07-22T12:09:51","guid":{"rendered":"http:\/\/www.humanium.org\/de\/?page_id=6967"},"modified":"2025-12-06T06:26:00","modified_gmt":"2025-12-06T06:26:00","slug":"libanon","status":"publish","type":"page","link":"https:\/\/www.humanium.org\/de\/libanon\/","title":{"rendered":"Kinder im Libanon"},"content":{"rendered":"<h1>Kinder im Libanon<\/h1>\n<h2>Realisierung der Kinderrechte im Libanon<\/h2>\n<p>Seit der blutigen Konflikte Ende des 20. Jahrhunderts ist Libanon im Wiederaufbau begriffen. Das Wohl der Kinder wurde bei diesen geopolitischen Gegebenheiten weitgehend unterlaufen, obwohl es langsam besser wird. Libanon hat bis zu einem Idealzustand, d.h. bis zum kompletten Schutz der Kinderrechte, noch einen langen Weg vor sich.<\/p>\n<h3>Hauptprobleme, mit denen die Kinder im Libanon konfrontiert sind:<\/h3>\n<p><strong><a href=\"https:\/\/www.humanium.org\/en\/poor-children\/\">Armut<\/a><\/strong><\/p>\n<p>Fast 30% der Bev\u00f6lkerung im Libanon lebt unterhalb der Armutsgrenze. Im Land gibt es betr\u00e4chtliche soziale Ungleichheit, vor allem durch die j\u00fcngsten Konflikte. So kontrolliert beispielweise 5% der Bev\u00f6lkerung 95% des Besitzes.<\/p>\n<p>Leider nimmt diese Armut den Kindern ihre Rechte, vor allem weil sie sie daran hindert, die Schule zu besuchen oder sie dazu zwingt, zu arbeiten, bevor sie das gesetzliche Alter daf\u00fcr erreicht haben.<\/p>\n<p><strong>Recht auf Bildung<\/strong><\/p>\n<p>Ungef\u00e4hr 10% der Kinder im Libanon gehen nicht zur Schule. F\u00fcr andere l\u00e4sst die Qualit\u00e4t der Bildung und der Schulgeb\u00e4ude sehr zu w\u00fcnschen \u00fcbrig, trotz der Bem\u00fchungen, die das Land zuletzt unternommen hat. Daher gibt es eine bedeutende Kluft zwischen Schulbesuch und Besch\u00e4ftigung: Viele junge Leute mit Schulabschluss sind ohne Arbeit und haben keinen Zugang zu einer fachlichen Berufsausbildung.<\/p>\n<p>Die bewaffneten Konflikte Ende des 20. Jahrhunderts haben zur Zerst\u00f6rung zahlreicher Schulen gef\u00fchrt und bedeuteten einen enormen R\u00fcckschritt f\u00fcr die Qualit\u00e4t der Bildung im Libanon. Das Land ist noch nicht komplett wiederaufgebaut und der Krieg hat Zerst\u00f6rungen verursacht, die das Bildungssystem im Libanon immer noch beeinflussen.<\/p>\n<p><strong><a href=\"https:\/\/www.humanium.org\/en\/child-labour\/\">Kinderarbeit<\/a><\/strong><\/p>\n<p>Auch wenn die Situation im Libanon nicht die schlimmste in der Region sein mag, so sind doch 7% der Kinder immer noch gezwungen zu arbeiten, um ihre Familien zu unterst\u00fctzen. Viele Jungen und junge M\u00e4nner arbeiten in der Landwirtschaft, in der Metallverarbeitung oder in Fabriken. Die Arbeitsbedingungen sind hart und unmenschlich und Kinder arbeiten sich f\u00fcr ein d\u00fcrftiges Gehalt zu Tode.Der Libanon hat die ILO (Internationale Arbeitsorganisation) Konvention zur Kinderarbeit unterschrieben, verf\u00fcgt aber nicht \u00fcber ausreichende Mittel um die Klauseln gesetzlich durchzusetzen.<\/p>\n<p><strong><a href=\"https:\/\/www.humanium.org\/en\/fundamental-rights\/water\/\">Recht auf Wasser<\/a><\/strong><\/p>\n<p>W\u00e4hrend des Krieges hatten viele D\u00f6rfer keinen Zugang zu Trinkwasser. Viele NGOs haben Mittel zur Verf\u00fcgung gestellt, um den Zugang zu Wasser wiederherzustellen, aber f\u00fcr manche Kinder in den am meisten entlegenen D\u00f6rfern ist der Zugang zu Trinkwasser immer noch nicht garantiert.<\/p>\n<p>Auch das Trinkwasser, das von \u00f6ffentlichen Anbietern zur Verf\u00fcgung gestellt wird, ist nicht ausreichend. Menschen im Libanon m\u00fcssen deshalb gegen Bezahlung auf private Anbieter zur\u00fcckgreifen. Diese Bedingungen sind nicht g\u00fcnstig f\u00fcr Kinder, die Kompromisse eingehen m\u00fcssen, wenn sie <a href=\"https:\/\/www.humanium.org\/en\/fundamental-rights\/water\/\">Zugang zu Wasser<\/a> haben wollen: Entweder arbeiten, um dabei zu helfen, private Anbieter zu bezahlen oder Kosten in anderen Bereichen reduzieren (Nahrung, Freizeit etc.).<\/p>\n<p><strong><a href=\"https:\/\/www.humanium.org\/en\/child-marriage\/\">Kindereheschlie\u00dfungen<\/a><\/strong><\/p>\n<p>Was Eheschlie\u00dfungen anbelangt: Vorzeitige Eheschlie\u00dfungen und Zwangsheirat ist g\u00e4ngig im Libanon. Zwischen 2000 und 2009 gaben mehr als 10% der jungen libanesischen Frauen an, dass sie vor ihrem 18. Lebensjahr verheiratet wurden. M\u00e4dchen haben normalerweise kein Mitspracherecht bei der Wahl ihres Ehemanns.<\/p>\n<p><strong>Kinder: Opfer der Konflikte<\/strong><\/p>\n<p>Im Libanon zeigen die Leute ihren Zorn gegen\u00fcber der vorherigen Regierung (und tun nun dasselbe gegen\u00fcber dem neuen Regime), indem sie<a href=\"https:\/\/www.humanium.org\/en\/abuse\/\">Gewalt<\/a> in den Stra\u00dfen ausieben. Kinder sind durch diese Unruhen besonders betroffen, weil viele Schulen schlie\u00dfen mussten und es nur einen schwachen <a href=\"https:\/\/www.humanium.org\/en\/fundamental-rights\/protection\/\">Schutz<\/a> f\u00fcr die Sicherheit der Kinder gibt.<\/p>\n<p>Die Konflikte, die sich im Libanon zentrieren, haben ebenfalls zum Auseinanderrei\u00dfen vieler Familien gef\u00fchrt. Manche Kinder sind ganz auf sich gestellt ohne Nachrichten von ihren Verwandten.<\/p>\n<p>Der Libanon ist auch Opfer vieler terroristischer Anschl\u00e4ge. Leider sind diese Anschl\u00e4ge meist auf \u00f6ffentliche Pl\u00e4tze gerichtet und unschuldige Kinder sind betroffen.<\/p>\n<p><strong><a href=\"https:\/\/www.humanium.org\/en\/displaced-children\/\">Fl\u00fcchtlingskinder<\/a><\/strong><\/p>\n<p>Die geographische Lage Libanons f\u00fchrt dazu, dass viele irakische, syrische und pal\u00e4stinensische Fl\u00fcchtlingsfamilien ins Land kommen. Jedoch hat der Libanon die Genfer Fl\u00fcchtlingskonvention der UN nicht ratifiziert und demnach sind die Rechte von Kindern in diesen Situationen nicht gut gesch\u00fctzt. Die Mehrheit von ihnen leben <a href=\"https:\/\/www.humanium.org\/en\/poor-children\/\">in extremer Armut.<\/a>.<\/p>\n<p>Oft werden <a href=\"https:\/\/www.humanium.org\/en\/displaced-children\/\">Fl\u00fcchtlingskinder<\/a> von Libanesen besch\u00e4ftigt, wo sie unter miserablen Bedingungen und f\u00fcr besch\u00e4mend wenig Geld arbeiten. Diese Kinder k\u00f6nnen aufgrund der Konflikte, die sie in ihren Heimatl\u00e4ndern erlebt haben, auch unter gravierenden psychologischen Problemen leiden und der Libanon hat keine Ressourcen, um ihre Traumata zu behandeln.<\/p>\n<p>In Fl\u00fcchtlingscamps sind Kinder oft vielf\u00e4ltigen Gefahren ausgesetzt, da ihre Rechte nicht gesch\u00fctzt werden. Selbst wenn eine Schule vorhanden ist, besuchen viele sie nicht. H\u00e4usliche Gewalt ist ebenfalls verbreitet und Kinder greifen oft zu Drogen, um sich besser zu f\u00fchlen.<\/p>\n<p><a href=\"https:\/\/www.humanium.org\/en\/fundamental-rights\/health\/\">Gesundheitsversorgung<\/a> ist dar\u00fcber hinaus in diesen Camps minimal. Es gibt viele NGOs, die dem libanesischen medizinischen Personal helfen, jedoch reicht dies bei weitem nicht. Kranke Kinder erhalten wenig oder keine Versorgung und es gibt einen katastrophalen Mangel an Hygiene.<\/p>\n<p><strong><a href=\"https:\/\/www.humanium.org\/en\/nondiscrimination\/\">Diskriminierung von M\u00e4dchen<\/a><\/strong><\/p>\n<p>Durch einige Gesetze werden Frauen im Libanon noch immer diskriminiert. Sowohl Frauen als auch M\u00e4dchen haben einen anderen Status als ihr m\u00e4nnliches Pendant.<\/p>\n<p>Der Libanon arbeitet daran, die eine oder andere Schutzma\u00dfnahme f\u00fcr Frauen zu etablieren und M\u00e4dchen einige Rechte zu gew\u00e4hren, da jedoch kein Gesetz in die Praxis umgesetzt wurde, h\u00e4lt die Diskriminierung an.<\/p>\n<p>Die Rechte zur Regelung der Nationalit\u00e4t illustriert eindeutig diese Trennung: laut gesetzlichen Regelungen kann nur der Vater seine libanesische Nationalit\u00e4t an seine Kinder weitergeben, die Mutter nicht.<\/p>\n<p><a href=\"https:\/\/www.humanium.org\/en\/nondiscrimination\/\">Diskriminierung<\/a> gegen\u00fcber M\u00e4dchen spiegelt sich auch in dem Recht zur Meinungs\u00e4u\u00dferung. Ihre Meinung \u00e4u\u00dfert sich im Stillen und gilt kaum etwas.<\/p>\n","protected":false},"excerpt":{"rendered":"<p>Kinder im Libanon Realisierung der Kinderrechte im Libanon Seit der blutigen Konflikte Ende des 20. Jahrhunderts ist Libanon im Wiederaufbau begriffen. Das Wohl der Kinder wurde bei diesen geopolitischen Gegebenheiten weitgehend unterlaufen, obwohl es langsam besser wird. Libanon hat bis zu einem Idealzustand, d.h. bis zum kompletten Schutz der Kinderrechte, noch einen langen Weg vor [&hellip;]<\/p>\n","protected":false},"author":1,"featured_media":0,"parent":0,"menu_order":0,"comment_status":"closed","ping_status":"closed","template":"","meta":{"footnotes":""},"class_list":["post-6967","page","type-page","status-publish","hentry"],"yoast_head":"<!-- This site is optimized with the Yoast SEO plugin v26.5 - https:\/\/yoast.com\/wordpress\/plugins\/seo\/ -->\n<title>Kinder im Libanon - Humanium<\/title>\n<meta name=\"description\" content=\"Seit der blutigen Konflikte ist Libanon im Wiederaufbau begriffen, aber es hat bis zum kompletten Schutz der Kinderrechte, noch einen langen Weg vor sich.\" \/>\n<meta name=\"robots\" content=\"index, follow, max-snippet:-1, max-image-preview:large, max-video-preview:-1\" \/>\n<link rel=\"canonical\" href=\"https:\/\/www.humanium.org\/de\/libanon\/\" \/>\n<meta property=\"og:locale\" content=\"de_DE\" \/>\n<meta property=\"og:type\" content=\"article\" \/>\n<meta property=\"og:title\" content=\"Kinder im Libanon - Humanium\" \/>\n<meta property=\"og:description\" content=\"Seit der blutigen Konflikte ist Libanon im Wiederaufbau begriffen, aber es hat bis zum kompletten Schutz der Kinderrechte, noch einen langen Weg vor sich.\" \/>\n<meta property=\"og:url\" content=\"https:\/\/www.humanium.org\/de\/libanon\/\" \/>\n<meta property=\"og:site_name\" content=\"Humanium\" \/>\n<meta property=\"article:modified_time\" content=\"2025-12-06T06:26:00+00:00\" \/>\n<meta name=\"twitter:card\" content=\"summary_large_image\" \/>\n<meta name=\"twitter:label1\" content=\"Gesch\u00e4tzte Lesezeit\" \/>\n\t<meta name=\"twitter:data1\" content=\"6\u00a0Minuten\" \/>\n<script type=\"application\/ld+json\" class=\"yoast-schema-graph\">{\"@context\":\"https:\/\/schema.org\",\"@graph\":[{\"@type\":\"WebPage\",\"@id\":\"https:\/\/www.humanium.org\/de\/libanon\/\",\"url\":\"https:\/\/www.humanium.org\/de\/libanon\/\",\"name\":\"Kinder im Libanon - Humanium\",\"isPartOf\":{\"@id\":\"https:\/\/www.humanium.org\/de\/#website\"},\"datePublished\":\"2016-07-22T12:09:51+00:00\",\"dateModified\":\"2025-12-06T06:26:00+00:00\",\"description\":\"Seit der blutigen Konflikte ist Libanon im Wiederaufbau begriffen, aber es hat bis zum kompletten Schutz der Kinderrechte, noch einen langen Weg vor sich.\",\"breadcrumb\":{\"@id\":\"https:\/\/www.humanium.org\/de\/libanon\/#breadcrumb\"},\"inLanguage\":\"de\",\"potentialAction\":[{\"@type\":\"ReadAction\",\"target\":[\"https:\/\/www.humanium.org\/de\/libanon\/\"]}]},{\"@type\":\"BreadcrumbList\",\"@id\":\"https:\/\/www.humanium.org\/de\/libanon\/#breadcrumb\",\"itemListElement\":[{\"@type\":\"ListItem\",\"position\":1,\"name\":\"Home\",\"item\":\"https:\/\/www.humanium.org\/de\/\"},{\"@type\":\"ListItem\",\"position\":2,\"name\":\"Kinder im Libanon\"}]},{\"@type\":\"WebSite\",\"@id\":\"https:\/\/www.humanium.org\/de\/#website\",\"url\":\"https:\/\/www.humanium.org\/de\/\",\"name\":\"Humanium\",\"description\":\"Kinder zuerst!\",\"potentialAction\":[{\"@type\":\"SearchAction\",\"target\":{\"@type\":\"EntryPoint\",\"urlTemplate\":\"https:\/\/www.humanium.org\/de\/?s={search_term_string}\"},\"query-input\":{\"@type\":\"PropertyValueSpecification\",\"valueRequired\":true,\"valueName\":\"search_term_string\"}}],\"inLanguage\":\"de\"}]}<\/script>\n<!-- \/ Yoast SEO plugin. -->","yoast_head_json":{"title":"Kinder im Libanon - Humanium","description":"Seit der blutigen Konflikte ist Libanon im Wiederaufbau begriffen, aber es hat bis zum kompletten Schutz der Kinderrechte, noch einen langen Weg vor sich.","robots":{"index":"index","follow":"follow","max-snippet":"max-snippet:-1","max-image-preview":"max-image-preview:large","max-video-preview":"max-video-preview:-1"},"canonical":"https:\/\/www.humanium.org\/de\/libanon\/","og_locale":"de_DE","og_type":"article","og_title":"Kinder im Libanon - Humanium","og_description":"Seit der blutigen Konflikte ist Libanon im Wiederaufbau begriffen, aber es hat bis zum kompletten Schutz der Kinderrechte, noch einen langen Weg vor sich.","og_url":"https:\/\/www.humanium.org\/de\/libanon\/","og_site_name":"Humanium","article_modified_time":"2025-12-06T06:26:00+00:00","twitter_card":"summary_large_image","twitter_misc":{"Gesch\u00e4tzte Lesezeit":"6\u00a0Minuten"},"schema":{"@context":"https:\/\/schema.org","@graph":[{"@type":"WebPage","@id":"https:\/\/www.humanium.org\/de\/libanon\/","url":"https:\/\/www.humanium.org\/de\/libanon\/","name":"Kinder im Libanon - Humanium","isPartOf":{"@id":"https:\/\/www.humanium.org\/de\/#website"},"datePublished":"2016-07-22T12:09:51+00:00","dateModified":"2025-12-06T06:26:00+00:00","description":"Seit der blutigen Konflikte ist Libanon im Wiederaufbau begriffen, aber es hat bis zum kompletten Schutz der Kinderrechte, noch einen langen Weg vor sich.","breadcrumb":{"@id":"https:\/\/www.humanium.org\/de\/libanon\/#breadcrumb"},"inLanguage":"de","potentialAction":[{"@type":"ReadAction","target":["https:\/\/www.humanium.org\/de\/libanon\/"]}]},{"@type":"BreadcrumbList","@id":"https:\/\/www.humanium.org\/de\/libanon\/#breadcrumb","itemListElement":[{"@type":"ListItem","position":1,"name":"Home","item":"https:\/\/www.humanium.org\/de\/"},{"@type":"ListItem","position":2,"name":"Kinder im Libanon"}]},{"@type":"WebSite","@id":"https:\/\/www.humanium.org\/de\/#website","url":"https:\/\/www.humanium.org\/de\/","name":"Humanium","description":"Kinder zuerst!","potentialAction":[{"@type":"SearchAction","target":{"@type":"EntryPoint","urlTemplate":"https:\/\/www.humanium.org\/de\/?s={search_term_string}"},"query-input":{"@type":"PropertyValueSpecification","valueRequired":true,"valueName":"search_term_string"}}],"inLanguage":"de"}]}},"_links":{"self":[{"href":"https:\/\/www.humanium.org\/de\/wp-json\/wp\/v2\/pages\/6967","targetHints":{"allow":["GET"]}}],"collection":[{"href":"https:\/\/www.humanium.org\/de\/wp-json\/wp\/v2\/pages"}],"about":[{"href":"https:\/\/www.humanium.org\/de\/wp-json\/wp\/v2\/types\/page"}],"author":[{"embeddable":true,"href":"https:\/\/www.humanium.org\/de\/wp-json\/wp\/v2\/users\/1"}],"replies":[{"embeddable":true,"href":"https:\/\/www.humanium.org\/de\/wp-json\/wp\/v2\/comments?post=6967"}],"version-history":[{"count":10,"href":"https:\/\/www.humanium.org\/de\/wp-json\/wp\/v2\/pages\/6967\/revisions"}],"predecessor-version":[{"id":20883,"href":"https:\/\/www.humanium.org\/de\/wp-json\/wp\/v2\/pages\/6967\/revisions\/20883"}],"wp:attachment":[{"href":"https:\/\/www.humanium.org\/de\/wp-json\/wp\/v2\/media?parent=6967"}],"curies":[{"name":"wp","href":"https:\/\/api.w.org\/{rel}","templated":true}]}}