{"id":6976,"date":"2016-07-22T15:35:06","date_gmt":"2016-07-22T15:35:06","guid":{"rendered":"http:\/\/www.humanium.org\/de\/?page_id=6976"},"modified":"2025-12-05T17:18:11","modified_gmt":"2025-12-05T17:18:11","slug":"irak","status":"publish","type":"page","link":"https:\/\/www.humanium.org\/de\/irak\/","title":{"rendered":"Kinder im Irak"},"content":{"rendered":"<h1>Die Kinder im Irak<\/h1>\n<h2>Die Verwirklichung der Kinderrechte im Irak<\/h2>\n<p style=\"text-align: center;\"><img loading=\"lazy\" decoding=\"async\" class=\"alignnone size-full wp-image-16832\" title=\"Iraqi girl (UNHCR)\" src=\"https:\/\/www.humanium.org\/fr\/wp-content\/uploads\/2011\/11\/fillette-irakienne-unhcr2.jpg\" alt=\"\" width=\"135\" height=\"200\" \/> <img loading=\"lazy\" decoding=\"async\" class=\"alignnone size-full wp-image-16860\" title=\"Iraqi boy \u00a9 Dvidshub (flickr)\" src=\"https:\/\/www.humanium.org\/fr\/wp-content\/uploads\/2011\/11\/garcon-irakien-dvidshub.jpg\" alt=\"\" width=\"142\" height=\"200\" \/><\/p>\n<p>Die politische Instabilit\u00e4t im Irak hat f\u00fcr Kinder schwerwiegende Folgen. Sie leiden tagt\u00e4glich unter den schwierigen Lebensbedingungen.<\/p>\n<h3>Zu den Hauptproblemen der Kinder im Irak z\u00e4hlen die folgenden:<\/h3>\n<p><strong><a href=\"https:\/\/www.humanium.org\/en\/poor-children\/\">Armut<\/a><\/strong><\/p>\n<p><img loading=\"lazy\" decoding=\"async\" class=\"alignright size-medium wp-image-16881\" title=\"More than 3.5 million Iraqi children live in poverty \u00a9 UNHCR\" src=\"https:\/\/www.humanium.org\/fr\/wp-content\/uploads\/2011\/11\/girl-with-mother-unhcr-237x300.jpg\" alt=\"\" width=\"155\" height=\"197\" \/>Ein Viertel der irakischen Bev\u00f6lkerung lebt unter der <a href=\"https:\/\/www.humanium.org\/en\/poor-children\/\">Armutsgrenze<\/a> Sch\u00e4tzungen zufolge sind demnach etwa 3,5 Millionen Kinder von Armut betroffen.<\/p>\n<p>Die Armut verursacht besonders f\u00fcr Kinder ernste Probleme, da sie selbst auf die elementarsten Grundrechte verzichten m\u00fcssen.<\/p>\n<p><strong><a href=\"https:\/\/www.humanium.org\/en\/fundamental-rights\/health\/\">Gesundheit<\/a><\/strong><\/p>\n<p>Der von den Vereinigten Staaten angef\u00fchrte Krieg im Jahr 2003 hat die Gesundheit irakischer Kinder stark beeintr\u00e4chtigt. Die <a href=\"https:\/\/www.humanium.org\/en\/infant-mortality\/\">Kindersterblichkeitsrate<\/a> von Kindern unter 5 Jahren verschlechtert sich weiter, w\u00e4hrend sch\u00e4tzungsweise 1,5 Millionen Kinder <a href=\"https:\/\/www.humanium.org\/en\/fundamental-rights\/health\/\">an Unterern\u00e4hrung leiden<\/a>. Tats\u00e4chlich zeigt eines von f\u00fcnf irakischen Kindern ein f\u00fcr sein Alter abnormales Gewicht.<\/p>\n<p>Auch die psychische Gesundheit der Kinder wurde durch den Krieg negativ beeinflusst. Bei einem Gro\u00dfteil der Kinder haben die Kriegsgeschehnisse ein psychisches Trauma ausgel\u00f6st. Stress, Panik und Todesangst haben sich in den K\u00f6pfen der Kinder festgesetzt und begleiten sie noch heute in ihrem t\u00e4glichen Leben.<\/p>\n<p><strong>Bildung<\/strong><\/p>\n<p><img loading=\"lazy\" decoding=\"async\" class=\"alignright size-full wp-image-16877\" title=\"All Iraqi children do not have access to education \u00a9 Dvidshub (flickr).\" src=\"https:\/\/www.humanium.org\/fr\/wp-content\/uploads\/2011\/11\/girls-in-school-dvidshub.jpg\" alt=\"\" width=\"250\" height=\"168\" \/>Der Schulbesuch ist bis zum 12. Lebensjahr verpflichtend und kostenlos. \u00dcberf\u00fcllte Klassenzimmer und der Mangel an entsprechenden Einrichtungen erschweren es den Kindern jedoch, von einer guten Schulbildung zu profitieren. Zudem erhalten <a href=\"https:\/\/www.humanium.org\/en\/disabled-children\/\">Kinder mit Behinderung <\/a> und <a href=\"https:\/\/www.humanium.org\/en\/displaced-children\/\">vertriebene Kinder<\/a> keinen Zugang zu Bildung.<\/p>\n<p>Das Recht auf Bildung wurde durch die Instabilit\u00e4t im Irak beeintr\u00e4chtigt, was an einigen Schulen deutlich erkennbar ist. Grund- und Mittelschulen wurden geschlossen und mehr als 20 Schulen wurden zerst\u00f6rt.<\/p>\n<p><strong><a href=\"https:\/\/www.humanium.org\/en\/nondiscrimination\/\">Das Recht auf Gleichbehandlung<\/a><\/strong><\/p>\n<p>Die irakische Verfassung verleiht jedem Menschen mit mindestens einem irakischen Elternteil die von der Regierung festgelegten B\u00fcrgerrechte. Kinder ohne irakische Eltern genie\u00dfen nicht die gleichen Rechte und m\u00fcssen beispielsweise f\u00fcr staatliche Bildung und Gesundheitsdienstleistungen bezahlen. In seltenen Ausnahmef\u00e4llen m\u00fcssen solche Kinder selbst auf die ausgegebenen Nahrungsmittelcoupons verzichten.<\/p>\n<p><strong><a href=\"https:\/\/www.humanium.org\/en\/abuse\/\">Missbrauch<\/a><\/strong><\/p>\n<p>Im Irak leiden viele Kinder unter psychischer und physischer Gewalt. Disziplin hat in der irakischen Gesellschaft, und damit in der Beziehung zwischen Eltern und Kindern, noch immer einen hohen Stellenwert. Auch Lehrer und andere Autorit\u00e4tspersonen schrecken nicht davor zur\u00fcck, Anweisungen mit Gewalt durchzusetzen.<\/p>\n<p>Die tragische Konsequenz dieser Gewaltanwendungen ist, dass viele Kinder in ihrem sp\u00e4teren Leben selbst gewaltt\u00e4tig werden.<\/p>\n<p><strong>Kinder als Opfer des Krieges<\/strong><\/p>\n<p><img loading=\"lazy\" decoding=\"async\" class=\"alignright size-full wp-image-16878\" title=\"Child injured as a result of the war in 2003 \u00a9 Dvidshub (flickr)\" src=\"https:\/\/www.humanium.org\/fr\/wp-content\/uploads\/2011\/11\/girl-injured-dvidshub.jpg\" alt=\"\" width=\"170\" height=\"198\" \/>Der Irak leidet unter politischer Instabilit\u00e4t und einer gro\u00dfen Anzahl von terroristischen Anschl\u00e4gen. Etwa 8,1 % der Anschlagsopfer sind Kinder, die durch Sprengk\u00f6rper und Autobomben get\u00f6tet wurden. Laut der marokkanischen Menschenrechtsorganisation OMDH (Organisation Marocaine des Droits Humains) wurden im Jahr 2010 mehr als 174 Kinder get\u00f6tet und 773 verletzt.<\/p>\n<p>Dar\u00fcber hinaus sind Kinder auch von den Millionen von Bomben und Tretminen betroffen, die \u00fcber bestimmte Regionen des Landes verteilt sind. Laut dem Entwicklungsprogramm der Vereinten Nationen fielen seit 1991 \u00fcber eine Million irakische Kinder diesen Gefahren zum Opfer.<\/p>\n<p><strong><a href=\"https:\/\/www.humanium.org\/en\/child-soldier\/\">Kindersoldaten<\/a><\/strong><\/p>\n<p>Noch immer werden viele Kinder von bewaffneten Gruppen rekrutiert, insbesondere von Terrororganisationen. Sie werden meist f\u00fcr \u00dcberwachungs- und Spionaget\u00e4tigkeiten ausgenutzt oder m\u00fcssen sich an Angriffen gegen bewaffnete Streitkr\u00e4fte und Zivilisten beteiligen.<\/p>\n<p><a href=\"https:\/\/www.humanium.org\/en\/child-soldier\/\">Kindersoldaten<\/a> werden von Streitkr\u00e4ften in der Regel nicht bemerkt und bringen die Mission, der sie zugewiesen wurden, deshalb weniger in Gefahr als erwachsene Soldaten.<\/p>\n<p><strong><a href=\"https:\/\/www.humanium.org\/en\/displaced-children\/\">Vertriebene Kinder<\/a><\/strong><\/p>\n<p>Die politische Instabilit\u00e4t im Irak l\u00f6st immer wieder grenzen\u00fcberschreitende Bev\u00f6lkerungsbewegungen aus. Eine gro\u00dfe Anzahl von Kindern befindet sich dadurch in Gefahr. Ohne ausreichende Wasser- und Nahrungsmittelversorgung sowie ohne Zugang zu Bildung und <a href=\"https:\/\/www.humanium.org\/en\/fundamental-rights\/health\/\">medizinischer Hilfe<\/a>, leben diese <a href=\"https:\/\/www.humanium.org\/en\/displaced-children\/\">vertriebenen Kinder <\/a>unter \u00e4u\u00dferst schwierigen Bedingungen.<\/p>\n<p><strong><a href=\"https:\/\/www.humanium.org\/en\/orphans\/\">Waisen<\/a><\/strong><\/p>\n<p><img loading=\"lazy\" decoding=\"async\" class=\"alignright wp-image-16879\" title=\"Iraq has increasing numbers of orphans \u00a9 Official US Airforce (flickr)\" src=\"https:\/\/www.humanium.org\/fr\/wp-content\/uploads\/2011\/11\/girls-teams-officialusairforce.jpg\" alt=\"\" width=\"284\" height=\"200\" \/>Im Irak leben viele <a href=\"https:\/\/www.humanium.org\/en\/orphans\/\">Waisen<\/a>. Einer von sechs irakischen B\u00fcrgern hat keine Eltern. Zu den sehr vielf\u00e4ltigen Gr\u00fcnden z\u00e4hlen <a href=\"https:\/\/www.humanium.org\/en\/poor-children\/\">Armut<\/a>, <a href=\"https:\/\/www.humanium.org\/en\/children-and-aids\/\">HIV\/Aids<\/a>, der Krieg von 2003, terroristische Anschl\u00e4ge und die vielen Todesf\u00e4lle, die durch die Diktatur Saddam Husseins ausgel\u00f6st wurden.<\/p>\n<p>Adoptionen sind nach irakischem Gesetz nicht vorgesehen. Enge Freunde oder Familienmitglieder k\u00f6nnen zwar die Vormundschaft f\u00fcr Kinder \u00fcbernehmen, f\u00fcr Fremde ist dies im Irak aber nicht m\u00f6glich.<\/p>\n<p><strong><a href=\"https:\/\/www.humanium.org\/en\/child-labour\/\">Kinderarbeit<\/a><\/strong><\/p>\n<p>Kinderarbeit ist gesetzlich verboten, doch viele Kinder m\u00fcssen trotzdem arbeiten, um ihre Grundbed\u00fcrfnisse erf\u00fcllen zu k\u00f6nnen. Sie betteln daher auf der Stra\u00dfe oder verkaufen Zigaretten an Autofahrer. Mit solchen Aktivit\u00e4ten schaden die Kinder sowohl ihrer <a href=\"https:\/\/www.humanium.org\/en\/fundamental-rights\/health\/\">Gesundheit<\/a> als auch ihrerBildung.<\/p>\n<p>Im schlimmsten Fall enden einige der Kinder im Drogenhandel oder in der<a href=\"https:\/\/www.humanium.org\/en\/child-prostitution\/\">Prostitution<\/a>.<\/p>\n<p><strong><a href=\"https:\/\/www.humanium.org\/en\/child-trafficking\/\">Kinderhandel<\/a><\/strong><\/p>\n<p>Der Kinderhandel ist im Irak, besonders im Gebiet Kurdistan, ein weit verbreitetes Problem. Es betrifft vor allem junge M\u00e4dchen, die als Dienstm\u00e4dchen oder als <a href=\"https:\/\/www.humanium.org\/en\/child-prostitution\/\">Prostituierte<\/a> verkauft werden.<\/p>\n<p>Im Irak ist <a href=\"https:\/\/www.humanium.org\/en\/child-prostitution\/\">Prostitution<\/a> nicht gesetzlich verboten. Im Gegensatz zur Herstellung, dem Import und dem Besitz pornografischer Bilder oder Filme der untersagt ist.<\/p>\n<p><strong>Jugendliche im Strafvollzug<\/strong><\/p>\n<p>Die Lebensbedingungen von Minderj\u00e4hrigen im Gef\u00e4ngnis wurden zwar schon verbessert, doch die Einrichtungen sind noch immer \u00fcberf\u00fcllt. Zudem werden viele Kinder dort Opfer von Missbrauch und Ausbeutung.<\/p>\n<p>Bedauerlicherweise m\u00fcssen Minderj\u00e4hrige ihre Gef\u00e4ngnisstrafen noch immer in Einrichtungen f\u00fcr Erwachsene verb\u00fc\u00dfen.<\/p>\n<p><img loading=\"lazy\" decoding=\"async\" class=\"alignright size-full wp-image-16880\" title=\"Weibliche Genitalverst\u00fcmmelung wird oft an jungen M\u00e4dchen praktiziert \u00a9 Official US Airforce (flickr)\" src=\"https:\/\/www.humanium.org\/fr\/wp-content\/uploads\/2011\/11\/girls-two-officialusairforce.jpg\" alt=\"\" width=\"271\" height=\"180\" \/><strong><a href=\"https:\/\/www.humanium.org\/en\/genital-mutilation\/\">Weibliche Genitalverst\u00fcmmelung<\/a><\/strong><\/p>\n<p>Die <a href=\"https:\/\/www.humanium.org\/en\/genital-mutilation\/\">weibliche Gebitalverst\u00fcmmelung<\/a>, Weibliche Genitalverst\u00fcmmelung ist nicht gesetzlich verboten und wird daher in l\u00e4ndlichen Gebieten, besonders in Kurdistan, noch h\u00e4ufig praktiziert. 90 % aller Frauen, die auf dem Land leben, und 30 % aller Frauen in St\u00e4dten mussten die Genitalverst\u00fcmmelung erleiden.<\/p>\n<p>Die Prozedur ist \u00e4u\u00dferst gesundheitssch\u00e4dlich und h\u00e4ufig Ursache f\u00fcr Blutungen und Infektionen.<\/p>\n<p><strong>Entf\u00fchrte Kinder<\/strong><\/p>\n<p>Im Irak werden viele Kindesentf\u00fchrungen verzeichnet. Mehr als 31 Kinder wurden im Jahr 2010 entf\u00fchrt. Meist wollen die Entf\u00fchrer dadurch Geld erpressen. Leider werden Kinder, deren Familien das L\u00f6segeld nicht bezahlen wollen, in einem Gro\u00dfteil der F\u00e4lle von ihren Entf\u00fchrern get\u00f6tet.<\/p>\n","protected":false},"excerpt":{"rendered":"<p>Die Kinder im Irak Die Verwirklichung der Kinderrechte im Irak Die politische Instabilit\u00e4t im Irak hat f\u00fcr Kinder schwerwiegende Folgen. Sie leiden tagt\u00e4glich unter den schwierigen Lebensbedingungen. Zu den Hauptproblemen der Kinder im Irak z\u00e4hlen die folgenden: Armut Ein Viertel der irakischen Bev\u00f6lkerung lebt unter der Armutsgrenze Sch\u00e4tzungen zufolge sind demnach etwa 3,5 Millionen Kinder [&hellip;]<\/p>\n","protected":false},"author":1,"featured_media":0,"parent":0,"menu_order":0,"comment_status":"closed","ping_status":"closed","template":"","meta":{"footnotes":""},"class_list":["post-6976","page","type-page","status-publish","hentry"],"yoast_head":"<!-- This site is optimized with the Yoast SEO plugin v26.5 - https:\/\/yoast.com\/wordpress\/plugins\/seo\/ -->\n<title>Kinder im Irak - Humanium<\/title>\n<meta name=\"description\" content=\"Die politische Instabilit\u00e4t im Irak hat f\u00fcr Kinder schwerwiegende Folgen. Sie leiden tagt\u00e4glich unter den schwierigen Lebensbedingungen.\" \/>\n<meta name=\"robots\" content=\"index, follow, max-snippet:-1, max-image-preview:large, max-video-preview:-1\" \/>\n<link rel=\"canonical\" href=\"https:\/\/www.humanium.org\/de\/irak\/\" \/>\n<meta property=\"og:locale\" content=\"de_DE\" \/>\n<meta property=\"og:type\" content=\"article\" \/>\n<meta property=\"og:title\" content=\"Kinder im Irak - Humanium\" \/>\n<meta property=\"og:description\" content=\"Die politische Instabilit\u00e4t im Irak hat f\u00fcr Kinder schwerwiegende Folgen. Sie leiden tagt\u00e4glich unter den schwierigen Lebensbedingungen.\" \/>\n<meta property=\"og:url\" content=\"https:\/\/www.humanium.org\/de\/irak\/\" \/>\n<meta property=\"og:site_name\" content=\"Humanium\" \/>\n<meta property=\"article:modified_time\" content=\"2025-12-05T17:18:11+00:00\" \/>\n<meta name=\"twitter:card\" content=\"summary_large_image\" \/>\n<meta name=\"twitter:label1\" content=\"Gesch\u00e4tzte Lesezeit\" \/>\n\t<meta name=\"twitter:data1\" content=\"7\u00a0Minuten\" \/>\n<script type=\"application\/ld+json\" class=\"yoast-schema-graph\">{\"@context\":\"https:\/\/schema.org\",\"@graph\":[{\"@type\":\"WebPage\",\"@id\":\"https:\/\/www.humanium.org\/de\/irak\/\",\"url\":\"https:\/\/www.humanium.org\/de\/irak\/\",\"name\":\"Kinder im Irak - Humanium\",\"isPartOf\":{\"@id\":\"https:\/\/www.humanium.org\/de\/#website\"},\"primaryImageOfPage\":{\"@id\":\"https:\/\/www.humanium.org\/de\/irak\/#primaryimage\"},\"image\":{\"@id\":\"https:\/\/www.humanium.org\/de\/irak\/#primaryimage\"},\"thumbnailUrl\":\"https:\/\/www.humanium.org\/fr\/wp-content\/uploads\/2011\/11\/fillette-irakienne-unhcr2.jpg\",\"datePublished\":\"2016-07-22T15:35:06+00:00\",\"dateModified\":\"2025-12-05T17:18:11+00:00\",\"description\":\"Die politische Instabilit\u00e4t im Irak hat f\u00fcr Kinder schwerwiegende Folgen. Sie leiden tagt\u00e4glich unter den schwierigen Lebensbedingungen.\",\"breadcrumb\":{\"@id\":\"https:\/\/www.humanium.org\/de\/irak\/#breadcrumb\"},\"inLanguage\":\"de\",\"potentialAction\":[{\"@type\":\"ReadAction\",\"target\":[\"https:\/\/www.humanium.org\/de\/irak\/\"]}]},{\"@type\":\"ImageObject\",\"inLanguage\":\"de\",\"@id\":\"https:\/\/www.humanium.org\/de\/irak\/#primaryimage\",\"url\":\"https:\/\/www.humanium.org\/fr\/wp-content\/uploads\/2011\/11\/fillette-irakienne-unhcr2.jpg\",\"contentUrl\":\"https:\/\/www.humanium.org\/fr\/wp-content\/uploads\/2011\/11\/fillette-irakienne-unhcr2.jpg\"},{\"@type\":\"BreadcrumbList\",\"@id\":\"https:\/\/www.humanium.org\/de\/irak\/#breadcrumb\",\"itemListElement\":[{\"@type\":\"ListItem\",\"position\":1,\"name\":\"Home\",\"item\":\"https:\/\/www.humanium.org\/de\/\"},{\"@type\":\"ListItem\",\"position\":2,\"name\":\"Kinder im Irak\"}]},{\"@type\":\"WebSite\",\"@id\":\"https:\/\/www.humanium.org\/de\/#website\",\"url\":\"https:\/\/www.humanium.org\/de\/\",\"name\":\"Humanium\",\"description\":\"Kinder zuerst!\",\"potentialAction\":[{\"@type\":\"SearchAction\",\"target\":{\"@type\":\"EntryPoint\",\"urlTemplate\":\"https:\/\/www.humanium.org\/de\/?s={search_term_string}\"},\"query-input\":{\"@type\":\"PropertyValueSpecification\",\"valueRequired\":true,\"valueName\":\"search_term_string\"}}],\"inLanguage\":\"de\"}]}<\/script>\n<!-- \/ Yoast SEO plugin. -->","yoast_head_json":{"title":"Kinder im Irak - Humanium","description":"Die politische Instabilit\u00e4t im Irak hat f\u00fcr Kinder schwerwiegende Folgen. Sie leiden tagt\u00e4glich unter den schwierigen Lebensbedingungen.","robots":{"index":"index","follow":"follow","max-snippet":"max-snippet:-1","max-image-preview":"max-image-preview:large","max-video-preview":"max-video-preview:-1"},"canonical":"https:\/\/www.humanium.org\/de\/irak\/","og_locale":"de_DE","og_type":"article","og_title":"Kinder im Irak - Humanium","og_description":"Die politische Instabilit\u00e4t im Irak hat f\u00fcr Kinder schwerwiegende Folgen. Sie leiden tagt\u00e4glich unter den schwierigen Lebensbedingungen.","og_url":"https:\/\/www.humanium.org\/de\/irak\/","og_site_name":"Humanium","article_modified_time":"2025-12-05T17:18:11+00:00","twitter_card":"summary_large_image","twitter_misc":{"Gesch\u00e4tzte Lesezeit":"7\u00a0Minuten"},"schema":{"@context":"https:\/\/schema.org","@graph":[{"@type":"WebPage","@id":"https:\/\/www.humanium.org\/de\/irak\/","url":"https:\/\/www.humanium.org\/de\/irak\/","name":"Kinder im Irak - Humanium","isPartOf":{"@id":"https:\/\/www.humanium.org\/de\/#website"},"primaryImageOfPage":{"@id":"https:\/\/www.humanium.org\/de\/irak\/#primaryimage"},"image":{"@id":"https:\/\/www.humanium.org\/de\/irak\/#primaryimage"},"thumbnailUrl":"https:\/\/www.humanium.org\/fr\/wp-content\/uploads\/2011\/11\/fillette-irakienne-unhcr2.jpg","datePublished":"2016-07-22T15:35:06+00:00","dateModified":"2025-12-05T17:18:11+00:00","description":"Die politische Instabilit\u00e4t im Irak hat f\u00fcr Kinder schwerwiegende Folgen. Sie leiden tagt\u00e4glich unter den schwierigen Lebensbedingungen.","breadcrumb":{"@id":"https:\/\/www.humanium.org\/de\/irak\/#breadcrumb"},"inLanguage":"de","potentialAction":[{"@type":"ReadAction","target":["https:\/\/www.humanium.org\/de\/irak\/"]}]},{"@type":"ImageObject","inLanguage":"de","@id":"https:\/\/www.humanium.org\/de\/irak\/#primaryimage","url":"https:\/\/www.humanium.org\/fr\/wp-content\/uploads\/2011\/11\/fillette-irakienne-unhcr2.jpg","contentUrl":"https:\/\/www.humanium.org\/fr\/wp-content\/uploads\/2011\/11\/fillette-irakienne-unhcr2.jpg"},{"@type":"BreadcrumbList","@id":"https:\/\/www.humanium.org\/de\/irak\/#breadcrumb","itemListElement":[{"@type":"ListItem","position":1,"name":"Home","item":"https:\/\/www.humanium.org\/de\/"},{"@type":"ListItem","position":2,"name":"Kinder im Irak"}]},{"@type":"WebSite","@id":"https:\/\/www.humanium.org\/de\/#website","url":"https:\/\/www.humanium.org\/de\/","name":"Humanium","description":"Kinder zuerst!","potentialAction":[{"@type":"SearchAction","target":{"@type":"EntryPoint","urlTemplate":"https:\/\/www.humanium.org\/de\/?s={search_term_string}"},"query-input":{"@type":"PropertyValueSpecification","valueRequired":true,"valueName":"search_term_string"}}],"inLanguage":"de"}]}},"_links":{"self":[{"href":"https:\/\/www.humanium.org\/de\/wp-json\/wp\/v2\/pages\/6976","targetHints":{"allow":["GET"]}}],"collection":[{"href":"https:\/\/www.humanium.org\/de\/wp-json\/wp\/v2\/pages"}],"about":[{"href":"https:\/\/www.humanium.org\/de\/wp-json\/wp\/v2\/types\/page"}],"author":[{"embeddable":true,"href":"https:\/\/www.humanium.org\/de\/wp-json\/wp\/v2\/users\/1"}],"replies":[{"embeddable":true,"href":"https:\/\/www.humanium.org\/de\/wp-json\/wp\/v2\/comments?post=6976"}],"version-history":[{"count":4,"href":"https:\/\/www.humanium.org\/de\/wp-json\/wp\/v2\/pages\/6976\/revisions"}],"predecessor-version":[{"id":20208,"href":"https:\/\/www.humanium.org\/de\/wp-json\/wp\/v2\/pages\/6976\/revisions\/20208"}],"wp:attachment":[{"href":"https:\/\/www.humanium.org\/de\/wp-json\/wp\/v2\/media?parent=6976"}],"curies":[{"name":"wp","href":"https:\/\/api.w.org\/{rel}","templated":true}]}}