{"id":6993,"date":"2016-08-03T09:26:17","date_gmt":"2016-08-03T09:26:17","guid":{"rendered":"http:\/\/www.humanium.org\/de\/?page_id=6993"},"modified":"2025-12-06T06:20:08","modified_gmt":"2025-12-06T06:20:08","slug":"malaysia","status":"publish","type":"page","link":"https:\/\/www.humanium.org\/de\/malaysia\/","title":{"rendered":"Kinder in Malaysia"},"content":{"rendered":"<h1>Kinder in Malaysia<\/h1>\n<h2>Kinderrechte in Malaysia durchsetzen<\/h2>\n<p style=\"text-align: center;\"><img loading=\"lazy\" decoding=\"async\" class=\"size-thumbnail wp-image-19089 alignnone\" title=\"Malaysian girl \u00a9 James Chew (flickr)\" src=\"https:\/\/www.humanium.org\/fr\/wp-content\/uploads\/2012\/03\/fillette-malaisienne\u00a9jameschew-150x150.jpg\" alt=\"\" width=\"150\" height=\"150\" \/> <img loading=\"lazy\" decoding=\"async\" class=\"size-thumbnail wp-image-19091 alignnone\" title=\"Malaysian boy \u00a9 James Chew (flickr)\" src=\"https:\/\/www.humanium.org\/fr\/wp-content\/uploads\/2012\/03\/garcon-malaisien\u00a9jameschew-133x150.jpg\" alt=\"\" width=\"133\" height=\"150\" \/><\/p>\n<p>Die malaysische Regierung pr\u00e4sentiert ihr Land als eines, in dem unterschiedliche ethnische Gruppen friedlich und harmonisch zusammenleben. Die Realit\u00e4t sieht aber leider anders aus. Kinder ethnischer oder religi\u00f6ser Minderheiten stehen vor vielen Hindernissen, aber auch sonst wird den Kinderrechten viel zu wenig Beachtung geschenkt.<\/p>\n<h4>Hauptprobleme mit denen Kinder in Malaysia konfrontiert sind:<\/h4>\n<p><strong><a href=\"https:\/\/www.humanium.org\/de\/armut\/\" target=\"_blank\" rel=\"noopener\">Armut<\/a><\/strong><\/p>\n<p>Viele Kinder in Malaysia leiden unter <a href=\"https:\/\/www.humanium.org\/de\/armut\/\" target=\"_blank\" rel=\"noopener\">Armut<\/a>. Obwohl die Regierung einiges an Bem\u00fchungen unternommen hat, um die Situation zu verbessern, sch\u00e4tzt die UNICEF die Zahl der Kinder unter 15, die unter schwierigen Bedingungen leben und deren Grundbed\u00fcrfnisse nicht gedeckt sind, auf mehr als 72.000.<\/p>\n<p>Die Organisation arbeitet eng mit der Regierung zusammen, um die <a href=\"https:\/\/www.humanium.org\/de\/armut\/\" target=\"_blank\" rel=\"noopener\">Armut<\/a> und deren Folgen f\u00fcr Kinder zu bek\u00e4mpfen.<\/p>\n<p><img loading=\"lazy\" decoding=\"async\" class=\"alignright wp-image-19096\" title=\"In Malaysia, 90% of the children go to school \u00a9 Abdul Rahman (flickr)\" src=\"https:\/\/www.humanium.org\/fr\/wp-content\/uploads\/2012\/03\/education\u00a9abdulrahman-150x150.jpg\" alt=\"\" width=\"162\" height=\"162\" \/><strong><a href=\"https:\/\/www.humanium.org\/de\/recht-bildung\/\" target=\"_blank\" rel=\"noopener\">Recht auf Bildung<\/a><\/strong><\/p>\n<p><a href=\"https:\/\/www.humanium.org\/de\/recht-bildung\/\" target=\"_blank\" rel=\"noopener\">Recht auf Bildung<\/a> In Malaysia gilt eine Schulpflicht f\u00fcr Kinder zwischen 6 und 11 Jahren, und der Besuch \u00f6ffentlicher Schulen ist kostenlos. Der Unterricht findet haupts\u00e4chlich auf Malaiisch und Englisch statt, aber auch Chinesisch und Tamil sind nicht selten Unterrichtssprache.<\/p>\n<p>Ungef\u00e4hr 90% der Kinder gehen zur <a href=\"https:\/\/www.humanium.org\/de\/recht-bildung\/\" target=\"_blank\" rel=\"noopener\">Schule<\/a>. Dabei gibt es aber enorme Unterschiede zwischen l\u00e4ndlichen und st\u00e4dtischen Gegenden. Kinder auf dem Land, zumeist indigener Abstammung, besuchen oft keine Schule. Und nur ein Viertel der 90% beendet die Grundschule.<\/p>\n<p>Nicht-Staatsb\u00fcrger m\u00fcssen extra Geb\u00fchren zahlen, um ihre Kinder zur <a href=\"https:\/\/www.humanium.org\/de\/recht-bildung\/\" target=\"_blank\" rel=\"noopener\">Schule<\/a> schicken zu k\u00f6nnen.<\/p>\n<p>M\u00e4dchen ist der Zugang zu <a href=\"https:\/\/www.humanium.org\/de\/recht-bildung\/\" target=\"_blank\" rel=\"noopener\">Schulbildung<\/a> manchmal aus rein kulturellen Gr\u00fcnden g\u00e4nzlich verwehrt. Doch zum Gl\u00fcck verbessert sich die Bildungspolitik sowie im allgemeinen auch die <a href=\"https:\/\/www.humanium.org\/de\/diskriminierung\/\" target=\"_blank\" rel=\"noopener\">Geschlechtergleichstellung<\/a>.<\/p>\n<p><strong><a href=\"https:\/\/www.humanium.org\/de\/recht-auf-identitat\/\" target=\"_blank\" rel=\"noopener\">Recht auf Identit\u00e4t<\/a><\/strong><\/p>\n<p>Kindern von Einwanderern oder Asylsuchenden ist es durch die Malaysischen Beh\u00f6rden untersagt, sich registrieren zu lassen. Asylbewerber riskieren eine Haftstrafe wegen illegaler Einwanderung, wenn sie versuchen, ihre Kinder registrieren zu lassen.<\/p>\n<p>Auch Eheschlie\u00dfungen zwischen Muslimen und Nicht-Muslimen werden nicht anerkannt. Eltern, die in einer solchen Mischehe leben, haben ebenfalls Probleme, ihre Kinder registrieren zu lassen.<\/p>\n<p>Ohne Geburtsurkunde sind die Kinder staatenlos und es ist ihnen nicht erlaubt, eine Schule zu besuchen. Damit ist sowohl ihr <a href=\"https:\/\/www.humanium.org\/de\/recht-auf-identitat\/\" target=\"_blank\" rel=\"noopener\">Recht auf eine eigene Identit\u00e4t<\/a> als auch ihr <a href=\"https:\/\/www.humanium.org\/de\/recht-bildung\/\" target=\"_blank\" rel=\"noopener\">Recht auf Bildung<\/a> nicht gewahrt.<\/p>\n<p><strong><a href=\"https:\/\/www.humanium.org\/de\/diskriminierung\/\" target=\"_blank\" rel=\"noopener\">Recht auf Gleichbehandlung<\/a><\/strong><\/p>\n<h4>Diskriminierung von Kindern ethnischer Minderheiten<\/h4>\n<p>Die Bev\u00f6lkerung in Malaysia setzt sich haupts\u00e4chlich aus drei Ethnien zusammen: 60% Malaien, 25% Chinesen und 10% Inder.<\/p>\n<p>Vor einigen Jahren haben die Malaysischen Beh\u00f6rden ein ethnisches Diskriminierungsprogramm entwickelt, welches Malaien beg\u00fcnstigt. Die Regierung bef\u00fcrchtete, dass ethnische Minderheiten eine Vereinheitlichung des Landes verhindern. Also versuchten sie, den Malaien bessere M\u00f6glichkeiten zu bieten, zum Nachteil der Minderheiten.<\/p>\n<p>Diese Politik hat es Kindern von Chinesen, Indern und anderen Minderheiten unm\u00f6glich gemacht, die gleichen Leistungen zu erhalten wie malaiische Kinder, insbesondere Bildung.<\/p>\n<h4>Diskriminierung von Kindern religi\u00f6ser Minderheiten<\/h4>\n<p><img loading=\"lazy\" decoding=\"async\" class=\"alignright size-thumbnail wp-image-19105\" title=\"Islam being the majority religion, children from minorities are being discriminated against \u00a9 llariak (flickr)\" src=\"https:\/\/www.humanium.org\/fr\/wp-content\/uploads\/2012\/03\/discrimination\u00a9llariak-150x150.jpg\" alt=\"\" width=\"150\" height=\"150\" \/>Die Staatsreligion in Malaysia ist der Islam und 60% der Bev\u00f6lkerung sind Muslime. Auch wenn es keine Verfolgung religi\u00f6ser Minderheiten gibt, werden sie dennoch diskriminiert. Religi\u00f6se Freiheit existiert auf Grund der Radikalisierung des Landes nur in der Theorie. Christliche Kinderb\u00fccher, zum Beispiel, wurden von Malaysischen Beh\u00f6rden konfisziert mit der Begr\u00fcndung, die Abbildungen der Propheten Moses und Abraham verletzen das islamische Recht (Scharia).<\/p>\n<p>Hindus, Christen, Buddhisten und andere Religionsgruppen f\u00fchlen sich mehr und mehr ins Visier genommen, da ihre Rechte auf freie Religionsaus\u00fcbung immer weiter eingeschr\u00e4nkt werden.<\/p>\n<h4><a href=\"https:\/\/www.humanium.org\/de\/die-rechte-von-madchen\/\" target=\"_blank\" rel=\"noopener\">Diskriminierung von M\u00e4dchen<\/a><\/h4>\n<p>Die Gleichstellung von Mann und Frau ist in Malaysia nicht selbstverst\u00e4ndlich. Um M\u00e4dchen wird sich nicht in gleicher Weise gek\u00fcmmert wie um Jungs. Beachtliche Fortschritte hat es aber bereits im Bereich <a href=\"https:\/\/www.humanium.org\/de\/recht-bildung\/\" target=\"_blank\" rel=\"noopener\">Bildung<\/a> f\u00fcr M\u00e4dchen gegeben.<\/p>\n<p><strong><a href=\"https:\/\/www.humanium.org\/de\/genitalverstummelung\/\" target=\"_blank\" rel=\"noopener\">Weibliche Genitalverst\u00fcmmelung<br \/>\n<\/a><\/strong>Unter malaysischen Muslimen ist die <a href=\"https:\/\/www.humanium.org\/de\/genitalverstummelung\/\" target=\"_blank\" rel=\"noopener\">weibliche Genitalverst\u00fcmmelung<\/a> (auch Beschneidung genannt) weit verbreitet. Der Eingriff wird \u00fcblicherweise von \u00c4rzten oder Hebammen durchgef\u00fchrt, wenn die M\u00e4dchen ein paar Monate alt sind.<\/p>\n<p>Und auch wenn diese <a href=\"https:\/\/www.humanium.org\/de\/genitalverstummelung\/\" target=\"_blank\" rel=\"noopener\">Genitalverst\u00fcmmelungen<\/a> unter weitaus hygienischeren Umst\u00e4nden durchgef\u00fchrt werden als in einigen afrikanischen L\u00e4ndern, stellt der Eingriff eine Gefahr f\u00fcr die Gesundheit und sogar das Leben der M\u00e4dchen dar. Weibliche Beschneidung wird als kulturelle Tradition von Generation zu Generation weitergegeben, ungeachtet der Grausamkeit und der Schmerzen, die den M\u00e4dchen dadurch zugef\u00fcgt werden.<\/p>\n<p><img loading=\"lazy\" decoding=\"async\" class=\"alignright size-thumbnail wp-image-19099\" title=\"Child marriages are practiced in the country \u00a9 James Chew (flickr)\" src=\"https:\/\/www.humanium.org\/fr\/wp-content\/uploads\/2012\/03\/fillette\u00a9jameschew-150x150.jpg\" alt=\"\" width=\"150\" height=\"150\" \/><strong><a href=\"https:\/\/www.humanium.org\/de\/kinderheirat\/\" target=\"_blank\" rel=\"noopener\">Eheschlie\u00dfung von Kindern<\/a><\/strong><\/p>\n<p>Nach islamischem Recht liegt das Mindestalter zum Heiraten f\u00fcr Jungs bei 18 und f\u00fcr M\u00e4dchen bei 16 Jahren. Muslime unter 16 m\u00fcssen sich vor einem religi\u00f6sen Gericht die Erlaubnis zur Hochzeit geben lassen.<\/p>\n<p>Jeder Muslim, der heiraten m\u00f6chte, muss sich obligatorisch einem vorehelichen <a href=\"https:\/\/www.humanium.org\/de\/kinder-und-aids\/\" target=\"_blank\" rel=\"noopener\">HIV\/AIDS-<\/a>Test unterziehen. Diese Untersuchung nutzt die Regierung dazu, Kinder, die heiraten m\u00f6chten, zu erfassen. Es macht aber den Anschein, dass die Regeln, nach denen die religi\u00f6sen Gerichte handeln, strenger werden und weniger Genehmigungen f\u00fcr <a href=\"https:\/\/www.humanium.org\/de\/kinderheirat\/\" target=\"_blank\" rel=\"noopener\">Kinderehen<\/a> gegeben werden als in den Jahren zuvor.<\/p>\n<p>Nach einer \u00f6ffentlichen Hochzeitsfeier eines 14-j\u00e4hrigen M\u00e4dchens mit einem 23-j\u00e4hrigen Lehrer im Dezember 2010 entbrannte in dem Land eine Diskussion zu diesem Thema. Das Ministerium f\u00fcr Frauen, Familie und Gemeinschaftsentwicklung hat eine Erkl\u00e4rung ver\u00f6ffentlicht, wonach die Eheschlie\u00dfung von Kindern moralisch und gesellschaftlich inakzeptabel ist.<\/p>\n<p><strong><a href=\"https:\/\/www.humanium.org\/de\/kinder-und-aids\/\" target=\"_blank\" rel=\"noopener\">AIDS<\/a><\/strong><\/p>\n<p>Einiger Anstrengungen zur Vorbeugung zum Trotz nimmt die Zahl von <a href=\"https:\/\/www.humanium.org\/de\/kinder-und-aids\/\" target=\"_blank\" rel=\"noopener\">HIV\/AIDS<\/a>-Infektionen in Malaysia zu. Es gibt einfach nicht gen\u00fcgend Mittel, um effizient gegen alle Probleme vorgehen zu k\u00f6nnen.<\/p>\n<p>Das UN-Komitee f\u00fcr Kinderrechte macht besorgt auf die steigende Zahl von <a href=\"https:\/\/www.humanium.org\/de\/kinder-und-aids\/\" target=\"_blank\" rel=\"noopener\">AIDS<\/a>-Waisen aufmerksam und unterst\u00fctzt das Land darin, Schutzprogramme zu organisieren uns so Abhilfe zu schaffen.<\/p>\n<p>Hilfreich w\u00e4ren aber auch nationale Aufkl\u00e4rungsprogramme, die die Bev\u00f6lkerung \u00fcber M\u00f6glichkeiten zum Schutz gegen den Virus informieren. Leider ist <a href=\"https:\/\/www.humanium.org\/de\/kinder-und-aids\/\" target=\"_blank\" rel=\"noopener\">AIDS<\/a> in Malaysia aber noch immer ein heikles Thema, was die effektive Verbreitung von Vorbeugungsinformationen sowohl unter Erwachsenen als auch bei Kindern sehr schwierig macht.<\/p>\n<p><img loading=\"lazy\" decoding=\"async\" class=\"alignright size-thumbnail wp-image-19100\" title=\"Children are often abused \u00a9 Salmannas (flickr)\" src=\"https:\/\/www.humanium.org\/fr\/wp-content\/uploads\/2012\/03\/identite\u00a9salmannas-150x150.jpg\" alt=\"\" width=\"150\" height=\"150\" \/><strong><a href=\"https:\/\/www.humanium.org\/de\/gewalt\/\" target=\"_blank\" rel=\"noopener\">Kinder &#8211; Opfer von Gewalt<\/a><\/strong><\/p>\n<p>In Malaysia ist <a href=\"https:\/\/www.humanium.org\/de\/misshandlung\/\" target=\"_blank\" rel=\"noopener\">Folter<\/a> nicht verboten. Das Strafrecht sieht Schl\u00e4ge und Peitschenhiebe durchaus auch als Alternative zu einer Gef\u00e4ngnisstrafe vor. Diese Strafe wird \u00fcblicherweise bei erwachsenen M\u00e4nnern und Jungs ab einem Alter von zehn Jahren ausge\u00fcbt, selbst wenn ihre Straftat kein Gewaltdelikt war. Die Jungs erhalten dann meist zehn Hiebe. In einigen Staaten bleiben Frauen und M\u00e4dchen von solchen Ma\u00dfnahmen verschont.<\/p>\n<p><strong>Todesstrafe f\u00fcr Kinder<\/strong><\/p>\n<p>Die Todesstrafe ist in diesem Land leider auch f\u00fcr Kinder erlaubt, was im Gegensatz zu ihrem <a href=\"https:\/\/www.humanium.org\/de\/recht-leben\/\" target=\"_blank\" rel=\"noopener\">Recht auf Leben<\/a> steht. Die M\u00f6glichkeit der Todesstrafe gibt es aber nur f\u00fcr eine bestimmte Reihe von Straftaten, die meist in irgendeiner Art und Weise die nationale Sicherheit gef\u00e4hrden. Dazu z\u00e4hlt zum Beispiel die Benutzung von Schusswaffen, Munition oder Sprengstoffe, die St\u00f6rung der internen Sicherheit oder der \u00f6ffentlichen Ordnung sowie Terrorismus. Seit einigen Jahren ist die Todesstrafe jedoch nicht an Minderj\u00e4hrigen ausge\u00fcbt worden.<\/p>\n<p><strong>Lebenslange Haft<\/strong><\/p>\n<p>In F\u00e4llen, wo die Straftaten die Todesstrafe nicht zulassen, ist die lebenslange Haft ein alternatives Urteil gegen Kinder.<\/p>\n<p>Prinzipiell ist aber lebenslange Haft f\u00fcr Kinder unter 14 Jahren nicht erlaubt. Allerdings greift diese Regelung nicht bei Menschen, die Schusswaffen oder Sprengstoffe besitzen, die die interne Sicherheit oder die \u00f6ffentliche Ordnung st\u00f6ren oder die in Verbindung mit Terrorismus stehen.<\/p>\n<p><strong><a href=\"https:\/\/www.humanium.org\/de\/die-sexuelle-ausbeutung-von-kindern\/\" target=\"_blank\" rel=\"noopener\">Sexuelle Ausbeutung<\/a><\/strong><\/p>\n<h4><a href=\"https:\/\/www.humanium.org\/de\/die-sexuelle-ausbeutung-von-kindern\/\" target=\"_blank\" rel=\"noopener\">Kinderprostitution<\/a><\/h4>\n<p><img loading=\"lazy\" decoding=\"async\" class=\"alignright size-thumbnail wp-image-19102\" title=\"Sexual exploitation of children is very common in Malaysia \u00a9 Wjboyz\" src=\"https:\/\/www.humanium.org\/fr\/wp-content\/uploads\/2012\/03\/exploitation-sexuelle\u00a9wjboyz-150x150.jpg\" alt=\"\" width=\"150\" height=\"150\" \/>In l\u00e4ndlichen Gebieten ist <a href=\"https:\/\/www.humanium.org\/de\/die-sexuelle-ausbeutung-von-kindern\/\" target=\"_blank\" rel=\"noopener\">sexuelle Ausbeutung<\/a> von Kindern nicht un\u00fcblich. Kinder, die auf der Stra\u00dfe leben oder arbeiten, fallen dem h\u00e4ufig zum Opfer. Malaysia ist f\u00fcr viele Frauen und M\u00e4dchen aus Indonesien, Thailand, den Philippinen, Kambodscha, Vietnam, Myanmar, der Mongolei und China Zielland. Sie kommen mit der Hoffnung auf ehrliche Arbeit und einem besseren Leben, landen dann aber h\u00e4ufig in der <a href=\"https:\/\/www.humanium.org\/de\/kinderprostitution\/\" target=\"_blank\" rel=\"noopener\">Prostitution<\/a>.<\/p>\n<p>Auch <a href=\"https:\/\/www.humanium.org\/de\/kinderhandel\/\" target=\"_blank\" rel=\"noopener\">Kinderhandel<\/a> spielt in dem Land eine Rolle; <a href=\"https:\/\/www.humanium.org\/de\/die-sexuelle-ausbeutung-von-kindern\/\" target=\"_blank\" rel=\"noopener\">sexuelle Ausbeutung<\/a> aus kommerziellen Gr\u00fcnden.<\/p>\n<p>Kinder, die in der <a href=\"https:\/\/www.humanium.org\/de\/kinderprostitution\/\" target=\"_blank\" rel=\"noopener\">Prostitution<\/a> gelandet sind, werden als Verbrecher oder illegale Einwanderer wahrgenommen und nicht als das, was sie eigentlich sind: Opfer.<\/p>\n<h4><a href=\"https:\/\/www.humanium.org\/de\/die-sexuelle-ausbeutung-von-kindern\/\" target=\"_blank\" rel=\"noopener\">Sexueller Missbrauch<\/a><\/h4>\n<p>In Malaysia werden Kinder h\u00e4ufig in ihren eigenen Familien <a href=\"https:\/\/www.humanium.org\/de\/die-sexuelle-ausbeutung-von-kindern\/\" target=\"_blank\" rel=\"noopener\">sexuell missbraucht<\/a>, auch Inzest genannt.<\/p>\n<p>Inzest wiederum wird mit einer Gef\u00e4ngnisstrafe von 6-20 Jahren und Pr\u00fcgel bestraft. Aussagen der Kinder werden allerdings nur akzeptiert, wenn es stichhaltige Beweise gibt. Doch meistens ist das Kind der einzige Zeuge dieses Verbrechens.<\/p>\n<p><strong><a href=\"https:\/\/www.humanium.org\/de\/kinderarbeit-2\/\" target=\"_blank\" rel=\"noopener\">Kinderarbeit<\/a><\/strong><\/p>\n<p>F\u00fcr Kinder unter 14 Jahren ist das Arbeiten verboten, sie d\u00fcrfen aber in Familienbetrieben aushelfen. Auch im Entertainment, f\u00fcr die Regierung, in Schulen oder als Lehrlinge d\u00fcrfen Kinder besch\u00e4ftigt werden.<\/p>\n<p>In jedem Fall ist es einem Kind jedoch nicht erlaubt mehr als sechs Stunden am Tag und sechs Tage die Woche oder Nachts zu arbeiten. Diese Regelungen sind aber definitiv noch zu locker, um die Interessen von Kindern wahren zu k\u00f6nnen.<\/p>\n<p><img loading=\"lazy\" decoding=\"async\" class=\"alignright wp-image-19086\" title=\"In Malaysia, many children live in the streets and have to beg to survive \u00a9 En Shahdi (flickr)\" src=\"https:\/\/www.humanium.org\/fr\/wp-content\/uploads\/2012\/03\/street-child\u00a9en-shahdi-150x150.jpg\" alt=\"\" width=\"150\" height=\"150\" \/><strong><a href=\"https:\/\/www.humanium.org\/de\/strasenkinder\/\" target=\"_blank\" rel=\"noopener\">Stra\u00dfenkinder<\/a><\/strong><\/p>\n<p>In dem Bundesstaat Sabah bringen illegale Einwanderer ca. 15.000 Kinder zur Welt, die dann auf der Stra\u00dfe leben. Diese Kinder werden nicht \u00f6ffentlich registriert und sind damit auch keine B\u00fcrger des Landes.<\/p>\n<p>Sie haben keine Chance auf staatliche Unterst\u00fctzung und fallen so oft Kinderhandel zum Opfer. Um ihre Grundbed\u00fcrfnisse zu sichern, sind sie zur Prostitution oder Kinderarbeit gezwungen oder werden Teil krimineller Machenschaften.<\/p>\n<p>Auch Fl\u00fcchtlingskinder und ihre Familien befinden sich in einer sehr \u00e4hnlichen Lage wie Stra\u00dfenkinder. Sie werden in dem Land nicht willkommen gehei\u00dfen, bekommen keinerlei Schutz oder Zugang zu Bildung. Auch sie werden oft Opfer von <a href=\"https:\/\/www.humanium.org\/de\/kinderhandel\/\" target=\"_blank\" rel=\"noopener\">Menschenhandel<\/a> und Sklaverei.<\/p>\n<p>Malaysia hat weder die Fl\u00fcchtlingskonvention noch das Protokoll dazu ratifiziert und auch Rechtsschutz gibt es keinen. Fl\u00fcchtlinge k\u00f6nnen somit jeder Zeit abgeschoben und in ihr Land zur\u00fcck geschickt werden auch wenn sie das in Lebensgefahr bringt.<strong><br \/>\n<\/strong><\/p>\n","protected":false},"excerpt":{"rendered":"<p>Kinder in Malaysia Kinderrechte in Malaysia durchsetzen Die malaysische Regierung pr\u00e4sentiert ihr Land als eines, in dem unterschiedliche ethnische Gruppen friedlich und harmonisch zusammenleben. Die Realit\u00e4t sieht aber leider anders aus. Kinder ethnischer oder religi\u00f6ser Minderheiten stehen vor vielen Hindernissen, aber auch sonst wird den Kinderrechten viel zu wenig Beachtung geschenkt. Hauptprobleme mit denen Kinder [&hellip;]<\/p>\n","protected":false},"author":1,"featured_media":0,"parent":0,"menu_order":0,"comment_status":"closed","ping_status":"closed","template":"","meta":{"footnotes":""},"class_list":["post-6993","page","type-page","status-publish","hentry"],"yoast_head":"<!-- This site is optimized with the Yoast SEO plugin v26.5 - https:\/\/yoast.com\/wordpress\/plugins\/seo\/ -->\n<title>Kinder in Malaysia - Humanium<\/title>\n<meta name=\"description\" content=\"Die malaysische Regierung pr\u00e4sentiert ihr Land als eines, in dem ethnische Gruppen harmonisch zusammenleben. Die Realit\u00e4t sieht aber leider anders aus.\" \/>\n<meta name=\"robots\" content=\"index, follow, max-snippet:-1, max-image-preview:large, max-video-preview:-1\" \/>\n<link rel=\"canonical\" href=\"https:\/\/www.humanium.org\/de\/malaysia\/\" \/>\n<meta property=\"og:locale\" content=\"de_DE\" \/>\n<meta property=\"og:type\" content=\"article\" \/>\n<meta property=\"og:title\" content=\"Kinder in Malaysia - Humanium\" \/>\n<meta property=\"og:description\" content=\"Die malaysische Regierung pr\u00e4sentiert ihr Land als eines, in dem ethnische Gruppen harmonisch zusammenleben. Die Realit\u00e4t sieht aber leider anders aus.\" \/>\n<meta property=\"og:url\" content=\"https:\/\/www.humanium.org\/de\/malaysia\/\" \/>\n<meta property=\"og:site_name\" content=\"Humanium\" \/>\n<meta property=\"article:modified_time\" content=\"2025-12-06T06:20:08+00:00\" \/>\n<meta name=\"twitter:card\" content=\"summary_large_image\" \/>\n<meta name=\"twitter:label1\" content=\"Gesch\u00e4tzte Lesezeit\" \/>\n\t<meta name=\"twitter:data1\" content=\"10\u00a0Minuten\" \/>\n<script type=\"application\/ld+json\" class=\"yoast-schema-graph\">{\"@context\":\"https:\/\/schema.org\",\"@graph\":[{\"@type\":\"WebPage\",\"@id\":\"https:\/\/www.humanium.org\/de\/malaysia\/\",\"url\":\"https:\/\/www.humanium.org\/de\/malaysia\/\",\"name\":\"Kinder in Malaysia - Humanium\",\"isPartOf\":{\"@id\":\"https:\/\/www.humanium.org\/de\/#website\"},\"datePublished\":\"2016-08-03T09:26:17+00:00\",\"dateModified\":\"2025-12-06T06:20:08+00:00\",\"description\":\"Die malaysische Regierung pr\u00e4sentiert ihr Land als eines, in dem ethnische Gruppen harmonisch zusammenleben. Die Realit\u00e4t sieht aber leider anders aus.\",\"breadcrumb\":{\"@id\":\"https:\/\/www.humanium.org\/de\/malaysia\/#breadcrumb\"},\"inLanguage\":\"de\",\"potentialAction\":[{\"@type\":\"ReadAction\",\"target\":[\"https:\/\/www.humanium.org\/de\/malaysia\/\"]}]},{\"@type\":\"BreadcrumbList\",\"@id\":\"https:\/\/www.humanium.org\/de\/malaysia\/#breadcrumb\",\"itemListElement\":[{\"@type\":\"ListItem\",\"position\":1,\"name\":\"Home\",\"item\":\"https:\/\/www.humanium.org\/de\/\"},{\"@type\":\"ListItem\",\"position\":2,\"name\":\"Kinder in Malaysia\"}]},{\"@type\":\"WebSite\",\"@id\":\"https:\/\/www.humanium.org\/de\/#website\",\"url\":\"https:\/\/www.humanium.org\/de\/\",\"name\":\"Humanium\",\"description\":\"Kinder zuerst!\",\"potentialAction\":[{\"@type\":\"SearchAction\",\"target\":{\"@type\":\"EntryPoint\",\"urlTemplate\":\"https:\/\/www.humanium.org\/de\/?s={search_term_string}\"},\"query-input\":{\"@type\":\"PropertyValueSpecification\",\"valueRequired\":true,\"valueName\":\"search_term_string\"}}],\"inLanguage\":\"de\"}]}<\/script>\n<!-- \/ Yoast SEO plugin. -->","yoast_head_json":{"title":"Kinder in Malaysia - Humanium","description":"Die malaysische Regierung pr\u00e4sentiert ihr Land als eines, in dem ethnische Gruppen harmonisch zusammenleben. Die Realit\u00e4t sieht aber leider anders aus.","robots":{"index":"index","follow":"follow","max-snippet":"max-snippet:-1","max-image-preview":"max-image-preview:large","max-video-preview":"max-video-preview:-1"},"canonical":"https:\/\/www.humanium.org\/de\/malaysia\/","og_locale":"de_DE","og_type":"article","og_title":"Kinder in Malaysia - Humanium","og_description":"Die malaysische Regierung pr\u00e4sentiert ihr Land als eines, in dem ethnische Gruppen harmonisch zusammenleben. Die Realit\u00e4t sieht aber leider anders aus.","og_url":"https:\/\/www.humanium.org\/de\/malaysia\/","og_site_name":"Humanium","article_modified_time":"2025-12-06T06:20:08+00:00","twitter_card":"summary_large_image","twitter_misc":{"Gesch\u00e4tzte Lesezeit":"10\u00a0Minuten"},"schema":{"@context":"https:\/\/schema.org","@graph":[{"@type":"WebPage","@id":"https:\/\/www.humanium.org\/de\/malaysia\/","url":"https:\/\/www.humanium.org\/de\/malaysia\/","name":"Kinder in Malaysia - Humanium","isPartOf":{"@id":"https:\/\/www.humanium.org\/de\/#website"},"datePublished":"2016-08-03T09:26:17+00:00","dateModified":"2025-12-06T06:20:08+00:00","description":"Die malaysische Regierung pr\u00e4sentiert ihr Land als eines, in dem ethnische Gruppen harmonisch zusammenleben. Die Realit\u00e4t sieht aber leider anders aus.","breadcrumb":{"@id":"https:\/\/www.humanium.org\/de\/malaysia\/#breadcrumb"},"inLanguage":"de","potentialAction":[{"@type":"ReadAction","target":["https:\/\/www.humanium.org\/de\/malaysia\/"]}]},{"@type":"BreadcrumbList","@id":"https:\/\/www.humanium.org\/de\/malaysia\/#breadcrumb","itemListElement":[{"@type":"ListItem","position":1,"name":"Home","item":"https:\/\/www.humanium.org\/de\/"},{"@type":"ListItem","position":2,"name":"Kinder in Malaysia"}]},{"@type":"WebSite","@id":"https:\/\/www.humanium.org\/de\/#website","url":"https:\/\/www.humanium.org\/de\/","name":"Humanium","description":"Kinder zuerst!","potentialAction":[{"@type":"SearchAction","target":{"@type":"EntryPoint","urlTemplate":"https:\/\/www.humanium.org\/de\/?s={search_term_string}"},"query-input":{"@type":"PropertyValueSpecification","valueRequired":true,"valueName":"search_term_string"}}],"inLanguage":"de"}]}},"_links":{"self":[{"href":"https:\/\/www.humanium.org\/de\/wp-json\/wp\/v2\/pages\/6993","targetHints":{"allow":["GET"]}}],"collection":[{"href":"https:\/\/www.humanium.org\/de\/wp-json\/wp\/v2\/pages"}],"about":[{"href":"https:\/\/www.humanium.org\/de\/wp-json\/wp\/v2\/types\/page"}],"author":[{"embeddable":true,"href":"https:\/\/www.humanium.org\/de\/wp-json\/wp\/v2\/users\/1"}],"replies":[{"embeddable":true,"href":"https:\/\/www.humanium.org\/de\/wp-json\/wp\/v2\/comments?post=6993"}],"version-history":[{"count":6,"href":"https:\/\/www.humanium.org\/de\/wp-json\/wp\/v2\/pages\/6993\/revisions"}],"predecessor-version":[{"id":20592,"href":"https:\/\/www.humanium.org\/de\/wp-json\/wp\/v2\/pages\/6993\/revisions\/20592"}],"wp:attachment":[{"href":"https:\/\/www.humanium.org\/de\/wp-json\/wp\/v2\/media?parent=6993"}],"curies":[{"name":"wp","href":"https:\/\/api.w.org\/{rel}","templated":true}]}}