{"id":7006,"date":"2016-08-03T16:19:51","date_gmt":"2016-08-03T16:19:51","guid":{"rendered":"http:\/\/www.humanium.org\/de\/?page_id=7006"},"modified":"2025-12-05T16:52:46","modified_gmt":"2025-12-05T16:52:46","slug":"indonesien","status":"publish","type":"page","link":"https:\/\/www.humanium.org\/de\/indonesien\/","title":{"rendered":"Kinder in Indonesien"},"content":{"rendered":"<h1>Kinder in Indonesien<\/h1>\n<h2>Die Umsetzung von Kinderrechten in Indonesien<\/h2>\n<p style=\"text-align: center;\"><img loading=\"lazy\" decoding=\"async\" class=\"alignnone size-full wp-image-3246\" title=\"Indonesian girl \u00a9 Clifb (flickr)\" src=\"https:\/\/www.humanium.org\/en\/wp-content\/uploads\/2011\/09\/fillette-clifb-flickr.jpg\" alt=\"\" width=\"122\" height=\"200\" \/> <img loading=\"lazy\" decoding=\"async\" class=\"alignnone size-full wp-image-3247\" title=\"Indonesian boy \u00a9 John yavuz can (flickr)\" src=\"https:\/\/www.humanium.org\/en\/wp-content\/uploads\/2011\/09\/garcon-john-yavuz-can-flivkr.jpg\" alt=\"\" width=\"171\" height=\"200\" \/><\/p>\n<p>Reich an nat\u00fcrlichen Ressourcen und aus mehr als 13.000 Inseln zusammengesetzt befindet sich Indonesien heute voll auf Entwicklungskurs. Leider profitiert nicht die gesamte Bev\u00f6lkerung von diesem wirtschaftlichen Fortschritt. Zahlreiche Kinder m\u00fcssen weiterhin unter<a href=\"https:\/\/www.humanium.org\/de\/das-recht-auf-gesundheit\/\" target=\"_blank\" rel=\"noopener\"> gesundheitsgef\u00e4hrdenden Bedingungen<\/a> leben und k\u00f6nnen daher nicht alle ihre Rechte genie\u00dfen.<\/p>\n<h3>Die Hauptprobleme f\u00fcr indonesische Kinder sind:<\/h3>\n<p><strong><a href=\"https:\/\/www.humanium.org\/de\/armut\/\" target=\"_blank\" rel=\"noopener\">Armut<\/a><\/strong><\/p>\n<p><img loading=\"lazy\" decoding=\"async\" class=\"alignright size-full wp-image-3248\" title=\"Many Indonesian children live in poverty \u00a9 Rhtraveler (flickr)\" src=\"https:\/\/www.humanium.org\/en\/wp-content\/uploads\/2011\/09\/pauvrete-rhtraveler-flick.jpg\" alt=\"\" width=\"227\" height=\"152\" \/>Trotz des j\u00fcngsten wirtschaftlichen Booms lebt ein Teil der Bev\u00f6lkerung nach wie vor unter der Armutsgrenze. Das auf 13.000 Inseln verteilte Land ist nicht in der Lage, die Lebensbedingungen aller Familien zu verbessern.<br \/>\nVor allem die zahlreichen Kinder, die auf den abgelegenen Inseln des Landes leben, haben nur einen sehr begrenzten Zugang zu <a href=\"https:\/\/www.humanium.org\/de\/recht-nahrung\/\" target=\"_blank\" rel=\"noopener\">Ern\u00e4hrung<\/a>, <a href=\"https:\/\/www.humanium.org\/de\/recht-wasser\/\" target=\"_blank\" rel=\"noopener\">Wasser<\/a>, und <a href=\"https:\/\/www.humanium.org\/de\/das-recht-auf-gesundheit\/\" target=\"_blank\" rel=\"noopener\">Gesundheitsversorgung<\/a>.<\/p>\n<p><a href=\"https:\/\/www.humanium.org\/de\/das-recht-auf-gesundheit\/\" target=\"_blank\" rel=\"noopener\"><strong>Recht auf Gesundheit<\/strong><\/a><\/p>\n<p><img loading=\"lazy\" decoding=\"async\" class=\"alignright size-full wp-image-3250\" title=\"The Indonesian healthcare system is not developed enough to bring necessary care to all Indonesians \u00a9 Pacom (flickr)\" src=\"https:\/\/www.humanium.org\/en\/wp-content\/uploads\/2011\/09\/sante-pacom-flickr-no-retouch.jpg\" alt=\"\" width=\"226\" height=\"150\" \/>Indonesien ist mit vielen Problemen im Hinblick auf <a href=\"https:\/\/www.humanium.org\/de\/das-recht-auf-gesundheit\/\" target=\"_blank\" rel=\"noopener\">Gesundheit<\/a> konfrontiert. Einerseits sind die Daten zur <a href=\"https:\/\/www.humanium.org\/de\/kindersterblichkeit\/\" target=\"_blank\" rel=\"noopener\">Kindersterblichkeit<\/a> katastrophal: rund 40 % der indonesischen Kinder sterben vor Vollendung des 5. Lebensjahrs.<br \/>\nAndererseits leiden Neugeborene oft an mehreren <a href=\"https:\/\/www.humanium.org\/de\/kinderkrankheiten\/\" target=\"_blank\" rel=\"noopener\">Krankheiten<\/a>, wie z. B. zu geringes Geburtsgewicht, eine in diesem Land sehr h\u00e4ufig auftretende Komplikation.<\/p>\n<p><strong><a href=\"https:\/\/www.humanium.org\/de\/misshandlung\/\" target=\"_blank\" rel=\"noopener\">Gewalt gegen Kinder<\/a><\/strong><\/p>\n<p>Dieses Problem ist pr\u00e4valent, da Millionen von Kindern jedes Jahr Opfer von <a href=\"https:\/\/www.humanium.org\/de\/gewalt\/\" target=\"_blank\" rel=\"noopener\">Gewalt<\/a> werden. Diese kann mehrere Formen annehmen: sexuell, psychologisch oder auch k\u00f6rperlich.<br \/>\nDie <a href=\"https:\/\/www.humanium.org\/de\/die-sexuelle-ausbeutung-von-kindern\/\" target=\"_blank\" rel=\"noopener\">sexuelle Ausbeutung<\/a> von Kinder, haupts\u00e4chlich von jungen M\u00e4dchen, ist allgegenw\u00e4rtig. Oft sind diese f\u00fcr die R\u00fcckzahlung ihrer Schulden zur <a href=\"https:\/\/www.humanium.org\/de\/kinderprostitution\/\" target=\"_blank\" rel=\"noopener\">Prostitution<\/a> gezwungen und erleiden Gewalttaten, die sie traumatisieren.<br \/>\nAu\u00dferdem denken viele junge M\u00e4dchen, dass sie in einem Land wie Indonesien, das f\u00fcr seinen <a href=\"https:\/\/www.humanium.org\/de\/die-sexuelle-ausbeutung-von-kindern\/\" target=\"_blank\" rel=\"noopener\">Sextourismus<\/a> bekannt ist, einen Mann aus dem Westen treffen, der ihnen als Gegenleistung f\u00fcr ihre Dienste viel Geld und ein besseres Leben erm\u00f6glicht.<\/p>\n<p><strong><a href=\"https:\/\/www.humanium.org\/de\/recht-bildung\/\" target=\"_blank\" rel=\"noopener\">Das Recht auf Bildung<\/a><\/strong><\/p>\n<p><img loading=\"lazy\" decoding=\"async\" class=\"alignright size-full wp-image-3251\" title=\"Despite mandatory education, many children go uneducated \u00a9 Mariskar (flickr)\" src=\"https:\/\/www.humanium.org\/en\/wp-content\/uploads\/2011\/09\/education-mariskar-flickr.jpg\" alt=\"\" width=\"222\" height=\"158\" \/>Die indonesische Gesetzgebung sieht kostenlose Bildung f\u00fcr alle vor. Jedoch wird dies nicht in allen Provinzen so umgesetzt.<br \/>\nEin Gro\u00dfteil der indonesischen Kinder besucht die Grundschule. Man sch\u00e4tzt, dass es sich um etwa 85 % handelt. Diese ermutigende Zahl muss jedoch weiter erh\u00f6ht werden, sodass alle Kinder unabh\u00e4ngig von ihrem sozialen Status von ihrem <a href=\"https:\/\/www.humanium.org\/de\/recht-bildung\/\" target=\"_blank\" rel=\"noopener\">Recht auf Bildung<\/a> profitieren k\u00f6nnen.<br \/>\nWeiterhin ist es alarmierend, dass viele dieser Kinder nicht auf weiterf\u00fchrende Schulen gehen. In der Tat wird die Notwendigkeit des Geldverdienens oft gegen\u00fcber der Bildung prioritisiert. Die Kinder, die am meisten von dieser fehlenden Schulbildung betroffen sind, sind diejenigen aus armen Familien und insbesondere M\u00e4dchen, die meistens daf\u00fcr vorgesehen werden, sich um die Familie zu k\u00fcmmern.<\/p>\n<p><strong><a href=\"https:\/\/www.humanium.org\/de\/strasenkinder\/\">Stra\u00dfenkinder<\/a><\/strong><\/p>\n<p>Man sch\u00e4tzt, dass 7.500 Stra\u00dfenkinder in der Metropolregion Jakarta leben. Diese Zahl allein ist schockierend und beunruhigend, vor allem beim Gedanken daran, wie hoch die Zahl solcher Kinder landesweit sein k\u00f6nnte.<br \/>\nDiese Kinder, die meistens aufgrund von <a href=\"https:\/\/www.humanium.org\/de\/misshandlung\/\" target=\"_blank\" rel=\"noopener\">h\u00e4uslicher Gewalt<\/a>, <a href=\"https:\/\/www.humanium.org\/de\/die-sexuelle-ausbeutung-von-kindern\/\" target=\"_blank\" rel=\"noopener\">sexuellem Missbrauch<\/a> oder <a href=\"https:\/\/www.humanium.org\/de\/armut\/\" target=\"_blank\" rel=\"noopener\">Armut<\/a> ihre Familie verlassen haben, finden sich auf sich allein gestellt in den <a href=\"https:\/\/www.humanium.org\/de\/strasenkinder\/\" target=\"_blank\" rel=\"noopener\">Stra\u00dfen<\/a> wieder. Sie m\u00fcssen dann versuchen, Geld und <a href=\"https:\/\/www.humanium.org\/de\/recht-nahrung\/\" target=\"_blank\" rel=\"noopener\">Nahrung<\/a> aufzutreiben, um diese ungesunden Lebensumst\u00e4nde \u00fcberleben zu k\u00f6nnen.<br \/>\nEs wurden jedoch Einrichtungen gegr\u00fcndet, um sie aufzunehmen. Angesichts der Anzahl von Kindern, die auf den Stra\u00dfen umherirren, sind diese jedoch trotzdem meist unzureichend.<\/p>\n<p><strong><a href=\"https:\/\/www.humanium.org\/de\/kinderarbeit-2\/\" target=\"_blank\" rel=\"noopener\">Kinderarbeit<\/a><\/strong><\/p>\n<p><img loading=\"lazy\" decoding=\"async\" class=\"alignright size-full wp-image-3252\" title=\"Indonesian children often work as domestics or day laborers in the rice paddies \u00a9 Flickr\" src=\"https:\/\/www.humanium.org\/en\/wp-content\/uploads\/2011\/09\/travail-enfants-no-retouch-flickr.jpg\" alt=\"\" width=\"209\" height=\"140\" \/><a href=\"https:\/\/www.humanium.org\/de\/kinderarbeit-2\/\" target=\"_blank\" rel=\"noopener\">Kinderarbeit<\/a> kann in Indonesien vielerlei Formen annehmen: h\u00e4uslich, Arbeit auf den Reisfeldern, landwirtschaftliche Arbeiter, etc.<br \/>\nDer Gro\u00dfteil dieser Kinder, die auf den Stra\u00dfen angeworben werden, hat keine andere Wahl als zu arbeiten, damit sie Geld verdienen und damit ihre Grundbed\u00fcrfnisse abdecken k\u00f6nnen.<\/p>\n<p><strong><a href=\"https:\/\/www.humanium.org\/de\/kinderheirat\/\" target=\"_blank\" rel=\"noopener\">Kinderehen<\/a><\/strong><\/p>\n<p>Die indonesische Gesetzgebung hat 16 Jahre als Mindestalter zur <a href=\"https:\/\/www.humanium.org\/de\/kinderheirat\/\" target=\"_blank\" rel=\"noopener\">Hochzeit<\/a> f\u00fcr junge M\u00e4dchen und 19 Jahre f\u00fcr junge M\u00e4nner festgelegt, wobei das Gesetz grunds\u00e4tzlich festlegt, dass alle Personen unter 18 Jahren Kinder sind.<br \/>\nWeiterhin erhalten junge M\u00e4dchen, die vor der Vollendung des 18. Lebensjahrs heiraten, den juristischen Status einer Erwachsenen. Trotzdem bestehen weiterhin Traditionen, haupts\u00e4chlich in abgelegenen und benachteiligten Gebieten, viele junge M\u00e4dchen sehr fr\u00fch zu verheiraten. Rund 20 % der jungen M\u00e4dchen sind vor der Vollendung ihres 18. Lebensjahrs verheiratet.<br \/>\nDies ist gef\u00e4hrlich, da diese M\u00e4dchen nicht die Folgen einer Heirat f\u00fcr ihr eigenes Leben absch\u00e4tzen k\u00f6nnen.<\/p>\n<p><strong><a href=\"https:\/\/www.humanium.org\/de\/recht-auf-identitat\/\" target=\"_blank\" rel=\"noopener\">Das Recht auf eine Staatsb\u00fcrgerschaft<\/a><\/strong><\/p>\n<p>Die indonesische Staatsb\u00fcrgerschaft wird \u00fcber die Eltern oder \u00fcber die Geburt innerhalb des Landes erworben. Weiterhin muss man sich bei den Beh\u00f6rden registrieren, um als indonesischer <a href=\"https:\/\/www.humanium.org\/de\/recht-auf-identitat\/\" target=\"_blank\" rel=\"noopener\">Staatsb\u00fcrger<\/a> anerkannt zu werden.<br \/>\nDiese beh\u00f6rdliche Registrierung ist in Indonesien mangelhaft, da die Registrierung von Geburten nicht kostenlos ist. Daher vernachl\u00e4ssigen viele Eltern mit schwachen Einkommen das notwendige Prozedere, ohne zu realisieren, dass dies gravierende Folgen f\u00fcr ihre Kinder haben kann.<br \/>\nMan sch\u00e4tzt, dass mehr als die H\u00e4lfte aller indonesischen Kinder nicht registriert ist.<br \/>\nIn der Tat haben diese Kinder Schwierigkeiten, von ihrem <a href=\"https:\/\/www.humanium.org\/de\/recht-bildung\/\" target=\"_blank\" rel=\"noopener\">Recht auf Bildung<\/a> Gebrauch zu machen oder Versicherungsleistungen etc. zu erhalten.<\/p>\n","protected":false},"excerpt":{"rendered":"<p>Kinder in Indonesien Die Umsetzung von Kinderrechten in Indonesien Reich an nat\u00fcrlichen Ressourcen und aus mehr als 13.000 Inseln zusammengesetzt befindet sich Indonesien heute voll auf Entwicklungskurs. Leider profitiert nicht die gesamte Bev\u00f6lkerung von diesem wirtschaftlichen Fortschritt. Zahlreiche Kinder m\u00fcssen weiterhin unter gesundheitsgef\u00e4hrdenden Bedingungen leben und k\u00f6nnen daher nicht alle ihre Rechte genie\u00dfen. Die Hauptprobleme [&hellip;]<\/p>\n","protected":false},"author":1,"featured_media":0,"parent":0,"menu_order":0,"comment_status":"closed","ping_status":"closed","template":"","meta":{"footnotes":""},"class_list":["post-7006","page","type-page","status-publish","hentry"],"yoast_head":"<!-- This site is optimized with the Yoast SEO plugin v26.5 - https:\/\/yoast.com\/wordpress\/plugins\/seo\/ -->\n<title>Kinder in Indonesien - Humanium<\/title>\n<meta name=\"description\" content=\"Zahlreiche Kinder in Indonesien m\u00fcssen weiterhin unter gesundheitsgef\u00e4hrdenden Bedingungen leben und k\u00f6nnen daher nicht alle ihre Rechte genie\u00dfen.\" \/>\n<meta name=\"robots\" content=\"index, follow, max-snippet:-1, max-image-preview:large, max-video-preview:-1\" \/>\n<link rel=\"canonical\" href=\"https:\/\/www.humanium.org\/de\/indonesien\/\" \/>\n<meta property=\"og:locale\" content=\"de_DE\" \/>\n<meta property=\"og:type\" content=\"article\" \/>\n<meta property=\"og:title\" content=\"Kinder in Indonesien - Humanium\" \/>\n<meta property=\"og:description\" content=\"Zahlreiche Kinder in Indonesien m\u00fcssen weiterhin unter gesundheitsgef\u00e4hrdenden Bedingungen leben und k\u00f6nnen daher nicht alle ihre Rechte genie\u00dfen.\" \/>\n<meta property=\"og:url\" content=\"https:\/\/www.humanium.org\/de\/indonesien\/\" \/>\n<meta property=\"og:site_name\" content=\"Humanium\" \/>\n<meta property=\"article:modified_time\" content=\"2025-12-05T16:52:46+00:00\" \/>\n<meta name=\"twitter:card\" content=\"summary_large_image\" \/>\n<meta name=\"twitter:label1\" content=\"Gesch\u00e4tzte Lesezeit\" \/>\n\t<meta name=\"twitter:data1\" content=\"6\u00a0Minuten\" \/>\n<script type=\"application\/ld+json\" class=\"yoast-schema-graph\">{\"@context\":\"https:\/\/schema.org\",\"@graph\":[{\"@type\":\"WebPage\",\"@id\":\"https:\/\/www.humanium.org\/de\/indonesien\/\",\"url\":\"https:\/\/www.humanium.org\/de\/indonesien\/\",\"name\":\"Kinder in Indonesien - Humanium\",\"isPartOf\":{\"@id\":\"https:\/\/www.humanium.org\/de\/#website\"},\"primaryImageOfPage\":{\"@id\":\"https:\/\/www.humanium.org\/de\/indonesien\/#primaryimage\"},\"image\":{\"@id\":\"https:\/\/www.humanium.org\/de\/indonesien\/#primaryimage\"},\"thumbnailUrl\":\"https:\/\/www.humanium.org\/en\/wp-content\/uploads\/2011\/09\/fillette-clifb-flickr.jpg\",\"datePublished\":\"2016-08-03T16:19:51+00:00\",\"dateModified\":\"2025-12-05T16:52:46+00:00\",\"description\":\"Zahlreiche Kinder in Indonesien m\u00fcssen weiterhin unter gesundheitsgef\u00e4hrdenden Bedingungen leben und k\u00f6nnen daher nicht alle ihre Rechte genie\u00dfen.\",\"breadcrumb\":{\"@id\":\"https:\/\/www.humanium.org\/de\/indonesien\/#breadcrumb\"},\"inLanguage\":\"de\",\"potentialAction\":[{\"@type\":\"ReadAction\",\"target\":[\"https:\/\/www.humanium.org\/de\/indonesien\/\"]}]},{\"@type\":\"ImageObject\",\"inLanguage\":\"de\",\"@id\":\"https:\/\/www.humanium.org\/de\/indonesien\/#primaryimage\",\"url\":\"https:\/\/www.humanium.org\/en\/wp-content\/uploads\/2011\/09\/fillette-clifb-flickr.jpg\",\"contentUrl\":\"https:\/\/www.humanium.org\/en\/wp-content\/uploads\/2011\/09\/fillette-clifb-flickr.jpg\"},{\"@type\":\"BreadcrumbList\",\"@id\":\"https:\/\/www.humanium.org\/de\/indonesien\/#breadcrumb\",\"itemListElement\":[{\"@type\":\"ListItem\",\"position\":1,\"name\":\"Home\",\"item\":\"https:\/\/www.humanium.org\/de\/\"},{\"@type\":\"ListItem\",\"position\":2,\"name\":\"Kinder in Indonesien\"}]},{\"@type\":\"WebSite\",\"@id\":\"https:\/\/www.humanium.org\/de\/#website\",\"url\":\"https:\/\/www.humanium.org\/de\/\",\"name\":\"Humanium\",\"description\":\"Kinder zuerst!\",\"potentialAction\":[{\"@type\":\"SearchAction\",\"target\":{\"@type\":\"EntryPoint\",\"urlTemplate\":\"https:\/\/www.humanium.org\/de\/?s={search_term_string}\"},\"query-input\":{\"@type\":\"PropertyValueSpecification\",\"valueRequired\":true,\"valueName\":\"search_term_string\"}}],\"inLanguage\":\"de\"}]}<\/script>\n<!-- \/ Yoast SEO plugin. -->","yoast_head_json":{"title":"Kinder in Indonesien - Humanium","description":"Zahlreiche Kinder in Indonesien m\u00fcssen weiterhin unter gesundheitsgef\u00e4hrdenden Bedingungen leben und k\u00f6nnen daher nicht alle ihre Rechte genie\u00dfen.","robots":{"index":"index","follow":"follow","max-snippet":"max-snippet:-1","max-image-preview":"max-image-preview:large","max-video-preview":"max-video-preview:-1"},"canonical":"https:\/\/www.humanium.org\/de\/indonesien\/","og_locale":"de_DE","og_type":"article","og_title":"Kinder in Indonesien - Humanium","og_description":"Zahlreiche Kinder in Indonesien m\u00fcssen weiterhin unter gesundheitsgef\u00e4hrdenden Bedingungen leben und k\u00f6nnen daher nicht alle ihre Rechte genie\u00dfen.","og_url":"https:\/\/www.humanium.org\/de\/indonesien\/","og_site_name":"Humanium","article_modified_time":"2025-12-05T16:52:46+00:00","twitter_card":"summary_large_image","twitter_misc":{"Gesch\u00e4tzte Lesezeit":"6\u00a0Minuten"},"schema":{"@context":"https:\/\/schema.org","@graph":[{"@type":"WebPage","@id":"https:\/\/www.humanium.org\/de\/indonesien\/","url":"https:\/\/www.humanium.org\/de\/indonesien\/","name":"Kinder in Indonesien - Humanium","isPartOf":{"@id":"https:\/\/www.humanium.org\/de\/#website"},"primaryImageOfPage":{"@id":"https:\/\/www.humanium.org\/de\/indonesien\/#primaryimage"},"image":{"@id":"https:\/\/www.humanium.org\/de\/indonesien\/#primaryimage"},"thumbnailUrl":"https:\/\/www.humanium.org\/en\/wp-content\/uploads\/2011\/09\/fillette-clifb-flickr.jpg","datePublished":"2016-08-03T16:19:51+00:00","dateModified":"2025-12-05T16:52:46+00:00","description":"Zahlreiche Kinder in Indonesien m\u00fcssen weiterhin unter gesundheitsgef\u00e4hrdenden Bedingungen leben und k\u00f6nnen daher nicht alle ihre Rechte genie\u00dfen.","breadcrumb":{"@id":"https:\/\/www.humanium.org\/de\/indonesien\/#breadcrumb"},"inLanguage":"de","potentialAction":[{"@type":"ReadAction","target":["https:\/\/www.humanium.org\/de\/indonesien\/"]}]},{"@type":"ImageObject","inLanguage":"de","@id":"https:\/\/www.humanium.org\/de\/indonesien\/#primaryimage","url":"https:\/\/www.humanium.org\/en\/wp-content\/uploads\/2011\/09\/fillette-clifb-flickr.jpg","contentUrl":"https:\/\/www.humanium.org\/en\/wp-content\/uploads\/2011\/09\/fillette-clifb-flickr.jpg"},{"@type":"BreadcrumbList","@id":"https:\/\/www.humanium.org\/de\/indonesien\/#breadcrumb","itemListElement":[{"@type":"ListItem","position":1,"name":"Home","item":"https:\/\/www.humanium.org\/de\/"},{"@type":"ListItem","position":2,"name":"Kinder in Indonesien"}]},{"@type":"WebSite","@id":"https:\/\/www.humanium.org\/de\/#website","url":"https:\/\/www.humanium.org\/de\/","name":"Humanium","description":"Kinder zuerst!","potentialAction":[{"@type":"SearchAction","target":{"@type":"EntryPoint","urlTemplate":"https:\/\/www.humanium.org\/de\/?s={search_term_string}"},"query-input":{"@type":"PropertyValueSpecification","valueRequired":true,"valueName":"search_term_string"}}],"inLanguage":"de"}]}},"_links":{"self":[{"href":"https:\/\/www.humanium.org\/de\/wp-json\/wp\/v2\/pages\/7006","targetHints":{"allow":["GET"]}}],"collection":[{"href":"https:\/\/www.humanium.org\/de\/wp-json\/wp\/v2\/pages"}],"about":[{"href":"https:\/\/www.humanium.org\/de\/wp-json\/wp\/v2\/types\/page"}],"author":[{"embeddable":true,"href":"https:\/\/www.humanium.org\/de\/wp-json\/wp\/v2\/users\/1"}],"replies":[{"embeddable":true,"href":"https:\/\/www.humanium.org\/de\/wp-json\/wp\/v2\/comments?post=7006"}],"version-history":[{"count":5,"href":"https:\/\/www.humanium.org\/de\/wp-json\/wp\/v2\/pages\/7006\/revisions"}],"predecessor-version":[{"id":20103,"href":"https:\/\/www.humanium.org\/de\/wp-json\/wp\/v2\/pages\/7006\/revisions\/20103"}],"wp:attachment":[{"href":"https:\/\/www.humanium.org\/de\/wp-json\/wp\/v2\/media?parent=7006"}],"curies":[{"name":"wp","href":"https:\/\/api.w.org\/{rel}","templated":true}]}}