{"id":7007,"date":"2016-08-03T14:15:26","date_gmt":"2016-08-03T14:15:26","guid":{"rendered":"http:\/\/www.humanium.org\/de\/?page_id=7007"},"modified":"2025-12-05T17:00:50","modified_gmt":"2025-12-05T17:00:50","slug":"kinder-in-nepal","status":"publish","type":"page","link":"https:\/\/www.humanium.org\/de\/kinder-in-nepal\/","title":{"rendered":"Kinder in Nepal"},"content":{"rendered":"<h1>Kinder in Nepal<\/h1>\n<h2>Die Umsetzung von Kinderrechten in Nepal<\/h2>\n<p style=\"text-align: center;\"><img loading=\"lazy\" decoding=\"async\" class=\"size-full wp-image-4568 alignnone\" title=\"Girl of Nepal \u00a9 Hiro008 (flickr)\" src=\"https:\/\/www.humanium.org\/en\/wp-content\/uploads\/2011\/10\/fillette-hiro-zero-zero-huit-flickr.jpg\" alt=\"\" width=\"124\" height=\"200\" \/>\u00a0 <img loading=\"lazy\" decoding=\"async\" class=\"alignnone size-full wp-image-4569\" title=\"Boy of Nepal \u00a9 Tigermuse (flickr)\" src=\"https:\/\/www.humanium.org\/en\/wp-content\/uploads\/2011\/10\/garcon-tigermuse-flickr.jpg\" alt=\"\" width=\"201\" height=\"200\" \/><\/p>\n<p>Nepal ist eines der \u00e4rmsten und am wenigsten entwickelten L\u00e4nder der Welt. Trotz internationaler Hilfen zur Stabilisierung des Landes sind nepalesische Kinder in der Aus\u00fcbung ihrer Rechte eingeschr\u00e4nkt. Sie sind gezwungen, ihr Leben in Armut, Unterern\u00e4hrung, Gewalt und anderen sch\u00e4dlichen Umst\u00e4nden zu verbringen.<\/p>\n<h3>Haupts\u00e4chliche Probleme von Kindern in Nepal:<\/h3>\n<p><strong><a href=\"https:\/\/www.humanium.org\/en\/poor-children\/\">Armut<\/a><\/strong><\/p>\n<p><img loading=\"lazy\" decoding=\"async\" class=\"alignright size-full wp-image-4573\" title=\"Many children live in poverty and must fight constantly to survive. \u00a9 Tigermuse (flickr)\" src=\"https:\/\/www.humanium.org\/en\/wp-content\/uploads\/2011\/10\/pauvrete-tigermuse-flickr.jpg\" alt=\"\" width=\"138\" height=\"200\" \/>Ann\u00e4hernd die H\u00e4lfte der nepalesischen Bev\u00f6lkerung lebt unterhalb der Armutsgrenze und kann die Bed\u00fcrfnisse ihrer Familien nicht erf\u00fcllen. Das Leben dieser Menschen verschlechtert sich t\u00e4glich angesichts von Unruhen in den Stra\u00dfen, Inflation etc.<\/p>\n<p>Als Opfer von Armut sind Kinder in gr\u00f6\u00dfter Not. Sie k\u00e4mpfen jeden Tag um ihr \u00dcberleben, weil ihre grundlegenden Bed\u00fcrfnisse nicht erf\u00fcllt werden.<\/p>\n<p><strong><a href=\"https:\/\/www.humanium.org\/en\/fundamental-rights\/health\/\">Zugang zu Gesundheitsf\u00fcrsorge<\/a><\/strong><\/p>\n<p><a href=\"https:\/\/www.humanium.org\/en\/fundamental-rights\/health\/\">Das nepalesische Gesundheitswesen<\/a> leidet an einem ernsthaften Mangel an ben\u00f6tigtem Material und f\u00e4higem Personal. Die Gesundheitsindikatoren spiegeln das wider: mehr als 45 \u2030 aller Kinder sterben, bevor sie ihr f\u00fcnftes Lebensjahr erreichen, und 21 % der jungen Nepalesen sind untergewichtig.<\/p>\n<p>Kinder sind gesundheitlich besonders gef\u00e4hrdet, und viele leiden unter <a href=\"https:\/\/www.humanium.org\/en\/fundamental-rights\/food\/\">Mangelern\u00e4hrung<\/a> und Diabetes.Das Gesundheitsministerium hat mit Unterst\u00fctzung zahlreicher anderer Organisationen Aufmerksamkeitskampagnen in Gang gebracht, die vor allem darauf abzielen, M\u00fcttern das Erkennen der Symptome von Kinderkrankheiten beizubringen.<\/p>\n<p><strong>Recht auf Schulbildung<br \/>\n<\/strong><\/p>\n<p><img loading=\"lazy\" decoding=\"async\" class=\"alignright size-full wp-image-4574\" title=\"Many Nepalese children do not attend school, or they soon drop out. \u00a9 Symmetry mind (flickr)\" src=\"https:\/\/www.humanium.org\/en\/wp-content\/uploads\/2011\/10\/education-symmetry-mind-flickr.jpg\" alt=\"\" width=\"218\" height=\"156\" \/>Schulbildung in Nepal ist kostenlos und verpflichtend f\u00fcr die Altersgruppen von 6 bis 11 Jahren. Dies wird jedoch nicht durchgesetzt, und viele Kinder gehen bereits vor ihrem 11. Geburtstag wieder von der Schule ab. Deswegen besuchen nur 84 % der nepalesischen Kinder die Schule.<\/p>\n<p>Es gibt gro\u00dfe Unterschiede zwischen den Schulbesuchsraten von M\u00e4dchen und Jungen, da aus traditionellen Gr\u00fcnden junge M\u00e4dchen fr\u00fch verheiratet werden und die Bildung von Jungen gef\u00f6rdert wird.<\/p>\n<p>Das Erziehungssystem befindet sich au\u00dferdem in schlechtem Zustand. Faktoren wie mittelm\u00e4\u00dfige Lehrkr\u00e4fte und ein Mangel an Geb\u00e4uden, Material und Personal stehen alle dem Schulbesuch entgegen.<\/p>\n<p><strong><a href=\"https:\/\/www.humanium.org\/en\/child-labour\/\">Kinderarbeit<\/a><\/strong><\/p>\n<p><a href=\"https:\/\/www.humanium.org\/en\/child-labour\/\"><img loading=\"lazy\" decoding=\"async\" class=\"alignright size-full wp-image-4575\" title=\"Many children must work in order to live. \u00a9 Shashish (flickr)\" src=\"https:\/\/www.humanium.org\/en\/wp-content\/uploads\/2011\/10\/travail-shashish-flickr.jpg\" alt=\"\" width=\"217\" height=\"185\" \/>Kinderarbeit<\/a> ist ein wesentlicher Minuspunkt in der nepalesischen Gesellschaft. \u00dcber 25 % der M\u00e4dchen arbeiten jeden Tag, im Gegensatz zu 17 % der Jungen, da diese die Zukunft der Familie darstellen und deswegen \u00fcblicherweise zur Schule geschickt werden. Diejenigen die arbeiten unterst\u00fctzen die Bed\u00fcrfnisse ihrer Familien und arbeiten unter sehr gef\u00e4hrlichen Bedingungen.<\/p>\n<p>Ihre Pflichten sind je nach Job unterschiedlich: sie k\u00f6nnten Stra\u00dfenh\u00e4ndler, Sweatshop-Arbeiter, Haushaltskr\u00e4fte oder Weber sein. In diesen Jobs sind sie anf\u00e4llig f\u00fcr zahlreiche Krankheiten.<\/p>\n<p><strong>Kinderhandel<\/strong><\/p>\n<p><a href=\"https:\/\/www.humanium.org\/en\/child-trafficking\/\">Kinderhandel<\/a> ist insgesamt zu pr\u00e4sent in Nepal, vor allem weil es kein Gesetz gegen P\u00e4dophilie gibt. Viele M\u00e4dchen werden deshalb von Kinderh\u00e4ndlern ihren Familien entrissen. Einige machen sich sogar in der Hoffnung auf ein besseres Leben selbst auf die Suche nach Kinderh\u00e4ndlern.<\/p>\n<p>Sobald sie in den St\u00e4dten ankommen, werden die M\u00e4dchen in Bordelle geschickt. Einige von ihnen sind nur sieben Jahre alt.<\/p>\n<p>Diese sexuelle Ausbeutungjunger M\u00e4dchen hat gewaltige negative Folgen f\u00fcr deren Zukunft. Traumata, Krankheiten und psychologische St\u00f6rungen sind aufgrund der erlittenen Misshandlungen oft ihr Schicksal.<\/p>\n<p><strong><a href=\"https:\/\/www.humanium.org\/en\/child-marriage\/\">Kinderheirat<\/a><\/strong><\/p>\n<p><a href=\"https:\/\/www.humanium.org\/en\/child-marriage\/\"><img loading=\"lazy\" decoding=\"async\" class=\"alignright size-full wp-image-4576\" title=\"Child marriage is widespread, and many young girls become pregnant without understanding the consequences. \u00a9 Tigermuse (flickr)\" src=\"https:\/\/www.humanium.org\/en\/wp-content\/uploads\/2011\/10\/mariage-enfants-tigermuse-flickr.jpg\" alt=\"\" width=\"196\" height=\"200\" \/>Das gesetzliche Mindestalter zum Heiraten<\/a> ist 18 Jahre f\u00fcr M\u00e4dchen und 21 f\u00fcr Jungen. Diese Gesetzgebung wird jedoch nicht immer eingehalten: 51 % aller M\u00e4dchen werden in einem j\u00fcngeren Alter verheiratet.<\/p>\n<p>In vielen Volksgruppen, wie z. B. den Newar in Kathmandu, ist es \u00fcblich, Kinder ohne Mitspracherecht anderen Kindern zu versprechen. Es werden in vielen Volksgruppen au\u00dferdem noch immer einige Hochzeitsriten vollzogen, die junge M\u00e4dchen traumatisieren k\u00f6nnen.<\/p>\n<p><strong><a href=\"https:\/\/www.humanium.org\/en\/nondiscrimination\/\">Diskriminierung<\/a><\/strong><\/p>\n<p>Das Land Nepal besteht aus vielen Volksgruppen und mehr als 90 sinotibetischen Sprachen. Die offizielle Landessprache ist Nepali, \u00fcblicherweise gefolgt von Englisch. Viele Gemeinschaften <a href=\"https:\/\/www.humanium.org\/en\/nondiscrimination\/\">k\u00f6nnen sich daher nicht \u00f6ffentlich verst\u00e4ndlich machen<\/a> oder ihre Kinder zur Schule schicken.<\/p>\n<p>In abgelegenen l\u00e4ndlichen Regionen findet Prim\u00e4rschulunterricht normalerweise in Nepali statt, was viele Kinder nicht verstehen k\u00f6nnen. Dies hindert sie daran, Prim\u00e4r- und Sekund\u00e4rschulen zu besuchen.<\/p>\n<p><strong><a href=\"https:\/\/www.humanium.org\/en\/fundamental-rights\/identity\/\">Recht auf Identit\u00e4t<\/a><\/strong><\/p>\n<p>Nepal, ob als Land oder als Konglomerat vielf\u00e4ltiger Volksgruppen, hat bislang keine effektive Regierung oder ein Justizsystem. Mehr als 30 % aller Kinder sind beispielsweise nicht offiziell bei den nepalesischen Beh\u00f6rden registriert. Dieses Schlupfloch verursacht schwerwiegende Probleme in ihrem Leben.<\/p>\n<p>Diese Kinder sind unsichtbar f\u00fcr die Gesellschaft und k\u00f6nnen sich nicht auf ihre Rechte berufen, einschlie\u00dflich Bildung und Gesundheitsf\u00fcrsorge.<\/p>\n","protected":false},"excerpt":{"rendered":"<p>Kinder in Nepal Die Umsetzung von Kinderrechten in Nepal \u00a0 Nepal ist eines der \u00e4rmsten und am wenigsten entwickelten L\u00e4nder der Welt. Trotz internationaler Hilfen zur Stabilisierung des Landes sind nepalesische Kinder in der Aus\u00fcbung ihrer Rechte eingeschr\u00e4nkt. Sie sind gezwungen, ihr Leben in Armut, Unterern\u00e4hrung, Gewalt und anderen sch\u00e4dlichen Umst\u00e4nden zu verbringen. Haupts\u00e4chliche Probleme [&hellip;]<\/p>\n","protected":false},"author":1,"featured_media":0,"parent":0,"menu_order":0,"comment_status":"closed","ping_status":"closed","template":"","meta":{"footnotes":""},"class_list":["post-7007","page","type-page","status-publish","hentry"],"yoast_head":"<!-- This site is optimized with the Yoast SEO plugin v26.5 - https:\/\/yoast.com\/wordpress\/plugins\/seo\/ -->\n<title>Kinder in Nepal - Humanium<\/title>\n<meta name=\"description\" content=\"Trotz internationaler Hilfen zur Stabilisierung des Landes sind nepalesische Kinder in der Aus\u00fcbung ihrer Rechte eingeschr\u00e4nkt.\" \/>\n<meta name=\"robots\" content=\"index, follow, max-snippet:-1, max-image-preview:large, max-video-preview:-1\" \/>\n<link rel=\"canonical\" href=\"https:\/\/www.humanium.org\/de\/kinder-in-nepal\/\" \/>\n<meta property=\"og:locale\" content=\"de_DE\" \/>\n<meta property=\"og:type\" content=\"article\" \/>\n<meta property=\"og:title\" content=\"Kinder in Nepal - Humanium\" \/>\n<meta property=\"og:description\" content=\"Trotz internationaler Hilfen zur Stabilisierung des Landes sind nepalesische Kinder in der Aus\u00fcbung ihrer Rechte eingeschr\u00e4nkt.\" \/>\n<meta property=\"og:url\" content=\"https:\/\/www.humanium.org\/de\/kinder-in-nepal\/\" \/>\n<meta property=\"og:site_name\" content=\"Humanium\" \/>\n<meta property=\"article:modified_time\" content=\"2025-12-05T17:00:50+00:00\" \/>\n<meta name=\"twitter:card\" content=\"summary_large_image\" \/>\n<meta name=\"twitter:label1\" content=\"Gesch\u00e4tzte Lesezeit\" \/>\n\t<meta name=\"twitter:data1\" content=\"5\u00a0Minuten\" \/>\n<script type=\"application\/ld+json\" class=\"yoast-schema-graph\">{\"@context\":\"https:\/\/schema.org\",\"@graph\":[{\"@type\":\"WebPage\",\"@id\":\"https:\/\/www.humanium.org\/de\/kinder-in-nepal\/\",\"url\":\"https:\/\/www.humanium.org\/de\/kinder-in-nepal\/\",\"name\":\"Kinder in Nepal - Humanium\",\"isPartOf\":{\"@id\":\"https:\/\/www.humanium.org\/de\/#website\"},\"primaryImageOfPage\":{\"@id\":\"https:\/\/www.humanium.org\/de\/kinder-in-nepal\/#primaryimage\"},\"image\":{\"@id\":\"https:\/\/www.humanium.org\/de\/kinder-in-nepal\/#primaryimage\"},\"thumbnailUrl\":\"https:\/\/www.humanium.org\/en\/wp-content\/uploads\/2011\/10\/fillette-hiro-zero-zero-huit-flickr.jpg\",\"datePublished\":\"2016-08-03T14:15:26+00:00\",\"dateModified\":\"2025-12-05T17:00:50+00:00\",\"description\":\"Trotz internationaler Hilfen zur Stabilisierung des Landes sind nepalesische Kinder in der Aus\u00fcbung ihrer Rechte eingeschr\u00e4nkt.\",\"breadcrumb\":{\"@id\":\"https:\/\/www.humanium.org\/de\/kinder-in-nepal\/#breadcrumb\"},\"inLanguage\":\"de\",\"potentialAction\":[{\"@type\":\"ReadAction\",\"target\":[\"https:\/\/www.humanium.org\/de\/kinder-in-nepal\/\"]}]},{\"@type\":\"ImageObject\",\"inLanguage\":\"de\",\"@id\":\"https:\/\/www.humanium.org\/de\/kinder-in-nepal\/#primaryimage\",\"url\":\"https:\/\/www.humanium.org\/en\/wp-content\/uploads\/2011\/10\/fillette-hiro-zero-zero-huit-flickr.jpg\",\"contentUrl\":\"https:\/\/www.humanium.org\/en\/wp-content\/uploads\/2011\/10\/fillette-hiro-zero-zero-huit-flickr.jpg\"},{\"@type\":\"BreadcrumbList\",\"@id\":\"https:\/\/www.humanium.org\/de\/kinder-in-nepal\/#breadcrumb\",\"itemListElement\":[{\"@type\":\"ListItem\",\"position\":1,\"name\":\"Home\",\"item\":\"https:\/\/www.humanium.org\/de\/\"},{\"@type\":\"ListItem\",\"position\":2,\"name\":\"Kinder in Nepal\"}]},{\"@type\":\"WebSite\",\"@id\":\"https:\/\/www.humanium.org\/de\/#website\",\"url\":\"https:\/\/www.humanium.org\/de\/\",\"name\":\"Humanium\",\"description\":\"Kinder zuerst!\",\"potentialAction\":[{\"@type\":\"SearchAction\",\"target\":{\"@type\":\"EntryPoint\",\"urlTemplate\":\"https:\/\/www.humanium.org\/de\/?s={search_term_string}\"},\"query-input\":{\"@type\":\"PropertyValueSpecification\",\"valueRequired\":true,\"valueName\":\"search_term_string\"}}],\"inLanguage\":\"de\"}]}<\/script>\n<!-- \/ Yoast SEO plugin. -->","yoast_head_json":{"title":"Kinder in Nepal - Humanium","description":"Trotz internationaler Hilfen zur Stabilisierung des Landes sind nepalesische Kinder in der Aus\u00fcbung ihrer Rechte eingeschr\u00e4nkt.","robots":{"index":"index","follow":"follow","max-snippet":"max-snippet:-1","max-image-preview":"max-image-preview:large","max-video-preview":"max-video-preview:-1"},"canonical":"https:\/\/www.humanium.org\/de\/kinder-in-nepal\/","og_locale":"de_DE","og_type":"article","og_title":"Kinder in Nepal - Humanium","og_description":"Trotz internationaler Hilfen zur Stabilisierung des Landes sind nepalesische Kinder in der Aus\u00fcbung ihrer Rechte eingeschr\u00e4nkt.","og_url":"https:\/\/www.humanium.org\/de\/kinder-in-nepal\/","og_site_name":"Humanium","article_modified_time":"2025-12-05T17:00:50+00:00","twitter_card":"summary_large_image","twitter_misc":{"Gesch\u00e4tzte Lesezeit":"5\u00a0Minuten"},"schema":{"@context":"https:\/\/schema.org","@graph":[{"@type":"WebPage","@id":"https:\/\/www.humanium.org\/de\/kinder-in-nepal\/","url":"https:\/\/www.humanium.org\/de\/kinder-in-nepal\/","name":"Kinder in Nepal - Humanium","isPartOf":{"@id":"https:\/\/www.humanium.org\/de\/#website"},"primaryImageOfPage":{"@id":"https:\/\/www.humanium.org\/de\/kinder-in-nepal\/#primaryimage"},"image":{"@id":"https:\/\/www.humanium.org\/de\/kinder-in-nepal\/#primaryimage"},"thumbnailUrl":"https:\/\/www.humanium.org\/en\/wp-content\/uploads\/2011\/10\/fillette-hiro-zero-zero-huit-flickr.jpg","datePublished":"2016-08-03T14:15:26+00:00","dateModified":"2025-12-05T17:00:50+00:00","description":"Trotz internationaler Hilfen zur Stabilisierung des Landes sind nepalesische Kinder in der Aus\u00fcbung ihrer Rechte eingeschr\u00e4nkt.","breadcrumb":{"@id":"https:\/\/www.humanium.org\/de\/kinder-in-nepal\/#breadcrumb"},"inLanguage":"de","potentialAction":[{"@type":"ReadAction","target":["https:\/\/www.humanium.org\/de\/kinder-in-nepal\/"]}]},{"@type":"ImageObject","inLanguage":"de","@id":"https:\/\/www.humanium.org\/de\/kinder-in-nepal\/#primaryimage","url":"https:\/\/www.humanium.org\/en\/wp-content\/uploads\/2011\/10\/fillette-hiro-zero-zero-huit-flickr.jpg","contentUrl":"https:\/\/www.humanium.org\/en\/wp-content\/uploads\/2011\/10\/fillette-hiro-zero-zero-huit-flickr.jpg"},{"@type":"BreadcrumbList","@id":"https:\/\/www.humanium.org\/de\/kinder-in-nepal\/#breadcrumb","itemListElement":[{"@type":"ListItem","position":1,"name":"Home","item":"https:\/\/www.humanium.org\/de\/"},{"@type":"ListItem","position":2,"name":"Kinder in Nepal"}]},{"@type":"WebSite","@id":"https:\/\/www.humanium.org\/de\/#website","url":"https:\/\/www.humanium.org\/de\/","name":"Humanium","description":"Kinder zuerst!","potentialAction":[{"@type":"SearchAction","target":{"@type":"EntryPoint","urlTemplate":"https:\/\/www.humanium.org\/de\/?s={search_term_string}"},"query-input":{"@type":"PropertyValueSpecification","valueRequired":true,"valueName":"search_term_string"}}],"inLanguage":"de"}]}},"_links":{"self":[{"href":"https:\/\/www.humanium.org\/de\/wp-json\/wp\/v2\/pages\/7007","targetHints":{"allow":["GET"]}}],"collection":[{"href":"https:\/\/www.humanium.org\/de\/wp-json\/wp\/v2\/pages"}],"about":[{"href":"https:\/\/www.humanium.org\/de\/wp-json\/wp\/v2\/types\/page"}],"author":[{"embeddable":true,"href":"https:\/\/www.humanium.org\/de\/wp-json\/wp\/v2\/users\/1"}],"replies":[{"embeddable":true,"href":"https:\/\/www.humanium.org\/de\/wp-json\/wp\/v2\/comments?post=7007"}],"version-history":[{"count":9,"href":"https:\/\/www.humanium.org\/de\/wp-json\/wp\/v2\/pages\/7007\/revisions"}],"predecessor-version":[{"id":20139,"href":"https:\/\/www.humanium.org\/de\/wp-json\/wp\/v2\/pages\/7007\/revisions\/20139"}],"wp:attachment":[{"href":"https:\/\/www.humanium.org\/de\/wp-json\/wp\/v2\/media?parent=7007"}],"curies":[{"name":"wp","href":"https:\/\/api.w.org\/{rel}","templated":true}]}}