{"id":7022,"date":"2016-08-05T11:05:18","date_gmt":"2016-08-05T11:05:18","guid":{"rendered":"http:\/\/www.humanium.org\/de\/?page_id=7022"},"modified":"2025-12-05T16:59:13","modified_gmt":"2025-12-05T16:59:13","slug":"die-kinder-von-palau","status":"publish","type":"page","link":"https:\/\/www.humanium.org\/de\/die-kinder-von-palau\/","title":{"rendered":"Die Kinder von Palau"},"content":{"rendered":"<h1>Die Kinder von Palau<\/h1>\n<h2>Die Umsetzung von Kinderrechten in\u00a0Palau<\/h2>\n<p style=\"text-align: center;\"><img loading=\"lazy\" decoding=\"async\" class=\"alignnone size-full wp-image-13138\" title=\"Teenagers of Palau\u00a9 PACOM (Flickr.com)\" src=\"https:\/\/www.humanium.org\/en\/wp-content\/uploads\/2013\/04\/Children-of-Palau-PACOM-Flickr.com_.jpg\" alt=\"\" width=\"200\" height=\"200\" \/>\u00a0\u00a0<img loading=\"lazy\" decoding=\"async\" class=\"alignnone size-full wp-image-13137\" title=\"Boy of Palau \u00a9 PacificKlaus (Flickr.com)\" src=\"https:\/\/www.humanium.org\/en\/wp-content\/uploads\/2013\/04\/Boy-of-Palau-PacificKlaus-Flickr.com_.jpg\" alt=\"\" width=\"200\" height=\"200\" \/><\/p>\n<p>Die Republik Palau ist ein Archipel, dass sich in Ozeanien befindet, in der N\u00e4he der Philippinen und Indonesiens. Sie charakterisiert sich durch einen der h\u00f6chsten Lebensstandards in Mikronesien.<br \/>\nObwohl Palau erfolgreich war bei der Verbesserung der Qualit\u00e4t von Bildungsdiensten, Gesundheitsservice und des Managements ihres Justizsystems f\u00fcr Minderj\u00e4hrige, sind weitere Fortschritte n\u00f6tig, um das Wohlbefinden der Kinder zu verbessern.<\/p>\n<h3>Die Hauptprobleme f\u00fcr indonesische Kinder sind:<\/h3>\n<p><strong>Recht auf Bildung<\/strong><\/p>\n<p>Auf Palau ist das Recht auf Bildung in der Verfassung erw\u00e4hnt.<\/p>\n<p>Da das Bildungssystem durch das amerikanische System inspiriert ist, sieht der Ablauf folgenderma\u00dfen aus: zuerst die Vorschule (Vorschulen und Kinderg\u00e4rten, Klassen 1-8), danach die weiterf\u00fchrende Schule (High School, Klassen 9-12) und zuguterletzt Ausbildung oder Studium.<\/p>\n<p>Es besteht eine Schulpflicht f\u00fcr Kinder von 6 bis 17 Jahren. Daher besuchen 88% die Vorschule und 98% die weiterf\u00fchrende Schule.<\/p>\n<p><strong>Recht auf Gesundheit<\/strong><\/p>\n<p>Die Anhebung des Lebensstandards auf Palau hat es dem Land erlaubt, eine solide Gesundheitsversorgung bereitzustellen, die Lebenserwartung zu erh\u00f6hen und und die Sterblichkeitsrate auf 12,1 pro 1000 abzusenken. Diese Sterblichkeitsrate, obwohl sie bereits gesunken ist, bleibt weiterhin \u00fcber dem Niveau der Industriel\u00e4nder.<\/p>\n<p>Alle Kinder haben Zugang zur Grundversorgung.<\/p>\n<p>Das Problem der Fettleibigkeit betrifft 24% der Kinder. Schlechte Essgewohnheiten, das fehlende Wissen \u00fcber ausgewogene Ern\u00e4hrung genauso wie der Mangel an sportlichen Aktivit\u00e4ten sind haupts\u00e4chlich die Gr\u00fcnde f\u00fcr diese Krankheit; weniger als 10% der Kinder essen Obst und Gem\u00fcse.<\/p>\n<p><strong>Tabak, Alkohol und Drogen<\/strong><\/p>\n<p>Trotz der Anstrengungen auf der Seite der Bildung und der Durchsetzung von Schutzgesetzen f\u00fcr Kinder, werden Jugendliche trotzdem mit Tabak- und Alkoholkonsum konfrontiert. Es ist eine <a href=\"https:\/\/www.humanium.org\/en\/children-and-addictions\/\">Drogenabh\u00e4ngigkeit<\/a> festzustellen: 35% der Jugendlichen konsumieren regul\u00e4r Marijuana und fast 70% der Kinder auf Palau kauen f\u00fcr gew\u00f6hnlich eine Droge Namens Noix d\u00b4Arec (Areka- oder Betelnuss). Tats\u00e4chlich ist der Konsum dieser stark krebserregenden Droge seit den siebziger Jahren zu eine kulturellen Praxis geworden und ihre Konsumenten bilden eine Gemeinde.<\/p>\n<p><img loading=\"lazy\" decoding=\"async\" class=\"alignright wp-image-13136\" title=\"a lack of communication within families, as well as parental absence for vulnerable minors \u00a9 Annamatic3000 (Flickr.com)\" src=\"https:\/\/www.humanium.org\/en\/wp-content\/uploads\/2013\/04\/Annamatic3000-Flickr.com_.jpg\" alt=\"\" width=\"300\" height=\"200\" \/>Es ist schwierig zu sagen, welche Probleme an der Basis dieser Abh\u00e4ngigkeiten liegen, aber man kann feststellen, dass fehlende famili\u00e4re Aufmerksamkeit, genauso wie die Abwesenheit der Eltern bei anf\u00e4lligen Minderj\u00e4hrigen, einer der Gr\u00fcnde f\u00fcr diese verschiedenen Suchten darstellt.<\/p>\n<p><strong>Kinder und Behinderung<\/strong><\/p>\n<p><a href=\"https:\/\/www.humanium.org\/en\/disabled-children\/\">Kinder mit Behinderung<\/a> stellen ein bisschen weniger als 7% der Kinder im Archipel dar. Von ihrer Geburt bis zum 21. Lebensjahr haben diese Kinder, wie die anderen auch, Zugang zur Gesundheitsversorgung, Bildung, wie auch zu den sozialen Diensten.<br \/>\nDennoch existieren nach dem 21. Lebensjahr wenige angepasste Strukturen, die in der Lage sind eine Br\u00fccke zu schlagen zu einem \u00dcbergang in die Erwachsenenwelt.<\/p>\n<p><strong>Kindesmisshandlung<\/strong><\/p>\n<p>Der Fall der Kindesmisshandlung oder \u2013Vernachl\u00e4ssigung betrifft 1% der palauischen Kinder.<\/p>\n<p>Es gibt keine sozialen Strukturen, um die <a href=\"https:\/\/www.humanium.org\/en\/abuse\/\">misshandelten Kinder<\/a>aufzufangen. Meistens werden die Kinder zu ihrem Onkel m\u00fctterlicherseits gebracht, weil es laut der Landestradition \u00fcblich ist, dass ihm der Schutz des Kindes zuf\u00e4llt, sollte sich dieses in Gefahr befinden.<\/p>\n<p><strong>Adoption<\/strong><\/p>\n<p>Ausl\u00e4ndische Kinder die durch palauische B\u00fcrger adoptiert werden profitieren nicht von den gleichen Rechten wie die Kinder, die als palauische B\u00fcrger geboren werden. Die Hauptprobleme treten im Erwachsenenalter auf, weil Ausl\u00e4nder nicht die palauische Staatsangeh\u00f6rigkeit annehmen k\u00f6nnen, erben k\u00f6nnen oder Besitz erwerben k\u00f6nnen.<\/p>\n<p><strong>Jugendjustiz<\/strong><\/p>\n<p>Auf Palau leben nur 50% der Kinder bei beiden Eltern und 39% leben mit einem von beiden. Die Kinder werden oft von einem anderen Familienmitglied erzogen. Diese Situation bringt schulische Probleme mit sich, was manchmal zu kriminellen Aktivit\u00e4ten f\u00fchren kann. In diesem Fall, wird alles versucht um den Streit unter Ber\u00fccksichtigung des Gesetzes aber au\u00dfergerichtlich zu regeln. Der Gro\u00dfteil der F\u00e4lle wird zwischen der Familie, den Freunden und der Polizei geregelt. F\u00fcr die F\u00e4lle von geringeren nicht-kriminellen Vergehen hat das Justizministerium eine Alternative in 3 Schritten vorgesehen: Entschuldigungen, R\u00fcckerstattung und gemeinn\u00fctzige Arbeiten. Es wird oft vorgeschlagen, dass das Kind, welches das Vergehen begangen hat zu konfrontieren. Wenn beide Parteien akzeptieren, erkennt das Kind seinen Teil der Verantwortung an und das Opfer erkl\u00e4rt ihm die Konsequenzen, die durch seine Taten verursacht wurden. Danach einigen sie sich \u00fcber die Art der Wiedergutmachung: R\u00fcckerstattung, wenn m\u00f6glich, oder gemeinn\u00fctzige Arbeit.<\/p>\n","protected":false},"excerpt":{"rendered":"<p>Die Kinder von Palau Die Umsetzung von Kinderrechten in\u00a0Palau \u00a0\u00a0 Die Republik Palau ist ein Archipel, dass sich in Ozeanien befindet, in der N\u00e4he der Philippinen und Indonesiens. Sie charakterisiert sich durch einen der h\u00f6chsten Lebensstandards in Mikronesien. Obwohl Palau erfolgreich war bei der Verbesserung der Qualit\u00e4t von Bildungsdiensten, Gesundheitsservice und des Managements ihres Justizsystems [&hellip;]<\/p>\n","protected":false},"author":1,"featured_media":0,"parent":0,"menu_order":0,"comment_status":"closed","ping_status":"closed","template":"","meta":{"footnotes":""},"class_list":["post-7022","page","type-page","status-publish","hentry"],"yoast_head":"<!-- This site is optimized with the Yoast SEO plugin v26.5 - https:\/\/yoast.com\/wordpress\/plugins\/seo\/ -->\n<title>Die Kinder von Palau - Humanium<\/title>\n<meta name=\"description\" content=\"Obwohl Palau erfolgreich war bei der Verbesserung der Bildungsdiensten, sind weitere Fortschritte n\u00f6tig, um das Wohlbefinden der Kinder zu verbessern.\" \/>\n<meta name=\"robots\" content=\"index, follow, max-snippet:-1, max-image-preview:large, max-video-preview:-1\" \/>\n<link rel=\"canonical\" href=\"https:\/\/www.humanium.org\/de\/die-kinder-von-palau\/\" \/>\n<meta property=\"og:locale\" content=\"de_DE\" \/>\n<meta property=\"og:type\" content=\"article\" \/>\n<meta property=\"og:title\" content=\"Die Kinder von Palau - Humanium\" \/>\n<meta property=\"og:description\" content=\"Obwohl Palau erfolgreich war bei der Verbesserung der Bildungsdiensten, sind weitere Fortschritte n\u00f6tig, um das Wohlbefinden der Kinder zu verbessern.\" \/>\n<meta property=\"og:url\" content=\"https:\/\/www.humanium.org\/de\/die-kinder-von-palau\/\" \/>\n<meta property=\"og:site_name\" content=\"Humanium\" \/>\n<meta property=\"article:modified_time\" content=\"2025-12-05T16:59:13+00:00\" \/>\n<meta name=\"twitter:card\" content=\"summary_large_image\" \/>\n<meta name=\"twitter:label1\" content=\"Gesch\u00e4tzte Lesezeit\" \/>\n\t<meta name=\"twitter:data1\" content=\"5\u00a0Minuten\" \/>\n<script type=\"application\/ld+json\" class=\"yoast-schema-graph\">{\"@context\":\"https:\/\/schema.org\",\"@graph\":[{\"@type\":\"WebPage\",\"@id\":\"https:\/\/www.humanium.org\/de\/die-kinder-von-palau\/\",\"url\":\"https:\/\/www.humanium.org\/de\/die-kinder-von-palau\/\",\"name\":\"Die Kinder von Palau - Humanium\",\"isPartOf\":{\"@id\":\"https:\/\/www.humanium.org\/de\/#website\"},\"primaryImageOfPage\":{\"@id\":\"https:\/\/www.humanium.org\/de\/die-kinder-von-palau\/#primaryimage\"},\"image\":{\"@id\":\"https:\/\/www.humanium.org\/de\/die-kinder-von-palau\/#primaryimage\"},\"thumbnailUrl\":\"https:\/\/www.humanium.org\/en\/wp-content\/uploads\/2013\/04\/Children-of-Palau-PACOM-Flickr.com_.jpg\",\"datePublished\":\"2016-08-05T11:05:18+00:00\",\"dateModified\":\"2025-12-05T16:59:13+00:00\",\"description\":\"Obwohl Palau erfolgreich war bei der Verbesserung der Bildungsdiensten, sind weitere Fortschritte n\u00f6tig, um das Wohlbefinden der Kinder zu verbessern.\",\"breadcrumb\":{\"@id\":\"https:\/\/www.humanium.org\/de\/die-kinder-von-palau\/#breadcrumb\"},\"inLanguage\":\"de\",\"potentialAction\":[{\"@type\":\"ReadAction\",\"target\":[\"https:\/\/www.humanium.org\/de\/die-kinder-von-palau\/\"]}]},{\"@type\":\"ImageObject\",\"inLanguage\":\"de\",\"@id\":\"https:\/\/www.humanium.org\/de\/die-kinder-von-palau\/#primaryimage\",\"url\":\"https:\/\/www.humanium.org\/en\/wp-content\/uploads\/2013\/04\/Children-of-Palau-PACOM-Flickr.com_.jpg\",\"contentUrl\":\"https:\/\/www.humanium.org\/en\/wp-content\/uploads\/2013\/04\/Children-of-Palau-PACOM-Flickr.com_.jpg\"},{\"@type\":\"BreadcrumbList\",\"@id\":\"https:\/\/www.humanium.org\/de\/die-kinder-von-palau\/#breadcrumb\",\"itemListElement\":[{\"@type\":\"ListItem\",\"position\":1,\"name\":\"Home\",\"item\":\"https:\/\/www.humanium.org\/de\/\"},{\"@type\":\"ListItem\",\"position\":2,\"name\":\"Die Kinder von Palau\"}]},{\"@type\":\"WebSite\",\"@id\":\"https:\/\/www.humanium.org\/de\/#website\",\"url\":\"https:\/\/www.humanium.org\/de\/\",\"name\":\"Humanium\",\"description\":\"Kinder zuerst!\",\"potentialAction\":[{\"@type\":\"SearchAction\",\"target\":{\"@type\":\"EntryPoint\",\"urlTemplate\":\"https:\/\/www.humanium.org\/de\/?s={search_term_string}\"},\"query-input\":{\"@type\":\"PropertyValueSpecification\",\"valueRequired\":true,\"valueName\":\"search_term_string\"}}],\"inLanguage\":\"de\"}]}<\/script>\n<!-- \/ Yoast SEO plugin. -->","yoast_head_json":{"title":"Die Kinder von Palau - Humanium","description":"Obwohl Palau erfolgreich war bei der Verbesserung der Bildungsdiensten, sind weitere Fortschritte n\u00f6tig, um das Wohlbefinden der Kinder zu verbessern.","robots":{"index":"index","follow":"follow","max-snippet":"max-snippet:-1","max-image-preview":"max-image-preview:large","max-video-preview":"max-video-preview:-1"},"canonical":"https:\/\/www.humanium.org\/de\/die-kinder-von-palau\/","og_locale":"de_DE","og_type":"article","og_title":"Die Kinder von Palau - Humanium","og_description":"Obwohl Palau erfolgreich war bei der Verbesserung der Bildungsdiensten, sind weitere Fortschritte n\u00f6tig, um das Wohlbefinden der Kinder zu verbessern.","og_url":"https:\/\/www.humanium.org\/de\/die-kinder-von-palau\/","og_site_name":"Humanium","article_modified_time":"2025-12-05T16:59:13+00:00","twitter_card":"summary_large_image","twitter_misc":{"Gesch\u00e4tzte Lesezeit":"5\u00a0Minuten"},"schema":{"@context":"https:\/\/schema.org","@graph":[{"@type":"WebPage","@id":"https:\/\/www.humanium.org\/de\/die-kinder-von-palau\/","url":"https:\/\/www.humanium.org\/de\/die-kinder-von-palau\/","name":"Die Kinder von Palau - Humanium","isPartOf":{"@id":"https:\/\/www.humanium.org\/de\/#website"},"primaryImageOfPage":{"@id":"https:\/\/www.humanium.org\/de\/die-kinder-von-palau\/#primaryimage"},"image":{"@id":"https:\/\/www.humanium.org\/de\/die-kinder-von-palau\/#primaryimage"},"thumbnailUrl":"https:\/\/www.humanium.org\/en\/wp-content\/uploads\/2013\/04\/Children-of-Palau-PACOM-Flickr.com_.jpg","datePublished":"2016-08-05T11:05:18+00:00","dateModified":"2025-12-05T16:59:13+00:00","description":"Obwohl Palau erfolgreich war bei der Verbesserung der Bildungsdiensten, sind weitere Fortschritte n\u00f6tig, um das Wohlbefinden der Kinder zu verbessern.","breadcrumb":{"@id":"https:\/\/www.humanium.org\/de\/die-kinder-von-palau\/#breadcrumb"},"inLanguage":"de","potentialAction":[{"@type":"ReadAction","target":["https:\/\/www.humanium.org\/de\/die-kinder-von-palau\/"]}]},{"@type":"ImageObject","inLanguage":"de","@id":"https:\/\/www.humanium.org\/de\/die-kinder-von-palau\/#primaryimage","url":"https:\/\/www.humanium.org\/en\/wp-content\/uploads\/2013\/04\/Children-of-Palau-PACOM-Flickr.com_.jpg","contentUrl":"https:\/\/www.humanium.org\/en\/wp-content\/uploads\/2013\/04\/Children-of-Palau-PACOM-Flickr.com_.jpg"},{"@type":"BreadcrumbList","@id":"https:\/\/www.humanium.org\/de\/die-kinder-von-palau\/#breadcrumb","itemListElement":[{"@type":"ListItem","position":1,"name":"Home","item":"https:\/\/www.humanium.org\/de\/"},{"@type":"ListItem","position":2,"name":"Die Kinder von Palau"}]},{"@type":"WebSite","@id":"https:\/\/www.humanium.org\/de\/#website","url":"https:\/\/www.humanium.org\/de\/","name":"Humanium","description":"Kinder zuerst!","potentialAction":[{"@type":"SearchAction","target":{"@type":"EntryPoint","urlTemplate":"https:\/\/www.humanium.org\/de\/?s={search_term_string}"},"query-input":{"@type":"PropertyValueSpecification","valueRequired":true,"valueName":"search_term_string"}}],"inLanguage":"de"}]}},"_links":{"self":[{"href":"https:\/\/www.humanium.org\/de\/wp-json\/wp\/v2\/pages\/7022","targetHints":{"allow":["GET"]}}],"collection":[{"href":"https:\/\/www.humanium.org\/de\/wp-json\/wp\/v2\/pages"}],"about":[{"href":"https:\/\/www.humanium.org\/de\/wp-json\/wp\/v2\/types\/page"}],"author":[{"embeddable":true,"href":"https:\/\/www.humanium.org\/de\/wp-json\/wp\/v2\/users\/1"}],"replies":[{"embeddable":true,"href":"https:\/\/www.humanium.org\/de\/wp-json\/wp\/v2\/comments?post=7022"}],"version-history":[{"count":8,"href":"https:\/\/www.humanium.org\/de\/wp-json\/wp\/v2\/pages\/7022\/revisions"}],"predecessor-version":[{"id":20132,"href":"https:\/\/www.humanium.org\/de\/wp-json\/wp\/v2\/pages\/7022\/revisions\/20132"}],"wp:attachment":[{"href":"https:\/\/www.humanium.org\/de\/wp-json\/wp\/v2\/media?parent=7022"}],"curies":[{"name":"wp","href":"https:\/\/api.w.org\/{rel}","templated":true}]}}