{"id":7031,"date":"2016-08-05T12:40:32","date_gmt":"2016-08-05T12:40:32","guid":{"rendered":"http:\/\/www.humanium.org\/de\/?page_id=7031"},"modified":"2025-12-05T16:57:49","modified_gmt":"2025-12-05T16:57:49","slug":"kinder-thailands","status":"publish","type":"page","link":"https:\/\/www.humanium.org\/de\/kinder-thailands\/","title":{"rendered":"Kinder Thailands"},"content":{"rendered":"<h1>Kinder Thailands<\/h1>\n<h2>Verwirklichung von Kinderrechten in Thailand<\/h2>\n<p style=\"text-align: center;\"><img loading=\"lazy\" decoding=\"async\" class=\"alignnone size-full wp-image-4886\" title=\"Girl of Thailand \u00a9 Buena Vista images (getty images)\" src=\"https:\/\/www.humanium.org\/en\/wp-content\/uploads\/2011\/11\/fillette-buena-vista-images-getty-images.jpg\" alt=\"\" width=\"143\" height=\"200\" \/> <img loading=\"lazy\" decoding=\"async\" class=\"alignnone size-full wp-image-4887\" title=\"Boy of Thailand \u00a9 Troup (flickr)\" src=\"https:\/\/www.humanium.org\/en\/wp-content\/uploads\/2011\/11\/garcon-troup-flickr.jpg\" alt=\"\" width=\"201\" height=\"200\" \/><\/p>\n<p>Kinderrechte, insbesondere einige grundlegende Rechte, werden in Thailand trotz der Verabschiedung unz\u00e4hliger Gesetze nicht hinreichend respektiert.<\/p>\n<h3>Hauptprobleme, mit denen Kinder in Thailand konfrontiert werden:<\/h3>\n<p><strong><a href=\"https:\/\/www.humanium.org\/en\/poor-children\/\">Poverty<\/a><\/strong><\/p>\n<p>Heutzutage gibt es erheblich weniger Armut als in der Vergangenheit. Nur 10% der Bev\u00f6lkerung lebt unter der Armutsgrenze.<\/p>\n<p>Trotz dieses niedrigen Niveaus gibt es viele Familien, die vom absoluten Minimum leben. Diese Situation bedeutet f\u00fcr die Kinder dieser Familien, dass sie nicht alle ihre Rechte, wie das Recht auf Bildung und das Recht auf Gesundheit, genie\u00dfen k\u00f6nnen.<\/p>\n<p><strong><a href=\"https:\/\/www.humanium.org\/en\/children-and-aids\/\">HIV \/ AIDS<\/a><\/strong><\/p>\n<p><img loading=\"lazy\" decoding=\"async\" class=\"alignright size-full wp-image-4890\" title=\"Many children are HIV carriers from birth \u00a9 Eliodoro (flickr)\" src=\"https:\/\/www.humanium.org\/en\/wp-content\/uploads\/2011\/11\/sante-eliodoro-flickr.jpg\" alt=\"\" width=\"143\" height=\"207\" \/>The <a href=\"https:\/\/www.humanium.org\/en\/children-and-aids\/\">AIDS<\/a>-Epidemie die w\u00e4hrend der 1990er Jahre w\u00fctete, hat zu einer hohen \u00dcbertragungsgeschwindigkeit des menschlichen Immunschw\u00e4chevirus (HIV) von M\u00fcttern auf ihre Kinder gef\u00fchrt. Diese Epidemie ist der Grund, weswegen viele Kinder heute an\u00a0<a href=\"https:\/\/www.humanium.org\/en\/children-and-aids\/\">HIV\/AIDS erkrankt<\/a> sind.<\/p>\n<p>Es wurde sich sehr darum bem\u00fcht die von AIDS betroffenen M\u00fctter zu informieren und sie medizinisch zu versorgung. Heute betr\u00e4gt das Risiko AIDS zu \u00fcbertragen 2%.<\/p>\n<p>Der Zugang zu medizinischer Versorgung und psychologischer Betreuung muss verbessert werden, um stabile Verh\u00e4ltnisse f\u00fcr von HIV betroffene Kinder zu erreichen und ihnen zu erm\u00f6glichen, ihr Leben zu leben. Obwohl heute ungef\u00e4hr 20.000 Kinder vom HIV-Virus betroffen sind, haben nur 1.000 von ihnen Zugang zu medizinischer Versorgung und psychologischer Betreuung.<\/p>\n<p><strong><a href=\"https:\/\/www.humanium.org\/en\/nondiscrimination\/\">Diskriminierung<\/a><\/strong><\/p>\n<p><img loading=\"lazy\" decoding=\"async\" class=\"alignright size-full wp-image-4891\" title=\"Children affected by the AIDS virus are victims of discrimination \u00a9 E Mar (flickr)\" src=\"https:\/\/www.humanium.org\/en\/wp-content\/uploads\/2011\/11\/discrimination-e-mar-no-retouch-flickr.jpg\" alt=\"\" width=\"139\" height=\"200\" \/>Einige durch das HIV\/AIDS-Virus betroffene Kinder werden <a href=\"https:\/\/www.humanium.org\/en\/nondiscrimination\/\">mit Verachtung behandelt<\/a>, ob in der Schule oder innerhalb der Familie. Sie werden schw\u00e4cher,nicht nur physisch aufgrund der Krankheit, sondern auch psychologisch basierend auf der Wahrnehmung anderer.<\/p>\n<p>Sie werden vernachl\u00e4ssigt und haben Angst vor Familie und Freunden. Dar\u00fcber hinaus wird ein Kind nach der Disgnose des Virus oft von den Menschen um es herum ge\u00e4chtet. Nur psychologische Unterst\u00fctzung von Personen, denen sie vertrauen, wird ihnen Hoffnung auf ein gl\u00fccklicheres und einfacheres Leben geben k\u00f6nnen.<\/p>\n<p><strong>Bildung<\/strong><\/p>\n<p>In Bereich Bildung wurden bemerkenswerte Fortschritte gemacht. Nur 2% der Kinder besuchen nicht die Schule.\u00a0Prim\u00e4rschulbildung ist heutzutage kostenfrei und obligatorisch.<\/p>\n<p>Die Kinder, die die Schule nicht besuchen, leben \u00fcberwiegend weit entfernt von der Schule und haben nicht die Mittel, mit dem Bus dort hinzukommen. Au\u00dferdem ist es Einwandererkindern manchmal nicht m\u00f6glich Zugang zu Bildung zu erhalten. Sehr h\u00e4ufig wird ihnen das Besuchen einer staatlichen Schule verboten und sie m\u00fcssen somit auf private Schulen zur\u00fcckgreifen.<\/p>\n<p>Das wiederrum hei\u00dft, dass es sich nur Einwanderer mit einem bestimmten Einkommen leisten k\u00f6nnen, ihre Kinder in die Schule zu schicken.<\/p>\n<p><strong><a href=\"https:\/\/www.humanium.org\/en\/child-labour\/\">Kinderarbeit<\/a><\/strong><\/p>\n<p><img loading=\"lazy\" decoding=\"async\" class=\"alignright size-full wp-image-4892\" title=\"There are still too many children working in Thailand today \u00a9 Alsndr (flickr)\" src=\"https:\/\/www.humanium.org\/en\/wp-content\/uploads\/2011\/11\/travail-alsndr-flickr.jpg\" alt=\"\" width=\"150\" height=\"200\" \/>Kinder von armen Familien sind die ersten Opfer, wenn es zu u dem Problem Kinderarbeit kommt. In armen Familien ist es auch heute noch oft der Fall, dass Eltern ihr\u00a0Kind in die Prostitution schicken, um den Lebensunterha;t der Familie zu sichern..<\/p>\n<p>Diese verwundbaren Kinder\u00a0<a href=\"https:\/\/www.humanium.org\/en\/child-labour\/\">arbeiten<\/a> sowohl in Bordellen als auch auf den <a href=\"https:\/\/www.humanium.org\/en\/street-children\/\">Stra\u00dfen<\/a>, wo <a href=\"https:\/\/www.humanium.org\/en\/sexual-abuse-children\/\">Sextourismus<\/a> sehr bedeutend ist.<\/p>\n<p>Obwohl das Gesetz diese Praktiken verbietet und bestraft, gibt es immer noch viel zu viele Kinder, die <a href=\"https:\/\/www.humanium.org\/en\/child-labour\/\">zum Arbeiten gezwungen werden<\/a>.<\/p>\n<p>Dar\u00fcber hinaus werden auch Einwandererkinder gezwungen zu arbeiten. H\u00e4ufig findet man sie in den <a href=\"https:\/\/www.humanium.org\/en\/street-children\/\">Stra\u00dfen<\/a>, wo sie alles, was sie finden k\u00f6nnen, verkaufen. Momentan leben 20,000 Kinder auf den Stra\u00dfen von Thailands Metropolen.<\/p>\n<p><strong><a href=\"https:\/\/www.humanium.org\/en\/abuse\/\">Kindesmissbrauch<\/a><\/strong><\/p>\n<p>Viele Kinder in Thailand sind Opfer von <a href=\"https:\/\/www.humanium.org\/en\/abuse\/\"> physischer und sexueller Gewalt oder Missbrauch <\/a>.Viele dieser F\u00e4lle werden nie berichtet, weil die Kinder Angst vor Vergeltungsma\u00dfnahmen haben und sie noch nicht den Zugang zu den Infrastrukturen haben, die ihnen helfen k\u00f6nnen, diese Art der Gewalt zu melden.<\/p>\n<p>Im Allgemeinen sind diese Kinder Opfer des <a href=\"https:\/\/www.humanium.org\/en\/abuse\/\">Missbrauchs<\/a> innerhalb der Familie oder in der Schule.<\/p>\n<p>Die meisten F\u00e4lle von sexueller Gewalt sind gegen\u00fcber jungen M\u00e4dchen, was schwerwiegende Auswirkungen auf ihre Leben hat. Sie sind verletzlich und trauen sich nicht \u00fcber das Trauma zu sprechen, das sie durchgemacht haben. Au\u00dferdem werden viele aufgrund dieses sexuellen Missbrauchs schwanger, was ihre Leben auf den Kopf stellt.<\/p>\n<p>Es gibt einige Organisationen, die Sozialeinrichtungen zur Verf\u00fcgung stellen, die diese Kinder empfangen und unterst\u00fctzen. Jedoch muss Thailand mehr tun, um Opfer von Kindesmissbrauch zu sch\u00fctzen.<\/p>\n<p><strong><a href=\"https:\/\/www.humanium.org\/en\/displaced-children\/\">Inhaftierung von Fl\u00fcchtlingskindern<\/a><\/strong><\/p>\n<p><img loading=\"lazy\" decoding=\"async\" class=\"alignright size-full wp-image-4903\" title=\"Many refugee children are detained in unsanitary conditions \u00a9 Hanumann (flickr)\" src=\"https:\/\/www.humanium.org\/en\/wp-content\/uploads\/2011\/11\/enfant-detenu-hanumann-flickr1.jpg\" alt=\"\" width=\"192\" height=\"159\" \/>Thailand grenzt an Laos, was es zu einem Asylbestimmungsort f\u00fcr viele <a href=\"https:\/\/www.humanium.org\/en\/displaced-children\/\">Lao Hmong Kinder<\/a> macht. Diese Kinder fliehen wegen Verfolgung aus ihrem eigenen Land in der Hoffnung auf ein besseres Leben. Dies ist jedoch nicht der Fall ist, wenn sie in Thailand ankommen.<\/p>\n<p>Sobald sie ankommen, werden sie in schmutzigen Haftanstalten eingesperrt mit wenig Lebensmitteln. Zudem leiden sie h\u00e4ufig unter Dehydration.<br \/>\nEin wesentlicher Anteil dieser Fl\u00fcchtlingskinder wird aufgrund der schwierigen Lebensbedingungen krank. Leider gibt es nicht viele \u00c4rzte, denen der Zugang zu diesen Anstalten gew\u00e4hrt wird. Folglich sind die Kinder sich selbst \u00fcberlassen und ihr Zustand verschlechtert sich Tag f\u00fcr Tag.<\/p>\n<p>Daher muss eine L\u00f6sung gefunden werden, damit sie wieder ihre Rechte genie\u00dfen k\u00f6nnen, ob in Thailand oder Laos.<\/p>\n<p><strong><a href=\"https:\/\/www.humanium.org\/en\/child-marriage\/\">Kinderehe<\/a><\/strong><\/p>\n<p>Arrangierte Ehen kommen heute noch in Thailand vor. Ungef\u00e4hr 20% aller Frauen im Alter zwischen 20 und 24 Jahren berichten, dass mit 18 Jahren verheiratet wurden.<\/p>\n<p>Von Eltern <a href=\"https:\/\/www.humanium.org\/en\/child-marriage\/\">arrangierte Ehen<\/a>\u00a0zwingen junge M\u00e4dchen, einen Mann zu heiraten, den sie nicht unbedingt lieben oder sogar kennen.<br \/>\nEltern w\u00e4hlen h\u00e4ufig einen Mann aus einer reicheren Familie, weil das Mitgiftsystem noch \u00fcblich ist. Bei der Hochzeit gibt der zuk\u00fcnftige Mann den Eltern des jungen M\u00e4dchens Geld im Austausch f\u00fcr ihre Hand.<\/p>\n<p>Diese fr\u00fchen Ehen haben ernste Auswirkungen auf die Gesundheit von jungen M\u00e4dchen, besonders da sie k\u00f6rperlich noch nicht bereit sind f\u00fcr Schwangerschaft oder Geburt.<\/p>\n","protected":false},"excerpt":{"rendered":"<p>Kinder Thailands Verwirklichung von Kinderrechten in Thailand Kinderrechte, insbesondere einige grundlegende Rechte, werden in Thailand trotz der Verabschiedung unz\u00e4hliger Gesetze nicht hinreichend respektiert. Hauptprobleme, mit denen Kinder in Thailand konfrontiert werden: Poverty Heutzutage gibt es erheblich weniger Armut als in der Vergangenheit. Nur 10% der Bev\u00f6lkerung lebt unter der Armutsgrenze. Trotz dieses niedrigen Niveaus gibt [&hellip;]<\/p>\n","protected":false},"author":1,"featured_media":0,"parent":0,"menu_order":0,"comment_status":"closed","ping_status":"closed","template":"","meta":{"footnotes":""},"class_list":["post-7031","page","type-page","status-publish","hentry"],"yoast_head":"<!-- This site is optimized with the Yoast SEO plugin v26.5 - https:\/\/yoast.com\/wordpress\/plugins\/seo\/ -->\n<title>Kinder Thailands - Humanium<\/title>\n<meta name=\"description\" content=\"Kinderrechte, insbesondere einige grundlegende Rechte, werden in Thailand trotz der Verabschiedung unz\u00e4hliger Gesetze nicht hinreichend respektiert.\" \/>\n<meta name=\"robots\" content=\"index, follow, max-snippet:-1, max-image-preview:large, max-video-preview:-1\" \/>\n<link rel=\"canonical\" href=\"https:\/\/www.humanium.org\/de\/kinder-thailands\/\" \/>\n<meta property=\"og:locale\" content=\"de_DE\" \/>\n<meta property=\"og:type\" content=\"article\" \/>\n<meta property=\"og:title\" content=\"Kinder Thailands - Humanium\" \/>\n<meta property=\"og:description\" content=\"Kinderrechte, insbesondere einige grundlegende Rechte, werden in Thailand trotz der Verabschiedung unz\u00e4hliger Gesetze nicht hinreichend respektiert.\" \/>\n<meta property=\"og:url\" content=\"https:\/\/www.humanium.org\/de\/kinder-thailands\/\" \/>\n<meta property=\"og:site_name\" content=\"Humanium\" \/>\n<meta property=\"article:modified_time\" content=\"2025-12-05T16:57:49+00:00\" \/>\n<meta name=\"twitter:card\" content=\"summary_large_image\" \/>\n<meta name=\"twitter:label1\" content=\"Gesch\u00e4tzte Lesezeit\" \/>\n\t<meta name=\"twitter:data1\" content=\"7\u00a0Minuten\" \/>\n<script type=\"application\/ld+json\" class=\"yoast-schema-graph\">{\"@context\":\"https:\/\/schema.org\",\"@graph\":[{\"@type\":\"WebPage\",\"@id\":\"https:\/\/www.humanium.org\/de\/kinder-thailands\/\",\"url\":\"https:\/\/www.humanium.org\/de\/kinder-thailands\/\",\"name\":\"Kinder Thailands - Humanium\",\"isPartOf\":{\"@id\":\"https:\/\/www.humanium.org\/de\/#website\"},\"primaryImageOfPage\":{\"@id\":\"https:\/\/www.humanium.org\/de\/kinder-thailands\/#primaryimage\"},\"image\":{\"@id\":\"https:\/\/www.humanium.org\/de\/kinder-thailands\/#primaryimage\"},\"thumbnailUrl\":\"https:\/\/www.humanium.org\/en\/wp-content\/uploads\/2011\/11\/fillette-buena-vista-images-getty-images.jpg\",\"datePublished\":\"2016-08-05T12:40:32+00:00\",\"dateModified\":\"2025-12-05T16:57:49+00:00\",\"description\":\"Kinderrechte, insbesondere einige grundlegende Rechte, werden in Thailand trotz der Verabschiedung unz\u00e4hliger Gesetze nicht hinreichend respektiert.\",\"breadcrumb\":{\"@id\":\"https:\/\/www.humanium.org\/de\/kinder-thailands\/#breadcrumb\"},\"inLanguage\":\"de\",\"potentialAction\":[{\"@type\":\"ReadAction\",\"target\":[\"https:\/\/www.humanium.org\/de\/kinder-thailands\/\"]}]},{\"@type\":\"ImageObject\",\"inLanguage\":\"de\",\"@id\":\"https:\/\/www.humanium.org\/de\/kinder-thailands\/#primaryimage\",\"url\":\"https:\/\/www.humanium.org\/en\/wp-content\/uploads\/2011\/11\/fillette-buena-vista-images-getty-images.jpg\",\"contentUrl\":\"https:\/\/www.humanium.org\/en\/wp-content\/uploads\/2011\/11\/fillette-buena-vista-images-getty-images.jpg\"},{\"@type\":\"BreadcrumbList\",\"@id\":\"https:\/\/www.humanium.org\/de\/kinder-thailands\/#breadcrumb\",\"itemListElement\":[{\"@type\":\"ListItem\",\"position\":1,\"name\":\"Home\",\"item\":\"https:\/\/www.humanium.org\/de\/\"},{\"@type\":\"ListItem\",\"position\":2,\"name\":\"Kinder Thailands\"}]},{\"@type\":\"WebSite\",\"@id\":\"https:\/\/www.humanium.org\/de\/#website\",\"url\":\"https:\/\/www.humanium.org\/de\/\",\"name\":\"Humanium\",\"description\":\"Kinder zuerst!\",\"potentialAction\":[{\"@type\":\"SearchAction\",\"target\":{\"@type\":\"EntryPoint\",\"urlTemplate\":\"https:\/\/www.humanium.org\/de\/?s={search_term_string}\"},\"query-input\":{\"@type\":\"PropertyValueSpecification\",\"valueRequired\":true,\"valueName\":\"search_term_string\"}}],\"inLanguage\":\"de\"}]}<\/script>\n<!-- \/ Yoast SEO plugin. -->","yoast_head_json":{"title":"Kinder Thailands - Humanium","description":"Kinderrechte, insbesondere einige grundlegende Rechte, werden in Thailand trotz der Verabschiedung unz\u00e4hliger Gesetze nicht hinreichend respektiert.","robots":{"index":"index","follow":"follow","max-snippet":"max-snippet:-1","max-image-preview":"max-image-preview:large","max-video-preview":"max-video-preview:-1"},"canonical":"https:\/\/www.humanium.org\/de\/kinder-thailands\/","og_locale":"de_DE","og_type":"article","og_title":"Kinder Thailands - Humanium","og_description":"Kinderrechte, insbesondere einige grundlegende Rechte, werden in Thailand trotz der Verabschiedung unz\u00e4hliger Gesetze nicht hinreichend respektiert.","og_url":"https:\/\/www.humanium.org\/de\/kinder-thailands\/","og_site_name":"Humanium","article_modified_time":"2025-12-05T16:57:49+00:00","twitter_card":"summary_large_image","twitter_misc":{"Gesch\u00e4tzte Lesezeit":"7\u00a0Minuten"},"schema":{"@context":"https:\/\/schema.org","@graph":[{"@type":"WebPage","@id":"https:\/\/www.humanium.org\/de\/kinder-thailands\/","url":"https:\/\/www.humanium.org\/de\/kinder-thailands\/","name":"Kinder Thailands - Humanium","isPartOf":{"@id":"https:\/\/www.humanium.org\/de\/#website"},"primaryImageOfPage":{"@id":"https:\/\/www.humanium.org\/de\/kinder-thailands\/#primaryimage"},"image":{"@id":"https:\/\/www.humanium.org\/de\/kinder-thailands\/#primaryimage"},"thumbnailUrl":"https:\/\/www.humanium.org\/en\/wp-content\/uploads\/2011\/11\/fillette-buena-vista-images-getty-images.jpg","datePublished":"2016-08-05T12:40:32+00:00","dateModified":"2025-12-05T16:57:49+00:00","description":"Kinderrechte, insbesondere einige grundlegende Rechte, werden in Thailand trotz der Verabschiedung unz\u00e4hliger Gesetze nicht hinreichend respektiert.","breadcrumb":{"@id":"https:\/\/www.humanium.org\/de\/kinder-thailands\/#breadcrumb"},"inLanguage":"de","potentialAction":[{"@type":"ReadAction","target":["https:\/\/www.humanium.org\/de\/kinder-thailands\/"]}]},{"@type":"ImageObject","inLanguage":"de","@id":"https:\/\/www.humanium.org\/de\/kinder-thailands\/#primaryimage","url":"https:\/\/www.humanium.org\/en\/wp-content\/uploads\/2011\/11\/fillette-buena-vista-images-getty-images.jpg","contentUrl":"https:\/\/www.humanium.org\/en\/wp-content\/uploads\/2011\/11\/fillette-buena-vista-images-getty-images.jpg"},{"@type":"BreadcrumbList","@id":"https:\/\/www.humanium.org\/de\/kinder-thailands\/#breadcrumb","itemListElement":[{"@type":"ListItem","position":1,"name":"Home","item":"https:\/\/www.humanium.org\/de\/"},{"@type":"ListItem","position":2,"name":"Kinder Thailands"}]},{"@type":"WebSite","@id":"https:\/\/www.humanium.org\/de\/#website","url":"https:\/\/www.humanium.org\/de\/","name":"Humanium","description":"Kinder zuerst!","potentialAction":[{"@type":"SearchAction","target":{"@type":"EntryPoint","urlTemplate":"https:\/\/www.humanium.org\/de\/?s={search_term_string}"},"query-input":{"@type":"PropertyValueSpecification","valueRequired":true,"valueName":"search_term_string"}}],"inLanguage":"de"}]}},"_links":{"self":[{"href":"https:\/\/www.humanium.org\/de\/wp-json\/wp\/v2\/pages\/7031","targetHints":{"allow":["GET"]}}],"collection":[{"href":"https:\/\/www.humanium.org\/de\/wp-json\/wp\/v2\/pages"}],"about":[{"href":"https:\/\/www.humanium.org\/de\/wp-json\/wp\/v2\/types\/page"}],"author":[{"embeddable":true,"href":"https:\/\/www.humanium.org\/de\/wp-json\/wp\/v2\/users\/1"}],"replies":[{"embeddable":true,"href":"https:\/\/www.humanium.org\/de\/wp-json\/wp\/v2\/comments?post=7031"}],"version-history":[{"count":8,"href":"https:\/\/www.humanium.org\/de\/wp-json\/wp\/v2\/pages\/7031\/revisions"}],"predecessor-version":[{"id":20123,"href":"https:\/\/www.humanium.org\/de\/wp-json\/wp\/v2\/pages\/7031\/revisions\/20123"}],"wp:attachment":[{"href":"https:\/\/www.humanium.org\/de\/wp-json\/wp\/v2\/media?parent=7031"}],"curies":[{"name":"wp","href":"https:\/\/api.w.org\/{rel}","templated":true}]}}