{"id":7036,"date":"2016-08-05T13:01:59","date_gmt":"2016-08-05T13:01:59","guid":{"rendered":"http:\/\/www.humanium.org\/de\/?page_id=7036"},"modified":"2025-12-05T16:57:42","modified_gmt":"2025-12-05T16:57:42","slug":"kinder-in-tonga","status":"publish","type":"page","link":"https:\/\/www.humanium.org\/de\/kinder-in-tonga\/","title":{"rendered":"Kinder in Tonga"},"content":{"rendered":"<h1>Kinder in Tonga<\/h1>\n<h2>Kinderrechte in Tonga verwirklichen<\/h2>\n<p style=\"text-align: center;\">\u00a0<img loading=\"lazy\" decoding=\"async\" class=\"alignnone size-full wp-image-6779\" title=\"Tongan Girl \u00a9 U.S. Pacific Fleet (Flickr)\" src=\"https:\/\/www.humanium.org\/en\/wp-content\/uploads\/2012\/03\/fillette_sourire_U.S._Pacific_Fleet_Flickr.jpg\" alt=\"\" width=\"139\" height=\"185\" \/>\u00a0<img loading=\"lazy\" decoding=\"async\" class=\"alignnone size-full wp-image-6780\" title=\"Tongan boy \u00a9 Alohaorchid1 (flickr)\" src=\"https:\/\/www.humanium.org\/en\/wp-content\/uploads\/2012\/03\/garcon_tonga_Alohaorchid1_flickr.jpg\" alt=\"\" width=\"139\" height=\"185\" \/><\/p>\n<p>Trotz einer deutlichen Verbesserung bei der Umsetzung der Kinderrechte in den letzten paar Jahren ist die Situation in Tonga immer noch weit davon entfernt, perfekt zu sein. So haben Armut und Fettleibigkeit erhebliche Konsequenzen f\u00fcr die Entwicklung der Kinder und im Gesetz werden deren spezielle Bed\u00fcrfnisse nicht ber\u00fccksichtigt.<\/p>\n<h3>Hauptprobleme, mit denen Kinder in Tonga konfrontiert sind:<\/h3>\n<p><strong>Rechtsprechung<\/strong><\/p>\n<p>Tonga hat weder ein speziell auf Kinder ausgerichtetes System der Rechtsprechung noch von den Erwachsenen getrennte Strafanstalten f\u00fcr Minderj\u00e4hrige. Als Folge werden die Rechte und Interessen von Kindern innerhalb des Rechtswegs nicht immer angemessen ber\u00fccksichtigt.<\/p>\n<p><img loading=\"lazy\" decoding=\"async\" class=\"alignright wp-image-6782\" title=\"Corporal punishment of a child is still permitted \u00a9 DVIDSHUB (flickr)\" src=\"https:\/\/www.humanium.org\/en\/wp-content\/uploads\/2012\/03\/fillette_tonga_DVIDSHUB_flickr.jpg\" alt=\"\" width=\"219\" height=\"156\" \/>W\u00e4hrend k\u00f6rperliche Z\u00fcchtigung in der Schule verboten ist, ist sie zu Hause und im Strafsystem erlaubt. Ein Kind, das mit dem Gesetz in Konflikt ger\u00e4t, kann deshalb ab dem Alter von 7 Jahren zu einer Auspeitschung an Stelle von oder zus\u00e4tzlich zu einer Freiheitsstrafe verurteilt werden. Die Peitsche wird auch zur Disziplinierung in Gef\u00e4ngnissen und Erziehungsanstalten eingesetzt.<\/p>\n<p><a title=\"Right to the Health\" href=\"https:\/\/www.humanium.org\/en\/fundamental-rights\/health\/\"><strong>Gesundheit<\/strong><\/a><\/p>\n<p>Essen spielt in der tongaischen Kultur eine wichtige Rolle. Die Folgen solcher Sitten und Gebr\u00e4uche sind erhebliche Gewichtsprobleme und so waren nach Recherchen der WHO im Jahre 2004 60 % der Bev\u00f6lkerung fettleibig. Dies hat sich durch die j\u00fcngste Verbesserung der wirtschaftlichen Situation des Landes und daraus resultierender reichhaltigerer Ern\u00e4hrung weiter verschlimmert. Fettleibigkeit beginnt bei Kindern im fr\u00fchesten Alter und f\u00fchrt zu zahlreichen Gesundheitsproblemen, wie Herz- und Lungenkrankheiten, Gelenkproblemen etc.<\/p>\n<p>Au\u00dferdem und obwohl sich das Land weiterentwickelt hat, ist die Kindersterblichkeitsrate immer noch viel zu hoch und die Beh\u00f6rden haben Probleme, diese zu senken. Die Ressourcen im Gesundheitsbereich sind bereits maximal belastet. Als Herausforderung gilt es jetzt, diese aufzustocken.<\/p>\n<p><strong>Armut<\/strong><\/p>\n<p><img loading=\"lazy\" decoding=\"async\" class=\"alignright size-full wp-image-6783\" title=\"Tonga is well developed, but families still suffer from poverty\u00a9 Franck Vervial (flickr)\" src=\"https:\/\/www.humanium.org\/en\/wp-content\/uploads\/2012\/03\/fille_pouce_Franck_Vervial_flickr.jpg\" alt=\"\" width=\"200\" height=\"125\" \/>Tonga ist eines der am weitesten entwickelten Inselstaaten des Pazifik und im Verlauf der letzten 10 Jahre ist das <a title=\"Poverty\" href=\"https:\/\/www.humanium.org\/en\/poor-children\/\">Armutslevel<\/a>betr\u00e4chtlich gesunken. Trotzdem sind nicht alle vor Armut gesch\u00fctzt. 4 % der Bev\u00f6lkerung leben von weniger als 1 US $ am Tag und 6.7 % der Haushalte leben unterhalb der ern\u00e4hrungsrelevanten Armutsschwelle, was bedeutet, dass sie nicht in der Lage sind, ihren t\u00e4glichen Ern\u00e4hrungsbedarf zu finanzieren.<\/p>\n<p>Deshalb leben die am meisten gef\u00e4hrdeten Familien von dem, was sie selbst anbauen. Dies wiederum f\u00fchrt dazu, dass ihre Kinder die Schule verlassen, weil sie f\u00fcr die <a title=\"Child labour\" href=\"https:\/\/www.humanium.org\/en\/child-labour\/\">Arbeit<\/a>auf dem Feld und in den Plantagen ben\u00f6tigt werden. Die ansonsten exzellente Bildungsbilanz von Tonga wird dadurch geschm\u00e4lert.<\/p>\n<p><a title=\"Children with disabilities\" href=\"https:\/\/www.humanium.org\/en\/displaced-children\/\"><strong>Menschen mit Behinderung<\/strong><\/a><\/p>\n<p>Auch wenn <a title=\"Children with disabilities\" href=\"https:\/\/www.humanium.org\/en\/displaced-children\/\">Kinder mit Behinderung<\/a> sozial nicht <a title=\"Nondiscrimination\" href=\"https:\/\/www.humanium.org\/en\/nondiscrimination\/\">diskriminiert<\/a> weerden, k\u00f6nnen sie auf Grund des Mangels an Infrastruktur und schlechter Kommunikation seitens der Regierung nicht von all ihren Rechten Gebrauch machen. Das Bildungsministerium beabsichtigt, diese Kinder Schritt f\u00fcr Schritt in den normalen Schulbetrieb zu integrieren, aber im Wesentlichen ist es das Rote Kreuz, das sich ihrer mit Spezialeinrichtungen annimmt.<\/p>\n<p><a title=\"Nondiscrimination\" href=\"https:\/\/www.humanium.org\/en\/nondiscrimination\/\"><strong>Diskriminierung<\/strong><\/a><\/p>\n<p>Die kleine chinesische Gemeinschaft in Tonga, die sich in verschiedenen wirtschaftlichen Bereichen erfolgreich etabliert hat, ist Ziel von sozialer <a href=\"https:\/\/www.humanium.org\/en\/nondiscrimination\/\">Diskriminierung<\/a> und Opfer krimineller Handlungen.<\/p>\n<p><img loading=\"lazy\" decoding=\"async\" class=\"alignright size-full wp-image-6784\" title=\"Females are discriminated against concerning inheritance and ownership\u00a9 Sirwiseowl (flickr)\" src=\"https:\/\/www.humanium.org\/en\/wp-content\/uploads\/2012\/03\/enfants_tenue_traditionelle_Sirwiseowl_flickr.jpg\" alt=\"\" width=\"200\" height=\"142\" \/>Auch Frauen sind Opfer von <a title=\"Nondiscrimination\" href=\"https:\/\/www.humanium.org\/en\/nondiscrimination\/\">Diskriminierung<\/a>\u00a0durch das Gesetz, vor allem in Erbschaftsangelegenheiten und Besitzfragen. So kann zum Beispiel ein Junge, der au\u00dferehelich geboren ist, den Besitz seines Vaters erben, w\u00e4hrend seine Ehefrau und eheliche Tochter beim Erbe \u00fcbergangen werden.<\/p>\n<p>Kinder der chinesischen Minderheit und junge M\u00e4dchen kommen so nicht in den Genuss ihrer sozialen und wirtschaftlichen Rechte. Durch <a title=\"Nondiscrimination\" href=\"https:\/\/www.humanium.org\/en\/nondiscrimination\/\">Diskriminierung<\/a>\u00a0werden sie daran gehindert, ein Leben in Frieden und Sicherheit zu f\u00fchren.<\/p>\n<p><strong>Umwelt<\/strong><\/p>\n<p>Mit einem j\u00e4hrlichen Aussto\u00df von 1.3 Tonnen an CO2 pro Person kompromittiert die Umweltbilanz des Landes das Recht der Kinder, in einer gesunden Umgebung zu leben und aufzuwachsen. Dies hat einen Einfluss auf das Leben und die Perspektiven der Kinder in Tonga.<\/p>\n","protected":false},"excerpt":{"rendered":"<p>Kinder in Tonga Kinderrechte in Tonga verwirklichen \u00a0\u00a0 Trotz einer deutlichen Verbesserung bei der Umsetzung der Kinderrechte in den letzten paar Jahren ist die Situation in Tonga immer noch weit davon entfernt, perfekt zu sein. So haben Armut und Fettleibigkeit erhebliche Konsequenzen f\u00fcr die Entwicklung der Kinder und im Gesetz werden deren spezielle Bed\u00fcrfnisse nicht [&hellip;]<\/p>\n","protected":false},"author":1,"featured_media":0,"parent":0,"menu_order":0,"comment_status":"closed","ping_status":"closed","template":"","meta":{"footnotes":""},"class_list":["post-7036","page","type-page","status-publish","hentry"],"yoast_head":"<!-- This site is optimized with the Yoast SEO plugin v26.5 - https:\/\/yoast.com\/wordpress\/plugins\/seo\/ -->\n<title>Kinder in Tonga - Humanium<\/title>\n<meta name=\"description\" content=\"Trotz einer deutlichen Verbesserung bei der Umsetzung der Kinderrechte ist die Situation in Tonga immer noch weit davon entfernt, perfekt zu sein.\" \/>\n<meta name=\"robots\" content=\"index, follow, max-snippet:-1, max-image-preview:large, max-video-preview:-1\" \/>\n<link rel=\"canonical\" href=\"https:\/\/www.humanium.org\/de\/kinder-in-tonga\/\" \/>\n<meta property=\"og:locale\" content=\"de_DE\" \/>\n<meta property=\"og:type\" content=\"article\" \/>\n<meta property=\"og:title\" content=\"Kinder in Tonga - Humanium\" \/>\n<meta property=\"og:description\" content=\"Trotz einer deutlichen Verbesserung bei der Umsetzung der Kinderrechte ist die Situation in Tonga immer noch weit davon entfernt, perfekt zu sein.\" \/>\n<meta property=\"og:url\" content=\"https:\/\/www.humanium.org\/de\/kinder-in-tonga\/\" \/>\n<meta property=\"og:site_name\" content=\"Humanium\" \/>\n<meta property=\"article:modified_time\" content=\"2025-12-05T16:57:42+00:00\" \/>\n<meta name=\"twitter:card\" content=\"summary_large_image\" \/>\n<meta name=\"twitter:label1\" content=\"Gesch\u00e4tzte Lesezeit\" \/>\n\t<meta name=\"twitter:data1\" content=\"5\u00a0Minuten\" \/>\n<script type=\"application\/ld+json\" class=\"yoast-schema-graph\">{\"@context\":\"https:\/\/schema.org\",\"@graph\":[{\"@type\":\"WebPage\",\"@id\":\"https:\/\/www.humanium.org\/de\/kinder-in-tonga\/\",\"url\":\"https:\/\/www.humanium.org\/de\/kinder-in-tonga\/\",\"name\":\"Kinder in Tonga - Humanium\",\"isPartOf\":{\"@id\":\"https:\/\/www.humanium.org\/de\/#website\"},\"primaryImageOfPage\":{\"@id\":\"https:\/\/www.humanium.org\/de\/kinder-in-tonga\/#primaryimage\"},\"image\":{\"@id\":\"https:\/\/www.humanium.org\/de\/kinder-in-tonga\/#primaryimage\"},\"thumbnailUrl\":\"https:\/\/www.humanium.org\/en\/wp-content\/uploads\/2012\/03\/fillette_sourire_U.S._Pacific_Fleet_Flickr.jpg\",\"datePublished\":\"2016-08-05T13:01:59+00:00\",\"dateModified\":\"2025-12-05T16:57:42+00:00\",\"description\":\"Trotz einer deutlichen Verbesserung bei der Umsetzung der Kinderrechte ist die Situation in Tonga immer noch weit davon entfernt, perfekt zu sein.\",\"breadcrumb\":{\"@id\":\"https:\/\/www.humanium.org\/de\/kinder-in-tonga\/#breadcrumb\"},\"inLanguage\":\"de\",\"potentialAction\":[{\"@type\":\"ReadAction\",\"target\":[\"https:\/\/www.humanium.org\/de\/kinder-in-tonga\/\"]}]},{\"@type\":\"ImageObject\",\"inLanguage\":\"de\",\"@id\":\"https:\/\/www.humanium.org\/de\/kinder-in-tonga\/#primaryimage\",\"url\":\"https:\/\/www.humanium.org\/en\/wp-content\/uploads\/2012\/03\/fillette_sourire_U.S._Pacific_Fleet_Flickr.jpg\",\"contentUrl\":\"https:\/\/www.humanium.org\/en\/wp-content\/uploads\/2012\/03\/fillette_sourire_U.S._Pacific_Fleet_Flickr.jpg\"},{\"@type\":\"BreadcrumbList\",\"@id\":\"https:\/\/www.humanium.org\/de\/kinder-in-tonga\/#breadcrumb\",\"itemListElement\":[{\"@type\":\"ListItem\",\"position\":1,\"name\":\"Home\",\"item\":\"https:\/\/www.humanium.org\/de\/\"},{\"@type\":\"ListItem\",\"position\":2,\"name\":\"Kinder in Tonga\"}]},{\"@type\":\"WebSite\",\"@id\":\"https:\/\/www.humanium.org\/de\/#website\",\"url\":\"https:\/\/www.humanium.org\/de\/\",\"name\":\"Humanium\",\"description\":\"Kinder zuerst!\",\"potentialAction\":[{\"@type\":\"SearchAction\",\"target\":{\"@type\":\"EntryPoint\",\"urlTemplate\":\"https:\/\/www.humanium.org\/de\/?s={search_term_string}\"},\"query-input\":{\"@type\":\"PropertyValueSpecification\",\"valueRequired\":true,\"valueName\":\"search_term_string\"}}],\"inLanguage\":\"de\"}]}<\/script>\n<!-- \/ Yoast SEO plugin. -->","yoast_head_json":{"title":"Kinder in Tonga - Humanium","description":"Trotz einer deutlichen Verbesserung bei der Umsetzung der Kinderrechte ist die Situation in Tonga immer noch weit davon entfernt, perfekt zu sein.","robots":{"index":"index","follow":"follow","max-snippet":"max-snippet:-1","max-image-preview":"max-image-preview:large","max-video-preview":"max-video-preview:-1"},"canonical":"https:\/\/www.humanium.org\/de\/kinder-in-tonga\/","og_locale":"de_DE","og_type":"article","og_title":"Kinder in Tonga - Humanium","og_description":"Trotz einer deutlichen Verbesserung bei der Umsetzung der Kinderrechte ist die Situation in Tonga immer noch weit davon entfernt, perfekt zu sein.","og_url":"https:\/\/www.humanium.org\/de\/kinder-in-tonga\/","og_site_name":"Humanium","article_modified_time":"2025-12-05T16:57:42+00:00","twitter_card":"summary_large_image","twitter_misc":{"Gesch\u00e4tzte Lesezeit":"5\u00a0Minuten"},"schema":{"@context":"https:\/\/schema.org","@graph":[{"@type":"WebPage","@id":"https:\/\/www.humanium.org\/de\/kinder-in-tonga\/","url":"https:\/\/www.humanium.org\/de\/kinder-in-tonga\/","name":"Kinder in Tonga - Humanium","isPartOf":{"@id":"https:\/\/www.humanium.org\/de\/#website"},"primaryImageOfPage":{"@id":"https:\/\/www.humanium.org\/de\/kinder-in-tonga\/#primaryimage"},"image":{"@id":"https:\/\/www.humanium.org\/de\/kinder-in-tonga\/#primaryimage"},"thumbnailUrl":"https:\/\/www.humanium.org\/en\/wp-content\/uploads\/2012\/03\/fillette_sourire_U.S._Pacific_Fleet_Flickr.jpg","datePublished":"2016-08-05T13:01:59+00:00","dateModified":"2025-12-05T16:57:42+00:00","description":"Trotz einer deutlichen Verbesserung bei der Umsetzung der Kinderrechte ist die Situation in Tonga immer noch weit davon entfernt, perfekt zu sein.","breadcrumb":{"@id":"https:\/\/www.humanium.org\/de\/kinder-in-tonga\/#breadcrumb"},"inLanguage":"de","potentialAction":[{"@type":"ReadAction","target":["https:\/\/www.humanium.org\/de\/kinder-in-tonga\/"]}]},{"@type":"ImageObject","inLanguage":"de","@id":"https:\/\/www.humanium.org\/de\/kinder-in-tonga\/#primaryimage","url":"https:\/\/www.humanium.org\/en\/wp-content\/uploads\/2012\/03\/fillette_sourire_U.S._Pacific_Fleet_Flickr.jpg","contentUrl":"https:\/\/www.humanium.org\/en\/wp-content\/uploads\/2012\/03\/fillette_sourire_U.S._Pacific_Fleet_Flickr.jpg"},{"@type":"BreadcrumbList","@id":"https:\/\/www.humanium.org\/de\/kinder-in-tonga\/#breadcrumb","itemListElement":[{"@type":"ListItem","position":1,"name":"Home","item":"https:\/\/www.humanium.org\/de\/"},{"@type":"ListItem","position":2,"name":"Kinder in Tonga"}]},{"@type":"WebSite","@id":"https:\/\/www.humanium.org\/de\/#website","url":"https:\/\/www.humanium.org\/de\/","name":"Humanium","description":"Kinder zuerst!","potentialAction":[{"@type":"SearchAction","target":{"@type":"EntryPoint","urlTemplate":"https:\/\/www.humanium.org\/de\/?s={search_term_string}"},"query-input":{"@type":"PropertyValueSpecification","valueRequired":true,"valueName":"search_term_string"}}],"inLanguage":"de"}]}},"_links":{"self":[{"href":"https:\/\/www.humanium.org\/de\/wp-json\/wp\/v2\/pages\/7036","targetHints":{"allow":["GET"]}}],"collection":[{"href":"https:\/\/www.humanium.org\/de\/wp-json\/wp\/v2\/pages"}],"about":[{"href":"https:\/\/www.humanium.org\/de\/wp-json\/wp\/v2\/types\/page"}],"author":[{"embeddable":true,"href":"https:\/\/www.humanium.org\/de\/wp-json\/wp\/v2\/users\/1"}],"replies":[{"embeddable":true,"href":"https:\/\/www.humanium.org\/de\/wp-json\/wp\/v2\/comments?post=7036"}],"version-history":[{"count":4,"href":"https:\/\/www.humanium.org\/de\/wp-json\/wp\/v2\/pages\/7036\/revisions"}],"predecessor-version":[{"id":20122,"href":"https:\/\/www.humanium.org\/de\/wp-json\/wp\/v2\/pages\/7036\/revisions\/20122"}],"wp:attachment":[{"href":"https:\/\/www.humanium.org\/de\/wp-json\/wp\/v2\/media?parent=7036"}],"curies":[{"name":"wp","href":"https:\/\/api.w.org\/{rel}","templated":true}]}}