{"id":7039,"date":"2016-08-09T09:42:11","date_gmt":"2016-08-09T09:42:11","guid":{"rendered":"http:\/\/www.humanium.org\/de\/?page_id=7039"},"modified":"2025-12-05T17:00:41","modified_gmt":"2025-12-05T17:00:41","slug":"die-kinder-von-neuseeland","status":"publish","type":"page","link":"https:\/\/www.humanium.org\/de\/die-kinder-von-neuseeland\/","title":{"rendered":"Die Kinder von Neuseeland"},"content":{"rendered":"<h1>Die Kinder von Neuseeland<\/h1>\n<h2>Verwirklichung der Kinderrechte in Neuseeland<\/h2>\n<p style=\"text-align: center;\"><img loading=\"lazy\" decoding=\"async\" class=\"alignnone size-full wp-image-18314\" title=\"New Zealander girl \u00a9 Randomness is everything (flickr)\" src=\"https:\/\/www.humanium.org\/fr\/wp-content\/uploads\/2012\/01\/fillette-nz-\u00a9-randomness-is-everything1.jpg\" alt=\"\" width=\"155\" height=\"185\" \/> <img loading=\"lazy\" decoding=\"async\" class=\"alignnone size-full wp-image-18315\" title=\"New Zealander boy \u00a9 Codysunshine (flickr)\" src=\"https:\/\/www.humanium.org\/fr\/wp-content\/uploads\/2012\/01\/nz-boy-\u00a9codysunshine.jpg\" alt=\"\" width=\"137\" height=\"185\" \/><\/p>\n<p>Im Allgemeinen sind die Kinderrecht in Neuseeland gut umgesetzt. Allerdings verschleiert dieses ozeanische Land einige seiner Schattenseiten im Bezug auf Kinderechte, besonders im Hinblick auf die Situation der Kinder der Minderheitengruppe der Maori. Kinder, die zu einer solchen Gruppe geh\u00f6ren, leiden unter Diskriminierungen, aber auch Misshandlungen, Kinderhandel und Entf\u00fchrungen.<\/p>\n<h3>Hauptprobleme mit denen Kinder in Neuseeland konfrontiert werden:<\/h3>\n<p><strong><a href=\"https:\/\/www.humanium.org\/en\/poor-children\/\">Armut<\/a><\/strong><\/p>\n<p>In Haushalten, in denen das Einkommen 60% geringer ist als das durchschnittliche Einkommen im Land, leiden 20 % der Kinder an Armut.<\/p>\n<p><img loading=\"lazy\" decoding=\"async\" class=\"alignright wp-image-18320\" title=\"Children by the sea \u00a9 Amy Templeman (flickr)\" src=\"https:\/\/www.humanium.org\/fr\/wp-content\/uploads\/2012\/01\/kids-ocean-\u00a9-amy-templeman-300x203.jpg\" alt=\"\" width=\"246\" height=\"173\" \/><strong><a href=\"https:\/\/www.humanium.org\/en\/abuse\/\">Misshandlung<\/a><\/strong><\/p>\n<p>UNICEF-Studien haben gezeigt, dass fast 3500 Kinder unter 15 Jahren jedes Jahr in der industrialisierten Welt als Folge von k\u00f6rperlichen Misshandlungen und Vernachl\u00e4ssigungen sterben.<\/p>\n<p>In Neuseeland ist die Rate an Kindesmissbrauch\u00a0eine der h\u00f6chsten in den Industriel\u00e4ndern. Die Sterblichkeitsrate als Folge von Kindesmisshandlung ist zum Beispiel 4-6 Mal h\u00f6her in Neuseeland als in Norwegen. Da die Regierung die Augen nicht mehr vor der Ernsthaftigkeit der Situation verschlie\u00dfen kann, investiert sie 2 Milliarden Dollar j\u00e4hrlich in den Kampf gegen Kindesmisshandlung.<\/p>\n<p><strong>Kinderprostitution<\/strong><\/p>\n<p>In Neuseeland werden viele junge M\u00e4dchen zur Prostitution. gezwungen. Eine Studie, die von dem Revisionskommitee f\u00fcr das Prostitutionsgesetz (PLRC, \u201eProstitution Law Review Committee\u201c) durchgef\u00fchrt wurde, sch\u00e4tzt, dass t\u00e4glich circa 200 Minderj\u00e4hrige zur Prostitution gezwungen werden.<\/p>\n<p>Laut der neuseel\u00e4ndischen Polizei arbeiten circa 500 thail\u00e4ndische Frauen und junge M\u00e4dchen in der Sexindustrie in Auckland. Bei ihrem Versuch das Netzwerk des Handels, aufzubrechen, steht die Polizei einigen H\u00fcrden gegen\u00fcber, da die Opfer oft von Zuh\u00e4ltern \u00fcberwacht werden. Vielen Frauen haben daher Angst, sich zu melden und eine Aussage zu machen.<\/p>\n<p><img loading=\"lazy\" decoding=\"async\" class=\"alignright wp-image-18352\" title=\"Maoris children \u00a9 Dicimijo (flickr)\" src=\"https:\/\/www.humanium.org\/fr\/wp-content\/uploads\/2012\/02\/maori-kids-\u00a9-dicimijo1.jpg\" alt=\"\" width=\"251\" height=\"190\" \/>In Zusammenarbeit mit NGOs versucht die Regierung dieses Problem in den Griff zu bekommen, in dem sie Programme wie Wohnungsbau und andere Unterst\u00fctzungsma\u00dfnahmen finanziert, die den jungen M\u00e4dchen bei dem Ausstieg aus der Prostitution und bei der Wiedereingliederung in die Gesellschaft helfen sollen. .<\/p>\n<p><strong>Kinderhandel<\/strong><\/p>\n<p>Kinderhandel ist in Neuseeland bedeutender als man annehmen w\u00fcrde. Momentan ist das Problem h\u00e4ndelbar. Allerdings hat die Menschenrechtskommission erkannt, dass es schlimmer werden k\u00f6nnte.<\/p>\n<p>Im Allgemeinen hat die Regierung, auch in Zusammenarbeit mit den NGOs, einen Aktionsplan gegen die <a href=\"https:\/\/www.humanium.org\/en\/sexual-abuse-children\/\">kommerzielle Ausbeutung von Kindern<\/a> umgesetzt. Prostitution ist n\u00e4mlich nicht die einzige Form der Ausbeutung. Es kommt oft vor, dass M\u00e4nner eine \u201eBestellung\u201c f\u00fcr ihre zuk\u00fcnftigen Frauen im Netz aufgeben. Diese Kinder verlieren dadurch ihre Autonomie und ihre Freiheit und werden leicht zu Opfern des Handelssystems.<\/p>\n<p><strong>Situation der indigenen Kinder <\/strong><\/p>\n<p>Die Maoris haben sich in Neuseeland im 11. Jahrhundert niedergelassen. 2006 repr\u00e4sentierte diese Gruppe 6% der Bev\u00f6lkerung. Diese Minderheit lebt dennoch am Rande der Gesellschaft und ist das Ziel vieler Diskriminierungen, deren Hauptlast die Kinder tragen.<\/p>\n<p>Obwohl sich ein Gro\u00dfteil der Leute ein idyllisches Bild von Neuseeland macht, versteckt dieses Land in Wirklichkeit viele Probleme, wie die vielen Maori-Gangs, die sich aufgrund radikaler \u00f6konomischer Reformen gebildet haben. In diesem Zusammenhang wurden Maori-Gruppen entwurzelt und Familien zerst\u00f6rt, was den Weg f\u00fcr Gewalt und <a href=\"https:\/\/www.humanium.org\/en\/poor-children\/\">Armut<\/a> ebnete.<\/p>\n<p><img loading=\"lazy\" decoding=\"async\" class=\"alignright wp-image-18319\" title=\"Maoris girls dancing \u00a9 Lindblom (flickr)\" src=\"https:\/\/www.humanium.org\/fr\/wp-content\/uploads\/2012\/01\/NZ-dancing-kids-\u00a9-lindblom.jpg\" alt=\"\" width=\"250\" height=\"212\" \/>Fehlende Familienv\u00e4ter sind normal geworden und sie wenden sich oft dem Alkohol, Drogen und h\u00e4uslicher Gewalt <a href=\"https:\/\/www.humanium.org\/en\/abuse\/\">h\u00e4uslicher Gewalt<\/a>. Diese Situation erkl\u00e4rt die Besorgnis erregende Misshandlungsrate von Kindern in Neuseeland und die Zahl der Kindest\u00f6tungen, die eine der h\u00f6chsten in der OECD (Organisation f\u00fcr wirtschaftliche Zusammenarbeit und Entwicklung) ist.<\/p>\n<p>Die Jugendlichen fl\u00fcchten sich in Gangs, die sie als Familienersatz ansehen. Diese Gangs geben ihnen einen Status und Sicherheit, obwohl sie, angefangen durch den Verkauf von Drogen, oft eine Abw\u00e4rtsspirale in Gang setzen.<\/p>\n<p>Im Hinblick auf Bildung sind Maori-Kinder klar benachteiligt Sie haben zum Gro\u00dfteil keinen Zugang zu normalen Schulen und obwohl viele Bildungsprogramme f\u00fcr diese Gruppe gestaltet wurden, ist das Bildungsniveau nicht ausreichend und die Zahl an Schulabbrechern sehr hoch.<\/p>\n<p><strong><a href=\"https:\/\/www.humanium.org\/en\/missing-children\/\">Kindesentf\u00fchrung<\/a><\/strong><\/p>\n<p>Laut des neuseel\u00e4ndischen Justizministeriums werden jedes Jahr eine gro\u00dfe Zahl an Kindern in Neuseeland <a href=\"https:\/\/www.humanium.org\/en\/missing-children\/\">entf\u00fchrt<\/a> und ins Ausland gebracht (61 F\u00e4lle im Jahr 2006). Im selben Jahr gab es auch 31 F\u00e4lle von Kindesentf\u00fchrungen aus dem Ausland nach Neuseeland.<\/p>\n<p>Um diese <a href=\"https:\/\/www.humanium.org\/en\/missing-children\/\">Entf\u00fchrungen<\/a>\u00a0zu verhindern, hat Neuseeland Pr\u00e4ventionsma\u00dfnahmen eingef\u00fchrt. Beispiele hierf\u00fcr sind die Ma\u00dfnahen, die eingef\u00fchrt wurden, um Kinder davor zu bewahren, ohne Zustimmung au\u00dfer Landes gebracht zu werden, sowie ein Mandat, das ein Kind unter Schutz stellt.<\/p>\n<p><img loading=\"lazy\" decoding=\"async\" class=\"alignright size-medium wp-image-18321\" title=\"Little boy in a boat \u00a9 Ken2754@Yokohama (flickr)\" src=\"https:\/\/www.humanium.org\/fr\/wp-content\/uploads\/2012\/01\/nz-boy-boat-\u00a9-ken2754@yokohama-209x300.jpg\" alt=\"\" width=\"196\" height=\"282\" \/><\/p>\n<p><strong>Umwelt<\/strong><\/p>\n<p>Mit einer CO2 Emission von 7,8 Tonnen pro Einwohner pro Jahr, geh\u00f6rt Neuseeland zu den Guten im Hinblick auf den Umweltschutz. Trotzdem k\u00f6nnte das Land versuchen, seinen \u00f6kologischen Fu\u00dfabdruck zu verbessern, um die negativen Auswirkungen auf Kinder zu reduzieren, damit deren Recht auf Leben und Aufwachsen in einer gesunden Umwelt beachtet wird.<\/p>\n","protected":false},"excerpt":{"rendered":"<p>Die Kinder von Neuseeland Verwirklichung der Kinderrechte in Neuseeland Im Allgemeinen sind die Kinderrecht in Neuseeland gut umgesetzt. Allerdings verschleiert dieses ozeanische Land einige seiner Schattenseiten im Bezug auf Kinderechte, besonders im Hinblick auf die Situation der Kinder der Minderheitengruppe der Maori. Kinder, die zu einer solchen Gruppe geh\u00f6ren, leiden unter Diskriminierungen, aber auch Misshandlungen, [&hellip;]<\/p>\n","protected":false},"author":1,"featured_media":0,"parent":0,"menu_order":0,"comment_status":"closed","ping_status":"closed","template":"","meta":{"footnotes":""},"class_list":["post-7039","page","type-page","status-publish","hentry"],"yoast_head":"<!-- This site is optimized with the Yoast SEO plugin v26.5 - https:\/\/yoast.com\/wordpress\/plugins\/seo\/ -->\n<title>Die Kinder von Neuseeland - Humanium<\/title>\n<meta name=\"description\" content=\"Im Allgemeinen sind die Kinderrecht in Neuseeland gut umgesetzt. Aber, Kinder, die zu Minderheitengruppe der Maori geh\u00f6ren, leiden unter Diskriminierungen.\" \/>\n<meta name=\"robots\" content=\"index, follow, max-snippet:-1, max-image-preview:large, max-video-preview:-1\" \/>\n<link rel=\"canonical\" href=\"https:\/\/www.humanium.org\/de\/die-kinder-von-neuseeland\/\" \/>\n<meta property=\"og:locale\" content=\"de_DE\" \/>\n<meta property=\"og:type\" content=\"article\" \/>\n<meta property=\"og:title\" content=\"Die Kinder von Neuseeland - Humanium\" \/>\n<meta property=\"og:description\" content=\"Im Allgemeinen sind die Kinderrecht in Neuseeland gut umgesetzt. Aber, Kinder, die zu Minderheitengruppe der Maori geh\u00f6ren, leiden unter Diskriminierungen.\" \/>\n<meta property=\"og:url\" content=\"https:\/\/www.humanium.org\/de\/die-kinder-von-neuseeland\/\" \/>\n<meta property=\"og:site_name\" content=\"Humanium\" \/>\n<meta property=\"article:modified_time\" content=\"2025-12-05T17:00:41+00:00\" \/>\n<meta name=\"twitter:card\" content=\"summary_large_image\" \/>\n<meta name=\"twitter:label1\" content=\"Gesch\u00e4tzte Lesezeit\" \/>\n\t<meta name=\"twitter:data1\" content=\"6\u00a0Minuten\" \/>\n<script type=\"application\/ld+json\" class=\"yoast-schema-graph\">{\"@context\":\"https:\/\/schema.org\",\"@graph\":[{\"@type\":\"WebPage\",\"@id\":\"https:\/\/www.humanium.org\/de\/die-kinder-von-neuseeland\/\",\"url\":\"https:\/\/www.humanium.org\/de\/die-kinder-von-neuseeland\/\",\"name\":\"Die Kinder von Neuseeland - Humanium\",\"isPartOf\":{\"@id\":\"https:\/\/www.humanium.org\/de\/#website\"},\"datePublished\":\"2016-08-09T09:42:11+00:00\",\"dateModified\":\"2025-12-05T17:00:41+00:00\",\"description\":\"Im Allgemeinen sind die Kinderrecht in Neuseeland gut umgesetzt. Aber, Kinder, die zu Minderheitengruppe der Maori geh\u00f6ren, leiden unter Diskriminierungen.\",\"breadcrumb\":{\"@id\":\"https:\/\/www.humanium.org\/de\/die-kinder-von-neuseeland\/#breadcrumb\"},\"inLanguage\":\"de\",\"potentialAction\":[{\"@type\":\"ReadAction\",\"target\":[\"https:\/\/www.humanium.org\/de\/die-kinder-von-neuseeland\/\"]}]},{\"@type\":\"BreadcrumbList\",\"@id\":\"https:\/\/www.humanium.org\/de\/die-kinder-von-neuseeland\/#breadcrumb\",\"itemListElement\":[{\"@type\":\"ListItem\",\"position\":1,\"name\":\"Home\",\"item\":\"https:\/\/www.humanium.org\/de\/\"},{\"@type\":\"ListItem\",\"position\":2,\"name\":\"Die Kinder von Neuseeland\"}]},{\"@type\":\"WebSite\",\"@id\":\"https:\/\/www.humanium.org\/de\/#website\",\"url\":\"https:\/\/www.humanium.org\/de\/\",\"name\":\"Humanium\",\"description\":\"Kinder zuerst!\",\"potentialAction\":[{\"@type\":\"SearchAction\",\"target\":{\"@type\":\"EntryPoint\",\"urlTemplate\":\"https:\/\/www.humanium.org\/de\/?s={search_term_string}\"},\"query-input\":{\"@type\":\"PropertyValueSpecification\",\"valueRequired\":true,\"valueName\":\"search_term_string\"}}],\"inLanguage\":\"de\"}]}<\/script>\n<!-- \/ Yoast SEO plugin. -->","yoast_head_json":{"title":"Die Kinder von Neuseeland - Humanium","description":"Im Allgemeinen sind die Kinderrecht in Neuseeland gut umgesetzt. Aber, Kinder, die zu Minderheitengruppe der Maori geh\u00f6ren, leiden unter Diskriminierungen.","robots":{"index":"index","follow":"follow","max-snippet":"max-snippet:-1","max-image-preview":"max-image-preview:large","max-video-preview":"max-video-preview:-1"},"canonical":"https:\/\/www.humanium.org\/de\/die-kinder-von-neuseeland\/","og_locale":"de_DE","og_type":"article","og_title":"Die Kinder von Neuseeland - Humanium","og_description":"Im Allgemeinen sind die Kinderrecht in Neuseeland gut umgesetzt. Aber, Kinder, die zu Minderheitengruppe der Maori geh\u00f6ren, leiden unter Diskriminierungen.","og_url":"https:\/\/www.humanium.org\/de\/die-kinder-von-neuseeland\/","og_site_name":"Humanium","article_modified_time":"2025-12-05T17:00:41+00:00","twitter_card":"summary_large_image","twitter_misc":{"Gesch\u00e4tzte Lesezeit":"6\u00a0Minuten"},"schema":{"@context":"https:\/\/schema.org","@graph":[{"@type":"WebPage","@id":"https:\/\/www.humanium.org\/de\/die-kinder-von-neuseeland\/","url":"https:\/\/www.humanium.org\/de\/die-kinder-von-neuseeland\/","name":"Die Kinder von Neuseeland - Humanium","isPartOf":{"@id":"https:\/\/www.humanium.org\/de\/#website"},"datePublished":"2016-08-09T09:42:11+00:00","dateModified":"2025-12-05T17:00:41+00:00","description":"Im Allgemeinen sind die Kinderrecht in Neuseeland gut umgesetzt. Aber, Kinder, die zu Minderheitengruppe der Maori geh\u00f6ren, leiden unter Diskriminierungen.","breadcrumb":{"@id":"https:\/\/www.humanium.org\/de\/die-kinder-von-neuseeland\/#breadcrumb"},"inLanguage":"de","potentialAction":[{"@type":"ReadAction","target":["https:\/\/www.humanium.org\/de\/die-kinder-von-neuseeland\/"]}]},{"@type":"BreadcrumbList","@id":"https:\/\/www.humanium.org\/de\/die-kinder-von-neuseeland\/#breadcrumb","itemListElement":[{"@type":"ListItem","position":1,"name":"Home","item":"https:\/\/www.humanium.org\/de\/"},{"@type":"ListItem","position":2,"name":"Die Kinder von Neuseeland"}]},{"@type":"WebSite","@id":"https:\/\/www.humanium.org\/de\/#website","url":"https:\/\/www.humanium.org\/de\/","name":"Humanium","description":"Kinder zuerst!","potentialAction":[{"@type":"SearchAction","target":{"@type":"EntryPoint","urlTemplate":"https:\/\/www.humanium.org\/de\/?s={search_term_string}"},"query-input":{"@type":"PropertyValueSpecification","valueRequired":true,"valueName":"search_term_string"}}],"inLanguage":"de"}]}},"_links":{"self":[{"href":"https:\/\/www.humanium.org\/de\/wp-json\/wp\/v2\/pages\/7039","targetHints":{"allow":["GET"]}}],"collection":[{"href":"https:\/\/www.humanium.org\/de\/wp-json\/wp\/v2\/pages"}],"about":[{"href":"https:\/\/www.humanium.org\/de\/wp-json\/wp\/v2\/types\/page"}],"author":[{"embeddable":true,"href":"https:\/\/www.humanium.org\/de\/wp-json\/wp\/v2\/users\/1"}],"replies":[{"embeddable":true,"href":"https:\/\/www.humanium.org\/de\/wp-json\/wp\/v2\/comments?post=7039"}],"version-history":[{"count":10,"href":"https:\/\/www.humanium.org\/de\/wp-json\/wp\/v2\/pages\/7039\/revisions"}],"predecessor-version":[{"id":20138,"href":"https:\/\/www.humanium.org\/de\/wp-json\/wp\/v2\/pages\/7039\/revisions\/20138"}],"wp:attachment":[{"href":"https:\/\/www.humanium.org\/de\/wp-json\/wp\/v2\/media?parent=7039"}],"curies":[{"name":"wp","href":"https:\/\/api.w.org\/{rel}","templated":true}]}}