{"id":7040,"date":"2016-08-08T12:18:45","date_gmt":"2016-08-08T12:18:45","guid":{"rendered":"http:\/\/www.humanium.org\/de\/?page_id=7040"},"modified":"2025-12-05T17:16:13","modified_gmt":"2025-12-05T17:16:13","slug":"saudi-arabien","status":"publish","type":"page","link":"https:\/\/www.humanium.org\/de\/saudi-arabien\/","title":{"rendered":"Kinder in Saudi-Arabien"},"content":{"rendered":"<h1>Kinder in Saudi-Arabien<\/h1>\n<h2>Die Umsetzung der Kinderrechte in Saudi-Arabien<\/h2>\n<p style=\"text-align: center;\"><img loading=\"lazy\" decoding=\"async\" class=\"alignnone size-full wp-image-3294\" title=\"Girl of Saudi Arabia \u00a9 Moe m (flickr)\" src=\"https:\/\/www.humanium.org\/en\/wp-content\/uploads\/2011\/09\/fillette-moe-m-flickr.jpg\" alt=\"\" width=\"116\" height=\"200\" \/> <img loading=\"lazy\" decoding=\"async\" class=\"alignnone size-full wp-image-3295\" title=\"Boy of Saudi Arabia \u00a9 Marviikad (flickr)\" src=\"https:\/\/www.humanium.org\/en\/wp-content\/uploads\/2011\/09\/garcon-marviikad-flickr.jpg\" alt=\"\" width=\"176\" height=\"200\" \/><\/p>\n<p>Saudi-Arabien, der global f\u00fchrende \u00d6lproduzent, ist eines der reichsten L\u00e4nder der Welt. Und doch leben \u2013 anders als angenommen \u2013 nicht alle Saudis in Wohlstand. Es ist in diesem Land mit seinem sehr ungleich verteilten Reichtum nicht m\u00f6glich, dass alle Kinder die gleichen Rechte genie\u00dfen. Tats\u00e4chlich werden viele Kinder ihrer Rechte beschnitten.<\/p>\n<h3>Hauptprobleme, mit denen saudi-arabische Kinder konfrontiert werden:<\/h3>\n<p><strong><a href=\"https:\/\/www.humanium.org\/en\/poor-children\/\">Armut<\/a><\/strong><\/p>\n<p><img loading=\"lazy\" decoding=\"async\" class=\"alignright size-full wp-image-3297\" title=\"Arme Familien leben oft in ungesunden Umgebungen \u00a9 Abe World (flickr)\" src=\"https:\/\/www.humanium.org\/en\/wp-content\/uploads\/2011\/09\/pauvrete-abe-world-flickr.jpg\" alt=\"\" width=\"208\" height=\"156\" \/>Trotz aller Klischees \u00fcber Saudi-Arabiens Reichtum, ist die <a href=\"https:\/\/www.humanium.org\/en\/poor-children\/\">Armut<\/a> sehr real und sehr pr\u00e4sent. Doch da dieses Thema kein Tabu mehr darstellt, ist es nun m\u00f6glich hinter \u201cdie Kulissen\u201d zu blicken.<\/p>\n<p>Arme Familien hausen oft in kleinen Wohnungen und sehen sich gezwungen, die grundlegenden Rechte ihrer Kinder einzuschr\u00e4nken: Das Recht auf Nahrung, Trinkwasser, Gesundheitsf\u00fcrsorge,\u2026<\/p>\n<p><strong><a href=\"https:\/\/www.humanium.org\/en\/fundamental-rights\/health\/\">Gesundheit<\/a><\/strong><\/p>\n<p>Mitarbeiter und Ausstattung im <a href=\"https:\/\/www.humanium.org\/en\/fundamental-rights\/health\/\">Gesundheitswesen<\/a> sind in Saudi-Arabien von guter Qualit\u00e4t. Im Jahr 2020 lag die Kindersterblichkeitsrate in Saudi-Arabien jedoch bei 7 Todesf\u00e4llen pro 1.000 Lebendgeburten.<\/p>\n<p>Eben jenes Personal im Gesundheitswesen kommt vorwiegend aus dem Ausland und spricht kein Arabisch, was ein entscheidendes Problem darstellt. Da die normale Bev\u00f6lkerung nur Arabisch spricht, k\u00f6nnen die Anordnungen der \u00c4rzte nicht verstanden werden, was wiederum ernste Konsequenzen f\u00fcr das Leben der Kinder darstellt.<\/p>\n<p><strong><a href=\"https:\/\/www.humanium.org\/en\/abuse\/\">Kindesmissbrauch<\/a><\/strong><\/p>\n<p><a href=\"https:\/\/www.humanium.org\/en\/abuse\/\">Kindesmissbrauch<\/a> ist recht verbreitet in Saudi-Arabien: Um die 70 F\u00e4lle werden jedes Jahr gemeldet und viele werden einfach ignoriert. Um gegen dieses Problem anzuk\u00e4mpfen wurde ein Programm ins Leben gerufen, das medizinischen Angestellten helfen soll, Anzeichen f\u00fcr Missbrauch zu erkennen.<\/p>\n<p><strong>Bildung<\/strong><\/p>\n<p><img loading=\"lazy\" decoding=\"async\" class=\"alignright size-full wp-image-3298\" title=\"Nicht alle saudischen Kinder haben Zugang zu Schulen \u00a9 Waleed Alzuhair(flickr) \" src=\"https:\/\/www.humanium.org\/en\/wp-content\/uploads\/2011\/09\/education-waleed-alzuhair-flickr.jpg\" alt=\"\" width=\"174\" height=\"200\" \/>Nur 85 % aller Kinder besuchen die Schule. Tats\u00e4chlich ist der Schulbesuch in Saudi-Arabien nicht verpflichtend. Staatenlose Kinder sind davon am st\u00e4rksten konfrontiert.<\/p>\n<p>F\u00fcr sie ist die Schule nicht kostenlos und manchmal ist es f\u00fcr Familien schwierig, die Bildung ihrer Kinder zu finanzieren. Dar\u00fcber hinaus wird Studien des Islams im saudi-arabischen Bildungssystem gr\u00f6\u00dfere Bedeutung zugesprochen als weltlicher Bildung.<\/p>\n<p>Deshalb gehen M\u00e4dchen und Jungen auf unterschiedliche Schulen, die auch jeweils einen eigenen Etat unterhalten. Da die Saudis die Zukunft des Landes vor allem in den H\u00e4nden der Jungen sehen, wirkt sich dies dann <a href=\"https:\/\/www.humanium.org\/en\/nondiscrimination\/\">negativ auf die Bildung der M\u00e4dchen aus<\/a>.<\/p>\n<p><strong><a href=\"https:\/\/www.humanium.org\/en\/fundamental-rights\/freedom\/\">Recht auf Freiz\u00fcgigkeit<\/a><\/strong><\/p>\n<p><img loading=\"lazy\" decoding=\"async\" class=\"alignright size-full wp-image-3299\" title=\"Minderj\u00e4hrige Saudis d\u00fcrfen nicht ungehindert ins Ausland reisen, sondern ben\u00f6tigen unter anderem Reisep\u00e4sse und Visa. \u00a9 Abe Wolrd (flickr)\" src=\"https:\/\/www.humanium.org\/en\/wp-content\/uploads\/2011\/09\/liberte-circulation-abe-wolrd-flickr.jpg\" alt=\"\" width=\"188\" height=\"171\" \/>Minderj\u00e4hrige Saudis d\u00fcrfen nicht\u00a0<a href=\"https:\/\/www.humanium.org\/en\/fundamental-rights\/freedom\/\">ungehindert ins Ausland reisen<\/a>, sondern ben\u00f6tigen unter anderem Reisep\u00e4sse und Visa.<br \/>\nUm einen Reisepass zu bekommen, m\u00fcssen saudische Kinder die Zustimmung eines m\u00e4nnlichen Vormundes einholen. Und auch mit offiziellen Papieren kann es passieren, dass den Kindern die Ausreise verwehrt wird.<\/p>\n<p>Tats\u00e4chlich k\u00f6nnen staatliche Instanzen und m\u00e4nnliche Familienmitglieder Kinder auf eine \u201cSchwarze Liste\u201d setzen lassen, welche diesen jegliches Reisen verbietet.<\/p>\n<p><strong><a href=\"https:\/\/www.humanium.org\/en\/fundamental-rights\/identity\/\">Geburtenregistrierung und Staatsb\u00fcrgerschaft<\/a><\/strong><\/p>\n<p>In Saudi-Arabien gibt es sehr strenge Kriterien f\u00fcr das Erlangen der Staatsb\u00fcrgerschaft: Die Kinder d\u00fcrfen erst nach der Heirat ihrer Eltern geboren worden sein, die Eltern m\u00fcssen eigene Papiere haben und nur der Vater kann seine Staatsb\u00fcrgerschaft weitergeben. Dementsprechend gibt es eine hohe Zahl <a href=\"https:\/\/www.humanium.org\/en\/stateless-invisible\/\">staatenloser Kinder<\/a>, die keinen Zugang zur kostenlosen Bildung und medizinischen Versorgung haben.<\/p>\n<p><strong>Jugendstrafrecht<\/strong><\/p>\n<p>Saudi-Arabien hat die <a href=\"https:\/\/www.humanium.org\/en\/convention\/\"> Internationale Kinderrechtskonvention<\/a> ratifiziert, welche die Todesstrafe f\u00fcr Minderj\u00e4hrige verbietet. Allerdings wird dieses Gesetz nicht respektiert. Und in der Tat wurden einige Jugendliche, die zum Zeitpunkt ihrer Straftat noch minderj\u00e4hrig waren, von den saudischen Beh\u00f6rden hingerichtet. Zuletzt geschah dies laut Aufzeichnungen im Jahre 2009.<\/p>\n<p><strong>Recht auf eine saubere Umwelt<\/strong><\/p>\n<p>Mit 15,8 Tonnen CO<sub>2<\/sub>-Aussch\u00fcttung pro Kopf, ist Saudi-Arabien einer der schlimmsten Umweltverschmutzer weltweit. Dies hat betr\u00e4chtliche Auswirkungen auf das Leben und die Zukunftsperspektiven der Kinder, denn alle Kinder haben das Recht, in einer gesunden Umwelt aufzuwachsen. Saudi-Arabien muss deshalb dringend gro\u00dfe Fortschritte machen, um seine Umweltbilanz zu verbessern.<\/p>\n","protected":false},"excerpt":{"rendered":"<p>Kinder in Saudi-Arabien Die Umsetzung der Kinderrechte in Saudi-Arabien Saudi-Arabien, der global f\u00fchrende \u00d6lproduzent, ist eines der reichsten L\u00e4nder der Welt. Und doch leben \u2013 anders als angenommen \u2013 nicht alle Saudis in Wohlstand. Es ist in diesem Land mit seinem sehr ungleich verteilten Reichtum nicht m\u00f6glich, dass alle Kinder die gleichen Rechte genie\u00dfen. Tats\u00e4chlich [&hellip;]<\/p>\n","protected":false},"author":1,"featured_media":0,"parent":0,"menu_order":0,"comment_status":"closed","ping_status":"closed","template":"","meta":{"footnotes":""},"class_list":["post-7040","page","type-page","status-publish","hentry"],"yoast_head":"<!-- This site is optimized with the Yoast SEO plugin v26.5 - https:\/\/yoast.com\/wordpress\/plugins\/seo\/ -->\n<title>Kinder in Saudi-Arabien - Humanium<\/title>\n<meta name=\"description\" content=\"Es ist in diesem Land mit seinem sehr ungleich verteilten Reichtum nicht m\u00f6glich, dass alle Kinder die gleichen Rechte genie\u00dfen.\" \/>\n<meta name=\"robots\" content=\"index, follow, max-snippet:-1, max-image-preview:large, max-video-preview:-1\" \/>\n<link rel=\"canonical\" href=\"https:\/\/www.humanium.org\/de\/saudi-arabien\/\" \/>\n<meta property=\"og:locale\" content=\"de_DE\" \/>\n<meta property=\"og:type\" content=\"article\" \/>\n<meta property=\"og:title\" content=\"Kinder in Saudi-Arabien - Humanium\" \/>\n<meta property=\"og:description\" content=\"Es ist in diesem Land mit seinem sehr ungleich verteilten Reichtum nicht m\u00f6glich, dass alle Kinder die gleichen Rechte genie\u00dfen.\" \/>\n<meta property=\"og:url\" content=\"https:\/\/www.humanium.org\/de\/saudi-arabien\/\" \/>\n<meta property=\"og:site_name\" content=\"Humanium\" \/>\n<meta property=\"article:modified_time\" content=\"2025-12-05T17:16:13+00:00\" \/>\n<meta name=\"twitter:card\" content=\"summary_large_image\" \/>\n<meta name=\"twitter:label1\" content=\"Gesch\u00e4tzte Lesezeit\" \/>\n\t<meta name=\"twitter:data1\" content=\"5\u00a0Minuten\" \/>\n<script type=\"application\/ld+json\" class=\"yoast-schema-graph\">{\"@context\":\"https:\/\/schema.org\",\"@graph\":[{\"@type\":\"WebPage\",\"@id\":\"https:\/\/www.humanium.org\/de\/saudi-arabien\/\",\"url\":\"https:\/\/www.humanium.org\/de\/saudi-arabien\/\",\"name\":\"Kinder in Saudi-Arabien - Humanium\",\"isPartOf\":{\"@id\":\"https:\/\/www.humanium.org\/de\/#website\"},\"primaryImageOfPage\":{\"@id\":\"https:\/\/www.humanium.org\/de\/saudi-arabien\/#primaryimage\"},\"image\":{\"@id\":\"https:\/\/www.humanium.org\/de\/saudi-arabien\/#primaryimage\"},\"thumbnailUrl\":\"https:\/\/www.humanium.org\/en\/wp-content\/uploads\/2011\/09\/fillette-moe-m-flickr.jpg\",\"datePublished\":\"2016-08-08T12:18:45+00:00\",\"dateModified\":\"2025-12-05T17:16:13+00:00\",\"description\":\"Es ist in diesem Land mit seinem sehr ungleich verteilten Reichtum nicht m\u00f6glich, dass alle Kinder die gleichen Rechte genie\u00dfen.\",\"breadcrumb\":{\"@id\":\"https:\/\/www.humanium.org\/de\/saudi-arabien\/#breadcrumb\"},\"inLanguage\":\"de\",\"potentialAction\":[{\"@type\":\"ReadAction\",\"target\":[\"https:\/\/www.humanium.org\/de\/saudi-arabien\/\"]}]},{\"@type\":\"ImageObject\",\"inLanguage\":\"de\",\"@id\":\"https:\/\/www.humanium.org\/de\/saudi-arabien\/#primaryimage\",\"url\":\"https:\/\/www.humanium.org\/en\/wp-content\/uploads\/2011\/09\/fillette-moe-m-flickr.jpg\",\"contentUrl\":\"https:\/\/www.humanium.org\/en\/wp-content\/uploads\/2011\/09\/fillette-moe-m-flickr.jpg\"},{\"@type\":\"BreadcrumbList\",\"@id\":\"https:\/\/www.humanium.org\/de\/saudi-arabien\/#breadcrumb\",\"itemListElement\":[{\"@type\":\"ListItem\",\"position\":1,\"name\":\"Home\",\"item\":\"https:\/\/www.humanium.org\/de\/\"},{\"@type\":\"ListItem\",\"position\":2,\"name\":\"Kinder in Saudi-Arabien\"}]},{\"@type\":\"WebSite\",\"@id\":\"https:\/\/www.humanium.org\/de\/#website\",\"url\":\"https:\/\/www.humanium.org\/de\/\",\"name\":\"Humanium\",\"description\":\"Kinder zuerst!\",\"potentialAction\":[{\"@type\":\"SearchAction\",\"target\":{\"@type\":\"EntryPoint\",\"urlTemplate\":\"https:\/\/www.humanium.org\/de\/?s={search_term_string}\"},\"query-input\":{\"@type\":\"PropertyValueSpecification\",\"valueRequired\":true,\"valueName\":\"search_term_string\"}}],\"inLanguage\":\"de\"}]}<\/script>\n<!-- \/ Yoast SEO plugin. -->","yoast_head_json":{"title":"Kinder in Saudi-Arabien - Humanium","description":"Es ist in diesem Land mit seinem sehr ungleich verteilten Reichtum nicht m\u00f6glich, dass alle Kinder die gleichen Rechte genie\u00dfen.","robots":{"index":"index","follow":"follow","max-snippet":"max-snippet:-1","max-image-preview":"max-image-preview:large","max-video-preview":"max-video-preview:-1"},"canonical":"https:\/\/www.humanium.org\/de\/saudi-arabien\/","og_locale":"de_DE","og_type":"article","og_title":"Kinder in Saudi-Arabien - Humanium","og_description":"Es ist in diesem Land mit seinem sehr ungleich verteilten Reichtum nicht m\u00f6glich, dass alle Kinder die gleichen Rechte genie\u00dfen.","og_url":"https:\/\/www.humanium.org\/de\/saudi-arabien\/","og_site_name":"Humanium","article_modified_time":"2025-12-05T17:16:13+00:00","twitter_card":"summary_large_image","twitter_misc":{"Gesch\u00e4tzte Lesezeit":"5\u00a0Minuten"},"schema":{"@context":"https:\/\/schema.org","@graph":[{"@type":"WebPage","@id":"https:\/\/www.humanium.org\/de\/saudi-arabien\/","url":"https:\/\/www.humanium.org\/de\/saudi-arabien\/","name":"Kinder in Saudi-Arabien - Humanium","isPartOf":{"@id":"https:\/\/www.humanium.org\/de\/#website"},"primaryImageOfPage":{"@id":"https:\/\/www.humanium.org\/de\/saudi-arabien\/#primaryimage"},"image":{"@id":"https:\/\/www.humanium.org\/de\/saudi-arabien\/#primaryimage"},"thumbnailUrl":"https:\/\/www.humanium.org\/en\/wp-content\/uploads\/2011\/09\/fillette-moe-m-flickr.jpg","datePublished":"2016-08-08T12:18:45+00:00","dateModified":"2025-12-05T17:16:13+00:00","description":"Es ist in diesem Land mit seinem sehr ungleich verteilten Reichtum nicht m\u00f6glich, dass alle Kinder die gleichen Rechte genie\u00dfen.","breadcrumb":{"@id":"https:\/\/www.humanium.org\/de\/saudi-arabien\/#breadcrumb"},"inLanguage":"de","potentialAction":[{"@type":"ReadAction","target":["https:\/\/www.humanium.org\/de\/saudi-arabien\/"]}]},{"@type":"ImageObject","inLanguage":"de","@id":"https:\/\/www.humanium.org\/de\/saudi-arabien\/#primaryimage","url":"https:\/\/www.humanium.org\/en\/wp-content\/uploads\/2011\/09\/fillette-moe-m-flickr.jpg","contentUrl":"https:\/\/www.humanium.org\/en\/wp-content\/uploads\/2011\/09\/fillette-moe-m-flickr.jpg"},{"@type":"BreadcrumbList","@id":"https:\/\/www.humanium.org\/de\/saudi-arabien\/#breadcrumb","itemListElement":[{"@type":"ListItem","position":1,"name":"Home","item":"https:\/\/www.humanium.org\/de\/"},{"@type":"ListItem","position":2,"name":"Kinder in Saudi-Arabien"}]},{"@type":"WebSite","@id":"https:\/\/www.humanium.org\/de\/#website","url":"https:\/\/www.humanium.org\/de\/","name":"Humanium","description":"Kinder zuerst!","potentialAction":[{"@type":"SearchAction","target":{"@type":"EntryPoint","urlTemplate":"https:\/\/www.humanium.org\/de\/?s={search_term_string}"},"query-input":{"@type":"PropertyValueSpecification","valueRequired":true,"valueName":"search_term_string"}}],"inLanguage":"de"}]}},"_links":{"self":[{"href":"https:\/\/www.humanium.org\/de\/wp-json\/wp\/v2\/pages\/7040","targetHints":{"allow":["GET"]}}],"collection":[{"href":"https:\/\/www.humanium.org\/de\/wp-json\/wp\/v2\/pages"}],"about":[{"href":"https:\/\/www.humanium.org\/de\/wp-json\/wp\/v2\/types\/page"}],"author":[{"embeddable":true,"href":"https:\/\/www.humanium.org\/de\/wp-json\/wp\/v2\/users\/1"}],"replies":[{"embeddable":true,"href":"https:\/\/www.humanium.org\/de\/wp-json\/wp\/v2\/comments?post=7040"}],"version-history":[{"count":7,"href":"https:\/\/www.humanium.org\/de\/wp-json\/wp\/v2\/pages\/7040\/revisions"}],"predecessor-version":[{"id":20194,"href":"https:\/\/www.humanium.org\/de\/wp-json\/wp\/v2\/pages\/7040\/revisions\/20194"}],"wp:attachment":[{"href":"https:\/\/www.humanium.org\/de\/wp-json\/wp\/v2\/media?parent=7040"}],"curies":[{"name":"wp","href":"https:\/\/api.w.org\/{rel}","templated":true}]}}