{"id":7064,"date":"2016-08-10T10:52:45","date_gmt":"2016-08-10T10:52:45","guid":{"rendered":"http:\/\/www.humanium.org\/de\/?page_id=7064"},"modified":"2025-12-06T06:26:01","modified_gmt":"2025-12-06T06:26:01","slug":"kambodscha","status":"publish","type":"page","link":"https:\/\/www.humanium.org\/de\/kambodscha\/","title":{"rendered":"Kinder in Kambodscha"},"content":{"rendered":"<h1>Kinder in Kambodscha<\/h1>\n<h2>Die Verwirklichung der Kinderrechte in Kambodscha<\/h2>\n<p>Obwohl die kambodschanische Wirtschaft heute eine der am schnellsten wachsenden in Asien ist, hat das Land noch einen langen Weg zu einem angemessenen Schutz der Kinderrechte vor sich. Tats\u00e4chlich ist die Situation f\u00fcr Kinder in Kambodscha oft tragisch und das Land muss sich ernsthaft bem\u00fchen, damit die Kinder von besseren Lebensbedingungen profitieren.<\/p>\n<h3>Die wichtigsten Probleme der Kinder in Kambodscha:<\/h3>\n<p><strong><a href=\"https:\/\/www.humanium.org\/de\/armut\/\" target=\"_blank\" rel=\"noopener\">Armut<\/a><\/strong><\/p>\n<p>Rund 30 % der Bev\u00f6lkerung lebt unterhalb der <a href=\"https:\/\/www.humanium.org\/de\/armut\/\" target=\"_blank\" rel=\"noopener\">Armutsgrenze<\/a> in Kambodscha, einem Land, das sich von einem heftigen Krieg erholt, der es Ende des 20. Jahrhunderts auseinandergerissen hat. Der Staat ist au\u00dferdem durch ein starkes Ungleichgewicht zwischen st\u00e4dtischen und l\u00e4ndlichen Gebieten gekennzeichnet. Diese Armut ber\u00fchrt Kinder am meisten. Sie leiden in der Folge unter <a href=\"https:\/\/www.humanium.org\/de\/recht-nahrung\/\" target=\"_blank\" rel=\"noopener\">Mangelern\u00e4hrung<\/a> und schlechten Lebensbedingungen.<\/p>\n<p><strong><a href=\"https:\/\/www.humanium.org\/de\/das-recht-auf-gesundheit\/\" target=\"_blank\" rel=\"noopener\">Recht auf Gesundheit<\/a><\/strong><\/p>\n<p>In Kambodscha ist die Lage ernst und die <a href=\"https:\/\/www.humanium.org\/de\/das-recht-auf-gesundheit\/\" target=\"_blank\" rel=\"noopener\">Gesundheit<\/a> der Kinder ist schlecht.<br \/>\n<a href=\"https:\/\/www.humanium.org\/de\/kinder-und-aids\/\" target=\"_blank\" rel=\"noopener\">AIDS<\/a> grassiert und wirkt sich leider auf viele Kinder aus. Ein Drittel der Neuinfektionen werden von der Mutter auf das Kind \u00fcbertragen und schlimmer noch, eine gro\u00dfe Anzahl von Kindern bleiben als <a href=\"https:\/\/www.humanium.org\/de\/waisenkinder\/\" target=\"_blank\" rel=\"noopener\">Waisen<\/a> zur\u00fcck, nachdem ihre Eltern an <a href=\"https:\/\/www.humanium.org\/de\/kinder-und-aids\/\" target=\"_blank\" rel=\"noopener\">AIDS<\/a> gestorben sind.<br \/>\nDie Zahl der Krankenh\u00e4user ist nicht ausreichend, und sie sind vor allem in einem sehr schlechten Zustand. Oft gibt es keine Kinderstationen, sodass die Kinder allen Infektionen und Krankheiten ausgesetzt sind, die im Krankenhaus auftreten.<br \/>\nDie Gesundheit der Kinder ist ebenso von den Folgen des j\u00fcngsten Konflikts Kambodschas<br \/>\nbetroffen. Beispielsweise sind die H\u00e4lfte der Opfer von Antipersonenminen Kinder.<br \/>\nMehr als drei Viertel der Geburten finden in Kambodscha in Mutterh\u00e4usern statt. Dies erkl\u00e4rt teilweise die hohe <a href=\"https:\/\/www.humanium.org\/de\/kindersterblichkeit\/\" target=\"_blank\" rel=\"noopener\">Kindersterblichkeit<\/a>.<\/p>\n<p><strong><a href=\"https:\/\/www.humanium.org\/de\/recht-wasser\/\" target=\"_blank\" rel=\"noopener\">Recht auf Wasser<\/a><\/strong><\/p>\n<p>Der Zugang zu <a href=\"https:\/\/www.humanium.org\/de\/recht-wasser\/\" target=\"_blank\" rel=\"noopener\">Trinkwasser<\/a> ist ein sehr ernstes Problem in Kambodscha, vor allem in de l\u00e4ndlichen Gebieten. In der Tat haben in diesen Regionen nur rund 16% der Bev\u00f6lkerung Zugang zu Trinkwasser, es leben jedoch rund 80% der Kambodschaner auf dem Land. Aus diesem Grund sterben viele Kinder sterben an <a href=\"https:\/\/www.humanium.org\/de\/kinderkrankheiten\/\" target=\"_blank\" rel=\"noopener\">Durchfallerkrankungen<\/a> und die Hygienesituation ist problematisch: Haushalte und sogar Schulen sind nicht immer mit Toiletten ausgestattet.<\/p>\n<p><strong><a href=\"https:\/\/www.humanium.org\/de\/recht-bildung\/\" target=\"_blank\" rel=\"noopener\">Recht auf Bildung<\/a><\/strong><\/p>\n<p>Derzeit gehen mehr als 10% der kambodschanischen Kinder nicht zur Schule. Der Zugang zu <a href=\"https:\/\/www.humanium.org\/de\/die-rechte-von-madchen\/\" target=\"_blank\" rel=\"noopener\">Bildung f\u00fcr M\u00e4dchen<\/a> ist noch st\u00e4rker beschr\u00e4nkt, denn nur 20% von ihnen gehen in weiterf\u00fchrende Schulen. Auch wenn sich die Bildungsrate in den letzten Jahren verbessert hat, sind die Bedingungen f\u00fcr die <a href=\"https:\/\/www.humanium.org\/de\/recht-bildung\/\" target=\"_blank\" rel=\"noopener\">Bildung<\/a> beklagenswert. Das Material und die Hygiene in den Schulen sind weitgehend unzureichend. Au\u00dferdem verbinden die Kinder Arbeit mit Schule und k\u00f6nnen damit nicht unter guten Bedingungen lernen.<\/p>\n<p><strong><a href=\"https:\/\/www.humanium.org\/de\/kinderarbeit-2\/\" target=\"_blank\" rel=\"noopener\">Kinderarbeit<\/a><\/strong><\/p>\n<p>Die Arbeit ist eine t\u00e4gliche Realit\u00e4t f\u00fcr rund 45% der Kinder im Alter von 5 bis 14 Jahren in Kambodscha. Es wird gesch\u00e4tzt, dass mehr als 300.000 Kinder erforderlich sind, um die Bed\u00fcrfnisse ihrer Familien mit ihrer <a href=\"https:\/\/www.humanium.org\/de\/kinderarbeit-2\/\" target=\"_blank\" rel=\"noopener\">Arbeit<\/a> zu unterst\u00fctzen. Extrem gef\u00e4hrliche Aufgaben erwarten die Kinder aus den \u00e4rmsten Familien. Diese Kinder sind oft mit Sex- und Drogenhandel konfrontiert. Andere m\u00fcssen unsichere und <a href=\"https:\/\/www.humanium.org\/de\/das-recht-auf-schutz\/\" target=\"_blank\" rel=\"noopener\">gef\u00e4hrliche Arbeiten<\/a> in den Salinen, Fabriken oder f\u00fcr die boomende Baubranche verrichten.<\/p>\n<p><strong><a href=\"https:\/\/www.humanium.org\/de\/kinderhandel\/\" target=\"_blank\" rel=\"noopener\">Kinderhandel<\/a> und <a href=\"https:\/\/www.humanium.org\/de\/die-sexuelle-ausbeutung-von-kindern\/\" target=\"_blank\" rel=\"noopener\">sexuelle Ausbeutung<\/a><\/strong><\/p>\n<p>Viele kambodschanische Kinder werden auf der Suche nach Arbeit ausgebeutet. Sie sind h\u00e4ufig Opfer von Ausbeutung und <a href=\"https:\/\/www.humanium.org\/de\/die-sexuelle-ausbeutung-von-kindern\/\" target=\"_blank\" rel=\"noopener\">sexuellen \u00dcbergriffen<\/a>. Ein gro\u00dfer Teil dieser Vorg\u00e4nge erfolgt an der Grenze zu Thailand. Dort fl\u00fcchten junge Kambodschaner vor der Armut in ihrem Land und finden sich im Herzen des <a href=\"https:\/\/www.humanium.org\/de\/kinderprostitution\/\" target=\"_blank\" rel=\"noopener\">Sexhandels<\/a> und sehen sich Missbrauch, Angriffen, ungewollten Schwangerschaften und miserablen Lebensbedingungen ausgesetzt.<br \/>\nDie kambodschanische Regierung setzt sich gegen diesen <a href=\"https:\/\/www.humanium.org\/de\/kinderhandel\/\" target=\"_blank\" rel=\"noopener\">Kinderhandel<\/a> und die <a href=\"https:\/\/www.humanium.org\/de\/die-sexuelle-ausbeutung-von-kindern\/\" target=\"_blank\" rel=\"noopener\">sexuelle Ausbeutung <\/a>ein, doch leider ist die Strafverfolgungsbeh\u00f6rden unzuverl\u00e4ssig und Gesetzesh\u00fcter werden h\u00e4ufig zu T\u00e4tern von Mobbing, Missbrauch und Gewalt gegen\u00fcber denjenigen, die sie verhaften. Aus diesem Grund gehen die selten gemeldeten Vergewaltigungen und \u00dcberf\u00e4lle in einer v\u00f6llig korrupten Justiz unter.<\/p>\n<p><strong><a href=\"https:\/\/www.humanium.org\/de\/kinderheirat\/\" target=\"_blank\" rel=\"noopener\">Kinderheirat<\/a><\/strong><\/p>\n<p>23% der jungen kambodschanischen Frauen gestehen, verheiratet gewesen zu sein, bevor sie 18 Jahre alt wurden.<br \/>\nDies geschieht, wenn ein kambodschanisches M\u00e4dchen vergewaltigt wird und der Aggressor bekannt ist. Die Familie des Opfers ist besch\u00e4mt von der Unreinheit ihrer Tochter und schl\u00e4gt Ehe mit dem Vergewaltiger vor. Die jungen M\u00e4dchen m\u00fcssen dann nicht nur die schrecklichen Folgen einer Vergewaltigung \u00fcberwinden und eine Ehe in jungem Alter, sie m\u00fcssen auch ein Leben an der Seite ihres Vergewaltigers akzeptieren. Eine solche Situation ist gelinde ausgedr\u00fcckt, erschreckend und die psychologischen Folgen, die dadurch entstehen, sind irreparabel.<\/p>\n<p><strong><a href=\"https:\/\/www.humanium.org\/de\/recht-auf-identitat\/\" target=\"_blank\" rel=\"noopener\">Recht auf eine Identit\u00e4t<\/a><\/strong><\/p>\n<p>30% der Geburten in Kambodscha sind nicht offiziell gemeldet.<br \/>\nDie Registrierung einer Geburt eines Kindes gew\u00e4hrt ihnen die <a href=\"https:\/\/www.humanium.org\/de\/recht-auf-identitat\/\" target=\"_blank\" rel=\"noopener\">Staatsangeh\u00f6rigkeit<\/a> und die Rechtsf\u00e4higkeit. Dies bedeutet, dass Kinder, deren Identit\u00e4t nicht registriert ist, keine offiziellen Mitglieder der Gesellschaft sind und damit ihre Rechte nicht geltend machen k\u00f6nnen. Sie sind in den Augen der Gesellschaft unsichtbar.<\/p>\n","protected":false},"excerpt":{"rendered":"<p>Kinder in Kambodscha Die Verwirklichung der Kinderrechte in Kambodscha Obwohl die kambodschanische Wirtschaft heute eine der am schnellsten wachsenden in Asien ist, hat das Land noch einen langen Weg zu einem angemessenen Schutz der Kinderrechte vor sich. Tats\u00e4chlich ist die Situation f\u00fcr Kinder in Kambodscha oft tragisch und das Land muss sich ernsthaft bem\u00fchen, damit [&hellip;]<\/p>\n","protected":false},"author":1,"featured_media":0,"parent":0,"menu_order":0,"comment_status":"closed","ping_status":"closed","template":"","meta":{"footnotes":""},"class_list":["post-7064","page","type-page","status-publish","hentry"],"yoast_head":"<!-- This site is optimized with the Yoast SEO plugin v26.5 - https:\/\/yoast.com\/wordpress\/plugins\/seo\/ -->\n<title>Kinder in Kambodscha - Humanium<\/title>\n<meta name=\"description\" content=\"Obwohl die kambodschanische Wirtschaft eine der am schnellsten wachsenden in Asien ist, hat das Land noch einen langen Weg zum Schutz der Kinderrechte.\" \/>\n<meta name=\"robots\" content=\"index, follow, max-snippet:-1, max-image-preview:large, max-video-preview:-1\" \/>\n<link rel=\"canonical\" href=\"https:\/\/www.humanium.org\/de\/kambodscha\/\" \/>\n<meta property=\"og:locale\" content=\"de_DE\" \/>\n<meta property=\"og:type\" content=\"article\" \/>\n<meta property=\"og:title\" content=\"Kinder in Kambodscha - Humanium\" \/>\n<meta property=\"og:description\" content=\"Obwohl die kambodschanische Wirtschaft eine der am schnellsten wachsenden in Asien ist, hat das Land noch einen langen Weg zum Schutz der Kinderrechte.\" \/>\n<meta property=\"og:url\" content=\"https:\/\/www.humanium.org\/de\/kambodscha\/\" \/>\n<meta property=\"og:site_name\" content=\"Humanium\" \/>\n<meta property=\"article:modified_time\" content=\"2025-12-06T06:26:01+00:00\" \/>\n<meta name=\"twitter:card\" content=\"summary_large_image\" \/>\n<meta name=\"twitter:label1\" content=\"Gesch\u00e4tzte Lesezeit\" \/>\n\t<meta name=\"twitter:data1\" content=\"5\u00a0Minuten\" \/>\n<script type=\"application\/ld+json\" class=\"yoast-schema-graph\">{\"@context\":\"https:\/\/schema.org\",\"@graph\":[{\"@type\":\"WebPage\",\"@id\":\"https:\/\/www.humanium.org\/de\/kambodscha\/\",\"url\":\"https:\/\/www.humanium.org\/de\/kambodscha\/\",\"name\":\"Kinder in Kambodscha - Humanium\",\"isPartOf\":{\"@id\":\"https:\/\/www.humanium.org\/de\/#website\"},\"datePublished\":\"2016-08-10T10:52:45+00:00\",\"dateModified\":\"2025-12-06T06:26:01+00:00\",\"description\":\"Obwohl die kambodschanische Wirtschaft eine der am schnellsten wachsenden in Asien ist, hat das Land noch einen langen Weg zum Schutz der Kinderrechte.\",\"breadcrumb\":{\"@id\":\"https:\/\/www.humanium.org\/de\/kambodscha\/#breadcrumb\"},\"inLanguage\":\"de\",\"potentialAction\":[{\"@type\":\"ReadAction\",\"target\":[\"https:\/\/www.humanium.org\/de\/kambodscha\/\"]}]},{\"@type\":\"BreadcrumbList\",\"@id\":\"https:\/\/www.humanium.org\/de\/kambodscha\/#breadcrumb\",\"itemListElement\":[{\"@type\":\"ListItem\",\"position\":1,\"name\":\"Home\",\"item\":\"https:\/\/www.humanium.org\/de\/\"},{\"@type\":\"ListItem\",\"position\":2,\"name\":\"Kinder in Kambodscha\"}]},{\"@type\":\"WebSite\",\"@id\":\"https:\/\/www.humanium.org\/de\/#website\",\"url\":\"https:\/\/www.humanium.org\/de\/\",\"name\":\"Humanium\",\"description\":\"Kinder zuerst!\",\"potentialAction\":[{\"@type\":\"SearchAction\",\"target\":{\"@type\":\"EntryPoint\",\"urlTemplate\":\"https:\/\/www.humanium.org\/de\/?s={search_term_string}\"},\"query-input\":{\"@type\":\"PropertyValueSpecification\",\"valueRequired\":true,\"valueName\":\"search_term_string\"}}],\"inLanguage\":\"de\"}]}<\/script>\n<!-- \/ Yoast SEO plugin. -->","yoast_head_json":{"title":"Kinder in Kambodscha - Humanium","description":"Obwohl die kambodschanische Wirtschaft eine der am schnellsten wachsenden in Asien ist, hat das Land noch einen langen Weg zum Schutz der Kinderrechte.","robots":{"index":"index","follow":"follow","max-snippet":"max-snippet:-1","max-image-preview":"max-image-preview:large","max-video-preview":"max-video-preview:-1"},"canonical":"https:\/\/www.humanium.org\/de\/kambodscha\/","og_locale":"de_DE","og_type":"article","og_title":"Kinder in Kambodscha - Humanium","og_description":"Obwohl die kambodschanische Wirtschaft eine der am schnellsten wachsenden in Asien ist, hat das Land noch einen langen Weg zum Schutz der Kinderrechte.","og_url":"https:\/\/www.humanium.org\/de\/kambodscha\/","og_site_name":"Humanium","article_modified_time":"2025-12-06T06:26:01+00:00","twitter_card":"summary_large_image","twitter_misc":{"Gesch\u00e4tzte Lesezeit":"5\u00a0Minuten"},"schema":{"@context":"https:\/\/schema.org","@graph":[{"@type":"WebPage","@id":"https:\/\/www.humanium.org\/de\/kambodscha\/","url":"https:\/\/www.humanium.org\/de\/kambodscha\/","name":"Kinder in Kambodscha - Humanium","isPartOf":{"@id":"https:\/\/www.humanium.org\/de\/#website"},"datePublished":"2016-08-10T10:52:45+00:00","dateModified":"2025-12-06T06:26:01+00:00","description":"Obwohl die kambodschanische Wirtschaft eine der am schnellsten wachsenden in Asien ist, hat das Land noch einen langen Weg zum Schutz der Kinderrechte.","breadcrumb":{"@id":"https:\/\/www.humanium.org\/de\/kambodscha\/#breadcrumb"},"inLanguage":"de","potentialAction":[{"@type":"ReadAction","target":["https:\/\/www.humanium.org\/de\/kambodscha\/"]}]},{"@type":"BreadcrumbList","@id":"https:\/\/www.humanium.org\/de\/kambodscha\/#breadcrumb","itemListElement":[{"@type":"ListItem","position":1,"name":"Home","item":"https:\/\/www.humanium.org\/de\/"},{"@type":"ListItem","position":2,"name":"Kinder in Kambodscha"}]},{"@type":"WebSite","@id":"https:\/\/www.humanium.org\/de\/#website","url":"https:\/\/www.humanium.org\/de\/","name":"Humanium","description":"Kinder zuerst!","potentialAction":[{"@type":"SearchAction","target":{"@type":"EntryPoint","urlTemplate":"https:\/\/www.humanium.org\/de\/?s={search_term_string}"},"query-input":{"@type":"PropertyValueSpecification","valueRequired":true,"valueName":"search_term_string"}}],"inLanguage":"de"}]}},"_links":{"self":[{"href":"https:\/\/www.humanium.org\/de\/wp-json\/wp\/v2\/pages\/7064","targetHints":{"allow":["GET"]}}],"collection":[{"href":"https:\/\/www.humanium.org\/de\/wp-json\/wp\/v2\/pages"}],"about":[{"href":"https:\/\/www.humanium.org\/de\/wp-json\/wp\/v2\/types\/page"}],"author":[{"embeddable":true,"href":"https:\/\/www.humanium.org\/de\/wp-json\/wp\/v2\/users\/1"}],"replies":[{"embeddable":true,"href":"https:\/\/www.humanium.org\/de\/wp-json\/wp\/v2\/comments?post=7064"}],"version-history":[{"count":9,"href":"https:\/\/www.humanium.org\/de\/wp-json\/wp\/v2\/pages\/7064\/revisions"}],"predecessor-version":[{"id":20886,"href":"https:\/\/www.humanium.org\/de\/wp-json\/wp\/v2\/pages\/7064\/revisions\/20886"}],"wp:attachment":[{"href":"https:\/\/www.humanium.org\/de\/wp-json\/wp\/v2\/media?parent=7064"}],"curies":[{"name":"wp","href":"https:\/\/api.w.org\/{rel}","templated":true}]}}