{"id":7079,"date":"2016-08-16T12:51:17","date_gmt":"2016-08-16T12:51:17","guid":{"rendered":"http:\/\/www.humanium.org\/de\/?page_id=7079"},"modified":"2025-12-06T06:28:24","modified_gmt":"2025-12-06T06:28:24","slug":"malediven","status":"publish","type":"page","link":"https:\/\/www.humanium.org\/de\/malediven\/","title":{"rendered":"Kinder auf den Malediven"},"content":{"rendered":"<h1>Kinder auf den Malediven<\/h1>\n<h2>Einsatz f\u00fcr die Kinderrechte auf den Malediven<\/h2>\n<p>Wer an die Malediven denkt \u2013 eine blaue, paradiesische Lagune \u2013 hat oft zuerst einen Traumurlaub in einem Strandresort vor Augen. Der Alltag der Menschen, die dort leben, sieht allerdings ganz anders aus als der der Touristen. Das ist ein trauriger Kontrast, der st\u00e4rker in die \u00d6ffentlichkeit ger\u00fcckt werden muss, besonders dann, wenn es um die Rechte der Kinder geht. Vor f\u00fcnf Jahren unternahm die Regierung einige Anstrengungen, nachdem ein Tsunami das Land heimgesucht hatte. Trotzdem gibt die aktuelle Situation nach wie vor Anlass zur Sorge.<\/p>\n<h3>Die gr\u00f6\u00dften Herausforderungen f\u00fcr maledivische Kinder:<\/h3>\n<p><strong><a href=\"https:\/\/www.humanium.org\/de\/kinderarmut\/\" target=\"_blank\" rel=\"noopener\">Armut<\/a><\/strong><\/p>\n<p><strong><\/strong>Auf den Malediven leben ungef\u00e4hr 15\u00a0% der Bev\u00f6lkerung unter der Armutsgrenze. Diese Minderheit muss mit sehr wenig Geld auskommen und hat deshalb manchmal Schwierigkeiten, die Grundbed\u00fcrfnisse ihrer Familien zu decken.<br \/>\nKinder aus armen Familien werden zum Teil diskriminiert, und ihre Rechte \u2013 vor allem das <a href=\"https:\/\/www.humanium.org\/de\/recht-bildung\/\" target=\"_blank\" rel=\"noopener\">Recht auf Bildung<\/a> und <a href=\"https:\/\/www.humanium.org\/de\/das-recht-auf-gesundheit\/\" target=\"_blank\" rel=\"noopener\">medizinische Versorgung<\/a> \u2013 werden mit F\u00fc\u00dfen getreten.<\/p>\n<p><strong><a href=\"https:\/\/www.humanium.org\/de\/das-recht-auf-gesundheit\/\" target=\"_blank\" rel=\"noopener\">Gesundheit<\/a><\/strong><\/p>\n<p>Unter maledivischen Kindern hat der Drogenkonsum in den letzten 15 Jahren stark zugenommen. In fast jeder Familie gibt es aktuell <a href=\"https:\/\/www.humanium.org\/de\/kinder-und-sucht\/\" target=\"_blank\" rel=\"noopener\">Drogenprobleme<\/a>.<\/p>\n<p>Das hat gravierende Auswirkung auf die Gesundheit der Kinder. Die \u00dcbertragung des <a href=\"https:\/\/www.humanium.org\/de\/kinder-und-aids\/\" target=\"_blank\" rel=\"noopener\">AIDS-erregenden HI-Virus<\/a> bei Schwangerschaft oder durch Nutzung gebrauchter kontaminierter Nadeln ist eine besonders schwerwiegende Folge von Drogenmissbrauch.<\/p>\n<p>Auf den Malediven drohen bei <a href=\"https:\/\/www.humanium.org\/de\/kinder-und-sucht\/\" target=\"_blank\" rel=\"noopener\">Drogenkonsum<\/a> 25 Jahre Gef\u00e4ngnis. Dieses Strafma\u00df ist der Versuch, die gravierenden Probleme mit Drogen in den Griff zu bekommen, es ist aber mit Blick auf die notwendige k\u00f6rperliche und psychologische Behandlung Betroffener keine wirkungsvolle L\u00f6sung. Um jungen Menschen einen Ausweg aus den Drogen zu zeigen, wurden viele Entzugskliniken eingerichtet. Sie sind ein Hoffnungsschimmer f\u00fcr die Betroffenen.<\/p>\n<p>Ein weiteres h\u00e4ufiges Gesundheitsproblem ist die Tatsache, dass maledivische Neugeborene oft <a href=\"https:\/\/www.humanium.org\/de\/kinderkrankheiten\/\" target=\"_blank\" rel=\"noopener\">untergewichtig<\/a> sind. 22% sind von diesem Problem betroffen.<\/p>\n<p>Im Bereich der <a href=\"https:\/\/www.humanium.org\/de\/das-recht-auf-gesundheit\/\" target=\"_blank\" rel=\"noopener\">medizinischen Versorgung<\/a> und des medizinischen Fachpersonals muss nachgebessert werden, damit mehr Kinder bei guter Gesundheit aufwachsen k\u00f6nnen. Ein weiteres Problem sind fehlende frische Lebensmittel (Obst und Gem\u00fcse), was zu <a href=\"https:\/\/www.humanium.org\/de\/recht-nahrung\/\" target=\"_blank\" rel=\"noopener\">Mangelern\u00e4hrung<\/a> f\u00fchrt und damit f\u00fcr das verlangsamte Wachstum junger Malediver verantwortlich ist.<\/p>\n<p>Au\u00dferdem ist in maledivischen Bev\u00f6lkerung Thalass\u00e4mie weit verbreitet, eine seltene Blutkrankheit. Jeder f\u00fcnfte Inselbewohner tr\u00e4gt diesen Gendefekt in sich, was weitreichende Konsequenzen hat. Kinder, die an der Krankheit leiden, sind ein- bis zweimal pro Monat auf Bluttransfusionen angewiesen.<\/p>\n<p><strong><a href=\"https:\/\/www.humanium.org\/de\/recht-bildung\/\" target=\"_blank\" rel=\"noopener\">Bildung<\/a><\/strong><\/p>\n<p>Auf den Malediven gibt es keine Schulpflicht, aber f\u00fcr diejenigen, die privilegiert genug sind, zur <a href=\"https:\/\/www.humanium.org\/de\/recht-bildung\/\" target=\"_blank\" rel=\"noopener\">Schule<\/a> zu gehen, ist der Besuch der Einrichtungen kostenlos.<\/p>\n<p>M\u00e4dchen werden immer wieder Opfer von Diskriminierung. Nach der siebten Klasse m\u00fcssen Kinder die Malediven verlassen, wenn sie ihre Ausbildung weiterverfolgen wollen. Wenn diese Entscheidung ansteht, verweigern manche Eltern ihren T\u00f6chtern einen weiteren Schulbesuch.<\/p>\n<p>Die Regierung versucht, die aktuelle Situation zu verbessern, indem <a href=\"https:\/\/www.humanium.org\/de\/die-rechte-von-madchen\/\" target=\"_blank\" rel=\"noopener\">M\u00e4dchen<\/a> und Jungen gleichberechtigt Zugang zu Schulen bekommen.<\/p>\n<p><strong><a href=\"https:\/\/www.humanium.org\/de\/misshandlung\/\" target=\"_blank\" rel=\"noopener\">Gewalt gegen\u00fcber Kindern<\/a><\/strong><\/p>\n<p>Viele Kinder auf den Malediven werden Opfer von <a href=\"https:\/\/www.humanium.org\/de\/misshandlung\/\" target=\"_blank\" rel=\"noopener\">Misshandlungen<\/a> oder <a href=\"https:\/\/www.humanium.org\/de\/gewalt\/\" target=\"_blank\" rel=\"noopener\">Gewalt<\/a> \u2013 sowohl k\u00f6rperlich als auch <a href=\"https:\/\/www.humanium.org\/de\/die-sexuelle-ausbeutung-von-kindern\/\" target=\"_blank\" rel=\"noopener\">sexuell<\/a>, sowohl zu Hause als auch in der Schule.<\/p>\n<p>Diese Kinder m\u00fcssen mit einem k\u00f6rperlichen oder psychischen Trauma leben, das sie nur schwer verarbeiten k\u00f6nnen.<\/p>\n<p>Als Konsequenz hat die Regierung ein neues Gesetz verabschiedet. Bei <a href=\"https:\/\/www.humanium.org\/de\/die-sexuelle-ausbeutung-von-kindern\/\" target=\"_blank\" rel=\"noopener\">sexuellen \u00dcbergriffen<\/a> drohen T\u00e4tern nun 25 Jahre Gef\u00e4ngnis. Allerdings verfehlt dieses Gesetz seine Wirkung, denn viele Vergewaltiger sind wieder auf freiem Fu\u00df und k\u00f6nnen in das Umfeld der Opfer zur\u00fcckkehren<\/p>\n<p><strong><a href=\"https:\/\/www.humanium.org\/de\/recht-auf-identitat\/\" target=\"_blank\" rel=\"noopener\">Recht auf Identit\u00e4t<br \/>\n<\/a><\/strong><\/p>\n<p>Fast 30\u00a0% der Geburten werden den maledivischen Beh\u00f6rden nicht offiziell gemeldet. Diese Kinder haben sp\u00e4ter einmal gro\u00dfe Schwierigkeiten. Sie sind f\u00fcr die Gesellschaft praktisch unsichtbar und haben keine M\u00f6glichkeit, ihre Rechte einzufordern.<\/p>\n","protected":false},"excerpt":{"rendered":"<p>Kinder auf den Malediven Einsatz f\u00fcr die Kinderrechte auf den Malediven Wer an die Malediven denkt \u2013 eine blaue, paradiesische Lagune \u2013 hat oft zuerst einen Traumurlaub in einem Strandresort vor Augen. Der Alltag der Menschen, die dort leben, sieht allerdings ganz anders aus als der der Touristen. Das ist ein trauriger Kontrast, der st\u00e4rker [&hellip;]<\/p>\n","protected":false},"author":1,"featured_media":0,"parent":0,"menu_order":0,"comment_status":"closed","ping_status":"closed","template":"","meta":{"footnotes":""},"class_list":["post-7079","page","type-page","status-publish","hentry"],"yoast_head":"<!-- This site is optimized with the Yoast SEO plugin v26.5 - https:\/\/yoast.com\/wordpress\/plugins\/seo\/ -->\n<title>Kinder auf den Malediven - Humanium<\/title>\n<meta name=\"description\" content=\"Der Alltag der Menschen, die auf den Malediven leben, sieht anders aus als der der Touristen. Die aktuelle Situation gibt nach wie vor Anlass zur Sorge.\" \/>\n<meta name=\"robots\" content=\"index, follow, max-snippet:-1, max-image-preview:large, max-video-preview:-1\" \/>\n<link rel=\"canonical\" href=\"https:\/\/www.humanium.org\/de\/malediven\/\" \/>\n<meta property=\"og:locale\" content=\"de_DE\" \/>\n<meta property=\"og:type\" content=\"article\" \/>\n<meta property=\"og:title\" content=\"Kinder auf den Malediven - Humanium\" \/>\n<meta property=\"og:description\" content=\"Der Alltag der Menschen, die auf den Malediven leben, sieht anders aus als der der Touristen. Die aktuelle Situation gibt nach wie vor Anlass zur Sorge.\" \/>\n<meta property=\"og:url\" content=\"https:\/\/www.humanium.org\/de\/malediven\/\" \/>\n<meta property=\"og:site_name\" content=\"Humanium\" \/>\n<meta property=\"article:modified_time\" content=\"2025-12-06T06:28:24+00:00\" \/>\n<meta name=\"twitter:card\" content=\"summary_large_image\" \/>\n<meta name=\"twitter:label1\" content=\"Gesch\u00e4tzte Lesezeit\" \/>\n\t<meta name=\"twitter:data1\" content=\"5\u00a0Minuten\" \/>\n<script type=\"application\/ld+json\" class=\"yoast-schema-graph\">{\"@context\":\"https:\/\/schema.org\",\"@graph\":[{\"@type\":\"WebPage\",\"@id\":\"https:\/\/www.humanium.org\/de\/malediven\/\",\"url\":\"https:\/\/www.humanium.org\/de\/malediven\/\",\"name\":\"Kinder auf den Malediven - Humanium\",\"isPartOf\":{\"@id\":\"https:\/\/www.humanium.org\/de\/#website\"},\"datePublished\":\"2016-08-16T12:51:17+00:00\",\"dateModified\":\"2025-12-06T06:28:24+00:00\",\"description\":\"Der Alltag der Menschen, die auf den Malediven leben, sieht anders aus als der der Touristen. Die aktuelle Situation gibt nach wie vor Anlass zur Sorge.\",\"breadcrumb\":{\"@id\":\"https:\/\/www.humanium.org\/de\/malediven\/#breadcrumb\"},\"inLanguage\":\"de\",\"potentialAction\":[{\"@type\":\"ReadAction\",\"target\":[\"https:\/\/www.humanium.org\/de\/malediven\/\"]}]},{\"@type\":\"BreadcrumbList\",\"@id\":\"https:\/\/www.humanium.org\/de\/malediven\/#breadcrumb\",\"itemListElement\":[{\"@type\":\"ListItem\",\"position\":1,\"name\":\"Home\",\"item\":\"https:\/\/www.humanium.org\/de\/\"},{\"@type\":\"ListItem\",\"position\":2,\"name\":\"Kinder auf den Malediven\"}]},{\"@type\":\"WebSite\",\"@id\":\"https:\/\/www.humanium.org\/de\/#website\",\"url\":\"https:\/\/www.humanium.org\/de\/\",\"name\":\"Humanium\",\"description\":\"Kinder zuerst!\",\"potentialAction\":[{\"@type\":\"SearchAction\",\"target\":{\"@type\":\"EntryPoint\",\"urlTemplate\":\"https:\/\/www.humanium.org\/de\/?s={search_term_string}\"},\"query-input\":{\"@type\":\"PropertyValueSpecification\",\"valueRequired\":true,\"valueName\":\"search_term_string\"}}],\"inLanguage\":\"de\"}]}<\/script>\n<!-- \/ Yoast SEO plugin. -->","yoast_head_json":{"title":"Kinder auf den Malediven - Humanium","description":"Der Alltag der Menschen, die auf den Malediven leben, sieht anders aus als der der Touristen. Die aktuelle Situation gibt nach wie vor Anlass zur Sorge.","robots":{"index":"index","follow":"follow","max-snippet":"max-snippet:-1","max-image-preview":"max-image-preview:large","max-video-preview":"max-video-preview:-1"},"canonical":"https:\/\/www.humanium.org\/de\/malediven\/","og_locale":"de_DE","og_type":"article","og_title":"Kinder auf den Malediven - Humanium","og_description":"Der Alltag der Menschen, die auf den Malediven leben, sieht anders aus als der der Touristen. Die aktuelle Situation gibt nach wie vor Anlass zur Sorge.","og_url":"https:\/\/www.humanium.org\/de\/malediven\/","og_site_name":"Humanium","article_modified_time":"2025-12-06T06:28:24+00:00","twitter_card":"summary_large_image","twitter_misc":{"Gesch\u00e4tzte Lesezeit":"5\u00a0Minuten"},"schema":{"@context":"https:\/\/schema.org","@graph":[{"@type":"WebPage","@id":"https:\/\/www.humanium.org\/de\/malediven\/","url":"https:\/\/www.humanium.org\/de\/malediven\/","name":"Kinder auf den Malediven - Humanium","isPartOf":{"@id":"https:\/\/www.humanium.org\/de\/#website"},"datePublished":"2016-08-16T12:51:17+00:00","dateModified":"2025-12-06T06:28:24+00:00","description":"Der Alltag der Menschen, die auf den Malediven leben, sieht anders aus als der der Touristen. Die aktuelle Situation gibt nach wie vor Anlass zur Sorge.","breadcrumb":{"@id":"https:\/\/www.humanium.org\/de\/malediven\/#breadcrumb"},"inLanguage":"de","potentialAction":[{"@type":"ReadAction","target":["https:\/\/www.humanium.org\/de\/malediven\/"]}]},{"@type":"BreadcrumbList","@id":"https:\/\/www.humanium.org\/de\/malediven\/#breadcrumb","itemListElement":[{"@type":"ListItem","position":1,"name":"Home","item":"https:\/\/www.humanium.org\/de\/"},{"@type":"ListItem","position":2,"name":"Kinder auf den Malediven"}]},{"@type":"WebSite","@id":"https:\/\/www.humanium.org\/de\/#website","url":"https:\/\/www.humanium.org\/de\/","name":"Humanium","description":"Kinder zuerst!","potentialAction":[{"@type":"SearchAction","target":{"@type":"EntryPoint","urlTemplate":"https:\/\/www.humanium.org\/de\/?s={search_term_string}"},"query-input":{"@type":"PropertyValueSpecification","valueRequired":true,"valueName":"search_term_string"}}],"inLanguage":"de"}]}},"_links":{"self":[{"href":"https:\/\/www.humanium.org\/de\/wp-json\/wp\/v2\/pages\/7079","targetHints":{"allow":["GET"]}}],"collection":[{"href":"https:\/\/www.humanium.org\/de\/wp-json\/wp\/v2\/pages"}],"about":[{"href":"https:\/\/www.humanium.org\/de\/wp-json\/wp\/v2\/types\/page"}],"author":[{"embeddable":true,"href":"https:\/\/www.humanium.org\/de\/wp-json\/wp\/v2\/users\/1"}],"replies":[{"embeddable":true,"href":"https:\/\/www.humanium.org\/de\/wp-json\/wp\/v2\/comments?post=7079"}],"version-history":[{"count":7,"href":"https:\/\/www.humanium.org\/de\/wp-json\/wp\/v2\/pages\/7079\/revisions"}],"predecessor-version":[{"id":20896,"href":"https:\/\/www.humanium.org\/de\/wp-json\/wp\/v2\/pages\/7079\/revisions\/20896"}],"wp:attachment":[{"href":"https:\/\/www.humanium.org\/de\/wp-json\/wp\/v2\/media?parent=7079"}],"curies":[{"name":"wp","href":"https:\/\/api.w.org\/{rel}","templated":true}]}}