{"id":7089,"date":"2016-08-19T14:31:07","date_gmt":"2016-08-19T14:31:07","guid":{"rendered":"http:\/\/www.humanium.org\/de\/?page_id=7089"},"modified":"2025-12-05T17:16:29","modified_gmt":"2025-12-05T17:16:29","slug":"oman","status":"publish","type":"page","link":"https:\/\/www.humanium.org\/de\/oman\/","title":{"rendered":"Kinder in Oman"},"content":{"rendered":"<h1>Die Kinder in Oman<\/h1>\n<h2>Die Durchsetzung der Kinderrechte in Oman<\/h2>\n<p align=\"center\"><img loading=\"lazy\" decoding=\"async\" class=\"wp-image-8654 alignnone \" style=\"line-height: 24px; font-size: 16px;\" title=\"Young omani girl \u00a9 Claude Florin flickr \" src=\"https:\/\/www.humanium.org\/en\/wp-content\/uploads\/2012\/08\/fille-oman.jpg\" alt=\"\" width=\"239\" height=\"160\" \/> <img loading=\"lazy\" decoding=\"async\" class=\"wp-image-8655 alignnone\" style=\"line-height: 24px;\" title=\"Young Omani boy \u00a9 Bart &amp; co Flickr\" src=\"https:\/\/www.humanium.org\/en\/wp-content\/uploads\/2012\/08\/garcon-oman.jpg\" alt=\"\" width=\"240\" height=\"160\" \/><\/p>\n<p>Das Sultanat von Oman, das 2012 \u201eDas Jahr des Kindes\u201c feierte, ist eines der L\u00e4nder mit dem gr\u00f6\u00dften Fortschritt hinsichtlich Lebenserwartung und Lebensqualit\u00e4t in den letzten 40 Jahren. Eine Nationale Menschrechtskommission wurde etabliert und Kinder konnten davon auf den Gebieten <a href=\"https:\/\/www.humanium.org\/en\/fundamental-rights\/health\/\">Gesundheit<\/a> und Bildung profitieren.\u00a0 Dennoch existieren trotz weiterer Verbesserungen und Ma\u00dfnahmen zum Schutz der Kinder immer noch viele Probleme.<\/p>\n<h3>Hauptprobleme der Kinder in Oman<\/h3>\n<p><strong>Ein gro\u00dfes Problem besteht in der Verbreitung von Informationen \u00fcber Kinderrechte.<\/strong><\/p>\n<p><img loading=\"lazy\" decoding=\"async\" class=\"alignright wp-image-20197\" title=\"Children's rights are not well known in Oman \u00a9 Luca &quot;bluesky&quot; Flicker\" src=\"https:\/\/www.humanium.org\/en\/wp-content\/uploads\/2012\/08\/petite-garcon-300x200.jpg\" alt=\"\" width=\"285\" height=\"190\" \/>Die Gesetzgebung im Sultanat ber\u00fccksichtigt verst\u00e4rkt die Interessen der Kinder und verbessert ihren Schutz auf verschiedenen Gebieten.<\/p>\n<p>Dennoch reicht dies nicht aus, um Traditionen zu ver\u00e4ndern oder Kinderrechte Realit\u00e4t werden zu lassen. Das Sultanat hat noch nicht erlaubt, dass verschiedene deklarierte Gesetze umgesetzt werden, so zum Beispiel die Abschaffung von <a href=\"https:\/\/www.humanium.org\/en\/child-labour\/\">Kinderarbeit<\/a>.<\/p>\n<p>Weiterhin haben M\u00e4ngel bei der Verbreitung von Informationen \u00fcber die Rechte von Kindern insbesondere in den l\u00e4ndlichen Gebieten einen betr\u00e4chtlichen Einfluss auf das t\u00e4gliche Leben der Kinder.<\/p>\n<p>Auch gibt es keine wirkliche \u00dcberwachung der Einhaltung dieser Gesetze durch das Sultanat und sehr wenige NGOs oder Vereinigungen sind im Land pr\u00e4sent, die dar\u00fcber berichten k\u00f6nnten. Der Mangel an gesammelten Daten \u00fcber viele Bereiche, die die Kinder der am meisten verletzlichen Gruppen in der Gesellschaft betreffen, bleibt ein gro\u00dfes Problem.<\/p>\n<p><strong>Verletzung der Rechte von M\u00e4dchen<\/strong><\/p>\n<p>Auch wenn viele Beschr\u00e4nkungen und Normen abgeschafft wurden, dauert die <a href=\"https:\/\/www.humanium.org\/en\/nondiscrimination\/\"> Diskriminierung<\/a> von M\u00e4dchen an.<\/p>\n<h4>Familiengesetz<\/h4>\n<p><img loading=\"lazy\" decoding=\"async\" class=\"alignright wp-image-20163\" title=\"Young Omani girls suffering from discrimination \u00a9 UNICEF\" src=\"https:\/\/www.humanium.org\/en\/wp-content\/uploads\/2012\/08\/jeunes-filles-oman-300x190.jpg\" alt=\"\" width=\"300\" height=\"190\" \/>Es gibt viele Ungleichheiten zwischen Jungen und M\u00e4dchen im Familiengesetz, insbesondere was Erbschaften betrifft.<\/p>\n<p>Das Komitee der Kinderrechte hat darauf aufmerksam gemacht, dass M\u00e4dchen kein Erbe erhalten k\u00f6nnen, wenn ihre Eltern geschieden sind.<\/p>\n<h4><a href=\"https:\/\/www.humanium.org\/en\/genital-mutilation\/\">Weibliche Genitalverst\u00fcmmelungen<\/a><\/h4>\n<p>Beschneidung wird in manchen Familien gem\u00e4\u00df der Tradition praktiziert, doch die Regierung tendiert dazu, solche Praktiken zu ignorieren.<\/p>\n<h4><a href=\"https:\/\/www.humanium.org\/en\/child-marriage\/\">Kinderheirat<\/a> und <a href=\"https:\/\/www.humanium.org\/en\/sexual-abuse-children\/\">sexuelle Ausbeutung<\/a><\/h4>\n<p>Im Jahr 2005 waren 17 Prozent der jungen Omani-Frauen im Alter zwischen 15 und 19 Jahren <a href=\"https:\/\/www.humanium.org\/en\/child-marriage\/\"> verheiratet<\/a>. Auch wenn das gesetzliche Alter heute 18 Jahre betr\u00e4gt, ist es aufgrund der Sitten und Gebr\u00e4uche so, dass junge Omani-M\u00e4dchen heiraten, bevor sie dieses Alter erreichen.<\/p>\n<p>In Oman kommt <a href=\"https:\/\/www.humanium.org\/en\/child-trafficking\/\">Menschenhandel<\/a>, mit dem Ziel<a href=\"https:\/\/www.humanium.org\/en\/sexual-abuse-children\/\"> sexueller Ausbeutung<\/a> und <a href=\"https:\/\/www.humanium.org\/en\/child-labour\/\">Hausarbeit<\/a> vor und zieht sich durch seine Grenzen. Oft werden hier F\u00e4lle vorget\u00e4uschter oder erzwungener Heirat verzeichnet.<\/p>\n<p>Zum Beispiel werden junge M\u00e4dchen aus S\u00fcdost-Asien zeitweise verheiratet und dann als Diener verkauft und im Oman zur Prostitution gezwungen.<\/p>\n<p><a href=\"https:\/\/www.humanium.org\/en\/orphans\/\"><strong>Aussetzen von Kindern<\/strong><\/a><\/p>\n<p><a href=\"https:\/\/www.humanium.org\/en\/orphans\/\"><strong><img loading=\"lazy\" decoding=\"async\" class=\"alignright wp-image-20191\" title=\"Familly law allows discriminations \u00a9 Charles Fred Flicker\" src=\"https:\/\/www.humanium.org\/en\/wp-content\/uploads\/2012\/08\/5147648795_926e10306d_b-200x300.jpg\" alt=\"\" width=\"184\" height=\"246\" \/><\/strong><\/a>Das Sultanat von Oman bietet Kindern von unverheirateten Eltern nicht denselben <a href=\"https:\/\/www.humanium.org\/en\/fundamental-rights\/protection\/\"> Schutz<\/a> wie anderen.\u00a0 Sie werden an den Rand der Gesellschaft gedr\u00e4ngt.<\/p>\n<p>Au\u00dferehelich zu Geb\u00e4ren ist ein Vergehen und f\u00fchrt dazu, dass M\u00fctter mit ungewollten Kindern es vermeiden, sich bei zust\u00e4ndigen Beh\u00f6rden zu melden, aus Angst vor gesetzlichen Sanktionen gegen sie.\u00a0 Diese Kinder werden oft<a href=\"https:\/\/www.humanium.org\/en\/orphans\/\"> ausgesetzt<\/a>.<\/p>\n<p>Au\u00dferdem ist die Adoption von Kindern gegen die Prinzipien der islamischen Gesetze des Sultanats. Deshalb sind es oft staatliche Einrichtungen, die sich dieser Kinder annehmen, die weder innerhalb der Gesellschaft aufwachsen werden, noch voll in diese integriert sein werden.<\/p>\n<p><a href=\"https:\/\/www.humanium.org\/en\/stateless-invisible\/\"><strong>Staatenlosigkeit und das Recht auf Identit\u00e4t<\/strong><\/a><\/p>\n<p>Kinder, die eine omanische Mutter und einen ausl\u00e4ndischen Vater haben, haben nicht das Recht auf eine omanische Nationalit\u00e4t. Diese Praxis diskriminiert Frauen und Kinder. Auch wird das Kind <a href=\"https:\/\/www.humanium.org\/en\/stateless-invisible\/\">staatenlos<\/a> und bekommt nicht denselben <a href=\"https:\/\/www.humanium.org\/en\/fundamental-rights\/protection\/\">Schutz <\/a> wie ein Omani-Kind, wenn es nicht die Nationalit\u00e4t seines Vaters annimmt.<\/p>\n<p><a href=\"https:\/\/www.humanium.org\/en\/abuse\/\"><strong>Kindesmissbrauch<\/strong><\/a><\/p>\n<p>Trotz eines formalen Verbots k\u00f6rperlicher Bestrafungen an Schulen, erlaubt es die Sitte, wo es f\u00fcr die \u201eErziehung\u201c des Kindes angebracht erscheint.<\/p>\n<p><img loading=\"lazy\" decoding=\"async\" class=\"alignright wp-image-8664\" title=\"Corporal punishment persists in Oman \u00a9 traveller9 Flickr\" src=\"https:\/\/www.humanium.org\/en\/wp-content\/uploads\/2012\/08\/610990943_4f170b0970_z-300x199.jpg\" alt=\"\" width=\"258\" height=\"171\" \/>Deshalb sind Kinder <a href=\"https:\/\/www.humanium.org\/en\/abuse\/\"> physischen und psychischen Strafen<\/a>, und selbst <a href=\"https:\/\/www.humanium.org\/en\/sexual-abuse-children\/\">sexuellem Missbrauch<\/a> ausgesetzt, sowohl in staatlichen Einrichtungen als auch in ihrer eigenen Familie.<br \/>\nDie Gewalt ist das Resultat von Einstellungen, welche von Traditionen und der Abwesenheit eines Dialogs zwischen Erwachsenen und Kindern herr\u00fchren. Die Bev\u00f6lkerung ist nicht \u00fcber die negativen Auswirkungen einer solchen Behandlung der Kinder und ihre Entwicklung informiert, noch ist sie sich nicht-gewaltt\u00e4tiger Mittel von Disziplin und Bildung bewusst.<\/p>\n<p><a href=\"https:\/\/www.humanium.org\/en\/fundamental-rights\/food\/\"><strong>Unterern\u00e4hrung<\/strong><\/a><\/p>\n<p>Trotz Fortschritte, die im Sultanat in den letzten Jahren gemacht wurden, dauern Probleme der Unterern\u00e4hrung und des Eisenmangels an. Selbst mit einem Bruttoinlandsprodukt von 18.000 $ pro Person im Jahr 2010 sind 9% der Kinder unter 5 Jahren mittelschwer bis schwer unterern\u00e4hrt und 10% mittelschwer bis schwer physisch unterentwickelt im Zeitraum von 2006-2010.<\/p>\n<p><strong>Recht auf <a href=\"https:\/\/www.humanium.org\/en\/fundamental-rights\/health\/\">Gesundheit<\/a> undBildung<\/strong><\/p>\n<p>In l\u00e4ndlichen Gebieten lebende Kinder sowie solche ausl\u00e4ndischer Herkunft werden bez\u00fcglich ihres Zugangs zu Gesundheit und Bildung <a href=\"https:\/\/www.humanium.org\/en\/nondiscrimination\/\">diskriminiert <\/a>. Dies passiert trotz der Bem\u00fchungen des Sultanats, \u2013 auch f\u00fcr nomadische Bev\u00f6lkerungen \u2013 in entlegenen Gegenden Zugang zu Bildung zu erm\u00f6glichen.<\/p>\n<p>Der Status behinderter Kinder ist gleichsam besorgniserregend. Das Land hat versucht, sie in normale Schulen und auch spezielle Einrichtungen zu integrieren. Doch befinden sich diese in oder nahe der Hauptstadt und es ist schwer, Zugang zu ihnen zu bekommen, was sie keine wirkliche Integration behinderter Kinder erlauben.<\/p>\n<p>Schlie\u00dflich ist die Bev\u00f6lkerung nicht ausreichend \u00fcber den HIV\/AIDS Virus informiert. Betroffene Kinder \u2013 die meisten von ihnen bereits aufgrund der Erkrankung verwaist \u2013 werden oft an den Rand gedr\u00e4ngt und von ihren Familien aufgegeben.<\/p>\n<p><a href=\"https:\/\/www.humanium.org\/en\/child-labour\/\"><strong>Kinderarbeit<\/strong><\/a><\/p>\n<p><img loading=\"lazy\" decoding=\"async\" class=\"alignright wp-image-8665\" title=\"Despite some improvments, chid labour persists in Oman \u00a9 bandytAM flickr\" src=\"https:\/\/www.humanium.org\/en\/wp-content\/uploads\/2012\/08\/7168425380_3e60dc4771_b-300x199.jpg\" alt=\"\" width=\"240\" height=\"160\" \/>Obwohl das Sultanat Instrumente f\u00fcr den Schutz vor <a href=\"https:\/\/www.humanium.org\/en\/child-labour\/\">Kinderarbeit<\/a> unterst\u00fctzt hat, existiert diese immer noch inoffiziell in Bereichen wie Landwirtschaft, Fischerei oder Familienbetrieben.<\/p>\n<p>Kinder enden oft als Arbeiter, was gef\u00e4hrlich f\u00fcr ihre <a href=\"https:\/\/www.humanium.org\/en\/fundamental-rights\/health\/\"> Gesundheit<\/a> und ihre pers\u00f6nliche Sicherheit ist.<\/p>\n<p>Gleichzeitig leiden sie unter der Begrenzung ihrer <a href=\"https:\/\/www.humanium.org\/en\/fundamental-rights\/freedom\/\">Bewegungsfreiheit<\/a> und exzessic langen Arbeitstagen.\u00a0Sie sind zum Teil unterern\u00e4hrt und Objekt <a href=\"https:\/\/www.humanium.org\/en\/abuse\/\">physischen und sexuellen Missbrauchs.<\/a>.\u00a0Die verletzlichste Kategorie der Arbeiter stellen junge M\u00e4dchen dar, die als Haushaltshilfen besch\u00e4ftigt werden.<\/p>\n<p>Ein typisches Beispiel von <a href=\"https:\/\/www.humanium.org\/en\/child-labour\/\">Kinderarbeit<\/a> in Oman sind Kamelrennen, wo Kinder oft besch\u00e4ftigt werden.\u00a0Das Sultanat behauptet heutzutage, diese Praxis abgeschafft zu haben, doch der Mangel an Inspektionen l\u00e4sst dies bezweifeln. Insbesondere ausl\u00e4ndische Kinder werden immer noch als Jockeys benutzt aufgrund ihres leichten Gewichts, was sie profitabler macht.<\/p>\n<p><strong>Schutz der Kinder vor Verkehrsgefahren<\/strong><\/p>\n<p>In Oman stirbt alle vier Tage ein Kind auf den Stra\u00dfen. Viele werden ernsthaft verletzt und in ihrem Leben beeintr\u00e4chtigt aufgrund der sehr hohen, auf der Bev\u00f6lkerungsdichte beruhenden Rate an Verkehrsunf\u00e4llen und die Anzahl der Kinder, die ohne Fahrerlaubnis fahren.<\/p>\n<p><a href=\"https:\/\/www.humanium.org\/en\/justice-of-children\/\"><strong>Gerechtigkeit f\u00fcr Minderj\u00e4hrige<\/strong><\/a><\/p>\n<p>Obwohl Gesetzesentw\u00fcrfe vorgelegt wurden mit dem Ziel, einen speziellen Gerichtshof zu etablieren, um F\u00e4lle anzuh\u00f6ren, in denen Kinder bestraft werden und das Mindestalter der kriminellen Verantwortlichkeit zu erh\u00f6hen, sind viele Kinder dazu verdammt, <a href=\"https:\/\/www.humanium.org\/en\/detained-children\/\">Strafen im Gef\u00e4ngnis<\/a> abzusitzen.<\/p>\n<p>Beschwerden \u00fcber physische und <a href=\"https:\/\/www.humanium.org\/en\/sexual-abuse-children\/\">sexuelle Gewalt<\/a> werden von der Polizei nicht hinreichend registriert oder bearbeitet. Die Belegschaft ist nicht gut genug ausgebildet, um diese Art von Situation zu kl\u00e4ren und die Bev\u00f6lkerung wird nicht aufgerufen, Angriffe anzuzeigen.<\/p>\n<p><strong>Umwelt<\/strong><\/p>\n<p><img loading=\"lazy\" decoding=\"async\" class=\"alignright wp-image-8666\" title=\"The conservation of the environment is essential to the children's development \u00a9 whsaito Flickr\" src=\"https:\/\/www.humanium.org\/en\/wp-content\/uploads\/2012\/08\/paysage-300x225.jpg\" alt=\"\" width=\"240\" height=\"160\" \/>Trotz des offensichtlichen Interesses des Sultanats f\u00fcr den Umweltschutz haben die Wasserverschmutzung (zumeist Abw\u00e4sser aus der \u00d6lindustrie), das Problem der M\u00fcllentsorgung und die Luftverschmutzung einen Einfluss auf die zuk\u00fcnftige Entwicklung der Kinder von Oman.<\/p>\n","protected":false},"excerpt":{"rendered":"<p>Die Kinder in Oman Die Durchsetzung der Kinderrechte in Oman Das Sultanat von Oman, das 2012 \u201eDas Jahr des Kindes\u201c feierte, ist eines der L\u00e4nder mit dem gr\u00f6\u00dften Fortschritt hinsichtlich Lebenserwartung und Lebensqualit\u00e4t in den letzten 40 Jahren. Eine Nationale Menschrechtskommission wurde etabliert und Kinder konnten davon auf den Gebieten Gesundheit und Bildung profitieren.\u00a0 Dennoch [&hellip;]<\/p>\n","protected":false},"author":1,"featured_media":0,"parent":0,"menu_order":0,"comment_status":"closed","ping_status":"closed","template":"","meta":{"footnotes":""},"class_list":["post-7089","page","type-page","status-publish","hentry"],"yoast_head":"<!-- This site is optimized with the Yoast SEO plugin v26.5 - https:\/\/yoast.com\/wordpress\/plugins\/seo\/ -->\n<title>Kinder in Oman - Humanium<\/title>\n<meta name=\"description\" content=\"Das Sultanat von Oman ist eines der L\u00e4nder mit dem gr\u00f6\u00dften Fortschritt hinsichtlich Lebenserwartung und Lebensqualit\u00e4t in den letzten 40 Jahren.\" \/>\n<meta name=\"robots\" content=\"index, follow, max-snippet:-1, max-image-preview:large, max-video-preview:-1\" \/>\n<link rel=\"canonical\" href=\"https:\/\/www.humanium.org\/de\/oman\/\" \/>\n<meta property=\"og:locale\" content=\"de_DE\" \/>\n<meta property=\"og:type\" content=\"article\" \/>\n<meta property=\"og:title\" content=\"Kinder in Oman - Humanium\" \/>\n<meta property=\"og:description\" content=\"Das Sultanat von Oman ist eines der L\u00e4nder mit dem gr\u00f6\u00dften Fortschritt hinsichtlich Lebenserwartung und Lebensqualit\u00e4t in den letzten 40 Jahren.\" \/>\n<meta property=\"og:url\" content=\"https:\/\/www.humanium.org\/de\/oman\/\" \/>\n<meta property=\"og:site_name\" content=\"Humanium\" \/>\n<meta property=\"article:modified_time\" content=\"2025-12-05T17:16:29+00:00\" \/>\n<meta name=\"twitter:card\" content=\"summary_large_image\" \/>\n<meta name=\"twitter:label1\" content=\"Gesch\u00e4tzte Lesezeit\" \/>\n\t<meta name=\"twitter:data1\" content=\"8\u00a0Minuten\" \/>\n<script type=\"application\/ld+json\" class=\"yoast-schema-graph\">{\"@context\":\"https:\/\/schema.org\",\"@graph\":[{\"@type\":\"WebPage\",\"@id\":\"https:\/\/www.humanium.org\/de\/oman\/\",\"url\":\"https:\/\/www.humanium.org\/de\/oman\/\",\"name\":\"Kinder in Oman - Humanium\",\"isPartOf\":{\"@id\":\"https:\/\/www.humanium.org\/de\/#website\"},\"primaryImageOfPage\":{\"@id\":\"https:\/\/www.humanium.org\/de\/oman\/#primaryimage\"},\"image\":{\"@id\":\"https:\/\/www.humanium.org\/de\/oman\/#primaryimage\"},\"thumbnailUrl\":\"https:\/\/www.humanium.org\/en\/wp-content\/uploads\/2012\/08\/fille-oman.jpg\",\"datePublished\":\"2016-08-19T14:31:07+00:00\",\"dateModified\":\"2025-12-05T17:16:29+00:00\",\"description\":\"Das Sultanat von Oman ist eines der L\u00e4nder mit dem gr\u00f6\u00dften Fortschritt hinsichtlich Lebenserwartung und Lebensqualit\u00e4t in den letzten 40 Jahren.\",\"breadcrumb\":{\"@id\":\"https:\/\/www.humanium.org\/de\/oman\/#breadcrumb\"},\"inLanguage\":\"de\",\"potentialAction\":[{\"@type\":\"ReadAction\",\"target\":[\"https:\/\/www.humanium.org\/de\/oman\/\"]}]},{\"@type\":\"ImageObject\",\"inLanguage\":\"de\",\"@id\":\"https:\/\/www.humanium.org\/de\/oman\/#primaryimage\",\"url\":\"https:\/\/www.humanium.org\/en\/wp-content\/uploads\/2012\/08\/fille-oman.jpg\",\"contentUrl\":\"https:\/\/www.humanium.org\/en\/wp-content\/uploads\/2012\/08\/fille-oman.jpg\"},{\"@type\":\"BreadcrumbList\",\"@id\":\"https:\/\/www.humanium.org\/de\/oman\/#breadcrumb\",\"itemListElement\":[{\"@type\":\"ListItem\",\"position\":1,\"name\":\"Home\",\"item\":\"https:\/\/www.humanium.org\/de\/\"},{\"@type\":\"ListItem\",\"position\":2,\"name\":\"Kinder in Oman\"}]},{\"@type\":\"WebSite\",\"@id\":\"https:\/\/www.humanium.org\/de\/#website\",\"url\":\"https:\/\/www.humanium.org\/de\/\",\"name\":\"Humanium\",\"description\":\"Kinder zuerst!\",\"potentialAction\":[{\"@type\":\"SearchAction\",\"target\":{\"@type\":\"EntryPoint\",\"urlTemplate\":\"https:\/\/www.humanium.org\/de\/?s={search_term_string}\"},\"query-input\":{\"@type\":\"PropertyValueSpecification\",\"valueRequired\":true,\"valueName\":\"search_term_string\"}}],\"inLanguage\":\"de\"}]}<\/script>\n<!-- \/ Yoast SEO plugin. -->","yoast_head_json":{"title":"Kinder in Oman - Humanium","description":"Das Sultanat von Oman ist eines der L\u00e4nder mit dem gr\u00f6\u00dften Fortschritt hinsichtlich Lebenserwartung und Lebensqualit\u00e4t in den letzten 40 Jahren.","robots":{"index":"index","follow":"follow","max-snippet":"max-snippet:-1","max-image-preview":"max-image-preview:large","max-video-preview":"max-video-preview:-1"},"canonical":"https:\/\/www.humanium.org\/de\/oman\/","og_locale":"de_DE","og_type":"article","og_title":"Kinder in Oman - Humanium","og_description":"Das Sultanat von Oman ist eines der L\u00e4nder mit dem gr\u00f6\u00dften Fortschritt hinsichtlich Lebenserwartung und Lebensqualit\u00e4t in den letzten 40 Jahren.","og_url":"https:\/\/www.humanium.org\/de\/oman\/","og_site_name":"Humanium","article_modified_time":"2025-12-05T17:16:29+00:00","twitter_card":"summary_large_image","twitter_misc":{"Gesch\u00e4tzte Lesezeit":"8\u00a0Minuten"},"schema":{"@context":"https:\/\/schema.org","@graph":[{"@type":"WebPage","@id":"https:\/\/www.humanium.org\/de\/oman\/","url":"https:\/\/www.humanium.org\/de\/oman\/","name":"Kinder in Oman - Humanium","isPartOf":{"@id":"https:\/\/www.humanium.org\/de\/#website"},"primaryImageOfPage":{"@id":"https:\/\/www.humanium.org\/de\/oman\/#primaryimage"},"image":{"@id":"https:\/\/www.humanium.org\/de\/oman\/#primaryimage"},"thumbnailUrl":"https:\/\/www.humanium.org\/en\/wp-content\/uploads\/2012\/08\/fille-oman.jpg","datePublished":"2016-08-19T14:31:07+00:00","dateModified":"2025-12-05T17:16:29+00:00","description":"Das Sultanat von Oman ist eines der L\u00e4nder mit dem gr\u00f6\u00dften Fortschritt hinsichtlich Lebenserwartung und Lebensqualit\u00e4t in den letzten 40 Jahren.","breadcrumb":{"@id":"https:\/\/www.humanium.org\/de\/oman\/#breadcrumb"},"inLanguage":"de","potentialAction":[{"@type":"ReadAction","target":["https:\/\/www.humanium.org\/de\/oman\/"]}]},{"@type":"ImageObject","inLanguage":"de","@id":"https:\/\/www.humanium.org\/de\/oman\/#primaryimage","url":"https:\/\/www.humanium.org\/en\/wp-content\/uploads\/2012\/08\/fille-oman.jpg","contentUrl":"https:\/\/www.humanium.org\/en\/wp-content\/uploads\/2012\/08\/fille-oman.jpg"},{"@type":"BreadcrumbList","@id":"https:\/\/www.humanium.org\/de\/oman\/#breadcrumb","itemListElement":[{"@type":"ListItem","position":1,"name":"Home","item":"https:\/\/www.humanium.org\/de\/"},{"@type":"ListItem","position":2,"name":"Kinder in Oman"}]},{"@type":"WebSite","@id":"https:\/\/www.humanium.org\/de\/#website","url":"https:\/\/www.humanium.org\/de\/","name":"Humanium","description":"Kinder zuerst!","potentialAction":[{"@type":"SearchAction","target":{"@type":"EntryPoint","urlTemplate":"https:\/\/www.humanium.org\/de\/?s={search_term_string}"},"query-input":{"@type":"PropertyValueSpecification","valueRequired":true,"valueName":"search_term_string"}}],"inLanguage":"de"}]}},"_links":{"self":[{"href":"https:\/\/www.humanium.org\/de\/wp-json\/wp\/v2\/pages\/7089","targetHints":{"allow":["GET"]}}],"collection":[{"href":"https:\/\/www.humanium.org\/de\/wp-json\/wp\/v2\/pages"}],"about":[{"href":"https:\/\/www.humanium.org\/de\/wp-json\/wp\/v2\/types\/page"}],"author":[{"embeddable":true,"href":"https:\/\/www.humanium.org\/de\/wp-json\/wp\/v2\/users\/1"}],"replies":[{"embeddable":true,"href":"https:\/\/www.humanium.org\/de\/wp-json\/wp\/v2\/comments?post=7089"}],"version-history":[{"count":5,"href":"https:\/\/www.humanium.org\/de\/wp-json\/wp\/v2\/pages\/7089\/revisions"}],"predecessor-version":[{"id":20196,"href":"https:\/\/www.humanium.org\/de\/wp-json\/wp\/v2\/pages\/7089\/revisions\/20196"}],"wp:attachment":[{"href":"https:\/\/www.humanium.org\/de\/wp-json\/wp\/v2\/media?parent=7089"}],"curies":[{"name":"wp","href":"https:\/\/api.w.org\/{rel}","templated":true}]}}