{"id":7095,"date":"2016-08-20T13:58:41","date_gmt":"2016-08-20T13:58:41","guid":{"rendered":"http:\/\/www.humanium.org\/de\/?page_id=7095"},"modified":"2025-12-05T16:58:07","modified_gmt":"2025-12-05T16:58:07","slug":"die-kinder-sudkoreas","status":"publish","type":"page","link":"https:\/\/www.humanium.org\/de\/die-kinder-sudkoreas\/","title":{"rendered":"Die Kinder S\u00fcdkoreas"},"content":{"rendered":"<h1>Die Kinder S\u00fcdkoreas<\/h1>\n<h2>Kinderrechte in S\u00fcdkorea verwirklichen<\/h2>\n<p style=\"text-align: center;\"><img loading=\"lazy\" decoding=\"async\" class=\"alignnone size-full wp-image-4812\" title=\"Girl of South Korea \u00a9 Tomcensani (flickr)\" src=\"https:\/\/www.humanium.org\/en\/wp-content\/uploads\/2011\/10\/coree-sud-fille-tomcensani-flickr.jpg\" alt=\"\" width=\"208\" height=\"200\" \/> <img loading=\"lazy\" decoding=\"async\" class=\"alignnone size-full wp-image-4813\" title=\"Boy of South Korea \u00a9 Nyello8 (flickr)\" src=\"https:\/\/www.humanium.org\/en\/wp-content\/uploads\/2011\/10\/coree-sud-garcon-nyello8-flickr.jpg\" alt=\"\" width=\"153\" height=\"200\" \/><\/p>\n<p>S\u00fcdkorea, offiziell als Republik Korea bezeichnet, geh\u00f6rt zu den m\u00e4chtigsten Volkswirtschaften in Ostasien. Und S\u00fcdkorea ist nicht nur Empf\u00e4nger humanit\u00e4rer Hilfe, sondern bietet diese auch selbst an. Dennoch, trotz der gro\u00dfen Fortschritte, die S\u00fcdkorea bereits gemacht hat, gibt es nach wie vor bestimmte Probleme \u2013 insbesondere im Bereich der Kinderrechte.<\/p>\n<h3>Hauptprobleme, denen Kinder in S\u00fcdkorea ausgesetzt sind:<\/h3>\n<p><strong><a href=\"https:\/\/www.humanium.org\/en\/abuse\/\">Kindesmissbrauch<br \/>\n<\/a><\/strong><br \/>\nEigentlich, ist\u00a0<a href=\"https:\/\/www.humanium.org\/en\/abuse\/\">k\u00f6rperliche Z\u00fcchtigung<\/a> in S\u00fcdkorea verboten. Dennoch begegnet man dieser Art von Bestrafung sowohl im Elternhaus als auch in Bildungseinrichtungen. Lehrer lehnen es nicht grunds\u00e4tzlich ab, ihre Sch\u00fcler zu schlagen oder zu pr\u00fcgeln. Eltern greifen zum Mittel der k\u00f6rperlichen Z\u00fcchtigung, weil sie glauben, dass es den Charakter ihrer Kinder st\u00e4rke und wollen ihnen so zeigen, wie sehr sie sie lieben.<\/p>\n<p><strong>Recht auf Bildung<br \/>\n<\/strong><strong><br \/>\n<\/strong> <img loading=\"lazy\" decoding=\"async\" class=\"alignright size-full wp-image-4816\" title=\"South Korea\u2019s education system is very competitive \u00a9 Nyello8 (flickr)\" src=\"https:\/\/www.humanium.org\/en\/wp-content\/uploads\/2011\/11\/coree-sud-education-nyello8-flickr.jpg\" alt=\"\" width=\"219\" height=\"146\" \/>Das s\u00fcdkoreanische Bildungssystem\u00a0ist sehr wettbewerbs- und leistungsorientiert. Kinder sind starkem Druck ausgesetzt und einige von ihnen k\u00f6nnen diesem Druck nicht standhalten. Einige von ihnen haben aus diesem Grund bereits Selbstmord begangen, da sie den kontinuierlichen Wettbewerb und den Missbrauch, dem sie durch ihre Lehrer ausgesetzt sind, nicht l\u00e4nger ertragen konnten. Es wurden bereits Pr\u00e4ventionskampagnen durchgef\u00fchrt, allerdings sind diese nicht ausreichend, um dem Problem des Suizids bei Minderj\u00e4hrigen tats\u00e4chlich effektiv zu begegnen.<\/p>\n<p><strong><a href=\"https:\/\/www.humanium.org\/en\/nondiscrimination\/\">Nichtdiskriminierung<\/a><\/strong> <img loading=\"lazy\" decoding=\"async\" class=\"alignright size-full wp-image-4817\" title=\"The children of international marriages experience difficulties in speaking Korean \u00a9 Onbangladesh (flickr)\" src=\"https:\/\/www.humanium.org\/en\/wp-content\/uploads\/2011\/11\/coree-sud-discrimination-onbangladesh-flickr.jpg\" alt=\"\" width=\"200\" height=\"150\" \/><\/p>\n<p>Kinder aus internationalen Ehen haben Schwierigkeiten, flie\u00dfend Koreanisch zu sprechen. Dementsprechend kommt es bei ihnen in der Schule h\u00e4ufiger zu Verst\u00e4ndnis- und Lernschwierigkeiten. Dies f\u00fchrt dann wiederum dazu, dass sie von Klassenkameraden und mitunter auch Lehrern geh\u00e4nselt und gemobbt werden. Migrantenkinder sind im Lernkontext \u00e4hnlichen Schwierigkeiten ausgesetzt.<\/p>\n<p><strong><a href=\"https:\/\/www.humanium.org\/en\/disabled-children\/\">Behinderte Kinder<br \/>\n<\/a><\/strong><br \/>\nKinder, die an psychischen oder k\u00f6rperlichen Beeintr\u00e4chtigungen leiden, werden von den sozialen Sicherungssystemen oftmals an den Rand gedr\u00e4ngt. Sie gehen nicht zur Schule und haben deshalb auch keinen Platz in der Zivilgesellschaft. Dar\u00fcber hinaus ist es behinderten Kindern oftmals kaum m\u00f6glich, sich in ihrer Situation zurechtzufinden, weil sie nicht die <a href=\"https:\/\/www.humanium.org\/en\/fundamental-rights\/health\/\">gesundheitliche Versorgung erhalten<\/a>, die sie ben\u00f6tigen w\u00fcrden.<\/p>\n<p><strong><a href=\"https:\/\/www.humanium.org\/en\/fundamental-rights\/freedom\/\">Meinungsfreiheit<br \/>\n<\/a><\/strong><strong><a href=\"https:\/\/www.humanium.org\/en\/fundamental-rights\/freedom\/\"><br \/>\n<\/a><\/strong> <img loading=\"lazy\" decoding=\"async\" class=\"alignright size-full wp-image-4818\" title=\"In certain educational establishments, the opinions of children are not considered important (flickr)\" src=\"https:\/\/www.humanium.org\/en\/wp-content\/uploads\/2011\/11\/coree-sud-expression-flickr.jpg\" alt=\"\" width=\"171\" height=\"114\" \/>In einigen Bildungseinrichtungen,\u00a0<a href=\"https:\/\/www.humanium.org\/en\/fundamental-rights\/freedom\/\">wird die Meinung von Kindern \u00fcberhaupt nicht ber\u00fccksichtigt.<\/a> Der Kinderrechtsausschuss hat deshalb empfohlen, dass die s\u00fcdkoreanische Regierung mehr tun muss, um die Teilhabe und Meinungen von Kindern auf allen Ebenen zu ber\u00fccksichtigen \u2013 sowohl zu Hause, als auch in der Schule und in der Gesellschaft insgesamt.<\/p>\n<p><strong><a href=\"https:\/\/www.humanium.org\/en\/sexual-abuse-children\/\">Sexueller Missbrauch<\/a><\/strong><\/p>\n<p>S\u00fcdkorea ist sowohl Quelle, als auch Umschlagplatz und Ziel des<a href=\"https:\/\/www.humanium.org\/en\/sexual-abuse-children\/\"> Sexhandels<\/a>, , insbesondere jenem, der mit Frauen und Kindern handelt. Junge chinesische M\u00e4dchen werden durch S\u00fcdkorea geschleust, bevor sie in die USA weitergeschickt und dort sexuell ausgebeutet werden. Frauen aus Russland, Usbekistan, China, den Philippinen, Thailand und anderen s\u00fcdasiatischen L\u00e4ndern werden oft wirtschaftlich und sexuell ausgebeutet. Sie werden mit falschen Versprechen auf Arbeit nach S\u00fcdkorea gelockt; einmal da, merken sie schnell, dass sie stattdessen s\u00fcdkoreanischen M\u00e4nnern versprochen wurden oder dass die in Aussicht gestellte Arbeit in Verbindung mit Sextourismus steht.<\/p>\n<p><strong>Umwelt<\/strong><\/p>\n<p>Jeder Einwohner S\u00fcdkoreas produziert ca. 3,7 Millionen Tonnen Kohlendioxid pro Jahr. Dieses Problem muss dringend angegangen werden. Die Auswirkungen solcher Umweltverschmutzungen treffen Kinder besonders. Es gef\u00e4hrdet ihr Recht darauf, in einer gesunden Umwelt aufzuwachsen und zu leben und es beeintr\u00e4chtigt ihre Zukunftsaussichten. S\u00fcdkorea hat erste Fortschritte darin gemacht, seinen Umwelt-Fu\u00dfabdruck zu minimieren, aber es muss noch weitaus mehr getan werden.<\/p>\n","protected":false},"excerpt":{"rendered":"<p>Die Kinder S\u00fcdkoreas Kinderrechte in S\u00fcdkorea verwirklichen S\u00fcdkorea, offiziell als Republik Korea bezeichnet, geh\u00f6rt zu den m\u00e4chtigsten Volkswirtschaften in Ostasien. Und S\u00fcdkorea ist nicht nur Empf\u00e4nger humanit\u00e4rer Hilfe, sondern bietet diese auch selbst an. Dennoch, trotz der gro\u00dfen Fortschritte, die S\u00fcdkorea bereits gemacht hat, gibt es nach wie vor bestimmte Probleme \u2013 insbesondere im Bereich [&hellip;]<\/p>\n","protected":false},"author":1,"featured_media":0,"parent":0,"menu_order":0,"comment_status":"closed","ping_status":"closed","template":"","meta":{"footnotes":""},"class_list":["post-7095","page","type-page","status-publish","hentry"],"yoast_head":"<!-- This site is optimized with the Yoast SEO plugin v26.5 - https:\/\/yoast.com\/wordpress\/plugins\/seo\/ -->\n<title>Die Kinder S\u00fcdkoreas - Humanium<\/title>\n<meta name=\"description\" content=\"Trotz der gro\u00dfen Fortschritte, die S\u00fcdkorea bereits gemacht hat, gibt es nach wie vor bestimmte Probleme \u2013 insbesondere im Bereich der Kinderrechte.\" \/>\n<meta name=\"robots\" content=\"index, follow, max-snippet:-1, max-image-preview:large, max-video-preview:-1\" \/>\n<link rel=\"canonical\" href=\"https:\/\/www.humanium.org\/de\/die-kinder-sudkoreas\/\" \/>\n<meta property=\"og:locale\" content=\"de_DE\" \/>\n<meta property=\"og:type\" content=\"article\" \/>\n<meta property=\"og:title\" content=\"Die Kinder S\u00fcdkoreas - Humanium\" \/>\n<meta property=\"og:description\" content=\"Trotz der gro\u00dfen Fortschritte, die S\u00fcdkorea bereits gemacht hat, gibt es nach wie vor bestimmte Probleme \u2013 insbesondere im Bereich der Kinderrechte.\" \/>\n<meta property=\"og:url\" content=\"https:\/\/www.humanium.org\/de\/die-kinder-sudkoreas\/\" \/>\n<meta property=\"og:site_name\" content=\"Humanium\" \/>\n<meta property=\"article:modified_time\" content=\"2025-12-05T16:58:07+00:00\" \/>\n<meta name=\"twitter:card\" content=\"summary_large_image\" \/>\n<meta name=\"twitter:label1\" content=\"Gesch\u00e4tzte Lesezeit\" \/>\n\t<meta name=\"twitter:data1\" content=\"4\u00a0Minuten\" \/>\n<script type=\"application\/ld+json\" class=\"yoast-schema-graph\">{\"@context\":\"https:\/\/schema.org\",\"@graph\":[{\"@type\":\"WebPage\",\"@id\":\"https:\/\/www.humanium.org\/de\/die-kinder-sudkoreas\/\",\"url\":\"https:\/\/www.humanium.org\/de\/die-kinder-sudkoreas\/\",\"name\":\"Die Kinder S\u00fcdkoreas - Humanium\",\"isPartOf\":{\"@id\":\"https:\/\/www.humanium.org\/de\/#website\"},\"primaryImageOfPage\":{\"@id\":\"https:\/\/www.humanium.org\/de\/die-kinder-sudkoreas\/#primaryimage\"},\"image\":{\"@id\":\"https:\/\/www.humanium.org\/de\/die-kinder-sudkoreas\/#primaryimage\"},\"thumbnailUrl\":\"https:\/\/www.humanium.org\/en\/wp-content\/uploads\/2011\/10\/coree-sud-fille-tomcensani-flickr.jpg\",\"datePublished\":\"2016-08-20T13:58:41+00:00\",\"dateModified\":\"2025-12-05T16:58:07+00:00\",\"description\":\"Trotz der gro\u00dfen Fortschritte, die S\u00fcdkorea bereits gemacht hat, gibt es nach wie vor bestimmte Probleme \u2013 insbesondere im Bereich der Kinderrechte.\",\"breadcrumb\":{\"@id\":\"https:\/\/www.humanium.org\/de\/die-kinder-sudkoreas\/#breadcrumb\"},\"inLanguage\":\"de\",\"potentialAction\":[{\"@type\":\"ReadAction\",\"target\":[\"https:\/\/www.humanium.org\/de\/die-kinder-sudkoreas\/\"]}]},{\"@type\":\"ImageObject\",\"inLanguage\":\"de\",\"@id\":\"https:\/\/www.humanium.org\/de\/die-kinder-sudkoreas\/#primaryimage\",\"url\":\"https:\/\/www.humanium.org\/en\/wp-content\/uploads\/2011\/10\/coree-sud-fille-tomcensani-flickr.jpg\",\"contentUrl\":\"https:\/\/www.humanium.org\/en\/wp-content\/uploads\/2011\/10\/coree-sud-fille-tomcensani-flickr.jpg\"},{\"@type\":\"BreadcrumbList\",\"@id\":\"https:\/\/www.humanium.org\/de\/die-kinder-sudkoreas\/#breadcrumb\",\"itemListElement\":[{\"@type\":\"ListItem\",\"position\":1,\"name\":\"Home\",\"item\":\"https:\/\/www.humanium.org\/de\/\"},{\"@type\":\"ListItem\",\"position\":2,\"name\":\"Die Kinder S\u00fcdkoreas\"}]},{\"@type\":\"WebSite\",\"@id\":\"https:\/\/www.humanium.org\/de\/#website\",\"url\":\"https:\/\/www.humanium.org\/de\/\",\"name\":\"Humanium\",\"description\":\"Kinder zuerst!\",\"potentialAction\":[{\"@type\":\"SearchAction\",\"target\":{\"@type\":\"EntryPoint\",\"urlTemplate\":\"https:\/\/www.humanium.org\/de\/?s={search_term_string}\"},\"query-input\":{\"@type\":\"PropertyValueSpecification\",\"valueRequired\":true,\"valueName\":\"search_term_string\"}}],\"inLanguage\":\"de\"}]}<\/script>\n<!-- \/ Yoast SEO plugin. -->","yoast_head_json":{"title":"Die Kinder S\u00fcdkoreas - Humanium","description":"Trotz der gro\u00dfen Fortschritte, die S\u00fcdkorea bereits gemacht hat, gibt es nach wie vor bestimmte Probleme \u2013 insbesondere im Bereich der Kinderrechte.","robots":{"index":"index","follow":"follow","max-snippet":"max-snippet:-1","max-image-preview":"max-image-preview:large","max-video-preview":"max-video-preview:-1"},"canonical":"https:\/\/www.humanium.org\/de\/die-kinder-sudkoreas\/","og_locale":"de_DE","og_type":"article","og_title":"Die Kinder S\u00fcdkoreas - Humanium","og_description":"Trotz der gro\u00dfen Fortschritte, die S\u00fcdkorea bereits gemacht hat, gibt es nach wie vor bestimmte Probleme \u2013 insbesondere im Bereich der Kinderrechte.","og_url":"https:\/\/www.humanium.org\/de\/die-kinder-sudkoreas\/","og_site_name":"Humanium","article_modified_time":"2025-12-05T16:58:07+00:00","twitter_card":"summary_large_image","twitter_misc":{"Gesch\u00e4tzte Lesezeit":"4\u00a0Minuten"},"schema":{"@context":"https:\/\/schema.org","@graph":[{"@type":"WebPage","@id":"https:\/\/www.humanium.org\/de\/die-kinder-sudkoreas\/","url":"https:\/\/www.humanium.org\/de\/die-kinder-sudkoreas\/","name":"Die Kinder S\u00fcdkoreas - Humanium","isPartOf":{"@id":"https:\/\/www.humanium.org\/de\/#website"},"primaryImageOfPage":{"@id":"https:\/\/www.humanium.org\/de\/die-kinder-sudkoreas\/#primaryimage"},"image":{"@id":"https:\/\/www.humanium.org\/de\/die-kinder-sudkoreas\/#primaryimage"},"thumbnailUrl":"https:\/\/www.humanium.org\/en\/wp-content\/uploads\/2011\/10\/coree-sud-fille-tomcensani-flickr.jpg","datePublished":"2016-08-20T13:58:41+00:00","dateModified":"2025-12-05T16:58:07+00:00","description":"Trotz der gro\u00dfen Fortschritte, die S\u00fcdkorea bereits gemacht hat, gibt es nach wie vor bestimmte Probleme \u2013 insbesondere im Bereich der Kinderrechte.","breadcrumb":{"@id":"https:\/\/www.humanium.org\/de\/die-kinder-sudkoreas\/#breadcrumb"},"inLanguage":"de","potentialAction":[{"@type":"ReadAction","target":["https:\/\/www.humanium.org\/de\/die-kinder-sudkoreas\/"]}]},{"@type":"ImageObject","inLanguage":"de","@id":"https:\/\/www.humanium.org\/de\/die-kinder-sudkoreas\/#primaryimage","url":"https:\/\/www.humanium.org\/en\/wp-content\/uploads\/2011\/10\/coree-sud-fille-tomcensani-flickr.jpg","contentUrl":"https:\/\/www.humanium.org\/en\/wp-content\/uploads\/2011\/10\/coree-sud-fille-tomcensani-flickr.jpg"},{"@type":"BreadcrumbList","@id":"https:\/\/www.humanium.org\/de\/die-kinder-sudkoreas\/#breadcrumb","itemListElement":[{"@type":"ListItem","position":1,"name":"Home","item":"https:\/\/www.humanium.org\/de\/"},{"@type":"ListItem","position":2,"name":"Die Kinder S\u00fcdkoreas"}]},{"@type":"WebSite","@id":"https:\/\/www.humanium.org\/de\/#website","url":"https:\/\/www.humanium.org\/de\/","name":"Humanium","description":"Kinder zuerst!","potentialAction":[{"@type":"SearchAction","target":{"@type":"EntryPoint","urlTemplate":"https:\/\/www.humanium.org\/de\/?s={search_term_string}"},"query-input":{"@type":"PropertyValueSpecification","valueRequired":true,"valueName":"search_term_string"}}],"inLanguage":"de"}]}},"_links":{"self":[{"href":"https:\/\/www.humanium.org\/de\/wp-json\/wp\/v2\/pages\/7095","targetHints":{"allow":["GET"]}}],"collection":[{"href":"https:\/\/www.humanium.org\/de\/wp-json\/wp\/v2\/pages"}],"about":[{"href":"https:\/\/www.humanium.org\/de\/wp-json\/wp\/v2\/types\/page"}],"author":[{"embeddable":true,"href":"https:\/\/www.humanium.org\/de\/wp-json\/wp\/v2\/users\/1"}],"replies":[{"embeddable":true,"href":"https:\/\/www.humanium.org\/de\/wp-json\/wp\/v2\/comments?post=7095"}],"version-history":[{"count":5,"href":"https:\/\/www.humanium.org\/de\/wp-json\/wp\/v2\/pages\/7095\/revisions"}],"predecessor-version":[{"id":20125,"href":"https:\/\/www.humanium.org\/de\/wp-json\/wp\/v2\/pages\/7095\/revisions\/20125"}],"wp:attachment":[{"href":"https:\/\/www.humanium.org\/de\/wp-json\/wp\/v2\/media?parent=7095"}],"curies":[{"name":"wp","href":"https:\/\/api.w.org\/{rel}","templated":true}]}}