{"id":7099,"date":"2016-08-22T22:38:20","date_gmt":"2016-08-22T22:38:20","guid":{"rendered":"http:\/\/www.humanium.org\/de\/?page_id=7099"},"modified":"2025-12-06T06:19:28","modified_gmt":"2025-12-06T06:19:28","slug":"salomonen","status":"publish","type":"page","link":"https:\/\/www.humanium.org\/de\/salomonen\/","title":{"rendered":"Die Kinder der Salomonen"},"content":{"rendered":"<h1>Die Kinder der Salomonen<\/h1>\n<h2>Durchsetzung der Kinderrechte auf den Salomonen<\/h2>\n<p style=\"text-align: center;\"><img loading=\"lazy\" decoding=\"async\" class=\"alignnone wp-image-12517\" title=\"Girl of Solomon Islands-Australian-Civil-Military-Centre-flickr\" src=\"https:\/\/www.humanium.org\/en\/wp-content\/uploads\/2013\/02\/Girl-Australian-Civil-Military-Centre-flickr.jpg\" alt=\"\" width=\"250\" height=\"200\" \/>\u00a0\u00a0<img loading=\"lazy\" decoding=\"async\" class=\"alignnone wp-image-12518\" title=\"boy of Solomon islands_tom-gruber-flickr\" src=\"https:\/\/www.humanium.org\/en\/wp-content\/uploads\/2013\/02\/tom-gruber-flickr.jpg\" alt=\"\" width=\"230\" height=\"200\" \/><\/p>\n<p>Die Entwicklung der Salomonen wird durch verschiedene Hindernisse gehemmt. Seit einem B\u00fcrgerkrieg im letzten Jahrzehnt k\u00e4mpft das Land mit schwerwiegenden wirtschaftlichen Problemen wie Armut und Arbeitslosigkeit, wobei seit kurzem ein st\u00e4rkeres Wachstum zu verzeichnen ist.<br \/>\nDie Einwohner der Inselgruppe sind zudem durch Naturkatastrophen gef\u00e4hrdet, so dass die Situation der Kinder alles andere als ideal ist. Die Salomonen \u00fcberarbeiten deshalb ihre Gesetze zum Schutz der Grundrechte von Kindern.<\/p>\n<h3>Hauptprobleme der Kinder auf den Salomonen:<\/h3>\n<p><a href=\"https:\/\/www.humanium.org\/de\/armut\/\" target=\"_blank\" rel=\"noopener\"><strong>Armut<\/strong><\/a><\/p>\n<p><img loading=\"lazy\" decoding=\"async\" class=\"alignright wp-image-12521\" title=\"Children of Solomon Islands_luigig-flickr\" src=\"https:\/\/www.humanium.org\/en\/wp-content\/uploads\/2013\/02\/luigig-flickr-300x230.jpg\" alt=\"\" width=\"250\" height=\"200\" \/>Die Salomonen sind mit sehr niedrigen Indikatoren f\u00fcr humane Entwicklung (Human Development Index, HDI) das \u00e4rmste Land in der Pazifikregion. Die wichtigsten Wirtschaftsaktivit\u00e4ten basieren auf Fischerei, Waldnutzung und Landwirtschaft f\u00fcr den Eigenbedarf.<br \/>\nNur eine begrenzte Anzahl von Familien kann von Kranken- und Sozialversicherungsleistungen profitieren. Auch Elektrizit\u00e4t, sanit\u00e4re Anlagen und flie\u00dfendes <a href=\"https:\/\/www.humanium.org\/de\/recht-wasser\/\" target=\"_blank\" rel=\"noopener\">Wasser<\/a> sind Privilegien, die nur von einem sehr kleinen Teil der Bev\u00f6lkerung genutzt werden k\u00f6nnen. Viele Kinder leiden unter den Folgen der <a href=\"https:\/\/www.humanium.org\/de\/kinderarmut\/\" target=\"_blank\" rel=\"noopener\">extremen Armut<\/a> im Land.<\/p>\n<p><a title=\"Right to education\" href=\"https:\/\/www.humanium.org\/de\/recht-bildung\/\" target=\"_blank\" rel=\"noopener\"><strong>Bildung<\/strong><\/a><\/p>\n<p>Leider besteht auf den Salomonen keine Schulpflicht. Weder f\u00fcr den Beginn noch f\u00fcr den Abschluss der Grundschule wurde je ein bestimmtes Alter festgelegt.<br \/>\nAus diesem Grund besuchen mindestens 20\u201325 % der Kinder im entsprechenden Alter keine <a href=\"https:\/\/www.humanium.org\/de\/recht-bildung\/\" target=\"_blank\" rel=\"noopener\">Schule<\/a>, und etwa 30 % aller Kinder verlassen die Schule noch vor Ablauf der Grundschulzeit. Diese Tatsache und das Fehlen eines Mindestalters f\u00fcr Erwerbst\u00e4tigkeit f\u00fchren dazu, dass viele Kinder unter unzumutbaren Bedingungen als <a href=\"https:\/\/www.humanium.org\/de\/kinderarbeit-2\/\" target=\"_blank\" rel=\"noopener\">Arbeitskr\u00e4fte<\/a> ausgebeutet werden.<\/p>\n<p><img loading=\"lazy\" decoding=\"async\" class=\"alignright wp-image-12523\" title=\"Two girls_webwontok-flickr\" src=\"https:\/\/www.humanium.org\/en\/wp-content\/uploads\/2013\/02\/webwontok-flickr-300x199.jpg\" alt=\"\" width=\"300\" height=\"200\" \/>Auf den Salomonen besuchen weniger M\u00e4dchen als Jungen die Grundschule. In der Sekundarstufe wird die Differenz noch deutlicher.<br \/>\nAuch die Lehrqualit\u00e4t wird kritisiert, da es nur wenige qualifizierte Lehrer gibt. Zudem h\u00e4ngt das Niveau der Schulbildung und die Anzahl der Kinder stark von der jeweiligen Insel ab.<\/p>\n<p><a href=\"https:\/\/www.humanium.org\/de\/das-recht-auf-gesundheit\/\" target=\"_blank\" rel=\"noopener\"><strong>Gesundheit<\/strong><\/a><\/p>\n<p>Im Jahr 2010 lag die Sterblichkeitsrate von Kindern unter 5 Jahren bei 27 %. Die Zahl ist sehr hoch, zeigt aber den Fortschritt seit dem Jahr 1990, in dem die <a href=\"https:\/\/www.humanium.org\/de\/kindersterblichkeit\/\" target=\"_blank\" rel=\"noopener\">Sterblichkeitsrate<\/a> von Kindern unter 5 Jahren bei 45 % lag.<\/p>\n<p><img loading=\"lazy\" decoding=\"async\" class=\"alignright wp-image-12524\" title=\"Smiling boy_boy-Friar-s-Balsam-flickr\" src=\"https:\/\/www.humanium.org\/en\/wp-content\/uploads\/2013\/02\/boy-Friar-s-Balsam-flickr-300x225.jpg\" alt=\"\" width=\"300\" height=\"200\" \/>Etwa 12 % der Kinder unter 5 Jahren leiden aufgrund von Mangelern\u00e4hrung an <a href=\"https:\/\/www.humanium.org\/de\/kinderkrankheiten\/\" target=\"_blank\" rel=\"noopener\">Untergewicht<\/a>.<br \/>\nViele Krankenh\u00e4user mussten aus finanziellen Gr\u00fcnden schlie\u00dfen, sodass Kindern der Zugang zu <a href=\"https:\/\/www.humanium.org\/de\/das-recht-auf-gesundheit\/\" target=\"_blank\" rel=\"noopener\">medizinischer Versorgung<\/a> teilweise verwehrt bleibt.<\/p>\n<p>Das Risiko einer <a href=\"https:\/\/www.humanium.org\/de\/kinder-und-aids\/\" target=\"_blank\" rel=\"noopener\">Geschlechtskrankheit<\/a> ist f\u00fcr Jugendliche extrem hoch, w\u00e4hrend M\u00e4dchen nicht gegen ungewollte Schwangerschaften gesch\u00fctzt sind.<br \/>\nJugendliche werden mit gesundheitlichen Problemen, darunter auch psychischen Erkrankungen, aufgrund fehlender Pl\u00e4ne und Richtlinien allein gelassen. <a href=\"https:\/\/www.humanium.org\/de\/kinder-und-sucht\/\" target=\"_blank\" rel=\"noopener\">Tabak-, Alkohol- und Drogenmissbrauch<\/a> sind unter den jungen Menschen im Land ebenfalls weit verbreitet.<\/p>\n<p><a href=\"https:\/\/www.humanium.org\/de\/was-ist-gerechtigkeit\/\" target=\"_blank\" rel=\"noopener\"><strong>Recht und Gerechtigkeit<\/strong><\/a><\/p>\n<p>Das Mindestalter f\u00fcr Strafm\u00fcndigkeit liegt im Moment bei 8 Jahren. Das Kinderrechtskomitee fordert die Salomonen dazu auf, das Mindestalter f\u00fcr Strafm\u00fcndigkeit zu erh\u00f6hen und an den internationalen Standard anzupassen, um sicherzustellen, dass alle Kinder unter 18 Jahren vom Jugendstrafrecht profitieren.<br \/>\nEs gibt noch immer keine separaten Jugendhaftanstalten, so dass Kinder und Jugendliche ihre Zellen mit Erwachsenen teilen m\u00fcssen. Zudem verb\u00fc\u00dfen sie vor Anklageerhebung in der Regel ihre Untersuchungshaft im Zentralgef\u00e4ngnis von Rove, zusammen mit regul\u00e4ren H\u00e4ftlingen.<\/p>\n<p><a href=\"https:\/\/www.humanium.org\/de\/kinderarbeit-2\/\" target=\"_blank\" rel=\"noopener\"><strong>Kinderarbeit<\/strong><\/a><\/p>\n<p>Das Mindestalter f\u00fcr Erwerbst\u00e4tigkeit liegt bei 12 Jahren, was als zu niedrig angesehen wird.<\/p>\n<p>Zahlreiche Kinder unter 15 Jahren sind erwerbst\u00e4tig und arbeiten oft viele Stunden am Tag unter sehr schlechten Bedingungen. Deshalb besuchen viele Kinder keinen Schulunterricht.<br \/>\nAufgrund der extremen Armut m\u00fcssen viele Kinder arbeiten, um ihre Eltern finanziell zu unterst\u00fctzen. Besonders junge M\u00e4dchen werden oft als Haushaltshilfen besch\u00e4ftigt, manchmal bei entfernten Verwandten.<br \/>\nDie Internationale Arbeitsorganisation (ILO) sch\u00e4tzt, dass 24 % aller Kinder zwischen 10 und 14 Jahren von Kinderarbeit betroffen sind.<\/p>\n<p>Besonders die schlimmste Form der Kinderarbeit stellt auf den Salomonen ein gro\u00dfes Problem dar: Die <a href=\"https:\/\/www.humanium.org\/de\/die-sexuelle-ausbeutung-von-kindern\/\" target=\"_blank\" rel=\"noopener\">sexuelle Ausbeutung<\/a> von Kindern und der Kinderhandel. In der prek\u00e4ren Wirtschaftslage des Landes sind Kinder beiden Geschlechts den Gefahren der <a href=\"https:\/\/www.humanium.org\/de\/kinderprostitution\/\" target=\"_blank\" rel=\"noopener\">Prostitution<\/a> ausgesetzt.<br \/>\nDie Polizei hat keine klaren Anweisungen dazu, wie dieses Problem zu bek\u00e4mpfen ist, und es gibt keine Einrichtung, die sich um die Rehabilitation der minderj\u00e4hrigen Opfer k\u00fcmmert.<br \/>\nDie genaue Anzahl ausgebeuteter Kinder ist nicht bekannt.<\/p>\n<p><a href=\"https:\/\/www.humanium.org\/de\/focusdiskriminierung\/\" target=\"_blank\" rel=\"noopener\"><strong>Dikriminierung<\/strong><\/a><\/p>\n<p><a href=\"https:\/\/www.humanium.org\/de\/die-rechte-von-madchen\/\" target=\"_blank\" rel=\"noopener\">Frauen und M\u00e4dchen<\/a> werden weiterhin h\u00e4ufig diskriminiert. In Schulklassen sind M\u00e4dchen in der Unterzahl. Frauen gelten neben dem Mann als minderwertig und nur wenige Frauen sind berufst\u00e4tig, da ihnen nicht viel Verantwortung \u00fcbertragen wird.<\/p>\n<p><img loading=\"lazy\" decoding=\"async\" class=\"alignright wp-image-12525\" title=\"Boy_United nations photo (flickr)\" src=\"https:\/\/www.humanium.org\/en\/wp-content\/uploads\/2013\/02\/united-nations-photo-flickr-206x300.jpg\" alt=\"\" width=\"150\" height=\"200\" \/>Das Recht auf Gleichbehandlung bleibt besonders im Hinblick auf <a href=\"https:\/\/www.humanium.org\/de\/recht-bildung\/\" target=\"_blank\" rel=\"noopener\">Bildung<\/a> und ausreichende <a href=\"https:\/\/www.humanium.org\/de\/das-recht-auf-gesundheit\/\" target=\"_blank\" rel=\"noopener\">medizinische Versorgung<\/a> denjenigen Kindern verwehrt, die ethnischen Minderheiten angeh\u00f6ren, in \u00e4rmeren Haushalten aufwachsen, auf abgelegenen Inseln leben, unehelich geboren wurden oder eine <a href=\"https:\/\/www.humanium.org\/de\/kinder-mit-behinderung\/\" target=\"_blank\" rel=\"noopener\">Behinderung<\/a> haben.<\/p>\n<p><strong><a title=\"Violence\" href=\"https:\/\/www.humanium.org\/de\/gewalt\/\" target=\"_blank\" rel=\"noopener\">Gewalt<\/a> and <a title=\"Abuse\" href=\"https:\/\/www.humanium.org\/de\/misshandlung\/\" target=\"_blank\" rel=\"noopener\">Missbrauch<\/a><br \/>\n<\/strong><\/p>\n<p>K\u00f6rperliche Z\u00fcchtigung ist in Familien, Schulen und anderen Einrichtungen wie Gef\u00e4ngnissen und alternativen Betreuungseinrichtungen weit verbreitet.<\/p>\n<p>Dieses Vorgehen ist gesetzlich erlaubt, weshalb das Kinderrechtskomitee eine Gesetzes\u00e4nderung forderte.<\/p>\n<p><a href=\"https:\/\/www.humanium.org\/de\/misshandlung\/\" target=\"_blank\" rel=\"noopener\">Missbrauchsf\u00e4lle<\/a> m\u00fcssen nicht gemeldet werden, und es existieren keine Verfahren zum Einreichen einer Beschwerde, zur Unterbringung eines misshandelten Kindes oder zu dessen bedarfsgerechter Betreuung.<br \/>\nDie Anzahl gemeldeter F\u00e4lle von h\u00e4uslicher Gewalt ist ebenfalls besorgniserregend. Viele Frauen leiden unter <a href=\"https:\/\/www.humanium.org\/de\/misshandlung\/\" target=\"_blank\" rel=\"noopener\">k\u00f6rperlicher und sexueller Gewalt<\/a> im engeren oder weiteren Familienkreis, ohne dasss die T\u00e4ter daf\u00fcr bestraft werden. Zudem werden M\u00fctter und andere Familienmitglieder meist vor den Augen der Kinder misshandelt.<\/p>\n<p>Nach einem Bericht der UNICEF gaben 37 % aller Frauen an, im Alter unter 15 Jahren missbraucht worden zu sein.<\/p>\n<p>Die T\u00e4ter dieses k\u00f6rperlichen und <a href=\"https:\/\/www.humanium.org\/de\/misshandlung\/\" target=\"_blank\" rel=\"noopener\">sexuellen Missbrauchs <\/a>werden nur in sehr wenigen F\u00e4llen verhaftet und vor Gericht gebracht.<\/p>\n<p><strong><a title=\"Street Children\" href=\"https:\/\/www.humanium.org\/de\/strasenkinder\/\" target=\"_blank\" rel=\"noopener\">Stra\u00dfenkinder<\/a><br \/>\n<\/strong><\/p>\n<p>Kinder, die auf der Stra\u00dfe leben m\u00fcssen, sind den Gefahren <a href=\"https:\/\/www.humanium.org\/de\/misshandlung\/\" target=\"_blank\" rel=\"noopener\">sexuellen Missbrauchs<\/a> und <a href=\"https:\/\/www.humanium.org\/de\/gewalt\/\" target=\"_blank\" rel=\"noopener\">Gewalt<\/a>, unter anderem durch die Polizei, besonders stark ausgesetzt. Weitere Probleme, denen vor allem Stra\u00dfenkinder begegnen, sind Ausbeutung, <a href=\"https:\/\/www.humanium.org\/de\/kinder-und-sucht\/\" target=\"_blank\" rel=\"noopener\">Drogenmissbrauch<\/a>, <a href=\"https:\/\/www.humanium.org\/de\/kinder-und-aids\/\" target=\"_blank\" rel=\"noopener\">Geschlechtskrankheiten<\/a> und <a href=\"https:\/\/www.humanium.org\/de\/kinderkrankheiten\/\" target=\"_blank\" rel=\"noopener\">Unterern\u00e4hrung<\/a>.<\/p>\n<p><strong><a href=\"https:\/\/www.humanium.org\/de\/kulturelle-praktiken\/\" target=\"_blank\" rel=\"noopener\">Kulturelle Praktiken<\/a><\/strong><\/p>\n<p>In einigen L\u00e4ndern, und dazu geh\u00f6ren auch die Salomonen, sind bestimmte kulturelle Praktiken nicht mit dem Wohle der Kinder vereinbar. Das Mindestheiratsalter ist mit 15 Jahren zu niedrig. Da f\u00fcr eine <a href=\"https:\/\/www.humanium.org\/de\/kinderheirat\/\" target=\"_blank\" rel=\"noopener\">Eheschlie\u00dfung<\/a> keine Geburtsurkunde oder sonstige offizielle Dokumente n\u00f6tig sind, kann diese auch dann erfolgen, wenn lediglich aufgrund des Aussehens des Kindes ein als ausreichend geltendes Alter festgestellt wird.<\/p>\n<p><img loading=\"lazy\" decoding=\"async\" class=\"alignright wp-image-12526\" title=\"Three children of Solomon Islands_mpeacey-flickr\" src=\"https:\/\/www.humanium.org\/en\/wp-content\/uploads\/2013\/02\/mpeacey-flickr-216x300.jpg\" alt=\"\" width=\"200\" height=\"250\" \/>Bei der <a href=\"https:\/\/www.humanium.org\/de\/kinderheirat\/\" target=\"_blank\" rel=\"noopener\">Verheiratung Minderj\u00e4hriger<\/a> wird die Zustimmung des Vaters bevorzugt. Dadurch wird die auf den Inseln bereits vorherrschende Ansicht, dass der Vater das Oberhaupt der Familie darstellt und M\u00fctter kein Mitspracherecht haben, noch verst\u00e4rkt.<br \/>\nAuf den Salomonen sind 3 % der Kinder mit 15 Jahren und 22 % mit 18 Jahren bereits verheiratet.<br \/>\n<a href=\"https:\/\/www.humanium.org\/de\/gewalt\/\" target=\"_blank\" rel=\"noopener\">Gewalt<\/a> von M\u00e4nnern gegen\u00fcber ihren Ehefrauen wird im Land allgemein akzeptiert und stellt ein weiteres Problem dar. In einer Studie gaben 70 % der Jugendlichen zwischen 15 und 19 Jahren an, dass Ehem\u00e4nner unter bestimmten Bedingungen berechtigt sind, ihre Frau zu schlagen.<\/p>\n","protected":false},"excerpt":{"rendered":"<p>Die Kinder der Salomonen Durchsetzung der Kinderrechte auf den Salomonen \u00a0\u00a0 Die Entwicklung der Salomonen wird durch verschiedene Hindernisse gehemmt. Seit einem B\u00fcrgerkrieg im letzten Jahrzehnt k\u00e4mpft das Land mit schwerwiegenden wirtschaftlichen Problemen wie Armut und Arbeitslosigkeit, wobei seit kurzem ein st\u00e4rkeres Wachstum zu verzeichnen ist. Die Einwohner der Inselgruppe sind zudem durch Naturkatastrophen gef\u00e4hrdet, [&hellip;]<\/p>\n","protected":false},"author":1,"featured_media":0,"parent":0,"menu_order":0,"comment_status":"closed","ping_status":"closed","template":"","meta":{"footnotes":""},"class_list":["post-7099","page","type-page","status-publish","hentry"],"yoast_head":"<!-- This site is optimized with the Yoast SEO plugin v26.5 - https:\/\/yoast.com\/wordpress\/plugins\/seo\/ -->\n<title>Die Kinder der Salomonen - Humanium<\/title>\n<meta name=\"description\" content=\"Seit einem B\u00fcrgerkrieg im letzten Jahrzehnt k\u00e4mpft das Land mit schwerwiegenden wirtschaftlichen Problemen wie Armut und Arbeitslosigkeit.\" \/>\n<meta name=\"robots\" content=\"index, follow, max-snippet:-1, max-image-preview:large, max-video-preview:-1\" \/>\n<link rel=\"canonical\" href=\"https:\/\/www.humanium.org\/de\/salomonen\/\" \/>\n<meta property=\"og:locale\" content=\"de_DE\" \/>\n<meta property=\"og:type\" content=\"article\" \/>\n<meta property=\"og:title\" content=\"Die Kinder der Salomonen - Humanium\" \/>\n<meta property=\"og:description\" content=\"Seit einem B\u00fcrgerkrieg im letzten Jahrzehnt k\u00e4mpft das Land mit schwerwiegenden wirtschaftlichen Problemen wie Armut und Arbeitslosigkeit.\" \/>\n<meta property=\"og:url\" content=\"https:\/\/www.humanium.org\/de\/salomonen\/\" \/>\n<meta property=\"og:site_name\" content=\"Humanium\" \/>\n<meta property=\"article:modified_time\" content=\"2025-12-06T06:19:28+00:00\" \/>\n<meta name=\"twitter:card\" content=\"summary_large_image\" \/>\n<meta name=\"twitter:label1\" content=\"Gesch\u00e4tzte Lesezeit\" \/>\n\t<meta name=\"twitter:data1\" content=\"8\u00a0Minuten\" \/>\n<script type=\"application\/ld+json\" class=\"yoast-schema-graph\">{\"@context\":\"https:\/\/schema.org\",\"@graph\":[{\"@type\":\"WebPage\",\"@id\":\"https:\/\/www.humanium.org\/de\/salomonen\/\",\"url\":\"https:\/\/www.humanium.org\/de\/salomonen\/\",\"name\":\"Die Kinder der Salomonen - Humanium\",\"isPartOf\":{\"@id\":\"https:\/\/www.humanium.org\/de\/#website\"},\"primaryImageOfPage\":{\"@id\":\"https:\/\/www.humanium.org\/de\/salomonen\/#primaryimage\"},\"image\":{\"@id\":\"https:\/\/www.humanium.org\/de\/salomonen\/#primaryimage\"},\"thumbnailUrl\":\"https:\/\/www.humanium.org\/en\/wp-content\/uploads\/2013\/02\/Girl-Australian-Civil-Military-Centre-flickr.jpg\",\"datePublished\":\"2016-08-22T22:38:20+00:00\",\"dateModified\":\"2025-12-06T06:19:28+00:00\",\"description\":\"Seit einem B\u00fcrgerkrieg im letzten Jahrzehnt k\u00e4mpft das Land mit schwerwiegenden wirtschaftlichen Problemen wie Armut und Arbeitslosigkeit.\",\"breadcrumb\":{\"@id\":\"https:\/\/www.humanium.org\/de\/salomonen\/#breadcrumb\"},\"inLanguage\":\"de\",\"potentialAction\":[{\"@type\":\"ReadAction\",\"target\":[\"https:\/\/www.humanium.org\/de\/salomonen\/\"]}]},{\"@type\":\"ImageObject\",\"inLanguage\":\"de\",\"@id\":\"https:\/\/www.humanium.org\/de\/salomonen\/#primaryimage\",\"url\":\"https:\/\/www.humanium.org\/en\/wp-content\/uploads\/2013\/02\/Girl-Australian-Civil-Military-Centre-flickr.jpg\",\"contentUrl\":\"https:\/\/www.humanium.org\/en\/wp-content\/uploads\/2013\/02\/Girl-Australian-Civil-Military-Centre-flickr.jpg\"},{\"@type\":\"BreadcrumbList\",\"@id\":\"https:\/\/www.humanium.org\/de\/salomonen\/#breadcrumb\",\"itemListElement\":[{\"@type\":\"ListItem\",\"position\":1,\"name\":\"Home\",\"item\":\"https:\/\/www.humanium.org\/de\/\"},{\"@type\":\"ListItem\",\"position\":2,\"name\":\"Die Kinder der Salomonen\"}]},{\"@type\":\"WebSite\",\"@id\":\"https:\/\/www.humanium.org\/de\/#website\",\"url\":\"https:\/\/www.humanium.org\/de\/\",\"name\":\"Humanium\",\"description\":\"Kinder zuerst!\",\"potentialAction\":[{\"@type\":\"SearchAction\",\"target\":{\"@type\":\"EntryPoint\",\"urlTemplate\":\"https:\/\/www.humanium.org\/de\/?s={search_term_string}\"},\"query-input\":{\"@type\":\"PropertyValueSpecification\",\"valueRequired\":true,\"valueName\":\"search_term_string\"}}],\"inLanguage\":\"de\"}]}<\/script>\n<!-- \/ Yoast SEO plugin. -->","yoast_head_json":{"title":"Die Kinder der Salomonen - Humanium","description":"Seit einem B\u00fcrgerkrieg im letzten Jahrzehnt k\u00e4mpft das Land mit schwerwiegenden wirtschaftlichen Problemen wie Armut und Arbeitslosigkeit.","robots":{"index":"index","follow":"follow","max-snippet":"max-snippet:-1","max-image-preview":"max-image-preview:large","max-video-preview":"max-video-preview:-1"},"canonical":"https:\/\/www.humanium.org\/de\/salomonen\/","og_locale":"de_DE","og_type":"article","og_title":"Die Kinder der Salomonen - Humanium","og_description":"Seit einem B\u00fcrgerkrieg im letzten Jahrzehnt k\u00e4mpft das Land mit schwerwiegenden wirtschaftlichen Problemen wie Armut und Arbeitslosigkeit.","og_url":"https:\/\/www.humanium.org\/de\/salomonen\/","og_site_name":"Humanium","article_modified_time":"2025-12-06T06:19:28+00:00","twitter_card":"summary_large_image","twitter_misc":{"Gesch\u00e4tzte Lesezeit":"8\u00a0Minuten"},"schema":{"@context":"https:\/\/schema.org","@graph":[{"@type":"WebPage","@id":"https:\/\/www.humanium.org\/de\/salomonen\/","url":"https:\/\/www.humanium.org\/de\/salomonen\/","name":"Die Kinder der Salomonen - Humanium","isPartOf":{"@id":"https:\/\/www.humanium.org\/de\/#website"},"primaryImageOfPage":{"@id":"https:\/\/www.humanium.org\/de\/salomonen\/#primaryimage"},"image":{"@id":"https:\/\/www.humanium.org\/de\/salomonen\/#primaryimage"},"thumbnailUrl":"https:\/\/www.humanium.org\/en\/wp-content\/uploads\/2013\/02\/Girl-Australian-Civil-Military-Centre-flickr.jpg","datePublished":"2016-08-22T22:38:20+00:00","dateModified":"2025-12-06T06:19:28+00:00","description":"Seit einem B\u00fcrgerkrieg im letzten Jahrzehnt k\u00e4mpft das Land mit schwerwiegenden wirtschaftlichen Problemen wie Armut und Arbeitslosigkeit.","breadcrumb":{"@id":"https:\/\/www.humanium.org\/de\/salomonen\/#breadcrumb"},"inLanguage":"de","potentialAction":[{"@type":"ReadAction","target":["https:\/\/www.humanium.org\/de\/salomonen\/"]}]},{"@type":"ImageObject","inLanguage":"de","@id":"https:\/\/www.humanium.org\/de\/salomonen\/#primaryimage","url":"https:\/\/www.humanium.org\/en\/wp-content\/uploads\/2013\/02\/Girl-Australian-Civil-Military-Centre-flickr.jpg","contentUrl":"https:\/\/www.humanium.org\/en\/wp-content\/uploads\/2013\/02\/Girl-Australian-Civil-Military-Centre-flickr.jpg"},{"@type":"BreadcrumbList","@id":"https:\/\/www.humanium.org\/de\/salomonen\/#breadcrumb","itemListElement":[{"@type":"ListItem","position":1,"name":"Home","item":"https:\/\/www.humanium.org\/de\/"},{"@type":"ListItem","position":2,"name":"Die Kinder der Salomonen"}]},{"@type":"WebSite","@id":"https:\/\/www.humanium.org\/de\/#website","url":"https:\/\/www.humanium.org\/de\/","name":"Humanium","description":"Kinder zuerst!","potentialAction":[{"@type":"SearchAction","target":{"@type":"EntryPoint","urlTemplate":"https:\/\/www.humanium.org\/de\/?s={search_term_string}"},"query-input":{"@type":"PropertyValueSpecification","valueRequired":true,"valueName":"search_term_string"}}],"inLanguage":"de"}]}},"_links":{"self":[{"href":"https:\/\/www.humanium.org\/de\/wp-json\/wp\/v2\/pages\/7099","targetHints":{"allow":["GET"]}}],"collection":[{"href":"https:\/\/www.humanium.org\/de\/wp-json\/wp\/v2\/pages"}],"about":[{"href":"https:\/\/www.humanium.org\/de\/wp-json\/wp\/v2\/types\/page"}],"author":[{"embeddable":true,"href":"https:\/\/www.humanium.org\/de\/wp-json\/wp\/v2\/users\/1"}],"replies":[{"embeddable":true,"href":"https:\/\/www.humanium.org\/de\/wp-json\/wp\/v2\/comments?post=7099"}],"version-history":[{"count":6,"href":"https:\/\/www.humanium.org\/de\/wp-json\/wp\/v2\/pages\/7099\/revisions"}],"predecessor-version":[{"id":20490,"href":"https:\/\/www.humanium.org\/de\/wp-json\/wp\/v2\/pages\/7099\/revisions\/20490"}],"wp:attachment":[{"href":"https:\/\/www.humanium.org\/de\/wp-json\/wp\/v2\/media?parent=7099"}],"curies":[{"name":"wp","href":"https:\/\/api.w.org\/{rel}","templated":true}]}}