{"id":7120,"date":"2016-09-05T10:28:08","date_gmt":"2016-09-05T10:28:08","guid":{"rendered":"http:\/\/www.humanium.org\/de\/?page_id=7120"},"modified":"2025-12-06T06:28:24","modified_gmt":"2025-12-06T06:28:24","slug":"nordkorea","status":"publish","type":"page","link":"https:\/\/www.humanium.org\/de\/nordkorea\/","title":{"rendered":"Die Kinder Nordkoreas"},"content":{"rendered":"<h1>Die Kinder Nordkoreas<\/h1>\n<h2>Kinderrechte in Nordkorea verwirklichen<\/h2>\n<p>Es ist schwierig, an gesicherte Informationen \u00fcber Nordkorea zu gelangen. Zugunsten eines neutralen und objektiven Standpunktes haben wir versucht, nur glaubw\u00fcrdige Quellen zu ber\u00fccksichtigen. Anhand dieser f\u00fcr uns zug\u00e4nglichen Informationen erscheint der Schutz nordkoreanischer Kinder generell nicht gesichert, viele ihrer Rechte werden regelm\u00e4\u00dfig verletzt.<\/p>\n<p>Hauptprobleme nordkoreanischer Kinder:<br \/>\n<strong><a href=\"https:\/\/www.humanium.org\/de\/armut\/\" target=\"_blank\" rel=\"noopener\">Armut<\/a><br \/>\n<\/strong>In Nordkorea leben etwa 40 % der Bev\u00f6lkerung unter der Armutsgrenze.<br \/>\nDie Armut verschlimmert sich periodisch aufgrund von Naturkatastrophen, von denen das Land heimgesucht wird. Viele Kinder finden sich im Anschluss daran auf der <a href=\"https:\/\/www.humanium.org\/de\/strasenkinder\/\" target=\"_blank\" rel=\"noopener\">Stra\u00dfe<\/a> wieder und sind sehr ung\u00fcnstigen Lebensbedingungen ausgesetzt.<strong><a href=\"https:\/\/www.humanium.org\/de\/recht-nahrung\/\" target=\"_blank\" rel=\"noopener\">Recht auf Nahrung<\/a><\/strong><img loading=\"lazy\" decoding=\"async\" class=\"size-medium wp-image-2033 alignright\" title=\"Access to sufficient food is a common issue in North Korea \u00a9 James Bu (UN-photo)\" src=\"https:\/\/www.humanium.org\/en\/wp-content\/uploads\/2011\/07\/james-bu-un-photo-coree-du-nord-alimentation-300x197.jpg\" alt=\"\" width=\"209\" height=\"137\" \/>Beinahe ein Viertel der Bev\u00f6lkerung hat keinen ausreichenden Zugang zu Lebensmitteln. Unter dieser Knappheit leiden insbesondere die Kinder, deren <a href=\"https:\/\/www.humanium.org\/de\/das-recht-auf-gesundheit\/\" target=\"_blank\" rel=\"noopener\">Gesundheit<\/a> dadurch negativ beeintr\u00e4chtigt wird. Die Situation ist umso kritischer, da die Regierung die an die Bev\u00f6lkerung gehenden Lebensmittel rationiert. Oft reichen die vergebenen Rationen, die Hauptnahrungsquelle der Bev\u00f6lkerung, dabei nicht aus, um eine Familie gesund zu ern\u00e4hren.<br \/>\nDies hat besonders starke Auswirkungen auf das Leben der Kinder: F\u00fcr gew\u00f6hnlich erhalten sie keine ausreichende Ern\u00e4hrung, und die Mahlzeiten sind nicht ausgewogen genug. Besonders die Gesundheit von Kindern unter f\u00fcnf Jahren und diejenige schwangerer Frauen sind besorgniserregend. Die Nahrungsmittelkrise hat bereits zu tausenden Toten gef\u00fchrt, darunter auch viele Kinder.<strong><a href=\"https:\/\/www.humanium.org\/de\/das-recht-auf-gesundheit\/\" target=\"_blank\" rel=\"noopener\">Recht auf Gesundheit<\/a><\/strong>Die <a href=\"https:\/\/www.humanium.org\/de\/kindersterblichkeit\/\" target=\"_blank\" rel=\"noopener\">Kindersterblichkeitsrate<\/a> liegt in Nordkorea bei 33 %.<br \/>\nDie Infrastruktur ist oft ungen\u00fcgend oder ungeeignet; dasselbe gilt f\u00fcr das Personal im Gesundheitswesen. Medikamente sind knapp, darunter auch jene, die f\u00fcr den Kampf gegen die zahlreichen sch\u00e4dlichen Effekte der <a href=\"https:\/\/www.humanium.org\/de\/recht-nahrung\/\" target=\"_blank\" rel=\"noopener\">Mangelern\u00e4hrung<\/a> dringend n\u00f6tig w\u00e4ren. In Folge dessen erkranken z. B. viele nordkoreanische Kinder an Tuberkulose.<br \/>\nObwohl die Gesundheitsf\u00fcrsorge im Land als kostenfrei deklariert wird, sieht die Realit\u00e4t doch anders aus. Tats\u00e4chlich sind die Kosten f\u00fcr die medizinische Versorgung f\u00fcr einige Familien zu hoch, sodass sie die Behandlung ihrer Kinder nicht finanzieren k\u00f6nnen.<br \/>\nAllerdings hat das Land tats\u00e4chlich erhebliche Anstrengungen unternommen, das <a href=\"https:\/\/www.humanium.org\/de\/das-recht-auf-gesundheit\/\" target=\"_blank\" rel=\"noopener\">Gesundheitswesen<\/a> zu verbessern. So hat Nordkorea vor kurzem eine Impfkampagne gegen Masern durchgef\u00fchrt, dank der nun Millionen Kinder gegen diese Krankheit immun sind.<br \/>\nIn Zeiten von Naturkatastrophen wie \u00dcberflutungen bleibt der Zugang zum Gesundheitswesen schwierig, was gerade unter den Kindern zu vielen Opfern f\u00fchrt.<strong><a href=\"https:\/\/www.humanium.org\/de\/recht-freiheit\/\" target=\"_blank\" rel=\"noopener\">Redefreiheit<\/a><\/strong>Nordkorea ist ber\u00fcchtigt f\u00fcr seine Korruption und seinem Mangel an Rede- und Meinungsfreiheit. Die Medien werden stark kontrolliert und Opponenten oder Menschenrechtsaktivisten inhaftiert, die Regierung ist bekannt f\u00fcr ihre strenge Zensur. Verurteilungen aufgrund von politischen Verst\u00f6\u00dfen oder abweichenden Meinungen sind zahlreich und die verh\u00e4ngten Strafen hart.<br \/>\nDiese Einschr\u00e4nkungen hindern die nordkoreanischen Kinder daran, ihr Recht auf Informationsfreiheit einzufordern und sich frei zu \u00e4u\u00dfern, was als Versto\u00df gegen Artikel 13 der <a href=\"https:\/\/www.humanium.org\/de\/konvention\/\" target=\"_blank\" rel=\"noopener\">Kinderrechtskonvention<\/a> anzusehen ist.<strong><a href=\"https:\/\/www.humanium.org\/de\/vertriebene-kinder\/\" target=\"_blank\" rel=\"noopener\">Vertriebene Kinder<\/a><\/strong>Um der Armut und dem strengen Regime Nordkoreas zu entkommen, fliehen viele Familien nach China. Dies ist ein sehr gef\u00e4hrliches Unterfangen. Tats\u00e4chlich verh\u00e4ngen die nordkoreanischen Autorit\u00e4ten harte Strafen f\u00fcr Versuche, die Grenze zu \u00fcberqueren. Dar\u00fcber hinaus h\u00f6ren die Schwierigkeiten mit der Einreise in China noch lange nicht auf. Immigrantenfamilien sehen sich auch dort mit vielen Problemen konfrontiert, denen sich auch die Kinder nicht entziehen k\u00f6nnen: Sie m\u00fcssen sich bedeckt halten und es gibt f\u00fcr sie kaum einen Zugang zu <a href=\"https:\/\/www.humanium.org\/de\/recht-bildung\/\" target=\"_blank\" rel=\"noopener\">Bildung<\/a> und <a href=\"https:\/\/www.humanium.org\/de\/das-recht-auf-gesundheit\/\" target=\"_blank\" rel=\"noopener\">Gesundheitswesen<\/a>.<br \/>\nTausende Kinder in China mit nordkoreanischen M\u00fcttern und chinesischen V\u00e4tern haben keine legale Identit\u00e4t in China und sind f\u00fcr die Gesellschaft unsichtbar. Ihre M\u00fctter werden oft unter Zwang nach Nordkorea zur\u00fcckgef\u00fchrt. Der Schutz ihrer Rechte wird komplett ignoriert und die Lebensbedingungen der Kinder bleiben extrem schwierig. Manche von ihnen werden dar\u00fcber hinaus auch Opfer <a href=\"https:\/\/www.humanium.org\/de\/die-sexuelle-ausbeutung-von-kindern\/\" target=\"_blank\" rel=\"noopener\">sexueller Ausbeutung<\/a>.<strong><a href=\"https:\/\/www.humanium.org\/de\/das-recht-auf-schutz\/\" target=\"_blank\" rel=\"noopener\">Recht auf Schutz<\/a><\/strong>Kinder m\u00fcssen gesch\u00fctzt werden, sowohl innerhalb der eigenen Familie als auch au\u00dferhalb. In Nordkorea wurde der Schutz der Kinder, der normalerweise vom Staat sichergestellt werden sollte, durch <a href=\"https:\/\/www.humanium.org\/de\/gewalt\/\" target=\"_blank\" rel=\"noopener\">Gewalt<\/a>, <a href=\"https:\/\/www.humanium.org\/de\/kinderarbeit-2\/\" target=\"_blank\" rel=\"noopener\">Zwangsarbeit<\/a> und Rechtsverletzungen ersetzt.Tats\u00e4chlich gab es F\u00e4lle, in denen die nordkoreanische Regierung Kinder in Straflager deportiert hat, wenn eines ihrer Familienmitglieder straff\u00e4llig geworden war. Die Lebensbedingungen in diesen Lagern sind be\u00e4ngstigend und absolut ungeeignet f\u00fcr Kinder. Dementsprechend ist die <a href=\"https:\/\/www.humanium.org\/de\/kindersterblichkeit\/\" target=\"_blank\" rel=\"noopener\">Sterblichkeitsrate<\/a> dort sehr hoch: Es gibt <a href=\"https:\/\/www.humanium.org\/de\/gewalt\/\" target=\"_blank\" rel=\"noopener\">Folter<\/a>, <a href=\"https:\/\/www.humanium.org\/de\/misshandlung\/\" target=\"_blank\" rel=\"noopener\">Missbrauch<\/a>, Mangelern\u00e4hrung, schlechte Sanit\u00e4rversorgung und einen Mangel an oder gar ein komplettes Fehlen von medizinischer Versorgung\u00a0\u2026 Das Leben in diesen Lagern ist extrem hart und grausam, doch die Regierung weigert sich, deren Existenz einzugestehen. Unter diesen Umst\u00e4nden scheint die Anerkennung der Verletzungen von <a href=\"https:\/\/www.humanium.org\/de\/kinderrechte\/\" target=\"_blank\" rel=\"noopener\">Kinderrechten<\/a> unm\u00f6glich.<\/p>\n","protected":false},"excerpt":{"rendered":"<p>Die Kinder Nordkoreas Kinderrechte in Nordkorea verwirklichen Es ist schwierig, an gesicherte Informationen \u00fcber Nordkorea zu gelangen. Zugunsten eines neutralen und objektiven Standpunktes haben wir versucht, nur glaubw\u00fcrdige Quellen zu ber\u00fccksichtigen. Anhand dieser f\u00fcr uns zug\u00e4nglichen Informationen erscheint der Schutz nordkoreanischer Kinder generell nicht gesichert, viele ihrer Rechte werden regelm\u00e4\u00dfig verletzt. Hauptprobleme nordkoreanischer Kinder: Armut [&hellip;]<\/p>\n","protected":false},"author":1,"featured_media":0,"parent":0,"menu_order":0,"comment_status":"closed","ping_status":"closed","template":"","meta":{"footnotes":""},"class_list":["post-7120","page","type-page","status-publish","hentry"],"yoast_head":"<!-- This site is optimized with the Yoast SEO plugin v26.5 - https:\/\/yoast.com\/wordpress\/plugins\/seo\/ -->\n<title>Die Kinder Nordkoreas - Humanium<\/title>\n<meta name=\"description\" content=\"Anhand der f\u00fcr uns zug\u00e4nglichen Informationen erscheint der Schutz nordkoreanischer Kinder generell nicht gesichert, ihre Rechte werden regelm\u00e4\u00dfig verletzt.\" \/>\n<meta name=\"robots\" content=\"index, follow, max-snippet:-1, max-image-preview:large, max-video-preview:-1\" \/>\n<link rel=\"canonical\" href=\"https:\/\/www.humanium.org\/de\/nordkorea\/\" \/>\n<meta property=\"og:locale\" content=\"de_DE\" \/>\n<meta property=\"og:type\" content=\"article\" \/>\n<meta property=\"og:title\" content=\"Die Kinder Nordkoreas - Humanium\" \/>\n<meta property=\"og:description\" content=\"Anhand der f\u00fcr uns zug\u00e4nglichen Informationen erscheint der Schutz nordkoreanischer Kinder generell nicht gesichert, ihre Rechte werden regelm\u00e4\u00dfig verletzt.\" \/>\n<meta property=\"og:url\" content=\"https:\/\/www.humanium.org\/de\/nordkorea\/\" \/>\n<meta property=\"og:site_name\" content=\"Humanium\" \/>\n<meta property=\"article:modified_time\" content=\"2025-12-06T06:28:24+00:00\" \/>\n<meta name=\"twitter:card\" content=\"summary_large_image\" \/>\n<meta name=\"twitter:label1\" content=\"Gesch\u00e4tzte Lesezeit\" \/>\n\t<meta name=\"twitter:data1\" content=\"5\u00a0Minuten\" \/>\n<script type=\"application\/ld+json\" class=\"yoast-schema-graph\">{\"@context\":\"https:\/\/schema.org\",\"@graph\":[{\"@type\":\"WebPage\",\"@id\":\"https:\/\/www.humanium.org\/de\/nordkorea\/\",\"url\":\"https:\/\/www.humanium.org\/de\/nordkorea\/\",\"name\":\"Die Kinder Nordkoreas - Humanium\",\"isPartOf\":{\"@id\":\"https:\/\/www.humanium.org\/de\/#website\"},\"primaryImageOfPage\":{\"@id\":\"https:\/\/www.humanium.org\/de\/nordkorea\/#primaryimage\"},\"image\":{\"@id\":\"https:\/\/www.humanium.org\/de\/nordkorea\/#primaryimage\"},\"thumbnailUrl\":\"https:\/\/www.humanium.org\/en\/wp-content\/uploads\/2011\/07\/james-bu-un-photo-coree-du-nord-alimentation-300x197.jpg\",\"datePublished\":\"2016-09-05T10:28:08+00:00\",\"dateModified\":\"2025-12-06T06:28:24+00:00\",\"description\":\"Anhand der f\u00fcr uns zug\u00e4nglichen Informationen erscheint der Schutz nordkoreanischer Kinder generell nicht gesichert, ihre Rechte werden regelm\u00e4\u00dfig verletzt.\",\"breadcrumb\":{\"@id\":\"https:\/\/www.humanium.org\/de\/nordkorea\/#breadcrumb\"},\"inLanguage\":\"de\",\"potentialAction\":[{\"@type\":\"ReadAction\",\"target\":[\"https:\/\/www.humanium.org\/de\/nordkorea\/\"]}]},{\"@type\":\"ImageObject\",\"inLanguage\":\"de\",\"@id\":\"https:\/\/www.humanium.org\/de\/nordkorea\/#primaryimage\",\"url\":\"https:\/\/www.humanium.org\/en\/wp-content\/uploads\/2011\/07\/james-bu-un-photo-coree-du-nord-alimentation-300x197.jpg\",\"contentUrl\":\"https:\/\/www.humanium.org\/en\/wp-content\/uploads\/2011\/07\/james-bu-un-photo-coree-du-nord-alimentation-300x197.jpg\"},{\"@type\":\"BreadcrumbList\",\"@id\":\"https:\/\/www.humanium.org\/de\/nordkorea\/#breadcrumb\",\"itemListElement\":[{\"@type\":\"ListItem\",\"position\":1,\"name\":\"Home\",\"item\":\"https:\/\/www.humanium.org\/de\/\"},{\"@type\":\"ListItem\",\"position\":2,\"name\":\"Die Kinder Nordkoreas\"}]},{\"@type\":\"WebSite\",\"@id\":\"https:\/\/www.humanium.org\/de\/#website\",\"url\":\"https:\/\/www.humanium.org\/de\/\",\"name\":\"Humanium\",\"description\":\"Kinder zuerst!\",\"potentialAction\":[{\"@type\":\"SearchAction\",\"target\":{\"@type\":\"EntryPoint\",\"urlTemplate\":\"https:\/\/www.humanium.org\/de\/?s={search_term_string}\"},\"query-input\":{\"@type\":\"PropertyValueSpecification\",\"valueRequired\":true,\"valueName\":\"search_term_string\"}}],\"inLanguage\":\"de\"}]}<\/script>\n<!-- \/ Yoast SEO plugin. -->","yoast_head_json":{"title":"Die Kinder Nordkoreas - Humanium","description":"Anhand der f\u00fcr uns zug\u00e4nglichen Informationen erscheint der Schutz nordkoreanischer Kinder generell nicht gesichert, ihre Rechte werden regelm\u00e4\u00dfig verletzt.","robots":{"index":"index","follow":"follow","max-snippet":"max-snippet:-1","max-image-preview":"max-image-preview:large","max-video-preview":"max-video-preview:-1"},"canonical":"https:\/\/www.humanium.org\/de\/nordkorea\/","og_locale":"de_DE","og_type":"article","og_title":"Die Kinder Nordkoreas - Humanium","og_description":"Anhand der f\u00fcr uns zug\u00e4nglichen Informationen erscheint der Schutz nordkoreanischer Kinder generell nicht gesichert, ihre Rechte werden regelm\u00e4\u00dfig verletzt.","og_url":"https:\/\/www.humanium.org\/de\/nordkorea\/","og_site_name":"Humanium","article_modified_time":"2025-12-06T06:28:24+00:00","twitter_card":"summary_large_image","twitter_misc":{"Gesch\u00e4tzte Lesezeit":"5\u00a0Minuten"},"schema":{"@context":"https:\/\/schema.org","@graph":[{"@type":"WebPage","@id":"https:\/\/www.humanium.org\/de\/nordkorea\/","url":"https:\/\/www.humanium.org\/de\/nordkorea\/","name":"Die Kinder Nordkoreas - Humanium","isPartOf":{"@id":"https:\/\/www.humanium.org\/de\/#website"},"primaryImageOfPage":{"@id":"https:\/\/www.humanium.org\/de\/nordkorea\/#primaryimage"},"image":{"@id":"https:\/\/www.humanium.org\/de\/nordkorea\/#primaryimage"},"thumbnailUrl":"https:\/\/www.humanium.org\/en\/wp-content\/uploads\/2011\/07\/james-bu-un-photo-coree-du-nord-alimentation-300x197.jpg","datePublished":"2016-09-05T10:28:08+00:00","dateModified":"2025-12-06T06:28:24+00:00","description":"Anhand der f\u00fcr uns zug\u00e4nglichen Informationen erscheint der Schutz nordkoreanischer Kinder generell nicht gesichert, ihre Rechte werden regelm\u00e4\u00dfig verletzt.","breadcrumb":{"@id":"https:\/\/www.humanium.org\/de\/nordkorea\/#breadcrumb"},"inLanguage":"de","potentialAction":[{"@type":"ReadAction","target":["https:\/\/www.humanium.org\/de\/nordkorea\/"]}]},{"@type":"ImageObject","inLanguage":"de","@id":"https:\/\/www.humanium.org\/de\/nordkorea\/#primaryimage","url":"https:\/\/www.humanium.org\/en\/wp-content\/uploads\/2011\/07\/james-bu-un-photo-coree-du-nord-alimentation-300x197.jpg","contentUrl":"https:\/\/www.humanium.org\/en\/wp-content\/uploads\/2011\/07\/james-bu-un-photo-coree-du-nord-alimentation-300x197.jpg"},{"@type":"BreadcrumbList","@id":"https:\/\/www.humanium.org\/de\/nordkorea\/#breadcrumb","itemListElement":[{"@type":"ListItem","position":1,"name":"Home","item":"https:\/\/www.humanium.org\/de\/"},{"@type":"ListItem","position":2,"name":"Die Kinder Nordkoreas"}]},{"@type":"WebSite","@id":"https:\/\/www.humanium.org\/de\/#website","url":"https:\/\/www.humanium.org\/de\/","name":"Humanium","description":"Kinder zuerst!","potentialAction":[{"@type":"SearchAction","target":{"@type":"EntryPoint","urlTemplate":"https:\/\/www.humanium.org\/de\/?s={search_term_string}"},"query-input":{"@type":"PropertyValueSpecification","valueRequired":true,"valueName":"search_term_string"}}],"inLanguage":"de"}]}},"_links":{"self":[{"href":"https:\/\/www.humanium.org\/de\/wp-json\/wp\/v2\/pages\/7120","targetHints":{"allow":["GET"]}}],"collection":[{"href":"https:\/\/www.humanium.org\/de\/wp-json\/wp\/v2\/pages"}],"about":[{"href":"https:\/\/www.humanium.org\/de\/wp-json\/wp\/v2\/types\/page"}],"author":[{"embeddable":true,"href":"https:\/\/www.humanium.org\/de\/wp-json\/wp\/v2\/users\/1"}],"replies":[{"embeddable":true,"href":"https:\/\/www.humanium.org\/de\/wp-json\/wp\/v2\/comments?post=7120"}],"version-history":[{"count":6,"href":"https:\/\/www.humanium.org\/de\/wp-json\/wp\/v2\/pages\/7120\/revisions"}],"predecessor-version":[{"id":20898,"href":"https:\/\/www.humanium.org\/de\/wp-json\/wp\/v2\/pages\/7120\/revisions\/20898"}],"wp:attachment":[{"href":"https:\/\/www.humanium.org\/de\/wp-json\/wp\/v2\/media?parent=7120"}],"curies":[{"name":"wp","href":"https:\/\/api.w.org\/{rel}","templated":true}]}}