{"id":7124,"date":"2016-09-07T15:37:19","date_gmt":"2016-09-07T15:37:19","guid":{"rendered":"http:\/\/www.humanium.org\/de\/?page_id=7124"},"modified":"2025-12-05T16:53:42","modified_gmt":"2025-12-05T16:53:42","slug":"marshallinseln","status":"publish","type":"page","link":"https:\/\/www.humanium.org\/de\/marshallinseln\/","title":{"rendered":"Kinder auf den Marshallinseln"},"content":{"rendered":"<h1>Kinder auf den Marshallinseln<\/h1>\n<h2>Kinderrechte auf den Marshallinseln verwirklichen<\/h2>\n<p style=\"text-align: center;\"><img loading=\"lazy\" decoding=\"async\" class=\"alignnone size-full wp-image-13080\" title=\"Boy of Marshall Islands \u00a9 Benedict Yanamura - 360.org (Flickr.com)\" src=\"https:\/\/www.humanium.org\/fr\/wp-content\/uploads\/2013\/04\/Benedict-Yanamura-360.org-Flickr.com-.jpg\" alt=\"\" width=\"200\" height=\"200\" \/>\u00a0<img loading=\"lazy\" decoding=\"async\" class=\"alignnone wp-image-13079\" title=\"Boy of Marshall Islands \u00a9 Naomi T (Flickr.com)\" src=\"https:\/\/www.humanium.org\/fr\/wp-content\/uploads\/2013\/04\/Naomi-T-Flickr.com_.jpg\" alt=\"\" width=\"200\" height=\"200\" \/><\/p>\n<p>Die Marshallinseln haben ein Entwicklungsproblem, vor allem in den abgeschiedenen Gegenden. Laut dem Child Rights International Network (CRIN) kann der Zugang zu Trinkwasser und Strom sehr schwierig sein.<br \/>\nAu\u00dferdem zwingt die unstabile wirtschaftliche Lage in den am wenigsten entwickelten Inseln des Archipels die Familien dazu, sich auf die Arbeit ihrer Kinder zu verlassen, um zu \u00fcberleben. Dadurch wird die Bildung vernachl\u00e4ssigt, so dass die benachteiligten Kinder mit wenig Zukunftsperspektiven zur\u00fcckbleiben.<\/p>\n<h3>Die Hauptprobleme vor denen Kinder auf den Marshallinseln stehen, sind:<\/h3>\n<p><a href=\"https:\/\/www.humanium.org\/de\/armut\/\" target=\"_blank\" rel=\"noopener\"><b>Armut<\/b><\/a><\/p>\n<p><b>Lebensgrundlage<\/b><\/p>\n<p>Auf diesem Archipel unterscheiden sich die Lebensbedingungen von Insel zu Insel. Zum Beispiel ist der Zugang zu Strom und <a href=\"https:\/\/www.humanium.org\/de\/recht-wasser\/\" target=\"_blank\" rel=\"noopener\">Trinkwasser<\/a> in einigen Gegenden wie dem Majuro Atoll oder auf Ebeye sehr schwierig.<\/p>\n<p><b>Wirtschaftliche Instabilit\u00e4t<\/b><\/p>\n<p>Die fehlende Verteilung von T\u00e4tigkeiten und Ressourcen \u00fcber die Inseln des Archipels f\u00fchrt dazu, dass sich die Bev\u00f6lkerung haupts\u00e4chlich auf Arbeiten in der Fischerei oder auf den Kokosnussanbau beschr\u00e4nkt. (copra, etc.). <img loading=\"lazy\" decoding=\"async\" class=\"size-full wp-image-28087 alignright\" title=\"The lack of clean water and basic services in the poorest areas causes vulnerability of children to disease \u00a9 Naomi T (Flickr.com)\" src=\"https:\/\/www.humanium.org\/fr\/wp-content\/uploads\/2013\/04\/Naomi-T-.-Flickr.com_.jpg\" alt=\"\" width=\"240\" height=\"320\" \/>Bedenkt man, dass der Mindeststundenlohn bei 2 Dollar liegt, ist das Ausma\u00df an Instabilit\u00e4t leicht zu verstehen, dass in einigen Gegenden herrscht, wo Ressourcen knapp sind.<\/p>\n<p><a href=\"https:\/\/www.humanium.org\/de\/das-recht-auf-gesundheit\/\" target=\"_blank\" rel=\"noopener\"><b>Gesundheit<\/b><\/a><\/p>\n<p>Der Mangel an <a href=\"https:\/\/www.humanium.org\/de\/recht-wasser\/\" target=\"_blank\" rel=\"noopener\">Trinkwasser<\/a> und Grundversorgung in den \u00e4rmsten Gegenden lassen insbesondere Kinder anf\u00e4llig f\u00fcr <a href=\"https:\/\/www.humanium.org\/de\/kinderkrankheiten\/\" target=\"_blank\" rel=\"noopener\">Krankheiten<\/a> wie Durchfall, Fieber und verschiedene Atemwegserkrankungen werden. Laut CRIN ist die Wachstumsrate von Kindern unter dem Durchschnitt, bestimmte Mangelerscheinungen wurden beobachtet und es fehlt an Impfungen und entsprechender medizinischer Behandlung.<\/p>\n<p><b>Gew\u00e4hrleistung vom <a href=\"https:\/\/www.humanium.org\/de\/kinderrechte\/\" target=\"_blank\" rel=\"noopener\">Kinderrechten<\/a><\/b><\/p>\n<p>Laut dem Au\u00dfenministerium der Vereinigten Staaten sind die Marshallinseln nicht Teil des Haager \u00dcbereinkommens gegen Kindesentf\u00fchrung von 1980. In Bezug auf den Schutz von Kindern gegen <a href=\"https:\/\/www.humanium.org\/de\/die-sexuelle-ausbeutung-von-kindern\/\" target=\"_blank\" rel=\"noopener\">sexuellen Missbrauch<\/a> und Vernachl\u00e4ssigung, ist das Pr\u00e4ventionsniveau sogar schlechter und diese Handlungen werden immer allt\u00e4glicher. Zus\u00e4tzlich wird im Strafgesetzbuch die k\u00f6rperliche Z\u00fcchtigung von Kinder nicht als Straftat betrachtet.<br \/>\nEs ist auch wichtig zu erw\u00e4hnen, dass es im Moment keine Vorschriften bez\u00fcglich <a href=\"https:\/\/www.humanium.org\/de\/zusatzprotokoll-zur-kinderrechts-konvention-betreffend-kinderhandel-kinderprostitution-und-kinderpornographie-2000\/\" target=\"_blank\" rel=\"noopener\">Kinderpornographie<\/a> gibt.<br \/>\nZudem beinhaltet das <a href=\"https:\/\/www.humanium.org\/de\/kinderarbeit-2\/\" target=\"_blank\" rel=\"noopener\">Arbeitsrecht<\/a> keinen Mindestlohn f\u00fcr Minderj\u00e4hrige, was besonders bezeichnend ist, da die Bereiche, in denen Kinder arbeiten, mit harter Arbeit einhergehen. Zum Beispiel helfen Kinder auf den Atollen typischerweise ihren Eltern bei T\u00e4tigkeiten wie dem Fischfang, in der Landwirtschaft und im Einzelhandel. <b><img loading=\"lazy\" decoding=\"async\" class=\"size-full wp-image-28086 alignright\" title=\"Respect for the right to education on the level of parents' lives \u00a9 Naomi T (Flickr.com)\" src=\"https:\/\/www.humanium.org\/fr\/wp-content\/uploads\/2013\/04\/Naomi-T.-Flickr.com_.jpg\" alt=\"\" width=\"320\" height=\"240\" \/><\/b><\/p>\n<p><a href=\"https:\/\/www.humanium.org\/de\/recht-bildung\/\" target=\"_blank\" rel=\"noopener\"><b>Recht auf Bildung<\/b> <\/a><\/p>\n<p>Wie bei den meisten <a href=\"https:\/\/www.humanium.org\/de\/kinderrechte\/\" target=\"_blank\" rel=\"noopener\">Kinderrechten<\/a> h\u00e4ngt das Ausma\u00df, in dem das Recht auf Bildung durchgesetzt wird, vom Lebensstandard der Eltern ab. Im Falle dieses Landes wird es aufgrund der schwierigen Lebensbedingungen, der sehr niedrigen L\u00f6hne und der oft beachtlichen geographischen Abgeschiedenheit immer schwieriger, den Schulbesuch der Kinder zu gew\u00e4hrleisten. Zum Beispiel ist es viel unwahrscheinlicher, dass ein Kind, das weit von der Schule entfernt lebt und dessen Eltern nur zu wenigen Ressourcen Zugang haben, die Schule besucht, da die Familie nicht in der Lage ist, die Schulgeb\u00fchren zu zahlen und es kein Mittagessen in der Schule gibt.<\/p>\n","protected":false},"excerpt":{"rendered":"<p>Kinder auf den Marshallinseln Kinderrechte auf den Marshallinseln verwirklichen \u00a0 Die Marshallinseln haben ein Entwicklungsproblem, vor allem in den abgeschiedenen Gegenden. Laut dem Child Rights International Network (CRIN) kann der Zugang zu Trinkwasser und Strom sehr schwierig sein. Au\u00dferdem zwingt die unstabile wirtschaftliche Lage in den am wenigsten entwickelten Inseln des Archipels die Familien dazu, [&hellip;]<\/p>\n","protected":false},"author":1,"featured_media":0,"parent":0,"menu_order":0,"comment_status":"closed","ping_status":"closed","template":"","meta":{"footnotes":""},"class_list":["post-7124","page","type-page","status-publish","hentry"],"yoast_head":"<!-- This site is optimized with the Yoast SEO plugin v26.5 - https:\/\/yoast.com\/wordpress\/plugins\/seo\/ -->\n<title>Kinder auf den Marshallinseln - Humanium<\/title>\n<meta name=\"description\" content=\"Die Marshallinseln haben ein Entwicklungsproblem, vor allem in den abgeschiedenen Gegenden. Der Zugang zu Trinkwasser und Strom kann sehr schwierig sein.\" \/>\n<meta name=\"robots\" content=\"index, follow, max-snippet:-1, max-image-preview:large, max-video-preview:-1\" \/>\n<link rel=\"canonical\" href=\"https:\/\/www.humanium.org\/de\/marshallinseln\/\" \/>\n<meta property=\"og:locale\" content=\"de_DE\" \/>\n<meta property=\"og:type\" content=\"article\" \/>\n<meta property=\"og:title\" content=\"Kinder auf den Marshallinseln - Humanium\" \/>\n<meta property=\"og:description\" content=\"Die Marshallinseln haben ein Entwicklungsproblem, vor allem in den abgeschiedenen Gegenden. Der Zugang zu Trinkwasser und Strom kann sehr schwierig sein.\" \/>\n<meta property=\"og:url\" content=\"https:\/\/www.humanium.org\/de\/marshallinseln\/\" \/>\n<meta property=\"og:site_name\" content=\"Humanium\" \/>\n<meta property=\"article:modified_time\" content=\"2025-12-05T16:53:42+00:00\" \/>\n<meta name=\"twitter:card\" content=\"summary_large_image\" \/>\n<meta name=\"twitter:label1\" content=\"Gesch\u00e4tzte Lesezeit\" \/>\n\t<meta name=\"twitter:data1\" content=\"4\u00a0Minuten\" \/>\n<script type=\"application\/ld+json\" class=\"yoast-schema-graph\">{\"@context\":\"https:\/\/schema.org\",\"@graph\":[{\"@type\":\"WebPage\",\"@id\":\"https:\/\/www.humanium.org\/de\/marshallinseln\/\",\"url\":\"https:\/\/www.humanium.org\/de\/marshallinseln\/\",\"name\":\"Kinder auf den Marshallinseln - Humanium\",\"isPartOf\":{\"@id\":\"https:\/\/www.humanium.org\/de\/#website\"},\"primaryImageOfPage\":{\"@id\":\"https:\/\/www.humanium.org\/de\/marshallinseln\/#primaryimage\"},\"image\":{\"@id\":\"https:\/\/www.humanium.org\/de\/marshallinseln\/#primaryimage\"},\"thumbnailUrl\":\"https:\/\/www.humanium.org\/fr\/wp-content\/uploads\/2013\/04\/Benedict-Yanamura-360.org-Flickr.com-.jpg\",\"datePublished\":\"2016-09-07T15:37:19+00:00\",\"dateModified\":\"2025-12-05T16:53:42+00:00\",\"description\":\"Die Marshallinseln haben ein Entwicklungsproblem, vor allem in den abgeschiedenen Gegenden. Der Zugang zu Trinkwasser und Strom kann sehr schwierig sein.\",\"breadcrumb\":{\"@id\":\"https:\/\/www.humanium.org\/de\/marshallinseln\/#breadcrumb\"},\"inLanguage\":\"de\",\"potentialAction\":[{\"@type\":\"ReadAction\",\"target\":[\"https:\/\/www.humanium.org\/de\/marshallinseln\/\"]}]},{\"@type\":\"ImageObject\",\"inLanguage\":\"de\",\"@id\":\"https:\/\/www.humanium.org\/de\/marshallinseln\/#primaryimage\",\"url\":\"https:\/\/www.humanium.org\/fr\/wp-content\/uploads\/2013\/04\/Benedict-Yanamura-360.org-Flickr.com-.jpg\",\"contentUrl\":\"https:\/\/www.humanium.org\/fr\/wp-content\/uploads\/2013\/04\/Benedict-Yanamura-360.org-Flickr.com-.jpg\"},{\"@type\":\"BreadcrumbList\",\"@id\":\"https:\/\/www.humanium.org\/de\/marshallinseln\/#breadcrumb\",\"itemListElement\":[{\"@type\":\"ListItem\",\"position\":1,\"name\":\"Home\",\"item\":\"https:\/\/www.humanium.org\/de\/\"},{\"@type\":\"ListItem\",\"position\":2,\"name\":\"Kinder auf den Marshallinseln\"}]},{\"@type\":\"WebSite\",\"@id\":\"https:\/\/www.humanium.org\/de\/#website\",\"url\":\"https:\/\/www.humanium.org\/de\/\",\"name\":\"Humanium\",\"description\":\"Kinder zuerst!\",\"potentialAction\":[{\"@type\":\"SearchAction\",\"target\":{\"@type\":\"EntryPoint\",\"urlTemplate\":\"https:\/\/www.humanium.org\/de\/?s={search_term_string}\"},\"query-input\":{\"@type\":\"PropertyValueSpecification\",\"valueRequired\":true,\"valueName\":\"search_term_string\"}}],\"inLanguage\":\"de\"}]}<\/script>\n<!-- \/ Yoast SEO plugin. -->","yoast_head_json":{"title":"Kinder auf den Marshallinseln - Humanium","description":"Die Marshallinseln haben ein Entwicklungsproblem, vor allem in den abgeschiedenen Gegenden. Der Zugang zu Trinkwasser und Strom kann sehr schwierig sein.","robots":{"index":"index","follow":"follow","max-snippet":"max-snippet:-1","max-image-preview":"max-image-preview:large","max-video-preview":"max-video-preview:-1"},"canonical":"https:\/\/www.humanium.org\/de\/marshallinseln\/","og_locale":"de_DE","og_type":"article","og_title":"Kinder auf den Marshallinseln - Humanium","og_description":"Die Marshallinseln haben ein Entwicklungsproblem, vor allem in den abgeschiedenen Gegenden. Der Zugang zu Trinkwasser und Strom kann sehr schwierig sein.","og_url":"https:\/\/www.humanium.org\/de\/marshallinseln\/","og_site_name":"Humanium","article_modified_time":"2025-12-05T16:53:42+00:00","twitter_card":"summary_large_image","twitter_misc":{"Gesch\u00e4tzte Lesezeit":"4\u00a0Minuten"},"schema":{"@context":"https:\/\/schema.org","@graph":[{"@type":"WebPage","@id":"https:\/\/www.humanium.org\/de\/marshallinseln\/","url":"https:\/\/www.humanium.org\/de\/marshallinseln\/","name":"Kinder auf den Marshallinseln - Humanium","isPartOf":{"@id":"https:\/\/www.humanium.org\/de\/#website"},"primaryImageOfPage":{"@id":"https:\/\/www.humanium.org\/de\/marshallinseln\/#primaryimage"},"image":{"@id":"https:\/\/www.humanium.org\/de\/marshallinseln\/#primaryimage"},"thumbnailUrl":"https:\/\/www.humanium.org\/fr\/wp-content\/uploads\/2013\/04\/Benedict-Yanamura-360.org-Flickr.com-.jpg","datePublished":"2016-09-07T15:37:19+00:00","dateModified":"2025-12-05T16:53:42+00:00","description":"Die Marshallinseln haben ein Entwicklungsproblem, vor allem in den abgeschiedenen Gegenden. Der Zugang zu Trinkwasser und Strom kann sehr schwierig sein.","breadcrumb":{"@id":"https:\/\/www.humanium.org\/de\/marshallinseln\/#breadcrumb"},"inLanguage":"de","potentialAction":[{"@type":"ReadAction","target":["https:\/\/www.humanium.org\/de\/marshallinseln\/"]}]},{"@type":"ImageObject","inLanguage":"de","@id":"https:\/\/www.humanium.org\/de\/marshallinseln\/#primaryimage","url":"https:\/\/www.humanium.org\/fr\/wp-content\/uploads\/2013\/04\/Benedict-Yanamura-360.org-Flickr.com-.jpg","contentUrl":"https:\/\/www.humanium.org\/fr\/wp-content\/uploads\/2013\/04\/Benedict-Yanamura-360.org-Flickr.com-.jpg"},{"@type":"BreadcrumbList","@id":"https:\/\/www.humanium.org\/de\/marshallinseln\/#breadcrumb","itemListElement":[{"@type":"ListItem","position":1,"name":"Home","item":"https:\/\/www.humanium.org\/de\/"},{"@type":"ListItem","position":2,"name":"Kinder auf den Marshallinseln"}]},{"@type":"WebSite","@id":"https:\/\/www.humanium.org\/de\/#website","url":"https:\/\/www.humanium.org\/de\/","name":"Humanium","description":"Kinder zuerst!","potentialAction":[{"@type":"SearchAction","target":{"@type":"EntryPoint","urlTemplate":"https:\/\/www.humanium.org\/de\/?s={search_term_string}"},"query-input":{"@type":"PropertyValueSpecification","valueRequired":true,"valueName":"search_term_string"}}],"inLanguage":"de"}]}},"_links":{"self":[{"href":"https:\/\/www.humanium.org\/de\/wp-json\/wp\/v2\/pages\/7124","targetHints":{"allow":["GET"]}}],"collection":[{"href":"https:\/\/www.humanium.org\/de\/wp-json\/wp\/v2\/pages"}],"about":[{"href":"https:\/\/www.humanium.org\/de\/wp-json\/wp\/v2\/types\/page"}],"author":[{"embeddable":true,"href":"https:\/\/www.humanium.org\/de\/wp-json\/wp\/v2\/users\/1"}],"replies":[{"embeddable":true,"href":"https:\/\/www.humanium.org\/de\/wp-json\/wp\/v2\/comments?post=7124"}],"version-history":[{"count":5,"href":"https:\/\/www.humanium.org\/de\/wp-json\/wp\/v2\/pages\/7124\/revisions"}],"predecessor-version":[{"id":20107,"href":"https:\/\/www.humanium.org\/de\/wp-json\/wp\/v2\/pages\/7124\/revisions\/20107"}],"wp:attachment":[{"href":"https:\/\/www.humanium.org\/de\/wp-json\/wp\/v2\/media?parent=7124"}],"curies":[{"name":"wp","href":"https:\/\/api.w.org\/{rel}","templated":true}]}}