{"id":7127,"date":"2016-09-07T16:38:51","date_gmt":"2016-09-07T16:38:51","guid":{"rendered":"http:\/\/www.humanium.org\/de\/?page_id=7127"},"modified":"2025-12-06T06:28:24","modified_gmt":"2025-12-06T06:28:24","slug":"philippinen","status":"publish","type":"page","link":"https:\/\/www.humanium.org\/de\/philippinen\/","title":{"rendered":"Kinder auf den Philippinen"},"content":{"rendered":"<h1>Kinder auf den Philippinen<\/h1>\n<h2>Kinderrechte auf den Philippinen verwirklichen<\/h2>\n<p>Die Philippinen waren fr\u00fcher von bewaffneten Konflikten und Naturkatastrophen betroffen und erleben heute einen f\u00fcr die Zukunft verhei\u00dfungsvollen und vielversprechenden Aufschwung. Die Kinderrechte halten mit diesem Aufschwung Schritt. Auch wenn sie noch weit von der vollst\u00e4ndigen Einhaltung entfernt sind, lassen die Bereitschaft und die Offenheit des Landes auf baldige bedeutende Verbesserungen hoffen.<\/p>\n<h3>Hauptprobleme, mit denen die Kinder auf den Philippinen konfrontiert sind:<\/h3>\n<p><strong><a href=\"https:\/\/www.humanium.org\/de\/armut\/\" target=\"_blank\" rel=\"noopener\">Armut<\/a><\/strong><\/p>\n<p>Auf den Philippinen lebt fast jeder Dritte unterhalb der Armutsgrenze. Das Land befindet sich derzeit mitten im wirtschaftlichen Wachstum. Obwohl dies auf eine vielversprechende Zukunft deutet, bleibt die derzeitige Situation f\u00fcr zahlreiche Haushalte desolat.<\/p>\n<p>Arme Familien leiden oftmals unter <a href=\"https:\/\/www.humanium.org\/de\/recht-nahrung\/\" target=\"_blank\" rel=\"noopener\">Hunger<\/a> oder unter Mangelern\u00e4hrung, was zu zahlreichen <a href=\"https:\/\/www.humanium.org\/de\/das-recht-auf-gesundheit\/\" target=\"_blank\" rel=\"noopener\">Gesundheitsproblemen<\/a> f\u00fchrt, insbesondere bei Kindern, die physisch gesehen verletzlicher sind als Erwachsene.<\/p>\n<p><strong><a href=\"https:\/\/www.humanium.org\/de\/das-recht-auf-gesundheit\/\" target=\"_blank\" rel=\"noopener\">Gesundheit<\/a><\/strong><\/p>\n<p>Der Prozentsatz der <a href=\"https:\/\/www.humanium.org\/de\/kindersterblichkeit\/\" target=\"_blank\" rel=\"noopener\">Kindersterblichkeit<\/a> ist auf den Philippinen besonders hoch. Au\u00dferdem ist jedes 5. Neugeborene bei der Geburt untergewichtig. Die Geburt stellt nicht nur f\u00fcr das Kind, sondern auch f\u00fcr die Mutter ein Risiko dar. In diesem Land ist die Anzahl der Frauen die bei der Geburt sterben, in der Tat noch ziemlich hoch. Vor allem seitdem sehr viele junge M\u00e4dchen aufgrund der mangelnden Aufkl\u00e4rung und Zurverf\u00fcgungstellung von Verh\u00fctungsmitteln ungewollten Schwangerschaften ausgesetzt sind.<\/p>\n<p>Au\u00dferdem ist der Zugang zur <a href=\"https:\/\/www.humanium.org\/de\/das-recht-auf-gesundheit\/\" target=\"_blank\" rel=\"noopener\">Gesundheitsvorsorge<\/a> in den abgelegenen Regionen des Landes sehr schwierig. Nat\u00fcrlich sind in diesen Gegenden die <a href=\"https:\/\/www.humanium.org\/de\/recht-nahrung\/\" target=\"_blank\" rel=\"noopener\">Unterern\u00e4hrung<\/a> und die daraus resultierenden Probleme am gravierendsten.<\/p>\n<p>Und schlie\u00dflich k\u00fcmmert man sich auf den Philippinen nicht ausreichend um Kinder mit psychischen Problemen. Sie bleiben am Rande der Gesellschaft und erfahren keine angemessene Pflege und Strukturen.<\/p>\n<p><strong><a href=\"https:\/\/www.humanium.org\/de\/kinderarbeit-2\/\" target=\"_blank\" rel=\"noopener\">Kinderarbeit<\/a><\/strong><\/p>\n<p>Mehr als 10% der philippinischen Kinder sind zur Arbeit gezwungen, um zum Familieneinkommen beizutragen.<\/p>\n<p>Fast eine Million junger Philippiner k\u00fcmmert sich in den \u00f6ffentlichen M\u00fclldeponien um die Wiederverwertung von Abfall. Sie arbeiten unter v\u00f6llig ungesunden Bedingungen, die oft schwere Folgen f\u00fcr ihre Gesundheit haben.<\/p>\n<p>Andere Kinder finden in l\u00e4ndlichen Bereichen eine Arbeit. Sie arbeiten ohne Pause auf Zuckerrohr-, Reis oder Teeplantagen \u2013 je nach Bedarf. Junge Philippiner sind auch in ihrem nationalen Fischereisektor besch\u00e4ftigt, einem in diesem Land recht weit verbreiteten Bereich.<\/p>\n<p><strong><a href=\"https:\/\/www.humanium.org\/de\/diskriminierung\/\" target=\"_blank\" rel=\"noopener\">Recht auf Nichtdiskriminierung<\/a><\/strong><\/p>\n<p><em>Gegen\u00fcber unehelich geborenen Kindern: Sie sind das Ziel einer betr\u00e4chtlichen Diskriminierung. Im Gesetz werden sie zum Beispiel noch immer als \u201euneheliche\u201c Kinder bezeichnet &#8211; ein zutiefst negativer und ungerechter Ausdruck, denn sie haben es sich nicht ausgesucht, unter solchen Umst\u00e4nden auf die Welt zu kommen. Au\u00dferdem ist ihr Erbrecht drastisch eingeschr\u00e4nkt. Sie sind also eindeutig nicht auf einer Stufe mit Kindern verheirateter Eltern.<\/em><\/p>\n<p><span style=\"text-decoration: underline;\"><\/span><em>Gegen\u00fcber der einheimischen Bev\u00f6lkerung:<\/em> Die Kinder dieser Minderheiten sind regelm\u00e4\u00dfig Opfer von rassistisch motivierten Taten. Auch die Gesetzgebung besch\u00fctzt sie davor nicht. Ihre Meinung wird kaum angeh\u00f6rt, w\u00e4hrend f\u00fcr die anderen Kinder auf den Philippinen k\u00fcrzlich gro\u00dfe Fortschritte verbucht werden konnten.<\/p>\n<p>Egal ob in Sachen Bildung, Gesundheit oder auch dem Recht auf Leben, Kinder von Ureinwohnen werden weniger zuvorkommend behandelt als andere Kinder.<\/p>\n<p><em><a href=\"https:\/\/www.humanium.org\/de\/die-rechte-von-madchen\/\" target=\"_blank\" rel=\"noopener\">Gegen\u00fcber jungen M\u00e4dchen<\/a>: <\/em> Diese k\u00f6nnen ihre Rechte ebenfalls nicht vollumf\u00e4nglich nutzen. Junge M\u00e4dchen sind Opfer offenkundiger Diskriminierung, unter deren Folgen sie ihr ganzes Leben lang leiden. Die Einstellungen m\u00fcssen sich einer radikalen \u00c4nderung unterziehen wenn sich der Gedanke einer Geschlechtergleichheit jemals durchsetzen soll.<\/p>\n<p><a href=\"https:\/\/www.humanium.org\/de\/kinder-mit-behinderung\/\" target=\"_blank\" rel=\"noopener\"><em>Gegen\u00fcber behinderten Kindern: <\/em><\/a> Aufgrund der Mangelern\u00e4hrung und des Mangels an Hygiene gibt es auf den Philippinen eine hohe Anzahl an behinderten Kindern. Das Land muss eine ausreichende Anzahl an Einrichtungen gr\u00fcnden, welche auf eine ad\u00e4quate Art und Weise den Bed\u00fcrfnissen der Kinder gerecht werden k\u00f6nnen. Folglich ist f\u00fcr sie der Zugang zu Erziehungs- und Gesundheitsleistungen stark eingeschr\u00e4nkt.<\/p>\n<p><strong><a href=\"https:\/\/www.humanium.org\/de\/kindersoldaten\/\" target=\"_blank\" rel=\"noopener\">Kindersoldaten<\/a><\/strong><\/p>\n<p>Die Philippinen sind eine der 20 Staaten, die massiv Kinder als Soldaten bei bewaffneten Konflikten einsetzen. Obwohl einige bewaffnete Truppen neuerdings den Willen bekundeten, keine Kinder mehr einzusetzen, ist man vom v\u00f6lligen Verzicht auf Kindersoldaten noch weit entfernt.<\/p>\n<p>Der Einsatz von Kindersoldaten ist von der Internationalen <a href=\"https:\/\/www.humanium.org\/de\/konvention\/\" target=\"_blank\" rel=\"noopener\">Kinderrechtskonvention<\/a> komplett verboten und hat negative Auswirkungen auf die Gesundheit und das Wohlbefinden des Kindes. Diese Kinder werden in gef\u00e4hrlichen und grausamen Umgebungen aufgesammelt, in der sich permanent der Gefahr aussetzen umgebracht zu werden. Als Beispiel dienen ihnen aggressive und brutale M\u00e4nner, die einen sehr negativen Einfluss auf ihre Entwicklung haben.<\/p>\n<p><strong><a href=\"https:\/\/www.humanium.org\/de\/kinderheirat\/\" target=\"_blank\" rel=\"noopener\">Kinderehen<\/a><\/strong><\/p>\n<p>14 % der jungen Frauen auf den Philippinen werden vor ihrem 18. Lebensjahr verheiratet. Man bereitet sie schon sehr fr\u00fch auf ihre sp\u00e4tere Rolle als Ehefrau vor. Doch diese Ehen haben oft schlimme Folgen f\u00fcr die Gesundheit dieser jungen M\u00e4dchen, die die Folgen einer Ehe noch nicht erfassen k\u00f6nnen.<\/p>\n<p><strong><a href=\"https:\/\/www.humanium.org\/de\/gewalt\/\" target=\"_blank\" rel=\"noopener\">Gewalt gegen\u00fcber Kindern <\/a><\/strong><\/p>\n<p><img loading=\"lazy\" decoding=\"async\" class=\"alignright size-medium wp-image-2821\" title=\"Corporal punishment is frequently practiced in the Philippines \u00a9 Adrien Chazerans\" src=\"https:\/\/www.humanium.org\/en\/wp-content\/uploads\/2011\/08\/philippines-violence-adrien-chazerans-220x300.jpg\" alt=\"\" width=\"100\" height=\"137\" \/>K\u00f6rperliche Z\u00fcchtigungen kommen auf den Philippinen sehr h\u00e4ufig vor, insbesondere im famili\u00e4ren Umfeld. Es gibt hierf\u00fcr keinerlei gesonderte Gesetzgebung. So leiden zahlreiche Kinder t\u00e4glich unter der Gewalt ihrer Eltern, die sie grausam und entw\u00fcrdigend behandeln.<br \/>\nIn einigen Familien sind Kinder auch <a href=\"https:\/\/www.humanium.org\/de\/die-sexuelle-ausbeutung-von-kindern\/\" target=\"_blank\" rel=\"noopener\">sexuellem Missbrauch <\/a>ausgesetzt. Dies sind schlimme Taten und allzu oft ziehen sie keine Strafe nach sich, denn die Justiz sch\u00fctzt Kinder, die Opfer von Drohungen und Einsch\u00fcchterungen seitens Krimineller werden, nur sehr unzureichend.<\/p>\n<p><a href=\"https:\/\/www.humanium.org\/de\/was-ist-gerechtigkeit\/\" target=\"_blank\" rel=\"noopener\"><strong>Jugendgerichtsbarkeit<\/strong><\/a><\/p>\n<p>Das Komitee der Kinderrechte \u00e4u\u00dfert sich sehr besorgt bez\u00fcglich der Jugendgerichtsbarkeit. Im Rahmen bewaffneter Konflikte wurden auf den Philippinen zahlreiche Exekutionen und au\u00dfergerichtliche Festnahmen unternommen. Leider entgingen auch Kinder diesen ungestraften Verbrechen nicht. Der Angriff auf das Recht auf Leben von Kindern ist das h\u00f6chste Verbrechen gegen die Kinderrechtskonvention. Das Land muss daher alles dransetzen, diese Praktiken zu stoppen und endlich die Verantwortlichen zu bestrafen. Heutzutage sind die Ma\u00dfnahmen gegen diese au\u00dfergerichtlichen Verbrechen zu gering und die Ergebnisse dieser Strafverfolgungen \u00e4u\u00dferst entt\u00e4uschend.<\/p>\n<p>Au\u00dferdem wurden hunderte Personen auf den Philippinen Opfer von erzwungenem <a href=\"https:\/\/www.humanium.org\/de\/verschwundene-kinder\/\" target=\"_blank\" rel=\"noopener\">Verschwinden<\/a>. Kommen sie zur\u00fcck (eher selten), sind sie aufgrund des Erlebten sowohl k\u00f6rperlich als auch mental traumatisiert.<br \/>\nKinder in Haft sind nicht de facto so gesch\u00fctzt, wie es sich geh\u00f6rt. Obwohl die Gesetzgebung des Landes jegliche unmenschlichen und entw\u00fcrdigenden Ma\u00dfnahmen verbietet, lassen zahlreiche Berichte erahnen, dass bei Kindern in Haft auch Folter angewendet wird.<\/p>\n<p><strong><a href=\"https:\/\/www.humanium.org\/de\/recht-auf-identitat\/\" target=\"_blank\" rel=\"noopener\">Recht auf Identit\u00e4t<\/a><\/strong><\/p>\n<p>Auf den Philippinen werden 17 % der Geburten nicht offiziell registriert. Das Land hat in diesem Bereich in neuester Zeit gro\u00dfe Fortschritte gemacht. Dennoch haben nicht alle Kinder von diesen Verbesserungen profitiert. Daher haben die meisten muslimischen Kinder oder Kinder von Ureinwohnern weiterhin keine offizielle Identit\u00e4t.<\/p>\n<p>Dies f\u00fchrt diese Menschen zu gro\u00dfen Problemen, denn sie k\u00f6nnen ihre Rechte nicht in vollem Ma\u00dfe nutzen, da sie in den Augen der Gesellschaft als unsichtbar gelten.<\/p>\n","protected":false},"excerpt":{"rendered":"<p>Kinder auf den Philippinen Kinderrechte auf den Philippinen verwirklichen Die Philippinen waren fr\u00fcher von bewaffneten Konflikten und Naturkatastrophen betroffen und erleben heute einen f\u00fcr die Zukunft verhei\u00dfungsvollen und vielversprechenden Aufschwung. Die Kinderrechte halten mit diesem Aufschwung Schritt. Auch wenn sie noch weit von der vollst\u00e4ndigen Einhaltung entfernt sind, lassen die Bereitschaft und die Offenheit des [&hellip;]<\/p>\n","protected":false},"author":1,"featured_media":0,"parent":0,"menu_order":0,"comment_status":"closed","ping_status":"closed","template":"","meta":{"footnotes":""},"class_list":["post-7127","page","type-page","status-publish","hentry"],"yoast_head":"<!-- This site is optimized with the Yoast SEO plugin v26.5 - https:\/\/yoast.com\/wordpress\/plugins\/seo\/ -->\n<title>Kinder auf den Philippinen - Humanium<\/title>\n<meta name=\"description\" content=\"Die Philippinen waren von bewaffneten Konflikten und Naturkatastrophen betroffen und erleben heute einen f\u00fcr die Zukunft verhei\u00dfungsvollen Aufschwung.\" \/>\n<meta name=\"robots\" content=\"index, follow, max-snippet:-1, max-image-preview:large, max-video-preview:-1\" \/>\n<link rel=\"canonical\" href=\"https:\/\/www.humanium.org\/de\/philippinen\/\" \/>\n<meta property=\"og:locale\" content=\"de_DE\" \/>\n<meta property=\"og:type\" content=\"article\" \/>\n<meta property=\"og:title\" content=\"Kinder auf den Philippinen - Humanium\" \/>\n<meta property=\"og:description\" content=\"Die Philippinen waren von bewaffneten Konflikten und Naturkatastrophen betroffen und erleben heute einen f\u00fcr die Zukunft verhei\u00dfungsvollen Aufschwung.\" \/>\n<meta property=\"og:url\" content=\"https:\/\/www.humanium.org\/de\/philippinen\/\" \/>\n<meta property=\"og:site_name\" content=\"Humanium\" \/>\n<meta property=\"article:modified_time\" content=\"2025-12-06T06:28:24+00:00\" \/>\n<meta name=\"twitter:card\" content=\"summary_large_image\" \/>\n<meta name=\"twitter:label1\" content=\"Gesch\u00e4tzte Lesezeit\" \/>\n\t<meta name=\"twitter:data1\" content=\"7\u00a0Minuten\" \/>\n<script type=\"application\/ld+json\" class=\"yoast-schema-graph\">{\"@context\":\"https:\/\/schema.org\",\"@graph\":[{\"@type\":\"WebPage\",\"@id\":\"https:\/\/www.humanium.org\/de\/philippinen\/\",\"url\":\"https:\/\/www.humanium.org\/de\/philippinen\/\",\"name\":\"Kinder auf den Philippinen - Humanium\",\"isPartOf\":{\"@id\":\"https:\/\/www.humanium.org\/de\/#website\"},\"primaryImageOfPage\":{\"@id\":\"https:\/\/www.humanium.org\/de\/philippinen\/#primaryimage\"},\"image\":{\"@id\":\"https:\/\/www.humanium.org\/de\/philippinen\/#primaryimage\"},\"thumbnailUrl\":\"https:\/\/www.humanium.org\/en\/wp-content\/uploads\/2011\/08\/philippines-violence-adrien-chazerans-220x300.jpg\",\"datePublished\":\"2016-09-07T16:38:51+00:00\",\"dateModified\":\"2025-12-06T06:28:24+00:00\",\"description\":\"Die Philippinen waren von bewaffneten Konflikten und Naturkatastrophen betroffen und erleben heute einen f\u00fcr die Zukunft verhei\u00dfungsvollen Aufschwung.\",\"breadcrumb\":{\"@id\":\"https:\/\/www.humanium.org\/de\/philippinen\/#breadcrumb\"},\"inLanguage\":\"de\",\"potentialAction\":[{\"@type\":\"ReadAction\",\"target\":[\"https:\/\/www.humanium.org\/de\/philippinen\/\"]}]},{\"@type\":\"ImageObject\",\"inLanguage\":\"de\",\"@id\":\"https:\/\/www.humanium.org\/de\/philippinen\/#primaryimage\",\"url\":\"https:\/\/www.humanium.org\/en\/wp-content\/uploads\/2011\/08\/philippines-violence-adrien-chazerans-220x300.jpg\",\"contentUrl\":\"https:\/\/www.humanium.org\/en\/wp-content\/uploads\/2011\/08\/philippines-violence-adrien-chazerans-220x300.jpg\"},{\"@type\":\"BreadcrumbList\",\"@id\":\"https:\/\/www.humanium.org\/de\/philippinen\/#breadcrumb\",\"itemListElement\":[{\"@type\":\"ListItem\",\"position\":1,\"name\":\"Home\",\"item\":\"https:\/\/www.humanium.org\/de\/\"},{\"@type\":\"ListItem\",\"position\":2,\"name\":\"Kinder auf den Philippinen\"}]},{\"@type\":\"WebSite\",\"@id\":\"https:\/\/www.humanium.org\/de\/#website\",\"url\":\"https:\/\/www.humanium.org\/de\/\",\"name\":\"Humanium\",\"description\":\"Kinder zuerst!\",\"potentialAction\":[{\"@type\":\"SearchAction\",\"target\":{\"@type\":\"EntryPoint\",\"urlTemplate\":\"https:\/\/www.humanium.org\/de\/?s={search_term_string}\"},\"query-input\":{\"@type\":\"PropertyValueSpecification\",\"valueRequired\":true,\"valueName\":\"search_term_string\"}}],\"inLanguage\":\"de\"}]}<\/script>\n<!-- \/ Yoast SEO plugin. -->","yoast_head_json":{"title":"Kinder auf den Philippinen - Humanium","description":"Die Philippinen waren von bewaffneten Konflikten und Naturkatastrophen betroffen und erleben heute einen f\u00fcr die Zukunft verhei\u00dfungsvollen Aufschwung.","robots":{"index":"index","follow":"follow","max-snippet":"max-snippet:-1","max-image-preview":"max-image-preview:large","max-video-preview":"max-video-preview:-1"},"canonical":"https:\/\/www.humanium.org\/de\/philippinen\/","og_locale":"de_DE","og_type":"article","og_title":"Kinder auf den Philippinen - Humanium","og_description":"Die Philippinen waren von bewaffneten Konflikten und Naturkatastrophen betroffen und erleben heute einen f\u00fcr die Zukunft verhei\u00dfungsvollen Aufschwung.","og_url":"https:\/\/www.humanium.org\/de\/philippinen\/","og_site_name":"Humanium","article_modified_time":"2025-12-06T06:28:24+00:00","twitter_card":"summary_large_image","twitter_misc":{"Gesch\u00e4tzte Lesezeit":"7\u00a0Minuten"},"schema":{"@context":"https:\/\/schema.org","@graph":[{"@type":"WebPage","@id":"https:\/\/www.humanium.org\/de\/philippinen\/","url":"https:\/\/www.humanium.org\/de\/philippinen\/","name":"Kinder auf den Philippinen - Humanium","isPartOf":{"@id":"https:\/\/www.humanium.org\/de\/#website"},"primaryImageOfPage":{"@id":"https:\/\/www.humanium.org\/de\/philippinen\/#primaryimage"},"image":{"@id":"https:\/\/www.humanium.org\/de\/philippinen\/#primaryimage"},"thumbnailUrl":"https:\/\/www.humanium.org\/en\/wp-content\/uploads\/2011\/08\/philippines-violence-adrien-chazerans-220x300.jpg","datePublished":"2016-09-07T16:38:51+00:00","dateModified":"2025-12-06T06:28:24+00:00","description":"Die Philippinen waren von bewaffneten Konflikten und Naturkatastrophen betroffen und erleben heute einen f\u00fcr die Zukunft verhei\u00dfungsvollen Aufschwung.","breadcrumb":{"@id":"https:\/\/www.humanium.org\/de\/philippinen\/#breadcrumb"},"inLanguage":"de","potentialAction":[{"@type":"ReadAction","target":["https:\/\/www.humanium.org\/de\/philippinen\/"]}]},{"@type":"ImageObject","inLanguage":"de","@id":"https:\/\/www.humanium.org\/de\/philippinen\/#primaryimage","url":"https:\/\/www.humanium.org\/en\/wp-content\/uploads\/2011\/08\/philippines-violence-adrien-chazerans-220x300.jpg","contentUrl":"https:\/\/www.humanium.org\/en\/wp-content\/uploads\/2011\/08\/philippines-violence-adrien-chazerans-220x300.jpg"},{"@type":"BreadcrumbList","@id":"https:\/\/www.humanium.org\/de\/philippinen\/#breadcrumb","itemListElement":[{"@type":"ListItem","position":1,"name":"Home","item":"https:\/\/www.humanium.org\/de\/"},{"@type":"ListItem","position":2,"name":"Kinder auf den Philippinen"}]},{"@type":"WebSite","@id":"https:\/\/www.humanium.org\/de\/#website","url":"https:\/\/www.humanium.org\/de\/","name":"Humanium","description":"Kinder zuerst!","potentialAction":[{"@type":"SearchAction","target":{"@type":"EntryPoint","urlTemplate":"https:\/\/www.humanium.org\/de\/?s={search_term_string}"},"query-input":{"@type":"PropertyValueSpecification","valueRequired":true,"valueName":"search_term_string"}}],"inLanguage":"de"}]}},"_links":{"self":[{"href":"https:\/\/www.humanium.org\/de\/wp-json\/wp\/v2\/pages\/7127","targetHints":{"allow":["GET"]}}],"collection":[{"href":"https:\/\/www.humanium.org\/de\/wp-json\/wp\/v2\/pages"}],"about":[{"href":"https:\/\/www.humanium.org\/de\/wp-json\/wp\/v2\/types\/page"}],"author":[{"embeddable":true,"href":"https:\/\/www.humanium.org\/de\/wp-json\/wp\/v2\/users\/1"}],"replies":[{"embeddable":true,"href":"https:\/\/www.humanium.org\/de\/wp-json\/wp\/v2\/comments?post=7127"}],"version-history":[{"count":9,"href":"https:\/\/www.humanium.org\/de\/wp-json\/wp\/v2\/pages\/7127\/revisions"}],"predecessor-version":[{"id":20902,"href":"https:\/\/www.humanium.org\/de\/wp-json\/wp\/v2\/pages\/7127\/revisions\/20902"}],"wp:attachment":[{"href":"https:\/\/www.humanium.org\/de\/wp-json\/wp\/v2\/media?parent=7127"}],"curies":[{"name":"wp","href":"https:\/\/api.w.org\/{rel}","templated":true}]}}