{"id":7131,"date":"2016-09-11T23:42:00","date_gmt":"2016-09-11T23:42:00","guid":{"rendered":"http:\/\/www.humanium.org\/de\/?page_id=7131"},"modified":"2025-12-06T06:19:44","modified_gmt":"2025-12-06T06:19:44","slug":"kinder-vanuatu","status":"publish","type":"page","link":"https:\/\/www.humanium.org\/de\/kinder-vanuatu\/","title":{"rendered":"Kinder Vanuatus"},"content":{"rendered":"<h1>Kinder Vanuatus<\/h1>\n<h2>Umsetzung von Kinderrechten in Vanuatu<\/h2>\n<p style=\"text-align: center;\"><img loading=\"lazy\" decoding=\"async\" class=\"alignnone size-full wp-image-12402\" title=\"Vanuatuan girl \u00a9 squil (flickr)\" src=\"https:\/\/www.humanium.org\/en\/wp-content\/uploads\/2012\/12\/Vanuatuan-girl-\u00a9-squilflickr.jpg\" alt=\"\" width=\"168\" height=\"200\" \/> <img loading=\"lazy\" decoding=\"async\" class=\"alignnone size-full wp-image-12404\" title=\"Vanuatuan boy \u00a9 kirrily Robert\" src=\"https:\/\/www.humanium.org\/en\/wp-content\/uploads\/2012\/12\/Vanuatuan-boy-\u00a9-kirrilyRobert.jpg\" alt=\"\" width=\"140\" height=\"200\" \/><\/p>\n<p>In Folge sozio\u00f6konomischer, geografischer und politischer Probleme, trifft Vanuatu auf Schwierigkeiten bei der Umsetzung der UN-Kinderrechtskonvention. Aufgrund dessen m\u00fcssen ernsthafte Ma\u00dfnahmen in den Bereichen Gesundheit, Bildung und Missbrauch ergriffen werden.<\/p>\n<h3>Hauptprobleme, mit denen Kinder in Vanuatu konfrontiert werden:<\/h3>\n<p><strong><a href=\"https:\/\/www.humanium.org\/de\/verstehen\/\">Umsetzung von Kinderrechten<br \/>\n<\/a><\/strong><\/p>\n<p>Viele <a href=\"https:\/\/www.humanium.org\/de\/kulturelle-praktiken\/\">traditionelle Br\u00e4uche<\/a> bestimmen noch das Leben der Einwohner der Inseln Vanuatus, die jedoch manchmal internationalen Grunds\u00e4tzen der Menschenrechte widersprechen.<\/p>\n<p>Einige Oberh\u00e4upter des Archipels neigen dazu, Tradition auf Kosten der Kinderrechte zu bevorzugen und verhindern, dass diese respektiert werden.<\/p>\n<p>Trotz der j\u00fcngsten Verbesserungen halten sich nationale Gesetzgebung und traditionelles Gesetz offensichtlich nicht an die Bestimmungen der Kinderrechtskonvention. Demzufolge entsprechen Regierungsprogramme und auf Kinder gezielte Leistungen diesen Anforderungen auch nicht.<\/p>\n<p><strong>Gesundheit<\/strong><\/p>\n<p><a href=\"https:\/\/www.humanium.org\/de\/das-recht-auf-gesundheit\/\">Der Zugang zur Gesundheitsversorgung<\/a> ist eines der gr\u00f6\u00dften Probleme im Land, was die Kinder betrifft. Die Aufteilung des Gebiets in viele kleine Inseln, sowie die h\u00e4ufigen Naturkatastrophen stellen ein Hindernis f\u00fcr die korrekte Durchf\u00fchrung von nationalen Programmen dar.<\/p>\n<p><img loading=\"lazy\" decoding=\"async\" class=\"size-full wp-image-12406 alignright\" title=\"Access to healthcare is one of the largest problems in the country concerning children \u00a9 Graham-Crumb (flickr)\" src=\"https:\/\/www.humanium.org\/en\/wp-content\/uploads\/2012\/12\/Access-to-healthcare-is-one-of-the-largest-problems-in-the-country-concerning-children-\u00a9-Graham-Crumb-flickr.jpg\" alt=\"\" width=\"134\" height=\"200\" \/>Des Weiteren erschwert die fehlende Infrastruktur, ein Mangel an Gesundheitspersonal, die schlechte Qualit\u00e4t von Abwassernetzen und der beschr\u00e4nkte Zugang zu Trinkwasser in vielen D\u00f6rfern ein funktionierendes Gesundheitswesen. Zus\u00e4tzlich herrscht vor allem in l\u00e4ndlichen Regionen eine allgemeine Unwissenheit \u00fcber die gesunde Erziehung von Kindern.<\/p>\n<p>Infolge all dieser Faktoren ist die Sterblichkeitsrate von S\u00e4uglingen \u00a0 \u00a0(16 %) relativ hoch. F\u00fcr die Weltgesundheitsorganisation ist Vanuatu eines der schwierigsten L\u00e4nder in den pazifischen Staaten, was den Kampf gegen die Malaria betrifft.<\/p>\n<p>So macht Malaria unter den Todesursachen von Kindern unter 5 Jahren knapp 20% aus. Au\u00dferdem stellen akute Atemwegsinfektionen und Durchfallerkrankungen eine weitere Bedrohung f\u00fcr das \u00dcberleben und die Entwicklung der Kinder dar.<\/p>\n<p>Gesundheitspolitiken, die Kinder beg\u00fcnstigen, sind nicht ausreichend, wenn man Unf\u00e4lle, Selbstmord, Gewalt, Alkohol und Tabak ber\u00fccksichtigt. Die Ausbreitung von Geschlechtskrankheiten unter Jugendlichen, sowie die hohe Zahl von Schwangerschaften unter Jugendlichen (gesch\u00e4tzt auf 92 %) sind auch sehr beunruhigend.<\/p>\n<p><a href=\"https:\/\/www.humanium.org\/de\/recht-bildung\/\"><strong>Bildung<br \/>\n<\/strong><\/a><\/p>\n<p>Isolation und <a href=\"https:\/\/www.humanium.org\/de\/armut\/\">Armut<\/a> von D\u00f6rfern stellen ein gro\u00dfes Problem bez\u00fcglich des Zugangs zur Bildung dar.<\/p>\n<p><img loading=\"lazy\" decoding=\"async\" class=\"alignright size-full wp-image-12407\" title=\"Lack of resources strongly limits access to education \u00a9 Katie-Hannan (flickr)\" src=\"https:\/\/www.humanium.org\/en\/wp-content\/uploads\/2012\/12\/Lack-of-resources-strongly-limits-access-to-education-\u00a9-Katie-Hannan-flickr.jpg\" alt=\"\" width=\"200\" height=\"150\" \/>Trotz der Bem\u00fchung durch Vanuatu, allen Kindern bis 2015 obligatorische, qualitativ hochwertige und kostenlose Schulbildung zu bieten, ist die Situation nicht aufmunternd: niedrige Alphabetisierungsrate hohe Bildungskosten, mangelhafte Unterrichtsqualit\u00e4t, fehlende Bildungshandb\u00fcchern und noch unzul\u00e4ngliche Anzahl an qualifizierten Lehrern.<\/p>\n<p>Au\u00dferdem vereinfacht die Vielzahl von Sprachen (80 bis 100 lokale Sprachen, 2 Amtssprachen, und 1 Landessprache, Bislama) die Situation auch nicht gerade. Bildung wird nur in den beiden offiziellen Sprachen Franz\u00f6sisch und Englisch angeboten, jedoch sind nur 4% der Bev\u00f6lkerung Muttersprachler dieser Sprachen.<\/p>\n<p>Die Zahl der Schulabbr\u00fcche ist relativ hoch, so waren 2008 nur 38 % der Kinder, die an einer weiterf\u00fchrenden Schule eingeschrieben waren, wirklich anwesend.<\/p>\n<p>Der UNESCO nach befinden sich diese Jugendlichen in einer sehr schwierigen Situation: Ohne Berufsausbildung finden sie keine Arbeit und verf\u00fcgen nicht \u00fcber notwendigen Alltagskenntnisse f\u00fcr das moderne Leben. Doch gerade weil das Bildungssystem sie vom Lebensstil ihrer Eltern getrennt hat, wissen sie auch nicht, wie man sich an das traditionelle Dorfleben anpasst.<\/p>\n<p><a href=\"https:\/\/www.humanium.org\/de\/focusdiskriminierung\/\"><strong>Diskriminierung<br \/>\n<\/strong><\/a><br \/>\nStark beeinflusst durch eine traditionell von M\u00e4nnern dominierte Gesellschaft, und trotz neuer Verbesserungen, ist die Gesetzgebung von Vanuatu immer noch diskriminierend gegen\u00fcber Frauen und M\u00e4dchen. Zum Beispiel kann eine ausl\u00e4ndische Frau, die die Staatsb\u00fcrgerschaft von Vanuatu beantragt, diese nicht f\u00fcr ihre Kinder anfordern, w\u00e4hrend M\u00e4nner das d\u00fcrfen.<\/p>\n<p>Doch selbst wenn das Gesetz fair ist, setzen diskriminierende kulturelle Traditionen die Benachteiligung von M\u00e4dchen fort, die weniger gebildet sind als Jungs und \u00f6fter der Gewalt zum Opfer fallen. Teilweise r\u00fchrt dies aus dem Glauben her, dass die Menstruation schmutzige und sch\u00e4dliche Auswirkungen hat.<\/p>\n<p><a href=\"https:\/\/www.humanium.org\/de\/kinder-mit-behinderung\/\"><strong>Behinderte Kinder<br \/>\n<\/strong><\/a><\/p>\n<p>Die Rechte von behinderten Kindern werden in Vanuatu nicht ausreichend gesch\u00fctzt. Programme (insbesondere fr\u00fchzeitige Diagnose) und auf behinderte Kinder gerichtete Leistungen werde nicht mit gen\u00fcgenden Mitteln unterst\u00fctzt, um wie n\u00f6tig zu agieren. Demzufolge werden sie in die Gesellschaft schlecht integriert.<\/p>\n<p><a href=\"https:\/\/www.humanium.org\/de\/kinderheirat\/\"><strong>Kinderehe<br \/>\n<\/strong><\/a><\/p>\n<p>Das gesetzliche heiratsf\u00e4hige Alter f\u00fcr M\u00e4dchen liegt bei 16 Jahren, im Gegensatz zu 18 f\u00fcr Jungs. Auf bestimmten isolierten Inseln werden Kinder manchmal sogar noch fr\u00fcher verheiratet.<br \/>\nAus diesem Grund sind 13 % der M\u00e4dchen unter 19 Jahren verheiratet oder leben in einer ehe\u00e4hnlichen Gemeinschaft. Das f\u00f6rdert den Schulabbruch und fr\u00fche Schwangerschaften auf Kosten ihrer Gesundheit und Ausbildung.<\/p>\n<p><a href=\"https:\/\/www.humanium.org\/de\/misshandlung\/\"><strong>Missbrauch<br \/>\n<\/strong><\/a><\/p>\n<p><img loading=\"lazy\" decoding=\"async\" class=\"alignright size-full wp-image-12408\" title=\"Violence is encouraged by some traditional and cultural practices \u00a9 Graham-Crumb (flickr)\" src=\"https:\/\/www.humanium.org\/en\/wp-content\/uploads\/2012\/12\/Violence-is-encouraged-by-some-traditional-and-cultural-practices-\u00a9-Graham-Crumb-flickr.jpg\" alt=\"\" width=\"200\" height=\"138\" \/>Wenn Kindesmisshandlung ein in Vanuatu nicht besonders weit verbreitetes Ph\u00e4nomen ist, hat die Regierung nicht genug unternommen, um es zu bek\u00e4mpfen. Obwohl die <a href=\"https:\/\/www.humanium.org\/de\/misshandlung\/\">k\u00f6rperliche Z\u00fcchtigung<\/a> in Schulen verboten ist, ist sie im h\u00e4uslichen Gebrauch zul\u00e4ssig.<\/p>\n<p>Einige traditionelle und kulturelle Traditionen f\u00f6rdern sie sogar in gewisser Hinsicht in der Gesellschaft, einschlie\u00dflich im <a href=\"https:\/\/www.humanium.org\/de\/kinderrechte\/\">gerichtlichen System<\/a>.<\/p>\n<p>Frauen und M\u00e4dchen sind besonders von der Gewalt betroffen. Der Brauch der Mitgift, die die zuk\u00fcnftigen Ehem\u00e4nner der Familie der Frau bringen, verst\u00e4rkt die Ansicht, dass Frauen k\u00e4ufliche Objekte seien. Das rechtfertigt in den Augen der Gesellschaft h\u00e4ufig Gewalt, wenn auch das Gesetz dies nicht als zul\u00e4ssige betrachtet.<\/p>\n<p>Gewalt in der Familie und F\u00e4lle von Misshandlung und Missbrauch, einschlie\u00dflich des <a href=\"https:\/\/www.humanium.org\/de\/die-sexuelle-ausbeutung-von-kindern\/\">sexuellen Missbrauchs<\/a> von Frauen und Kindern werden deshalb nicht richtig ermittelt und entsprechend bestraft. Kinder, die Opfer von Gewalt sind, werden weder w\u00e4hrend der gesetzlichen Verfahren, noch bei der sozialen Reintegration richtig unterst\u00fctzt.<\/p>\n<p><a href=\"https:\/\/www.humanium.org\/en\/focus\/sexual-abuse-children\/\"><strong>Sexuelle Ausbeutung<br \/>\n<\/strong><\/a><\/p>\n<p><img loading=\"lazy\" decoding=\"async\" class=\"alignright size-full wp-image-12412\" title=\"Young girls over age 15 who are victims of incest are treated as guilty \u00a9 Graham-Crumb (flickr)\" src=\"https:\/\/www.humanium.org\/en\/wp-content\/uploads\/2012\/12\/Young-girls-over-age-15-who-are-victims-of-incest-are-treated-as-guilty-\u00a9-Graham-Crumb-flickr.jpg\" alt=\"\" width=\"115\" height=\"200\" \/>In Vanuatu wird Inzest noch als Straftat bei M\u00e4dchen ab einem Alter von 15 Jahren betrachtet.<\/p>\n<p>Das bedeutet, dass ein junges M\u00e4dchen, das von einem Elternteil sexuell misshandelt wurde, durch das Gesetz f\u00fcr schuldig befunden und nicht als Opfer angesehen wird.<\/p>\n<p>Diese Behandlung h\u00e4lt Kinder davon ab, \u00dcberf\u00e4lle zu melden und hindert jegliche Entsch\u00e4digung f\u00fcr Verbrechen.<\/p>\n<p><a href=\"https:\/\/www.humanium.org\/de\/kinderarbeit-2\/\"><strong>Kinderarbeit<br \/>\n<\/strong><\/a><\/p>\n<p>Im Allgemeinen beginnen Kinder in Vanuatu in einem sehr jungen Alter zu arbeiten, was haupts\u00e4chlich an dem eingeschr\u00e4nkten Zugang zur Ausbildung liegt. Das Gesetz verbietet Zwangsarbeit f\u00fcr Kinder unter 12 Jahren, au\u00dfer in der Familienlandwirtschaft, wo viele von ihnen ihren Eltern helfen.<\/p>\n<p>Aufgrund dieser niedrigen Altersgrenze und Ausnahme arbeiten viele Kinder unter Bedingungen, die f\u00fcr ihr zartes Alter unangemessen sind.<\/p>\n<p><a href=\"https:\/\/www.humanium.org\/de\/kinderrechte\/\"><strong>Justiz<\/strong><\/a><\/p>\n<p>Das gesetzliche Mindestalter f\u00fcr die Strafm\u00fcndigkeit liegt bei 10 Jahren, eine Grenze die im Vergleich zu den durch <a href=\"https:\/\/www.humanium.org\/de\/konvention\/\">internationale Dokumente<\/a> empfohlenen 15, viel zu niedrig ist.<\/p>\n<p>Au\u00dferdem entsprechen die Gerichtsverfahren, denen Minderj\u00e4hrige unterzogen werden, nicht den internationalen Normen. Rechtskr\u00e4fte, sowie Strafverfolgung verf\u00fcgen \u00fcber unzul\u00e4ngliche Mittel und werden nicht ausreichend trainiert, die spezifischen Bed\u00fcrfnisse von Kindern korrekt zu ber\u00fccksichtigen.<\/p>\n<p><img loading=\"lazy\" decoding=\"async\" class=\"alignright size-full wp-image-12413\" title=\"Traditional judgments don't always properly take into account the specific needs of children \u00a9 peregrinari (flickr)\" src=\"https:\/\/www.humanium.org\/en\/wp-content\/uploads\/2012\/12\/Traditional-judgments-dont-always-properly-take-into-account-the-specific-needs-of-children-\u00a9-peregrinari-flickr.jpg\" alt=\"\" width=\"200\" height=\"164\" \/>Au\u00dferdem bevorzugen viele D\u00f6rfer die Aufkl\u00e4rung von Verbrechen und Konflikten auf traditionelle Weise (kastom faen). Daher ist es nicht ungew\u00f6hnlich, dass bei der Polizei abgelegte Beschwerden nach Eingreifen eines Dorff\u00fchrers zur\u00fcckgezogen werden.<\/p>\n<p>Diese traditionellen Urteile sind nicht immer fair und ziehen die speziellen Bed\u00fcrfnisse von Kindern nicht richtig in Betracht.<\/p>\n<p>Gewohnheitsrechte, die auf den Inseln des Archipels Vanuatu noch G\u00fcltigkeit besitzen, erlauben es manchmal sogar Kinder auszutauschen oder als Schadenersatz w\u00e4hrend der Entscheidung eines Konflikts zu verwenden.<\/p>\n<p>Dieser Austausch wird als ein Vorteil f\u00fcr das Kind gesehen, das normalerweise nicht von seiner leiblichen Familie getrennt wird, weil es in einer Gro\u00dffamilie gr\u00f6\u00dferen Schutz findet. Jedoch f\u00f6rdert diese Gewohnheit die Ansicht, Kinder seien Gegenst\u00e4nde, was ihre Entwicklung st\u00f6ren kann.<\/p>\n","protected":false},"excerpt":{"rendered":"<p>Kinder Vanuatus Umsetzung von Kinderrechten in Vanuatu In Folge sozio\u00f6konomischer, geografischer und politischer Probleme, trifft Vanuatu auf Schwierigkeiten bei der Umsetzung der UN-Kinderrechtskonvention. Aufgrund dessen m\u00fcssen ernsthafte Ma\u00dfnahmen in den Bereichen Gesundheit, Bildung und Missbrauch ergriffen werden. Hauptprobleme, mit denen Kinder in Vanuatu konfrontiert werden: Umsetzung von Kinderrechten Viele traditionelle Br\u00e4uche bestimmen noch das Leben [&hellip;]<\/p>\n","protected":false},"author":1,"featured_media":0,"parent":0,"menu_order":0,"comment_status":"closed","ping_status":"closed","template":"","meta":{"footnotes":""},"class_list":["post-7131","page","type-page","status-publish","hentry"],"yoast_head":"<!-- This site is optimized with the Yoast SEO plugin v26.5 - https:\/\/yoast.com\/wordpress\/plugins\/seo\/ -->\n<title>Kinder Vanuatus - Humanium<\/title>\n<meta name=\"description\" content=\"In Folge sozio\u00f6konomischer, geografischer und politischer Probleme, trifft Vanuatu auf Schwierigkeiten bei der Umsetzung der UN-Kinderrechtskonvention.\" \/>\n<meta name=\"robots\" content=\"index, follow, max-snippet:-1, max-image-preview:large, max-video-preview:-1\" \/>\n<link rel=\"canonical\" href=\"https:\/\/www.humanium.org\/de\/kinder-vanuatu\/\" \/>\n<meta property=\"og:locale\" content=\"de_DE\" \/>\n<meta property=\"og:type\" content=\"article\" \/>\n<meta property=\"og:title\" content=\"Kinder Vanuatus - Humanium\" \/>\n<meta property=\"og:description\" content=\"In Folge sozio\u00f6konomischer, geografischer und politischer Probleme, trifft Vanuatu auf Schwierigkeiten bei der Umsetzung der UN-Kinderrechtskonvention.\" \/>\n<meta property=\"og:url\" content=\"https:\/\/www.humanium.org\/de\/kinder-vanuatu\/\" \/>\n<meta property=\"og:site_name\" content=\"Humanium\" \/>\n<meta property=\"article:modified_time\" content=\"2025-12-06T06:19:44+00:00\" \/>\n<meta name=\"twitter:card\" content=\"summary_large_image\" \/>\n<meta name=\"twitter:label1\" content=\"Gesch\u00e4tzte Lesezeit\" \/>\n\t<meta name=\"twitter:data1\" content=\"8\u00a0Minuten\" \/>\n<script type=\"application\/ld+json\" class=\"yoast-schema-graph\">{\"@context\":\"https:\/\/schema.org\",\"@graph\":[{\"@type\":\"WebPage\",\"@id\":\"https:\/\/www.humanium.org\/de\/kinder-vanuatu\/\",\"url\":\"https:\/\/www.humanium.org\/de\/kinder-vanuatu\/\",\"name\":\"Kinder Vanuatus - Humanium\",\"isPartOf\":{\"@id\":\"https:\/\/www.humanium.org\/de\/#website\"},\"datePublished\":\"2016-09-11T23:42:00+00:00\",\"dateModified\":\"2025-12-06T06:19:44+00:00\",\"description\":\"In Folge sozio\u00f6konomischer, geografischer und politischer Probleme, trifft Vanuatu auf Schwierigkeiten bei der Umsetzung der UN-Kinderrechtskonvention.\",\"breadcrumb\":{\"@id\":\"https:\/\/www.humanium.org\/de\/kinder-vanuatu\/#breadcrumb\"},\"inLanguage\":\"de\",\"potentialAction\":[{\"@type\":\"ReadAction\",\"target\":[\"https:\/\/www.humanium.org\/de\/kinder-vanuatu\/\"]}]},{\"@type\":\"BreadcrumbList\",\"@id\":\"https:\/\/www.humanium.org\/de\/kinder-vanuatu\/#breadcrumb\",\"itemListElement\":[{\"@type\":\"ListItem\",\"position\":1,\"name\":\"Home\",\"item\":\"https:\/\/www.humanium.org\/de\/\"},{\"@type\":\"ListItem\",\"position\":2,\"name\":\"Kinder Vanuatus\"}]},{\"@type\":\"WebSite\",\"@id\":\"https:\/\/www.humanium.org\/de\/#website\",\"url\":\"https:\/\/www.humanium.org\/de\/\",\"name\":\"Humanium\",\"description\":\"Kinder zuerst!\",\"potentialAction\":[{\"@type\":\"SearchAction\",\"target\":{\"@type\":\"EntryPoint\",\"urlTemplate\":\"https:\/\/www.humanium.org\/de\/?s={search_term_string}\"},\"query-input\":{\"@type\":\"PropertyValueSpecification\",\"valueRequired\":true,\"valueName\":\"search_term_string\"}}],\"inLanguage\":\"de\"}]}<\/script>\n<!-- \/ Yoast SEO plugin. -->","yoast_head_json":{"title":"Kinder Vanuatus - Humanium","description":"In Folge sozio\u00f6konomischer, geografischer und politischer Probleme, trifft Vanuatu auf Schwierigkeiten bei der Umsetzung der UN-Kinderrechtskonvention.","robots":{"index":"index","follow":"follow","max-snippet":"max-snippet:-1","max-image-preview":"max-image-preview:large","max-video-preview":"max-video-preview:-1"},"canonical":"https:\/\/www.humanium.org\/de\/kinder-vanuatu\/","og_locale":"de_DE","og_type":"article","og_title":"Kinder Vanuatus - Humanium","og_description":"In Folge sozio\u00f6konomischer, geografischer und politischer Probleme, trifft Vanuatu auf Schwierigkeiten bei der Umsetzung der UN-Kinderrechtskonvention.","og_url":"https:\/\/www.humanium.org\/de\/kinder-vanuatu\/","og_site_name":"Humanium","article_modified_time":"2025-12-06T06:19:44+00:00","twitter_card":"summary_large_image","twitter_misc":{"Gesch\u00e4tzte Lesezeit":"8\u00a0Minuten"},"schema":{"@context":"https:\/\/schema.org","@graph":[{"@type":"WebPage","@id":"https:\/\/www.humanium.org\/de\/kinder-vanuatu\/","url":"https:\/\/www.humanium.org\/de\/kinder-vanuatu\/","name":"Kinder Vanuatus - Humanium","isPartOf":{"@id":"https:\/\/www.humanium.org\/de\/#website"},"datePublished":"2016-09-11T23:42:00+00:00","dateModified":"2025-12-06T06:19:44+00:00","description":"In Folge sozio\u00f6konomischer, geografischer und politischer Probleme, trifft Vanuatu auf Schwierigkeiten bei der Umsetzung der UN-Kinderrechtskonvention.","breadcrumb":{"@id":"https:\/\/www.humanium.org\/de\/kinder-vanuatu\/#breadcrumb"},"inLanguage":"de","potentialAction":[{"@type":"ReadAction","target":["https:\/\/www.humanium.org\/de\/kinder-vanuatu\/"]}]},{"@type":"BreadcrumbList","@id":"https:\/\/www.humanium.org\/de\/kinder-vanuatu\/#breadcrumb","itemListElement":[{"@type":"ListItem","position":1,"name":"Home","item":"https:\/\/www.humanium.org\/de\/"},{"@type":"ListItem","position":2,"name":"Kinder Vanuatus"}]},{"@type":"WebSite","@id":"https:\/\/www.humanium.org\/de\/#website","url":"https:\/\/www.humanium.org\/de\/","name":"Humanium","description":"Kinder zuerst!","potentialAction":[{"@type":"SearchAction","target":{"@type":"EntryPoint","urlTemplate":"https:\/\/www.humanium.org\/de\/?s={search_term_string}"},"query-input":{"@type":"PropertyValueSpecification","valueRequired":true,"valueName":"search_term_string"}}],"inLanguage":"de"}]}},"_links":{"self":[{"href":"https:\/\/www.humanium.org\/de\/wp-json\/wp\/v2\/pages\/7131","targetHints":{"allow":["GET"]}}],"collection":[{"href":"https:\/\/www.humanium.org\/de\/wp-json\/wp\/v2\/pages"}],"about":[{"href":"https:\/\/www.humanium.org\/de\/wp-json\/wp\/v2\/types\/page"}],"author":[{"embeddable":true,"href":"https:\/\/www.humanium.org\/de\/wp-json\/wp\/v2\/users\/1"}],"replies":[{"embeddable":true,"href":"https:\/\/www.humanium.org\/de\/wp-json\/wp\/v2\/comments?post=7131"}],"version-history":[{"count":4,"href":"https:\/\/www.humanium.org\/de\/wp-json\/wp\/v2\/pages\/7131\/revisions"}],"predecessor-version":[{"id":20538,"href":"https:\/\/www.humanium.org\/de\/wp-json\/wp\/v2\/pages\/7131\/revisions\/20538"}],"wp:attachment":[{"href":"https:\/\/www.humanium.org\/de\/wp-json\/wp\/v2\/media?parent=7131"}],"curies":[{"name":"wp","href":"https:\/\/api.w.org\/{rel}","templated":true}]}}