{"id":7188,"date":"2016-09-27T12:05:33","date_gmt":"2016-09-27T12:05:33","guid":{"rendered":"http:\/\/www.humanium.org\/de\/?page_id=7188"},"modified":"2025-12-06T06:28:25","modified_gmt":"2025-12-06T06:28:25","slug":"usbekistan","status":"publish","type":"page","link":"https:\/\/www.humanium.org\/de\/usbekistan\/","title":{"rendered":"Kinder in Usbekistan"},"content":{"rendered":"<h1>Kinder in Usbekistan<\/h1>\n<h2><span style=\"color: #000000;\">Kinderrechte in Uzbekistan verwirklichen<\/span><\/h2>\n<p>Usbekistan ist das bev\u00f6lkerungsreichste Land Zentralasiens und misst seit seiner Unabh\u00e4ngigkeit den Kinderrechten gro\u00dfe Bedeutung zu. Daher hat sich die Situation der Kinder konstant verbessert, obwohl sie weit davon entfernt ist, g\u00e4nzlich zufriedenstellend zu sein. Es gilt immer noch, einige wesentliche Probleme wie Kinderarbeit zu l\u00f6sen.<\/p>\n<h3>Hauptprobleme der Kinder in Usbekistan:<\/h3>\n<p><strong><a href=\"https:\/\/www.humanium.org\/de\/armut\/\">Armut<\/a><\/strong><\/p>\n<p><span style=\"font-weight: 400;\">In Usbekistan lebt ein Viertel der Bev\u00f6lkerung unterhalb der Armutsgrenze. Stadtbewohner sind meist st\u00e4rker von Armut betroffen, daher gibt es eine massive Abwanderung der Bev\u00f6lkerung aufs Land. In den st\u00e4dtischen Gebieten mancher Regionen ist jeder Zweite von Armut betroffen. Die Lebensbedingungen f\u00fcr Kinder sind daher schwierig und ihre Rechte k\u00f6nnen nicht vollst\u00e4ndig gewahrt bleiben. <\/span><\/p>\n<p><strong><a href=\"https:\/\/www.humanium.org\/de\/das-recht-auf-gesundheit\/\">Recht auf Gesundheit<\/a><\/strong><\/p>\n<p>Der Prozentsatz der <a href=\"https:\/\/www.humanium.org\/de\/kindersterblichkeit\/\">Kindersterblichkeit<\/a>\u00a0\u00a0etr\u00e4gt 36 \u2030, was hoch ist. Au\u00dferdem ist die pr\u00e4- und postnatale Versorgung in diesem Land nicht gen\u00fcgend gew\u00e4hrleistet. Die Unterst\u00fctzung und Beratung von M\u00fcttern bez\u00fcglich der Gesundheit ihrer Kinder ist unzureichend.<br \/>\nWie die letzte Impfkampagne gegen Kinderl\u00e4hmung zeigt, wurden in Usbekistan zahlreiche Pr\u00e4ventionsma\u00dfnahmen unternommen.<\/p>\n<p><strong><a href=\"https:\/\/www.humanium.org\/de\/vertriebene-kinder\/\">Fl\u00fcchtlingskinder<\/a><\/strong><\/p>\n<p>Durch seine geographische Lage zieht Usbekistan zahlreiche Fl\u00fcchtlinge an, insbesondere aus Kirgisistan. Diese Menschen, meist Frauen und Kinder, suchen einen sicheren Ort und kommen ohne Gep\u00e4ck und v\u00f6llig mittellos in das Gastland. Obwohl heutzutage viele von ihnen in ihr Heimatland zur\u00fcckkehren konnten, leben einige Familien in Fl\u00fcchtlingslagern, in denen ihre Lebensbedingungen voll und ganz von humanit\u00e4rer Hilfe abh\u00e4ngen.<\/p>\n<p>Es sind zwar zahlreiche NGOs vor Ort, doch bieten diese Fl\u00fcchtlingslager keine idealen Lebensbedingungen f\u00fcr Kinder. Es gibt sehr wenige schattige Pl\u00e4tze und tags\u00fcber ist es dort extrem hei\u00df. Daher leiden viele Neugeborene unter \u00dcberhitzung, die zu Fieber, Dehydration und Durchf\u00e4llen f\u00fchrt. Es wird zwar <a href=\"https:\/\/www.humanium.org\/de\/recht-wasser\/\">Trinkwasser<\/a> verteilt, doch leider sind die Mengen rationiert, daher wird es nur zum Trinken verwendet und der Rest erfolgt mit Leitungswasser, was wiederum zu Hygiene- und Gesundheitsproblemen f\u00fchrt.<\/p>\n<p><span style=\"font-weight: 400;\">Mit humanit\u00e4rer Hilfe k\u00f6nnen in diesen Camps nicht alle Bed\u00fcrfnisse der Fl\u00fcchtlingsfamilien abgedeckt werden, daher kann nur sehr unzureichend auf Hygiene und <a href=\"https:\/\/www.humanium.org\/de\/das-recht-auf-gesundheit\/\">Gesundheit<\/a> geachtet werden.<\/span><\/p>\n<p><strong><strong><a href=\"https:\/\/www.humanium.org\/de\/kinderarbeit-2\/\">Kinderarbeit<\/a><\/strong><\/strong><\/p>\n<p>Usbekistan hat die \u00dcbereinkommen zum Verbot der <a href=\"https:\/\/www.humanium.org\/de\/kinderarbeit-2\/\">Kinderarbeit<\/a>, ratifiziert aber dennoch ist sie durchaus noch nicht abgeschafft. In der Praxis ist Kinderarbeit vollkommen in den Landessitten verankert und zwar derart, dass Kinderarbeit selbst w\u00e4hrend der Schulzeit stattfindet. Tats\u00e4chlich zieht die Regierung w\u00e4hrend der Ernte Schulkinder heran, die dann in den Baumwollfeldern arbeiten m\u00fcssen. Falls sie sich weigern, droht ihnen der Schulausschluss. Sie arbeiten unter sehr schwierigen Bedingungen und leiden unter Hunger, M\u00fcdigkeit und Schmutz und dies gegen wenig oder gar keine Bezahlung.<\/p>\n<p>Ihre <a href=\"https:\/\/www.humanium.org\/de\/recht-bildung\/\">Schulbildung<\/a> wird zugunsten des Baumwollhandels unterbrochen und ihre Gesundheit verschlechtert sich ebenfalls angesichts der miserablen Arbeitsbedingungen. In Usbekistan muss unbedingt angesichts dieses schwerwiegenden Problems gehandelt werden, das die Kinder um einen nicht unerheblichen Teil ihrer Jugend bringt.<\/p>\n<p><strong><a href=\"https:\/\/www.humanium.org\/de\/recht-freiheit\/\">Meinungsfreiheit<\/a><\/strong><\/p>\n<p>Korruption ist in Usbekistan sehr real und steht auf der Tagesordnung. Mobbing, Folter, Einsch\u00fcchterung und Haft erwarten diejenigen, die in diesem Land den Mund etwas mehr aufmachen. Die tats\u00e4chliche Situation der Kinder kann daher nicht immer wahrheitsgetreu geschildert werden. Dass man sich weigert, den Tatsachen ins Auge zu sehen, erschwert zudem die Verbesserung ihrer Lebensqualit\u00e4t.<\/p>\n<p>Obwohl die usbekische\u00a0<a href=\"https:\/\/www.humanium.org\/de\/recht-freiheit\/\">Gesetzgebung Meinungsfreiheit <\/a>,\u00a0proklamiert, ist sie in der Praxis eingeschr\u00e4nkt: Medien werden stark kontrolliert, Oppositionelle oder Menschenrechtsverteidiger werden in einigen Regionen sehr oft bedroht und die Regierung ist f\u00fcr ihre strenge Zensurpolitik bekannt. Diese Einschr\u00e4nkungen verhindern, dass Kinder in Usbekistan von ihrem Informationsrecht Gebrauch machen, sich frei ausdr\u00fccken k\u00f6nnen und verletzen Artikel 13 der <a href=\"https:\/\/www.humanium.org\/de\/konvention\/\"> Menschenrechtskonvention.<\/a><\/p>\n<p><strong><a href=\"https:\/\/www.humanium.org\/de\/recht-freiheit\/\">Religionsfreiheit<\/a><\/strong><\/p>\n<p>Die Regierung Usbekistans \u00fcberwacht genauestens einige religi\u00f6se Gemeinschaften und grenzt so ihre <a href=\"https:\/\/www.humanium.org\/de\/recht-freiheit\/\">Religionsfreiheit<\/a>\u00a0ein, obwohl die usbekische Verfassung die Religionsfreiheit erkl\u00e4rt. Daher kann die einfache Zugeh\u00f6rigkeit zu einer nicht offiziell anerkannten Religionsgemeinschaft schwere Folgen haben. Menschen werden verhaftet, weil sie diesen Gemeinschaften angeh\u00f6ren und die Regierung schreckt nicht davor zur\u00fcck, der Bev\u00f6lkerung diese Menschen als Extremisten zu pr\u00e4sentieren und somit deren Verurteilung zu rechtfertig<\/p>\n<p>Sehr oft sind Kinder Opfer dieser religi\u00f6sen Intoleranz. Egal ob Opfer von Rassismus oder entw\u00fcrdigender Behandlung, eines ist sicher \u2013 das Recht dieser Kind auf freie Glaubenswahl oder \u00c4u\u00dferung diesbez\u00fcglich ist weitgehend obsolet.<\/p>\n<p><strong><a href=\"https:\/\/www.humanium.org\/de\/das-recht-auf-schutz\/\">Recht auf Schutz<\/a><\/strong><\/p>\n<p>Jedes Kind hat ein Recht auf Schutz, sowohl im famili\u00e4ren Umfeld wie auch auf nationaler Ebene. Dieses Recht ist in Usbekistan eingeschr\u00e4nkt. Denn Kinder fallen in der Tat Attentaten zum Opfer, da leider viele Zivilisten betroffen sind.<\/p>\n<p>Die Antwort auf diese terroristischen Machenschaften erweist sich seitens der usbekischen Beh\u00f6rden ebenfalls als kontr\u00e4r zum <a href=\"https:\/\/www.humanium.org\/de\/das-recht-auf-schutz\/\">Schutz der Kinder<\/a>.\u00a0Denn im Rahmen von Antiterror-Ma\u00dfnahmen werden zahlreiche Personen unrechtm\u00e4\u00dfig festgenommen und ins Gef\u00e4ngnis gesteckt. Auch Jugendliche erleiden dieses Schicksal, weil sie \u201eunter dem Verdacht stehen\u201c, mit gegnerischen Organisationen zu sympathisieren oder einfach, weil sie im Ausland waren oder aber, weil sich ihre Eltern in einer der vorgenannten Situationen befinden. Ihre Haft ist illegal und ihre Situation ungerecht: es gibt keinen Prozess, keinerlei rechtliche Garantie und es wurden selbst F\u00e4lle von Folter und Bel\u00e4stigung festgestellt.<\/p>\n<p><strong><a href=\"https:\/\/www.humanium.org\/de\/kinderheirat\/\">Kinderehen<\/a><\/strong><\/p>\n<p>Der Anteil der Frauen, die vor dem 18. Lebensjahr verheiratet werden, wird auf 7 % gesch\u00e4tzt. Diese Ehen werden oft von den Familien arrangiert und die Sorge gilt eher den Finanzen der Familie des Ehemanns als dem Willen und dem Wohlergehen des jungen M\u00e4dchens.<\/p>\n<p>Die <a href=\"https:\/\/www.humanium.org\/de\/kinderheirat\/\">Kinderehen<\/a>\u00a0stellen eine Verletzung der Kinderrechte und insbesondere der Rechte von M\u00e4dchen dar, die keine M\u00f6glichkeit haben, ihre Kindheit zu genie\u00dfen und auch nicht die ausreichende Reife und das Urteilsverm\u00f6gen besitzen, eine solche Verpflichtung zu akzeptieren und zu verstehen.<\/p>\n","protected":false},"excerpt":{"rendered":"<p>Kinder in Usbekistan Kinderrechte in Uzbekistan verwirklichen Usbekistan ist das bev\u00f6lkerungsreichste Land Zentralasiens und misst seit seiner Unabh\u00e4ngigkeit den Kinderrechten gro\u00dfe Bedeutung zu. Daher hat sich die Situation der Kinder konstant verbessert, obwohl sie weit davon entfernt ist, g\u00e4nzlich zufriedenstellend zu sein. Es gilt immer noch, einige wesentliche Probleme wie Kinderarbeit zu l\u00f6sen. Hauptprobleme der [&hellip;]<\/p>\n","protected":false},"author":1,"featured_media":0,"parent":0,"menu_order":0,"comment_status":"closed","ping_status":"closed","template":"","meta":{"footnotes":""},"class_list":["post-7188","page","type-page","status-publish","hentry"],"yoast_head":"<!-- This site is optimized with the Yoast SEO plugin v26.5 - https:\/\/yoast.com\/wordpress\/plugins\/seo\/ -->\n<title>Kinder in Usbekistan - Humanium<\/title>\n<meta name=\"description\" content=\"Usbekistan ist das bev\u00f6lkerungsreichste Land Zentralasiens und misst seit seiner Unabh\u00e4ngigkeit den Kinderrechten gro\u00dfe Bedeutung zu.\" \/>\n<meta name=\"robots\" content=\"index, follow, max-snippet:-1, max-image-preview:large, max-video-preview:-1\" \/>\n<link rel=\"canonical\" href=\"https:\/\/www.humanium.org\/de\/usbekistan\/\" \/>\n<meta property=\"og:locale\" content=\"de_DE\" \/>\n<meta property=\"og:type\" content=\"article\" \/>\n<meta property=\"og:title\" content=\"Kinder in Usbekistan - Humanium\" \/>\n<meta property=\"og:description\" content=\"Usbekistan ist das bev\u00f6lkerungsreichste Land Zentralasiens und misst seit seiner Unabh\u00e4ngigkeit den Kinderrechten gro\u00dfe Bedeutung zu.\" \/>\n<meta property=\"og:url\" content=\"https:\/\/www.humanium.org\/de\/usbekistan\/\" \/>\n<meta property=\"og:site_name\" content=\"Humanium\" \/>\n<meta property=\"article:modified_time\" content=\"2025-12-06T06:28:25+00:00\" \/>\n<meta name=\"twitter:card\" content=\"summary_large_image\" \/>\n<meta name=\"twitter:label1\" content=\"Gesch\u00e4tzte Lesezeit\" \/>\n\t<meta name=\"twitter:data1\" content=\"6\u00a0Minuten\" \/>\n<script type=\"application\/ld+json\" class=\"yoast-schema-graph\">{\"@context\":\"https:\/\/schema.org\",\"@graph\":[{\"@type\":\"WebPage\",\"@id\":\"https:\/\/www.humanium.org\/de\/usbekistan\/\",\"url\":\"https:\/\/www.humanium.org\/de\/usbekistan\/\",\"name\":\"Kinder in Usbekistan - Humanium\",\"isPartOf\":{\"@id\":\"https:\/\/www.humanium.org\/de\/#website\"},\"datePublished\":\"2016-09-27T12:05:33+00:00\",\"dateModified\":\"2025-12-06T06:28:25+00:00\",\"description\":\"Usbekistan ist das bev\u00f6lkerungsreichste Land Zentralasiens und misst seit seiner Unabh\u00e4ngigkeit den Kinderrechten gro\u00dfe Bedeutung zu.\",\"breadcrumb\":{\"@id\":\"https:\/\/www.humanium.org\/de\/usbekistan\/#breadcrumb\"},\"inLanguage\":\"de\",\"potentialAction\":[{\"@type\":\"ReadAction\",\"target\":[\"https:\/\/www.humanium.org\/de\/usbekistan\/\"]}]},{\"@type\":\"BreadcrumbList\",\"@id\":\"https:\/\/www.humanium.org\/de\/usbekistan\/#breadcrumb\",\"itemListElement\":[{\"@type\":\"ListItem\",\"position\":1,\"name\":\"Home\",\"item\":\"https:\/\/www.humanium.org\/de\/\"},{\"@type\":\"ListItem\",\"position\":2,\"name\":\"Kinder in Usbekistan\"}]},{\"@type\":\"WebSite\",\"@id\":\"https:\/\/www.humanium.org\/de\/#website\",\"url\":\"https:\/\/www.humanium.org\/de\/\",\"name\":\"Humanium\",\"description\":\"Kinder zuerst!\",\"potentialAction\":[{\"@type\":\"SearchAction\",\"target\":{\"@type\":\"EntryPoint\",\"urlTemplate\":\"https:\/\/www.humanium.org\/de\/?s={search_term_string}\"},\"query-input\":{\"@type\":\"PropertyValueSpecification\",\"valueRequired\":true,\"valueName\":\"search_term_string\"}}],\"inLanguage\":\"de\"}]}<\/script>\n<!-- \/ Yoast SEO plugin. -->","yoast_head_json":{"title":"Kinder in Usbekistan - Humanium","description":"Usbekistan ist das bev\u00f6lkerungsreichste Land Zentralasiens und misst seit seiner Unabh\u00e4ngigkeit den Kinderrechten gro\u00dfe Bedeutung zu.","robots":{"index":"index","follow":"follow","max-snippet":"max-snippet:-1","max-image-preview":"max-image-preview:large","max-video-preview":"max-video-preview:-1"},"canonical":"https:\/\/www.humanium.org\/de\/usbekistan\/","og_locale":"de_DE","og_type":"article","og_title":"Kinder in Usbekistan - Humanium","og_description":"Usbekistan ist das bev\u00f6lkerungsreichste Land Zentralasiens und misst seit seiner Unabh\u00e4ngigkeit den Kinderrechten gro\u00dfe Bedeutung zu.","og_url":"https:\/\/www.humanium.org\/de\/usbekistan\/","og_site_name":"Humanium","article_modified_time":"2025-12-06T06:28:25+00:00","twitter_card":"summary_large_image","twitter_misc":{"Gesch\u00e4tzte Lesezeit":"6\u00a0Minuten"},"schema":{"@context":"https:\/\/schema.org","@graph":[{"@type":"WebPage","@id":"https:\/\/www.humanium.org\/de\/usbekistan\/","url":"https:\/\/www.humanium.org\/de\/usbekistan\/","name":"Kinder in Usbekistan - Humanium","isPartOf":{"@id":"https:\/\/www.humanium.org\/de\/#website"},"datePublished":"2016-09-27T12:05:33+00:00","dateModified":"2025-12-06T06:28:25+00:00","description":"Usbekistan ist das bev\u00f6lkerungsreichste Land Zentralasiens und misst seit seiner Unabh\u00e4ngigkeit den Kinderrechten gro\u00dfe Bedeutung zu.","breadcrumb":{"@id":"https:\/\/www.humanium.org\/de\/usbekistan\/#breadcrumb"},"inLanguage":"de","potentialAction":[{"@type":"ReadAction","target":["https:\/\/www.humanium.org\/de\/usbekistan\/"]}]},{"@type":"BreadcrumbList","@id":"https:\/\/www.humanium.org\/de\/usbekistan\/#breadcrumb","itemListElement":[{"@type":"ListItem","position":1,"name":"Home","item":"https:\/\/www.humanium.org\/de\/"},{"@type":"ListItem","position":2,"name":"Kinder in Usbekistan"}]},{"@type":"WebSite","@id":"https:\/\/www.humanium.org\/de\/#website","url":"https:\/\/www.humanium.org\/de\/","name":"Humanium","description":"Kinder zuerst!","potentialAction":[{"@type":"SearchAction","target":{"@type":"EntryPoint","urlTemplate":"https:\/\/www.humanium.org\/de\/?s={search_term_string}"},"query-input":{"@type":"PropertyValueSpecification","valueRequired":true,"valueName":"search_term_string"}}],"inLanguage":"de"}]}},"_links":{"self":[{"href":"https:\/\/www.humanium.org\/de\/wp-json\/wp\/v2\/pages\/7188","targetHints":{"allow":["GET"]}}],"collection":[{"href":"https:\/\/www.humanium.org\/de\/wp-json\/wp\/v2\/pages"}],"about":[{"href":"https:\/\/www.humanium.org\/de\/wp-json\/wp\/v2\/types\/page"}],"author":[{"embeddable":true,"href":"https:\/\/www.humanium.org\/de\/wp-json\/wp\/v2\/users\/1"}],"replies":[{"embeddable":true,"href":"https:\/\/www.humanium.org\/de\/wp-json\/wp\/v2\/comments?post=7188"}],"version-history":[{"count":6,"href":"https:\/\/www.humanium.org\/de\/wp-json\/wp\/v2\/pages\/7188\/revisions"}],"predecessor-version":[{"id":20905,"href":"https:\/\/www.humanium.org\/de\/wp-json\/wp\/v2\/pages\/7188\/revisions\/20905"}],"wp:attachment":[{"href":"https:\/\/www.humanium.org\/de\/wp-json\/wp\/v2\/media?parent=7188"}],"curies":[{"name":"wp","href":"https:\/\/api.w.org\/{rel}","templated":true}]}}