{"id":7200,"date":"2016-09-27T18:16:28","date_gmt":"2016-09-27T18:16:28","guid":{"rendered":"http:\/\/www.humanium.org\/de\/?page_id=7200"},"modified":"2025-12-05T16:57:58","modified_gmt":"2025-12-05T16:57:58","slug":"tadschikistan","status":"publish","type":"page","link":"https:\/\/www.humanium.org\/de\/tadschikistan\/","title":{"rendered":"Kinder in Tadschikistan"},"content":{"rendered":"<h1>Die Kinder von Tadschikistan<\/h1>\n<h2>Die Umsetzung der Kinderrechte in Tadschikistan<\/h2>\n<p style=\"text-align: center;\"><img loading=\"lazy\" decoding=\"async\" class=\"alignnone size-full wp-image-12694\" title=\"Girl of Tajikistan \u00a9 Chenevier (Flickr)\" src=\"https:\/\/www.humanium.org\/fr\/wp-content\/uploads\/2011\/08\/fillette-chenevier-flickr.jpg\" alt=\"\" width=\"150\" height=\"200\" \/> <img loading=\"lazy\" decoding=\"async\" class=\"alignnone size-full wp-image-12695\" title=\"Boy of Tajikistan \u00a9 Kvitlauk (Flickr)\" src=\"https:\/\/www.humanium.org\/fr\/wp-content\/uploads\/2011\/08\/garcon-kvitlauk-flickr.jpg\" alt=\"\" width=\"137\" height=\"200\" \/><\/p>\n<p>Tadschikistan hat einige schwere Jahre hinter sich: von B\u00fcrgerkrieg, sozio\u00f6konomischen Krisen \u00fcber Armut und Korruption. Auch die tadschikischen Kinder wurden von diesen Ereignissen nicht verschont. Dennoch kann eine \u2013 wenn auch langsame \u2013 positive Entwicklung festgestellt werden, was den Respekt von Kinderrechten angeht.<\/p>\n<h3><span style=\"color: #000000;\">Hauptprobleme tadschikischer Kinder:<\/span><\/h3>\n<p><strong><a href=\"https:\/\/www.humanium.org\/de\/armut\/\">Armut<\/a><\/strong><\/p>\n<p><img loading=\"lazy\" decoding=\"async\" class=\"size-full wp-image-12697 alignright\" title=\"Poverty affects many Tajikistani children and has negative repercussions for a large majority of their rights \u00a9 Groundreporter (Flickr)\" src=\"https:\/\/www.humanium.org\/fr\/wp-content\/uploads\/2011\/08\/pauvrete-groundreporter-flickr.jpg\" alt=\"\" width=\"217\" height=\"163\" \/>\u00dcber die H\u00e4lfte aller Einwohner in Tadschikistan lebt unterhalb der <a href=\"https:\/\/www.humanium.org\/de\/kinderarmut\/\">Armutsgrenze.<\/a> Die Armutsquote ist bei unter 18-J\u00e4hrigen mit 66 % nochmals h\u00f6her als bei Erwachsenen. Finanzielle Schwierigkeiten wirken sich auf viele ihrer Rechte aus. Der Zugang zu guter Bildung, Gesundheit und Unterkunft wird dadurch beeintr\u00e4chtigt.<\/p>\n<p><a href=\"https:\/\/www.humanium.org\/de\/diskriminierung\/\"><strong>Sexuelle Diskriminierung<\/strong><\/a><\/p>\n<p>Trotz einiger Fortschritte bei der Gesetzgebung werden Frauen und M\u00e4dchen immer noch allzu oft Opfer sexueller <a href=\"https:\/\/www.humanium.org\/de\/diskriminierung\/\">Diskriminierung<\/a>. Traditionelle religi\u00f6se Einstellungen verhindern, dass Frauen und M\u00e4dchen eine aktive Rolle in der Mitte der Gesellschaft spielen. Die Vorstellung herrscht vor, dass Schulbildung f\u00fcr sie reine Zeitverschwendung ist, und ihr Zugang zu verschiedenen \u00f6ffentlichen Einrichtungen ist begrenzt. F\u00fcr junge M\u00e4dchen ist es daher schwer, alle ihre Rechte auszuleben.<\/p>\n<p><strong><a href=\"https:\/\/www.humanium.org\/de\/recht-bildung\/\">Recht auf Bildung<\/a><\/strong><\/p>\n<p><img loading=\"lazy\" decoding=\"async\" class=\"alignright size-full wp-image-12698\" title=\"Numerous inequalities are visible in the domain of education and are especially detrimental to young girls \u00a9 Yodod (Flickr)\" src=\"https:\/\/www.humanium.org\/fr\/wp-content\/uploads\/2011\/08\/education-yodod-flickr-notouch.jpg\" alt=\"\" width=\"216\" height=\"142\" \/><\/p>\n<p>Die Bildungsrate in Tadschikistan macht etwas Hoffnung. Allerdings bleiben einige Problematiken besorgniserregend. <a href=\"https:\/\/www.humanium.org\/de\/diskriminierung\/\">Diskriminierung<\/a> gegen\u00fcber jungen M\u00e4dchen in Sachen Schule hat oft zur Folge, dass viele von ihnen von der Schule abgehen. Tats\u00e4chlich ist der <a href=\"https:\/\/www.humanium.org\/de\/recht-bildung\/\">Zugang zu Bildung<\/a> bereits aus finanziellen Gr\u00fcnden schwer genug f\u00fcr Jugendliche, die in l\u00e4ndlichen Gebieten leben.<\/p>\n<p>Dar\u00fcber hinaus ist der Unterricht qualitativ nicht hochwertig, und die kulturelle Vielfalt des Landes wird nicht ber\u00fccksichtigt. F\u00fcr Kinder von Minderheiten ist es schwierig, den Gegenstand des Unterrichts und den Wortschatz ihrer Lehrer zu verstehen.<\/p>\n<p><strong><a href=\"https:\/\/www.humanium.org\/de\/kinder-mit-behinderung\/\">Kinder mit Behinderung <\/a><\/strong><\/p>\n<p>Die Betreuung von <a href=\"https:\/\/www.humanium.org\/de\/kinder-mit-behinderung\/\">Kindern mit Behinderung <\/a> ist in Tadschikistan bei Weitem nicht zufriedenstellend. Solche Kinder sind in der Regel in speziellen Einrichtungen untergebracht, die weder gute Lebensbedingungen noch die Achtung ihrer Rechte garantieren. Die Geb\u00e4ude sind veraltet und die Versorgung ist extrem schlecht. Kinder mit Behinderung erhalten keine <a href=\"https:\/\/www.humanium.org\/de\/recht-bildung\/\">richtige Ausbildung<\/a>. Die hygienischen Verh\u00e4ltnisse, Nahrung und <a href=\"https:\/\/www.humanium.org\/de\/das-recht-auf-gesundheit\/\">Gesundheit<\/a> sind ebenfalls alles andere als ideal.<\/p>\n<p><strong><a href=\"https:\/\/www.humanium.org\/de\/misshandlung\/\">Missbrauch<\/a><\/strong><\/p>\n<p><img loading=\"lazy\" decoding=\"async\" class=\"size-full wp-image-12700 alignright\" title=\"Numerous children are the victims of family violence. The right to an identity is not fully guaranteed for all Tajikistani children \u00a9 Brian Harrington Spier (Flickr)\" src=\"https:\/\/www.humanium.org\/fr\/wp-content\/uploads\/2011\/08\/maltraitance-brian-harrington-spier-flickr1.jpg\" alt=\"\" width=\"227\" height=\"185\" \/> Tadschikistan hat eine Reihe von Programmen zur Bek\u00e4mpfung von <a href=\"https:\/\/www.humanium.org\/de\/misshandlung\/\">Kindesmissbrauch<\/a> eingef\u00fchrt \u2013 leider aber nicht im ganzen Land. In einigen abgelegenen Regionen werden noch zahlreiche Kinder missbraucht.<\/p>\n<p>H\u00e4ufig wird noch auf k\u00f6rperliche Z\u00fcchtigung zur\u00fcckgegriffen. Die Bev\u00f6lkerung versteht nicht, wie sch\u00e4dlich die Auswirkungen eines solchen Verhaltens auf diejenigen sein k\u00f6nnen, die ihr ausgesetzt sind. K\u00f6rperliche Z\u00fcchtigung wird oft als das einzig wirksame Mittel zur Bestrafung von Kindern angesehen \u2013 innerhalb der Familie und in der Schule.<\/p>\n<p>Es muss sich hier ein Bewusstsein in der Bev\u00f6lkerung f\u00fcr die physischen und seelischen Konsequenzen entwickeln, die solche Strafen bei Kindern haben k\u00f6nnen. Eine Gesetzgebung ist notwendig, die ausdr\u00fccklich und endg\u00fcltig solche Praktiken verbietet.<\/p>\n<p>Gewalt in der Familie wird selten gemeldet und noch seltener bestraft. Besonders besorgniserregend sind die Auswirkungen, die solche Gewalt auf junge M\u00e4dchen hat.<\/p>\n<p><strong><a href=\"https:\/\/www.humanium.org\/de\/kinderarbeit-2\/\">Kinderarbeit<\/a><\/strong><\/p>\n<p>Aufgrund der wirtschaftlichen Lage des Landes muss etwa eines von zehn <a href=\"https:\/\/www.humanium.org\/de\/kinderarbeit-2\/\">Kindern arbeiten<\/a> um seine Familie finanziell zu unterst\u00fctzen. Gesetze sind nicht angemessen formuliert, um dieses Problem zu l\u00f6sen, das sehr sch\u00e4dliche Folgen f\u00fcr die Kinder hat. Kinder arbeiten \u00fcberall \u2013 als Autow\u00e4scher, Klinkenputzer usw. \u2013 und in allen Bereichen \u2013 auf Bauernh\u00f6fen, in Restaurants, als Haushaltshilfe&#8230; die Liste ist lang.<\/p>\n<p>Sch\u00e4tzungen gehen davon aus, dass 200.000 Kindern im Alter von 5 bis 14 wirtschaftlich aktiv sind und dar\u00fcber hinaus fast 65.000 ohne Bezahlung arbeiten. Die Bedingungen, unter denen sie arbeiten, sind ersch\u00f6pfend, und die negativen Auswirkungen auf ihre <a href=\"https:\/\/www.humanium.org\/de\/das-recht-auf-gesundheit\/\">Gesundheit<\/a>,\u00a0<span style=\"font-weight: 400;\"><a href=\"https:\/\/www.humanium.org\/de\/recht-bildung\/\">Bildung<\/a> und ihr Wohlbefinden zahlreich.<\/span><\/p>\n<p>Die Notwendigkeit, Geld zu verdienen, treibt einige Kinder in die Kriminalit\u00e4t. Dadurch werden sie von Menschenh\u00e4ndlern ausgebeutet und bleiben oft im Drogen- oder Sex-Handel h\u00e4ngen. Solche Kinder werden Opfer von physischem und <a href=\"https:\/\/www.humanium.org\/de\/die-sexuelle-ausbeutung-von-kindern\/\">sexuellem Missbrauch<\/a>.<\/p>\n<p><strong><a href=\"https:\/\/www.humanium.org\/de\/recht-auf-identitat\/\">Recht auf eine Identit\u00e4t<\/a><\/strong><\/p>\n<p><img loading=\"lazy\" decoding=\"async\" class=\"alignright size-full wp-image-12701\" title=\"Right to identity is not fully ensured for all children in Tajikistan. \u00a9 IFDC Photography (Flickr)\" src=\"https:\/\/www.humanium.org\/fr\/wp-content\/uploads\/2011\/08\/identite-ifdc-photography-flickr.jpg\" alt=\"\" width=\"168\" height=\"200\" \/><\/p>\n<p>In Tadschikistan werden mehr als 10 % der Geburten nicht offiziell gemeldet. Aufgrund finanzieller und administrativer Barrieren werden Familien entmutigt, die Geburt ihrer Neugeborenen bei den zust\u00e4ndigen Beh\u00f6rden zu registrieren. Als Folge fehlt diesen Kindern sowohl eine <a href=\"https:\/\/www.humanium.org\/de\/recht-auf-identitat\/\">offizielle Identit\u00e4t<\/a> als auch eine Nationalit\u00e4t.<\/p>\n<p>Dies wiederum f\u00fchrt zu langfristigen Folgen f\u00fcr die Betroffenen. Da sie in den Augen der Gesellschaft offiziell nicht existieren, sind sie nicht in der Lage, ihre Rechte wahrzunehmen.<\/p>\n","protected":false},"excerpt":{"rendered":"<p>Die Kinder von Tadschikistan Die Umsetzung der Kinderrechte in Tadschikistan Tadschikistan hat einige schwere Jahre hinter sich: von B\u00fcrgerkrieg, sozio\u00f6konomischen Krisen \u00fcber Armut und Korruption. Auch die tadschikischen Kinder wurden von diesen Ereignissen nicht verschont. Dennoch kann eine \u2013 wenn auch langsame \u2013 positive Entwicklung festgestellt werden, was den Respekt von Kinderrechten angeht. Hauptprobleme tadschikischer [&hellip;]<\/p>\n","protected":false},"author":1,"featured_media":0,"parent":0,"menu_order":0,"comment_status":"closed","ping_status":"closed","template":"","meta":{"footnotes":""},"class_list":["post-7200","page","type-page","status-publish","hentry"],"yoast_head":"<!-- This site is optimized with the Yoast SEO plugin v26.5 - https:\/\/yoast.com\/wordpress\/plugins\/seo\/ -->\n<title>Kinder in Tadschikistan - Humanium<\/title>\n<meta name=\"description\" content=\"Tadschikistan hat einige schwere Jahre hinter sich. Dennoch kann eine positive Entwicklung festgestellt werden, was den Respekt von Kinderrechten angeht.\" \/>\n<meta name=\"robots\" content=\"index, follow, max-snippet:-1, max-image-preview:large, max-video-preview:-1\" \/>\n<link rel=\"canonical\" href=\"https:\/\/www.humanium.org\/de\/tadschikistan\/\" \/>\n<meta property=\"og:locale\" content=\"de_DE\" \/>\n<meta property=\"og:type\" content=\"article\" \/>\n<meta property=\"og:title\" content=\"Kinder in Tadschikistan - Humanium\" \/>\n<meta property=\"og:description\" content=\"Tadschikistan hat einige schwere Jahre hinter sich. Dennoch kann eine positive Entwicklung festgestellt werden, was den Respekt von Kinderrechten angeht.\" \/>\n<meta property=\"og:url\" content=\"https:\/\/www.humanium.org\/de\/tadschikistan\/\" \/>\n<meta property=\"og:site_name\" content=\"Humanium\" \/>\n<meta property=\"article:modified_time\" content=\"2025-12-05T16:57:58+00:00\" \/>\n<meta name=\"twitter:card\" content=\"summary_large_image\" \/>\n<meta name=\"twitter:label1\" content=\"Gesch\u00e4tzte Lesezeit\" \/>\n\t<meta name=\"twitter:data1\" content=\"6\u00a0Minuten\" \/>\n<script type=\"application\/ld+json\" class=\"yoast-schema-graph\">{\"@context\":\"https:\/\/schema.org\",\"@graph\":[{\"@type\":\"WebPage\",\"@id\":\"https:\/\/www.humanium.org\/de\/tadschikistan\/\",\"url\":\"https:\/\/www.humanium.org\/de\/tadschikistan\/\",\"name\":\"Kinder in Tadschikistan - Humanium\",\"isPartOf\":{\"@id\":\"https:\/\/www.humanium.org\/de\/#website\"},\"primaryImageOfPage\":{\"@id\":\"https:\/\/www.humanium.org\/de\/tadschikistan\/#primaryimage\"},\"image\":{\"@id\":\"https:\/\/www.humanium.org\/de\/tadschikistan\/#primaryimage\"},\"thumbnailUrl\":\"https:\/\/www.humanium.org\/fr\/wp-content\/uploads\/2011\/08\/fillette-chenevier-flickr.jpg\",\"datePublished\":\"2016-09-27T18:16:28+00:00\",\"dateModified\":\"2025-12-05T16:57:58+00:00\",\"description\":\"Tadschikistan hat einige schwere Jahre hinter sich. Dennoch kann eine positive Entwicklung festgestellt werden, was den Respekt von Kinderrechten angeht.\",\"breadcrumb\":{\"@id\":\"https:\/\/www.humanium.org\/de\/tadschikistan\/#breadcrumb\"},\"inLanguage\":\"de\",\"potentialAction\":[{\"@type\":\"ReadAction\",\"target\":[\"https:\/\/www.humanium.org\/de\/tadschikistan\/\"]}]},{\"@type\":\"ImageObject\",\"inLanguage\":\"de\",\"@id\":\"https:\/\/www.humanium.org\/de\/tadschikistan\/#primaryimage\",\"url\":\"https:\/\/www.humanium.org\/fr\/wp-content\/uploads\/2011\/08\/fillette-chenevier-flickr.jpg\",\"contentUrl\":\"https:\/\/www.humanium.org\/fr\/wp-content\/uploads\/2011\/08\/fillette-chenevier-flickr.jpg\"},{\"@type\":\"BreadcrumbList\",\"@id\":\"https:\/\/www.humanium.org\/de\/tadschikistan\/#breadcrumb\",\"itemListElement\":[{\"@type\":\"ListItem\",\"position\":1,\"name\":\"Home\",\"item\":\"https:\/\/www.humanium.org\/de\/\"},{\"@type\":\"ListItem\",\"position\":2,\"name\":\"Kinder in Tadschikistan\"}]},{\"@type\":\"WebSite\",\"@id\":\"https:\/\/www.humanium.org\/de\/#website\",\"url\":\"https:\/\/www.humanium.org\/de\/\",\"name\":\"Humanium\",\"description\":\"Kinder zuerst!\",\"potentialAction\":[{\"@type\":\"SearchAction\",\"target\":{\"@type\":\"EntryPoint\",\"urlTemplate\":\"https:\/\/www.humanium.org\/de\/?s={search_term_string}\"},\"query-input\":{\"@type\":\"PropertyValueSpecification\",\"valueRequired\":true,\"valueName\":\"search_term_string\"}}],\"inLanguage\":\"de\"}]}<\/script>\n<!-- \/ Yoast SEO plugin. -->","yoast_head_json":{"title":"Kinder in Tadschikistan - Humanium","description":"Tadschikistan hat einige schwere Jahre hinter sich. Dennoch kann eine positive Entwicklung festgestellt werden, was den Respekt von Kinderrechten angeht.","robots":{"index":"index","follow":"follow","max-snippet":"max-snippet:-1","max-image-preview":"max-image-preview:large","max-video-preview":"max-video-preview:-1"},"canonical":"https:\/\/www.humanium.org\/de\/tadschikistan\/","og_locale":"de_DE","og_type":"article","og_title":"Kinder in Tadschikistan - Humanium","og_description":"Tadschikistan hat einige schwere Jahre hinter sich. Dennoch kann eine positive Entwicklung festgestellt werden, was den Respekt von Kinderrechten angeht.","og_url":"https:\/\/www.humanium.org\/de\/tadschikistan\/","og_site_name":"Humanium","article_modified_time":"2025-12-05T16:57:58+00:00","twitter_card":"summary_large_image","twitter_misc":{"Gesch\u00e4tzte Lesezeit":"6\u00a0Minuten"},"schema":{"@context":"https:\/\/schema.org","@graph":[{"@type":"WebPage","@id":"https:\/\/www.humanium.org\/de\/tadschikistan\/","url":"https:\/\/www.humanium.org\/de\/tadschikistan\/","name":"Kinder in Tadschikistan - Humanium","isPartOf":{"@id":"https:\/\/www.humanium.org\/de\/#website"},"primaryImageOfPage":{"@id":"https:\/\/www.humanium.org\/de\/tadschikistan\/#primaryimage"},"image":{"@id":"https:\/\/www.humanium.org\/de\/tadschikistan\/#primaryimage"},"thumbnailUrl":"https:\/\/www.humanium.org\/fr\/wp-content\/uploads\/2011\/08\/fillette-chenevier-flickr.jpg","datePublished":"2016-09-27T18:16:28+00:00","dateModified":"2025-12-05T16:57:58+00:00","description":"Tadschikistan hat einige schwere Jahre hinter sich. Dennoch kann eine positive Entwicklung festgestellt werden, was den Respekt von Kinderrechten angeht.","breadcrumb":{"@id":"https:\/\/www.humanium.org\/de\/tadschikistan\/#breadcrumb"},"inLanguage":"de","potentialAction":[{"@type":"ReadAction","target":["https:\/\/www.humanium.org\/de\/tadschikistan\/"]}]},{"@type":"ImageObject","inLanguage":"de","@id":"https:\/\/www.humanium.org\/de\/tadschikistan\/#primaryimage","url":"https:\/\/www.humanium.org\/fr\/wp-content\/uploads\/2011\/08\/fillette-chenevier-flickr.jpg","contentUrl":"https:\/\/www.humanium.org\/fr\/wp-content\/uploads\/2011\/08\/fillette-chenevier-flickr.jpg"},{"@type":"BreadcrumbList","@id":"https:\/\/www.humanium.org\/de\/tadschikistan\/#breadcrumb","itemListElement":[{"@type":"ListItem","position":1,"name":"Home","item":"https:\/\/www.humanium.org\/de\/"},{"@type":"ListItem","position":2,"name":"Kinder in Tadschikistan"}]},{"@type":"WebSite","@id":"https:\/\/www.humanium.org\/de\/#website","url":"https:\/\/www.humanium.org\/de\/","name":"Humanium","description":"Kinder zuerst!","potentialAction":[{"@type":"SearchAction","target":{"@type":"EntryPoint","urlTemplate":"https:\/\/www.humanium.org\/de\/?s={search_term_string}"},"query-input":{"@type":"PropertyValueSpecification","valueRequired":true,"valueName":"search_term_string"}}],"inLanguage":"de"}]}},"_links":{"self":[{"href":"https:\/\/www.humanium.org\/de\/wp-json\/wp\/v2\/pages\/7200","targetHints":{"allow":["GET"]}}],"collection":[{"href":"https:\/\/www.humanium.org\/de\/wp-json\/wp\/v2\/pages"}],"about":[{"href":"https:\/\/www.humanium.org\/de\/wp-json\/wp\/v2\/types\/page"}],"author":[{"embeddable":true,"href":"https:\/\/www.humanium.org\/de\/wp-json\/wp\/v2\/users\/1"}],"replies":[{"embeddable":true,"href":"https:\/\/www.humanium.org\/de\/wp-json\/wp\/v2\/comments?post=7200"}],"version-history":[{"count":3,"href":"https:\/\/www.humanium.org\/de\/wp-json\/wp\/v2\/pages\/7200\/revisions"}],"predecessor-version":[{"id":20124,"href":"https:\/\/www.humanium.org\/de\/wp-json\/wp\/v2\/pages\/7200\/revisions\/20124"}],"wp:attachment":[{"href":"https:\/\/www.humanium.org\/de\/wp-json\/wp\/v2\/media?parent=7200"}],"curies":[{"name":"wp","href":"https:\/\/api.w.org\/{rel}","templated":true}]}}