{"id":7263,"date":"2016-10-19T12:01:45","date_gmt":"2016-10-19T12:01:45","guid":{"rendered":"http:\/\/www.humanium.org\/de\/?page_id=7263"},"modified":"2025-12-05T17:17:38","modified_gmt":"2025-12-05T17:17:38","slug":"jordanien","status":"publish","type":"page","link":"https:\/\/www.humanium.org\/de\/jordanien\/","title":{"rendered":"Die Kinder Jordaniens"},"content":{"rendered":"<h1>Die Kinder Jordaniens<\/h1>\n<h2>Die Kinderrechte in Jordanien umsetzen<\/h2>\n<p style=\"text-align: center;\"><img loading=\"lazy\" decoding=\"async\" class=\"alignnone size-full wp-image-3420\" title=\"Girl from Jordan \u00a9 Xavi Talleda (flickr)\" src=\"https:\/\/www.humanium.org\/en\/wp-content\/uploads\/2011\/09\/fillette-xavi-talleda-flickr.jpg\" alt=\"\" width=\"216\" height=\"200\" \/> <img loading=\"lazy\" decoding=\"async\" class=\"alignnone size-full wp-image-3421\" title=\"Boy from Jordan \u00a9 Kenski (flickr)\" src=\"https:\/\/www.humanium.org\/en\/wp-content\/uploads\/2011\/09\/garcon-kenski-no-retouch-flickr.jpg\" alt=\"\" width=\"294\" height=\"200\" \/><\/p>\n<p>Jordanien, eine konstitutionelle Monarchie regiert von K\u00f6nig Abdullah II Bin Hussein, hat in den letzten Jahren einiges getan, um die Lebensumst\u00e4nde seiner B\u00fcrger zu verbessern. Doch trotz der Ratifizierung der UN-Kinderrechtskonvention werden noch immer bestimmte Rechte, die Jordaniens Kinder betreffen, nicht durchgesetzt.<\/p>\n<h3>Die Hauptprobleme, mit denen Kinder in Jordanien konfrontiert werden:<\/h3>\n<p><strong><a href=\"https:\/\/www.humanium.org\/de\/kinderarmut\/\">Armut<br \/>\n<\/a><\/strong><\/p>\n<p><img loading=\"lazy\" decoding=\"async\" class=\"alignright size-full wp-image-3422\" title=\"A portion of the population still lives below the poverty line \u00a9 Centocammelli (flickr)\" src=\"https:\/\/www.humanium.org\/en\/wp-content\/uploads\/2011\/09\/pauvrete-centocammelli-flicr.jpg\" alt=\"\" width=\"260\" height=\"158\" \/>Jordanien ist nicht von unermesslicher Armut betroffen. Trotzdem leben noch immer 14 % der Bev\u00f6lkerung unter der Armutsgrenze.<\/p>\n<p>Kinder aus armen Familien sind am gef\u00e4hrdetsten. Sie werden aufgrund ihrer sozialen Stellung ge\u00e4chtet und einige ihrer Grundrechte werden verletzt, darunter das Recht auf Gesundheit, Bildung, etc.<\/p>\n<p><strong><a href=\"https:\/\/www.humanium.org\/de\/das-recht-auf-gesundheit\/\">Recht auf Gesundheit<\/a><\/strong><\/p>\n<p>Das jordanische Gesundheitssystem verbessert sich Jahr f\u00fcr Jahr. Aber noch immer m\u00fcssen einige seiner Bereiche Verbesserungen erfahren, insbesondere die, die Kinder betreffen.<br \/>\nTats\u00e4chlich kommen 13 % der Kinder untergewichtig zur Welt und 25 von 1.000 Kinder sterben vor ihrem f\u00fcnften Lebensjahr. Diese Statistik hat sich sicherlich verbessert, zeigt jedoch noch immer, dass das jordanische Gesundheitssystem es nicht all seinen jungen B\u00fcrgern erm\u00f6glicht, bei bester Gesundheit aufzuwachsen.<\/p>\n<p><strong><a href=\"https:\/\/www.humanium.org\/de\/recht-bildung\/\">Recht auf Bildung<\/a><\/strong><\/p>\n<p><img loading=\"lazy\" decoding=\"async\" class=\"alignright size-full wp-image-3423\" title=\"Some shortcomings remain in the Jordanian education system \u00a9 Efareport (flickr)\" src=\"https:\/\/www.humanium.org\/en\/wp-content\/uploads\/2011\/09\/education-efareport-flickr.jpg\" alt=\"\" width=\"232\" height=\"155\" \/>\u00d6ffentliche Schulen sind kostenlos und geben so allen Kindern einen Zugang zu Bildung. Dar\u00fcber hinaus ist der Schulbesuch von sechs bis sechzehn Jahren Pflicht. Lehrer werden jedoch sehr schlecht bezahlt und die R\u00e4umlichkeiten sind manchmal in einem ungen\u00fcgenden Zustand. Diese Umst\u00e4nde behindern die weitere Entwicklung des Bildungssystems Jordaniens.<br \/>\nUm diesem Abhilfe zu verschaffen, wurden viele Privatschulen gegr\u00fcndet, die andere Methoden nutzen: westliche, gemischtgeschlechtliche und nicht gemischtgeschlechtliche Unterrichtsm\u00f6glichkeiten. Diese Alternativen sind jedoch keine L\u00f6sung f\u00fcr das Problem an sich. Tats\u00e4chlich werden sie heftig kritisiert, da Kinder aus einfacheren Verh\u00e4ltnissen keine Chance haben, diese Schulen zu besuchen.<\/p>\n<p><strong><a href=\"https:\/\/www.humanium.org\/de\/kinderheirat\/\">Kinderehen <\/a><br \/>\n<\/strong><\/p>\n<p>In Jordanien d\u00fcrfen M\u00e4dchen und Jungen ab ihrem 18. Lebensjahr legal heiraten. Allerdings kann ein Kind bereits mit 15 Jahren mit der Zustimmung eines Richters und eines Vormundes in die Ehe gehen. Dies betrifft sehr oft M\u00e4dchen, die von ihren Eltern zur Heirat gezwungen werden.<br \/>\nGesch\u00e4tzte 10 % aller jugendlichen Jordanierinnen und Jordanier werden vor dem 18. Lebensjahr verheiratet. Viele davon unter Zwang.<br \/>\nDar\u00fcber hinaus sind in l\u00e4ndlichen Gegenden Zwangsehen zu Alternativen zu Ehrenmorden geworden. Das hei\u00dft auch, dass vergewaltigte M\u00e4dchen oft gezwungen werden, ihre Vergewaltiger zu heiraten, um die Familienehre und das Leben des verantwortlichen Mannes zu retten.<\/p>\n<p><strong><a href=\"https:\/\/www.humanium.org\/de\/gewalt\/\">Gewalt gegen\u00fcber Kindern<\/a><\/strong><\/p>\n<p><img loading=\"lazy\" decoding=\"async\" class=\"alignright size-full wp-image-3424\" title=\"Verbal abuse towards Jordanian children is very common \u00a9 Craigfinlay (flickr)\" src=\"https:\/\/www.humanium.org\/en\/wp-content\/uploads\/2011\/09\/violence-craigfinlay-flickr.jpg\" alt=\"\" width=\"271\" height=\"189\" \/>In Jordanien werden viele verschiedene Arten von Gewalt angewandt: physische, moralische oder <a href=\"https:\/\/www.humanium.org\/de\/die-sexuelle-ausbeutung-von-kindern\/\">sexuelle Gewalt<\/a>. Diese Misshandlungen finden sowohl zu Hause als auch in der Schule statt. Ver\u00e4ngstigt und besch\u00e4mt wagen sich viele Kinder nicht, dies anzusprechen, da sie gewaltt\u00e4tige Konsequenzen f\u00fcrchten. Die Zahlen sind alarmierend: Es wird gesch\u00e4tzt, dass 70 % aller Kinder Opfer von verbalen Aggressionen und 50 % von physischer Gewalt sind.<br \/>\nDas Rechtssystem ist nicht ann\u00e4hernd in der Lage, mit diesen Umst\u00e4nden umzugehen. Oft werden die T\u00e4ter nur sehr milde bestraft, sodass es f\u00fcr sie keinen Grund gibt, von solchen Praktiken abzulassen.<\/p>\n<p><strong><a href=\"https:\/\/www.humanium.org\/de\/recht-auf-identitat\/\">Das Recht auf Staatsb\u00fcrgerschaft<\/a><br \/>\n<\/strong><\/p>\n<p>In Jordanien kann sich die \u00dcbertragung der Staatsb\u00fcrgerschaft von Mutter zu Sohn sehr schwierig gestalten. Laut der Landesgesetze kann eine jordanische Frau, die mit einem Nicht-Jordanier verheiratet ist, ihre Staatsangeh\u00f6rigkeit nicht auf ihr Kind \u00fcbertragen.<br \/>\nDar\u00fcber hinaus hat sich die Regierung in einigen F\u00e4llen geweigert, Kinder zu registrieren, deren Mutter ledig ist oder wenn die Kinder einer interreligi\u00f6sen Ehe entstammen. Als Konsequenz sind viele Kinder staatenlos, welches ihre Rechte auf Freiz\u00fcgigkeit, auf Zugang zum \u00f6ffentlichen Schulwesen und zu anderen staatlichen Leistungen einschr\u00e4nkt.<\/p>\n<p><a href=\"https:\/\/www.humanium.org\/de\/kinder-im-justizsystem\/\"><strong>Verwahrung von Minderj\u00e4hrigen<\/strong><\/a><\/p>\n<p>Kinder, die in staatlichen Haftanstalten f\u00fcr Jugendliche untergebracht sind, k\u00f6nnen Ziel von verschiedenen Gewalttaten werden. Tats\u00e4chlich z\u00f6gern einige Aufseher nicht, die Kinder verbal oder sexuell zu missbrauchen.<\/p>\n","protected":false},"excerpt":{"rendered":"<p>Die Kinder Jordaniens Die Kinderrechte in Jordanien umsetzen Jordanien, eine konstitutionelle Monarchie regiert von K\u00f6nig Abdullah II Bin Hussein, hat in den letzten Jahren einiges getan, um die Lebensumst\u00e4nde seiner B\u00fcrger zu verbessern. Doch trotz der Ratifizierung der UN-Kinderrechtskonvention werden noch immer bestimmte Rechte, die Jordaniens Kinder betreffen, nicht durchgesetzt. Die Hauptprobleme, mit denen Kinder [&hellip;]<\/p>\n","protected":false},"author":1,"featured_media":0,"parent":0,"menu_order":0,"comment_status":"closed","ping_status":"closed","template":"","meta":{"footnotes":""},"class_list":["post-7263","page","type-page","status-publish","hentry"],"yoast_head":"<!-- This site is optimized with the Yoast SEO plugin v26.5 - https:\/\/yoast.com\/wordpress\/plugins\/seo\/ -->\n<title>Die Kinder Jordaniens - Humanium<\/title>\n<meta name=\"description\" content=\"Jordanien hat in den letzten Jahren einiges getan, um die Lebensumst\u00e4nde seiner B\u00fcrger zu verbessern. Doch werden bestimmte Rechte noch nicht durchgesetzt.\" \/>\n<meta name=\"robots\" content=\"index, follow, max-snippet:-1, max-image-preview:large, max-video-preview:-1\" \/>\n<link rel=\"canonical\" href=\"https:\/\/www.humanium.org\/de\/jordanien\/\" \/>\n<meta property=\"og:locale\" content=\"de_DE\" \/>\n<meta property=\"og:type\" content=\"article\" \/>\n<meta property=\"og:title\" content=\"Die Kinder Jordaniens - Humanium\" \/>\n<meta property=\"og:description\" content=\"Jordanien hat in den letzten Jahren einiges getan, um die Lebensumst\u00e4nde seiner B\u00fcrger zu verbessern. Doch werden bestimmte Rechte noch nicht durchgesetzt.\" \/>\n<meta property=\"og:url\" content=\"https:\/\/www.humanium.org\/de\/jordanien\/\" \/>\n<meta property=\"og:site_name\" content=\"Humanium\" \/>\n<meta property=\"article:modified_time\" content=\"2025-12-05T17:17:38+00:00\" \/>\n<meta name=\"twitter:card\" content=\"summary_large_image\" \/>\n<meta name=\"twitter:label1\" content=\"Gesch\u00e4tzte Lesezeit\" \/>\n\t<meta name=\"twitter:data1\" content=\"5\u00a0Minuten\" \/>\n<script type=\"application\/ld+json\" class=\"yoast-schema-graph\">{\"@context\":\"https:\/\/schema.org\",\"@graph\":[{\"@type\":\"WebPage\",\"@id\":\"https:\/\/www.humanium.org\/de\/jordanien\/\",\"url\":\"https:\/\/www.humanium.org\/de\/jordanien\/\",\"name\":\"Die Kinder Jordaniens - Humanium\",\"isPartOf\":{\"@id\":\"https:\/\/www.humanium.org\/de\/#website\"},\"primaryImageOfPage\":{\"@id\":\"https:\/\/www.humanium.org\/de\/jordanien\/#primaryimage\"},\"image\":{\"@id\":\"https:\/\/www.humanium.org\/de\/jordanien\/#primaryimage\"},\"thumbnailUrl\":\"https:\/\/www.humanium.org\/en\/wp-content\/uploads\/2011\/09\/fillette-xavi-talleda-flickr.jpg\",\"datePublished\":\"2016-10-19T12:01:45+00:00\",\"dateModified\":\"2025-12-05T17:17:38+00:00\",\"description\":\"Jordanien hat in den letzten Jahren einiges getan, um die Lebensumst\u00e4nde seiner B\u00fcrger zu verbessern. Doch werden bestimmte Rechte noch nicht durchgesetzt.\",\"breadcrumb\":{\"@id\":\"https:\/\/www.humanium.org\/de\/jordanien\/#breadcrumb\"},\"inLanguage\":\"de\",\"potentialAction\":[{\"@type\":\"ReadAction\",\"target\":[\"https:\/\/www.humanium.org\/de\/jordanien\/\"]}]},{\"@type\":\"ImageObject\",\"inLanguage\":\"de\",\"@id\":\"https:\/\/www.humanium.org\/de\/jordanien\/#primaryimage\",\"url\":\"https:\/\/www.humanium.org\/en\/wp-content\/uploads\/2011\/09\/fillette-xavi-talleda-flickr.jpg\",\"contentUrl\":\"https:\/\/www.humanium.org\/en\/wp-content\/uploads\/2011\/09\/fillette-xavi-talleda-flickr.jpg\"},{\"@type\":\"BreadcrumbList\",\"@id\":\"https:\/\/www.humanium.org\/de\/jordanien\/#breadcrumb\",\"itemListElement\":[{\"@type\":\"ListItem\",\"position\":1,\"name\":\"Home\",\"item\":\"https:\/\/www.humanium.org\/de\/\"},{\"@type\":\"ListItem\",\"position\":2,\"name\":\"Die Kinder Jordaniens\"}]},{\"@type\":\"WebSite\",\"@id\":\"https:\/\/www.humanium.org\/de\/#website\",\"url\":\"https:\/\/www.humanium.org\/de\/\",\"name\":\"Humanium\",\"description\":\"Kinder zuerst!\",\"potentialAction\":[{\"@type\":\"SearchAction\",\"target\":{\"@type\":\"EntryPoint\",\"urlTemplate\":\"https:\/\/www.humanium.org\/de\/?s={search_term_string}\"},\"query-input\":{\"@type\":\"PropertyValueSpecification\",\"valueRequired\":true,\"valueName\":\"search_term_string\"}}],\"inLanguage\":\"de\"}]}<\/script>\n<!-- \/ Yoast SEO plugin. -->","yoast_head_json":{"title":"Die Kinder Jordaniens - Humanium","description":"Jordanien hat in den letzten Jahren einiges getan, um die Lebensumst\u00e4nde seiner B\u00fcrger zu verbessern. Doch werden bestimmte Rechte noch nicht durchgesetzt.","robots":{"index":"index","follow":"follow","max-snippet":"max-snippet:-1","max-image-preview":"max-image-preview:large","max-video-preview":"max-video-preview:-1"},"canonical":"https:\/\/www.humanium.org\/de\/jordanien\/","og_locale":"de_DE","og_type":"article","og_title":"Die Kinder Jordaniens - Humanium","og_description":"Jordanien hat in den letzten Jahren einiges getan, um die Lebensumst\u00e4nde seiner B\u00fcrger zu verbessern. Doch werden bestimmte Rechte noch nicht durchgesetzt.","og_url":"https:\/\/www.humanium.org\/de\/jordanien\/","og_site_name":"Humanium","article_modified_time":"2025-12-05T17:17:38+00:00","twitter_card":"summary_large_image","twitter_misc":{"Gesch\u00e4tzte Lesezeit":"5\u00a0Minuten"},"schema":{"@context":"https:\/\/schema.org","@graph":[{"@type":"WebPage","@id":"https:\/\/www.humanium.org\/de\/jordanien\/","url":"https:\/\/www.humanium.org\/de\/jordanien\/","name":"Die Kinder Jordaniens - Humanium","isPartOf":{"@id":"https:\/\/www.humanium.org\/de\/#website"},"primaryImageOfPage":{"@id":"https:\/\/www.humanium.org\/de\/jordanien\/#primaryimage"},"image":{"@id":"https:\/\/www.humanium.org\/de\/jordanien\/#primaryimage"},"thumbnailUrl":"https:\/\/www.humanium.org\/en\/wp-content\/uploads\/2011\/09\/fillette-xavi-talleda-flickr.jpg","datePublished":"2016-10-19T12:01:45+00:00","dateModified":"2025-12-05T17:17:38+00:00","description":"Jordanien hat in den letzten Jahren einiges getan, um die Lebensumst\u00e4nde seiner B\u00fcrger zu verbessern. Doch werden bestimmte Rechte noch nicht durchgesetzt.","breadcrumb":{"@id":"https:\/\/www.humanium.org\/de\/jordanien\/#breadcrumb"},"inLanguage":"de","potentialAction":[{"@type":"ReadAction","target":["https:\/\/www.humanium.org\/de\/jordanien\/"]}]},{"@type":"ImageObject","inLanguage":"de","@id":"https:\/\/www.humanium.org\/de\/jordanien\/#primaryimage","url":"https:\/\/www.humanium.org\/en\/wp-content\/uploads\/2011\/09\/fillette-xavi-talleda-flickr.jpg","contentUrl":"https:\/\/www.humanium.org\/en\/wp-content\/uploads\/2011\/09\/fillette-xavi-talleda-flickr.jpg"},{"@type":"BreadcrumbList","@id":"https:\/\/www.humanium.org\/de\/jordanien\/#breadcrumb","itemListElement":[{"@type":"ListItem","position":1,"name":"Home","item":"https:\/\/www.humanium.org\/de\/"},{"@type":"ListItem","position":2,"name":"Die Kinder Jordaniens"}]},{"@type":"WebSite","@id":"https:\/\/www.humanium.org\/de\/#website","url":"https:\/\/www.humanium.org\/de\/","name":"Humanium","description":"Kinder zuerst!","potentialAction":[{"@type":"SearchAction","target":{"@type":"EntryPoint","urlTemplate":"https:\/\/www.humanium.org\/de\/?s={search_term_string}"},"query-input":{"@type":"PropertyValueSpecification","valueRequired":true,"valueName":"search_term_string"}}],"inLanguage":"de"}]}},"_links":{"self":[{"href":"https:\/\/www.humanium.org\/de\/wp-json\/wp\/v2\/pages\/7263","targetHints":{"allow":["GET"]}}],"collection":[{"href":"https:\/\/www.humanium.org\/de\/wp-json\/wp\/v2\/pages"}],"about":[{"href":"https:\/\/www.humanium.org\/de\/wp-json\/wp\/v2\/types\/page"}],"author":[{"embeddable":true,"href":"https:\/\/www.humanium.org\/de\/wp-json\/wp\/v2\/users\/1"}],"replies":[{"embeddable":true,"href":"https:\/\/www.humanium.org\/de\/wp-json\/wp\/v2\/comments?post=7263"}],"version-history":[{"count":3,"href":"https:\/\/www.humanium.org\/de\/wp-json\/wp\/v2\/pages\/7263\/revisions"}],"predecessor-version":[{"id":20204,"href":"https:\/\/www.humanium.org\/de\/wp-json\/wp\/v2\/pages\/7263\/revisions\/20204"}],"wp:attachment":[{"href":"https:\/\/www.humanium.org\/de\/wp-json\/wp\/v2\/media?parent=7263"}],"curies":[{"name":"wp","href":"https:\/\/api.w.org\/{rel}","templated":true}]}}