{"id":7285,"date":"2016-10-31T11:38:12","date_gmt":"2016-10-31T11:38:12","guid":{"rendered":"http:\/\/www.humanium.org\/de\/?page_id=7285"},"modified":"2025-12-05T17:17:48","modified_gmt":"2025-12-05T17:17:48","slug":"jemen","status":"publish","type":"page","link":"https:\/\/www.humanium.org\/de\/jemen\/","title":{"rendered":"Kinder im Jemen"},"content":{"rendered":"<h1>Jemens Kinder<\/h1>\n<h2>St\u00e4rkung von Kinderrechten im Jemen<\/h2>\n<p style=\"text-align: center;\"><img loading=\"lazy\" decoding=\"async\" class=\"alignnone size-full wp-image-4850\" title=\"Girl of Yemen \u00a9 Soqotra (flickr)\" src=\"https:\/\/www.humanium.org\/en\/wp-content\/uploads\/2011\/10\/yemen-fillette-soqotra-flickr.jpg\" alt=\"\" width=\"150\" height=\"200\" \/> <img loading=\"lazy\" decoding=\"async\" class=\"alignnone size-full wp-image-4851\" title=\"Boy of Yemen \u00a9 W (flickr)\" src=\"https:\/\/www.humanium.org\/en\/wp-content\/uploads\/2011\/10\/garcon-yemen-w-flickr.jpg\" alt=\"\" width=\"212\" height=\"200\" \/><\/p>\n<p>Die Lebensumst\u00e4nde f\u00fcr Kinder im Jemen sind verheerend; zwischen Gewalt, Armut, gesundheitlichen Problemen und Todesgefahren spielt sich ihr t\u00e4gliches Leben ab.<\/p>\n<h3>Wesentliche Probleme, denen Kinder im Jemen begegnen:<\/h3>\n<p><strong><a href=\"https:\/\/www.humanium.org\/de\/kinderarmut\/\">Armut<\/a><\/strong><\/p>\n<p><img loading=\"lazy\" decoding=\"async\" class=\"alignright size-medium wp-image-4854\" title=\"Yemen is the poorest country in the Middle East \u00a9 Giovanni Boccardi (unesco)\" src=\"https:\/\/www.humanium.org\/en\/wp-content\/uploads\/2011\/10\/pauvrete-yemen-giovanni-boccardi-unesco-300x200.jpg\" alt=\"\" width=\"188\" height=\"125\" \/>Im Jemen, dem \u00e4rmsten Land des Mittleren Ostens, lebt fast jeder zweite Einwohner unterhalb der Armutsgrenze. Die Lebensbedingungen der Einwohner k\u00f6nnen sich abh\u00e4ngig von der Region, in der sie leben, unterscheiden. Die l\u00e4ndlichen Gegenden sind beispielsweise immer benachteiligt gegen\u00fcber dem st\u00e4dtischen Gebieten.<br \/>\nIn jedem Fall sind die Kinder das verletzlichste Gesicht der Armut. Ihre Gesundheit, ihr Wohlergehen und sogar ihr \u00dcberleben sind ernsthaft betroffen.<\/p>\n<p><strong><a href=\"https:\/\/www.humanium.org\/de\/das-recht-auf-gesundheit\/\">Gesundheit<\/a><\/strong><\/p>\n<p>Die <a href=\"https:\/\/www.humanium.org\/de\/kindersterblichkeit\/\">Kindersterblichkeit<\/a>\u00a0im Jemen ist sehr hoch und es \u00fcberrascht nicht, dass viele Neugeborene bei der Geburt ein unzureichendes Gewicht aufweisen (30 %). Geburten sind im Jemen sehr problematisch, weil sie h\u00e4ufig au\u00dferhalb von medizinischen Zentren stattfinden. Dies ist sehr riskant f\u00fcr das Kind und die Mutter.<br \/>\n<a href=\"https:\/\/www.humanium.org\/de\/kinderkrankheiten\/\">Mangelern\u00e4hrung<\/a> ist auch eins der Hauptprobleme im Jemen, wo sie in Rekordzahlen zu sehen ist. Die nachteiligen Konsequenzen der Mangelern\u00e4hrung f\u00fcr die Gesundheit junger Jemeniten sind zahlreich. Zum Beispiel leiden ein Drittel der Kinder zwischen 2 und 5 Jahren an schweren Entwicklungsst\u00f6rungen.<br \/>\nDie Gesundheit der Kinder wird ebenfalls durch den unzureichenden Zugang zu Wasser beeintr\u00e4chtigt. Der Mangel an Hygiene und Wasser unterst\u00fctzt sowohl die Verbreitung von Epidemien als auch die Verschlimmerung von Krankheiten, die fr\u00fcher harmlos waren.<\/p>\n<p><strong><a href=\"https:\/\/www.humanium.org\/de\/recht-bildung\/\">Recht auf Bildung<br \/>\n<\/a><\/strong><\/p>\n<p><img loading=\"lazy\" decoding=\"async\" class=\"alignright size-full wp-image-4855\" title=\"Access to education is difficult in Yemen, especially for girls \u00a9 Linda Shen (unesco)\" src=\"https:\/\/www.humanium.org\/en\/wp-content\/uploads\/2011\/10\/yemen-education-linda-shen-unesco.jpg\" alt=\"\" width=\"185\" height=\"163\" \/>Mehr als ein Viertel der Kinder im Jemen haben keinen Zugang zu Bildung. Dieser Mangel an Bildungsm\u00f6glichkeiten trifft M\u00e4dchen h\u00e4ufiger als Jungen.<br \/>\nDar\u00fcber hinaus sind die Bildungsst\u00e4tten sehr gesundheitsgef\u00e4hrdend, die Strukturen sind extrem mangelhaft und in schlechtem Zustand. Darunter leidet die Gesundheit und Hygiene der Kinder in diesen Schulen.<\/p>\n","protected":false},"excerpt":{"rendered":"<p>Jemens Kinder St\u00e4rkung von Kinderrechten im Jemen Die Lebensumst\u00e4nde f\u00fcr Kinder im Jemen sind verheerend; zwischen Gewalt, Armut, gesundheitlichen Problemen und Todesgefahren spielt sich ihr t\u00e4gliches Leben ab. Wesentliche Probleme, denen Kinder im Jemen begegnen: Armut Im Jemen, dem \u00e4rmsten Land des Mittleren Ostens, lebt fast jeder zweite Einwohner unterhalb der Armutsgrenze. Die Lebensbedingungen der [&hellip;]<\/p>\n","protected":false},"author":1,"featured_media":0,"parent":0,"menu_order":0,"comment_status":"closed","ping_status":"closed","template":"","meta":{"footnotes":""},"class_list":["post-7285","page","type-page","status-publish","hentry"],"yoast_head":"<!-- This site is optimized with the Yoast SEO plugin v26.5 - https:\/\/yoast.com\/wordpress\/plugins\/seo\/ -->\n<title>Kinder im Jemen - Humanium<\/title>\n<meta name=\"description\" content=\"Die Lebensumst\u00e4nde f\u00fcr Kinder im Jemen sind verheerend; zwischen Gewalt, Armut, gesundheitlichen Problemen und Todesgefahren spielt sich ihr Leben ab.\" \/>\n<meta name=\"robots\" content=\"index, follow, max-snippet:-1, max-image-preview:large, max-video-preview:-1\" \/>\n<link rel=\"canonical\" href=\"https:\/\/www.humanium.org\/de\/jemen\/\" \/>\n<meta property=\"og:locale\" content=\"de_DE\" \/>\n<meta property=\"og:type\" content=\"article\" \/>\n<meta property=\"og:title\" content=\"Kinder im Jemen - Humanium\" \/>\n<meta property=\"og:description\" content=\"Die Lebensumst\u00e4nde f\u00fcr Kinder im Jemen sind verheerend; zwischen Gewalt, Armut, gesundheitlichen Problemen und Todesgefahren spielt sich ihr Leben ab.\" \/>\n<meta property=\"og:url\" content=\"https:\/\/www.humanium.org\/de\/jemen\/\" \/>\n<meta property=\"og:site_name\" content=\"Humanium\" \/>\n<meta property=\"article:modified_time\" content=\"2025-12-05T17:17:48+00:00\" \/>\n<meta name=\"twitter:card\" content=\"summary_large_image\" \/>\n<meta name=\"twitter:label1\" content=\"Gesch\u00e4tzte Lesezeit\" \/>\n\t<meta name=\"twitter:data1\" content=\"4\u00a0Minuten\" \/>\n<script type=\"application\/ld+json\" class=\"yoast-schema-graph\">{\"@context\":\"https:\/\/schema.org\",\"@graph\":[{\"@type\":\"WebPage\",\"@id\":\"https:\/\/www.humanium.org\/de\/jemen\/\",\"url\":\"https:\/\/www.humanium.org\/de\/jemen\/\",\"name\":\"Kinder im Jemen - Humanium\",\"isPartOf\":{\"@id\":\"https:\/\/www.humanium.org\/de\/#website\"},\"primaryImageOfPage\":{\"@id\":\"https:\/\/www.humanium.org\/de\/jemen\/#primaryimage\"},\"image\":{\"@id\":\"https:\/\/www.humanium.org\/de\/jemen\/#primaryimage\"},\"thumbnailUrl\":\"https:\/\/www.humanium.org\/en\/wp-content\/uploads\/2011\/10\/yemen-fillette-soqotra-flickr.jpg\",\"datePublished\":\"2016-10-31T11:38:12+00:00\",\"dateModified\":\"2025-12-05T17:17:48+00:00\",\"description\":\"Die Lebensumst\u00e4nde f\u00fcr Kinder im Jemen sind verheerend; zwischen Gewalt, Armut, gesundheitlichen Problemen und Todesgefahren spielt sich ihr Leben ab.\",\"breadcrumb\":{\"@id\":\"https:\/\/www.humanium.org\/de\/jemen\/#breadcrumb\"},\"inLanguage\":\"de\",\"potentialAction\":[{\"@type\":\"ReadAction\",\"target\":[\"https:\/\/www.humanium.org\/de\/jemen\/\"]}]},{\"@type\":\"ImageObject\",\"inLanguage\":\"de\",\"@id\":\"https:\/\/www.humanium.org\/de\/jemen\/#primaryimage\",\"url\":\"https:\/\/www.humanium.org\/en\/wp-content\/uploads\/2011\/10\/yemen-fillette-soqotra-flickr.jpg\",\"contentUrl\":\"https:\/\/www.humanium.org\/en\/wp-content\/uploads\/2011\/10\/yemen-fillette-soqotra-flickr.jpg\"},{\"@type\":\"BreadcrumbList\",\"@id\":\"https:\/\/www.humanium.org\/de\/jemen\/#breadcrumb\",\"itemListElement\":[{\"@type\":\"ListItem\",\"position\":1,\"name\":\"Home\",\"item\":\"https:\/\/www.humanium.org\/de\/\"},{\"@type\":\"ListItem\",\"position\":2,\"name\":\"Kinder im Jemen\"}]},{\"@type\":\"WebSite\",\"@id\":\"https:\/\/www.humanium.org\/de\/#website\",\"url\":\"https:\/\/www.humanium.org\/de\/\",\"name\":\"Humanium\",\"description\":\"Kinder zuerst!\",\"potentialAction\":[{\"@type\":\"SearchAction\",\"target\":{\"@type\":\"EntryPoint\",\"urlTemplate\":\"https:\/\/www.humanium.org\/de\/?s={search_term_string}\"},\"query-input\":{\"@type\":\"PropertyValueSpecification\",\"valueRequired\":true,\"valueName\":\"search_term_string\"}}],\"inLanguage\":\"de\"}]}<\/script>\n<!-- \/ Yoast SEO plugin. -->","yoast_head_json":{"title":"Kinder im Jemen - Humanium","description":"Die Lebensumst\u00e4nde f\u00fcr Kinder im Jemen sind verheerend; zwischen Gewalt, Armut, gesundheitlichen Problemen und Todesgefahren spielt sich ihr Leben ab.","robots":{"index":"index","follow":"follow","max-snippet":"max-snippet:-1","max-image-preview":"max-image-preview:large","max-video-preview":"max-video-preview:-1"},"canonical":"https:\/\/www.humanium.org\/de\/jemen\/","og_locale":"de_DE","og_type":"article","og_title":"Kinder im Jemen - Humanium","og_description":"Die Lebensumst\u00e4nde f\u00fcr Kinder im Jemen sind verheerend; zwischen Gewalt, Armut, gesundheitlichen Problemen und Todesgefahren spielt sich ihr Leben ab.","og_url":"https:\/\/www.humanium.org\/de\/jemen\/","og_site_name":"Humanium","article_modified_time":"2025-12-05T17:17:48+00:00","twitter_card":"summary_large_image","twitter_misc":{"Gesch\u00e4tzte Lesezeit":"4\u00a0Minuten"},"schema":{"@context":"https:\/\/schema.org","@graph":[{"@type":"WebPage","@id":"https:\/\/www.humanium.org\/de\/jemen\/","url":"https:\/\/www.humanium.org\/de\/jemen\/","name":"Kinder im Jemen - Humanium","isPartOf":{"@id":"https:\/\/www.humanium.org\/de\/#website"},"primaryImageOfPage":{"@id":"https:\/\/www.humanium.org\/de\/jemen\/#primaryimage"},"image":{"@id":"https:\/\/www.humanium.org\/de\/jemen\/#primaryimage"},"thumbnailUrl":"https:\/\/www.humanium.org\/en\/wp-content\/uploads\/2011\/10\/yemen-fillette-soqotra-flickr.jpg","datePublished":"2016-10-31T11:38:12+00:00","dateModified":"2025-12-05T17:17:48+00:00","description":"Die Lebensumst\u00e4nde f\u00fcr Kinder im Jemen sind verheerend; zwischen Gewalt, Armut, gesundheitlichen Problemen und Todesgefahren spielt sich ihr Leben ab.","breadcrumb":{"@id":"https:\/\/www.humanium.org\/de\/jemen\/#breadcrumb"},"inLanguage":"de","potentialAction":[{"@type":"ReadAction","target":["https:\/\/www.humanium.org\/de\/jemen\/"]}]},{"@type":"ImageObject","inLanguage":"de","@id":"https:\/\/www.humanium.org\/de\/jemen\/#primaryimage","url":"https:\/\/www.humanium.org\/en\/wp-content\/uploads\/2011\/10\/yemen-fillette-soqotra-flickr.jpg","contentUrl":"https:\/\/www.humanium.org\/en\/wp-content\/uploads\/2011\/10\/yemen-fillette-soqotra-flickr.jpg"},{"@type":"BreadcrumbList","@id":"https:\/\/www.humanium.org\/de\/jemen\/#breadcrumb","itemListElement":[{"@type":"ListItem","position":1,"name":"Home","item":"https:\/\/www.humanium.org\/de\/"},{"@type":"ListItem","position":2,"name":"Kinder im Jemen"}]},{"@type":"WebSite","@id":"https:\/\/www.humanium.org\/de\/#website","url":"https:\/\/www.humanium.org\/de\/","name":"Humanium","description":"Kinder zuerst!","potentialAction":[{"@type":"SearchAction","target":{"@type":"EntryPoint","urlTemplate":"https:\/\/www.humanium.org\/de\/?s={search_term_string}"},"query-input":{"@type":"PropertyValueSpecification","valueRequired":true,"valueName":"search_term_string"}}],"inLanguage":"de"}]}},"_links":{"self":[{"href":"https:\/\/www.humanium.org\/de\/wp-json\/wp\/v2\/pages\/7285","targetHints":{"allow":["GET"]}}],"collection":[{"href":"https:\/\/www.humanium.org\/de\/wp-json\/wp\/v2\/pages"}],"about":[{"href":"https:\/\/www.humanium.org\/de\/wp-json\/wp\/v2\/types\/page"}],"author":[{"embeddable":true,"href":"https:\/\/www.humanium.org\/de\/wp-json\/wp\/v2\/users\/1"}],"replies":[{"embeddable":true,"href":"https:\/\/www.humanium.org\/de\/wp-json\/wp\/v2\/comments?post=7285"}],"version-history":[{"count":5,"href":"https:\/\/www.humanium.org\/de\/wp-json\/wp\/v2\/pages\/7285\/revisions"}],"predecessor-version":[{"id":20205,"href":"https:\/\/www.humanium.org\/de\/wp-json\/wp\/v2\/pages\/7285\/revisions\/20205"}],"wp:attachment":[{"href":"https:\/\/www.humanium.org\/de\/wp-json\/wp\/v2\/media?parent=7285"}],"curies":[{"name":"wp","href":"https:\/\/api.w.org\/{rel}","templated":true}]}}